{"id":870,"date":"2013-04-25T16:31:03","date_gmt":"2013-04-25T14:31:03","guid":{"rendered":"http:\/\/fonsvinum.langhe.net\/negozio\/uncategorized\/krug-champagne-brut-rose-2\/"},"modified":"2019-10-23T16:20:40","modified_gmt":"2019-10-23T14:20:40","slug":"krug-champagne-brut-rose","status":"publish","type":"product","link":"https:\/\/fonsvinum.com\/en\/product\/krug-champagne-brut-rose\/","title":{"rendered":"KRUG Champagne Brut Rose"},"content":{"rendered":"<p>Krug Ros\u00e9 is the only prestige cuvee ros\u00e9 to be blended from a rich palette of wines from three different grape varieties, and from such a wide range of vintages.<\/p>\n<p>These are blended with a wonderfully expressive skin-fermented Pinot Noir wine to deliver its unparalleled and characteristic colour and spice. A resting time of at least five years in Krug\u2019s cellars gives Krug Ros\u00e9 its subtle bubbles and long-lasting elegance.<\/p>\n<p>Krug Ros\u00e9 is everywhere we don\u2019t expect it to be, in terms of texture, colour and taste. A completely reinvented Ros\u00e9 Universe. Krug Ros\u00e9 is a remarkable Champagne which encapsulates the same creative spirit of Krug Grande Cuv\u00e9e, again surpassing the very notion of vintage.<\/p>\n<p>It is an extremely delicate but daring Champagne, persistent and on the nose, with many aromatic families and a beautiful freshness with concentrated aromas of flowers.<\/p>\n<p>Krug Ros\u00e9 should be enjoyed alone or with foie gras, lamb, game, white meat, venison or anchovies, as well as very savoury and spicy dishes.<\/p>\n","protected":false},"excerpt":{"rendered":"<p>Krug Ros\u00e9 is the only prestige cuvee ros\u00e9 to be blended from a rich palette of wines from three different grape varieties, and from such a wide range of vintages. These are blended with a wonderfully expressive skin-fermented Pinot Noir wine to deliver its unparalleled and characteristic colour and spice. A resting time of at [&hellip;]<\/p>\n","protected":false},"featured_media":1461,"comment_status":"open","ping_status":"closed","template":"","meta":{"_acf_changed":false,"_monsterinsights_skip_tracking":false,"_monsterinsights_sitenote_active":false,"_monsterinsights_sitenote_note":"","_monsterinsights_sitenote_category":0},"product_brand":[],"product_cat":[2024,1199],"product_tag":[1832,140],"class_list":{"0":"post-870","1":"product","2":"type-product","3":"status-publish","4":"has-post-thumbnail","6":"product_cat-champagne-en","7":"product_cat-rose-champagne-en","8":"product_tag-champagne-en","9":"product_tag-rare-wines","10":"pa_appellation-champagne-en","11":"pa_formato-0-75-l-bottle","12":"pa_producer-krug-en","13":"pa_region-champagne-en","14":"pa_vine-chardonnay-pinot-noir-pinot-meunier-en","15":"pa_vintage-s-a-en","17":"first","18":"instock","19":"taxable","20":"shipping-taxable","21":"purchasable","22":"product-type-simple"},"bundled_by":[],"bundle_stock_status":"instock","bundle_stock_quantity":1,"bundle_virtual":false,"bundle_layout":"","bundle_add_to_cart_form_location":"","bundle_editable_in_cart":false,"bundle_sold_individually_context":"","bundle_item_grouping":"","bundle_min_size":"","bundle_max_size":"","bundle_price":[],"bundled_items":[],"bundle_sell_ids":[],"yoast_head":"<!-- This site is optimized with the Yoast SEO plugin v27.3 - https:\/\/yoast.com\/product\/yoast-seo-wordpress\/ -->\n<title>Buy KRUG Champagne Brut Rose wine online at 535 \u20ac | FonsVinum<\/title>\n<meta name=\"description\" content=\"KRUG Champagne Brut Rose\" \/>\n<meta name=\"robots\" content=\"index, follow, max-snippet:-1, max-image-preview:large, max-video-preview:-1\" \/>\n<link rel=\"canonical\" href=\"https:\/\/fonsvinum.com\/en\/product\/krug-champagne-brut-rose\/\" \/>\n<meta property=\"og:locale\" content=\"en_US\" \/>\n<meta property=\"og:type\" content=\"article\" \/>\n<meta property=\"og:title\" content=\"Buy KRUG Champagne Brut Rose wine online at 535 \u20ac | FonsVinum\" \/>\n<meta property=\"og:description\" content=\"KRUG Champagne Brut Rose\" \/>\n<meta property=\"og:url\" content=\"https:\/\/fonsvinum.com\/en\/product\/krug-champagne-brut-rose\/\" \/>\n<meta property=\"og:site_name\" content=\"Fons Vinum\" \/>\n<meta property=\"article:modified_time\" content=\"2019-10-23T14:20:40+00:00\" \/>\n<meta property=\"og:image\" content=\"https:\/\/fonsvinum.com\/files\/2013\/04\/champagne-krug-rose.png\" \/>\n\t<meta property=\"og:image:width\" content=\"301\" \/>\n\t<meta property=\"og:image:height\" content=\"756\" \/>\n\t<meta property=\"og:image:type\" content=\"image\/png\" \/>\n<meta name=\"twitter:label1\" content=\"Est. reading time\" \/>\n\t<meta name=\"twitter:data1\" content=\"1 minute\" \/>\n<script type=\"application\/ld+json\" class=\"yoast-schema-graph\">{\"@context\":\"https:\\\/\\\/schema.org\",\"@graph\":[{\"@type\":\"WebPage\",\"@id\":\"https:\\\/\\\/fonsvinum.com\\\/en\\\/product\\\/krug-champagne-brut-rose\\\/\",\"url\":\"https:\\\/\\\/fonsvinum.com\\\/en\\\/product\\\/krug-champagne-brut-rose\\\/\",\"name\":\"Buy KRUG Champagne Brut Rose wine online at 535 \u20ac | FonsVinum\",\"isPartOf\":{\"@id\":\"https:\\\/\\\/fonsvinum.com\\\/en\\\/#website\"},\"primaryImageOfPage\":{\"@id\":\"https:\\\/\\\/fonsvinum.com\\\/en\\\/product\\\/krug-champagne-brut-rose\\\/#primaryimage\"},\"image\":{\"@id\":\"https:\\\/\\\/fonsvinum.com\\\/en\\\/product\\\/krug-champagne-brut-rose\\\/#primaryimage\"},\"thumbnailUrl\":\"https:\\\/\\\/fonsvinum.com\\\/files\\\/2013\\\/04\\\/champagne-krug-rose.png\",\"datePublished\":\"2013-04-25T14:31:03+00:00\",\"dateModified\":\"2019-10-23T14:20:40+00:00\",\"description\":\"KRUG Champagne Brut Rose\",\"breadcrumb\":{\"@id\":\"https:\\\/\\\/fonsvinum.com\\\/en\\\/product\\\/krug-champagne-brut-rose\\\/#breadcrumb\"},\"inLanguage\":\"en-US\",\"potentialAction\":[{\"@type\":\"ReadAction\",\"target\":[\"https:\\\/\\\/fonsvinum.com\\\/en\\\/product\\\/krug-champagne-brut-rose\\\/\"]}]},{\"@type\":\"ImageObject\",\"inLanguage\":\"en-US\",\"@id\":\"https:\\\/\\\/fonsvinum.com\\\/en\\\/product\\\/krug-champagne-brut-rose\\\/#primaryimage\",\"url\":\"https:\\\/\\\/fonsvinum.com\\\/files\\\/2013\\\/04\\\/champagne-krug-rose.png\",\"contentUrl\":\"https:\\\/\\\/fonsvinum.com\\\/files\\\/2013\\\/04\\\/champagne-krug-rose.png\",\"width\":301,\"height\":756},{\"@type\":\"BreadcrumbList\",\"@id\":\"https:\\\/\\\/fonsvinum.com\\\/en\\\/product\\\/krug-champagne-brut-rose\\\/#breadcrumb\",\"itemListElement\":[{\"@type\":\"ListItem\",\"position\":1,\"name\":\"Startseite\",\"item\":\"https:\\\/\\\/fonsvinum.com\\\/en\\\/\"},{\"@type\":\"ListItem\",\"position\":2,\"name\":\"Shop\",\"item\":\"https:\\\/\\\/fonsvinum.com\\\/en\\\/shop\\\/\"},{\"@type\":\"ListItem\",\"position\":3,\"name\":\"KRUG Champagne Brut Rose\"}]},{\"@type\":\"WebSite\",\"@id\":\"https:\\\/\\\/fonsvinum.com\\\/en\\\/#website\",\"url\":\"https:\\\/\\\/fonsvinum.com\\\/en\\\/\",\"name\":\"Fons Vinum\",\"description\":\"Vendita Vino Online\",\"publisher\":{\"@id\":\"https:\\\/\\\/fonsvinum.com\\\/en\\\/#organization\"},\"potentialAction\":[{\"@type\":\"SearchAction\",\"target\":{\"@type\":\"EntryPoint\",\"urlTemplate\":\"https:\\\/\\\/fonsvinum.com\\\/en\\\/?s={search_term_string}\"},\"query-input\":{\"@type\":\"PropertyValueSpecification\",\"valueRequired\":true,\"valueName\":\"search_term_string\"}}],\"inLanguage\":\"en-US\"},{\"@type\":\"Organization\",\"@id\":\"https:\\\/\\\/fonsvinum.com\\\/en\\\/#organization\",\"name\":\"Fons Vinum\",\"url\":\"https:\\\/\\\/fonsvinum.com\\\/en\\\/\",\"logo\":{\"@type\":\"ImageObject\",\"inLanguage\":\"en-US\",\"@id\":\"https:\\\/\\\/fonsvinum.com\\\/en\\\/#\\\/schema\\\/logo\\\/image\\\/\",\"url\":\"\",\"contentUrl\":\"\",\"caption\":\"Fons Vinum\"},\"image\":{\"@id\":\"https:\\\/\\\/fonsvinum.com\\\/en\\\/#\\\/schema\\\/logo\\\/image\\\/\"}}]}<\/script>\n<!-- \/ Yoast SEO plugin. -->","yoast_head_json":{"title":"Buy KRUG Champagne Brut Rose wine online at 535 \u20ac | FonsVinum","description":"KRUG Champagne Brut Rose","robots":{"index":"index","follow":"follow","max-snippet":"max-snippet:-1","max-image-preview":"max-image-preview:large","max-video-preview":"max-video-preview:-1"},"canonical":"https:\/\/fonsvinum.com\/en\/product\/krug-champagne-brut-rose\/","og_locale":"en_US","og_type":"article","og_title":"Buy KRUG Champagne Brut Rose wine online at 535 \u20ac | FonsVinum","og_description":"KRUG Champagne Brut Rose","og_url":"https:\/\/fonsvinum.com\/en\/product\/krug-champagne-brut-rose\/","og_site_name":"Fons Vinum","article_modified_time":"2019-10-23T14:20:40+00:00","og_image":[{"width":301,"height":756,"url":"https:\/\/fonsvinum.com\/files\/2013\/04\/champagne-krug-rose.png","type":"image\/png"}],"twitter_misc":{"Est. reading time":"1 minute"},"schema":{"@context":"https:\/\/schema.org","@graph":[{"@type":"WebPage","@id":"https:\/\/fonsvinum.com\/en\/product\/krug-champagne-brut-rose\/","url":"https:\/\/fonsvinum.com\/en\/product\/krug-champagne-brut-rose\/","name":"Buy KRUG Champagne Brut Rose wine online at 535 \u20ac | FonsVinum","isPartOf":{"@id":"https:\/\/fonsvinum.com\/en\/#website"},"primaryImageOfPage":{"@id":"https:\/\/fonsvinum.com\/en\/product\/krug-champagne-brut-rose\/#primaryimage"},"image":{"@id":"https:\/\/fonsvinum.com\/en\/product\/krug-champagne-brut-rose\/#primaryimage"},"thumbnailUrl":"https:\/\/fonsvinum.com\/files\/2013\/04\/champagne-krug-rose.png","datePublished":"2013-04-25T14:31:03+00:00","dateModified":"2019-10-23T14:20:40+00:00","description":"KRUG Champagne Brut Rose","breadcrumb":{"@id":"https:\/\/fonsvinum.com\/en\/product\/krug-champagne-brut-rose\/#breadcrumb"},"inLanguage":"en-US","potentialAction":[{"@type":"ReadAction","target":["https:\/\/fonsvinum.com\/en\/product\/krug-champagne-brut-rose\/"]}]},{"@type":"ImageObject","inLanguage":"en-US","@id":"https:\/\/fonsvinum.com\/en\/product\/krug-champagne-brut-rose\/#primaryimage","url":"https:\/\/fonsvinum.com\/files\/2013\/04\/champagne-krug-rose.png","contentUrl":"https:\/\/fonsvinum.com\/files\/2013\/04\/champagne-krug-rose.png","width":301,"height":756},{"@type":"BreadcrumbList","@id":"https:\/\/fonsvinum.com\/en\/product\/krug-champagne-brut-rose\/#breadcrumb","itemListElement":[{"@type":"ListItem","position":1,"name":"Startseite","item":"https:\/\/fonsvinum.com\/en\/"},{"@type":"ListItem","position":2,"name":"Shop","item":"https:\/\/fonsvinum.com\/en\/shop\/"},{"@type":"ListItem","position":3,"name":"KRUG Champagne Brut Rose"}]},{"@type":"WebSite","@id":"https:\/\/fonsvinum.com\/en\/#website","url":"https:\/\/fonsvinum.com\/en\/","name":"Fons Vinum","description":"Vendita Vino Online","publisher":{"@id":"https:\/\/fonsvinum.com\/en\/#organization"},"potentialAction":[{"@type":"SearchAction","target":{"@type":"EntryPoint","urlTemplate":"https:\/\/fonsvinum.com\/en\/?s={search_term_string}"},"query-input":{"@type":"PropertyValueSpecification","valueRequired":true,"valueName":"search_term_string"}}],"inLanguage":"en-US"},{"@type":"Organization","@id":"https:\/\/fonsvinum.com\/en\/#organization","name":"Fons Vinum","url":"https:\/\/fonsvinum.com\/en\/","logo":{"@type":"ImageObject","inLanguage":"en-US","@id":"https:\/\/fonsvinum.com\/en\/#\/schema\/logo\/image\/","url":"","contentUrl":"","caption":"Fons Vinum"},"image":{"@id":"https:\/\/fonsvinum.com\/en\/#\/schema\/logo\/image\/"}}]}},"acf":[],"_links":{"self":[{"href":"https:\/\/fonsvinum.com\/en\/wp-json\/wp\/v2\/product\/870","targetHints":{"allow":["GET"]}}],"collection":[{"href":"https:\/\/fonsvinum.com\/en\/wp-json\/wp\/v2\/product"}],"about":[{"href":"https:\/\/fonsvinum.com\/en\/wp-json\/wp\/v2\/types\/product"}],"replies":[{"embeddable":true,"href":"https:\/\/fonsvinum.com\/en\/wp-json\/wp\/v2\/comments?post=870"}],"wp:featuredmedia":[{"embeddable":true,"href":"https:\/\/fonsvinum.com\/en\/wp-json\/wp\/v2\/media\/1461"}],"wp:attachment":[{"href":"https:\/\/fonsvinum.com\/en\/wp-json\/wp\/v2\/media?parent=870"}],"wp:term":[{"taxonomy":"product_brand","embeddable":true,"href":"https:\/\/fonsvinum.com\/en\/wp-json\/wp\/v2\/product_brand?post=870"},{"taxonomy":"product_cat","embeddable":true,"href":"https:\/\/fonsvinum.com\/en\/wp-json\/wp\/v2\/product_cat?post=870"},{"taxonomy":"product_tag","embeddable":true,"href":"https:\/\/fonsvinum.com\/en\/wp-json\/wp\/v2\/product_tag?post=870"}],"curies":[{"name":"wp","href":"https:\/\/api.w.org\/{rel}","templated":true}]}}