{"id":8419,"date":"2016-05-27T16:13:41","date_gmt":"2016-05-27T14:13:41","guid":{"rendered":"http:\/\/fonsvinum.com\/en\/product\/solaia-1999-marchesi-antinori-2\/"},"modified":"2020-09-01T16:43:10","modified_gmt":"2020-09-01T14:43:10","slug":"solaia-1999-marchesi-antinori-2","status":"publish","type":"product","link":"https:\/\/fonsvinum.com\/en\/product\/solaia-1999-marchesi-antinori-2\/","title":{"rendered":"MARCHESI ANTINORI Solaia 1999"},"content":{"rendered":"<h1>Solaia 1999 MARCHESI ANTINORI<\/h1>\n<p>Solaia 1999 MARCHESI ANTINORI<\/p>\n<h2>La famiglia &#8211;\u00a0<a title=\"Antinori\" href=\"https:\/\/fonsvinum.com\/produttore\/marchesi-antinori-vendita-vino-2\/\" target=\"_blank\" rel=\"noopener noreferrer\">MARCHESI ANTINORI<\/a><\/h2>\n<p>La Famiglia Antinori \u00e8 attiva nella produzione vinicola dal 1385.<\/p>\n<p>In quell&#8217;anno, infatti, Giovanni Di Piero Antinori entr\u00f2 a far parte dell&#8217;Arte Fiorentina dei Vinattieri.<\/p>\n<p>D&#8217;allora, la gestione si \u00e8 tramandata attraverso 26 generazioni.<\/p>\n<p>Ci\u00f2 \u00e8 il risultato di scelte innovative e coraggiose.<\/p>\n<p>Nonostante ci\u00f2, si \u00e8 sempre portato rispetto per tradizione e territorio.<\/p>\n<p>Oggi la societ\u00e0 \u00e8 diretta da Albiera Antinori, con le due sorelle Allegra e Alessia, coinvolte nelle attivit\u00e0 aziendali.<\/p>\n<p>Il Marchese Piero Antinori \u00e8 attualmente il Presidente Onorario della societ\u00e0.<\/p>\n<p><em> Tradizione, passione<\/em> ed <em>intuizione<\/em>\u00a0hanno fatto s\u00ec che i Marchesi Antinori si affermassero come uno dei principali produttori italiani di vini.<\/p>\n<p>Ogni annata, ogni terreno, ogni idea che si voglia mettere in atto \u00e8 un nuovo inizio.<br \/>\nAlle tenute di Toscana e Umbria, patrimonio storico della famiglia, si sono aggiunti con il tempo investimenti in altre aree vocate per la produzione di vini di qualit\u00e0 sia in Italia che all&#8217;estero.<\/p>\n<h2>Il vino Solaia 1999 MARCHESI ANTINORI<\/h2>\n<p><span class=\"text_grey\"><strong>Tipo vino<\/strong>:\u00a0<\/span>Rosso.<\/p>\n<p><span class=\"text_grey\"><strong>Aromi<\/strong>:\u00a0<\/span>Aromatico, Note Fruttate, Note Floreali, Speziato.<\/p>\n<p><strong>Abbinamenti<\/strong>: Carni Rosse, A Tutto Pasto, Selvaggina, Formaggi Stagionati.<\/p>\n<p><strong>Vitigni<\/strong>: Cabernet Sauvignon 75%, Sangiovese 20%, Cabernet Franc 5%.<\/p>\n<p><strong>Gradazione<\/strong> <strong>Alc<\/strong>.: 14,5%.<\/p>\n<p><strong>Temperatura<\/strong>: 16-18\u00b0C.<\/p>\n<p><strong>Colore<\/strong>: Rosso Rubino.<\/p>\n<p><strong>Corpo<\/strong>: Robusto.<\/p>\n<h3>Riconoscimenti:<\/h3>\n<dl class=\"no-bullet wine_brief_description_list\">Vinous Antonio Galloni 96\/100<\/dl>\n<p>Wine Spectator 94\/100<\/p>\n","protected":false},"excerpt":{"rendered":"<p>Solaia 1999 MARCHESI ANTINORI Solaia 1999 MARCHESI ANTINORI La famiglia &#8211;\u00a0MARCHESI ANTINORI La Famiglia Antinori \u00e8 attiva nella produzione vinicola dal 1385. In quell&#8217;anno, infatti, Giovanni Di Piero Antinori entr\u00f2 a far parte dell&#8217;Arte Fiorentina dei Vinattieri. D&#8217;allora, la gestione si \u00e8 tramandata attraverso 26 generazioni. Ci\u00f2 \u00e8 il risultato di scelte innovative e coraggiose. [&hellip;]<\/p>\n","protected":false},"featured_media":4063,"comment_status":"open","ping_status":"closed","template":"","meta":{"_acf_changed":false,"_monsterinsights_skip_tracking":false,"_monsterinsights_sitenote_active":false,"_monsterinsights_sitenote_note":"","_monsterinsights_sitenote_category":0},"product_brand":[],"product_cat":[220],"product_tag":[1421,140,1744],"class_list":{"0":"post-8419","1":"product","2":"type-product","3":"status-publish","4":"has-post-thumbnail","6":"product_cat-blend-en","7":"product_tag-grandi-formati-en","8":"product_tag-rare-wines","9":"product_tag-super-tuscan-en","10":"pa_appellation-toscana-rosso-igt-en","11":"pa_formato-0-75-l-bottle","12":"pa_producer-marchesi-antinori-en","13":"pa_region-tuscany-en","14":"pa_vine-75-cabernet-sauvignon-5-cabernet-franc-20-sangiovese-en","15":"pa_vintage-1999-en","17":"first","18":"instock","19":"sale","20":"featured","21":"taxable","22":"shipping-taxable","23":"purchasable","24":"product-type-simple"},"bundled_by":[],"bundle_stock_status":"instock","bundle_stock_quantity":1,"bundle_virtual":false,"bundle_layout":"","bundle_add_to_cart_form_location":"","bundle_editable_in_cart":false,"bundle_sold_individually_context":"","bundle_item_grouping":"","bundle_min_size":"","bundle_max_size":"","bundle_price":[],"bundled_items":[],"bundle_sell_ids":[],"yoast_head":"<!-- This site is optimized with the Yoast SEO plugin v27.3 - https:\/\/yoast.com\/product\/yoast-seo-wordpress\/ -->\n<title>Acquista on line Solaia 1999 MARCHESI ANTINORI | FonsVinum<\/title>\n<meta name=\"description\" content=\"Acquista on line su FonsVinum Solaia 1999 MARCHESI ANTINORI: vino dal corpo robusto composto da Cabernet Sauvignon 75%, Sangiovese 20%, Cabernet Franc 5%.\" \/>\n<meta name=\"robots\" content=\"index, follow, max-snippet:-1, max-image-preview:large, max-video-preview:-1\" \/>\n<link rel=\"canonical\" href=\"https:\/\/fonsvinum.com\/en\/product\/solaia-1999-marchesi-antinori-2\/\" \/>\n<meta property=\"og:locale\" content=\"en_US\" \/>\n<meta property=\"og:type\" content=\"article\" \/>\n<meta property=\"og:title\" content=\"Acquista on line Solaia 1999 MARCHESI ANTINORI | FonsVinum\" \/>\n<meta property=\"og:description\" content=\"Acquista on line su FonsVinum Solaia 1999 MARCHESI ANTINORI: vino dal corpo robusto composto da Cabernet Sauvignon 75%, Sangiovese 20%, Cabernet Franc 5%.\" \/>\n<meta property=\"og:url\" content=\"https:\/\/fonsvinum.com\/en\/product\/solaia-1999-marchesi-antinori-2\/\" \/>\n<meta property=\"og:site_name\" content=\"Fons Vinum\" \/>\n<meta property=\"article:modified_time\" content=\"2020-09-01T14:43:10+00:00\" \/>\n<meta property=\"og:image\" content=\"https:\/\/fonsvinum.com\/files\/2015\/06\/solaia-marchesi-antinori.png\" \/>\n\t<meta property=\"og:image:width\" content=\"203\" \/>\n\t<meta property=\"og:image:height\" content=\"628\" \/>\n\t<meta property=\"og:image:type\" content=\"image\/png\" \/>\n<meta name=\"twitter:label1\" content=\"Est. reading time\" \/>\n\t<meta name=\"twitter:data1\" content=\"1 minute\" \/>\n<script type=\"application\/ld+json\" class=\"yoast-schema-graph\">{\"@context\":\"https:\\\/\\\/schema.org\",\"@graph\":[{\"@type\":\"WebPage\",\"@id\":\"https:\\\/\\\/fonsvinum.com\\\/en\\\/product\\\/solaia-1999-marchesi-antinori-2\\\/\",\"url\":\"https:\\\/\\\/fonsvinum.com\\\/en\\\/product\\\/solaia-1999-marchesi-antinori-2\\\/\",\"name\":\"Acquista on line Solaia 1999 MARCHESI ANTINORI | FonsVinum\",\"isPartOf\":{\"@id\":\"https:\\\/\\\/fonsvinum.com\\\/en\\\/#website\"},\"primaryImageOfPage\":{\"@id\":\"https:\\\/\\\/fonsvinum.com\\\/en\\\/product\\\/solaia-1999-marchesi-antinori-2\\\/#primaryimage\"},\"image\":{\"@id\":\"https:\\\/\\\/fonsvinum.com\\\/en\\\/product\\\/solaia-1999-marchesi-antinori-2\\\/#primaryimage\"},\"thumbnailUrl\":\"https:\\\/\\\/fonsvinum.com\\\/files\\\/2015\\\/06\\\/solaia-marchesi-antinori.png\",\"datePublished\":\"2016-05-27T14:13:41+00:00\",\"dateModified\":\"2020-09-01T14:43:10+00:00\",\"description\":\"Acquista on line su FonsVinum Solaia 1999 MARCHESI ANTINORI: vino dal corpo robusto composto da Cabernet Sauvignon 75%, Sangiovese 20%, Cabernet Franc 5%.\",\"breadcrumb\":{\"@id\":\"https:\\\/\\\/fonsvinum.com\\\/en\\\/product\\\/solaia-1999-marchesi-antinori-2\\\/#breadcrumb\"},\"inLanguage\":\"en-US\",\"potentialAction\":[{\"@type\":\"ReadAction\",\"target\":[\"https:\\\/\\\/fonsvinum.com\\\/en\\\/product\\\/solaia-1999-marchesi-antinori-2\\\/\"]}]},{\"@type\":\"ImageObject\",\"inLanguage\":\"en-US\",\"@id\":\"https:\\\/\\\/fonsvinum.com\\\/en\\\/product\\\/solaia-1999-marchesi-antinori-2\\\/#primaryimage\",\"url\":\"https:\\\/\\\/fonsvinum.com\\\/files\\\/2015\\\/06\\\/solaia-marchesi-antinori.png\",\"contentUrl\":\"https:\\\/\\\/fonsvinum.com\\\/files\\\/2015\\\/06\\\/solaia-marchesi-antinori.png\",\"width\":203,\"height\":628},{\"@type\":\"BreadcrumbList\",\"@id\":\"https:\\\/\\\/fonsvinum.com\\\/en\\\/product\\\/solaia-1999-marchesi-antinori-2\\\/#breadcrumb\",\"itemListElement\":[{\"@type\":\"ListItem\",\"position\":1,\"name\":\"Startseite\",\"item\":\"https:\\\/\\\/fonsvinum.com\\\/en\\\/\"},{\"@type\":\"ListItem\",\"position\":2,\"name\":\"Shop\",\"item\":\"https:\\\/\\\/fonsvinum.com\\\/en\\\/shop\\\/\"},{\"@type\":\"ListItem\",\"position\":3,\"name\":\"MARCHESI ANTINORI Solaia 1999\"}]},{\"@type\":\"WebSite\",\"@id\":\"https:\\\/\\\/fonsvinum.com\\\/en\\\/#website\",\"url\":\"https:\\\/\\\/fonsvinum.com\\\/en\\\/\",\"name\":\"Fons Vinum\",\"description\":\"Vendita Vino Online\",\"publisher\":{\"@id\":\"https:\\\/\\\/fonsvinum.com\\\/en\\\/#organization\"},\"potentialAction\":[{\"@type\":\"SearchAction\",\"target\":{\"@type\":\"EntryPoint\",\"urlTemplate\":\"https:\\\/\\\/fonsvinum.com\\\/en\\\/?s={search_term_string}\"},\"query-input\":{\"@type\":\"PropertyValueSpecification\",\"valueRequired\":true,\"valueName\":\"search_term_string\"}}],\"inLanguage\":\"en-US\"},{\"@type\":\"Organization\",\"@id\":\"https:\\\/\\\/fonsvinum.com\\\/en\\\/#organization\",\"name\":\"Fons Vinum\",\"url\":\"https:\\\/\\\/fonsvinum.com\\\/en\\\/\",\"logo\":{\"@type\":\"ImageObject\",\"inLanguage\":\"en-US\",\"@id\":\"https:\\\/\\\/fonsvinum.com\\\/en\\\/#\\\/schema\\\/logo\\\/image\\\/\",\"url\":\"\",\"contentUrl\":\"\",\"caption\":\"Fons Vinum\"},\"image\":{\"@id\":\"https:\\\/\\\/fonsvinum.com\\\/en\\\/#\\\/schema\\\/logo\\\/image\\\/\"}}]}<\/script>\n<!-- \/ Yoast SEO plugin. -->","yoast_head_json":{"title":"Acquista on line Solaia 1999 MARCHESI ANTINORI | FonsVinum","description":"Acquista on line su FonsVinum Solaia 1999 MARCHESI ANTINORI: vino dal corpo robusto composto da Cabernet Sauvignon 75%, Sangiovese 20%, Cabernet Franc 5%.","robots":{"index":"index","follow":"follow","max-snippet":"max-snippet:-1","max-image-preview":"max-image-preview:large","max-video-preview":"max-video-preview:-1"},"canonical":"https:\/\/fonsvinum.com\/en\/product\/solaia-1999-marchesi-antinori-2\/","og_locale":"en_US","og_type":"article","og_title":"Acquista on line Solaia 1999 MARCHESI ANTINORI | FonsVinum","og_description":"Acquista on line su FonsVinum Solaia 1999 MARCHESI ANTINORI: vino dal corpo robusto composto da Cabernet Sauvignon 75%, Sangiovese 20%, Cabernet Franc 5%.","og_url":"https:\/\/fonsvinum.com\/en\/product\/solaia-1999-marchesi-antinori-2\/","og_site_name":"Fons Vinum","article_modified_time":"2020-09-01T14:43:10+00:00","og_image":[{"width":203,"height":628,"url":"https:\/\/fonsvinum.com\/files\/2015\/06\/solaia-marchesi-antinori.png","type":"image\/png"}],"twitter_misc":{"Est. reading time":"1 minute"},"schema":{"@context":"https:\/\/schema.org","@graph":[{"@type":"WebPage","@id":"https:\/\/fonsvinum.com\/en\/product\/solaia-1999-marchesi-antinori-2\/","url":"https:\/\/fonsvinum.com\/en\/product\/solaia-1999-marchesi-antinori-2\/","name":"Acquista on line Solaia 1999 MARCHESI ANTINORI | FonsVinum","isPartOf":{"@id":"https:\/\/fonsvinum.com\/en\/#website"},"primaryImageOfPage":{"@id":"https:\/\/fonsvinum.com\/en\/product\/solaia-1999-marchesi-antinori-2\/#primaryimage"},"image":{"@id":"https:\/\/fonsvinum.com\/en\/product\/solaia-1999-marchesi-antinori-2\/#primaryimage"},"thumbnailUrl":"https:\/\/fonsvinum.com\/files\/2015\/06\/solaia-marchesi-antinori.png","datePublished":"2016-05-27T14:13:41+00:00","dateModified":"2020-09-01T14:43:10+00:00","description":"Acquista on line su FonsVinum Solaia 1999 MARCHESI ANTINORI: vino dal corpo robusto composto da Cabernet Sauvignon 75%, Sangiovese 20%, Cabernet Franc 5%.","breadcrumb":{"@id":"https:\/\/fonsvinum.com\/en\/product\/solaia-1999-marchesi-antinori-2\/#breadcrumb"},"inLanguage":"en-US","potentialAction":[{"@type":"ReadAction","target":["https:\/\/fonsvinum.com\/en\/product\/solaia-1999-marchesi-antinori-2\/"]}]},{"@type":"ImageObject","inLanguage":"en-US","@id":"https:\/\/fonsvinum.com\/en\/product\/solaia-1999-marchesi-antinori-2\/#primaryimage","url":"https:\/\/fonsvinum.com\/files\/2015\/06\/solaia-marchesi-antinori.png","contentUrl":"https:\/\/fonsvinum.com\/files\/2015\/06\/solaia-marchesi-antinori.png","width":203,"height":628},{"@type":"BreadcrumbList","@id":"https:\/\/fonsvinum.com\/en\/product\/solaia-1999-marchesi-antinori-2\/#breadcrumb","itemListElement":[{"@type":"ListItem","position":1,"name":"Startseite","item":"https:\/\/fonsvinum.com\/en\/"},{"@type":"ListItem","position":2,"name":"Shop","item":"https:\/\/fonsvinum.com\/en\/shop\/"},{"@type":"ListItem","position":3,"name":"MARCHESI ANTINORI Solaia 1999"}]},{"@type":"WebSite","@id":"https:\/\/fonsvinum.com\/en\/#website","url":"https:\/\/fonsvinum.com\/en\/","name":"Fons Vinum","description":"Vendita Vino Online","publisher":{"@id":"https:\/\/fonsvinum.com\/en\/#organization"},"potentialAction":[{"@type":"SearchAction","target":{"@type":"EntryPoint","urlTemplate":"https:\/\/fonsvinum.com\/en\/?s={search_term_string}"},"query-input":{"@type":"PropertyValueSpecification","valueRequired":true,"valueName":"search_term_string"}}],"inLanguage":"en-US"},{"@type":"Organization","@id":"https:\/\/fonsvinum.com\/en\/#organization","name":"Fons Vinum","url":"https:\/\/fonsvinum.com\/en\/","logo":{"@type":"ImageObject","inLanguage":"en-US","@id":"https:\/\/fonsvinum.com\/en\/#\/schema\/logo\/image\/","url":"","contentUrl":"","caption":"Fons Vinum"},"image":{"@id":"https:\/\/fonsvinum.com\/en\/#\/schema\/logo\/image\/"}}]}},"acf":[],"_links":{"self":[{"href":"https:\/\/fonsvinum.com\/en\/wp-json\/wp\/v2\/product\/8419","targetHints":{"allow":["GET"]}}],"collection":[{"href":"https:\/\/fonsvinum.com\/en\/wp-json\/wp\/v2\/product"}],"about":[{"href":"https:\/\/fonsvinum.com\/en\/wp-json\/wp\/v2\/types\/product"}],"replies":[{"embeddable":true,"href":"https:\/\/fonsvinum.com\/en\/wp-json\/wp\/v2\/comments?post=8419"}],"wp:featuredmedia":[{"embeddable":true,"href":"https:\/\/fonsvinum.com\/en\/wp-json\/wp\/v2\/media\/4063"}],"wp:attachment":[{"href":"https:\/\/fonsvinum.com\/en\/wp-json\/wp\/v2\/media?parent=8419"}],"wp:term":[{"taxonomy":"product_brand","embeddable":true,"href":"https:\/\/fonsvinum.com\/en\/wp-json\/wp\/v2\/product_brand?post=8419"},{"taxonomy":"product_cat","embeddable":true,"href":"https:\/\/fonsvinum.com\/en\/wp-json\/wp\/v2\/product_cat?post=8419"},{"taxonomy":"product_tag","embeddable":true,"href":"https:\/\/fonsvinum.com\/en\/wp-json\/wp\/v2\/product_tag?post=8419"}],"curies":[{"name":"wp","href":"https:\/\/api.w.org\/{rel}","templated":true}]}}