{"id":521,"date":"2013-04-25T16:31:19","date_gmt":"2013-04-25T14:31:19","guid":{"rendered":"http:\/\/fonsvinum.langhe.net\/negozio\/uncategorized\/comprare-champagne-ruinart-rose-2\/"},"modified":"2020-09-03T15:43:54","modified_gmt":"2020-09-03T13:43:54","slug":"how-to-buy-champagne-ruinart-rose","status":"publish","type":"product","link":"https:\/\/fonsvinum.com\/en\/product\/how-to-buy-champagne-ruinart-rose\/","title":{"rendered":"RUINART Champagne Ros\u00e9"},"content":{"rendered":"<p>Intense, fruity and aromatic, Ruinart Ros\u00e9 owes its sensual elegance to<\/p>\n<p>the marriage of Chardonnay (45%), mainly from the Chardonnay Premiers Crus of the C\u00f4te des Blancs, and Pinot Noir from the Montagne de Reims and Vall\u00e9e de la Marne, made into red wine.<\/p>\n<p>The nose is fresh and subtle, ripe with cherry and freshly picked red berries, followed by a splash of flowers and spicy notes<\/p>\n<p><span style=\"font-size: 16px\">On the palate, the wine is silky and delicately fleshy.<\/span><\/p>\n<p><span style=\"font-size: 16px\">Ruinart Ros\u00e9 embodies the refined expression of the Ruinart Taste.<\/span><\/p>\n","protected":false},"excerpt":{"rendered":"<p>Intense, fruity and aromatic, Ruinart Ros\u00e9 owes its sensual elegance to the marriage of Chardonnay (45%), mainly from the Chardonnay Premiers Crus of the C\u00f4te des Blancs, and Pinot Noir from the Montagne de Reims and Vall\u00e9e de la Marne, made into red wine. The nose is fresh and subtle, ripe with cherry and freshly [&hellip;]<\/p>\n","protected":false},"featured_media":1365,"comment_status":"open","ping_status":"closed","template":"","meta":{"_acf_changed":false,"_monsterinsights_skip_tracking":false,"_monsterinsights_sitenote_active":false,"_monsterinsights_sitenote_note":"","_monsterinsights_sitenote_category":0},"product_brand":[],"product_cat":[2024,1199],"product_tag":[],"class_list":{"0":"post-521","1":"product","2":"type-product","3":"status-publish","4":"has-post-thumbnail","6":"product_cat-champagne-en","7":"product_cat-rose-champagne-en","8":"pa_appellation-champagne-aoc-en","9":"pa_formato-0-75-l-bottle","10":"pa_producer-ruinart-en","11":"pa_vine-45-chardonnay-55-pinot-noir-en","12":"pa_vintage-s-a-en","14":"first","15":"instock","16":"sale","17":"taxable","18":"shipping-taxable","19":"purchasable","20":"product-type-simple"},"bundled_by":[],"bundle_stock_status":"instock","bundle_stock_quantity":3,"bundle_virtual":false,"bundle_layout":"","bundle_add_to_cart_form_location":"","bundle_editable_in_cart":false,"bundle_sold_individually_context":"","bundle_item_grouping":"","bundle_min_size":"","bundle_max_size":"","bundle_price":[],"bundled_items":[],"bundle_sell_ids":[],"yoast_head":"<!-- This site is optimized with the Yoast SEO plugin v27.3 - https:\/\/yoast.com\/product\/yoast-seo-wordpress\/ -->\n<title>Buy RUINART Champagne Ros\u00e9 wine online at 115 \u20ac | FonsVinum<\/title>\n<meta name=\"robots\" content=\"index, follow, max-snippet:-1, max-image-preview:large, max-video-preview:-1\" \/>\n<link rel=\"canonical\" href=\"https:\/\/fonsvinum.com\/en\/product\/how-to-buy-champagne-ruinart-rose\/\" \/>\n<meta property=\"og:locale\" content=\"en_US\" \/>\n<meta property=\"og:type\" content=\"article\" \/>\n<meta property=\"og:title\" content=\"Buy RUINART Champagne Ros\u00e9 wine online at 115 \u20ac | FonsVinum\" \/>\n<meta property=\"og:description\" content=\"Intense, fruity and aromatic, Ruinart Ros\u00e9 owes its sensual elegance to the marriage of Chardonnay (45%), mainly from the Chardonnay Premiers Crus of the C\u00f4te des Blancs, and Pinot Noir from the Montagne de Reims and Vall\u00e9e de la Marne, made into red wine. The nose is fresh and subtle, ripe with cherry and freshly [&hellip;]\" \/>\n<meta property=\"og:url\" content=\"https:\/\/fonsvinum.com\/en\/product\/how-to-buy-champagne-ruinart-rose\/\" \/>\n<meta property=\"og:site_name\" content=\"Fons Vinum\" \/>\n<meta property=\"article:modified_time\" content=\"2020-09-03T13:43:54+00:00\" \/>\n<meta property=\"og:image\" content=\"https:\/\/fonsvinum.com\/files\/2013\/04\/champagne_ruinart_rose.jpg\" \/>\n\t<meta property=\"og:image:width\" content=\"184\" \/>\n\t<meta property=\"og:image:height\" content=\"500\" \/>\n\t<meta property=\"og:image:type\" content=\"image\/jpeg\" \/>\n<script type=\"application\/ld+json\" class=\"yoast-schema-graph\">{\"@context\":\"https:\\\/\\\/schema.org\",\"@graph\":[{\"@type\":\"WebPage\",\"@id\":\"https:\\\/\\\/fonsvinum.com\\\/en\\\/product\\\/how-to-buy-champagne-ruinart-rose\\\/\",\"url\":\"https:\\\/\\\/fonsvinum.com\\\/en\\\/product\\\/how-to-buy-champagne-ruinart-rose\\\/\",\"name\":\"Buy RUINART Champagne Ros\u00e9 wine online at 115 \u20ac | FonsVinum\",\"isPartOf\":{\"@id\":\"https:\\\/\\\/fonsvinum.com\\\/en\\\/#website\"},\"primaryImageOfPage\":{\"@id\":\"https:\\\/\\\/fonsvinum.com\\\/en\\\/product\\\/how-to-buy-champagne-ruinart-rose\\\/#primaryimage\"},\"image\":{\"@id\":\"https:\\\/\\\/fonsvinum.com\\\/en\\\/product\\\/how-to-buy-champagne-ruinart-rose\\\/#primaryimage\"},\"thumbnailUrl\":\"https:\\\/\\\/fonsvinum.com\\\/files\\\/2013\\\/04\\\/champagne_ruinart_rose.jpg\",\"datePublished\":\"2013-04-25T14:31:19+00:00\",\"dateModified\":\"2020-09-03T13:43:54+00:00\",\"breadcrumb\":{\"@id\":\"https:\\\/\\\/fonsvinum.com\\\/en\\\/product\\\/how-to-buy-champagne-ruinart-rose\\\/#breadcrumb\"},\"inLanguage\":\"en-US\",\"potentialAction\":[{\"@type\":\"ReadAction\",\"target\":[\"https:\\\/\\\/fonsvinum.com\\\/en\\\/product\\\/how-to-buy-champagne-ruinart-rose\\\/\"]}]},{\"@type\":\"ImageObject\",\"inLanguage\":\"en-US\",\"@id\":\"https:\\\/\\\/fonsvinum.com\\\/en\\\/product\\\/how-to-buy-champagne-ruinart-rose\\\/#primaryimage\",\"url\":\"https:\\\/\\\/fonsvinum.com\\\/files\\\/2013\\\/04\\\/champagne_ruinart_rose.jpg\",\"contentUrl\":\"https:\\\/\\\/fonsvinum.com\\\/files\\\/2013\\\/04\\\/champagne_ruinart_rose.jpg\",\"width\":184,\"height\":500},{\"@type\":\"BreadcrumbList\",\"@id\":\"https:\\\/\\\/fonsvinum.com\\\/en\\\/product\\\/how-to-buy-champagne-ruinart-rose\\\/#breadcrumb\",\"itemListElement\":[{\"@type\":\"ListItem\",\"position\":1,\"name\":\"Startseite\",\"item\":\"https:\\\/\\\/fonsvinum.com\\\/en\\\/\"},{\"@type\":\"ListItem\",\"position\":2,\"name\":\"Shop\",\"item\":\"https:\\\/\\\/fonsvinum.com\\\/en\\\/shop\\\/\"},{\"@type\":\"ListItem\",\"position\":3,\"name\":\"RUINART Champagne Ros\u00e9\"}]},{\"@type\":\"WebSite\",\"@id\":\"https:\\\/\\\/fonsvinum.com\\\/en\\\/#website\",\"url\":\"https:\\\/\\\/fonsvinum.com\\\/en\\\/\",\"name\":\"Fons Vinum\",\"description\":\"Vendita Vino Online\",\"publisher\":{\"@id\":\"https:\\\/\\\/fonsvinum.com\\\/en\\\/#organization\"},\"potentialAction\":[{\"@type\":\"SearchAction\",\"target\":{\"@type\":\"EntryPoint\",\"urlTemplate\":\"https:\\\/\\\/fonsvinum.com\\\/en\\\/?s={search_term_string}\"},\"query-input\":{\"@type\":\"PropertyValueSpecification\",\"valueRequired\":true,\"valueName\":\"search_term_string\"}}],\"inLanguage\":\"en-US\"},{\"@type\":\"Organization\",\"@id\":\"https:\\\/\\\/fonsvinum.com\\\/en\\\/#organization\",\"name\":\"Fons Vinum\",\"url\":\"https:\\\/\\\/fonsvinum.com\\\/en\\\/\",\"logo\":{\"@type\":\"ImageObject\",\"inLanguage\":\"en-US\",\"@id\":\"https:\\\/\\\/fonsvinum.com\\\/en\\\/#\\\/schema\\\/logo\\\/image\\\/\",\"url\":\"\",\"contentUrl\":\"\",\"caption\":\"Fons Vinum\"},\"image\":{\"@id\":\"https:\\\/\\\/fonsvinum.com\\\/en\\\/#\\\/schema\\\/logo\\\/image\\\/\"}}]}<\/script>\n<!-- \/ Yoast SEO plugin. -->","yoast_head_json":{"title":"Buy RUINART Champagne Ros\u00e9 wine online at 115 \u20ac | FonsVinum","robots":{"index":"index","follow":"follow","max-snippet":"max-snippet:-1","max-image-preview":"max-image-preview:large","max-video-preview":"max-video-preview:-1"},"canonical":"https:\/\/fonsvinum.com\/en\/product\/how-to-buy-champagne-ruinart-rose\/","og_locale":"en_US","og_type":"article","og_title":"Buy RUINART Champagne Ros\u00e9 wine online at 115 \u20ac | FonsVinum","og_description":"Intense, fruity and aromatic, Ruinart Ros\u00e9 owes its sensual elegance to the marriage of Chardonnay (45%), mainly from the Chardonnay Premiers Crus of the C\u00f4te des Blancs, and Pinot Noir from the Montagne de Reims and Vall\u00e9e de la Marne, made into red wine. The nose is fresh and subtle, ripe with cherry and freshly [&hellip;]","og_url":"https:\/\/fonsvinum.com\/en\/product\/how-to-buy-champagne-ruinart-rose\/","og_site_name":"Fons Vinum","article_modified_time":"2020-09-03T13:43:54+00:00","og_image":[{"width":184,"height":500,"url":"https:\/\/fonsvinum.com\/files\/2013\/04\/champagne_ruinart_rose.jpg","type":"image\/jpeg"}],"schema":{"@context":"https:\/\/schema.org","@graph":[{"@type":"WebPage","@id":"https:\/\/fonsvinum.com\/en\/product\/how-to-buy-champagne-ruinart-rose\/","url":"https:\/\/fonsvinum.com\/en\/product\/how-to-buy-champagne-ruinart-rose\/","name":"Buy RUINART Champagne Ros\u00e9 wine online at 115 \u20ac | FonsVinum","isPartOf":{"@id":"https:\/\/fonsvinum.com\/en\/#website"},"primaryImageOfPage":{"@id":"https:\/\/fonsvinum.com\/en\/product\/how-to-buy-champagne-ruinart-rose\/#primaryimage"},"image":{"@id":"https:\/\/fonsvinum.com\/en\/product\/how-to-buy-champagne-ruinart-rose\/#primaryimage"},"thumbnailUrl":"https:\/\/fonsvinum.com\/files\/2013\/04\/champagne_ruinart_rose.jpg","datePublished":"2013-04-25T14:31:19+00:00","dateModified":"2020-09-03T13:43:54+00:00","breadcrumb":{"@id":"https:\/\/fonsvinum.com\/en\/product\/how-to-buy-champagne-ruinart-rose\/#breadcrumb"},"inLanguage":"en-US","potentialAction":[{"@type":"ReadAction","target":["https:\/\/fonsvinum.com\/en\/product\/how-to-buy-champagne-ruinart-rose\/"]}]},{"@type":"ImageObject","inLanguage":"en-US","@id":"https:\/\/fonsvinum.com\/en\/product\/how-to-buy-champagne-ruinart-rose\/#primaryimage","url":"https:\/\/fonsvinum.com\/files\/2013\/04\/champagne_ruinart_rose.jpg","contentUrl":"https:\/\/fonsvinum.com\/files\/2013\/04\/champagne_ruinart_rose.jpg","width":184,"height":500},{"@type":"BreadcrumbList","@id":"https:\/\/fonsvinum.com\/en\/product\/how-to-buy-champagne-ruinart-rose\/#breadcrumb","itemListElement":[{"@type":"ListItem","position":1,"name":"Startseite","item":"https:\/\/fonsvinum.com\/en\/"},{"@type":"ListItem","position":2,"name":"Shop","item":"https:\/\/fonsvinum.com\/en\/shop\/"},{"@type":"ListItem","position":3,"name":"RUINART Champagne Ros\u00e9"}]},{"@type":"WebSite","@id":"https:\/\/fonsvinum.com\/en\/#website","url":"https:\/\/fonsvinum.com\/en\/","name":"Fons Vinum","description":"Vendita Vino Online","publisher":{"@id":"https:\/\/fonsvinum.com\/en\/#organization"},"potentialAction":[{"@type":"SearchAction","target":{"@type":"EntryPoint","urlTemplate":"https:\/\/fonsvinum.com\/en\/?s={search_term_string}"},"query-input":{"@type":"PropertyValueSpecification","valueRequired":true,"valueName":"search_term_string"}}],"inLanguage":"en-US"},{"@type":"Organization","@id":"https:\/\/fonsvinum.com\/en\/#organization","name":"Fons Vinum","url":"https:\/\/fonsvinum.com\/en\/","logo":{"@type":"ImageObject","inLanguage":"en-US","@id":"https:\/\/fonsvinum.com\/en\/#\/schema\/logo\/image\/","url":"","contentUrl":"","caption":"Fons Vinum"},"image":{"@id":"https:\/\/fonsvinum.com\/en\/#\/schema\/logo\/image\/"}}]}},"acf":[],"_links":{"self":[{"href":"https:\/\/fonsvinum.com\/en\/wp-json\/wp\/v2\/product\/521","targetHints":{"allow":["GET"]}}],"collection":[{"href":"https:\/\/fonsvinum.com\/en\/wp-json\/wp\/v2\/product"}],"about":[{"href":"https:\/\/fonsvinum.com\/en\/wp-json\/wp\/v2\/types\/product"}],"replies":[{"embeddable":true,"href":"https:\/\/fonsvinum.com\/en\/wp-json\/wp\/v2\/comments?post=521"}],"wp:featuredmedia":[{"embeddable":true,"href":"https:\/\/fonsvinum.com\/en\/wp-json\/wp\/v2\/media\/1365"}],"wp:attachment":[{"href":"https:\/\/fonsvinum.com\/en\/wp-json\/wp\/v2\/media?parent=521"}],"wp:term":[{"taxonomy":"product_brand","embeddable":true,"href":"https:\/\/fonsvinum.com\/en\/wp-json\/wp\/v2\/product_brand?post=521"},{"taxonomy":"product_cat","embeddable":true,"href":"https:\/\/fonsvinum.com\/en\/wp-json\/wp\/v2\/product_cat?post=521"},{"taxonomy":"product_tag","embeddable":true,"href":"https:\/\/fonsvinum.com\/en\/wp-json\/wp\/v2\/product_tag?post=521"}],"curies":[{"name":"wp","href":"https:\/\/api.w.org\/{rel}","templated":true}]}}