{"id":49426,"date":"2026-04-15T10:41:57","date_gmt":"2026-04-15T08:41:57","guid":{"rendered":"https:\/\/fonsvinum.com\/?post_type=product&#038;p=49426"},"modified":"2026-04-16T19:13:05","modified_gmt":"2026-04-16T17:13:05","slug":"mousse-fils-champagne-lextra-or-blanc-de-noirs-extra-brut","status":"publish","type":"product","link":"https:\/\/fonsvinum.com\/en\/product\/mousse-fils-champagne-lextra-or-blanc-de-noirs-extra-brut\/","title":{"rendered":"MOUSS\u00c9 FILS CHAMPAGNE L&#8217;EXTRA OR BLANC DE NOIRS EXTRA BRUT"},"content":{"rendered":"<h1>MOUSS\u00c9 FILS CHAMPAGNE L&#8217;EXTRA OR BLANC DE NOIRS EXTRA BRUT<\/h1>\n<p>&nbsp;<\/p>\n<p>MOUSS\u00c9 FILS CHAMPAGNE L&#8217;EXTRA OR BLANC DE NOIRS EXTRA BRUT<\/p>\n<h2><a href=\"https:\/\/fonsvinum.com\/en\/product\/claude-perrard-champagne-brut-tradition\/\">THE MAISON<\/a><\/h2>\n<h2>MOUSS\u00c9 FILS<\/h2>\n<p>The Mouss\u00e9 family descends from 12 generations of winegrowers since 1629, in Cuisles, in the heart of the Marne Valley where the vineyards are distributed across 4 different villages, but all on the same slope: an unusual characteristic that is reflected in all its champagnes.<\/p>\n<p>Thanks to the importance the estate places on environmental care (it was in fact the first in Champagne to use geothermal heating) and its presence in the territory, one can say that this estate is the reflection of the Cuisles terroir.<\/p>\n<p>In 1923 Eug\u00e8ne Mouss\u00e9, C\u00e9dric&#8217;s great-grandfather, was the first to produce a champagne under his own name. In 2000 C\u00e9dric, having just graduated from the agricultural high school in Avize, began gaining various experiences, among which the most significant was at the experimental winery of the CIVC, Comit\u00e9 Interprofessionnel des Vins de Champagne.<\/p>\n<p>In 2003 he was offered the opportunity to manage this winery, a prestigious opportunity for a young man like him, but C\u00e9dric decided to return to the Maison and work with his father, Jean-Marc. &#8220;From 2003 to 2007, says C\u00e9dric, my father asked me to take care of the vineyards, he didn&#8217;t want me in the cellar! Cuisles and the neighbouring villages are unique and I lacked an understanding of those different terroirs.&#8221; In 2007 father and son (Mouss\u00e9 Fils) built their new winery: &#8220;The most important aspect was respect for nature. 70% of the water used comes from a spring and is heated using solar panels. Half of the winery is underground and an automatic geothermal system maintains a constant temperature of 12 degrees. We have the first winery in Champagne to have used this system.&#8221;<\/p>\n<p>The historic label created over 90 years ago by Eug\u00e8ne Mouss\u00e9 &#8211; Cedric&#8217;s grandfather &#8211; and now a true icon of the Cuisle territory, in the heart of the Marne.<\/p>\n<p>Intense fruit on the nose and palate, elegance and finesse make it a champagne with enchanting and captivating drinkability.<\/p>\n<h2><a href=\"https:\/\/fonsvinum.com\/en\/product-category\/champagne-en\/\">CHAMPAGNE<\/a> L&#8217;EXTRA OR BLANC DE NOIRS EXTRA BRUT<\/h2>\n<h2>LE CHAMPAGNE DES VIGNERONS<\/h2>\n<section id=\"anchor-2\" class=\"section section-2\">\n<section class=\"boxes\">\n<section class=\"box-3\">\n<div class=\"text\">\n<div class=\"cell\">\n<p>L&#8217;Extra Or Degorgement Tardif is a late-release version of L&#8217;Or d&#8217;Eug\u00e8ne. Like L&#8217;Or D&#8217;Eug\u00e8ne, the house blend produced with reserve wines from 2003 to 2014 was used, and updated each year with 50% of the new harvest. It remains 60 months on the lees.<\/p>\n<p>This demonstrates how the house&#8217;s Meunier wines can age magnificently, while maintaining their freshness. Perfecting the art of cultivating Pinot Meunier and bringing it to the apex of its potential is the maison&#8217;s guiding principle.<\/p>\n<p>disgorged June 2021<\/p>\n<\/div>\n<\/div>\n<\/section>\n<\/section>\n<\/section>\n<section id=\"anchor-3\" class=\"section section-3\">\n<section class=\"boxes\">\n<section class=\"box-2 overbox\">\n<div class=\"socialbox\">\n<div class=\"cell\">\n<h2>Tasting Notes<\/h2>\n<p><strong>Colour<\/strong>: Pale straw yellow with golden-amber reflections, fine and persistent perlage.<\/p>\n<p><strong>Taste: <\/strong>Fresh, creamy, soft, enveloping, decisive and with excellent persistence.<\/p>\n<p><strong>Aroma: <\/strong>Intense, broad, complex, notes of citrus dried fruit, touches of dried apricot and quince.<\/p>\n<\/div>\n<\/div>\n<\/section>\n<\/section>\n<\/section>\n","protected":false},"excerpt":{"rendered":"<p>MOUSS\u00c9 FILS CHAMPAGNE L&#8217;EXTRA OR BLANC DE NOIRS EXTRA BRUT &nbsp; MOUSS\u00c9 FILS CHAMPAGNE L&#8217;EXTRA OR BLANC DE NOIRS EXTRA BRUT THE MAISON MOUSS\u00c9 FILS The Mouss\u00e9 family descends from 12 generations of winegrowers since 1629, in Cuisles, in the heart of the Marne Valley where the vineyards are distributed across 4 different villages, but [&hellip;]<\/p>\n","protected":false},"featured_media":49432,"comment_status":"open","ping_status":"closed","template":"","meta":{"_acf_changed":false,"_monsterinsights_skip_tracking":false,"_monsterinsights_sitenote_active":false,"_monsterinsights_sitenote_note":"","_monsterinsights_sitenote_category":0},"product_brand":[],"product_cat":[2024],"product_tag":[1832,140],"class_list":{"0":"post-49426","1":"product","2":"type-product","3":"status-publish","4":"has-post-thumbnail","6":"product_cat-champagne-en","7":"product_tag-champagne-en","8":"product_tag-rare-wines","9":"pa_appellation-champagne-aoc-en","10":"pa_formato-0-75-l-bottle","11":"pa_producer-claude-perrard","12":"pa_region-champagne-en","13":"pa_vine-69-pinot-noir-16-pinot-meunier-15-chardonnay","14":"pa_vintage-no-vintage-en","16":"first","17":"instock","18":"taxable","19":"shipping-taxable","20":"purchasable","21":"product-type-simple"},"bundled_by":[],"bundle_stock_status":"instock","bundle_stock_quantity":5,"bundle_virtual":false,"bundle_layout":"","bundle_add_to_cart_form_location":"","bundle_editable_in_cart":false,"bundle_sold_individually_context":"","bundle_item_grouping":"","bundle_min_size":"","bundle_max_size":"","bundle_price":[],"bundled_items":[],"bundle_sell_ids":[],"yoast_head":"<!-- This site is optimized with the Yoast SEO plugin v27.2 - https:\/\/yoast.com\/product\/yoast-seo-wordpress\/ -->\n<title>MOUSS\u00c9 FILS CHAMPAGNE L&#039;EXTRA OR BLANC DE NOIRS<\/title>\n<meta name=\"description\" content=\"Purchase online at FonsVinum MOUSS\u00c9 FILS CHAMPAGNE L&#039;EXTRA OR BLANC DE NOIRS EXTRA BRUT vigneron de Champagne from our direct import catalogue\" \/>\n<meta name=\"robots\" content=\"index, follow, max-snippet:-1, max-image-preview:large, max-video-preview:-1\" \/>\n<link rel=\"canonical\" href=\"https:\/\/fonsvinum.com\/en\/product\/mousse-fils-champagne-lextra-or-blanc-de-noirs-extra-brut\/\" \/>\n<meta property=\"og:locale\" content=\"en_US\" \/>\n<meta property=\"og:type\" content=\"article\" \/>\n<meta property=\"og:title\" content=\"MOUSS\u00c9 FILS CHAMPAGNE L&#039;EXTRA OR BLANC DE NOIRS\" \/>\n<meta property=\"og:description\" content=\"Purchase online at FonsVinum MOUSS\u00c9 FILS CHAMPAGNE L&#039;EXTRA OR BLANC DE NOIRS EXTRA BRUT vigneron de Champagne from our direct import catalogue\" \/>\n<meta property=\"og:url\" content=\"https:\/\/fonsvinum.com\/en\/product\/mousse-fils-champagne-lextra-or-blanc-de-noirs-extra-brut\/\" \/>\n<meta property=\"og:site_name\" content=\"Fons Vinum\" \/>\n<meta property=\"article:modified_time\" content=\"2026-04-16T17:13:05+00:00\" \/>\n<meta property=\"og:image\" content=\"https:\/\/fonsvinum.com\/files\/2026\/04\/MOUSSE-FILS-CHAMPAGNE-LEXTRA-OR-BLANC-DE-NOIRS-EXTRA-BRUT.png\" \/>\n\t<meta property=\"og:image:width\" content=\"200\" \/>\n\t<meta property=\"og:image:height\" content=\"600\" \/>\n\t<meta property=\"og:image:type\" content=\"image\/png\" \/>\n<meta name=\"twitter:label1\" content=\"Est. reading time\" \/>\n\t<meta name=\"twitter:data1\" content=\"3 minutes\" \/>\n<script type=\"application\/ld+json\" class=\"yoast-schema-graph\">{\"@context\":\"https:\/\/schema.org\",\"@graph\":[{\"@type\":\"WebPage\",\"@id\":\"https:\/\/fonsvinum.com\/en\/product\/mousse-fils-champagne-lextra-or-blanc-de-noirs-extra-brut\/\",\"url\":\"https:\/\/fonsvinum.com\/en\/product\/mousse-fils-champagne-lextra-or-blanc-de-noirs-extra-brut\/\",\"name\":\"MOUSS\u00c9 FILS CHAMPAGNE L'EXTRA OR BLANC DE NOIRS\",\"isPartOf\":{\"@id\":\"https:\/\/fonsvinum.com\/en\/#website\"},\"primaryImageOfPage\":{\"@id\":\"https:\/\/fonsvinum.com\/en\/product\/mousse-fils-champagne-lextra-or-blanc-de-noirs-extra-brut\/#primaryimage\"},\"image\":{\"@id\":\"https:\/\/fonsvinum.com\/en\/product\/mousse-fils-champagne-lextra-or-blanc-de-noirs-extra-brut\/#primaryimage\"},\"thumbnailUrl\":\"https:\/\/fonsvinum.com\/files\/2026\/04\/MOUSSE-FILS-CHAMPAGNE-LEXTRA-OR-BLANC-DE-NOIRS-EXTRA-BRUT.png\",\"datePublished\":\"2026-04-15T08:41:57+00:00\",\"dateModified\":\"2026-04-16T17:13:05+00:00\",\"description\":\"Purchase online at FonsVinum MOUSS\u00c9 FILS CHAMPAGNE L'EXTRA OR BLANC DE NOIRS EXTRA BRUT vigneron de Champagne from our direct import catalogue\",\"breadcrumb\":{\"@id\":\"https:\/\/fonsvinum.com\/en\/product\/mousse-fils-champagne-lextra-or-blanc-de-noirs-extra-brut\/#breadcrumb\"},\"inLanguage\":\"en-US\",\"potentialAction\":[{\"@type\":\"ReadAction\",\"target\":[\"https:\/\/fonsvinum.com\/en\/product\/mousse-fils-champagne-lextra-or-blanc-de-noirs-extra-brut\/\"]}]},{\"@type\":\"ImageObject\",\"inLanguage\":\"en-US\",\"@id\":\"https:\/\/fonsvinum.com\/en\/product\/mousse-fils-champagne-lextra-or-blanc-de-noirs-extra-brut\/#primaryimage\",\"url\":\"https:\/\/fonsvinum.com\/files\/2026\/04\/MOUSSE-FILS-CHAMPAGNE-LEXTRA-OR-BLANC-DE-NOIRS-EXTRA-BRUT.png\",\"contentUrl\":\"https:\/\/fonsvinum.com\/files\/2026\/04\/MOUSSE-FILS-CHAMPAGNE-LEXTRA-OR-BLANC-DE-NOIRS-EXTRA-BRUT.png\",\"width\":200,\"height\":600,\"caption\":\"MOUSS\u00c9 FILS CHAMPAGNE L'EXTRA OR BLANC DE NOIRS EXTRA BRUT\"},{\"@type\":\"BreadcrumbList\",\"@id\":\"https:\/\/fonsvinum.com\/en\/product\/mousse-fils-champagne-lextra-or-blanc-de-noirs-extra-brut\/#breadcrumb\",\"itemListElement\":[{\"@type\":\"ListItem\",\"position\":1,\"name\":\"Startseite\",\"item\":\"https:\/\/fonsvinum.com\/en\/\"},{\"@type\":\"ListItem\",\"position\":2,\"name\":\"Shop\",\"item\":\"https:\/\/fonsvinum.com\/en\/shop\/\"},{\"@type\":\"ListItem\",\"position\":3,\"name\":\"MOUSS\u00c9 FILS CHAMPAGNE L&#8217;EXTRA OR BLANC DE NOIRS EXTRA BRUT\"}]},{\"@type\":\"WebSite\",\"@id\":\"https:\/\/fonsvinum.com\/en\/#website\",\"url\":\"https:\/\/fonsvinum.com\/en\/\",\"name\":\"Fons Vinum\",\"description\":\"Vendita Vino Online\",\"publisher\":{\"@id\":\"https:\/\/fonsvinum.com\/en\/#organization\"},\"potentialAction\":[{\"@type\":\"SearchAction\",\"target\":{\"@type\":\"EntryPoint\",\"urlTemplate\":\"https:\/\/fonsvinum.com\/en\/?s={search_term_string}\"},\"query-input\":{\"@type\":\"PropertyValueSpecification\",\"valueRequired\":true,\"valueName\":\"search_term_string\"}}],\"inLanguage\":\"en-US\"},{\"@type\":\"Organization\",\"@id\":\"https:\/\/fonsvinum.com\/en\/#organization\",\"name\":\"Fons Vinum\",\"url\":\"https:\/\/fonsvinum.com\/en\/\",\"logo\":{\"@type\":\"ImageObject\",\"inLanguage\":\"en-US\",\"@id\":\"https:\/\/fonsvinum.com\/en\/#\/schema\/logo\/image\/\",\"url\":\"\",\"contentUrl\":\"\",\"caption\":\"Fons Vinum\"},\"image\":{\"@id\":\"https:\/\/fonsvinum.com\/en\/#\/schema\/logo\/image\/\"}}]}<\/script>\n<!-- \/ Yoast SEO plugin. -->","yoast_head_json":{"title":"MOUSS\u00c9 FILS CHAMPAGNE L'EXTRA OR BLANC DE NOIRS","description":"Purchase online at FonsVinum MOUSS\u00c9 FILS CHAMPAGNE L'EXTRA OR BLANC DE NOIRS EXTRA BRUT vigneron de Champagne from our direct import catalogue","robots":{"index":"index","follow":"follow","max-snippet":"max-snippet:-1","max-image-preview":"max-image-preview:large","max-video-preview":"max-video-preview:-1"},"canonical":"https:\/\/fonsvinum.com\/en\/product\/mousse-fils-champagne-lextra-or-blanc-de-noirs-extra-brut\/","og_locale":"en_US","og_type":"article","og_title":"MOUSS\u00c9 FILS CHAMPAGNE L'EXTRA OR BLANC DE NOIRS","og_description":"Purchase online at FonsVinum MOUSS\u00c9 FILS CHAMPAGNE L'EXTRA OR BLANC DE NOIRS EXTRA BRUT vigneron de Champagne from our direct import catalogue","og_url":"https:\/\/fonsvinum.com\/en\/product\/mousse-fils-champagne-lextra-or-blanc-de-noirs-extra-brut\/","og_site_name":"Fons Vinum","article_modified_time":"2026-04-16T17:13:05+00:00","og_image":[{"width":200,"height":600,"url":"https:\/\/fonsvinum.com\/files\/2026\/04\/MOUSSE-FILS-CHAMPAGNE-LEXTRA-OR-BLANC-DE-NOIRS-EXTRA-BRUT.png","type":"image\/png"}],"twitter_misc":{"Est. reading time":"3 minutes"},"schema":{"@context":"https:\/\/schema.org","@graph":[{"@type":"WebPage","@id":"https:\/\/fonsvinum.com\/en\/product\/mousse-fils-champagne-lextra-or-blanc-de-noirs-extra-brut\/","url":"https:\/\/fonsvinum.com\/en\/product\/mousse-fils-champagne-lextra-or-blanc-de-noirs-extra-brut\/","name":"MOUSS\u00c9 FILS CHAMPAGNE L'EXTRA OR BLANC DE NOIRS","isPartOf":{"@id":"https:\/\/fonsvinum.com\/en\/#website"},"primaryImageOfPage":{"@id":"https:\/\/fonsvinum.com\/en\/product\/mousse-fils-champagne-lextra-or-blanc-de-noirs-extra-brut\/#primaryimage"},"image":{"@id":"https:\/\/fonsvinum.com\/en\/product\/mousse-fils-champagne-lextra-or-blanc-de-noirs-extra-brut\/#primaryimage"},"thumbnailUrl":"https:\/\/fonsvinum.com\/files\/2026\/04\/MOUSSE-FILS-CHAMPAGNE-LEXTRA-OR-BLANC-DE-NOIRS-EXTRA-BRUT.png","datePublished":"2026-04-15T08:41:57+00:00","dateModified":"2026-04-16T17:13:05+00:00","description":"Purchase online at FonsVinum MOUSS\u00c9 FILS CHAMPAGNE L'EXTRA OR BLANC DE NOIRS EXTRA BRUT vigneron de Champagne from our direct import catalogue","breadcrumb":{"@id":"https:\/\/fonsvinum.com\/en\/product\/mousse-fils-champagne-lextra-or-blanc-de-noirs-extra-brut\/#breadcrumb"},"inLanguage":"en-US","potentialAction":[{"@type":"ReadAction","target":["https:\/\/fonsvinum.com\/en\/product\/mousse-fils-champagne-lextra-or-blanc-de-noirs-extra-brut\/"]}]},{"@type":"ImageObject","inLanguage":"en-US","@id":"https:\/\/fonsvinum.com\/en\/product\/mousse-fils-champagne-lextra-or-blanc-de-noirs-extra-brut\/#primaryimage","url":"https:\/\/fonsvinum.com\/files\/2026\/04\/MOUSSE-FILS-CHAMPAGNE-LEXTRA-OR-BLANC-DE-NOIRS-EXTRA-BRUT.png","contentUrl":"https:\/\/fonsvinum.com\/files\/2026\/04\/MOUSSE-FILS-CHAMPAGNE-LEXTRA-OR-BLANC-DE-NOIRS-EXTRA-BRUT.png","width":200,"height":600,"caption":"MOUSS\u00c9 FILS CHAMPAGNE L'EXTRA OR BLANC DE NOIRS EXTRA BRUT"},{"@type":"BreadcrumbList","@id":"https:\/\/fonsvinum.com\/en\/product\/mousse-fils-champagne-lextra-or-blanc-de-noirs-extra-brut\/#breadcrumb","itemListElement":[{"@type":"ListItem","position":1,"name":"Startseite","item":"https:\/\/fonsvinum.com\/en\/"},{"@type":"ListItem","position":2,"name":"Shop","item":"https:\/\/fonsvinum.com\/en\/shop\/"},{"@type":"ListItem","position":3,"name":"MOUSS\u00c9 FILS CHAMPAGNE L&#8217;EXTRA OR BLANC DE NOIRS EXTRA BRUT"}]},{"@type":"WebSite","@id":"https:\/\/fonsvinum.com\/en\/#website","url":"https:\/\/fonsvinum.com\/en\/","name":"Fons Vinum","description":"Vendita Vino Online","publisher":{"@id":"https:\/\/fonsvinum.com\/en\/#organization"},"potentialAction":[{"@type":"SearchAction","target":{"@type":"EntryPoint","urlTemplate":"https:\/\/fonsvinum.com\/en\/?s={search_term_string}"},"query-input":{"@type":"PropertyValueSpecification","valueRequired":true,"valueName":"search_term_string"}}],"inLanguage":"en-US"},{"@type":"Organization","@id":"https:\/\/fonsvinum.com\/en\/#organization","name":"Fons Vinum","url":"https:\/\/fonsvinum.com\/en\/","logo":{"@type":"ImageObject","inLanguage":"en-US","@id":"https:\/\/fonsvinum.com\/en\/#\/schema\/logo\/image\/","url":"","contentUrl":"","caption":"Fons Vinum"},"image":{"@id":"https:\/\/fonsvinum.com\/en\/#\/schema\/logo\/image\/"}}]}},"acf":[],"_links":{"self":[{"href":"https:\/\/fonsvinum.com\/en\/wp-json\/wp\/v2\/product\/49426","targetHints":{"allow":["GET"]}}],"collection":[{"href":"https:\/\/fonsvinum.com\/en\/wp-json\/wp\/v2\/product"}],"about":[{"href":"https:\/\/fonsvinum.com\/en\/wp-json\/wp\/v2\/types\/product"}],"replies":[{"embeddable":true,"href":"https:\/\/fonsvinum.com\/en\/wp-json\/wp\/v2\/comments?post=49426"}],"wp:featuredmedia":[{"embeddable":true,"href":"https:\/\/fonsvinum.com\/en\/wp-json\/wp\/v2\/media\/49432"}],"wp:attachment":[{"href":"https:\/\/fonsvinum.com\/en\/wp-json\/wp\/v2\/media?parent=49426"}],"wp:term":[{"taxonomy":"product_brand","embeddable":true,"href":"https:\/\/fonsvinum.com\/en\/wp-json\/wp\/v2\/product_brand?post=49426"},{"taxonomy":"product_cat","embeddable":true,"href":"https:\/\/fonsvinum.com\/en\/wp-json\/wp\/v2\/product_cat?post=49426"},{"taxonomy":"product_tag","embeddable":true,"href":"https:\/\/fonsvinum.com\/en\/wp-json\/wp\/v2\/product_tag?post=49426"}],"curies":[{"name":"wp","href":"https:\/\/api.w.org\/{rel}","templated":true}]}}