{"id":49002,"date":"2026-03-17T09:05:19","date_gmt":"2026-03-17T08:05:19","guid":{"rendered":"https:\/\/fonsvinum.com\/?post_type=product&#038;p=49002"},"modified":"2026-03-17T09:54:44","modified_gmt":"2026-03-17T08:54:44","slug":"bollinger-la-grande-annee-champagne-2015-coffret","status":"publish","type":"product","link":"https:\/\/fonsvinum.com\/en\/product\/bollinger-la-grande-annee-champagne-2015-coffret\/","title":{"rendered":"BOLLINGER La Grande Annee Champagne 2015 Coffret"},"content":{"rendered":"<h1><a title=\"bollinger\" href=\"https:\/\/fonsvinum.com\/produttore\/bollinger\/\" target=\"_blank\" rel=\"noopener noreferrer\">BOLLINGER<\/a>\u00a0La Grande Annee <a href=\"https:\/\/fonsvinum.com\/en\/?s=CHAMPAGNE&amp;post_type=product\">Champagne<\/a> 2015<\/h1>\n<h2>CHAMPAGNE BOLLINGER in original wood coffret<\/h2>\n<p><em><strong>Bollinger Champagnes are recognized among a thousand.<\/strong><\/em><\/p>\n<p>Bollinger Champagne is first of all a great wine. It all begins with the vines, and with the pursuit of excellence in the selection of soils. With 163 hectares, Champagne Bollinger exploits its vineyards at more than 60% every year, a situation certainly exceptional in Champagne, and this is what guarantees the qualitative consistency of the style. The same requirement extends to the selection of vineyards. Bollinger supplies more than 80% of Grand and Premier Cru, which make up only 20% of the vineyards of the appellation. The quality of the selected grapes justifies the fact that Bollinger uses only the first pressing at the time of harvest: another exception in Champagne.<\/p>\n<h2>CHAMPAGNE LA GRANDE ANNEE 2015<\/h2>\n<div class=\"longdesc\">\n<p><strong><em>A prestigious vintage champagne signed Bollinger<\/em><\/strong><\/p>\n<p><strong>-The Estate-<\/strong><br \/>\nTimeless and mythical, the\u00a0<strong>Champagne<\/strong>\u00a0House\u00a0<strong>Bollinger,\u00a0<\/strong>nicknamed &#8220;<em>Boll<\/em>&#8221; for the Champenois or &#8220;<em>Boly<\/em>&#8221; for the English, is part of the small circle of the very large houses of\u00a0<strong>Champagne<\/strong>. The style of\u00a0<strong>Champagne Bollinger<\/strong>\u00a0is defined by the exemplary precision brought to each moment of the elaboration. Respect for tradition, hand riddling of bottles, corking of reserve magnum bottles, the last remaining cooper in the Champagne region, this taste for excellence symbolises the entire culture of Champagne Bollinger. More than an art, it is a heritage.<\/p>\n<p><strong>-The vineyard 2015 &#8211;<\/strong><\/p>\n<p>The 2015 Grande Ann\u00e9e is sourced from 21 exceptional crus in the C\u00f4te des Blancs and Montagne de Reims. The Pinot Noir is primarily from A\u00ff and Verzenay, while the Chardonnays that complete the blend come primarily from Le Mesnil-sur-Oger and Oiry.<\/p>\n<p>-The 2015 Vintage-<\/p>\n<p>Fermentation is entirely in barrels. Remuage and disgorgement are done by hand.<\/p>\n<p>Maturation is under cork, with a cellar ageing time more than twice the Appellation regulations. Dosage: 8 g\/l.<\/p>\n<p>A golden yellow color, a sign of the wine&#8217;s maturity but also of Bollinger&#8217;s winemaking methods. The nose initially reveals notes of stone fruit, accompanied by apple, plum, and mirabelle plum, along with a hint of honey. Aromas of blackberry, blackcurrant, cherry, and raspberry then emerge: a veritable dance of red fruits mingled with hints of almond. The finish reveals an exotic touch of mango, combined with hints of vanilla and fine oak.<\/p>\n<p>Serving temperature: Serve between 8\u00b0C and 10\u00b0C.<\/p>\n<p>On the palate, the attack is fleshy and full-bodied: the mouth fills with aromas of mirabelle plum jam. The palate is characterized by a beautiful texture and great richness. The finish combines notes of chocolate and citrus, with a touch of acidity and a hint of schist. A Champagne of great generosity.<\/p>\n<p><strong>\u00a0<\/strong><\/p>\n<\/div>\n","protected":false},"excerpt":{"rendered":"<p>BOLLINGER\u00a0La Grande Annee Champagne 2015 CHAMPAGNE BOLLINGER in original wood coffret Bollinger Champagnes are recognized among a thousand. Bollinger Champagne is first of all a great wine. It all begins with the vines, and with the pursuit of excellence in the selection of soils. With 163 hectares, Champagne Bollinger exploits its vineyards at more than [&hellip;]<\/p>\n","protected":false},"featured_media":37992,"comment_status":"open","ping_status":"closed","template":"","meta":{"_acf_changed":false,"_monsterinsights_skip_tracking":false,"_monsterinsights_sitenote_active":false,"_monsterinsights_sitenote_note":"","_monsterinsights_sitenote_category":0},"product_brand":[],"product_cat":[2024,150],"product_tag":[1832,17726],"class_list":{"0":"post-49002","1":"product","2":"type-product","3":"status-publish","4":"has-post-thumbnail","6":"product_cat-champagne-en","7":"product_cat-brut-en","8":"product_tag-champagne-en","9":"product_tag-francia-en","10":"pa_appellation-champagne-aoc-en","11":"pa_formato-0-75-l-bottle","12":"pa_producer-bollinger-en","13":"pa_region-champagne-en","14":"pa_vine-60-pinot-noir-40-chardonnay-en","15":"pa_vintage-2015-en","17":"first","18":"instock","19":"taxable","20":"shipping-taxable","21":"purchasable","22":"product-type-simple"},"bundled_by":[],"bundle_stock_status":"instock","bundle_stock_quantity":3,"bundle_virtual":false,"bundle_layout":"","bundle_add_to_cart_form_location":"","bundle_editable_in_cart":false,"bundle_sold_individually_context":"","bundle_item_grouping":"","bundle_min_size":"","bundle_max_size":"","bundle_price":[],"bundled_items":[],"bundle_sell_ids":[],"yoast_head":"<!-- This site is optimized with the Yoast SEO plugin v27.2 - https:\/\/yoast.com\/product\/yoast-seo-wordpress\/ -->\n<title>BOLLINGER La Grande Annee Champagne 2015<\/title>\n<meta name=\"description\" content=\"Buy online on Fons Vinum BOLLINGER La Grande Annee Champagne 2015 - A prestigious vintage champagne signed Bollinger...\" \/>\n<meta name=\"robots\" content=\"index, follow, max-snippet:-1, max-image-preview:large, max-video-preview:-1\" \/>\n<link rel=\"canonical\" href=\"https:\/\/fonsvinum.com\/en\/product\/bollinger-la-grande-annee-champagne-2015-coffret\/\" \/>\n<meta property=\"og:locale\" content=\"en_US\" \/>\n<meta property=\"og:type\" content=\"article\" \/>\n<meta property=\"og:title\" content=\"BOLLINGER La Grande Annee Champagne 2015\" \/>\n<meta property=\"og:description\" content=\"Buy online on Fons Vinum BOLLINGER La Grande Annee Champagne 2015 - A prestigious vintage champagne signed Bollinger...\" \/>\n<meta property=\"og:url\" content=\"https:\/\/fonsvinum.com\/en\/product\/bollinger-la-grande-annee-champagne-2015-coffret\/\" \/>\n<meta property=\"og:site_name\" content=\"Fons Vinum\" \/>\n<meta property=\"article:modified_time\" content=\"2026-03-17T08:54:44+00:00\" \/>\n<meta property=\"og:image\" content=\"https:\/\/fonsvinum.com\/files\/2022\/05\/bollinger-la-grande-annee-2014-champagne.jpg\" \/>\n\t<meta property=\"og:image:width\" content=\"415\" \/>\n\t<meta property=\"og:image:height\" content=\"635\" \/>\n\t<meta property=\"og:image:type\" content=\"image\/jpeg\" \/>\n<meta name=\"twitter:label1\" content=\"Est. reading time\" \/>\n\t<meta name=\"twitter:data1\" content=\"3 minutes\" \/>\n<script type=\"application\/ld+json\" class=\"yoast-schema-graph\">{\"@context\":\"https:\/\/schema.org\",\"@graph\":[{\"@type\":\"WebPage\",\"@id\":\"https:\/\/fonsvinum.com\/en\/product\/bollinger-la-grande-annee-champagne-2015-coffret\/\",\"url\":\"https:\/\/fonsvinum.com\/en\/product\/bollinger-la-grande-annee-champagne-2015-coffret\/\",\"name\":\"BOLLINGER La Grande Annee Champagne 2015\",\"isPartOf\":{\"@id\":\"https:\/\/fonsvinum.com\/en\/#website\"},\"primaryImageOfPage\":{\"@id\":\"https:\/\/fonsvinum.com\/en\/product\/bollinger-la-grande-annee-champagne-2015-coffret\/#primaryimage\"},\"image\":{\"@id\":\"https:\/\/fonsvinum.com\/en\/product\/bollinger-la-grande-annee-champagne-2015-coffret\/#primaryimage\"},\"thumbnailUrl\":\"https:\/\/fonsvinum.com\/files\/2022\/05\/bollinger-la-grande-annee-2014-champagne.jpg\",\"datePublished\":\"2026-03-17T08:05:19+00:00\",\"dateModified\":\"2026-03-17T08:54:44+00:00\",\"description\":\"Buy online on Fons Vinum BOLLINGER La Grande Annee Champagne 2015 - A prestigious vintage champagne signed Bollinger...\",\"breadcrumb\":{\"@id\":\"https:\/\/fonsvinum.com\/en\/product\/bollinger-la-grande-annee-champagne-2015-coffret\/#breadcrumb\"},\"inLanguage\":\"en-US\",\"potentialAction\":[{\"@type\":\"ReadAction\",\"target\":[\"https:\/\/fonsvinum.com\/en\/product\/bollinger-la-grande-annee-champagne-2015-coffret\/\"]}]},{\"@type\":\"ImageObject\",\"inLanguage\":\"en-US\",\"@id\":\"https:\/\/fonsvinum.com\/en\/product\/bollinger-la-grande-annee-champagne-2015-coffret\/#primaryimage\",\"url\":\"https:\/\/fonsvinum.com\/files\/2022\/05\/bollinger-la-grande-annee-2014-champagne.jpg\",\"contentUrl\":\"https:\/\/fonsvinum.com\/files\/2022\/05\/bollinger-la-grande-annee-2014-champagne.jpg\",\"width\":415,\"height\":635},{\"@type\":\"BreadcrumbList\",\"@id\":\"https:\/\/fonsvinum.com\/en\/product\/bollinger-la-grande-annee-champagne-2015-coffret\/#breadcrumb\",\"itemListElement\":[{\"@type\":\"ListItem\",\"position\":1,\"name\":\"Startseite\",\"item\":\"https:\/\/fonsvinum.com\/en\/\"},{\"@type\":\"ListItem\",\"position\":2,\"name\":\"Shop\",\"item\":\"https:\/\/fonsvinum.com\/en\/shop\/\"},{\"@type\":\"ListItem\",\"position\":3,\"name\":\"BOLLINGER La Grande Annee Champagne 2015 Coffret\"}]},{\"@type\":\"WebSite\",\"@id\":\"https:\/\/fonsvinum.com\/en\/#website\",\"url\":\"https:\/\/fonsvinum.com\/en\/\",\"name\":\"Fons Vinum\",\"description\":\"Vendita Vino Online\",\"publisher\":{\"@id\":\"https:\/\/fonsvinum.com\/en\/#organization\"},\"potentialAction\":[{\"@type\":\"SearchAction\",\"target\":{\"@type\":\"EntryPoint\",\"urlTemplate\":\"https:\/\/fonsvinum.com\/en\/?s={search_term_string}\"},\"query-input\":{\"@type\":\"PropertyValueSpecification\",\"valueRequired\":true,\"valueName\":\"search_term_string\"}}],\"inLanguage\":\"en-US\"},{\"@type\":\"Organization\",\"@id\":\"https:\/\/fonsvinum.com\/en\/#organization\",\"name\":\"Fons Vinum\",\"url\":\"https:\/\/fonsvinum.com\/en\/\",\"logo\":{\"@type\":\"ImageObject\",\"inLanguage\":\"en-US\",\"@id\":\"https:\/\/fonsvinum.com\/en\/#\/schema\/logo\/image\/\",\"url\":\"\",\"contentUrl\":\"\",\"caption\":\"Fons Vinum\"},\"image\":{\"@id\":\"https:\/\/fonsvinum.com\/en\/#\/schema\/logo\/image\/\"}}]}<\/script>\n<!-- \/ Yoast SEO plugin. -->","yoast_head_json":{"title":"BOLLINGER La Grande Annee Champagne 2015","description":"Buy online on Fons Vinum BOLLINGER La Grande Annee Champagne 2015 - A prestigious vintage champagne signed Bollinger...","robots":{"index":"index","follow":"follow","max-snippet":"max-snippet:-1","max-image-preview":"max-image-preview:large","max-video-preview":"max-video-preview:-1"},"canonical":"https:\/\/fonsvinum.com\/en\/product\/bollinger-la-grande-annee-champagne-2015-coffret\/","og_locale":"en_US","og_type":"article","og_title":"BOLLINGER La Grande Annee Champagne 2015","og_description":"Buy online on Fons Vinum BOLLINGER La Grande Annee Champagne 2015 - A prestigious vintage champagne signed Bollinger...","og_url":"https:\/\/fonsvinum.com\/en\/product\/bollinger-la-grande-annee-champagne-2015-coffret\/","og_site_name":"Fons Vinum","article_modified_time":"2026-03-17T08:54:44+00:00","og_image":[{"width":415,"height":635,"url":"https:\/\/fonsvinum.com\/files\/2022\/05\/bollinger-la-grande-annee-2014-champagne.jpg","type":"image\/jpeg"}],"twitter_misc":{"Est. reading time":"3 minutes"},"schema":{"@context":"https:\/\/schema.org","@graph":[{"@type":"WebPage","@id":"https:\/\/fonsvinum.com\/en\/product\/bollinger-la-grande-annee-champagne-2015-coffret\/","url":"https:\/\/fonsvinum.com\/en\/product\/bollinger-la-grande-annee-champagne-2015-coffret\/","name":"BOLLINGER La Grande Annee Champagne 2015","isPartOf":{"@id":"https:\/\/fonsvinum.com\/en\/#website"},"primaryImageOfPage":{"@id":"https:\/\/fonsvinum.com\/en\/product\/bollinger-la-grande-annee-champagne-2015-coffret\/#primaryimage"},"image":{"@id":"https:\/\/fonsvinum.com\/en\/product\/bollinger-la-grande-annee-champagne-2015-coffret\/#primaryimage"},"thumbnailUrl":"https:\/\/fonsvinum.com\/files\/2022\/05\/bollinger-la-grande-annee-2014-champagne.jpg","datePublished":"2026-03-17T08:05:19+00:00","dateModified":"2026-03-17T08:54:44+00:00","description":"Buy online on Fons Vinum BOLLINGER La Grande Annee Champagne 2015 - A prestigious vintage champagne signed Bollinger...","breadcrumb":{"@id":"https:\/\/fonsvinum.com\/en\/product\/bollinger-la-grande-annee-champagne-2015-coffret\/#breadcrumb"},"inLanguage":"en-US","potentialAction":[{"@type":"ReadAction","target":["https:\/\/fonsvinum.com\/en\/product\/bollinger-la-grande-annee-champagne-2015-coffret\/"]}]},{"@type":"ImageObject","inLanguage":"en-US","@id":"https:\/\/fonsvinum.com\/en\/product\/bollinger-la-grande-annee-champagne-2015-coffret\/#primaryimage","url":"https:\/\/fonsvinum.com\/files\/2022\/05\/bollinger-la-grande-annee-2014-champagne.jpg","contentUrl":"https:\/\/fonsvinum.com\/files\/2022\/05\/bollinger-la-grande-annee-2014-champagne.jpg","width":415,"height":635},{"@type":"BreadcrumbList","@id":"https:\/\/fonsvinum.com\/en\/product\/bollinger-la-grande-annee-champagne-2015-coffret\/#breadcrumb","itemListElement":[{"@type":"ListItem","position":1,"name":"Startseite","item":"https:\/\/fonsvinum.com\/en\/"},{"@type":"ListItem","position":2,"name":"Shop","item":"https:\/\/fonsvinum.com\/en\/shop\/"},{"@type":"ListItem","position":3,"name":"BOLLINGER La Grande Annee Champagne 2015 Coffret"}]},{"@type":"WebSite","@id":"https:\/\/fonsvinum.com\/en\/#website","url":"https:\/\/fonsvinum.com\/en\/","name":"Fons Vinum","description":"Vendita Vino Online","publisher":{"@id":"https:\/\/fonsvinum.com\/en\/#organization"},"potentialAction":[{"@type":"SearchAction","target":{"@type":"EntryPoint","urlTemplate":"https:\/\/fonsvinum.com\/en\/?s={search_term_string}"},"query-input":{"@type":"PropertyValueSpecification","valueRequired":true,"valueName":"search_term_string"}}],"inLanguage":"en-US"},{"@type":"Organization","@id":"https:\/\/fonsvinum.com\/en\/#organization","name":"Fons Vinum","url":"https:\/\/fonsvinum.com\/en\/","logo":{"@type":"ImageObject","inLanguage":"en-US","@id":"https:\/\/fonsvinum.com\/en\/#\/schema\/logo\/image\/","url":"","contentUrl":"","caption":"Fons Vinum"},"image":{"@id":"https:\/\/fonsvinum.com\/en\/#\/schema\/logo\/image\/"}}]}},"acf":[],"_links":{"self":[{"href":"https:\/\/fonsvinum.com\/en\/wp-json\/wp\/v2\/product\/49002","targetHints":{"allow":["GET"]}}],"collection":[{"href":"https:\/\/fonsvinum.com\/en\/wp-json\/wp\/v2\/product"}],"about":[{"href":"https:\/\/fonsvinum.com\/en\/wp-json\/wp\/v2\/types\/product"}],"replies":[{"embeddable":true,"href":"https:\/\/fonsvinum.com\/en\/wp-json\/wp\/v2\/comments?post=49002"}],"wp:featuredmedia":[{"embeddable":true,"href":"https:\/\/fonsvinum.com\/en\/wp-json\/wp\/v2\/media\/37992"}],"wp:attachment":[{"href":"https:\/\/fonsvinum.com\/en\/wp-json\/wp\/v2\/media?parent=49002"}],"wp:term":[{"taxonomy":"product_brand","embeddable":true,"href":"https:\/\/fonsvinum.com\/en\/wp-json\/wp\/v2\/product_brand?post=49002"},{"taxonomy":"product_cat","embeddable":true,"href":"https:\/\/fonsvinum.com\/en\/wp-json\/wp\/v2\/product_cat?post=49002"},{"taxonomy":"product_tag","embeddable":true,"href":"https:\/\/fonsvinum.com\/en\/wp-json\/wp\/v2\/product_tag?post=49002"}],"curies":[{"name":"wp","href":"https:\/\/api.w.org\/{rel}","templated":true}]}}