{"id":47517,"date":"2025-09-25T09:38:36","date_gmt":"2025-09-25T07:38:36","guid":{"rendered":"https:\/\/fonsvinum.com\/?post_type=product&#038;p=47517"},"modified":"2025-11-26T15:52:39","modified_gmt":"2025-11-26T14:52:39","slug":"chartogne-taillet-champagne-le-rosebrut","status":"publish","type":"product","link":"https:\/\/fonsvinum.com\/en\/product\/chartogne-taillet-champagne-le-rosebrut\/","title":{"rendered":"CHARTOGNE TAILLET Champagne Le Rose&#8217;Brut"},"content":{"rendered":"<h2>CHARTOGNE TAILLET Champagne Le Rose&#8217;Brut<\/h2>\n<p>CHARTOGNE TAILLET Champagne Le Rose&#8217;Brut<\/p>\n<h2>MAISON CHARTOGNE TAILLET<\/h2>\n<p>Founded by Fiacre Taillet, the Maison has been led since 2006 by Alexandre Chartogne, whose family has been producing wine since 1683. An internship at Anselme Selosse&#8217;s winery in Avize completely changed his vision of the winemaking profession.<\/p>\n<p>The estate&#8217;s 12-hectare vineyards, facing south\/southeast, are located in Merfy, not far from Reims. They are planted with 40% Chardonnay, 35% Pinot Noir, 20% Pinot Meunier, and 5% Arbanne. To preserve nature, the estate does not use pesticides.<\/p>\n<p>Horses are used in the vineyards for clearing between the rows, tilling the soil, and other agricultural work that requires precision and greater care of the vines than tractors. The use of horses also allows for the avoidance of machinery that pollutes the air with fumes and waste, thus preserving the quality of the grapes and the health of the soil.<\/p>\n<p>The wines are not filtered to preserve their identity.<\/p>\n<p>Deeply attached to his terroir, Alexandre pays homage to it through his parcel-by-parcel cuv\u00e9es, a personal interpretation of a vineyard he considers a universal heritage, including Les Alli\u00e9es, Les Orizeaux, Les Barres, Heurtebise, and Les Beaux-Sens, as well as the Sainte-Anne cuv\u00e9e, a tribute to the patron saint of Merfy, and a delicate blend of all the domaine&#8217;s parcels.<\/p>\n<p>The House is a member of &#8220;Terres et Vins de Champagne,&#8221; an association of winemakers created in 2009 with the aim of promoting and promoting the wines and terroirs of around twenty small producers united by a vision and artisanal interpretation of the noblest of sparkling wines. Every spring, a tasting day is held in Champagne, where each winery presents some of its wines.<\/p>\n<h2>CHAMPAGNE LE ROSE&#8217;<\/h2>\n<blockquote><p>This blended ros\u00e9 combines power, warmth, and tension. The combination of wines from sandy, limestone soils and red wine produced in the Orizeaux gives this champagne a fresh and pleasant personality.<\/p>\n<p>(DISG. 01\/2019)<\/p><\/blockquote>\n","protected":false},"excerpt":{"rendered":"<p>CHARTOGNE TAILLET Champagne Le Rose&#8217;Brut CHARTOGNE TAILLET Champagne Le Rose&#8217;Brut MAISON CHARTOGNE TAILLET Founded by Fiacre Taillet, the Maison has been led since 2006 by Alexandre Chartogne, whose family has been producing wine since 1683. An internship at Anselme Selosse&#8217;s winery in Avize completely changed his vision of the winemaking profession. The estate&#8217;s 12-hectare vineyards, [&hellip;]<\/p>\n","protected":false},"featured_media":47529,"comment_status":"open","ping_status":"closed","template":"","meta":{"_acf_changed":false,"_monsterinsights_skip_tracking":false,"_monsterinsights_sitenote_active":false,"_monsterinsights_sitenote_note":"","_monsterinsights_sitenote_category":0},"product_brand":[],"product_cat":[2024,1199],"product_tag":[1832,140],"class_list":{"0":"post-47517","1":"product","2":"type-product","3":"status-publish","4":"has-post-thumbnail","6":"product_cat-champagne-en","7":"product_cat-rose-champagne-en","8":"product_tag-champagne-en","9":"product_tag-rare-wines","10":"pa_appellation-champagne-aoc-en","11":"pa_formato-0-75-l-bottle","12":"pa_region-champagne-en","13":"pa_vine-chardonnay-pinot-noir-en-2","15":"first","16":"instock","17":"taxable","18":"shipping-taxable","19":"purchasable","20":"product-type-simple"},"bundled_by":[],"bundle_stock_status":"instock","bundle_stock_quantity":2,"bundle_virtual":false,"bundle_layout":"","bundle_add_to_cart_form_location":"","bundle_editable_in_cart":false,"bundle_sold_individually_context":"","bundle_item_grouping":"","bundle_min_size":"","bundle_max_size":"","bundle_price":[],"bundled_items":[],"bundle_sell_ids":[],"yoast_head":"<!-- This site is optimized with the Yoast SEO plugin v27.3 - https:\/\/yoast.com\/product\/yoast-seo-wordpress\/ -->\n<title>CHARTOGNE TAILLET Champagne Le Rose&#039;Brut<\/title>\n<meta name=\"description\" content=\"Buy online on Fonsvinum.com CHARTOGNE TAILLET Champagne Le Rose&#039; Brut... This blended ros\u00e9 combines power, warmth, and tension.\" \/>\n<meta name=\"robots\" content=\"index, follow, max-snippet:-1, max-image-preview:large, max-video-preview:-1\" \/>\n<link rel=\"canonical\" href=\"https:\/\/fonsvinum.com\/en\/product\/chartogne-taillet-champagne-le-rosebrut\/\" \/>\n<meta property=\"og:locale\" content=\"en_US\" \/>\n<meta property=\"og:type\" content=\"article\" \/>\n<meta property=\"og:title\" content=\"CHARTOGNE TAILLET Champagne Le Rose&#039;Brut\" \/>\n<meta property=\"og:description\" content=\"Buy online on Fonsvinum.com CHARTOGNE TAILLET Champagne Le Rose&#039; Brut... This blended ros\u00e9 combines power, warmth, and tension.\" \/>\n<meta property=\"og:url\" content=\"https:\/\/fonsvinum.com\/en\/product\/chartogne-taillet-champagne-le-rosebrut\/\" \/>\n<meta property=\"og:site_name\" content=\"Fons Vinum\" \/>\n<meta property=\"article:modified_time\" content=\"2025-11-26T14:52:39+00:00\" \/>\n<meta property=\"og:image\" content=\"https:\/\/fonsvinum.com\/files\/2025\/09\/CHARTOGNE-TAILLET-Champagne-Le-Rose-Brut.png\" \/>\n\t<meta property=\"og:image:width\" content=\"200\" \/>\n\t<meta property=\"og:image:height\" content=\"600\" \/>\n\t<meta property=\"og:image:type\" content=\"image\/png\" \/>\n<meta name=\"twitter:label1\" content=\"Est. reading time\" \/>\n\t<meta name=\"twitter:data1\" content=\"2 minutes\" \/>\n<script type=\"application\/ld+json\" class=\"yoast-schema-graph\">{\"@context\":\"https:\\\/\\\/schema.org\",\"@graph\":[{\"@type\":\"WebPage\",\"@id\":\"https:\\\/\\\/fonsvinum.com\\\/en\\\/product\\\/chartogne-taillet-champagne-le-rosebrut\\\/\",\"url\":\"https:\\\/\\\/fonsvinum.com\\\/en\\\/product\\\/chartogne-taillet-champagne-le-rosebrut\\\/\",\"name\":\"CHARTOGNE TAILLET Champagne Le Rose'Brut\",\"isPartOf\":{\"@id\":\"https:\\\/\\\/fonsvinum.com\\\/en\\\/#website\"},\"primaryImageOfPage\":{\"@id\":\"https:\\\/\\\/fonsvinum.com\\\/en\\\/product\\\/chartogne-taillet-champagne-le-rosebrut\\\/#primaryimage\"},\"image\":{\"@id\":\"https:\\\/\\\/fonsvinum.com\\\/en\\\/product\\\/chartogne-taillet-champagne-le-rosebrut\\\/#primaryimage\"},\"thumbnailUrl\":\"https:\\\/\\\/fonsvinum.com\\\/files\\\/2025\\\/09\\\/CHARTOGNE-TAILLET-Champagne-Le-Rose-Brut.png\",\"datePublished\":\"2025-09-25T07:38:36+00:00\",\"dateModified\":\"2025-11-26T14:52:39+00:00\",\"description\":\"Buy online on Fonsvinum.com CHARTOGNE TAILLET Champagne Le Rose' Brut... This blended ros\u00e9 combines power, warmth, and tension.\",\"breadcrumb\":{\"@id\":\"https:\\\/\\\/fonsvinum.com\\\/en\\\/product\\\/chartogne-taillet-champagne-le-rosebrut\\\/#breadcrumb\"},\"inLanguage\":\"en-US\",\"potentialAction\":[{\"@type\":\"ReadAction\",\"target\":[\"https:\\\/\\\/fonsvinum.com\\\/en\\\/product\\\/chartogne-taillet-champagne-le-rosebrut\\\/\"]}]},{\"@type\":\"ImageObject\",\"inLanguage\":\"en-US\",\"@id\":\"https:\\\/\\\/fonsvinum.com\\\/en\\\/product\\\/chartogne-taillet-champagne-le-rosebrut\\\/#primaryimage\",\"url\":\"https:\\\/\\\/fonsvinum.com\\\/files\\\/2025\\\/09\\\/CHARTOGNE-TAILLET-Champagne-Le-Rose-Brut.png\",\"contentUrl\":\"https:\\\/\\\/fonsvinum.com\\\/files\\\/2025\\\/09\\\/CHARTOGNE-TAILLET-Champagne-Le-Rose-Brut.png\",\"width\":200,\"height\":600,\"caption\":\"CHARTOGNE TAILLET Champagne Le Rose Brut\"},{\"@type\":\"BreadcrumbList\",\"@id\":\"https:\\\/\\\/fonsvinum.com\\\/en\\\/product\\\/chartogne-taillet-champagne-le-rosebrut\\\/#breadcrumb\",\"itemListElement\":[{\"@type\":\"ListItem\",\"position\":1,\"name\":\"Startseite\",\"item\":\"https:\\\/\\\/fonsvinum.com\\\/en\\\/\"},{\"@type\":\"ListItem\",\"position\":2,\"name\":\"Shop\",\"item\":\"https:\\\/\\\/fonsvinum.com\\\/en\\\/shop\\\/\"},{\"@type\":\"ListItem\",\"position\":3,\"name\":\"CHARTOGNE TAILLET Champagne Le Rose&#8217;Brut\"}]},{\"@type\":\"WebSite\",\"@id\":\"https:\\\/\\\/fonsvinum.com\\\/en\\\/#website\",\"url\":\"https:\\\/\\\/fonsvinum.com\\\/en\\\/\",\"name\":\"Fons Vinum\",\"description\":\"Vendita Vino Online\",\"publisher\":{\"@id\":\"https:\\\/\\\/fonsvinum.com\\\/en\\\/#organization\"},\"potentialAction\":[{\"@type\":\"SearchAction\",\"target\":{\"@type\":\"EntryPoint\",\"urlTemplate\":\"https:\\\/\\\/fonsvinum.com\\\/en\\\/?s={search_term_string}\"},\"query-input\":{\"@type\":\"PropertyValueSpecification\",\"valueRequired\":true,\"valueName\":\"search_term_string\"}}],\"inLanguage\":\"en-US\"},{\"@type\":\"Organization\",\"@id\":\"https:\\\/\\\/fonsvinum.com\\\/en\\\/#organization\",\"name\":\"Fons Vinum\",\"url\":\"https:\\\/\\\/fonsvinum.com\\\/en\\\/\",\"logo\":{\"@type\":\"ImageObject\",\"inLanguage\":\"en-US\",\"@id\":\"https:\\\/\\\/fonsvinum.com\\\/en\\\/#\\\/schema\\\/logo\\\/image\\\/\",\"url\":\"\",\"contentUrl\":\"\",\"caption\":\"Fons Vinum\"},\"image\":{\"@id\":\"https:\\\/\\\/fonsvinum.com\\\/en\\\/#\\\/schema\\\/logo\\\/image\\\/\"}}]}<\/script>\n<!-- \/ Yoast SEO plugin. -->","yoast_head_json":{"title":"CHARTOGNE TAILLET Champagne Le Rose'Brut","description":"Buy online on Fonsvinum.com CHARTOGNE TAILLET Champagne Le Rose' Brut... This blended ros\u00e9 combines power, warmth, and tension.","robots":{"index":"index","follow":"follow","max-snippet":"max-snippet:-1","max-image-preview":"max-image-preview:large","max-video-preview":"max-video-preview:-1"},"canonical":"https:\/\/fonsvinum.com\/en\/product\/chartogne-taillet-champagne-le-rosebrut\/","og_locale":"en_US","og_type":"article","og_title":"CHARTOGNE TAILLET Champagne Le Rose'Brut","og_description":"Buy online on Fonsvinum.com CHARTOGNE TAILLET Champagne Le Rose' Brut... This blended ros\u00e9 combines power, warmth, and tension.","og_url":"https:\/\/fonsvinum.com\/en\/product\/chartogne-taillet-champagne-le-rosebrut\/","og_site_name":"Fons Vinum","article_modified_time":"2025-11-26T14:52:39+00:00","og_image":[{"width":200,"height":600,"url":"https:\/\/fonsvinum.com\/files\/2025\/09\/CHARTOGNE-TAILLET-Champagne-Le-Rose-Brut.png","type":"image\/png"}],"twitter_misc":{"Est. reading time":"2 minutes"},"schema":{"@context":"https:\/\/schema.org","@graph":[{"@type":"WebPage","@id":"https:\/\/fonsvinum.com\/en\/product\/chartogne-taillet-champagne-le-rosebrut\/","url":"https:\/\/fonsvinum.com\/en\/product\/chartogne-taillet-champagne-le-rosebrut\/","name":"CHARTOGNE TAILLET Champagne Le Rose'Brut","isPartOf":{"@id":"https:\/\/fonsvinum.com\/en\/#website"},"primaryImageOfPage":{"@id":"https:\/\/fonsvinum.com\/en\/product\/chartogne-taillet-champagne-le-rosebrut\/#primaryimage"},"image":{"@id":"https:\/\/fonsvinum.com\/en\/product\/chartogne-taillet-champagne-le-rosebrut\/#primaryimage"},"thumbnailUrl":"https:\/\/fonsvinum.com\/files\/2025\/09\/CHARTOGNE-TAILLET-Champagne-Le-Rose-Brut.png","datePublished":"2025-09-25T07:38:36+00:00","dateModified":"2025-11-26T14:52:39+00:00","description":"Buy online on Fonsvinum.com CHARTOGNE TAILLET Champagne Le Rose' Brut... This blended ros\u00e9 combines power, warmth, and tension.","breadcrumb":{"@id":"https:\/\/fonsvinum.com\/en\/product\/chartogne-taillet-champagne-le-rosebrut\/#breadcrumb"},"inLanguage":"en-US","potentialAction":[{"@type":"ReadAction","target":["https:\/\/fonsvinum.com\/en\/product\/chartogne-taillet-champagne-le-rosebrut\/"]}]},{"@type":"ImageObject","inLanguage":"en-US","@id":"https:\/\/fonsvinum.com\/en\/product\/chartogne-taillet-champagne-le-rosebrut\/#primaryimage","url":"https:\/\/fonsvinum.com\/files\/2025\/09\/CHARTOGNE-TAILLET-Champagne-Le-Rose-Brut.png","contentUrl":"https:\/\/fonsvinum.com\/files\/2025\/09\/CHARTOGNE-TAILLET-Champagne-Le-Rose-Brut.png","width":200,"height":600,"caption":"CHARTOGNE TAILLET Champagne Le Rose Brut"},{"@type":"BreadcrumbList","@id":"https:\/\/fonsvinum.com\/en\/product\/chartogne-taillet-champagne-le-rosebrut\/#breadcrumb","itemListElement":[{"@type":"ListItem","position":1,"name":"Startseite","item":"https:\/\/fonsvinum.com\/en\/"},{"@type":"ListItem","position":2,"name":"Shop","item":"https:\/\/fonsvinum.com\/en\/shop\/"},{"@type":"ListItem","position":3,"name":"CHARTOGNE TAILLET Champagne Le Rose&#8217;Brut"}]},{"@type":"WebSite","@id":"https:\/\/fonsvinum.com\/en\/#website","url":"https:\/\/fonsvinum.com\/en\/","name":"Fons Vinum","description":"Vendita Vino Online","publisher":{"@id":"https:\/\/fonsvinum.com\/en\/#organization"},"potentialAction":[{"@type":"SearchAction","target":{"@type":"EntryPoint","urlTemplate":"https:\/\/fonsvinum.com\/en\/?s={search_term_string}"},"query-input":{"@type":"PropertyValueSpecification","valueRequired":true,"valueName":"search_term_string"}}],"inLanguage":"en-US"},{"@type":"Organization","@id":"https:\/\/fonsvinum.com\/en\/#organization","name":"Fons Vinum","url":"https:\/\/fonsvinum.com\/en\/","logo":{"@type":"ImageObject","inLanguage":"en-US","@id":"https:\/\/fonsvinum.com\/en\/#\/schema\/logo\/image\/","url":"","contentUrl":"","caption":"Fons Vinum"},"image":{"@id":"https:\/\/fonsvinum.com\/en\/#\/schema\/logo\/image\/"}}]}},"acf":[],"_links":{"self":[{"href":"https:\/\/fonsvinum.com\/en\/wp-json\/wp\/v2\/product\/47517","targetHints":{"allow":["GET"]}}],"collection":[{"href":"https:\/\/fonsvinum.com\/en\/wp-json\/wp\/v2\/product"}],"about":[{"href":"https:\/\/fonsvinum.com\/en\/wp-json\/wp\/v2\/types\/product"}],"replies":[{"embeddable":true,"href":"https:\/\/fonsvinum.com\/en\/wp-json\/wp\/v2\/comments?post=47517"}],"wp:featuredmedia":[{"embeddable":true,"href":"https:\/\/fonsvinum.com\/en\/wp-json\/wp\/v2\/media\/47529"}],"wp:attachment":[{"href":"https:\/\/fonsvinum.com\/en\/wp-json\/wp\/v2\/media?parent=47517"}],"wp:term":[{"taxonomy":"product_brand","embeddable":true,"href":"https:\/\/fonsvinum.com\/en\/wp-json\/wp\/v2\/product_brand?post=47517"},{"taxonomy":"product_cat","embeddable":true,"href":"https:\/\/fonsvinum.com\/en\/wp-json\/wp\/v2\/product_cat?post=47517"},{"taxonomy":"product_tag","embeddable":true,"href":"https:\/\/fonsvinum.com\/en\/wp-json\/wp\/v2\/product_tag?post=47517"}],"curies":[{"name":"wp","href":"https:\/\/api.w.org\/{rel}","templated":true}]}}