{"id":41209,"date":"2023-06-08T11:56:13","date_gmt":"2023-06-08T09:56:13","guid":{"rendered":"https:\/\/fonsvinum.com\/?post_type=product&#038;p=41209"},"modified":"2023-06-08T12:10:55","modified_gmt":"2023-06-08T10:10:55","slug":"la-spinetta-barbera-dasti-ca-di-pian-2020","status":"publish","type":"product","link":"https:\/\/fonsvinum.com\/en\/product\/la-spinetta-barbera-dasti-ca-di-pian-2020\/","title":{"rendered":"LA SPINETTA Barbera d&#8217;Asti C\u00e0 di Pian 2020"},"content":{"rendered":"<h1><a href=\"https:\/\/www.la-spinetta.com\/en\/\">LA SPINETTA Barbera d&#8217;Asti C\u00e0 di Pian 2020<\/a><\/h1>\n<p><strong>Barbera C\u00e0 di Pian<\/strong>, intense nose of black currant and dried plums\u2026<\/p>\n<p><strong>Color<\/strong>: ruby red with purple reflections<\/p>\n<p><strong>Bouquet<\/strong>: Beautiful and complex aromas of black currant, dried plums\u00a0and Indian tea<\/p>\n<p><strong>Taste<\/strong>: complex, vibrant, focused wine with refreshing acidity and\u00a0ripe fruit<\/p>\n<p><strong>Evolution<\/strong>: 10 to 15 years<\/p>\n<p><strong>Pairings<\/strong>: all kinds of appetizers and soft cheeses<\/p>\n<p><strong>Alc. 14% vol.<\/strong><\/p>\n","protected":false},"excerpt":{"rendered":"<p>LA SPINETTA Barbera d&#8217;Asti C\u00e0 di Pian 2020 Barbera C\u00e0 di Pian, intense nose of black currant and dried plums\u2026 Color: ruby red with purple reflections Bouquet: Beautiful and complex aromas of black currant, dried plums\u00a0and Indian tea Taste: complex, vibrant, focused wine with refreshing acidity and\u00a0ripe fruit Evolution: 10 to 15 years Pairings: all [&hellip;]<\/p>\n","protected":false},"featured_media":41219,"comment_status":"open","ping_status":"closed","template":"","meta":{"_acf_changed":false,"_monsterinsights_skip_tracking":false,"_monsterinsights_sitenote_active":false,"_monsterinsights_sitenote_note":"","_monsterinsights_sitenote_category":0},"product_brand":[],"product_cat":[2074],"product_tag":[],"class_list":{"0":"post-41209","1":"product","2":"type-product","3":"status-publish","4":"has-post-thumbnail","6":"product_cat-barbera-en","7":"pa_appellation-barbera-dasti-docg-2","8":"pa_formato-0-75-l-bottle","9":"pa_producer-la-spinetta-en","10":"pa_region-piemonte-en","11":"pa_vine-100-barbera-en","12":"pa_vintage-2020-en","14":"first","15":"instock","16":"taxable","17":"shipping-taxable","18":"purchasable","19":"product-type-simple"},"bundled_by":[],"bundle_stock_status":"instock","bundle_stock_quantity":12,"bundle_virtual":false,"bundle_layout":"","bundle_add_to_cart_form_location":"","bundle_editable_in_cart":false,"bundle_sold_individually_context":"","bundle_item_grouping":"","bundle_min_size":"","bundle_max_size":"","bundle_price":[],"bundled_items":[],"bundle_sell_ids":[],"yoast_head":"<!-- This site is optimized with the Yoast SEO plugin v27.3 - https:\/\/yoast.com\/product\/yoast-seo-wordpress\/ -->\n<title>Buy online LA SPINETTA Barbera d&#039;Asti C\u00e0 di Pian 2020 FonsVinum<\/title>\n<meta name=\"description\" content=\"LA SPINETTA Barbera d&#039;Asti C\u00e0 di Pian 2020 Barbera C\u00e0 di Pian, intense nose of black currant and dried plums\u2026\" \/>\n<meta name=\"robots\" content=\"index, follow, max-snippet:-1, max-image-preview:large, max-video-preview:-1\" \/>\n<link rel=\"canonical\" href=\"https:\/\/fonsvinum.com\/en\/product\/la-spinetta-barbera-dasti-ca-di-pian-2020\/\" \/>\n<meta property=\"og:locale\" content=\"en_US\" \/>\n<meta property=\"og:type\" content=\"article\" \/>\n<meta property=\"og:title\" content=\"Buy online LA SPINETTA Barbera d&#039;Asti C\u00e0 di Pian 2020 FonsVinum\" \/>\n<meta property=\"og:description\" content=\"LA SPINETTA Barbera d&#039;Asti C\u00e0 di Pian 2020 Barbera C\u00e0 di Pian, intense nose of black currant and dried plums\u2026\" \/>\n<meta property=\"og:url\" content=\"https:\/\/fonsvinum.com\/en\/product\/la-spinetta-barbera-dasti-ca-di-pian-2020\/\" \/>\n<meta property=\"og:site_name\" content=\"Fons Vinum\" \/>\n<meta property=\"article:modified_time\" content=\"2023-06-08T10:10:55+00:00\" \/>\n<meta property=\"og:image\" content=\"https:\/\/fonsvinum.com\/files\/2023\/06\/barbera-d-asti-ca-di-pian-la-spinetta-2020-1.png\" \/>\n\t<meta property=\"og:image:width\" content=\"200\" \/>\n\t<meta property=\"og:image:height\" content=\"700\" \/>\n\t<meta property=\"og:image:type\" content=\"image\/png\" \/>\n<meta name=\"twitter:label1\" content=\"Est. reading time\" \/>\n\t<meta name=\"twitter:data1\" content=\"1 minute\" \/>\n<script type=\"application\/ld+json\" class=\"yoast-schema-graph\">{\"@context\":\"https:\\\/\\\/schema.org\",\"@graph\":[{\"@type\":\"WebPage\",\"@id\":\"https:\\\/\\\/fonsvinum.com\\\/en\\\/product\\\/la-spinetta-barbera-dasti-ca-di-pian-2020\\\/\",\"url\":\"https:\\\/\\\/fonsvinum.com\\\/en\\\/product\\\/la-spinetta-barbera-dasti-ca-di-pian-2020\\\/\",\"name\":\"Buy online LA SPINETTA Barbera d'Asti C\u00e0 di Pian 2020 FonsVinum\",\"isPartOf\":{\"@id\":\"https:\\\/\\\/fonsvinum.com\\\/en\\\/#website\"},\"primaryImageOfPage\":{\"@id\":\"https:\\\/\\\/fonsvinum.com\\\/en\\\/product\\\/la-spinetta-barbera-dasti-ca-di-pian-2020\\\/#primaryimage\"},\"image\":{\"@id\":\"https:\\\/\\\/fonsvinum.com\\\/en\\\/product\\\/la-spinetta-barbera-dasti-ca-di-pian-2020\\\/#primaryimage\"},\"thumbnailUrl\":\"https:\\\/\\\/fonsvinum.com\\\/files\\\/2023\\\/06\\\/barbera-d-asti-ca-di-pian-la-spinetta-2020-1.png\",\"datePublished\":\"2023-06-08T09:56:13+00:00\",\"dateModified\":\"2023-06-08T10:10:55+00:00\",\"description\":\"LA SPINETTA Barbera d'Asti C\u00e0 di Pian 2020 Barbera C\u00e0 di Pian, intense nose of black currant and dried plums\u2026\",\"breadcrumb\":{\"@id\":\"https:\\\/\\\/fonsvinum.com\\\/en\\\/product\\\/la-spinetta-barbera-dasti-ca-di-pian-2020\\\/#breadcrumb\"},\"inLanguage\":\"en-US\",\"potentialAction\":[{\"@type\":\"ReadAction\",\"target\":[\"https:\\\/\\\/fonsvinum.com\\\/en\\\/product\\\/la-spinetta-barbera-dasti-ca-di-pian-2020\\\/\"]}]},{\"@type\":\"ImageObject\",\"inLanguage\":\"en-US\",\"@id\":\"https:\\\/\\\/fonsvinum.com\\\/en\\\/product\\\/la-spinetta-barbera-dasti-ca-di-pian-2020\\\/#primaryimage\",\"url\":\"https:\\\/\\\/fonsvinum.com\\\/files\\\/2023\\\/06\\\/barbera-d-asti-ca-di-pian-la-spinetta-2020-1.png\",\"contentUrl\":\"https:\\\/\\\/fonsvinum.com\\\/files\\\/2023\\\/06\\\/barbera-d-asti-ca-di-pian-la-spinetta-2020-1.png\",\"width\":200,\"height\":700},{\"@type\":\"BreadcrumbList\",\"@id\":\"https:\\\/\\\/fonsvinum.com\\\/en\\\/product\\\/la-spinetta-barbera-dasti-ca-di-pian-2020\\\/#breadcrumb\",\"itemListElement\":[{\"@type\":\"ListItem\",\"position\":1,\"name\":\"Startseite\",\"item\":\"https:\\\/\\\/fonsvinum.com\\\/en\\\/\"},{\"@type\":\"ListItem\",\"position\":2,\"name\":\"Shop\",\"item\":\"https:\\\/\\\/fonsvinum.com\\\/en\\\/shop\\\/\"},{\"@type\":\"ListItem\",\"position\":3,\"name\":\"LA SPINETTA Barbera d&#8217;Asti C\u00e0 di Pian 2020\"}]},{\"@type\":\"WebSite\",\"@id\":\"https:\\\/\\\/fonsvinum.com\\\/en\\\/#website\",\"url\":\"https:\\\/\\\/fonsvinum.com\\\/en\\\/\",\"name\":\"Fons Vinum\",\"description\":\"Vendita Vino Online\",\"publisher\":{\"@id\":\"https:\\\/\\\/fonsvinum.com\\\/en\\\/#organization\"},\"potentialAction\":[{\"@type\":\"SearchAction\",\"target\":{\"@type\":\"EntryPoint\",\"urlTemplate\":\"https:\\\/\\\/fonsvinum.com\\\/en\\\/?s={search_term_string}\"},\"query-input\":{\"@type\":\"PropertyValueSpecification\",\"valueRequired\":true,\"valueName\":\"search_term_string\"}}],\"inLanguage\":\"en-US\"},{\"@type\":\"Organization\",\"@id\":\"https:\\\/\\\/fonsvinum.com\\\/en\\\/#organization\",\"name\":\"Fons Vinum\",\"url\":\"https:\\\/\\\/fonsvinum.com\\\/en\\\/\",\"logo\":{\"@type\":\"ImageObject\",\"inLanguage\":\"en-US\",\"@id\":\"https:\\\/\\\/fonsvinum.com\\\/en\\\/#\\\/schema\\\/logo\\\/image\\\/\",\"url\":\"\",\"contentUrl\":\"\",\"caption\":\"Fons Vinum\"},\"image\":{\"@id\":\"https:\\\/\\\/fonsvinum.com\\\/en\\\/#\\\/schema\\\/logo\\\/image\\\/\"}}]}<\/script>\n<!-- \/ Yoast SEO plugin. -->","yoast_head_json":{"title":"Buy online LA SPINETTA Barbera d'Asti C\u00e0 di Pian 2020 FonsVinum","description":"LA SPINETTA Barbera d'Asti C\u00e0 di Pian 2020 Barbera C\u00e0 di Pian, intense nose of black currant and dried plums\u2026","robots":{"index":"index","follow":"follow","max-snippet":"max-snippet:-1","max-image-preview":"max-image-preview:large","max-video-preview":"max-video-preview:-1"},"canonical":"https:\/\/fonsvinum.com\/en\/product\/la-spinetta-barbera-dasti-ca-di-pian-2020\/","og_locale":"en_US","og_type":"article","og_title":"Buy online LA SPINETTA Barbera d'Asti C\u00e0 di Pian 2020 FonsVinum","og_description":"LA SPINETTA Barbera d'Asti C\u00e0 di Pian 2020 Barbera C\u00e0 di Pian, intense nose of black currant and dried plums\u2026","og_url":"https:\/\/fonsvinum.com\/en\/product\/la-spinetta-barbera-dasti-ca-di-pian-2020\/","og_site_name":"Fons Vinum","article_modified_time":"2023-06-08T10:10:55+00:00","og_image":[{"width":200,"height":700,"url":"https:\/\/fonsvinum.com\/files\/2023\/06\/barbera-d-asti-ca-di-pian-la-spinetta-2020-1.png","type":"image\/png"}],"twitter_misc":{"Est. reading time":"1 minute"},"schema":{"@context":"https:\/\/schema.org","@graph":[{"@type":"WebPage","@id":"https:\/\/fonsvinum.com\/en\/product\/la-spinetta-barbera-dasti-ca-di-pian-2020\/","url":"https:\/\/fonsvinum.com\/en\/product\/la-spinetta-barbera-dasti-ca-di-pian-2020\/","name":"Buy online LA SPINETTA Barbera d'Asti C\u00e0 di Pian 2020 FonsVinum","isPartOf":{"@id":"https:\/\/fonsvinum.com\/en\/#website"},"primaryImageOfPage":{"@id":"https:\/\/fonsvinum.com\/en\/product\/la-spinetta-barbera-dasti-ca-di-pian-2020\/#primaryimage"},"image":{"@id":"https:\/\/fonsvinum.com\/en\/product\/la-spinetta-barbera-dasti-ca-di-pian-2020\/#primaryimage"},"thumbnailUrl":"https:\/\/fonsvinum.com\/files\/2023\/06\/barbera-d-asti-ca-di-pian-la-spinetta-2020-1.png","datePublished":"2023-06-08T09:56:13+00:00","dateModified":"2023-06-08T10:10:55+00:00","description":"LA SPINETTA Barbera d'Asti C\u00e0 di Pian 2020 Barbera C\u00e0 di Pian, intense nose of black currant and dried plums\u2026","breadcrumb":{"@id":"https:\/\/fonsvinum.com\/en\/product\/la-spinetta-barbera-dasti-ca-di-pian-2020\/#breadcrumb"},"inLanguage":"en-US","potentialAction":[{"@type":"ReadAction","target":["https:\/\/fonsvinum.com\/en\/product\/la-spinetta-barbera-dasti-ca-di-pian-2020\/"]}]},{"@type":"ImageObject","inLanguage":"en-US","@id":"https:\/\/fonsvinum.com\/en\/product\/la-spinetta-barbera-dasti-ca-di-pian-2020\/#primaryimage","url":"https:\/\/fonsvinum.com\/files\/2023\/06\/barbera-d-asti-ca-di-pian-la-spinetta-2020-1.png","contentUrl":"https:\/\/fonsvinum.com\/files\/2023\/06\/barbera-d-asti-ca-di-pian-la-spinetta-2020-1.png","width":200,"height":700},{"@type":"BreadcrumbList","@id":"https:\/\/fonsvinum.com\/en\/product\/la-spinetta-barbera-dasti-ca-di-pian-2020\/#breadcrumb","itemListElement":[{"@type":"ListItem","position":1,"name":"Startseite","item":"https:\/\/fonsvinum.com\/en\/"},{"@type":"ListItem","position":2,"name":"Shop","item":"https:\/\/fonsvinum.com\/en\/shop\/"},{"@type":"ListItem","position":3,"name":"LA SPINETTA Barbera d&#8217;Asti C\u00e0 di Pian 2020"}]},{"@type":"WebSite","@id":"https:\/\/fonsvinum.com\/en\/#website","url":"https:\/\/fonsvinum.com\/en\/","name":"Fons Vinum","description":"Vendita Vino Online","publisher":{"@id":"https:\/\/fonsvinum.com\/en\/#organization"},"potentialAction":[{"@type":"SearchAction","target":{"@type":"EntryPoint","urlTemplate":"https:\/\/fonsvinum.com\/en\/?s={search_term_string}"},"query-input":{"@type":"PropertyValueSpecification","valueRequired":true,"valueName":"search_term_string"}}],"inLanguage":"en-US"},{"@type":"Organization","@id":"https:\/\/fonsvinum.com\/en\/#organization","name":"Fons Vinum","url":"https:\/\/fonsvinum.com\/en\/","logo":{"@type":"ImageObject","inLanguage":"en-US","@id":"https:\/\/fonsvinum.com\/en\/#\/schema\/logo\/image\/","url":"","contentUrl":"","caption":"Fons Vinum"},"image":{"@id":"https:\/\/fonsvinum.com\/en\/#\/schema\/logo\/image\/"}}]}},"acf":[],"_links":{"self":[{"href":"https:\/\/fonsvinum.com\/en\/wp-json\/wp\/v2\/product\/41209","targetHints":{"allow":["GET"]}}],"collection":[{"href":"https:\/\/fonsvinum.com\/en\/wp-json\/wp\/v2\/product"}],"about":[{"href":"https:\/\/fonsvinum.com\/en\/wp-json\/wp\/v2\/types\/product"}],"replies":[{"embeddable":true,"href":"https:\/\/fonsvinum.com\/en\/wp-json\/wp\/v2\/comments?post=41209"}],"wp:featuredmedia":[{"embeddable":true,"href":"https:\/\/fonsvinum.com\/en\/wp-json\/wp\/v2\/media\/41219"}],"wp:attachment":[{"href":"https:\/\/fonsvinum.com\/en\/wp-json\/wp\/v2\/media?parent=41209"}],"wp:term":[{"taxonomy":"product_brand","embeddable":true,"href":"https:\/\/fonsvinum.com\/en\/wp-json\/wp\/v2\/product_brand?post=41209"},{"taxonomy":"product_cat","embeddable":true,"href":"https:\/\/fonsvinum.com\/en\/wp-json\/wp\/v2\/product_cat?post=41209"},{"taxonomy":"product_tag","embeddable":true,"href":"https:\/\/fonsvinum.com\/en\/wp-json\/wp\/v2\/product_tag?post=41209"}],"curies":[{"name":"wp","href":"https:\/\/api.w.org\/{rel}","templated":true}]}}