{"id":38966,"date":"2022-12-07T11:02:04","date_gmt":"2022-12-07T10:02:04","guid":{"rendered":"https:\/\/fonsvinum.com\/?post_type=product&#038;p=38966"},"modified":"2024-08-31T21:17:21","modified_gmt":"2024-08-31T19:17:21","slug":"pierre-morey-bourgogne-chardonnay-cote-dor-2020","status":"publish","type":"product","link":"https:\/\/fonsvinum.com\/en\/product\/pierre-morey-bourgogne-chardonnay-cote-dor-2020\/","title":{"rendered":"PIERRE MOREY Bourgogne Chardonnay C\u00f4te d&#8217;Or 2020"},"content":{"rendered":"<h1>PIERRE MOREY Bourgogne Chardonnay C\u00f4te d&#8217;Or 2020<\/h1>\n<p>All the Bourgogne &#8220;Chardonnay&#8221; vines from Domaine Pierre MOREY are located in the Meursault area, in relatively deep, clay and chalk soils.<\/p>\n<p>Wines are fleshy, well structured. Despite of the early opening of this appellation, rigour and quality of production allow a good ageing, la plupart des vignes \u00e9tant situ\u00e9es \u00e0 proximit\u00e9 immediate de l\u2019appellation village.<\/p>\n<h2>Pierre Morey<\/h2>\n<p>Pierre Morey is considered the guru of Burgundy. The fame that he has built is also given by the wealth of knowledge that he brings with him thanks to the several generations of winemakers in the family that precede him, who have lived in Meursault since 1793. In 1935, Pierre&#8217;s father, Auguste Morey, became a sharecropper for the Domaine Des Comte Lafon, a legendary producer in the area. At the time, after the economic crisis of 1929, the situation of the wine industry was at an all-time low and vineyard owners were having a hard time keeping their businesses running. It was at the end of 1971 that Pierre established the current Domaine, but before that period, all the wines produced by his family were sold under the Auguste Morey-Genelot label. Today, together with their daughter Anne, they are owners of nine hectares of vineyards located in the municipalities of Monthelie, Pommard, Puligny-Montrachet and Meursault. In biodynamics since 1997, it began in 1991 to return to natural cultivation and vinification after seeing the development of new diseases in the vineyards and the disappearance of snails (the famous &#8220;escargots bourguignons&#8221;) in the same. Since 1992 the Morey family also owns a company like n\u00e9gociant, called Morey-Blanc, through which they buy grapes from third parties, taking care of the winemaking , bottling and marketing. It produces wines of finesse and complexity expressing the uniqueness of the great terroirs that have made Bourgogne famous all over the world: among the best wines produced are the &#8220;Volnay Santenots 1er Cru&#8221;, the &#8220;Meursault Blanc Les Tessons&#8221; and the great Meursault Blanc Perrieres 1er Cru, all wines bearers of a great historical heritage and traditions.<\/p>\n","protected":false},"excerpt":{"rendered":"<p>PIERRE MOREY Bourgogne Chardonnay C\u00f4te d&#8217;Or 2020 All the Bourgogne &#8220;Chardonnay&#8221; vines from Domaine Pierre MOREY are located in the Meursault area, in relatively deep, clay and chalk soils. Wines are fleshy, well structured. Despite of the early opening of this appellation, rigour and quality of production allow a good ageing, la plupart des vignes [&hellip;]<\/p>\n","protected":false},"featured_media":38976,"comment_status":"open","ping_status":"closed","template":"","meta":{"_acf_changed":false,"_monsterinsights_skip_tracking":false,"_monsterinsights_sitenote_active":false,"_monsterinsights_sitenote_note":"","_monsterinsights_sitenote_category":0},"product_brand":[],"product_cat":[17935,217,136],"product_tag":[15879,17726,17740],"class_list":{"0":"post-38966","1":"product","2":"type-product","3":"status-publish","4":"has-post-thumbnail","6":"product_cat-bourgogne-en-2","7":"product_cat-chardonnay-en","8":"product_cat-white-wines","9":"product_tag-chardonnay-en","10":"product_tag-francia-en","11":"product_tag-vino-bianco-en","12":"pa_formato-0-75-l-bottle","13":"pa_vine-100-chardonnay-en","14":"pa_vintage-2020-en","16":"first","17":"outofstock","18":"taxable","19":"shipping-taxable","20":"purchasable","21":"product-type-simple"},"bundled_by":[],"bundle_stock_status":"outofstock","bundle_stock_quantity":0,"bundle_virtual":false,"bundle_layout":"","bundle_add_to_cart_form_location":"","bundle_editable_in_cart":false,"bundle_sold_individually_context":"","bundle_item_grouping":"","bundle_min_size":"","bundle_max_size":"","bundle_price":[],"bundled_items":[],"bundle_sell_ids":[],"yoast_head":"<!-- This site is optimized with the Yoast SEO plugin v27.3 - https:\/\/yoast.com\/product\/yoast-seo-wordpress\/ -->\n<title>Buy online PIERRE MOREY Chardonnay 2020 Fons Vinum<\/title>\n<meta name=\"description\" content=\"Buy online at Fons Vinum PIERRE MOREY Bourgogne Chardonnay C\u00f4te d&#039;Or 2020 -French elite wine made in borgogne by Pierre Morey...\" \/>\n<meta name=\"robots\" content=\"index, follow, max-snippet:-1, max-image-preview:large, max-video-preview:-1\" \/>\n<link rel=\"canonical\" href=\"https:\/\/fonsvinum.com\/en\/product\/pierre-morey-bourgogne-chardonnay-cote-dor-2020\/\" \/>\n<meta property=\"og:locale\" content=\"en_US\" \/>\n<meta property=\"og:type\" content=\"article\" \/>\n<meta property=\"og:title\" content=\"Buy online PIERRE MOREY Chardonnay 2020 Fons Vinum\" \/>\n<meta property=\"og:description\" content=\"Buy online at Fons Vinum PIERRE MOREY Bourgogne Chardonnay C\u00f4te d&#039;Or 2020 -French elite wine made in borgogne by Pierre Morey...\" \/>\n<meta property=\"og:url\" content=\"https:\/\/fonsvinum.com\/en\/product\/pierre-morey-bourgogne-chardonnay-cote-dor-2020\/\" \/>\n<meta property=\"og:site_name\" content=\"Fons Vinum\" \/>\n<meta property=\"article:modified_time\" content=\"2024-08-31T19:17:21+00:00\" \/>\n<meta property=\"og:image\" content=\"https:\/\/fonsvinum.com\/files\/2022\/12\/bourgogne-cote-d-or-chardonnay-1.png\" \/>\n\t<meta property=\"og:image:width\" content=\"200\" \/>\n\t<meta property=\"og:image:height\" content=\"600\" \/>\n\t<meta property=\"og:image:type\" content=\"image\/png\" \/>\n<meta name=\"twitter:label1\" content=\"Est. reading time\" \/>\n\t<meta name=\"twitter:data1\" content=\"2 minutes\" \/>\n<script type=\"application\/ld+json\" class=\"yoast-schema-graph\">{\"@context\":\"https:\\\/\\\/schema.org\",\"@graph\":[{\"@type\":\"WebPage\",\"@id\":\"https:\\\/\\\/fonsvinum.com\\\/en\\\/product\\\/pierre-morey-bourgogne-chardonnay-cote-dor-2020\\\/\",\"url\":\"https:\\\/\\\/fonsvinum.com\\\/en\\\/product\\\/pierre-morey-bourgogne-chardonnay-cote-dor-2020\\\/\",\"name\":\"Buy online PIERRE MOREY Chardonnay 2020 Fons Vinum\",\"isPartOf\":{\"@id\":\"https:\\\/\\\/fonsvinum.com\\\/en\\\/#website\"},\"primaryImageOfPage\":{\"@id\":\"https:\\\/\\\/fonsvinum.com\\\/en\\\/product\\\/pierre-morey-bourgogne-chardonnay-cote-dor-2020\\\/#primaryimage\"},\"image\":{\"@id\":\"https:\\\/\\\/fonsvinum.com\\\/en\\\/product\\\/pierre-morey-bourgogne-chardonnay-cote-dor-2020\\\/#primaryimage\"},\"thumbnailUrl\":\"https:\\\/\\\/fonsvinum.com\\\/files\\\/2022\\\/12\\\/bourgogne-cote-d-or-chardonnay-1.png\",\"datePublished\":\"2022-12-07T10:02:04+00:00\",\"dateModified\":\"2024-08-31T19:17:21+00:00\",\"description\":\"Buy online at Fons Vinum PIERRE MOREY Bourgogne Chardonnay C\u00f4te d'Or 2020 -French elite wine made in borgogne by Pierre Morey...\",\"breadcrumb\":{\"@id\":\"https:\\\/\\\/fonsvinum.com\\\/en\\\/product\\\/pierre-morey-bourgogne-chardonnay-cote-dor-2020\\\/#breadcrumb\"},\"inLanguage\":\"en-US\",\"potentialAction\":[{\"@type\":\"ReadAction\",\"target\":[\"https:\\\/\\\/fonsvinum.com\\\/en\\\/product\\\/pierre-morey-bourgogne-chardonnay-cote-dor-2020\\\/\"]}]},{\"@type\":\"ImageObject\",\"inLanguage\":\"en-US\",\"@id\":\"https:\\\/\\\/fonsvinum.com\\\/en\\\/product\\\/pierre-morey-bourgogne-chardonnay-cote-dor-2020\\\/#primaryimage\",\"url\":\"https:\\\/\\\/fonsvinum.com\\\/files\\\/2022\\\/12\\\/bourgogne-cote-d-or-chardonnay-1.png\",\"contentUrl\":\"https:\\\/\\\/fonsvinum.com\\\/files\\\/2022\\\/12\\\/bourgogne-cote-d-or-chardonnay-1.png\",\"width\":200,\"height\":600},{\"@type\":\"BreadcrumbList\",\"@id\":\"https:\\\/\\\/fonsvinum.com\\\/en\\\/product\\\/pierre-morey-bourgogne-chardonnay-cote-dor-2020\\\/#breadcrumb\",\"itemListElement\":[{\"@type\":\"ListItem\",\"position\":1,\"name\":\"Startseite\",\"item\":\"https:\\\/\\\/fonsvinum.com\\\/en\\\/\"},{\"@type\":\"ListItem\",\"position\":2,\"name\":\"Shop\",\"item\":\"https:\\\/\\\/fonsvinum.com\\\/en\\\/shop\\\/\"},{\"@type\":\"ListItem\",\"position\":3,\"name\":\"PIERRE MOREY Bourgogne Chardonnay C\u00f4te d&#8217;Or 2020\"}]},{\"@type\":\"WebSite\",\"@id\":\"https:\\\/\\\/fonsvinum.com\\\/en\\\/#website\",\"url\":\"https:\\\/\\\/fonsvinum.com\\\/en\\\/\",\"name\":\"Fons Vinum\",\"description\":\"Vendita Vino Online\",\"publisher\":{\"@id\":\"https:\\\/\\\/fonsvinum.com\\\/en\\\/#organization\"},\"potentialAction\":[{\"@type\":\"SearchAction\",\"target\":{\"@type\":\"EntryPoint\",\"urlTemplate\":\"https:\\\/\\\/fonsvinum.com\\\/en\\\/?s={search_term_string}\"},\"query-input\":{\"@type\":\"PropertyValueSpecification\",\"valueRequired\":true,\"valueName\":\"search_term_string\"}}],\"inLanguage\":\"en-US\"},{\"@type\":\"Organization\",\"@id\":\"https:\\\/\\\/fonsvinum.com\\\/en\\\/#organization\",\"name\":\"Fons Vinum\",\"url\":\"https:\\\/\\\/fonsvinum.com\\\/en\\\/\",\"logo\":{\"@type\":\"ImageObject\",\"inLanguage\":\"en-US\",\"@id\":\"https:\\\/\\\/fonsvinum.com\\\/en\\\/#\\\/schema\\\/logo\\\/image\\\/\",\"url\":\"\",\"contentUrl\":\"\",\"caption\":\"Fons Vinum\"},\"image\":{\"@id\":\"https:\\\/\\\/fonsvinum.com\\\/en\\\/#\\\/schema\\\/logo\\\/image\\\/\"}}]}<\/script>\n<!-- \/ Yoast SEO plugin. -->","yoast_head_json":{"title":"Buy online PIERRE MOREY Chardonnay 2020 Fons Vinum","description":"Buy online at Fons Vinum PIERRE MOREY Bourgogne Chardonnay C\u00f4te d'Or 2020 -French elite wine made in borgogne by Pierre Morey...","robots":{"index":"index","follow":"follow","max-snippet":"max-snippet:-1","max-image-preview":"max-image-preview:large","max-video-preview":"max-video-preview:-1"},"canonical":"https:\/\/fonsvinum.com\/en\/product\/pierre-morey-bourgogne-chardonnay-cote-dor-2020\/","og_locale":"en_US","og_type":"article","og_title":"Buy online PIERRE MOREY Chardonnay 2020 Fons Vinum","og_description":"Buy online at Fons Vinum PIERRE MOREY Bourgogne Chardonnay C\u00f4te d'Or 2020 -French elite wine made in borgogne by Pierre Morey...","og_url":"https:\/\/fonsvinum.com\/en\/product\/pierre-morey-bourgogne-chardonnay-cote-dor-2020\/","og_site_name":"Fons Vinum","article_modified_time":"2024-08-31T19:17:21+00:00","og_image":[{"width":200,"height":600,"url":"https:\/\/fonsvinum.com\/files\/2022\/12\/bourgogne-cote-d-or-chardonnay-1.png","type":"image\/png"}],"twitter_misc":{"Est. reading time":"2 minutes"},"schema":{"@context":"https:\/\/schema.org","@graph":[{"@type":"WebPage","@id":"https:\/\/fonsvinum.com\/en\/product\/pierre-morey-bourgogne-chardonnay-cote-dor-2020\/","url":"https:\/\/fonsvinum.com\/en\/product\/pierre-morey-bourgogne-chardonnay-cote-dor-2020\/","name":"Buy online PIERRE MOREY Chardonnay 2020 Fons Vinum","isPartOf":{"@id":"https:\/\/fonsvinum.com\/en\/#website"},"primaryImageOfPage":{"@id":"https:\/\/fonsvinum.com\/en\/product\/pierre-morey-bourgogne-chardonnay-cote-dor-2020\/#primaryimage"},"image":{"@id":"https:\/\/fonsvinum.com\/en\/product\/pierre-morey-bourgogne-chardonnay-cote-dor-2020\/#primaryimage"},"thumbnailUrl":"https:\/\/fonsvinum.com\/files\/2022\/12\/bourgogne-cote-d-or-chardonnay-1.png","datePublished":"2022-12-07T10:02:04+00:00","dateModified":"2024-08-31T19:17:21+00:00","description":"Buy online at Fons Vinum PIERRE MOREY Bourgogne Chardonnay C\u00f4te d'Or 2020 -French elite wine made in borgogne by Pierre Morey...","breadcrumb":{"@id":"https:\/\/fonsvinum.com\/en\/product\/pierre-morey-bourgogne-chardonnay-cote-dor-2020\/#breadcrumb"},"inLanguage":"en-US","potentialAction":[{"@type":"ReadAction","target":["https:\/\/fonsvinum.com\/en\/product\/pierre-morey-bourgogne-chardonnay-cote-dor-2020\/"]}]},{"@type":"ImageObject","inLanguage":"en-US","@id":"https:\/\/fonsvinum.com\/en\/product\/pierre-morey-bourgogne-chardonnay-cote-dor-2020\/#primaryimage","url":"https:\/\/fonsvinum.com\/files\/2022\/12\/bourgogne-cote-d-or-chardonnay-1.png","contentUrl":"https:\/\/fonsvinum.com\/files\/2022\/12\/bourgogne-cote-d-or-chardonnay-1.png","width":200,"height":600},{"@type":"BreadcrumbList","@id":"https:\/\/fonsvinum.com\/en\/product\/pierre-morey-bourgogne-chardonnay-cote-dor-2020\/#breadcrumb","itemListElement":[{"@type":"ListItem","position":1,"name":"Startseite","item":"https:\/\/fonsvinum.com\/en\/"},{"@type":"ListItem","position":2,"name":"Shop","item":"https:\/\/fonsvinum.com\/en\/shop\/"},{"@type":"ListItem","position":3,"name":"PIERRE MOREY Bourgogne Chardonnay C\u00f4te d&#8217;Or 2020"}]},{"@type":"WebSite","@id":"https:\/\/fonsvinum.com\/en\/#website","url":"https:\/\/fonsvinum.com\/en\/","name":"Fons Vinum","description":"Vendita Vino Online","publisher":{"@id":"https:\/\/fonsvinum.com\/en\/#organization"},"potentialAction":[{"@type":"SearchAction","target":{"@type":"EntryPoint","urlTemplate":"https:\/\/fonsvinum.com\/en\/?s={search_term_string}"},"query-input":{"@type":"PropertyValueSpecification","valueRequired":true,"valueName":"search_term_string"}}],"inLanguage":"en-US"},{"@type":"Organization","@id":"https:\/\/fonsvinum.com\/en\/#organization","name":"Fons Vinum","url":"https:\/\/fonsvinum.com\/en\/","logo":{"@type":"ImageObject","inLanguage":"en-US","@id":"https:\/\/fonsvinum.com\/en\/#\/schema\/logo\/image\/","url":"","contentUrl":"","caption":"Fons Vinum"},"image":{"@id":"https:\/\/fonsvinum.com\/en\/#\/schema\/logo\/image\/"}}]}},"acf":[],"_links":{"self":[{"href":"https:\/\/fonsvinum.com\/en\/wp-json\/wp\/v2\/product\/38966","targetHints":{"allow":["GET"]}}],"collection":[{"href":"https:\/\/fonsvinum.com\/en\/wp-json\/wp\/v2\/product"}],"about":[{"href":"https:\/\/fonsvinum.com\/en\/wp-json\/wp\/v2\/types\/product"}],"replies":[{"embeddable":true,"href":"https:\/\/fonsvinum.com\/en\/wp-json\/wp\/v2\/comments?post=38966"}],"wp:featuredmedia":[{"embeddable":true,"href":"https:\/\/fonsvinum.com\/en\/wp-json\/wp\/v2\/media\/38976"}],"wp:attachment":[{"href":"https:\/\/fonsvinum.com\/en\/wp-json\/wp\/v2\/media?parent=38966"}],"wp:term":[{"taxonomy":"product_brand","embeddable":true,"href":"https:\/\/fonsvinum.com\/en\/wp-json\/wp\/v2\/product_brand?post=38966"},{"taxonomy":"product_cat","embeddable":true,"href":"https:\/\/fonsvinum.com\/en\/wp-json\/wp\/v2\/product_cat?post=38966"},{"taxonomy":"product_tag","embeddable":true,"href":"https:\/\/fonsvinum.com\/en\/wp-json\/wp\/v2\/product_tag?post=38966"}],"curies":[{"name":"wp","href":"https:\/\/api.w.org\/{rel}","templated":true}]}}