{"id":33858,"date":"2021-06-24T10:08:31","date_gmt":"2021-06-24T08:08:31","guid":{"rendered":"https:\/\/fonsvinum.com\/?post_type=product&#038;p=33858"},"modified":"2021-06-24T10:47:08","modified_gmt":"2021-06-24T08:47:08","slug":"franck-debut-blanc-de-blancs-champagne","status":"publish","type":"product","link":"https:\/\/fonsvinum.com\/en\/product\/franck-debut-blanc-de-blancs-champagne\/","title":{"rendered":"FRANCK DEBUT Blanc de Blancs Champagne"},"content":{"rendered":"<h2>FRANCK DEBUT<\/h2>\n<p>Nestled on the slopes of the massif valonn\u00e9s Saint Thierry; the village of Hermonville is probably twice millennium, since his name is derived from the Latin Heremundi name given to a villa from the Gallo-Roman period. From the XII and XIII centuries, the wines Hermonville called &#8220;mountain wine&#8221; are renowned far beyond the borders of Champagne.<\/p>\n<p>In 1406, the Royal Hotel is increasing its supply of wines and the town of Hermonville becomes a major trade. This trend is accentuating the XV and XVI centuries, and in 1825; the wines mostly exported to the North, become the heart of of Hermonville activity. With the stroke of genius of Dom Perignon in 1668, Champagne takes off.<\/p>\n<p>At first, it n &#8216;is accessible to royal and princely courts due to limited production and high prices. In the nineteenth century, it is all the festivals. Unfortunately in 1900, phylloxera devastated the vineyards Hermonville, the area increased from 193 hectares to 8 hectares. Patiently, at the cost of persistent work, the vineyard slowly regaining lost ground, and currently, 98 hectares are planted in three varieties. However, nothing is gained and the harsh climate requires constant vigilance Champagne, made of ancestral repeats and laborious gestures whose regularity and quality of grapes produced depend.<\/p>\n<p>Nous apportons une attention toute particuli\u00e8re \u00e0 l&#8217;\u00e9volution de la vigne , du cep \u00e0 la ceuillette. C&#8217;est pourquoi la vendange reste un moment privil\u00e9gi\u00e9 de convivialit\u00e9 : elle couronne une ann\u00e9e de travail acharn\u00e9, de craintes et d&#8217;espoirs qui seront r\u00e9compens\u00e9s par un grand Champagne .<\/p>\n<h2><a href=\"https:\/\/fonsvinum.com\/en\/shop\/\">CHAMPAGNE <\/a>BRUT BLANC DE BLANCS<\/h2>\n<p>The only white grape variety, the Chardonnay expresses itself differently depending on the region.<\/p>\n<p>It provides us with calcareous aromas like the limestone on which it excels, or gratifies us with more exotic aromas in more continental climates and also hints of white flowers like hawthorn and acacia.<\/p>\n","protected":false},"excerpt":{"rendered":"<p>FRANCK DEBUT Nestled on the slopes of the massif valonn\u00e9s Saint Thierry; the village of Hermonville is probably twice millennium, since his name is derived from the Latin Heremundi name given to a villa from the Gallo-Roman period. From the XII and XIII centuries, the wines Hermonville called &#8220;mountain wine&#8221; are renowned far beyond the [&hellip;]<\/p>\n","protected":false},"featured_media":33862,"comment_status":"open","ping_status":"closed","template":"","meta":{"_acf_changed":false,"_monsterinsights_skip_tracking":false,"_monsterinsights_sitenote_active":false,"_monsterinsights_sitenote_note":"","_monsterinsights_sitenote_category":0},"product_brand":[],"product_cat":[142],"product_tag":[1832,1833,17726],"class_list":{"0":"post-33858","1":"product","2":"type-product","3":"status-publish","4":"has-post-thumbnail","6":"product_cat-blanc-de-blancs-en","7":"product_tag-champagne-en","8":"product_tag-champagne-under-30-euro-en","9":"product_tag-francia-en","10":"pa_appellation-champagne-en","11":"pa_formato-0-75-l-bottle","12":"pa_region-champagne-en","13":"pa_vine-100-chardonnay-en","14":"pa_vintage-s-a-en","16":"first","17":"outofstock","18":"taxable","19":"shipping-taxable","20":"purchasable","21":"product-type-simple"},"bundled_by":[],"bundle_stock_status":"outofstock","bundle_stock_quantity":0,"bundle_virtual":false,"bundle_layout":"","bundle_add_to_cart_form_location":"","bundle_editable_in_cart":false,"bundle_sold_individually_context":"","bundle_item_grouping":"","bundle_min_size":"","bundle_max_size":"","bundle_price":[],"bundled_items":[],"bundle_sell_ids":[],"yoast_head":"<!-- This site is optimized with the Yoast SEO plugin v27.2 - https:\/\/yoast.com\/product\/yoast-seo-wordpress\/ -->\n<title>Buy online on FonsVinum FRANCK DEBUT Blanc de Blancs Champagne<\/title>\n<meta name=\"description\" content=\"Buy online FRANCK DEBUT Blanc de Blancs Champagne, the Chardonnay expresses itself differently depending on the region...\" \/>\n<meta name=\"robots\" content=\"index, follow, max-snippet:-1, max-image-preview:large, max-video-preview:-1\" \/>\n<link rel=\"canonical\" href=\"https:\/\/fonsvinum.com\/en\/product\/franck-debut-blanc-de-blancs-champagne\/\" \/>\n<meta property=\"og:locale\" content=\"en_US\" \/>\n<meta property=\"og:type\" content=\"article\" \/>\n<meta property=\"og:title\" content=\"Buy online on FonsVinum FRANCK DEBUT Blanc de Blancs Champagne\" \/>\n<meta property=\"og:description\" content=\"Buy online FRANCK DEBUT Blanc de Blancs Champagne, the Chardonnay expresses itself differently depending on the region...\" \/>\n<meta property=\"og:url\" content=\"https:\/\/fonsvinum.com\/en\/product\/franck-debut-blanc-de-blancs-champagne\/\" \/>\n<meta property=\"og:site_name\" content=\"Fons Vinum\" \/>\n<meta property=\"article:modified_time\" content=\"2021-06-24T08:47:08+00:00\" \/>\n<meta property=\"og:image\" content=\"https:\/\/fonsvinum.com\/files\/2021\/06\/champagne-franck-debut-blanc-de-blancs.jpg\" \/>\n\t<meta property=\"og:image:width\" content=\"200\" \/>\n\t<meta property=\"og:image:height\" content=\"600\" \/>\n\t<meta property=\"og:image:type\" content=\"image\/jpeg\" \/>\n<meta name=\"twitter:label1\" content=\"Est. reading time\" \/>\n\t<meta name=\"twitter:data1\" content=\"2 minutes\" \/>\n<script type=\"application\/ld+json\" class=\"yoast-schema-graph\">{\"@context\":\"https:\/\/schema.org\",\"@graph\":[{\"@type\":\"WebPage\",\"@id\":\"https:\/\/fonsvinum.com\/en\/product\/franck-debut-blanc-de-blancs-champagne\/\",\"url\":\"https:\/\/fonsvinum.com\/en\/product\/franck-debut-blanc-de-blancs-champagne\/\",\"name\":\"Buy online on FonsVinum FRANCK DEBUT Blanc de Blancs Champagne\",\"isPartOf\":{\"@id\":\"https:\/\/fonsvinum.com\/en\/#website\"},\"primaryImageOfPage\":{\"@id\":\"https:\/\/fonsvinum.com\/en\/product\/franck-debut-blanc-de-blancs-champagne\/#primaryimage\"},\"image\":{\"@id\":\"https:\/\/fonsvinum.com\/en\/product\/franck-debut-blanc-de-blancs-champagne\/#primaryimage\"},\"thumbnailUrl\":\"https:\/\/fonsvinum.com\/files\/2021\/06\/champagne-franck-debut-blanc-de-blancs.jpg\",\"datePublished\":\"2021-06-24T08:08:31+00:00\",\"dateModified\":\"2021-06-24T08:47:08+00:00\",\"description\":\"Buy online FRANCK DEBUT Blanc de Blancs Champagne, the Chardonnay expresses itself differently depending on the region...\",\"breadcrumb\":{\"@id\":\"https:\/\/fonsvinum.com\/en\/product\/franck-debut-blanc-de-blancs-champagne\/#breadcrumb\"},\"inLanguage\":\"en-US\",\"potentialAction\":[{\"@type\":\"ReadAction\",\"target\":[\"https:\/\/fonsvinum.com\/en\/product\/franck-debut-blanc-de-blancs-champagne\/\"]}]},{\"@type\":\"ImageObject\",\"inLanguage\":\"en-US\",\"@id\":\"https:\/\/fonsvinum.com\/en\/product\/franck-debut-blanc-de-blancs-champagne\/#primaryimage\",\"url\":\"https:\/\/fonsvinum.com\/files\/2021\/06\/champagne-franck-debut-blanc-de-blancs.jpg\",\"contentUrl\":\"https:\/\/fonsvinum.com\/files\/2021\/06\/champagne-franck-debut-blanc-de-blancs.jpg\",\"width\":200,\"height\":600},{\"@type\":\"BreadcrumbList\",\"@id\":\"https:\/\/fonsvinum.com\/en\/product\/franck-debut-blanc-de-blancs-champagne\/#breadcrumb\",\"itemListElement\":[{\"@type\":\"ListItem\",\"position\":1,\"name\":\"Startseite\",\"item\":\"https:\/\/fonsvinum.com\/en\/\"},{\"@type\":\"ListItem\",\"position\":2,\"name\":\"Shop\",\"item\":\"https:\/\/fonsvinum.com\/en\/shop\/\"},{\"@type\":\"ListItem\",\"position\":3,\"name\":\"FRANCK DEBUT Blanc de Blancs Champagne\"}]},{\"@type\":\"WebSite\",\"@id\":\"https:\/\/fonsvinum.com\/en\/#website\",\"url\":\"https:\/\/fonsvinum.com\/en\/\",\"name\":\"Fons Vinum\",\"description\":\"Vendita Vino Online\",\"publisher\":{\"@id\":\"https:\/\/fonsvinum.com\/en\/#organization\"},\"potentialAction\":[{\"@type\":\"SearchAction\",\"target\":{\"@type\":\"EntryPoint\",\"urlTemplate\":\"https:\/\/fonsvinum.com\/en\/?s={search_term_string}\"},\"query-input\":{\"@type\":\"PropertyValueSpecification\",\"valueRequired\":true,\"valueName\":\"search_term_string\"}}],\"inLanguage\":\"en-US\"},{\"@type\":\"Organization\",\"@id\":\"https:\/\/fonsvinum.com\/en\/#organization\",\"name\":\"Fons Vinum\",\"url\":\"https:\/\/fonsvinum.com\/en\/\",\"logo\":{\"@type\":\"ImageObject\",\"inLanguage\":\"en-US\",\"@id\":\"https:\/\/fonsvinum.com\/en\/#\/schema\/logo\/image\/\",\"url\":\"\",\"contentUrl\":\"\",\"caption\":\"Fons Vinum\"},\"image\":{\"@id\":\"https:\/\/fonsvinum.com\/en\/#\/schema\/logo\/image\/\"}}]}<\/script>\n<!-- \/ Yoast SEO plugin. -->","yoast_head_json":{"title":"Buy online on FonsVinum FRANCK DEBUT Blanc de Blancs Champagne","description":"Buy online FRANCK DEBUT Blanc de Blancs Champagne, the Chardonnay expresses itself differently depending on the region...","robots":{"index":"index","follow":"follow","max-snippet":"max-snippet:-1","max-image-preview":"max-image-preview:large","max-video-preview":"max-video-preview:-1"},"canonical":"https:\/\/fonsvinum.com\/en\/product\/franck-debut-blanc-de-blancs-champagne\/","og_locale":"en_US","og_type":"article","og_title":"Buy online on FonsVinum FRANCK DEBUT Blanc de Blancs Champagne","og_description":"Buy online FRANCK DEBUT Blanc de Blancs Champagne, the Chardonnay expresses itself differently depending on the region...","og_url":"https:\/\/fonsvinum.com\/en\/product\/franck-debut-blanc-de-blancs-champagne\/","og_site_name":"Fons Vinum","article_modified_time":"2021-06-24T08:47:08+00:00","og_image":[{"width":200,"height":600,"url":"https:\/\/fonsvinum.com\/files\/2021\/06\/champagne-franck-debut-blanc-de-blancs.jpg","type":"image\/jpeg"}],"twitter_misc":{"Est. reading time":"2 minutes"},"schema":{"@context":"https:\/\/schema.org","@graph":[{"@type":"WebPage","@id":"https:\/\/fonsvinum.com\/en\/product\/franck-debut-blanc-de-blancs-champagne\/","url":"https:\/\/fonsvinum.com\/en\/product\/franck-debut-blanc-de-blancs-champagne\/","name":"Buy online on FonsVinum FRANCK DEBUT Blanc de Blancs Champagne","isPartOf":{"@id":"https:\/\/fonsvinum.com\/en\/#website"},"primaryImageOfPage":{"@id":"https:\/\/fonsvinum.com\/en\/product\/franck-debut-blanc-de-blancs-champagne\/#primaryimage"},"image":{"@id":"https:\/\/fonsvinum.com\/en\/product\/franck-debut-blanc-de-blancs-champagne\/#primaryimage"},"thumbnailUrl":"https:\/\/fonsvinum.com\/files\/2021\/06\/champagne-franck-debut-blanc-de-blancs.jpg","datePublished":"2021-06-24T08:08:31+00:00","dateModified":"2021-06-24T08:47:08+00:00","description":"Buy online FRANCK DEBUT Blanc de Blancs Champagne, the Chardonnay expresses itself differently depending on the region...","breadcrumb":{"@id":"https:\/\/fonsvinum.com\/en\/product\/franck-debut-blanc-de-blancs-champagne\/#breadcrumb"},"inLanguage":"en-US","potentialAction":[{"@type":"ReadAction","target":["https:\/\/fonsvinum.com\/en\/product\/franck-debut-blanc-de-blancs-champagne\/"]}]},{"@type":"ImageObject","inLanguage":"en-US","@id":"https:\/\/fonsvinum.com\/en\/product\/franck-debut-blanc-de-blancs-champagne\/#primaryimage","url":"https:\/\/fonsvinum.com\/files\/2021\/06\/champagne-franck-debut-blanc-de-blancs.jpg","contentUrl":"https:\/\/fonsvinum.com\/files\/2021\/06\/champagne-franck-debut-blanc-de-blancs.jpg","width":200,"height":600},{"@type":"BreadcrumbList","@id":"https:\/\/fonsvinum.com\/en\/product\/franck-debut-blanc-de-blancs-champagne\/#breadcrumb","itemListElement":[{"@type":"ListItem","position":1,"name":"Startseite","item":"https:\/\/fonsvinum.com\/en\/"},{"@type":"ListItem","position":2,"name":"Shop","item":"https:\/\/fonsvinum.com\/en\/shop\/"},{"@type":"ListItem","position":3,"name":"FRANCK DEBUT Blanc de Blancs Champagne"}]},{"@type":"WebSite","@id":"https:\/\/fonsvinum.com\/en\/#website","url":"https:\/\/fonsvinum.com\/en\/","name":"Fons Vinum","description":"Vendita Vino Online","publisher":{"@id":"https:\/\/fonsvinum.com\/en\/#organization"},"potentialAction":[{"@type":"SearchAction","target":{"@type":"EntryPoint","urlTemplate":"https:\/\/fonsvinum.com\/en\/?s={search_term_string}"},"query-input":{"@type":"PropertyValueSpecification","valueRequired":true,"valueName":"search_term_string"}}],"inLanguage":"en-US"},{"@type":"Organization","@id":"https:\/\/fonsvinum.com\/en\/#organization","name":"Fons Vinum","url":"https:\/\/fonsvinum.com\/en\/","logo":{"@type":"ImageObject","inLanguage":"en-US","@id":"https:\/\/fonsvinum.com\/en\/#\/schema\/logo\/image\/","url":"","contentUrl":"","caption":"Fons Vinum"},"image":{"@id":"https:\/\/fonsvinum.com\/en\/#\/schema\/logo\/image\/"}}]}},"acf":[],"_links":{"self":[{"href":"https:\/\/fonsvinum.com\/en\/wp-json\/wp\/v2\/product\/33858","targetHints":{"allow":["GET"]}}],"collection":[{"href":"https:\/\/fonsvinum.com\/en\/wp-json\/wp\/v2\/product"}],"about":[{"href":"https:\/\/fonsvinum.com\/en\/wp-json\/wp\/v2\/types\/product"}],"replies":[{"embeddable":true,"href":"https:\/\/fonsvinum.com\/en\/wp-json\/wp\/v2\/comments?post=33858"}],"wp:featuredmedia":[{"embeddable":true,"href":"https:\/\/fonsvinum.com\/en\/wp-json\/wp\/v2\/media\/33862"}],"wp:attachment":[{"href":"https:\/\/fonsvinum.com\/en\/wp-json\/wp\/v2\/media?parent=33858"}],"wp:term":[{"taxonomy":"product_brand","embeddable":true,"href":"https:\/\/fonsvinum.com\/en\/wp-json\/wp\/v2\/product_brand?post=33858"},{"taxonomy":"product_cat","embeddable":true,"href":"https:\/\/fonsvinum.com\/en\/wp-json\/wp\/v2\/product_cat?post=33858"},{"taxonomy":"product_tag","embeddable":true,"href":"https:\/\/fonsvinum.com\/en\/wp-json\/wp\/v2\/product_tag?post=33858"}],"curies":[{"name":"wp","href":"https:\/\/api.w.org\/{rel}","templated":true}]}}