{"id":28584,"date":"2020-12-14T16:58:21","date_gmt":"2020-12-14T15:58:21","guid":{"rendered":"https:\/\/fonsvinum.com\/?post_type=product&#038;p=28584"},"modified":"2020-12-14T17:30:04","modified_gmt":"2020-12-14T16:30:04","slug":"dom-perignon-champagne-brut-millesime-2008","status":"publish","type":"product","link":"https:\/\/fonsvinum.com\/en\/product\/dom-perignon-champagne-brut-millesime-2008\/","title":{"rendered":"DOM PERIGNON Champagne Brut Millesim\u00e9 2008"},"content":{"rendered":"<h1><a href=\"https:\/\/www.domperignon.com\/ww-en\/\">DOM PERIGNON<\/a> Champagne Brut Millesim\u00e9 2008<\/h1>\n<h2>PRODUCER &#8211; DOM PERIGNON<\/h2>\n<p>Dom Perignon is a Champagne produced by Mo\u00ebt &amp; Chandon, a winemaker, and co-owner of the luxury goods company Mo\u00ebt Hennessy Louis Vuitton or LVMH.<\/p>\n<p>Dom Pierre Perignon was also the cellar master at a monastery in the Abbey of Hautvillers in north-eastern France.<\/p>\n<p>He pioneered many winemaking techniques in the 1670s, including blending grapes and striking a balance between elements to improve wine quality.<\/p>\n<p>The first vintage was 1921 but was released for sale only in 1936.<\/p>\n<p>300 bottles of this wine were gifted for the 100th anniversary of Moet and Chandon. This became an instant hit, and more bottles were ordered to the United States.<\/p>\n<p>Mo\u00ebt &amp; Chandon bought the brand name in 1937.<\/p>\n<p>Cellar master Richard Geoffroy was the Chef de Cave (head winemaker or cellarmaster) for Dom P\u00e9rignon for 28 years since 1990. In 2019, he passed on the Chef de Cave baton to\u00a0Vincent Chaperon.<\/p>\n<h2>CHAMPAGNE BRUT MILLESIME<\/h2>\n<div class=\"details-description\">\n<p>Dom P\u00e9rignon is vintage champagne only.<br \/>\nEach vintage is a creation, singular and unique, that expresses both the character of the year, and the character of Dom P\u00e9rignon.<\/p>\n<p>After at least eight years of elaboration in the cellars, the wine embodies the perfect balance of Dom P\u00e9rignon, the Pl\u00e9nitude of harmony.<\/p>\n<h3>VINTAGE 2008<\/h3>\n<blockquote><p>&#8220;A CHAMPAGNE MIRACLE&#8221;<\/p><\/blockquote>\n<p><a href=\"https:\/\/www.domperignon.com\/ww-en\/champagne\/vintage\/dom-perignon-vintage\/2008\"><em><strong>2008<\/strong><\/em> <\/a>was dominated by grey, overcast skies \u2013 an exception in a decade characterized by bold, generous sunshine. Just when the harvest was getting underway, the weather conditions were finally perfect: blue skies and prolonged north-northeasterly winds. The grapes were riper than anyone dared hope, and had truly outstanding balance. The vines were in perfect health.<\/p>\n<p>To the bracing acidity, concision and aromatic purity expected of the 2008 vintage, Dom P\u00e9rignon adds depth, density and complexity. The light is warmer and less harsh.<\/p>\n<p>&nbsp;<\/p>\n<\/div>\n<div class=\"content__image alignnone size-medium wp-image-28594\"><div class=\"ratio\"><div class=\"ratio__content\"><a href=\"https:\/\/fonsvinum.com\/files\/2020\/12\/dom-perignon-2008-etichetta-300x277.jpg\"><img loading=\"lazy\" decoding=\"async\" class=\"alignnone size-medium wp-image-28594\" src=\"https:\/\/fonsvinum.com\/files\/2020\/12\/dom-perignon-2008-etichetta-300x277.jpg\" alt=\"\" width=\"300\" height=\"277\" srcset=\"https:\/\/fonsvinum.com\/files\/2020\/12\/dom-perignon-2008-etichetta-300x277.jpg 300w, https:\/\/fonsvinum.com\/files\/2020\/12\/dom-perignon-2008-etichetta-160x148.jpg 160w, https:\/\/fonsvinum.com\/files\/2020\/12\/dom-perignon-2008-etichetta.jpg 363w\" sizes=\"auto, (max-width: 300px) 100vw, 300px\" \/><\/a><\/div><\/div><\/div><\/a><\/p>\n<p>&nbsp;<\/p>\n","protected":false},"excerpt":{"rendered":"<p>DOM PERIGNON Champagne Brut Millesim\u00e9 2008 PRODUCER &#8211; DOM PERIGNON Dom Perignon is a Champagne produced by Mo\u00ebt &amp; Chandon, a winemaker, and co-owner of the luxury goods company Mo\u00ebt Hennessy Louis Vuitton or LVMH. Dom Pierre Perignon was also the cellar master at a monastery in the Abbey of Hautvillers in north-eastern France. He [&hellip;]<\/p>\n","protected":false},"featured_media":28588,"comment_status":"open","ping_status":"closed","template":"","meta":{"_acf_changed":false,"_monsterinsights_skip_tracking":false,"_monsterinsights_sitenote_active":false,"_monsterinsights_sitenote_note":"","_monsterinsights_sitenote_category":0},"product_brand":[],"product_cat":[2024,150],"product_tag":[1832,140],"class_list":{"0":"post-28584","1":"product","2":"type-product","3":"status-publish","4":"has-post-thumbnail","6":"product_cat-champagne-en","7":"product_cat-brut-en","8":"product_tag-champagne-en","9":"product_tag-rare-wines","10":"pa_appellation-champagne-aoc-en","11":"pa_formato-0-75-l-bottle","12":"pa_producer-dom-perignon-en","13":"pa_region-champagne-en","14":"pa_vine-chardonnay-e-pinot-nero-en-2","15":"pa_vintage-2008-en","17":"first","18":"instock","19":"taxable","20":"shipping-taxable","21":"purchasable","22":"product-type-simple"},"bundled_by":[],"bundle_stock_status":"instock","bundle_stock_quantity":1,"bundle_virtual":false,"bundle_layout":"","bundle_add_to_cart_form_location":"","bundle_editable_in_cart":false,"bundle_sold_individually_context":"","bundle_item_grouping":"","bundle_min_size":"","bundle_max_size":"","bundle_price":[],"bundled_items":[],"bundle_sell_ids":[],"yoast_head":"<!-- This site is optimized with the Yoast SEO plugin v27.3 - https:\/\/yoast.com\/product\/yoast-seo-wordpress\/ -->\n<title>DOM PERIGNON Champagne Brut Millesim\u00e9 2008<\/title>\n<meta name=\"description\" content=\"Buy online on FonsVinum DOM PERIGNON Champagne Brut Millesim\u00e9 2008 - Each vintage is a creation, singular and unique...\" \/>\n<meta name=\"robots\" content=\"index, follow, max-snippet:-1, max-image-preview:large, max-video-preview:-1\" \/>\n<link rel=\"canonical\" href=\"https:\/\/fonsvinum.com\/en\/product\/dom-perignon-champagne-brut-millesime-2008\/\" \/>\n<meta property=\"og:locale\" content=\"en_US\" \/>\n<meta property=\"og:type\" content=\"article\" \/>\n<meta property=\"og:title\" content=\"DOM PERIGNON Champagne Brut Millesim\u00e9 2008\" \/>\n<meta property=\"og:description\" content=\"Buy online on FonsVinum DOM PERIGNON Champagne Brut Millesim\u00e9 2008 - Each vintage is a creation, singular and unique...\" \/>\n<meta property=\"og:url\" content=\"https:\/\/fonsvinum.com\/en\/product\/dom-perignon-champagne-brut-millesime-2008\/\" \/>\n<meta property=\"og:site_name\" content=\"Fons Vinum\" \/>\n<meta property=\"article:modified_time\" content=\"2020-12-14T16:30:04+00:00\" \/>\n<meta property=\"og:image\" content=\"https:\/\/fonsvinum.com\/files\/2020\/12\/dom-perignon-2008.jpg\" \/>\n\t<meta property=\"og:image:width\" content=\"200\" \/>\n\t<meta property=\"og:image:height\" content=\"600\" \/>\n\t<meta property=\"og:image:type\" content=\"image\/jpeg\" \/>\n<meta name=\"twitter:label1\" content=\"Est. reading time\" \/>\n\t<meta name=\"twitter:data1\" content=\"2 minutes\" \/>\n<script type=\"application\/ld+json\" class=\"yoast-schema-graph\">{\"@context\":\"https:\\\/\\\/schema.org\",\"@graph\":[{\"@type\":\"WebPage\",\"@id\":\"https:\\\/\\\/fonsvinum.com\\\/en\\\/product\\\/dom-perignon-champagne-brut-millesime-2008\\\/\",\"url\":\"https:\\\/\\\/fonsvinum.com\\\/en\\\/product\\\/dom-perignon-champagne-brut-millesime-2008\\\/\",\"name\":\"DOM PERIGNON Champagne Brut Millesim\u00e9 2008\",\"isPartOf\":{\"@id\":\"https:\\\/\\\/fonsvinum.com\\\/en\\\/#website\"},\"primaryImageOfPage\":{\"@id\":\"https:\\\/\\\/fonsvinum.com\\\/en\\\/product\\\/dom-perignon-champagne-brut-millesime-2008\\\/#primaryimage\"},\"image\":{\"@id\":\"https:\\\/\\\/fonsvinum.com\\\/en\\\/product\\\/dom-perignon-champagne-brut-millesime-2008\\\/#primaryimage\"},\"thumbnailUrl\":\"https:\\\/\\\/fonsvinum.com\\\/files\\\/2020\\\/12\\\/dom-perignon-2008.jpg\",\"datePublished\":\"2020-12-14T15:58:21+00:00\",\"dateModified\":\"2020-12-14T16:30:04+00:00\",\"description\":\"Buy online on FonsVinum DOM PERIGNON Champagne Brut Millesim\u00e9 2008 - Each vintage is a creation, singular and unique...\",\"breadcrumb\":{\"@id\":\"https:\\\/\\\/fonsvinum.com\\\/en\\\/product\\\/dom-perignon-champagne-brut-millesime-2008\\\/#breadcrumb\"},\"inLanguage\":\"en-US\",\"potentialAction\":[{\"@type\":\"ReadAction\",\"target\":[\"https:\\\/\\\/fonsvinum.com\\\/en\\\/product\\\/dom-perignon-champagne-brut-millesime-2008\\\/\"]}]},{\"@type\":\"ImageObject\",\"inLanguage\":\"en-US\",\"@id\":\"https:\\\/\\\/fonsvinum.com\\\/en\\\/product\\\/dom-perignon-champagne-brut-millesime-2008\\\/#primaryimage\",\"url\":\"https:\\\/\\\/fonsvinum.com\\\/files\\\/2020\\\/12\\\/dom-perignon-2008.jpg\",\"contentUrl\":\"https:\\\/\\\/fonsvinum.com\\\/files\\\/2020\\\/12\\\/dom-perignon-2008.jpg\",\"width\":200,\"height\":600},{\"@type\":\"BreadcrumbList\",\"@id\":\"https:\\\/\\\/fonsvinum.com\\\/en\\\/product\\\/dom-perignon-champagne-brut-millesime-2008\\\/#breadcrumb\",\"itemListElement\":[{\"@type\":\"ListItem\",\"position\":1,\"name\":\"Startseite\",\"item\":\"https:\\\/\\\/fonsvinum.com\\\/en\\\/\"},{\"@type\":\"ListItem\",\"position\":2,\"name\":\"Shop\",\"item\":\"https:\\\/\\\/fonsvinum.com\\\/en\\\/shop\\\/\"},{\"@type\":\"ListItem\",\"position\":3,\"name\":\"DOM PERIGNON Champagne Brut Millesim\u00e9 2008\"}]},{\"@type\":\"WebSite\",\"@id\":\"https:\\\/\\\/fonsvinum.com\\\/en\\\/#website\",\"url\":\"https:\\\/\\\/fonsvinum.com\\\/en\\\/\",\"name\":\"Fons Vinum\",\"description\":\"Vendita Vino Online\",\"publisher\":{\"@id\":\"https:\\\/\\\/fonsvinum.com\\\/en\\\/#organization\"},\"potentialAction\":[{\"@type\":\"SearchAction\",\"target\":{\"@type\":\"EntryPoint\",\"urlTemplate\":\"https:\\\/\\\/fonsvinum.com\\\/en\\\/?s={search_term_string}\"},\"query-input\":{\"@type\":\"PropertyValueSpecification\",\"valueRequired\":true,\"valueName\":\"search_term_string\"}}],\"inLanguage\":\"en-US\"},{\"@type\":\"Organization\",\"@id\":\"https:\\\/\\\/fonsvinum.com\\\/en\\\/#organization\",\"name\":\"Fons Vinum\",\"url\":\"https:\\\/\\\/fonsvinum.com\\\/en\\\/\",\"logo\":{\"@type\":\"ImageObject\",\"inLanguage\":\"en-US\",\"@id\":\"https:\\\/\\\/fonsvinum.com\\\/en\\\/#\\\/schema\\\/logo\\\/image\\\/\",\"url\":\"\",\"contentUrl\":\"\",\"caption\":\"Fons Vinum\"},\"image\":{\"@id\":\"https:\\\/\\\/fonsvinum.com\\\/en\\\/#\\\/schema\\\/logo\\\/image\\\/\"}}]}<\/script>\n<!-- \/ Yoast SEO plugin. -->","yoast_head_json":{"title":"DOM PERIGNON Champagne Brut Millesim\u00e9 2008","description":"Buy online on FonsVinum DOM PERIGNON Champagne Brut Millesim\u00e9 2008 - Each vintage is a creation, singular and unique...","robots":{"index":"index","follow":"follow","max-snippet":"max-snippet:-1","max-image-preview":"max-image-preview:large","max-video-preview":"max-video-preview:-1"},"canonical":"https:\/\/fonsvinum.com\/en\/product\/dom-perignon-champagne-brut-millesime-2008\/","og_locale":"en_US","og_type":"article","og_title":"DOM PERIGNON Champagne Brut Millesim\u00e9 2008","og_description":"Buy online on FonsVinum DOM PERIGNON Champagne Brut Millesim\u00e9 2008 - Each vintage is a creation, singular and unique...","og_url":"https:\/\/fonsvinum.com\/en\/product\/dom-perignon-champagne-brut-millesime-2008\/","og_site_name":"Fons Vinum","article_modified_time":"2020-12-14T16:30:04+00:00","og_image":[{"width":200,"height":600,"url":"https:\/\/fonsvinum.com\/files\/2020\/12\/dom-perignon-2008.jpg","type":"image\/jpeg"}],"twitter_misc":{"Est. reading time":"2 minutes"},"schema":{"@context":"https:\/\/schema.org","@graph":[{"@type":"WebPage","@id":"https:\/\/fonsvinum.com\/en\/product\/dom-perignon-champagne-brut-millesime-2008\/","url":"https:\/\/fonsvinum.com\/en\/product\/dom-perignon-champagne-brut-millesime-2008\/","name":"DOM PERIGNON Champagne Brut Millesim\u00e9 2008","isPartOf":{"@id":"https:\/\/fonsvinum.com\/en\/#website"},"primaryImageOfPage":{"@id":"https:\/\/fonsvinum.com\/en\/product\/dom-perignon-champagne-brut-millesime-2008\/#primaryimage"},"image":{"@id":"https:\/\/fonsvinum.com\/en\/product\/dom-perignon-champagne-brut-millesime-2008\/#primaryimage"},"thumbnailUrl":"https:\/\/fonsvinum.com\/files\/2020\/12\/dom-perignon-2008.jpg","datePublished":"2020-12-14T15:58:21+00:00","dateModified":"2020-12-14T16:30:04+00:00","description":"Buy online on FonsVinum DOM PERIGNON Champagne Brut Millesim\u00e9 2008 - Each vintage is a creation, singular and unique...","breadcrumb":{"@id":"https:\/\/fonsvinum.com\/en\/product\/dom-perignon-champagne-brut-millesime-2008\/#breadcrumb"},"inLanguage":"en-US","potentialAction":[{"@type":"ReadAction","target":["https:\/\/fonsvinum.com\/en\/product\/dom-perignon-champagne-brut-millesime-2008\/"]}]},{"@type":"ImageObject","inLanguage":"en-US","@id":"https:\/\/fonsvinum.com\/en\/product\/dom-perignon-champagne-brut-millesime-2008\/#primaryimage","url":"https:\/\/fonsvinum.com\/files\/2020\/12\/dom-perignon-2008.jpg","contentUrl":"https:\/\/fonsvinum.com\/files\/2020\/12\/dom-perignon-2008.jpg","width":200,"height":600},{"@type":"BreadcrumbList","@id":"https:\/\/fonsvinum.com\/en\/product\/dom-perignon-champagne-brut-millesime-2008\/#breadcrumb","itemListElement":[{"@type":"ListItem","position":1,"name":"Startseite","item":"https:\/\/fonsvinum.com\/en\/"},{"@type":"ListItem","position":2,"name":"Shop","item":"https:\/\/fonsvinum.com\/en\/shop\/"},{"@type":"ListItem","position":3,"name":"DOM PERIGNON Champagne Brut Millesim\u00e9 2008"}]},{"@type":"WebSite","@id":"https:\/\/fonsvinum.com\/en\/#website","url":"https:\/\/fonsvinum.com\/en\/","name":"Fons Vinum","description":"Vendita Vino Online","publisher":{"@id":"https:\/\/fonsvinum.com\/en\/#organization"},"potentialAction":[{"@type":"SearchAction","target":{"@type":"EntryPoint","urlTemplate":"https:\/\/fonsvinum.com\/en\/?s={search_term_string}"},"query-input":{"@type":"PropertyValueSpecification","valueRequired":true,"valueName":"search_term_string"}}],"inLanguage":"en-US"},{"@type":"Organization","@id":"https:\/\/fonsvinum.com\/en\/#organization","name":"Fons Vinum","url":"https:\/\/fonsvinum.com\/en\/","logo":{"@type":"ImageObject","inLanguage":"en-US","@id":"https:\/\/fonsvinum.com\/en\/#\/schema\/logo\/image\/","url":"","contentUrl":"","caption":"Fons Vinum"},"image":{"@id":"https:\/\/fonsvinum.com\/en\/#\/schema\/logo\/image\/"}}]}},"acf":[],"_links":{"self":[{"href":"https:\/\/fonsvinum.com\/en\/wp-json\/wp\/v2\/product\/28584","targetHints":{"allow":["GET"]}}],"collection":[{"href":"https:\/\/fonsvinum.com\/en\/wp-json\/wp\/v2\/product"}],"about":[{"href":"https:\/\/fonsvinum.com\/en\/wp-json\/wp\/v2\/types\/product"}],"replies":[{"embeddable":true,"href":"https:\/\/fonsvinum.com\/en\/wp-json\/wp\/v2\/comments?post=28584"}],"wp:featuredmedia":[{"embeddable":true,"href":"https:\/\/fonsvinum.com\/en\/wp-json\/wp\/v2\/media\/28588"}],"wp:attachment":[{"href":"https:\/\/fonsvinum.com\/en\/wp-json\/wp\/v2\/media?parent=28584"}],"wp:term":[{"taxonomy":"product_brand","embeddable":true,"href":"https:\/\/fonsvinum.com\/en\/wp-json\/wp\/v2\/product_brand?post=28584"},{"taxonomy":"product_cat","embeddable":true,"href":"https:\/\/fonsvinum.com\/en\/wp-json\/wp\/v2\/product_cat?post=28584"},{"taxonomy":"product_tag","embeddable":true,"href":"https:\/\/fonsvinum.com\/en\/wp-json\/wp\/v2\/product_tag?post=28584"}],"curies":[{"name":"wp","href":"https:\/\/api.w.org\/{rel}","templated":true}]}}