{"id":28536,"date":"2020-12-09T12:22:46","date_gmt":"2020-12-09T11:22:46","guid":{"rendered":"https:\/\/fonsvinum.com\/?post_type=product&#038;p=28536"},"modified":"2021-06-10T07:15:05","modified_gmt":"2021-06-10T05:15:05","slug":"domaine-de-la-romanee-conti-la-tache-2016","status":"publish","type":"product","link":"https:\/\/fonsvinum.com\/en\/product\/domaine-de-la-romanee-conti-la-tache-2016\/","title":{"rendered":"Domaine de la Roman\u00e9e-Conti La Tache 2016"},"content":{"rendered":"<h1>Domaine de la Roman\u00e9e-Conti La Tache 2016<\/h1>\n<h2>DOMAINE DE LA ROMANEE &#8211; CONTI<\/h2>\n<p>When we talk about Roman\u00e9e Conti we enter the elite of world wine.<\/p>\n<p>We are in the beating heart of that Burgundy that makes connoisseurs of great reds dream so much, to tell the story of a winery with more than mythical features. It all began back in 1451, when the monks of the convent of St. Vivant decided to sell a small piece of vineyard to the Croonembourg family, corresponding to today&#8217;s Cros de Clou, one of the most precious crus of the current estate of the cellar!<\/p>\n<p>Today the rows extend over 25 hectares of land. In the vineyard, since 2008, we proceed only with biodynamic methods.<br \/>\nThe wines are produced under the severe and attentive gaze of the oenologist Bernard Noblet, son of art of Andr\u00e9.<\/p>\n<p>La T\u00e2che, Corton, \u00c9ch\u00e9zeaux, and Richebourg are just some of the Grand Crus that, at each harvest, strike the hearts of enthusiasts and critics from all over the world.<\/p>\n<h2>LA TACHE<\/h2>\n<p>A positively wicked perfume, more four-square than the Richebourg at this early stage &#8211; huge impact.\u00a0Is this like the 1999 &#8211; the thought crossed one&#8217;s mind.\u00a0So luscious and so balanced, just perfectly composed.\u00a0Flawless wine, coating the mouth with lovely richness and yet absolutely classic.<\/p>\n","protected":false},"excerpt":{"rendered":"<p>Domaine de la Roman\u00e9e-Conti La Tache 2016 DOMAINE DE LA ROMANEE &#8211; CONTI When we talk about Roman\u00e9e Conti we enter the elite of world wine. We are in the beating heart of that Burgundy that makes connoisseurs of great reds dream so much, to tell the story of a winery with more than mythical [&hellip;]<\/p>\n","protected":false},"featured_media":28540,"comment_status":"open","ping_status":"closed","template":"","meta":{"_acf_changed":false,"_monsterinsights_skip_tracking":false,"_monsterinsights_sitenote_active":false,"_monsterinsights_sitenote_note":"","_monsterinsights_sitenote_category":0},"product_brand":[],"product_cat":[17929,2066],"product_tag":[140,15957],"class_list":{"0":"post-28536","1":"product","2":"type-product","3":"status-publish","4":"has-post-thumbnail","6":"product_cat-bourgogne-en","7":"product_cat-pinot-nero-en","8":"product_tag-rare-wines","9":"product_tag-vino-rosso-en","10":"pa_formato-0-75-l-bottle","11":"pa_producer-domaine-de-la-romanee-conti-en","12":"pa_region-burgundy-en","13":"pa_vine-100-pinot-nero-en","14":"pa_vintage-2016-en","16":"first","17":"outofstock","18":"taxable","19":"shipping-taxable","20":"purchasable","21":"product-type-simple"},"bundled_by":[],"bundle_stock_status":"outofstock","bundle_stock_quantity":0,"bundle_virtual":false,"bundle_layout":"","bundle_add_to_cart_form_location":"","bundle_editable_in_cart":false,"bundle_sold_individually_context":"","bundle_item_grouping":"","bundle_min_size":"","bundle_max_size":"","bundle_price":[],"bundled_items":[],"bundle_sell_ids":[],"yoast_head":"<!-- This site is optimized with the Yoast SEO plugin v27.2 - https:\/\/yoast.com\/product\/yoast-seo-wordpress\/ -->\n<title>Buy online on FonsVinum Domaine de la Roman\u00e9e-Conti La Tache 2016<\/title>\n<meta name=\"description\" content=\"Buy online on FonsVinum Domaine de la Roman\u00e9e-Conti La Tache 2016 - So luscious and so balanced, just perfectly composed.\" \/>\n<meta name=\"robots\" content=\"index, follow, max-snippet:-1, max-image-preview:large, max-video-preview:-1\" \/>\n<link rel=\"canonical\" href=\"https:\/\/fonsvinum.com\/en\/product\/domaine-de-la-romanee-conti-la-tache-2016\/\" \/>\n<meta property=\"og:locale\" content=\"en_US\" \/>\n<meta property=\"og:type\" content=\"article\" \/>\n<meta property=\"og:title\" content=\"Buy online on FonsVinum Domaine de la Roman\u00e9e-Conti La Tache 2016\" \/>\n<meta property=\"og:description\" content=\"Buy online on FonsVinum Domaine de la Roman\u00e9e-Conti La Tache 2016 - So luscious and so balanced, just perfectly composed.\" \/>\n<meta property=\"og:url\" content=\"https:\/\/fonsvinum.com\/en\/product\/domaine-de-la-romanee-conti-la-tache-2016\/\" \/>\n<meta property=\"og:site_name\" content=\"Fons Vinum\" \/>\n<meta property=\"article:modified_time\" content=\"2021-06-10T05:15:05+00:00\" \/>\n<meta property=\"og:image\" content=\"https:\/\/fonsvinum.com\/files\/2020\/12\/drc-domaine-de-la-romanee-la-tache.jpg\" \/>\n\t<meta property=\"og:image:width\" content=\"200\" \/>\n\t<meta property=\"og:image:height\" content=\"600\" \/>\n\t<meta property=\"og:image:type\" content=\"image\/jpeg\" \/>\n<meta name=\"twitter:label1\" content=\"Est. reading time\" \/>\n\t<meta name=\"twitter:data1\" content=\"1 minute\" \/>\n<script type=\"application\/ld+json\" class=\"yoast-schema-graph\">{\"@context\":\"https:\/\/schema.org\",\"@graph\":[{\"@type\":\"WebPage\",\"@id\":\"https:\/\/fonsvinum.com\/en\/product\/domaine-de-la-romanee-conti-la-tache-2016\/\",\"url\":\"https:\/\/fonsvinum.com\/en\/product\/domaine-de-la-romanee-conti-la-tache-2016\/\",\"name\":\"Buy online on FonsVinum Domaine de la Roman\u00e9e-Conti La Tache 2016\",\"isPartOf\":{\"@id\":\"https:\/\/fonsvinum.com\/en\/#website\"},\"primaryImageOfPage\":{\"@id\":\"https:\/\/fonsvinum.com\/en\/product\/domaine-de-la-romanee-conti-la-tache-2016\/#primaryimage\"},\"image\":{\"@id\":\"https:\/\/fonsvinum.com\/en\/product\/domaine-de-la-romanee-conti-la-tache-2016\/#primaryimage\"},\"thumbnailUrl\":\"https:\/\/fonsvinum.com\/files\/2020\/12\/drc-domaine-de-la-romanee-la-tache.jpg\",\"datePublished\":\"2020-12-09T11:22:46+00:00\",\"dateModified\":\"2021-06-10T05:15:05+00:00\",\"description\":\"Buy online on FonsVinum Domaine de la Roman\u00e9e-Conti La Tache 2016 - So luscious and so balanced, just perfectly composed.\",\"breadcrumb\":{\"@id\":\"https:\/\/fonsvinum.com\/en\/product\/domaine-de-la-romanee-conti-la-tache-2016\/#breadcrumb\"},\"inLanguage\":\"en-US\",\"potentialAction\":[{\"@type\":\"ReadAction\",\"target\":[\"https:\/\/fonsvinum.com\/en\/product\/domaine-de-la-romanee-conti-la-tache-2016\/\"]}]},{\"@type\":\"ImageObject\",\"inLanguage\":\"en-US\",\"@id\":\"https:\/\/fonsvinum.com\/en\/product\/domaine-de-la-romanee-conti-la-tache-2016\/#primaryimage\",\"url\":\"https:\/\/fonsvinum.com\/files\/2020\/12\/drc-domaine-de-la-romanee-la-tache.jpg\",\"contentUrl\":\"https:\/\/fonsvinum.com\/files\/2020\/12\/drc-domaine-de-la-romanee-la-tache.jpg\",\"width\":200,\"height\":600},{\"@type\":\"BreadcrumbList\",\"@id\":\"https:\/\/fonsvinum.com\/en\/product\/domaine-de-la-romanee-conti-la-tache-2016\/#breadcrumb\",\"itemListElement\":[{\"@type\":\"ListItem\",\"position\":1,\"name\":\"Startseite\",\"item\":\"https:\/\/fonsvinum.com\/en\/\"},{\"@type\":\"ListItem\",\"position\":2,\"name\":\"Shop\",\"item\":\"https:\/\/fonsvinum.com\/en\/shop\/\"},{\"@type\":\"ListItem\",\"position\":3,\"name\":\"Domaine de la Roman\u00e9e-Conti La Tache 2016\"}]},{\"@type\":\"WebSite\",\"@id\":\"https:\/\/fonsvinum.com\/en\/#website\",\"url\":\"https:\/\/fonsvinum.com\/en\/\",\"name\":\"Fons Vinum\",\"description\":\"Vendita Vino Online\",\"publisher\":{\"@id\":\"https:\/\/fonsvinum.com\/en\/#organization\"},\"potentialAction\":[{\"@type\":\"SearchAction\",\"target\":{\"@type\":\"EntryPoint\",\"urlTemplate\":\"https:\/\/fonsvinum.com\/en\/?s={search_term_string}\"},\"query-input\":{\"@type\":\"PropertyValueSpecification\",\"valueRequired\":true,\"valueName\":\"search_term_string\"}}],\"inLanguage\":\"en-US\"},{\"@type\":\"Organization\",\"@id\":\"https:\/\/fonsvinum.com\/en\/#organization\",\"name\":\"Fons Vinum\",\"url\":\"https:\/\/fonsvinum.com\/en\/\",\"logo\":{\"@type\":\"ImageObject\",\"inLanguage\":\"en-US\",\"@id\":\"https:\/\/fonsvinum.com\/en\/#\/schema\/logo\/image\/\",\"url\":\"\",\"contentUrl\":\"\",\"caption\":\"Fons Vinum\"},\"image\":{\"@id\":\"https:\/\/fonsvinum.com\/en\/#\/schema\/logo\/image\/\"}}]}<\/script>\n<!-- \/ Yoast SEO plugin. -->","yoast_head_json":{"title":"Buy online on FonsVinum Domaine de la Roman\u00e9e-Conti La Tache 2016","description":"Buy online on FonsVinum Domaine de la Roman\u00e9e-Conti La Tache 2016 - So luscious and so balanced, just perfectly composed.","robots":{"index":"index","follow":"follow","max-snippet":"max-snippet:-1","max-image-preview":"max-image-preview:large","max-video-preview":"max-video-preview:-1"},"canonical":"https:\/\/fonsvinum.com\/en\/product\/domaine-de-la-romanee-conti-la-tache-2016\/","og_locale":"en_US","og_type":"article","og_title":"Buy online on FonsVinum Domaine de la Roman\u00e9e-Conti La Tache 2016","og_description":"Buy online on FonsVinum Domaine de la Roman\u00e9e-Conti La Tache 2016 - So luscious and so balanced, just perfectly composed.","og_url":"https:\/\/fonsvinum.com\/en\/product\/domaine-de-la-romanee-conti-la-tache-2016\/","og_site_name":"Fons Vinum","article_modified_time":"2021-06-10T05:15:05+00:00","og_image":[{"width":200,"height":600,"url":"https:\/\/fonsvinum.com\/files\/2020\/12\/drc-domaine-de-la-romanee-la-tache.jpg","type":"image\/jpeg"}],"twitter_misc":{"Est. reading time":"1 minute"},"schema":{"@context":"https:\/\/schema.org","@graph":[{"@type":"WebPage","@id":"https:\/\/fonsvinum.com\/en\/product\/domaine-de-la-romanee-conti-la-tache-2016\/","url":"https:\/\/fonsvinum.com\/en\/product\/domaine-de-la-romanee-conti-la-tache-2016\/","name":"Buy online on FonsVinum Domaine de la Roman\u00e9e-Conti La Tache 2016","isPartOf":{"@id":"https:\/\/fonsvinum.com\/en\/#website"},"primaryImageOfPage":{"@id":"https:\/\/fonsvinum.com\/en\/product\/domaine-de-la-romanee-conti-la-tache-2016\/#primaryimage"},"image":{"@id":"https:\/\/fonsvinum.com\/en\/product\/domaine-de-la-romanee-conti-la-tache-2016\/#primaryimage"},"thumbnailUrl":"https:\/\/fonsvinum.com\/files\/2020\/12\/drc-domaine-de-la-romanee-la-tache.jpg","datePublished":"2020-12-09T11:22:46+00:00","dateModified":"2021-06-10T05:15:05+00:00","description":"Buy online on FonsVinum Domaine de la Roman\u00e9e-Conti La Tache 2016 - So luscious and so balanced, just perfectly composed.","breadcrumb":{"@id":"https:\/\/fonsvinum.com\/en\/product\/domaine-de-la-romanee-conti-la-tache-2016\/#breadcrumb"},"inLanguage":"en-US","potentialAction":[{"@type":"ReadAction","target":["https:\/\/fonsvinum.com\/en\/product\/domaine-de-la-romanee-conti-la-tache-2016\/"]}]},{"@type":"ImageObject","inLanguage":"en-US","@id":"https:\/\/fonsvinum.com\/en\/product\/domaine-de-la-romanee-conti-la-tache-2016\/#primaryimage","url":"https:\/\/fonsvinum.com\/files\/2020\/12\/drc-domaine-de-la-romanee-la-tache.jpg","contentUrl":"https:\/\/fonsvinum.com\/files\/2020\/12\/drc-domaine-de-la-romanee-la-tache.jpg","width":200,"height":600},{"@type":"BreadcrumbList","@id":"https:\/\/fonsvinum.com\/en\/product\/domaine-de-la-romanee-conti-la-tache-2016\/#breadcrumb","itemListElement":[{"@type":"ListItem","position":1,"name":"Startseite","item":"https:\/\/fonsvinum.com\/en\/"},{"@type":"ListItem","position":2,"name":"Shop","item":"https:\/\/fonsvinum.com\/en\/shop\/"},{"@type":"ListItem","position":3,"name":"Domaine de la Roman\u00e9e-Conti La Tache 2016"}]},{"@type":"WebSite","@id":"https:\/\/fonsvinum.com\/en\/#website","url":"https:\/\/fonsvinum.com\/en\/","name":"Fons Vinum","description":"Vendita Vino Online","publisher":{"@id":"https:\/\/fonsvinum.com\/en\/#organization"},"potentialAction":[{"@type":"SearchAction","target":{"@type":"EntryPoint","urlTemplate":"https:\/\/fonsvinum.com\/en\/?s={search_term_string}"},"query-input":{"@type":"PropertyValueSpecification","valueRequired":true,"valueName":"search_term_string"}}],"inLanguage":"en-US"},{"@type":"Organization","@id":"https:\/\/fonsvinum.com\/en\/#organization","name":"Fons Vinum","url":"https:\/\/fonsvinum.com\/en\/","logo":{"@type":"ImageObject","inLanguage":"en-US","@id":"https:\/\/fonsvinum.com\/en\/#\/schema\/logo\/image\/","url":"","contentUrl":"","caption":"Fons Vinum"},"image":{"@id":"https:\/\/fonsvinum.com\/en\/#\/schema\/logo\/image\/"}}]}},"acf":[],"_links":{"self":[{"href":"https:\/\/fonsvinum.com\/en\/wp-json\/wp\/v2\/product\/28536","targetHints":{"allow":["GET"]}}],"collection":[{"href":"https:\/\/fonsvinum.com\/en\/wp-json\/wp\/v2\/product"}],"about":[{"href":"https:\/\/fonsvinum.com\/en\/wp-json\/wp\/v2\/types\/product"}],"replies":[{"embeddable":true,"href":"https:\/\/fonsvinum.com\/en\/wp-json\/wp\/v2\/comments?post=28536"}],"wp:featuredmedia":[{"embeddable":true,"href":"https:\/\/fonsvinum.com\/en\/wp-json\/wp\/v2\/media\/28540"}],"wp:attachment":[{"href":"https:\/\/fonsvinum.com\/en\/wp-json\/wp\/v2\/media?parent=28536"}],"wp:term":[{"taxonomy":"product_brand","embeddable":true,"href":"https:\/\/fonsvinum.com\/en\/wp-json\/wp\/v2\/product_brand?post=28536"},{"taxonomy":"product_cat","embeddable":true,"href":"https:\/\/fonsvinum.com\/en\/wp-json\/wp\/v2\/product_cat?post=28536"},{"taxonomy":"product_tag","embeddable":true,"href":"https:\/\/fonsvinum.com\/en\/wp-json\/wp\/v2\/product_tag?post=28536"}],"curies":[{"name":"wp","href":"https:\/\/api.w.org\/{rel}","templated":true}]}}