{"id":28318,"date":"2020-11-27T10:44:50","date_gmt":"2020-11-27T09:44:50","guid":{"rendered":"https:\/\/fonsvinum.com\/?post_type=product&#038;p=28318"},"modified":"2020-11-27T11:23:24","modified_gmt":"2020-11-27T10:23:24","slug":"franck-debut-cuvee-brut-tradition-champagne","status":"publish","type":"product","link":"https:\/\/fonsvinum.com\/en\/product\/franck-debut-cuvee-brut-tradition-champagne\/","title":{"rendered":"Franck Debut Cuv\u00e9e Brut Tradition Champagne"},"content":{"rendered":"<h1><a href=\"https:\/\/www.champagne-franck-debut.com\/en\/\">Franck Debut<\/a> Cuv\u00e9e Brut Tradition Champagne<\/h1>\n<h2>FRANCK DEBUT<\/h2>\n<p>Nestled on the slopes of the massif valonn\u00e9s Saint Thierry, the village of Hermonville is probably twice millennium, since his name is derived from the Latin Heremundi name given to a villa from the Gallo-Roman period. From the XII and XIII centuries, the wines Hermonville called &#8220;mountain wine&#8221; are renowned far beyond the borders of Champagne.<\/p>\n<p>In 1406, the Royal Hotel is increasing its supply of wines and the town of Hermonville becomes a major trade. This trend is accentuating the XV and XVI centuries, and in 1825, the wines mostly exported to the North, become the heart of of Hermonville activity. With the stroke of genius of Dom Perignon in 1668, Champagne takes off.<\/p>\n<p>At first, it n &#8216;is accessible to royal and princely courts due to limited production and high prices. In the nineteenth century, it is all the festivals. Unfortunately in 1900, phylloxera devastated the vineyards Hermonville, the area increased from 193 hectares to 8 hectares. Patiently, at the cost of persistent work, the vineyard slowly regaining lost ground, and currently, 98 hectares are planted in three varieties. However, nothing is gained and the harsh climate requires constant vigilance Champagne, made of ancestral repeats and laborious gestures whose regularity and quality of grapes produced depend.<\/p>\n<p>Nous apportons une attention toute particuli\u00e8re \u00e0 l&#8217;\u00e9volution de la vigne , du cep \u00e0 la ceuillette. C&#8217;est pourquoi la vendange reste un moment privil\u00e9gi\u00e9 de convivialit\u00e9 : elle couronne une ann\u00e9e de travail acharn\u00e9, de craintes et d&#8217;espoirs qui seront r\u00e9compens\u00e9s par un grand Champagne .<\/p>\n<h2>CHAMPAGNE CUVEE BRUT TRADITION<\/h2>\n<div id=\"short_description_block\">\n<div id=\"short_description_content\" class=\"rte align_justify\">\n<p><strong>An exceptional wine, balance and consistence.<\/strong><\/p>\n<ul>\n<li><strong>COLOR:<\/strong> A clear golden colour<\/li>\n<li><strong>NOSE:<\/strong> a flowery nose with a subtle dominance of white fruits: pear, apple but also almond and hazelnut.<\/li>\n<li><strong>MOUTH:<\/strong> A balanced and elegant Champagne which draws its strong personality from the blend of the three Champagne grape varieties.<\/li>\n<\/ul>\n<\/div>\n<\/div>\n","protected":false},"excerpt":{"rendered":"<p>Franck Debut Cuv\u00e9e Brut Tradition Champagne FRANCK DEBUT Nestled on the slopes of the massif valonn\u00e9s Saint Thierry, the village of Hermonville is probably twice millennium, since his name is derived from the Latin Heremundi name given to a villa from the Gallo-Roman period. From the XII and XIII centuries, the wines Hermonville called &#8220;mountain [&hellip;]<\/p>\n","protected":false},"featured_media":28322,"comment_status":"open","ping_status":"closed","template":"","meta":{"_acf_changed":false,"_monsterinsights_skip_tracking":false,"_monsterinsights_sitenote_active":false,"_monsterinsights_sitenote_note":"","_monsterinsights_sitenote_category":0},"product_brand":[],"product_cat":[150],"product_tag":[1832],"class_list":{"0":"post-28318","1":"product","2":"type-product","3":"status-publish","4":"has-post-thumbnail","6":"product_cat-brut-en","7":"product_tag-champagne-en","8":"pa_appellation-champagne-en","9":"pa_formato-0-75-l-bottle","10":"pa_region-champagne-en","11":"pa_vintage-s-a-en","13":"first","14":"outofstock","15":"taxable","16":"shipping-taxable","17":"purchasable","18":"product-type-simple"},"bundled_by":[],"bundle_stock_status":"outofstock","bundle_stock_quantity":0,"bundle_virtual":false,"bundle_layout":"","bundle_add_to_cart_form_location":"","bundle_editable_in_cart":false,"bundle_sold_individually_context":"","bundle_item_grouping":"","bundle_min_size":"","bundle_max_size":"","bundle_price":[],"bundled_items":[],"bundle_sell_ids":[],"yoast_head":"<!-- This site is optimized with the Yoast SEO plugin v27.2 - https:\/\/yoast.com\/product\/yoast-seo-wordpress\/ -->\n<title>Buy online on FonsVinum Franck Debut Cuv\u00e9e Brut Tradition Champagne<\/title>\n<meta name=\"description\" content=\"Buy online on FonsVinum Franck Debut Cuv\u00e9e Brut Tradition Champagne - An exceptional wine, balance and consistence...\" \/>\n<meta name=\"robots\" content=\"index, follow, max-snippet:-1, max-image-preview:large, max-video-preview:-1\" \/>\n<link rel=\"canonical\" href=\"https:\/\/fonsvinum.com\/en\/product\/franck-debut-cuvee-brut-tradition-champagne\/\" \/>\n<meta property=\"og:locale\" content=\"en_US\" \/>\n<meta property=\"og:type\" content=\"article\" \/>\n<meta property=\"og:title\" content=\"Buy online on FonsVinum Franck Debut Cuv\u00e9e Brut Tradition Champagne\" \/>\n<meta property=\"og:description\" content=\"Buy online on FonsVinum Franck Debut Cuv\u00e9e Brut Tradition Champagne - An exceptional wine, balance and consistence...\" \/>\n<meta property=\"og:url\" content=\"https:\/\/fonsvinum.com\/en\/product\/franck-debut-cuvee-brut-tradition-champagne\/\" \/>\n<meta property=\"og:site_name\" content=\"Fons Vinum\" \/>\n<meta property=\"article:modified_time\" content=\"2020-11-27T10:23:24+00:00\" \/>\n<meta property=\"og:image\" content=\"https:\/\/fonsvinum.com\/files\/2020\/11\/franck-debut-cuvee-brut-tradition.jpg\" \/>\n\t<meta property=\"og:image:width\" content=\"200\" \/>\n\t<meta property=\"og:image:height\" content=\"600\" \/>\n\t<meta property=\"og:image:type\" content=\"image\/jpeg\" \/>\n<meta name=\"twitter:label1\" content=\"Est. reading time\" \/>\n\t<meta name=\"twitter:data1\" content=\"2 minutes\" \/>\n<script type=\"application\/ld+json\" class=\"yoast-schema-graph\">{\"@context\":\"https:\/\/schema.org\",\"@graph\":[{\"@type\":\"WebPage\",\"@id\":\"https:\/\/fonsvinum.com\/en\/product\/franck-debut-cuvee-brut-tradition-champagne\/\",\"url\":\"https:\/\/fonsvinum.com\/en\/product\/franck-debut-cuvee-brut-tradition-champagne\/\",\"name\":\"Buy online on FonsVinum Franck Debut Cuv\u00e9e Brut Tradition Champagne\",\"isPartOf\":{\"@id\":\"https:\/\/fonsvinum.com\/en\/#website\"},\"primaryImageOfPage\":{\"@id\":\"https:\/\/fonsvinum.com\/en\/product\/franck-debut-cuvee-brut-tradition-champagne\/#primaryimage\"},\"image\":{\"@id\":\"https:\/\/fonsvinum.com\/en\/product\/franck-debut-cuvee-brut-tradition-champagne\/#primaryimage\"},\"thumbnailUrl\":\"https:\/\/fonsvinum.com\/files\/2020\/11\/franck-debut-cuvee-brut-tradition.jpg\",\"datePublished\":\"2020-11-27T09:44:50+00:00\",\"dateModified\":\"2020-11-27T10:23:24+00:00\",\"description\":\"Buy online on FonsVinum Franck Debut Cuv\u00e9e Brut Tradition Champagne - An exceptional wine, balance and consistence...\",\"breadcrumb\":{\"@id\":\"https:\/\/fonsvinum.com\/en\/product\/franck-debut-cuvee-brut-tradition-champagne\/#breadcrumb\"},\"inLanguage\":\"en-US\",\"potentialAction\":[{\"@type\":\"ReadAction\",\"target\":[\"https:\/\/fonsvinum.com\/en\/product\/franck-debut-cuvee-brut-tradition-champagne\/\"]}]},{\"@type\":\"ImageObject\",\"inLanguage\":\"en-US\",\"@id\":\"https:\/\/fonsvinum.com\/en\/product\/franck-debut-cuvee-brut-tradition-champagne\/#primaryimage\",\"url\":\"https:\/\/fonsvinum.com\/files\/2020\/11\/franck-debut-cuvee-brut-tradition.jpg\",\"contentUrl\":\"https:\/\/fonsvinum.com\/files\/2020\/11\/franck-debut-cuvee-brut-tradition.jpg\",\"width\":200,\"height\":600},{\"@type\":\"BreadcrumbList\",\"@id\":\"https:\/\/fonsvinum.com\/en\/product\/franck-debut-cuvee-brut-tradition-champagne\/#breadcrumb\",\"itemListElement\":[{\"@type\":\"ListItem\",\"position\":1,\"name\":\"Startseite\",\"item\":\"https:\/\/fonsvinum.com\/en\/\"},{\"@type\":\"ListItem\",\"position\":2,\"name\":\"Shop\",\"item\":\"https:\/\/fonsvinum.com\/en\/shop\/\"},{\"@type\":\"ListItem\",\"position\":3,\"name\":\"Franck Debut Cuv\u00e9e Brut Tradition Champagne\"}]},{\"@type\":\"WebSite\",\"@id\":\"https:\/\/fonsvinum.com\/en\/#website\",\"url\":\"https:\/\/fonsvinum.com\/en\/\",\"name\":\"Fons Vinum\",\"description\":\"Vendita Vino Online\",\"publisher\":{\"@id\":\"https:\/\/fonsvinum.com\/en\/#organization\"},\"potentialAction\":[{\"@type\":\"SearchAction\",\"target\":{\"@type\":\"EntryPoint\",\"urlTemplate\":\"https:\/\/fonsvinum.com\/en\/?s={search_term_string}\"},\"query-input\":{\"@type\":\"PropertyValueSpecification\",\"valueRequired\":true,\"valueName\":\"search_term_string\"}}],\"inLanguage\":\"en-US\"},{\"@type\":\"Organization\",\"@id\":\"https:\/\/fonsvinum.com\/en\/#organization\",\"name\":\"Fons Vinum\",\"url\":\"https:\/\/fonsvinum.com\/en\/\",\"logo\":{\"@type\":\"ImageObject\",\"inLanguage\":\"en-US\",\"@id\":\"https:\/\/fonsvinum.com\/en\/#\/schema\/logo\/image\/\",\"url\":\"\",\"contentUrl\":\"\",\"caption\":\"Fons Vinum\"},\"image\":{\"@id\":\"https:\/\/fonsvinum.com\/en\/#\/schema\/logo\/image\/\"}}]}<\/script>\n<!-- \/ Yoast SEO plugin. -->","yoast_head_json":{"title":"Buy online on FonsVinum Franck Debut Cuv\u00e9e Brut Tradition Champagne","description":"Buy online on FonsVinum Franck Debut Cuv\u00e9e Brut Tradition Champagne - An exceptional wine, balance and consistence...","robots":{"index":"index","follow":"follow","max-snippet":"max-snippet:-1","max-image-preview":"max-image-preview:large","max-video-preview":"max-video-preview:-1"},"canonical":"https:\/\/fonsvinum.com\/en\/product\/franck-debut-cuvee-brut-tradition-champagne\/","og_locale":"en_US","og_type":"article","og_title":"Buy online on FonsVinum Franck Debut Cuv\u00e9e Brut Tradition Champagne","og_description":"Buy online on FonsVinum Franck Debut Cuv\u00e9e Brut Tradition Champagne - An exceptional wine, balance and consistence...","og_url":"https:\/\/fonsvinum.com\/en\/product\/franck-debut-cuvee-brut-tradition-champagne\/","og_site_name":"Fons Vinum","article_modified_time":"2020-11-27T10:23:24+00:00","og_image":[{"width":200,"height":600,"url":"https:\/\/fonsvinum.com\/files\/2020\/11\/franck-debut-cuvee-brut-tradition.jpg","type":"image\/jpeg"}],"twitter_misc":{"Est. reading time":"2 minutes"},"schema":{"@context":"https:\/\/schema.org","@graph":[{"@type":"WebPage","@id":"https:\/\/fonsvinum.com\/en\/product\/franck-debut-cuvee-brut-tradition-champagne\/","url":"https:\/\/fonsvinum.com\/en\/product\/franck-debut-cuvee-brut-tradition-champagne\/","name":"Buy online on FonsVinum Franck Debut Cuv\u00e9e Brut Tradition Champagne","isPartOf":{"@id":"https:\/\/fonsvinum.com\/en\/#website"},"primaryImageOfPage":{"@id":"https:\/\/fonsvinum.com\/en\/product\/franck-debut-cuvee-brut-tradition-champagne\/#primaryimage"},"image":{"@id":"https:\/\/fonsvinum.com\/en\/product\/franck-debut-cuvee-brut-tradition-champagne\/#primaryimage"},"thumbnailUrl":"https:\/\/fonsvinum.com\/files\/2020\/11\/franck-debut-cuvee-brut-tradition.jpg","datePublished":"2020-11-27T09:44:50+00:00","dateModified":"2020-11-27T10:23:24+00:00","description":"Buy online on FonsVinum Franck Debut Cuv\u00e9e Brut Tradition Champagne - An exceptional wine, balance and consistence...","breadcrumb":{"@id":"https:\/\/fonsvinum.com\/en\/product\/franck-debut-cuvee-brut-tradition-champagne\/#breadcrumb"},"inLanguage":"en-US","potentialAction":[{"@type":"ReadAction","target":["https:\/\/fonsvinum.com\/en\/product\/franck-debut-cuvee-brut-tradition-champagne\/"]}]},{"@type":"ImageObject","inLanguage":"en-US","@id":"https:\/\/fonsvinum.com\/en\/product\/franck-debut-cuvee-brut-tradition-champagne\/#primaryimage","url":"https:\/\/fonsvinum.com\/files\/2020\/11\/franck-debut-cuvee-brut-tradition.jpg","contentUrl":"https:\/\/fonsvinum.com\/files\/2020\/11\/franck-debut-cuvee-brut-tradition.jpg","width":200,"height":600},{"@type":"BreadcrumbList","@id":"https:\/\/fonsvinum.com\/en\/product\/franck-debut-cuvee-brut-tradition-champagne\/#breadcrumb","itemListElement":[{"@type":"ListItem","position":1,"name":"Startseite","item":"https:\/\/fonsvinum.com\/en\/"},{"@type":"ListItem","position":2,"name":"Shop","item":"https:\/\/fonsvinum.com\/en\/shop\/"},{"@type":"ListItem","position":3,"name":"Franck Debut Cuv\u00e9e Brut Tradition Champagne"}]},{"@type":"WebSite","@id":"https:\/\/fonsvinum.com\/en\/#website","url":"https:\/\/fonsvinum.com\/en\/","name":"Fons Vinum","description":"Vendita Vino Online","publisher":{"@id":"https:\/\/fonsvinum.com\/en\/#organization"},"potentialAction":[{"@type":"SearchAction","target":{"@type":"EntryPoint","urlTemplate":"https:\/\/fonsvinum.com\/en\/?s={search_term_string}"},"query-input":{"@type":"PropertyValueSpecification","valueRequired":true,"valueName":"search_term_string"}}],"inLanguage":"en-US"},{"@type":"Organization","@id":"https:\/\/fonsvinum.com\/en\/#organization","name":"Fons Vinum","url":"https:\/\/fonsvinum.com\/en\/","logo":{"@type":"ImageObject","inLanguage":"en-US","@id":"https:\/\/fonsvinum.com\/en\/#\/schema\/logo\/image\/","url":"","contentUrl":"","caption":"Fons Vinum"},"image":{"@id":"https:\/\/fonsvinum.com\/en\/#\/schema\/logo\/image\/"}}]}},"acf":[],"_links":{"self":[{"href":"https:\/\/fonsvinum.com\/en\/wp-json\/wp\/v2\/product\/28318","targetHints":{"allow":["GET"]}}],"collection":[{"href":"https:\/\/fonsvinum.com\/en\/wp-json\/wp\/v2\/product"}],"about":[{"href":"https:\/\/fonsvinum.com\/en\/wp-json\/wp\/v2\/types\/product"}],"replies":[{"embeddable":true,"href":"https:\/\/fonsvinum.com\/en\/wp-json\/wp\/v2\/comments?post=28318"}],"wp:featuredmedia":[{"embeddable":true,"href":"https:\/\/fonsvinum.com\/en\/wp-json\/wp\/v2\/media\/28322"}],"wp:attachment":[{"href":"https:\/\/fonsvinum.com\/en\/wp-json\/wp\/v2\/media?parent=28318"}],"wp:term":[{"taxonomy":"product_brand","embeddable":true,"href":"https:\/\/fonsvinum.com\/en\/wp-json\/wp\/v2\/product_brand?post=28318"},{"taxonomy":"product_cat","embeddable":true,"href":"https:\/\/fonsvinum.com\/en\/wp-json\/wp\/v2\/product_cat?post=28318"},{"taxonomy":"product_tag","embeddable":true,"href":"https:\/\/fonsvinum.com\/en\/wp-json\/wp\/v2\/product_tag?post=28318"}],"curies":[{"name":"wp","href":"https:\/\/api.w.org\/{rel}","templated":true}]}}