{"id":25141,"date":"2020-05-28T10:51:31","date_gmt":"2020-05-28T08:51:31","guid":{"rendered":"https:\/\/fonsvinum.com\/?post_type=product&#038;p=25141"},"modified":"2025-05-27T13:00:33","modified_gmt":"2025-05-27T11:00:33","slug":"richard-dhondt-champagne-superieure-zero-dosage","status":"publish","type":"product","link":"https:\/\/fonsvinum.com\/en\/product\/richard-dhondt-champagne-superieure-zero-dosage\/","title":{"rendered":"RICHARD DHONDT Champagne Superieure Z\u00e9ro Dosage"},"content":{"rendered":"<h2><a href=\"https:\/\/fonsvinum.com\/en\/shop\/?filter_producer=richard-dhondt-en\">RICHARD DHONDT<\/a><\/h2>\n<p><span class=\"wineLocationHeader__wineType--14nrC\">Sparkling wine<span class=\"wineLocationHeader__fromWord--_e4AB\">\u00a0from\u00a0<\/span><\/span>Champagne<span class=\"wineLocationHeader__dot--2jLWM\">\u00a0\u00b7\u00a0<\/span>France<\/p>\n<p>This amazing champagne is made by a small Premier Cru and Grand Cru grower in the prime village of\u00a0 \u00e0\u00e8izy just outside Epernay.<\/p>\n<h2><a href=\"https:\/\/fonsvinum.com\/en\/?s=CHAMPAGNE&amp;post_type=product\">CHAMPAGNE<\/a> SUPERIEURE Z\u00c9RO DOSAGE<\/h2>\n<h3><span class=\"JLqJ4b ChMk0b\" data-language-for-alternatives=\"en\" data-language-to-translate-into=\"it\" data-phrase-index=\"8\"><span class=\"JLqJ4b\" data-language-for-alternatives=\"en\" data-language-to-translate-into=\"it\" data-phrase-index=\"9\"><strong>-Vinification and ageing-<\/strong><\/span><\/span><\/h3>\n<p><span class=\"JLqJ4b ChMk0b\" data-language-for-alternatives=\"en\" data-language-to-translate-into=\"it\" data-phrase-index=\"8\"><span class=\"JLqJ4b\" data-language-for-alternatives=\"en\" data-language-to-translate-into=\"it\" data-phrase-index=\"9\">Vinification in used f\u00fbt de ch\u00eane; 60 months on the lees.<\/span><\/span><\/p>\n<h3><strong><span class=\"JLqJ4b ChMk0b\" data-language-for-alternatives=\"en\" data-language-to-translate-into=\"it\" data-phrase-index=\"8\"><span class=\"JLqJ4b\" data-language-for-alternatives=\"en\" data-language-to-translate-into=\"it\" data-phrase-index=\"9\">-Tasting notes-<\/span><\/span><\/strong><\/h3>\n<ul>\n<li><span class=\"JLqJ4b ChMk0b\" data-language-for-alternatives=\"en\" data-language-to-translate-into=\"it\" data-phrase-index=\"8\"><span class=\"JLqJ4b\" data-language-for-alternatives=\"en\" data-language-to-translate-into=\"it\" data-phrase-index=\"9\"><strong>Colour<\/strong>: bright yellow\u00a0<\/span><\/span><\/li>\n<li><strong>Perlage<\/strong>: fine and persistent<\/li>\n<li><strong>Bouquet<\/strong>: fruity notes are appreciated on the nose;\u00a0mineral hints of great finesse and elegant toasted notes.<\/li>\n<li><strong>Taste<\/strong>: consistent, full-bodied and with a nice acidity, great flavor that al<\/li>\n<\/ul>\n","protected":false},"excerpt":{"rendered":"<p>RICHARD DHONDT Sparkling wine\u00a0from\u00a0Champagne\u00a0\u00b7\u00a0France This amazing champagne is made by a small Premier Cru and Grand Cru grower in the prime village of\u00a0 \u00e0\u00e8izy just outside Epernay. CHAMPAGNE SUPERIEURE Z\u00c9RO DOSAGE -Vinification and ageing- Vinification in used f\u00fbt de ch\u00eane; 60 months on the lees. -Tasting notes- Colour: bright yellow\u00a0 Perlage: fine and persistent Bouquet: [&hellip;]<\/p>\n","protected":false},"featured_media":32056,"comment_status":"open","ping_status":"closed","template":"","meta":{"_acf_changed":false,"_monsterinsights_skip_tracking":false,"_monsterinsights_sitenote_active":false,"_monsterinsights_sitenote_note":"","_monsterinsights_sitenote_category":0},"product_brand":[],"product_cat":[150],"product_tag":[1833],"class_list":{"0":"post-25141","1":"product","2":"type-product","3":"status-publish","4":"has-post-thumbnail","6":"product_cat-brut-en","7":"product_tag-champagne-under-30-euro-en","8":"pa_appellation-champagne-en","9":"pa_formato-0-75-l-bottle","10":"pa_producer-richard-dhondt-en","11":"pa_region-champagne-en","12":"pa_vintage-s-a-en","14":"first","15":"instock","16":"taxable","17":"shipping-taxable","18":"purchasable","19":"product-type-simple"},"bundled_by":[],"bundle_stock_status":"instock","bundle_stock_quantity":42,"bundle_virtual":false,"bundle_layout":"","bundle_add_to_cart_form_location":"","bundle_editable_in_cart":false,"bundle_sold_individually_context":"","bundle_item_grouping":"","bundle_min_size":"","bundle_max_size":"","bundle_price":[],"bundled_items":[],"bundle_sell_ids":[],"yoast_head":"<!-- This site is optimized with the Yoast SEO plugin v27.3 - https:\/\/yoast.com\/product\/yoast-seo-wordpress\/ -->\n<title>RICHARD DHONDT Champagne Superieure Z\u00e9ro Dosage<\/title>\n<meta name=\"description\" content=\"Buy RICHARD DHONDT Champagne Superieure Z\u00e9ro Dosage at FonsVinum -Vinification in used f\u00fbt de ch\u00eane; 60 months on the lees...\" \/>\n<meta name=\"robots\" content=\"index, follow, max-snippet:-1, max-image-preview:large, max-video-preview:-1\" \/>\n<link rel=\"canonical\" href=\"https:\/\/fonsvinum.com\/en\/product\/richard-dhondt-champagne-superieure-zero-dosage\/\" \/>\n<meta property=\"og:locale\" content=\"en_US\" \/>\n<meta property=\"og:type\" content=\"article\" \/>\n<meta property=\"og:title\" content=\"RICHARD DHONDT Champagne Superieure Z\u00e9ro Dosage\" \/>\n<meta property=\"og:description\" content=\"Buy RICHARD DHONDT Champagne Superieure Z\u00e9ro Dosage at FonsVinum -Vinification in used f\u00fbt de ch\u00eane; 60 months on the lees...\" \/>\n<meta property=\"og:url\" content=\"https:\/\/fonsvinum.com\/en\/product\/richard-dhondt-champagne-superieure-zero-dosage\/\" \/>\n<meta property=\"og:site_name\" content=\"Fons Vinum\" \/>\n<meta property=\"article:modified_time\" content=\"2025-05-27T11:00:33+00:00\" \/>\n<meta property=\"og:image\" content=\"https:\/\/fonsvinum.com\/files\/2020\/05\/champagne-richard-dhondt-superieure-zero-dosage.jpg\" \/>\n\t<meta property=\"og:image:width\" content=\"200\" \/>\n\t<meta property=\"og:image:height\" content=\"600\" \/>\n\t<meta property=\"og:image:type\" content=\"image\/jpeg\" \/>\n<meta name=\"twitter:label1\" content=\"Est. reading time\" \/>\n\t<meta name=\"twitter:data1\" content=\"1 minute\" \/>\n<script type=\"application\/ld+json\" class=\"yoast-schema-graph\">{\"@context\":\"https:\\\/\\\/schema.org\",\"@graph\":[{\"@type\":\"WebPage\",\"@id\":\"https:\\\/\\\/fonsvinum.com\\\/en\\\/product\\\/richard-dhondt-champagne-superieure-zero-dosage\\\/\",\"url\":\"https:\\\/\\\/fonsvinum.com\\\/en\\\/product\\\/richard-dhondt-champagne-superieure-zero-dosage\\\/\",\"name\":\"RICHARD DHONDT Champagne Superieure Z\u00e9ro Dosage\",\"isPartOf\":{\"@id\":\"https:\\\/\\\/fonsvinum.com\\\/en\\\/#website\"},\"primaryImageOfPage\":{\"@id\":\"https:\\\/\\\/fonsvinum.com\\\/en\\\/product\\\/richard-dhondt-champagne-superieure-zero-dosage\\\/#primaryimage\"},\"image\":{\"@id\":\"https:\\\/\\\/fonsvinum.com\\\/en\\\/product\\\/richard-dhondt-champagne-superieure-zero-dosage\\\/#primaryimage\"},\"thumbnailUrl\":\"https:\\\/\\\/fonsvinum.com\\\/files\\\/2020\\\/05\\\/champagne-richard-dhondt-superieure-zero-dosage.jpg\",\"datePublished\":\"2020-05-28T08:51:31+00:00\",\"dateModified\":\"2025-05-27T11:00:33+00:00\",\"description\":\"Buy RICHARD DHONDT Champagne Superieure Z\u00e9ro Dosage at FonsVinum -Vinification in used f\u00fbt de ch\u00eane; 60 months on the lees...\",\"breadcrumb\":{\"@id\":\"https:\\\/\\\/fonsvinum.com\\\/en\\\/product\\\/richard-dhondt-champagne-superieure-zero-dosage\\\/#breadcrumb\"},\"inLanguage\":\"en-US\",\"potentialAction\":[{\"@type\":\"ReadAction\",\"target\":[\"https:\\\/\\\/fonsvinum.com\\\/en\\\/product\\\/richard-dhondt-champagne-superieure-zero-dosage\\\/\"]}]},{\"@type\":\"ImageObject\",\"inLanguage\":\"en-US\",\"@id\":\"https:\\\/\\\/fonsvinum.com\\\/en\\\/product\\\/richard-dhondt-champagne-superieure-zero-dosage\\\/#primaryimage\",\"url\":\"https:\\\/\\\/fonsvinum.com\\\/files\\\/2020\\\/05\\\/champagne-richard-dhondt-superieure-zero-dosage.jpg\",\"contentUrl\":\"https:\\\/\\\/fonsvinum.com\\\/files\\\/2020\\\/05\\\/champagne-richard-dhondt-superieure-zero-dosage.jpg\",\"width\":200,\"height\":600},{\"@type\":\"BreadcrumbList\",\"@id\":\"https:\\\/\\\/fonsvinum.com\\\/en\\\/product\\\/richard-dhondt-champagne-superieure-zero-dosage\\\/#breadcrumb\",\"itemListElement\":[{\"@type\":\"ListItem\",\"position\":1,\"name\":\"Startseite\",\"item\":\"https:\\\/\\\/fonsvinum.com\\\/en\\\/\"},{\"@type\":\"ListItem\",\"position\":2,\"name\":\"Shop\",\"item\":\"https:\\\/\\\/fonsvinum.com\\\/en\\\/shop\\\/\"},{\"@type\":\"ListItem\",\"position\":3,\"name\":\"RICHARD DHONDT Champagne Superieure Z\u00e9ro Dosage\"}]},{\"@type\":\"WebSite\",\"@id\":\"https:\\\/\\\/fonsvinum.com\\\/en\\\/#website\",\"url\":\"https:\\\/\\\/fonsvinum.com\\\/en\\\/\",\"name\":\"Fons Vinum\",\"description\":\"Vendita Vino Online\",\"publisher\":{\"@id\":\"https:\\\/\\\/fonsvinum.com\\\/en\\\/#organization\"},\"potentialAction\":[{\"@type\":\"SearchAction\",\"target\":{\"@type\":\"EntryPoint\",\"urlTemplate\":\"https:\\\/\\\/fonsvinum.com\\\/en\\\/?s={search_term_string}\"},\"query-input\":{\"@type\":\"PropertyValueSpecification\",\"valueRequired\":true,\"valueName\":\"search_term_string\"}}],\"inLanguage\":\"en-US\"},{\"@type\":\"Organization\",\"@id\":\"https:\\\/\\\/fonsvinum.com\\\/en\\\/#organization\",\"name\":\"Fons Vinum\",\"url\":\"https:\\\/\\\/fonsvinum.com\\\/en\\\/\",\"logo\":{\"@type\":\"ImageObject\",\"inLanguage\":\"en-US\",\"@id\":\"https:\\\/\\\/fonsvinum.com\\\/en\\\/#\\\/schema\\\/logo\\\/image\\\/\",\"url\":\"\",\"contentUrl\":\"\",\"caption\":\"Fons Vinum\"},\"image\":{\"@id\":\"https:\\\/\\\/fonsvinum.com\\\/en\\\/#\\\/schema\\\/logo\\\/image\\\/\"}}]}<\/script>\n<!-- \/ Yoast SEO plugin. -->","yoast_head_json":{"title":"RICHARD DHONDT Champagne Superieure Z\u00e9ro Dosage","description":"Buy RICHARD DHONDT Champagne Superieure Z\u00e9ro Dosage at FonsVinum -Vinification in used f\u00fbt de ch\u00eane; 60 months on the lees...","robots":{"index":"index","follow":"follow","max-snippet":"max-snippet:-1","max-image-preview":"max-image-preview:large","max-video-preview":"max-video-preview:-1"},"canonical":"https:\/\/fonsvinum.com\/en\/product\/richard-dhondt-champagne-superieure-zero-dosage\/","og_locale":"en_US","og_type":"article","og_title":"RICHARD DHONDT Champagne Superieure Z\u00e9ro Dosage","og_description":"Buy RICHARD DHONDT Champagne Superieure Z\u00e9ro Dosage at FonsVinum -Vinification in used f\u00fbt de ch\u00eane; 60 months on the lees...","og_url":"https:\/\/fonsvinum.com\/en\/product\/richard-dhondt-champagne-superieure-zero-dosage\/","og_site_name":"Fons Vinum","article_modified_time":"2025-05-27T11:00:33+00:00","og_image":[{"width":200,"height":600,"url":"https:\/\/fonsvinum.com\/files\/2020\/05\/champagne-richard-dhondt-superieure-zero-dosage.jpg","type":"image\/jpeg"}],"twitter_misc":{"Est. reading time":"1 minute"},"schema":{"@context":"https:\/\/schema.org","@graph":[{"@type":"WebPage","@id":"https:\/\/fonsvinum.com\/en\/product\/richard-dhondt-champagne-superieure-zero-dosage\/","url":"https:\/\/fonsvinum.com\/en\/product\/richard-dhondt-champagne-superieure-zero-dosage\/","name":"RICHARD DHONDT Champagne Superieure Z\u00e9ro Dosage","isPartOf":{"@id":"https:\/\/fonsvinum.com\/en\/#website"},"primaryImageOfPage":{"@id":"https:\/\/fonsvinum.com\/en\/product\/richard-dhondt-champagne-superieure-zero-dosage\/#primaryimage"},"image":{"@id":"https:\/\/fonsvinum.com\/en\/product\/richard-dhondt-champagne-superieure-zero-dosage\/#primaryimage"},"thumbnailUrl":"https:\/\/fonsvinum.com\/files\/2020\/05\/champagne-richard-dhondt-superieure-zero-dosage.jpg","datePublished":"2020-05-28T08:51:31+00:00","dateModified":"2025-05-27T11:00:33+00:00","description":"Buy RICHARD DHONDT Champagne Superieure Z\u00e9ro Dosage at FonsVinum -Vinification in used f\u00fbt de ch\u00eane; 60 months on the lees...","breadcrumb":{"@id":"https:\/\/fonsvinum.com\/en\/product\/richard-dhondt-champagne-superieure-zero-dosage\/#breadcrumb"},"inLanguage":"en-US","potentialAction":[{"@type":"ReadAction","target":["https:\/\/fonsvinum.com\/en\/product\/richard-dhondt-champagne-superieure-zero-dosage\/"]}]},{"@type":"ImageObject","inLanguage":"en-US","@id":"https:\/\/fonsvinum.com\/en\/product\/richard-dhondt-champagne-superieure-zero-dosage\/#primaryimage","url":"https:\/\/fonsvinum.com\/files\/2020\/05\/champagne-richard-dhondt-superieure-zero-dosage.jpg","contentUrl":"https:\/\/fonsvinum.com\/files\/2020\/05\/champagne-richard-dhondt-superieure-zero-dosage.jpg","width":200,"height":600},{"@type":"BreadcrumbList","@id":"https:\/\/fonsvinum.com\/en\/product\/richard-dhondt-champagne-superieure-zero-dosage\/#breadcrumb","itemListElement":[{"@type":"ListItem","position":1,"name":"Startseite","item":"https:\/\/fonsvinum.com\/en\/"},{"@type":"ListItem","position":2,"name":"Shop","item":"https:\/\/fonsvinum.com\/en\/shop\/"},{"@type":"ListItem","position":3,"name":"RICHARD DHONDT Champagne Superieure Z\u00e9ro Dosage"}]},{"@type":"WebSite","@id":"https:\/\/fonsvinum.com\/en\/#website","url":"https:\/\/fonsvinum.com\/en\/","name":"Fons Vinum","description":"Vendita Vino Online","publisher":{"@id":"https:\/\/fonsvinum.com\/en\/#organization"},"potentialAction":[{"@type":"SearchAction","target":{"@type":"EntryPoint","urlTemplate":"https:\/\/fonsvinum.com\/en\/?s={search_term_string}"},"query-input":{"@type":"PropertyValueSpecification","valueRequired":true,"valueName":"search_term_string"}}],"inLanguage":"en-US"},{"@type":"Organization","@id":"https:\/\/fonsvinum.com\/en\/#organization","name":"Fons Vinum","url":"https:\/\/fonsvinum.com\/en\/","logo":{"@type":"ImageObject","inLanguage":"en-US","@id":"https:\/\/fonsvinum.com\/en\/#\/schema\/logo\/image\/","url":"","contentUrl":"","caption":"Fons Vinum"},"image":{"@id":"https:\/\/fonsvinum.com\/en\/#\/schema\/logo\/image\/"}}]}},"acf":[],"_links":{"self":[{"href":"https:\/\/fonsvinum.com\/en\/wp-json\/wp\/v2\/product\/25141","targetHints":{"allow":["GET"]}}],"collection":[{"href":"https:\/\/fonsvinum.com\/en\/wp-json\/wp\/v2\/product"}],"about":[{"href":"https:\/\/fonsvinum.com\/en\/wp-json\/wp\/v2\/types\/product"}],"replies":[{"embeddable":true,"href":"https:\/\/fonsvinum.com\/en\/wp-json\/wp\/v2\/comments?post=25141"}],"wp:featuredmedia":[{"embeddable":true,"href":"https:\/\/fonsvinum.com\/en\/wp-json\/wp\/v2\/media\/32056"}],"wp:attachment":[{"href":"https:\/\/fonsvinum.com\/en\/wp-json\/wp\/v2\/media?parent=25141"}],"wp:term":[{"taxonomy":"product_brand","embeddable":true,"href":"https:\/\/fonsvinum.com\/en\/wp-json\/wp\/v2\/product_brand?post=25141"},{"taxonomy":"product_cat","embeddable":true,"href":"https:\/\/fonsvinum.com\/en\/wp-json\/wp\/v2\/product_cat?post=25141"},{"taxonomy":"product_tag","embeddable":true,"href":"https:\/\/fonsvinum.com\/en\/wp-json\/wp\/v2\/product_tag?post=25141"}],"curies":[{"name":"wp","href":"https:\/\/api.w.org\/{rel}","templated":true}]}}