{"id":25123,"date":"2020-05-27T12:02:03","date_gmt":"2020-05-27T10:02:03","guid":{"rendered":"https:\/\/fonsvinum.com\/?post_type=product&#038;p=25123"},"modified":"2020-07-31T15:49:08","modified_gmt":"2020-07-31T13:49:08","slug":"champagne-cuvee-de-reserve-brut-richard-dhondt","status":"publish","type":"product","link":"https:\/\/fonsvinum.com\/en\/product\/champagne-cuvee-de-reserve-brut-richard-dhondt\/","title":{"rendered":"Richard Dhondt Champagne Cuv\u00e9e de R\u00e9serve Brut"},"content":{"rendered":"<h1>Champagne Cuv\u00e9e de R\u00e9serve Brut Richard Dhondt<\/h1>\n<p><span class=\"wineLocationHeader__wineType--14nrC\">Sparkling wine<span class=\"wineLocationHeader__fromWord--_e4AB\">\u00a0from\u00a0<\/span><\/span>Champagne<span class=\"wineLocationHeader__dot--2jLWM\">\u00a0\u00b7\u00a0<\/span>France<\/p>\n<h2>RICHARD DHONDT<\/h2>\n<p>This amazing champagne is made by a small Premier Cru and Grand Cru grower in the prime village of Dizy just outside Epernay.<\/p>\n<h2>CHAMPAGNE CUVEE DE RESERVE BRUT<\/h2>\n<div class=\"product-main-boxes-wrapper\">\n<div class=\"product-infos-list-wrapper\">\n<div class=\"product-description\">\n<div class=\"std\">\n<p>This champagne is made from equal percentages of Pinot Noir, Pinot Meunier and Chardonnay, with 50% reserve (older) wine and then aged for a minimum of 18 months, giving soft fruity but toasty flavours.<\/p>\n<p>This is a superb find: good quality, sensibly priced with a smart label, reminiscent of Bollinger RD. If you want inexpensive champagne, we believe you will not find better than this.<\/p>\n<\/div>\n<\/div>\n<\/div>\n<\/div>\n<h3 class=\"wineFacts__factHeading--pXg1x\">Food pairing<\/h3>\n<div>Pork,\u00a0Rich fish (salmon, tuna etc),\u00a0Shellfish,\u00a0Mild and soft cheese<\/div>\n","protected":false},"excerpt":{"rendered":"<p>Champagne Cuv\u00e9e de R\u00e9serve Brut Richard Dhondt Sparkling wine\u00a0from\u00a0Champagne\u00a0\u00b7\u00a0France RICHARD DHONDT This amazing champagne is made by a small Premier Cru and Grand Cru grower in the prime village of Dizy just outside Epernay. CHAMPAGNE CUVEE DE RESERVE BRUT This champagne is made from equal percentages of Pinot Noir, Pinot Meunier and Chardonnay, with 50% [&hellip;]<\/p>\n","protected":false},"featured_media":25133,"comment_status":"open","ping_status":"closed","template":"","meta":{"_acf_changed":false,"_monsterinsights_skip_tracking":false,"_monsterinsights_sitenote_active":false,"_monsterinsights_sitenote_note":"","_monsterinsights_sitenote_category":0},"product_brand":[],"product_cat":[150],"product_tag":[1832,1833],"class_list":{"0":"post-25123","1":"product","2":"type-product","3":"status-publish","4":"has-post-thumbnail","6":"product_cat-brut-en","7":"product_tag-champagne-en","8":"product_tag-champagne-under-30-euro-en","9":"pa_appellation-champagne-en","10":"pa_formato-0-75-l-bottle","11":"pa_producer-richard-dhondt-en","12":"pa_region-champagne-en","13":"pa_vine-chardonnay-pinot-noir-pinot-meunier-en","14":"pa_vintage-s-a-en","16":"first","17":"instock","18":"sale","19":"taxable","20":"shipping-taxable","21":"purchasable","22":"product-type-simple"},"bundled_by":["34317"],"bundle_stock_status":"instock","bundle_stock_quantity":24,"bundle_virtual":false,"bundle_layout":"","bundle_add_to_cart_form_location":"","bundle_editable_in_cart":false,"bundle_sold_individually_context":"","bundle_item_grouping":"","bundle_min_size":"","bundle_max_size":"","bundle_price":[],"bundled_items":[],"bundle_sell_ids":[21657],"yoast_head":"<!-- This site is optimized with the Yoast SEO plugin v27.2 - https:\/\/yoast.com\/product\/yoast-seo-wordpress\/ -->\n<title>Acquista Champagne Cuv\u00e9e de R\u00e9serve Brut Richard Dhondt<\/title>\n<meta name=\"description\" content=\"Buy Champagne Cuv\u00e9e de R\u00e9serve Brut Richard Dhondt to FonsVinum - This is a superb find: good quality, sensibly priced with a smart label...\" \/>\n<meta name=\"robots\" content=\"index, follow, max-snippet:-1, max-image-preview:large, max-video-preview:-1\" \/>\n<link rel=\"canonical\" href=\"https:\/\/fonsvinum.com\/en\/product\/champagne-cuvee-de-reserve-brut-richard-dhondt\/\" \/>\n<meta property=\"og:locale\" content=\"en_US\" \/>\n<meta property=\"og:type\" content=\"article\" \/>\n<meta property=\"og:title\" content=\"Acquista Champagne Cuv\u00e9e de R\u00e9serve Brut Richard Dhondt\" \/>\n<meta property=\"og:description\" content=\"Buy Champagne Cuv\u00e9e de R\u00e9serve Brut Richard Dhondt to FonsVinum - This is a superb find: good quality, sensibly priced with a smart label...\" \/>\n<meta property=\"og:url\" content=\"https:\/\/fonsvinum.com\/en\/product\/champagne-cuvee-de-reserve-brut-richard-dhondt\/\" \/>\n<meta property=\"og:site_name\" content=\"Fons Vinum\" \/>\n<meta property=\"article:modified_time\" content=\"2020-07-31T13:49:08+00:00\" \/>\n<meta property=\"og:image\" content=\"https:\/\/fonsvinum.com\/files\/2020\/05\/champagne-cuvee-de-reserve-richard-dhondt.jpg\" \/>\n\t<meta property=\"og:image:width\" content=\"200\" \/>\n\t<meta property=\"og:image:height\" content=\"600\" \/>\n\t<meta property=\"og:image:type\" content=\"image\/jpeg\" \/>\n<meta name=\"twitter:label1\" content=\"Est. reading time\" \/>\n\t<meta name=\"twitter:data1\" content=\"1 minute\" \/>\n<script type=\"application\/ld+json\" class=\"yoast-schema-graph\">{\"@context\":\"https:\/\/schema.org\",\"@graph\":[{\"@type\":\"WebPage\",\"@id\":\"https:\/\/fonsvinum.com\/en\/product\/champagne-cuvee-de-reserve-brut-richard-dhondt\/\",\"url\":\"https:\/\/fonsvinum.com\/en\/product\/champagne-cuvee-de-reserve-brut-richard-dhondt\/\",\"name\":\"Acquista Champagne Cuv\u00e9e de R\u00e9serve Brut Richard Dhondt\",\"isPartOf\":{\"@id\":\"https:\/\/fonsvinum.com\/en\/#website\"},\"primaryImageOfPage\":{\"@id\":\"https:\/\/fonsvinum.com\/en\/product\/champagne-cuvee-de-reserve-brut-richard-dhondt\/#primaryimage\"},\"image\":{\"@id\":\"https:\/\/fonsvinum.com\/en\/product\/champagne-cuvee-de-reserve-brut-richard-dhondt\/#primaryimage\"},\"thumbnailUrl\":\"https:\/\/fonsvinum.com\/files\/2020\/05\/champagne-cuvee-de-reserve-richard-dhondt.jpg\",\"datePublished\":\"2020-05-27T10:02:03+00:00\",\"dateModified\":\"2020-07-31T13:49:08+00:00\",\"description\":\"Buy Champagne Cuv\u00e9e de R\u00e9serve Brut Richard Dhondt to FonsVinum - This is a superb find: good quality, sensibly priced with a smart label...\",\"breadcrumb\":{\"@id\":\"https:\/\/fonsvinum.com\/en\/product\/champagne-cuvee-de-reserve-brut-richard-dhondt\/#breadcrumb\"},\"inLanguage\":\"en-US\",\"potentialAction\":[{\"@type\":\"ReadAction\",\"target\":[\"https:\/\/fonsvinum.com\/en\/product\/champagne-cuvee-de-reserve-brut-richard-dhondt\/\"]}]},{\"@type\":\"ImageObject\",\"inLanguage\":\"en-US\",\"@id\":\"https:\/\/fonsvinum.com\/en\/product\/champagne-cuvee-de-reserve-brut-richard-dhondt\/#primaryimage\",\"url\":\"https:\/\/fonsvinum.com\/files\/2020\/05\/champagne-cuvee-de-reserve-richard-dhondt.jpg\",\"contentUrl\":\"https:\/\/fonsvinum.com\/files\/2020\/05\/champagne-cuvee-de-reserve-richard-dhondt.jpg\",\"width\":200,\"height\":600},{\"@type\":\"BreadcrumbList\",\"@id\":\"https:\/\/fonsvinum.com\/en\/product\/champagne-cuvee-de-reserve-brut-richard-dhondt\/#breadcrumb\",\"itemListElement\":[{\"@type\":\"ListItem\",\"position\":1,\"name\":\"Startseite\",\"item\":\"https:\/\/fonsvinum.com\/en\/\"},{\"@type\":\"ListItem\",\"position\":2,\"name\":\"Shop\",\"item\":\"https:\/\/fonsvinum.com\/en\/shop\/\"},{\"@type\":\"ListItem\",\"position\":3,\"name\":\"Richard Dhondt Champagne Cuv\u00e9e de R\u00e9serve Brut\"}]},{\"@type\":\"WebSite\",\"@id\":\"https:\/\/fonsvinum.com\/en\/#website\",\"url\":\"https:\/\/fonsvinum.com\/en\/\",\"name\":\"Fons Vinum\",\"description\":\"Vendita Vino Online\",\"publisher\":{\"@id\":\"https:\/\/fonsvinum.com\/en\/#organization\"},\"potentialAction\":[{\"@type\":\"SearchAction\",\"target\":{\"@type\":\"EntryPoint\",\"urlTemplate\":\"https:\/\/fonsvinum.com\/en\/?s={search_term_string}\"},\"query-input\":{\"@type\":\"PropertyValueSpecification\",\"valueRequired\":true,\"valueName\":\"search_term_string\"}}],\"inLanguage\":\"en-US\"},{\"@type\":\"Organization\",\"@id\":\"https:\/\/fonsvinum.com\/en\/#organization\",\"name\":\"Fons Vinum\",\"url\":\"https:\/\/fonsvinum.com\/en\/\",\"logo\":{\"@type\":\"ImageObject\",\"inLanguage\":\"en-US\",\"@id\":\"https:\/\/fonsvinum.com\/en\/#\/schema\/logo\/image\/\",\"url\":\"\",\"contentUrl\":\"\",\"caption\":\"Fons Vinum\"},\"image\":{\"@id\":\"https:\/\/fonsvinum.com\/en\/#\/schema\/logo\/image\/\"}}]}<\/script>\n<!-- \/ Yoast SEO plugin. -->","yoast_head_json":{"title":"Acquista Champagne Cuv\u00e9e de R\u00e9serve Brut Richard Dhondt","description":"Buy Champagne Cuv\u00e9e de R\u00e9serve Brut Richard Dhondt to FonsVinum - This is a superb find: good quality, sensibly priced with a smart label...","robots":{"index":"index","follow":"follow","max-snippet":"max-snippet:-1","max-image-preview":"max-image-preview:large","max-video-preview":"max-video-preview:-1"},"canonical":"https:\/\/fonsvinum.com\/en\/product\/champagne-cuvee-de-reserve-brut-richard-dhondt\/","og_locale":"en_US","og_type":"article","og_title":"Acquista Champagne Cuv\u00e9e de R\u00e9serve Brut Richard Dhondt","og_description":"Buy Champagne Cuv\u00e9e de R\u00e9serve Brut Richard Dhondt to FonsVinum - This is a superb find: good quality, sensibly priced with a smart label...","og_url":"https:\/\/fonsvinum.com\/en\/product\/champagne-cuvee-de-reserve-brut-richard-dhondt\/","og_site_name":"Fons Vinum","article_modified_time":"2020-07-31T13:49:08+00:00","og_image":[{"width":200,"height":600,"url":"https:\/\/fonsvinum.com\/files\/2020\/05\/champagne-cuvee-de-reserve-richard-dhondt.jpg","type":"image\/jpeg"}],"twitter_misc":{"Est. reading time":"1 minute"},"schema":{"@context":"https:\/\/schema.org","@graph":[{"@type":"WebPage","@id":"https:\/\/fonsvinum.com\/en\/product\/champagne-cuvee-de-reserve-brut-richard-dhondt\/","url":"https:\/\/fonsvinum.com\/en\/product\/champagne-cuvee-de-reserve-brut-richard-dhondt\/","name":"Acquista Champagne Cuv\u00e9e de R\u00e9serve Brut Richard Dhondt","isPartOf":{"@id":"https:\/\/fonsvinum.com\/en\/#website"},"primaryImageOfPage":{"@id":"https:\/\/fonsvinum.com\/en\/product\/champagne-cuvee-de-reserve-brut-richard-dhondt\/#primaryimage"},"image":{"@id":"https:\/\/fonsvinum.com\/en\/product\/champagne-cuvee-de-reserve-brut-richard-dhondt\/#primaryimage"},"thumbnailUrl":"https:\/\/fonsvinum.com\/files\/2020\/05\/champagne-cuvee-de-reserve-richard-dhondt.jpg","datePublished":"2020-05-27T10:02:03+00:00","dateModified":"2020-07-31T13:49:08+00:00","description":"Buy Champagne Cuv\u00e9e de R\u00e9serve Brut Richard Dhondt to FonsVinum - This is a superb find: good quality, sensibly priced with a smart label...","breadcrumb":{"@id":"https:\/\/fonsvinum.com\/en\/product\/champagne-cuvee-de-reserve-brut-richard-dhondt\/#breadcrumb"},"inLanguage":"en-US","potentialAction":[{"@type":"ReadAction","target":["https:\/\/fonsvinum.com\/en\/product\/champagne-cuvee-de-reserve-brut-richard-dhondt\/"]}]},{"@type":"ImageObject","inLanguage":"en-US","@id":"https:\/\/fonsvinum.com\/en\/product\/champagne-cuvee-de-reserve-brut-richard-dhondt\/#primaryimage","url":"https:\/\/fonsvinum.com\/files\/2020\/05\/champagne-cuvee-de-reserve-richard-dhondt.jpg","contentUrl":"https:\/\/fonsvinum.com\/files\/2020\/05\/champagne-cuvee-de-reserve-richard-dhondt.jpg","width":200,"height":600},{"@type":"BreadcrumbList","@id":"https:\/\/fonsvinum.com\/en\/product\/champagne-cuvee-de-reserve-brut-richard-dhondt\/#breadcrumb","itemListElement":[{"@type":"ListItem","position":1,"name":"Startseite","item":"https:\/\/fonsvinum.com\/en\/"},{"@type":"ListItem","position":2,"name":"Shop","item":"https:\/\/fonsvinum.com\/en\/shop\/"},{"@type":"ListItem","position":3,"name":"Richard Dhondt Champagne Cuv\u00e9e de R\u00e9serve Brut"}]},{"@type":"WebSite","@id":"https:\/\/fonsvinum.com\/en\/#website","url":"https:\/\/fonsvinum.com\/en\/","name":"Fons Vinum","description":"Vendita Vino Online","publisher":{"@id":"https:\/\/fonsvinum.com\/en\/#organization"},"potentialAction":[{"@type":"SearchAction","target":{"@type":"EntryPoint","urlTemplate":"https:\/\/fonsvinum.com\/en\/?s={search_term_string}"},"query-input":{"@type":"PropertyValueSpecification","valueRequired":true,"valueName":"search_term_string"}}],"inLanguage":"en-US"},{"@type":"Organization","@id":"https:\/\/fonsvinum.com\/en\/#organization","name":"Fons Vinum","url":"https:\/\/fonsvinum.com\/en\/","logo":{"@type":"ImageObject","inLanguage":"en-US","@id":"https:\/\/fonsvinum.com\/en\/#\/schema\/logo\/image\/","url":"","contentUrl":"","caption":"Fons Vinum"},"image":{"@id":"https:\/\/fonsvinum.com\/en\/#\/schema\/logo\/image\/"}}]}},"acf":[],"_links":{"self":[{"href":"https:\/\/fonsvinum.com\/en\/wp-json\/wp\/v2\/product\/25123","targetHints":{"allow":["GET"]}}],"collection":[{"href":"https:\/\/fonsvinum.com\/en\/wp-json\/wp\/v2\/product"}],"about":[{"href":"https:\/\/fonsvinum.com\/en\/wp-json\/wp\/v2\/types\/product"}],"replies":[{"embeddable":true,"href":"https:\/\/fonsvinum.com\/en\/wp-json\/wp\/v2\/comments?post=25123"}],"wp:featuredmedia":[{"embeddable":true,"href":"https:\/\/fonsvinum.com\/en\/wp-json\/wp\/v2\/media\/25133"}],"wp:attachment":[{"href":"https:\/\/fonsvinum.com\/en\/wp-json\/wp\/v2\/media?parent=25123"}],"wp:term":[{"taxonomy":"product_brand","embeddable":true,"href":"https:\/\/fonsvinum.com\/en\/wp-json\/wp\/v2\/product_brand?post=25123"},{"taxonomy":"product_cat","embeddable":true,"href":"https:\/\/fonsvinum.com\/en\/wp-json\/wp\/v2\/product_cat?post=25123"},{"taxonomy":"product_tag","embeddable":true,"href":"https:\/\/fonsvinum.com\/en\/wp-json\/wp\/v2\/product_tag?post=25123"}],"curies":[{"name":"wp","href":"https:\/\/api.w.org\/{rel}","templated":true}]}}