{"id":2214,"date":"2014-02-14T14:19:30","date_gmt":"2014-02-14T13:19:30","guid":{"rendered":"http:\/\/fonsvinum.com\/product\/champagne-cuvee-prestige-elisee-millesime-2005-pierre-bertrand-2\/"},"modified":"2023-11-15T10:03:26","modified_gmt":"2023-11-15T09:03:26","slug":"pierre-bertrand-prestige-champagne-brut-millesime-2014","status":"publish","type":"product","link":"https:\/\/fonsvinum.com\/en\/product\/pierre-bertrand-prestige-champagne-brut-millesime-2014\/","title":{"rendered":"PIERRE BERTRAND Prestige Champagne Brut Mill\u00e9sime 2014"},"content":{"rendered":"<h2><a href=\"https:\/\/fonsvinum.com\/en\/attributes\/producer\/pierre-bertrand-en\/\">PIERRE BERTRAND<\/a><\/h2>\n<p>Maison Pierre Bertrand is located in Cumi\u00e8res, 2 kilometers from the Abbey of Hautvillers where the monk Dom P\u00e9rignon lived, an illustrious character from Champagne.<\/p>\n<p>The slopes of Cumi\u00e8res and Hautvillers are part of the &#8220;Coteaux Historiques&#8221;, classified in 2015 by UNESCO, in the Remarkable Sites category.<\/p>\n<p>The territory of Cumi\u00e8res is relatively small, ie 300 hectares; it is covered in 85% of vines that borders to the North, the forest. In the South, the river Marne limits the village.<\/p>\n<p>The vinification is done, partly in oak barrels. Its discreet woody makes it an elegant and refined Champagne.<br \/>\nChardonnay gives its liveliness and freshness.<\/p>\n<h2><a href=\"https:\/\/fonsvinum.com\/en\/?s=CHAMPAGNE&amp;post_type=product\">CHAMPAGNE<\/a> PRESTIGE<\/h2>\n<p>Blend of Chardonnay and Pinot Noir, selected from old vines, in equal parts. After bottling, this cuv\u00e9e remains for a minimum of 6 years in the cellar.<\/p>\n<p>Complex and broad palate. This champagne is revealed in a sublime accord that plays on presence and finesse.<\/p>\n<p>At the end of the meal, it will last pleasantly an exceptional moment.<\/p>\n","protected":false},"excerpt":{"rendered":"<p>PIERRE BERTRAND Maison Pierre Bertrand is located in Cumi\u00e8res, 2 kilometers from the Abbey of Hautvillers where the monk Dom P\u00e9rignon lived, an illustrious character from Champagne. The slopes of Cumi\u00e8res and Hautvillers are part of the &#8220;Coteaux Historiques&#8221;, classified in 2015 by UNESCO, in the Remarkable Sites category. The territory of Cumi\u00e8res is relatively [&hellip;]<\/p>\n","protected":false},"featured_media":33842,"comment_status":"open","ping_status":"closed","template":"","meta":{"_acf_changed":false,"_monsterinsights_skip_tracking":false,"_monsterinsights_sitenote_active":false,"_monsterinsights_sitenote_note":"","_monsterinsights_sitenote_category":0},"product_brand":[],"product_cat":[150],"product_tag":[1832,2412],"class_list":{"0":"post-2214","1":"product","2":"type-product","3":"status-publish","4":"has-post-thumbnail","6":"product_cat-brut-en","7":"product_tag-champagne-en","8":"product_tag-petit-recoltant-manipulant-en","9":"pa_appellation-champagne-aoc-en","10":"pa_formato-0-75-l-bottle","11":"pa_producer-pierre-bertrand-en","12":"pa_region-champagne-en","13":"pa_vine-50-chardonnay-50-pinot-noir-en","14":"pa_vintage-2014-en","16":"first","17":"outofstock","18":"taxable","19":"shipping-taxable","20":"purchasable","21":"product-type-simple"},"bundled_by":["34355"],"bundle_stock_status":"outofstock","bundle_stock_quantity":0,"bundle_virtual":false,"bundle_layout":"","bundle_add_to_cart_form_location":"","bundle_editable_in_cart":false,"bundle_sold_individually_context":"","bundle_item_grouping":"","bundle_min_size":"","bundle_max_size":"","bundle_price":[],"bundled_items":[],"bundle_sell_ids":[],"yoast_head":"<!-- This site is optimized with the Yoast SEO plugin v27.2 - https:\/\/yoast.com\/product\/yoast-seo-wordpress\/ -->\n<title>PIERRE BERTRAND Prestige Champagne Brut Mill\u00e9sime 2014<\/title>\n<meta name=\"description\" content=\"Buy online at FonsVinum PIERRE BERTRAND Prestige Champagne Brut Mill\u00e9sime 2014\" \/>\n<meta name=\"robots\" content=\"index, follow, max-snippet:-1, max-image-preview:large, max-video-preview:-1\" \/>\n<link rel=\"canonical\" href=\"https:\/\/fonsvinum.com\/en\/product\/pierre-bertrand-prestige-champagne-brut-millesime-2014\/\" \/>\n<meta property=\"og:locale\" content=\"en_US\" \/>\n<meta property=\"og:type\" content=\"article\" \/>\n<meta property=\"og:title\" content=\"PIERRE BERTRAND Prestige Champagne Brut Mill\u00e9sime 2014\" \/>\n<meta property=\"og:description\" content=\"Buy online at FonsVinum PIERRE BERTRAND Prestige Champagne Brut Mill\u00e9sime 2014\" \/>\n<meta property=\"og:url\" content=\"https:\/\/fonsvinum.com\/en\/product\/pierre-bertrand-prestige-champagne-brut-millesime-2014\/\" \/>\n<meta property=\"og:site_name\" content=\"Fons Vinum\" \/>\n<meta property=\"article:modified_time\" content=\"2023-11-15T09:03:26+00:00\" \/>\n<meta property=\"og:image\" content=\"https:\/\/fonsvinum.com\/files\/2014\/02\/champagne-pierre-bertrand-prestige-millesime.jpg\" \/>\n\t<meta property=\"og:image:width\" content=\"200\" \/>\n\t<meta property=\"og:image:height\" content=\"600\" \/>\n\t<meta property=\"og:image:type\" content=\"image\/jpeg\" \/>\n<meta name=\"twitter:label1\" content=\"Est. reading time\" \/>\n\t<meta name=\"twitter:data1\" content=\"1 minute\" \/>\n<script type=\"application\/ld+json\" class=\"yoast-schema-graph\">{\"@context\":\"https:\/\/schema.org\",\"@graph\":[{\"@type\":\"WebPage\",\"@id\":\"https:\/\/fonsvinum.com\/en\/product\/pierre-bertrand-prestige-champagne-brut-millesime-2014\/\",\"url\":\"https:\/\/fonsvinum.com\/en\/product\/pierre-bertrand-prestige-champagne-brut-millesime-2014\/\",\"name\":\"PIERRE BERTRAND Prestige Champagne Brut Mill\u00e9sime 2014\",\"isPartOf\":{\"@id\":\"https:\/\/fonsvinum.com\/en\/#website\"},\"primaryImageOfPage\":{\"@id\":\"https:\/\/fonsvinum.com\/en\/product\/pierre-bertrand-prestige-champagne-brut-millesime-2014\/#primaryimage\"},\"image\":{\"@id\":\"https:\/\/fonsvinum.com\/en\/product\/pierre-bertrand-prestige-champagne-brut-millesime-2014\/#primaryimage\"},\"thumbnailUrl\":\"https:\/\/fonsvinum.com\/files\/2014\/02\/champagne-pierre-bertrand-prestige-millesime.jpg\",\"datePublished\":\"2014-02-14T13:19:30+00:00\",\"dateModified\":\"2023-11-15T09:03:26+00:00\",\"description\":\"Buy online at FonsVinum PIERRE BERTRAND Prestige Champagne Brut Mill\u00e9sime 2014\",\"breadcrumb\":{\"@id\":\"https:\/\/fonsvinum.com\/en\/product\/pierre-bertrand-prestige-champagne-brut-millesime-2014\/#breadcrumb\"},\"inLanguage\":\"en-US\",\"potentialAction\":[{\"@type\":\"ReadAction\",\"target\":[\"https:\/\/fonsvinum.com\/en\/product\/pierre-bertrand-prestige-champagne-brut-millesime-2014\/\"]}]},{\"@type\":\"ImageObject\",\"inLanguage\":\"en-US\",\"@id\":\"https:\/\/fonsvinum.com\/en\/product\/pierre-bertrand-prestige-champagne-brut-millesime-2014\/#primaryimage\",\"url\":\"https:\/\/fonsvinum.com\/files\/2014\/02\/champagne-pierre-bertrand-prestige-millesime.jpg\",\"contentUrl\":\"https:\/\/fonsvinum.com\/files\/2014\/02\/champagne-pierre-bertrand-prestige-millesime.jpg\",\"width\":200,\"height\":600},{\"@type\":\"BreadcrumbList\",\"@id\":\"https:\/\/fonsvinum.com\/en\/product\/pierre-bertrand-prestige-champagne-brut-millesime-2014\/#breadcrumb\",\"itemListElement\":[{\"@type\":\"ListItem\",\"position\":1,\"name\":\"Startseite\",\"item\":\"https:\/\/fonsvinum.com\/en\/\"},{\"@type\":\"ListItem\",\"position\":2,\"name\":\"Shop\",\"item\":\"https:\/\/fonsvinum.com\/en\/shop\/\"},{\"@type\":\"ListItem\",\"position\":3,\"name\":\"PIERRE BERTRAND Prestige Champagne Brut Mill\u00e9sime 2014\"}]},{\"@type\":\"WebSite\",\"@id\":\"https:\/\/fonsvinum.com\/en\/#website\",\"url\":\"https:\/\/fonsvinum.com\/en\/\",\"name\":\"Fons Vinum\",\"description\":\"Vendita Vino Online\",\"publisher\":{\"@id\":\"https:\/\/fonsvinum.com\/en\/#organization\"},\"potentialAction\":[{\"@type\":\"SearchAction\",\"target\":{\"@type\":\"EntryPoint\",\"urlTemplate\":\"https:\/\/fonsvinum.com\/en\/?s={search_term_string}\"},\"query-input\":{\"@type\":\"PropertyValueSpecification\",\"valueRequired\":true,\"valueName\":\"search_term_string\"}}],\"inLanguage\":\"en-US\"},{\"@type\":\"Organization\",\"@id\":\"https:\/\/fonsvinum.com\/en\/#organization\",\"name\":\"Fons Vinum\",\"url\":\"https:\/\/fonsvinum.com\/en\/\",\"logo\":{\"@type\":\"ImageObject\",\"inLanguage\":\"en-US\",\"@id\":\"https:\/\/fonsvinum.com\/en\/#\/schema\/logo\/image\/\",\"url\":\"\",\"contentUrl\":\"\",\"caption\":\"Fons Vinum\"},\"image\":{\"@id\":\"https:\/\/fonsvinum.com\/en\/#\/schema\/logo\/image\/\"}}]}<\/script>\n<!-- \/ Yoast SEO plugin. -->","yoast_head_json":{"title":"PIERRE BERTRAND Prestige Champagne Brut Mill\u00e9sime 2014","description":"Buy online at FonsVinum PIERRE BERTRAND Prestige Champagne Brut Mill\u00e9sime 2014","robots":{"index":"index","follow":"follow","max-snippet":"max-snippet:-1","max-image-preview":"max-image-preview:large","max-video-preview":"max-video-preview:-1"},"canonical":"https:\/\/fonsvinum.com\/en\/product\/pierre-bertrand-prestige-champagne-brut-millesime-2014\/","og_locale":"en_US","og_type":"article","og_title":"PIERRE BERTRAND Prestige Champagne Brut Mill\u00e9sime 2014","og_description":"Buy online at FonsVinum PIERRE BERTRAND Prestige Champagne Brut Mill\u00e9sime 2014","og_url":"https:\/\/fonsvinum.com\/en\/product\/pierre-bertrand-prestige-champagne-brut-millesime-2014\/","og_site_name":"Fons Vinum","article_modified_time":"2023-11-15T09:03:26+00:00","og_image":[{"width":200,"height":600,"url":"https:\/\/fonsvinum.com\/files\/2014\/02\/champagne-pierre-bertrand-prestige-millesime.jpg","type":"image\/jpeg"}],"twitter_misc":{"Est. reading time":"1 minute"},"schema":{"@context":"https:\/\/schema.org","@graph":[{"@type":"WebPage","@id":"https:\/\/fonsvinum.com\/en\/product\/pierre-bertrand-prestige-champagne-brut-millesime-2014\/","url":"https:\/\/fonsvinum.com\/en\/product\/pierre-bertrand-prestige-champagne-brut-millesime-2014\/","name":"PIERRE BERTRAND Prestige Champagne Brut Mill\u00e9sime 2014","isPartOf":{"@id":"https:\/\/fonsvinum.com\/en\/#website"},"primaryImageOfPage":{"@id":"https:\/\/fonsvinum.com\/en\/product\/pierre-bertrand-prestige-champagne-brut-millesime-2014\/#primaryimage"},"image":{"@id":"https:\/\/fonsvinum.com\/en\/product\/pierre-bertrand-prestige-champagne-brut-millesime-2014\/#primaryimage"},"thumbnailUrl":"https:\/\/fonsvinum.com\/files\/2014\/02\/champagne-pierre-bertrand-prestige-millesime.jpg","datePublished":"2014-02-14T13:19:30+00:00","dateModified":"2023-11-15T09:03:26+00:00","description":"Buy online at FonsVinum PIERRE BERTRAND Prestige Champagne Brut Mill\u00e9sime 2014","breadcrumb":{"@id":"https:\/\/fonsvinum.com\/en\/product\/pierre-bertrand-prestige-champagne-brut-millesime-2014\/#breadcrumb"},"inLanguage":"en-US","potentialAction":[{"@type":"ReadAction","target":["https:\/\/fonsvinum.com\/en\/product\/pierre-bertrand-prestige-champagne-brut-millesime-2014\/"]}]},{"@type":"ImageObject","inLanguage":"en-US","@id":"https:\/\/fonsvinum.com\/en\/product\/pierre-bertrand-prestige-champagne-brut-millesime-2014\/#primaryimage","url":"https:\/\/fonsvinum.com\/files\/2014\/02\/champagne-pierre-bertrand-prestige-millesime.jpg","contentUrl":"https:\/\/fonsvinum.com\/files\/2014\/02\/champagne-pierre-bertrand-prestige-millesime.jpg","width":200,"height":600},{"@type":"BreadcrumbList","@id":"https:\/\/fonsvinum.com\/en\/product\/pierre-bertrand-prestige-champagne-brut-millesime-2014\/#breadcrumb","itemListElement":[{"@type":"ListItem","position":1,"name":"Startseite","item":"https:\/\/fonsvinum.com\/en\/"},{"@type":"ListItem","position":2,"name":"Shop","item":"https:\/\/fonsvinum.com\/en\/shop\/"},{"@type":"ListItem","position":3,"name":"PIERRE BERTRAND Prestige Champagne Brut Mill\u00e9sime 2014"}]},{"@type":"WebSite","@id":"https:\/\/fonsvinum.com\/en\/#website","url":"https:\/\/fonsvinum.com\/en\/","name":"Fons Vinum","description":"Vendita Vino Online","publisher":{"@id":"https:\/\/fonsvinum.com\/en\/#organization"},"potentialAction":[{"@type":"SearchAction","target":{"@type":"EntryPoint","urlTemplate":"https:\/\/fonsvinum.com\/en\/?s={search_term_string}"},"query-input":{"@type":"PropertyValueSpecification","valueRequired":true,"valueName":"search_term_string"}}],"inLanguage":"en-US"},{"@type":"Organization","@id":"https:\/\/fonsvinum.com\/en\/#organization","name":"Fons Vinum","url":"https:\/\/fonsvinum.com\/en\/","logo":{"@type":"ImageObject","inLanguage":"en-US","@id":"https:\/\/fonsvinum.com\/en\/#\/schema\/logo\/image\/","url":"","contentUrl":"","caption":"Fons Vinum"},"image":{"@id":"https:\/\/fonsvinum.com\/en\/#\/schema\/logo\/image\/"}}]}},"acf":[],"_links":{"self":[{"href":"https:\/\/fonsvinum.com\/en\/wp-json\/wp\/v2\/product\/2214","targetHints":{"allow":["GET"]}}],"collection":[{"href":"https:\/\/fonsvinum.com\/en\/wp-json\/wp\/v2\/product"}],"about":[{"href":"https:\/\/fonsvinum.com\/en\/wp-json\/wp\/v2\/types\/product"}],"replies":[{"embeddable":true,"href":"https:\/\/fonsvinum.com\/en\/wp-json\/wp\/v2\/comments?post=2214"}],"wp:featuredmedia":[{"embeddable":true,"href":"https:\/\/fonsvinum.com\/en\/wp-json\/wp\/v2\/media\/33842"}],"wp:attachment":[{"href":"https:\/\/fonsvinum.com\/en\/wp-json\/wp\/v2\/media?parent=2214"}],"wp:term":[{"taxonomy":"product_brand","embeddable":true,"href":"https:\/\/fonsvinum.com\/en\/wp-json\/wp\/v2\/product_brand?post=2214"},{"taxonomy":"product_cat","embeddable":true,"href":"https:\/\/fonsvinum.com\/en\/wp-json\/wp\/v2\/product_cat?post=2214"},{"taxonomy":"product_tag","embeddable":true,"href":"https:\/\/fonsvinum.com\/en\/wp-json\/wp\/v2\/product_tag?post=2214"}],"curies":[{"name":"wp","href":"https:\/\/api.w.org\/{rel}","templated":true}]}}