{"id":18971,"date":"2019-03-27T11:46:42","date_gmt":"2019-03-27T10:46:42","guid":{"rendered":"https:\/\/fonsvinum.com\/?post_type=product&#038;p=18971"},"modified":"2023-06-21T12:03:20","modified_gmt":"2023-06-21T10:03:20","slug":"lecomte-pere-et-fils-champagne-brut-tradition","status":"publish","type":"product","link":"https:\/\/fonsvinum.com\/en\/product\/lecomte-pere-et-fils-champagne-brut-tradition\/","title":{"rendered":"LECOMTE P\u00e8re et Fils Champagne Brut Tradition"},"content":{"rendered":"<h1>LECOMTE P\u00e8re et Fils Champagne Brut Tradition<\/h1>\n<h4>History<\/h4>\n<p>The history of Champagne Lecomte began in 1859 with Gaston Lecomte.<\/p>\n<p>At the time, Gaston produced several bottles with grapes coming from its vineyards.<\/p>\n<p>In the 1960s, it was Gaston&#8217;s son, Serge, who took the reins of the farm with his wife Suzy. At two, they have prospered the commerce of Champagne by selling their entire production to individuals.<\/p>\n<p>Since 1992, Dosyth\u00e9e Lecomte, the son of Serge, has been working at the farm with his wife, Ghislaine, winemaker.<\/p>\n<p>Today, their two sons J\u00e9r\u00e9my and Fr\u00e9deric work by their sidde at the wine cellar, both in the vine and selling the Champagne bottles.<\/p>\n<p>Champagne Lecomte P\u00e8re et Fils is first of all a family story and the knowledge of the soil and the vines passed from generation to generation.<\/p>\n<h4>Champagne Brut Tradition<\/h4>\n<p>80% Meunier, 10% Pinot Noir, 10% Chardonnay (including 30% wine from previous years).<\/p>\n<p>Dosage: 7 g sugar \/ liter.<\/p>\n<p>3 years in cellars.<\/p>\n<p>A fresh and fruity cuv\u00e9e perfect throughout your meals and summer events.<\/p>\n<p>A supple and round palate with aromas of red fruits.<\/p>\n","protected":false},"excerpt":{"rendered":"<p>LECOMTE P\u00e8re et Fils Champagne Brut Tradition History The history of Champagne Lecomte began in 1859 with Gaston Lecomte. At the time, Gaston produced several bottles with grapes coming from its vineyards. In the 1960s, it was Gaston&#8217;s son, Serge, who took the reins of the farm with his wife Suzy. At two, they have [&hellip;]<\/p>\n","protected":false},"featured_media":38016,"comment_status":"open","ping_status":"closed","template":"","meta":{"_acf_changed":false,"_monsterinsights_skip_tracking":false,"_monsterinsights_sitenote_active":false,"_monsterinsights_sitenote_note":"","_monsterinsights_sitenote_category":0},"product_brand":[],"product_cat":[2024,217],"product_tag":[1832,2412],"class_list":{"0":"post-18971","1":"product","2":"type-product","3":"status-publish","4":"has-post-thumbnail","6":"product_cat-champagne-en","7":"product_cat-chardonnay-en","8":"product_tag-champagne-en","9":"product_tag-petit-recoltant-manipulant-en","10":"pa_appellation-champagne-aoc-en","11":"pa_formato-0-75-l-bottle","12":"pa_region-champagne-en","13":"pa_vintage-s-a-en","15":"first","16":"outofstock","17":"taxable","18":"shipping-taxable","19":"purchasable","20":"product-type-simple"},"bundled_by":[],"bundle_stock_status":"outofstock","bundle_stock_quantity":0,"bundle_virtual":false,"bundle_layout":"","bundle_add_to_cart_form_location":"","bundle_editable_in_cart":false,"bundle_sold_individually_context":"","bundle_item_grouping":"","bundle_min_size":"","bundle_max_size":"","bundle_price":[],"bundled_items":[],"bundle_sell_ids":[],"yoast_head":"<!-- This site is optimized with the Yoast SEO plugin v27.3 - https:\/\/yoast.com\/product\/yoast-seo-wordpress\/ -->\n<title>LECOMTE P\u00e8re et Fils Champagne Brut Tradition<\/title>\n<meta name=\"description\" content=\"LECOMTE P\u00e8re et Fils Champagne Brut Traditiony Seducing Champagne, delicately fruity, round and fresch on the palate\" \/>\n<meta name=\"robots\" content=\"index, follow, max-snippet:-1, max-image-preview:large, max-video-preview:-1\" \/>\n<link rel=\"canonical\" href=\"https:\/\/fonsvinum.com\/en\/product\/lecomte-pere-et-fils-champagne-brut-tradition\/\" \/>\n<meta property=\"og:locale\" content=\"en_US\" \/>\n<meta property=\"og:type\" content=\"article\" \/>\n<meta property=\"og:title\" content=\"LECOMTE P\u00e8re et Fils Champagne Brut Tradition\" \/>\n<meta property=\"og:description\" content=\"LECOMTE P\u00e8re et Fils Champagne Brut Traditiony Seducing Champagne, delicately fruity, round and fresch on the palate\" \/>\n<meta property=\"og:url\" content=\"https:\/\/fonsvinum.com\/en\/product\/lecomte-pere-et-fils-champagne-brut-tradition\/\" \/>\n<meta property=\"og:site_name\" content=\"Fons Vinum\" \/>\n<meta property=\"article:modified_time\" content=\"2023-06-21T10:03:20+00:00\" \/>\n<meta property=\"og:image\" content=\"https:\/\/fonsvinum.com\/files\/2019\/03\/CHAMPAGNE-LECOMTE-PERE-ET-FILS-BRUT-TRADITION.png\" \/>\n\t<meta property=\"og:image:width\" content=\"333\" \/>\n\t<meta property=\"og:image:height\" content=\"1000\" \/>\n\t<meta property=\"og:image:type\" content=\"image\/png\" \/>\n<meta name=\"twitter:label1\" content=\"Est. reading time\" \/>\n\t<meta name=\"twitter:data1\" content=\"1 minute\" \/>\n<script type=\"application\/ld+json\" class=\"yoast-schema-graph\">{\"@context\":\"https:\\\/\\\/schema.org\",\"@graph\":[{\"@type\":\"WebPage\",\"@id\":\"https:\\\/\\\/fonsvinum.com\\\/en\\\/product\\\/lecomte-pere-et-fils-champagne-brut-tradition\\\/\",\"url\":\"https:\\\/\\\/fonsvinum.com\\\/en\\\/product\\\/lecomte-pere-et-fils-champagne-brut-tradition\\\/\",\"name\":\"LECOMTE P\u00e8re et Fils Champagne Brut Tradition\",\"isPartOf\":{\"@id\":\"https:\\\/\\\/fonsvinum.com\\\/en\\\/#website\"},\"primaryImageOfPage\":{\"@id\":\"https:\\\/\\\/fonsvinum.com\\\/en\\\/product\\\/lecomte-pere-et-fils-champagne-brut-tradition\\\/#primaryimage\"},\"image\":{\"@id\":\"https:\\\/\\\/fonsvinum.com\\\/en\\\/product\\\/lecomte-pere-et-fils-champagne-brut-tradition\\\/#primaryimage\"},\"thumbnailUrl\":\"https:\\\/\\\/fonsvinum.com\\\/files\\\/2019\\\/03\\\/CHAMPAGNE-LECOMTE-PERE-ET-FILS-BRUT-TRADITION.png\",\"datePublished\":\"2019-03-27T10:46:42+00:00\",\"dateModified\":\"2023-06-21T10:03:20+00:00\",\"description\":\"LECOMTE P\u00e8re et Fils Champagne Brut Traditiony Seducing Champagne, delicately fruity, round and fresch on the palate\",\"breadcrumb\":{\"@id\":\"https:\\\/\\\/fonsvinum.com\\\/en\\\/product\\\/lecomte-pere-et-fils-champagne-brut-tradition\\\/#breadcrumb\"},\"inLanguage\":\"en-US\",\"potentialAction\":[{\"@type\":\"ReadAction\",\"target\":[\"https:\\\/\\\/fonsvinum.com\\\/en\\\/product\\\/lecomte-pere-et-fils-champagne-brut-tradition\\\/\"]}]},{\"@type\":\"ImageObject\",\"inLanguage\":\"en-US\",\"@id\":\"https:\\\/\\\/fonsvinum.com\\\/en\\\/product\\\/lecomte-pere-et-fils-champagne-brut-tradition\\\/#primaryimage\",\"url\":\"https:\\\/\\\/fonsvinum.com\\\/files\\\/2019\\\/03\\\/CHAMPAGNE-LECOMTE-PERE-ET-FILS-BRUT-TRADITION.png\",\"contentUrl\":\"https:\\\/\\\/fonsvinum.com\\\/files\\\/2019\\\/03\\\/CHAMPAGNE-LECOMTE-PERE-ET-FILS-BRUT-TRADITION.png\",\"width\":333,\"height\":1000},{\"@type\":\"BreadcrumbList\",\"@id\":\"https:\\\/\\\/fonsvinum.com\\\/en\\\/product\\\/lecomte-pere-et-fils-champagne-brut-tradition\\\/#breadcrumb\",\"itemListElement\":[{\"@type\":\"ListItem\",\"position\":1,\"name\":\"Startseite\",\"item\":\"https:\\\/\\\/fonsvinum.com\\\/en\\\/\"},{\"@type\":\"ListItem\",\"position\":2,\"name\":\"Shop\",\"item\":\"https:\\\/\\\/fonsvinum.com\\\/en\\\/shop\\\/\"},{\"@type\":\"ListItem\",\"position\":3,\"name\":\"LECOMTE P\u00e8re et Fils Champagne Brut Tradition\"}]},{\"@type\":\"WebSite\",\"@id\":\"https:\\\/\\\/fonsvinum.com\\\/en\\\/#website\",\"url\":\"https:\\\/\\\/fonsvinum.com\\\/en\\\/\",\"name\":\"Fons Vinum\",\"description\":\"Vendita Vino Online\",\"publisher\":{\"@id\":\"https:\\\/\\\/fonsvinum.com\\\/en\\\/#organization\"},\"potentialAction\":[{\"@type\":\"SearchAction\",\"target\":{\"@type\":\"EntryPoint\",\"urlTemplate\":\"https:\\\/\\\/fonsvinum.com\\\/en\\\/?s={search_term_string}\"},\"query-input\":{\"@type\":\"PropertyValueSpecification\",\"valueRequired\":true,\"valueName\":\"search_term_string\"}}],\"inLanguage\":\"en-US\"},{\"@type\":\"Organization\",\"@id\":\"https:\\\/\\\/fonsvinum.com\\\/en\\\/#organization\",\"name\":\"Fons Vinum\",\"url\":\"https:\\\/\\\/fonsvinum.com\\\/en\\\/\",\"logo\":{\"@type\":\"ImageObject\",\"inLanguage\":\"en-US\",\"@id\":\"https:\\\/\\\/fonsvinum.com\\\/en\\\/#\\\/schema\\\/logo\\\/image\\\/\",\"url\":\"\",\"contentUrl\":\"\",\"caption\":\"Fons Vinum\"},\"image\":{\"@id\":\"https:\\\/\\\/fonsvinum.com\\\/en\\\/#\\\/schema\\\/logo\\\/image\\\/\"}}]}<\/script>\n<!-- \/ Yoast SEO plugin. -->","yoast_head_json":{"title":"LECOMTE P\u00e8re et Fils Champagne Brut Tradition","description":"LECOMTE P\u00e8re et Fils Champagne Brut Traditiony Seducing Champagne, delicately fruity, round and fresch on the palate","robots":{"index":"index","follow":"follow","max-snippet":"max-snippet:-1","max-image-preview":"max-image-preview:large","max-video-preview":"max-video-preview:-1"},"canonical":"https:\/\/fonsvinum.com\/en\/product\/lecomte-pere-et-fils-champagne-brut-tradition\/","og_locale":"en_US","og_type":"article","og_title":"LECOMTE P\u00e8re et Fils Champagne Brut Tradition","og_description":"LECOMTE P\u00e8re et Fils Champagne Brut Traditiony Seducing Champagne, delicately fruity, round and fresch on the palate","og_url":"https:\/\/fonsvinum.com\/en\/product\/lecomte-pere-et-fils-champagne-brut-tradition\/","og_site_name":"Fons Vinum","article_modified_time":"2023-06-21T10:03:20+00:00","og_image":[{"width":333,"height":1000,"url":"https:\/\/fonsvinum.com\/files\/2019\/03\/CHAMPAGNE-LECOMTE-PERE-ET-FILS-BRUT-TRADITION.png","type":"image\/png"}],"twitter_misc":{"Est. reading time":"1 minute"},"schema":{"@context":"https:\/\/schema.org","@graph":[{"@type":"WebPage","@id":"https:\/\/fonsvinum.com\/en\/product\/lecomte-pere-et-fils-champagne-brut-tradition\/","url":"https:\/\/fonsvinum.com\/en\/product\/lecomte-pere-et-fils-champagne-brut-tradition\/","name":"LECOMTE P\u00e8re et Fils Champagne Brut Tradition","isPartOf":{"@id":"https:\/\/fonsvinum.com\/en\/#website"},"primaryImageOfPage":{"@id":"https:\/\/fonsvinum.com\/en\/product\/lecomte-pere-et-fils-champagne-brut-tradition\/#primaryimage"},"image":{"@id":"https:\/\/fonsvinum.com\/en\/product\/lecomte-pere-et-fils-champagne-brut-tradition\/#primaryimage"},"thumbnailUrl":"https:\/\/fonsvinum.com\/files\/2019\/03\/CHAMPAGNE-LECOMTE-PERE-ET-FILS-BRUT-TRADITION.png","datePublished":"2019-03-27T10:46:42+00:00","dateModified":"2023-06-21T10:03:20+00:00","description":"LECOMTE P\u00e8re et Fils Champagne Brut Traditiony Seducing Champagne, delicately fruity, round and fresch on the palate","breadcrumb":{"@id":"https:\/\/fonsvinum.com\/en\/product\/lecomte-pere-et-fils-champagne-brut-tradition\/#breadcrumb"},"inLanguage":"en-US","potentialAction":[{"@type":"ReadAction","target":["https:\/\/fonsvinum.com\/en\/product\/lecomte-pere-et-fils-champagne-brut-tradition\/"]}]},{"@type":"ImageObject","inLanguage":"en-US","@id":"https:\/\/fonsvinum.com\/en\/product\/lecomte-pere-et-fils-champagne-brut-tradition\/#primaryimage","url":"https:\/\/fonsvinum.com\/files\/2019\/03\/CHAMPAGNE-LECOMTE-PERE-ET-FILS-BRUT-TRADITION.png","contentUrl":"https:\/\/fonsvinum.com\/files\/2019\/03\/CHAMPAGNE-LECOMTE-PERE-ET-FILS-BRUT-TRADITION.png","width":333,"height":1000},{"@type":"BreadcrumbList","@id":"https:\/\/fonsvinum.com\/en\/product\/lecomte-pere-et-fils-champagne-brut-tradition\/#breadcrumb","itemListElement":[{"@type":"ListItem","position":1,"name":"Startseite","item":"https:\/\/fonsvinum.com\/en\/"},{"@type":"ListItem","position":2,"name":"Shop","item":"https:\/\/fonsvinum.com\/en\/shop\/"},{"@type":"ListItem","position":3,"name":"LECOMTE P\u00e8re et Fils Champagne Brut Tradition"}]},{"@type":"WebSite","@id":"https:\/\/fonsvinum.com\/en\/#website","url":"https:\/\/fonsvinum.com\/en\/","name":"Fons Vinum","description":"Vendita Vino Online","publisher":{"@id":"https:\/\/fonsvinum.com\/en\/#organization"},"potentialAction":[{"@type":"SearchAction","target":{"@type":"EntryPoint","urlTemplate":"https:\/\/fonsvinum.com\/en\/?s={search_term_string}"},"query-input":{"@type":"PropertyValueSpecification","valueRequired":true,"valueName":"search_term_string"}}],"inLanguage":"en-US"},{"@type":"Organization","@id":"https:\/\/fonsvinum.com\/en\/#organization","name":"Fons Vinum","url":"https:\/\/fonsvinum.com\/en\/","logo":{"@type":"ImageObject","inLanguage":"en-US","@id":"https:\/\/fonsvinum.com\/en\/#\/schema\/logo\/image\/","url":"","contentUrl":"","caption":"Fons Vinum"},"image":{"@id":"https:\/\/fonsvinum.com\/en\/#\/schema\/logo\/image\/"}}]}},"acf":[],"_links":{"self":[{"href":"https:\/\/fonsvinum.com\/en\/wp-json\/wp\/v2\/product\/18971","targetHints":{"allow":["GET"]}}],"collection":[{"href":"https:\/\/fonsvinum.com\/en\/wp-json\/wp\/v2\/product"}],"about":[{"href":"https:\/\/fonsvinum.com\/en\/wp-json\/wp\/v2\/types\/product"}],"replies":[{"embeddable":true,"href":"https:\/\/fonsvinum.com\/en\/wp-json\/wp\/v2\/comments?post=18971"}],"wp:featuredmedia":[{"embeddable":true,"href":"https:\/\/fonsvinum.com\/en\/wp-json\/wp\/v2\/media\/38016"}],"wp:attachment":[{"href":"https:\/\/fonsvinum.com\/en\/wp-json\/wp\/v2\/media?parent=18971"}],"wp:term":[{"taxonomy":"product_brand","embeddable":true,"href":"https:\/\/fonsvinum.com\/en\/wp-json\/wp\/v2\/product_brand?post=18971"},{"taxonomy":"product_cat","embeddable":true,"href":"https:\/\/fonsvinum.com\/en\/wp-json\/wp\/v2\/product_cat?post=18971"},{"taxonomy":"product_tag","embeddable":true,"href":"https:\/\/fonsvinum.com\/en\/wp-json\/wp\/v2\/product_tag?post=18971"}],"curies":[{"name":"wp","href":"https:\/\/api.w.org\/{rel}","templated":true}]}}