{"id":1003,"date":"2013-06-12T21:41:41","date_gmt":"2013-06-12T19:41:41","guid":{"rendered":"http:\/\/fonsvinum.langhe.net\/negozio\/uncategorized\/champagne-la-grande-annee-rose-bollinger-2\/"},"modified":"2020-09-03T15:28:09","modified_gmt":"2020-09-03T13:28:09","slug":"champagne-la-grande-annee-rose-bollinger","status":"publish","type":"product","link":"https:\/\/fonsvinum.com\/en\/product\/champagne-la-grande-annee-rose-bollinger\/","title":{"rendered":"BOLLINGER La Grande Annee Champagne Ros\u00e9 Vintage 2005"},"content":{"rendered":"<h1>Champagne La Grande Anne Ros\u00e8 Bollinger Vintage 2005<\/h1>\n<h2>1829 : an adventurous aristocrat and two experts in wine<\/h2>\n<p>The story began with Athanase de Villermont, the youngest son of a noble family with a brilliant destiny. A great soldier who shone during the American War of Independence, he inherited an extensive estate from his family in the A\u00ff area. He immediately foresaw the extraordinary potential of the wines of Champagne, but as an aristocrat he was forbidden to become involved in trade. He then met Joseph Bollinger, a widely travelled German who had left his country of birth to learn about the Champagne wine trade, and Paul Renaudin, a local man who was fascinated by the world of wine. The firm of Renaudin-Bollinger &amp; Cie was founded on 6th February 1829. Joseph took care of sales and Paul of the cellar. Athanase had founded a champagne House that was to endure through the centuries.<\/p>\n<p>As its name suggests, La Grande Ann\u00e9e Ros\u00e9 is a variant of La Grande Ann\u00e9e.<\/p>\n<p>The blend is created by combining La Grande Ann\u00e9e with red wine from \u201cLa C\u00f4te aux Enfants,\u201d a vineyard less than 1.5 acres in size, in the heart of Champagne\u2019s A\u00ff terroir.<\/p>\n<p>La Grande Ann\u00e9e Ros\u00e9 is named after the plot of land it comes from and is made in a true burgundian style.<\/p>\n<p>This wine is not produced every year, as perfect maturity is required at the date of harvest.<\/p>\n<p>Thus, La Grande Ann\u00e9e Ros\u00e9 vintage 2005 remains an exception; it is a beautifully structured and full-bodied wine, with a deep color and intense aroma.<\/p>\n<h2 class=\"-world-title\">Bollinger\u2019s exceptional vineyard<\/h2>\n<p class=\"-world-txt\">The House\u2019s 170 hectares are planted with 85% of Grand Cru and Premier Cru vines, spread over seven main vineyards: A\u00ff, Avenay, Tauxi\u00e8res, Louvois et Verzenay are planted with Pinot Noir, Cuis with Chardonnay and Champvoisy with Pinot Meunier. Bollinger is one of a very few champagne Houses to produce the majority of their own grapes for their blends. Pinot Noir represents 60% of the House\u2019s vineyard, corresponding to the exact proportion of this demanding grape variety in the Special Cuv\u00e9e blend. Complex and powerful, it provides Bollinger wines with their remarkable structure. Another of Bollinger\u2019s distinctive features are two plots, the Clos Saint-Jacques and Chaudes Terres, which have never succumbed to phylloxera, the disease which ravaged almost all of the champagne wine-growing area in the early 20th century.<\/p>\n<p class=\"-world-txt\">These ungrafted vines are entirely tended by hand and reproduced using a form of layering called provignage, thereby providing the means to preserve this extraordinary heritage from which the very exclusive Vieilles Vignes Fran\u00e7aises cuv\u00e9e is produced.<\/p>\n","protected":false},"excerpt":{"rendered":"<p>Champagne La Grande Anne Ros\u00e8 Bollinger Vintage 2005 1829 : an adventurous aristocrat and two experts in wine The story began with Athanase de Villermont, the youngest son of a noble family with a brilliant destiny. A great soldier who shone during the American War of Independence, he inherited an extensive estate from his family [&hellip;]<\/p>\n","protected":false},"featured_media":1511,"comment_status":"open","ping_status":"closed","template":"","meta":{"_acf_changed":false,"_monsterinsights_skip_tracking":false,"_monsterinsights_sitenote_active":false,"_monsterinsights_sitenote_note":"","_monsterinsights_sitenote_category":0},"product_brand":[],"product_cat":[2024,1199],"product_tag":[],"class_list":{"0":"post-1003","1":"product","2":"type-product","3":"status-publish","4":"has-post-thumbnail","6":"product_cat-champagne-en","7":"product_cat-rose-champagne-en","8":"pa_appellation-champagne-aoc-en","9":"pa_formato-0-75-l-bottle","10":"pa_producer-bollinger-en","11":"pa_region-champagne-en","12":"pa_vine-pinot-noir-chardonnay-en","13":"pa_vintage-2005-en","15":"first","16":"instock","17":"taxable","18":"shipping-taxable","19":"purchasable","20":"product-type-simple"},"bundled_by":[],"bundle_stock_status":"instock","bundle_stock_quantity":1,"bundle_virtual":false,"bundle_layout":"","bundle_add_to_cart_form_location":"","bundle_editable_in_cart":false,"bundle_sold_individually_context":"","bundle_item_grouping":"","bundle_min_size":"","bundle_max_size":"","bundle_price":[],"bundled_items":[],"bundle_sell_ids":[],"yoast_head":"<!-- This site is optimized with the Yoast SEO plugin v27.3 - https:\/\/yoast.com\/product\/yoast-seo-wordpress\/ -->\n<title>Champagne La Grande Annee Ros\u00e8 Bollinger vintage 2005<\/title>\n<meta name=\"description\" content=\"Champagne La Grande Ann\u00e8 Ros\u00e8 Bollinger Vintage 2005 Buy to Fons Vinum This wine is not produced every year, as perfect maturity is required at the date of harvest.\" \/>\n<meta name=\"robots\" content=\"index, follow, max-snippet:-1, max-image-preview:large, max-video-preview:-1\" \/>\n<link rel=\"canonical\" href=\"https:\/\/fonsvinum.com\/en\/product\/champagne-la-grande-annee-rose-bollinger\/\" \/>\n<meta property=\"og:locale\" content=\"en_US\" \/>\n<meta property=\"og:type\" content=\"article\" \/>\n<meta property=\"og:title\" content=\"Champagne La Grande Annee Ros\u00e8 Bollinger vintage 2005\" \/>\n<meta property=\"og:description\" content=\"Champagne La Grande Ann\u00e8 Ros\u00e8 Bollinger Vintage 2005 Buy to Fons Vinum This wine is not produced every year, as perfect maturity is required at the date of harvest.\" \/>\n<meta property=\"og:url\" content=\"https:\/\/fonsvinum.com\/en\/product\/champagne-la-grande-annee-rose-bollinger\/\" \/>\n<meta property=\"og:site_name\" content=\"Fons Vinum\" \/>\n<meta property=\"article:modified_time\" content=\"2020-09-03T13:28:09+00:00\" \/>\n<meta property=\"og:image\" content=\"https:\/\/fonsvinum.com\/files\/2013\/06\/Champagne-bollinger-la-grande-annee-rose.png\" \/>\n\t<meta property=\"og:image:width\" content=\"170\" \/>\n\t<meta property=\"og:image:height\" content=\"529\" \/>\n\t<meta property=\"og:image:type\" content=\"image\/png\" \/>\n<meta name=\"twitter:label1\" content=\"Est. reading time\" \/>\n\t<meta name=\"twitter:data1\" content=\"2 minutes\" \/>\n<script type=\"application\/ld+json\" class=\"yoast-schema-graph\">{\"@context\":\"https:\\\/\\\/schema.org\",\"@graph\":[{\"@type\":\"WebPage\",\"@id\":\"https:\\\/\\\/fonsvinum.com\\\/en\\\/product\\\/champagne-la-grande-annee-rose-bollinger\\\/\",\"url\":\"https:\\\/\\\/fonsvinum.com\\\/en\\\/product\\\/champagne-la-grande-annee-rose-bollinger\\\/\",\"name\":\"Champagne La Grande Annee Ros\u00e8 Bollinger vintage 2005\",\"isPartOf\":{\"@id\":\"https:\\\/\\\/fonsvinum.com\\\/en\\\/#website\"},\"primaryImageOfPage\":{\"@id\":\"https:\\\/\\\/fonsvinum.com\\\/en\\\/product\\\/champagne-la-grande-annee-rose-bollinger\\\/#primaryimage\"},\"image\":{\"@id\":\"https:\\\/\\\/fonsvinum.com\\\/en\\\/product\\\/champagne-la-grande-annee-rose-bollinger\\\/#primaryimage\"},\"thumbnailUrl\":\"https:\\\/\\\/fonsvinum.com\\\/files\\\/2013\\\/06\\\/Champagne-bollinger-la-grande-annee-rose.png\",\"datePublished\":\"2013-06-12T19:41:41+00:00\",\"dateModified\":\"2020-09-03T13:28:09+00:00\",\"description\":\"Champagne La Grande Ann\u00e8 Ros\u00e8 Bollinger Vintage 2005 Buy to Fons Vinum This wine is not produced every year, as perfect maturity is required at the date of harvest.\",\"breadcrumb\":{\"@id\":\"https:\\\/\\\/fonsvinum.com\\\/en\\\/product\\\/champagne-la-grande-annee-rose-bollinger\\\/#breadcrumb\"},\"inLanguage\":\"en-US\",\"potentialAction\":[{\"@type\":\"ReadAction\",\"target\":[\"https:\\\/\\\/fonsvinum.com\\\/en\\\/product\\\/champagne-la-grande-annee-rose-bollinger\\\/\"]}]},{\"@type\":\"ImageObject\",\"inLanguage\":\"en-US\",\"@id\":\"https:\\\/\\\/fonsvinum.com\\\/en\\\/product\\\/champagne-la-grande-annee-rose-bollinger\\\/#primaryimage\",\"url\":\"https:\\\/\\\/fonsvinum.com\\\/files\\\/2013\\\/06\\\/Champagne-bollinger-la-grande-annee-rose.png\",\"contentUrl\":\"https:\\\/\\\/fonsvinum.com\\\/files\\\/2013\\\/06\\\/Champagne-bollinger-la-grande-annee-rose.png\",\"width\":170,\"height\":529},{\"@type\":\"BreadcrumbList\",\"@id\":\"https:\\\/\\\/fonsvinum.com\\\/en\\\/product\\\/champagne-la-grande-annee-rose-bollinger\\\/#breadcrumb\",\"itemListElement\":[{\"@type\":\"ListItem\",\"position\":1,\"name\":\"Startseite\",\"item\":\"https:\\\/\\\/fonsvinum.com\\\/en\\\/\"},{\"@type\":\"ListItem\",\"position\":2,\"name\":\"Shop\",\"item\":\"https:\\\/\\\/fonsvinum.com\\\/en\\\/shop\\\/\"},{\"@type\":\"ListItem\",\"position\":3,\"name\":\"BOLLINGER La Grande Annee Champagne Ros\u00e9 Vintage 2005\"}]},{\"@type\":\"WebSite\",\"@id\":\"https:\\\/\\\/fonsvinum.com\\\/en\\\/#website\",\"url\":\"https:\\\/\\\/fonsvinum.com\\\/en\\\/\",\"name\":\"Fons Vinum\",\"description\":\"Vendita Vino Online\",\"publisher\":{\"@id\":\"https:\\\/\\\/fonsvinum.com\\\/en\\\/#organization\"},\"potentialAction\":[{\"@type\":\"SearchAction\",\"target\":{\"@type\":\"EntryPoint\",\"urlTemplate\":\"https:\\\/\\\/fonsvinum.com\\\/en\\\/?s={search_term_string}\"},\"query-input\":{\"@type\":\"PropertyValueSpecification\",\"valueRequired\":true,\"valueName\":\"search_term_string\"}}],\"inLanguage\":\"en-US\"},{\"@type\":\"Organization\",\"@id\":\"https:\\\/\\\/fonsvinum.com\\\/en\\\/#organization\",\"name\":\"Fons Vinum\",\"url\":\"https:\\\/\\\/fonsvinum.com\\\/en\\\/\",\"logo\":{\"@type\":\"ImageObject\",\"inLanguage\":\"en-US\",\"@id\":\"https:\\\/\\\/fonsvinum.com\\\/en\\\/#\\\/schema\\\/logo\\\/image\\\/\",\"url\":\"\",\"contentUrl\":\"\",\"caption\":\"Fons Vinum\"},\"image\":{\"@id\":\"https:\\\/\\\/fonsvinum.com\\\/en\\\/#\\\/schema\\\/logo\\\/image\\\/\"}}]}<\/script>\n<!-- \/ Yoast SEO plugin. -->","yoast_head_json":{"title":"Champagne La Grande Annee Ros\u00e8 Bollinger vintage 2005","description":"Champagne La Grande Ann\u00e8 Ros\u00e8 Bollinger Vintage 2005 Buy to Fons Vinum This wine is not produced every year, as perfect maturity is required at the date of harvest.","robots":{"index":"index","follow":"follow","max-snippet":"max-snippet:-1","max-image-preview":"max-image-preview:large","max-video-preview":"max-video-preview:-1"},"canonical":"https:\/\/fonsvinum.com\/en\/product\/champagne-la-grande-annee-rose-bollinger\/","og_locale":"en_US","og_type":"article","og_title":"Champagne La Grande Annee Ros\u00e8 Bollinger vintage 2005","og_description":"Champagne La Grande Ann\u00e8 Ros\u00e8 Bollinger Vintage 2005 Buy to Fons Vinum This wine is not produced every year, as perfect maturity is required at the date of harvest.","og_url":"https:\/\/fonsvinum.com\/en\/product\/champagne-la-grande-annee-rose-bollinger\/","og_site_name":"Fons Vinum","article_modified_time":"2020-09-03T13:28:09+00:00","og_image":[{"width":170,"height":529,"url":"https:\/\/fonsvinum.com\/files\/2013\/06\/Champagne-bollinger-la-grande-annee-rose.png","type":"image\/png"}],"twitter_misc":{"Est. reading time":"2 minutes"},"schema":{"@context":"https:\/\/schema.org","@graph":[{"@type":"WebPage","@id":"https:\/\/fonsvinum.com\/en\/product\/champagne-la-grande-annee-rose-bollinger\/","url":"https:\/\/fonsvinum.com\/en\/product\/champagne-la-grande-annee-rose-bollinger\/","name":"Champagne La Grande Annee Ros\u00e8 Bollinger vintage 2005","isPartOf":{"@id":"https:\/\/fonsvinum.com\/en\/#website"},"primaryImageOfPage":{"@id":"https:\/\/fonsvinum.com\/en\/product\/champagne-la-grande-annee-rose-bollinger\/#primaryimage"},"image":{"@id":"https:\/\/fonsvinum.com\/en\/product\/champagne-la-grande-annee-rose-bollinger\/#primaryimage"},"thumbnailUrl":"https:\/\/fonsvinum.com\/files\/2013\/06\/Champagne-bollinger-la-grande-annee-rose.png","datePublished":"2013-06-12T19:41:41+00:00","dateModified":"2020-09-03T13:28:09+00:00","description":"Champagne La Grande Ann\u00e8 Ros\u00e8 Bollinger Vintage 2005 Buy to Fons Vinum This wine is not produced every year, as perfect maturity is required at the date of harvest.","breadcrumb":{"@id":"https:\/\/fonsvinum.com\/en\/product\/champagne-la-grande-annee-rose-bollinger\/#breadcrumb"},"inLanguage":"en-US","potentialAction":[{"@type":"ReadAction","target":["https:\/\/fonsvinum.com\/en\/product\/champagne-la-grande-annee-rose-bollinger\/"]}]},{"@type":"ImageObject","inLanguage":"en-US","@id":"https:\/\/fonsvinum.com\/en\/product\/champagne-la-grande-annee-rose-bollinger\/#primaryimage","url":"https:\/\/fonsvinum.com\/files\/2013\/06\/Champagne-bollinger-la-grande-annee-rose.png","contentUrl":"https:\/\/fonsvinum.com\/files\/2013\/06\/Champagne-bollinger-la-grande-annee-rose.png","width":170,"height":529},{"@type":"BreadcrumbList","@id":"https:\/\/fonsvinum.com\/en\/product\/champagne-la-grande-annee-rose-bollinger\/#breadcrumb","itemListElement":[{"@type":"ListItem","position":1,"name":"Startseite","item":"https:\/\/fonsvinum.com\/en\/"},{"@type":"ListItem","position":2,"name":"Shop","item":"https:\/\/fonsvinum.com\/en\/shop\/"},{"@type":"ListItem","position":3,"name":"BOLLINGER La Grande Annee Champagne Ros\u00e9 Vintage 2005"}]},{"@type":"WebSite","@id":"https:\/\/fonsvinum.com\/en\/#website","url":"https:\/\/fonsvinum.com\/en\/","name":"Fons Vinum","description":"Vendita Vino Online","publisher":{"@id":"https:\/\/fonsvinum.com\/en\/#organization"},"potentialAction":[{"@type":"SearchAction","target":{"@type":"EntryPoint","urlTemplate":"https:\/\/fonsvinum.com\/en\/?s={search_term_string}"},"query-input":{"@type":"PropertyValueSpecification","valueRequired":true,"valueName":"search_term_string"}}],"inLanguage":"en-US"},{"@type":"Organization","@id":"https:\/\/fonsvinum.com\/en\/#organization","name":"Fons Vinum","url":"https:\/\/fonsvinum.com\/en\/","logo":{"@type":"ImageObject","inLanguage":"en-US","@id":"https:\/\/fonsvinum.com\/en\/#\/schema\/logo\/image\/","url":"","contentUrl":"","caption":"Fons Vinum"},"image":{"@id":"https:\/\/fonsvinum.com\/en\/#\/schema\/logo\/image\/"}}]}},"acf":[],"_links":{"self":[{"href":"https:\/\/fonsvinum.com\/en\/wp-json\/wp\/v2\/product\/1003","targetHints":{"allow":["GET"]}}],"collection":[{"href":"https:\/\/fonsvinum.com\/en\/wp-json\/wp\/v2\/product"}],"about":[{"href":"https:\/\/fonsvinum.com\/en\/wp-json\/wp\/v2\/types\/product"}],"replies":[{"embeddable":true,"href":"https:\/\/fonsvinum.com\/en\/wp-json\/wp\/v2\/comments?post=1003"}],"wp:featuredmedia":[{"embeddable":true,"href":"https:\/\/fonsvinum.com\/en\/wp-json\/wp\/v2\/media\/1511"}],"wp:attachment":[{"href":"https:\/\/fonsvinum.com\/en\/wp-json\/wp\/v2\/media?parent=1003"}],"wp:term":[{"taxonomy":"product_brand","embeddable":true,"href":"https:\/\/fonsvinum.com\/en\/wp-json\/wp\/v2\/product_brand?post=1003"},{"taxonomy":"product_cat","embeddable":true,"href":"https:\/\/fonsvinum.com\/en\/wp-json\/wp\/v2\/product_cat?post=1003"},{"taxonomy":"product_tag","embeddable":true,"href":"https:\/\/fonsvinum.com\/en\/wp-json\/wp\/v2\/product_tag?post=1003"}],"curies":[{"name":"wp","href":"https:\/\/api.w.org\/{rel}","templated":true}]}}