{"id":9859,"date":"2017-01-31T11:40:27","date_gmt":"2017-01-31T10:40:27","guid":{"rendered":"http:\/\/fonsvinum.com\/de\/produkt\/biondi-santi-brunello-di-montalcino-annata-2009-copy\/"},"modified":"2019-12-17T19:17:03","modified_gmt":"2019-12-17T18:17:03","slug":"biondi-santi-brunello-di-montalcino-annata-2011","status":"publish","type":"product","link":"https:\/\/fonsvinum.com\/de\/produkt\/biondi-santi-brunello-di-montalcino-annata-2011\/","title":{"rendered":"Biondi Santi Brunello di Montalcino Annata 2011"},"content":{"rendered":"<p>Biondi Santi Brunello di Montalcino Annata il Greppo 2011<\/p>\n<p>Der ber\u00fchmteste aller Brunelli ist unumstritten der von der Tenuta Il Greppo. Die Familie Biondi Santi hat dieses Juwel der Italienischen Winzerkunst, insbesondere der Toskanischen, als erstes Weingut produziert, den Brunelloklon BBS11 selektioniert, stetig weiterentwickelt und trotzdem in der Tradition bewahrt!<\/p>\n<p>Der Ausbau erfolgt \u00fcber 36 Monate im Barrique aus slawonischer Eiche.<\/p>\n<p>In der Nase ein breitgef\u00e4chertes, vielseitiges Potpourri von individuell ausgepr\u00e4gten Protagonisten deren Geruchsbild harmonisch von reifen Fr\u00fcchten wie Cassis, Weichselkirschen und Holunder zu balsamischen<\/p>\n<p>Noten wie Minze, Enzianwurzel und Gew\u00fcrzen \u00fcbergeht.<br \/>\nAm Gaumen schlie\u00dflich werden die schmeichlerischen Aromen der Nase best\u00e4tigt und es pr\u00e4sentiert sich ein reichhaltiger, aristokratischer und charaktervoller K\u00f6rper mit feinster Tanninstruktur. Der leicht erscheinende Wein \u00fcberrascht durch seine lang anhaltende, delikate L\u00e4nge mit wechselnden Organoleptischen Wahrnehmungen. Ein wahrhaft edler Wein, der sich deutlich von den modernen Frucht- und Marmeladenbomben abhebt!<\/p>\n<p>BEWERTUNGEN:<\/p>\n<p>Gambero Rosso: 3 Gl\u00e4ser<br \/>\nVeronelli: 92 Punkte<br \/>\nWine Enthusiast: 96 Punkte<\/p>\n<p>&nbsp;<\/p>\n<p>&nbsp;<\/p>\n","protected":false},"excerpt":{"rendered":"<p>Biondi Santi Brunello di Montalcino Annata il Greppo 2011 Der ber\u00fchmteste aller Brunelli ist unumstritten der von der Tenuta Il Greppo. Die Familie Biondi Santi hat dieses Juwel der Italienischen Winzerkunst, insbesondere der Toskanischen, als erstes Weingut produziert, den Brunelloklon BBS11 selektioniert, stetig weiterentwickelt und trotzdem in der Tradition bewahrt! Der Ausbau erfolgt \u00fcber 36 [&hellip;]<\/p>\n","protected":false},"featured_media":4088,"comment_status":"open","ping_status":"closed","template":"","meta":{"_acf_changed":false,"_monsterinsights_skip_tracking":false,"_monsterinsights_sitenote_active":false,"_monsterinsights_sitenote_note":"","_monsterinsights_sitenote_category":0},"product_brand":[],"product_cat":[1762],"product_tag":[1733,1751,1745],"class_list":{"0":"post-9859","1":"product","2":"type-product","3":"status-publish","4":"has-post-thumbnail","6":"product_cat-brunello-de","7":"product_tag-aussergewoehnliche-weine-de","8":"product_tag-aussergewoehnliche-weine-aus-italien-de","9":"product_tag-super-tuscan-de","10":"pa_appellation-brunello-di-montalcino-docg-de","11":"pa_formato-0-75-l-flasche-de","12":"pa_producer-biondi-santi-de","13":"pa_region-toskana-de","14":"pa_vine-sangiovese-100-de","15":"pa_vintage-2011-de","17":"first","18":"instock","19":"featured","20":"taxable","21":"shipping-taxable","22":"purchasable","23":"product-type-simple"},"bundled_by":[],"bundle_stock_status":"instock","bundle_stock_quantity":3,"bundle_virtual":false,"bundle_layout":"","bundle_add_to_cart_form_location":"","bundle_editable_in_cart":false,"bundle_sold_individually_context":"","bundle_item_grouping":"","bundle_min_size":"","bundle_max_size":"","bundle_price":[],"bundled_items":[],"bundle_sell_ids":[],"yoast_head":"<!-- This site is optimized with the Yoast SEO plugin v27.3 - https:\/\/yoast.com\/product\/yoast-seo-wordpress\/ -->\n<title>Buy Biondi Santi Brunello di Montalcino Annata 2011 wine online at 279 \u20ac | FonsVinum<\/title>\n<meta name=\"robots\" content=\"index, follow, max-snippet:-1, max-image-preview:large, max-video-preview:-1\" \/>\n<link rel=\"canonical\" href=\"https:\/\/fonsvinum.com\/de\/produkt\/biondi-santi-brunello-di-montalcino-annata-2011\/\" \/>\n<meta property=\"og:locale\" content=\"de_DE\" \/>\n<meta property=\"og:type\" content=\"article\" \/>\n<meta property=\"og:title\" content=\"Buy Biondi Santi Brunello di Montalcino Annata 2011 wine online at 279 \u20ac | FonsVinum\" \/>\n<meta property=\"og:description\" content=\"Biondi Santi Brunello di Montalcino Annata il Greppo 2011 Der ber\u00fchmteste aller Brunelli ist unumstritten der von der Tenuta Il Greppo. Die Familie Biondi Santi hat dieses Juwel der Italienischen Winzerkunst, insbesondere der Toskanischen, als erstes Weingut produziert, den Brunelloklon BBS11 selektioniert, stetig weiterentwickelt und trotzdem in der Tradition bewahrt! Der Ausbau erfolgt \u00fcber 36 [&hellip;]\" \/>\n<meta property=\"og:url\" content=\"https:\/\/fonsvinum.com\/de\/produkt\/biondi-santi-brunello-di-montalcino-annata-2011\/\" \/>\n<meta property=\"og:site_name\" content=\"Fons Vinum\" \/>\n<meta property=\"article:modified_time\" content=\"2019-12-17T18:17:03+00:00\" \/>\n<meta property=\"og:image\" content=\"https:\/\/fonsvinum.com\/files\/2015\/06\/brunello-di-montalcino-biondi-santi.png\" \/>\n\t<meta property=\"og:image:width\" content=\"200\" \/>\n\t<meta property=\"og:image:height\" content=\"600\" \/>\n\t<meta property=\"og:image:type\" content=\"image\/png\" \/>\n<meta name=\"twitter:label1\" content=\"Gesch\u00e4tzte Lesezeit\" \/>\n\t<meta name=\"twitter:data1\" content=\"1\u00a0Minute\" \/>\n<script type=\"application\/ld+json\" class=\"yoast-schema-graph\">{\"@context\":\"https:\\\/\\\/schema.org\",\"@graph\":[{\"@type\":\"WebPage\",\"@id\":\"https:\\\/\\\/fonsvinum.com\\\/de\\\/produkt\\\/biondi-santi-brunello-di-montalcino-annata-2011\\\/\",\"url\":\"https:\\\/\\\/fonsvinum.com\\\/de\\\/produkt\\\/biondi-santi-brunello-di-montalcino-annata-2011\\\/\",\"name\":\"Buy Biondi Santi Brunello di Montalcino Annata 2011 wine online at 279 \u20ac | FonsVinum\",\"isPartOf\":{\"@id\":\"https:\\\/\\\/fonsvinum.com\\\/en\\\/#website\"},\"primaryImageOfPage\":{\"@id\":\"https:\\\/\\\/fonsvinum.com\\\/de\\\/produkt\\\/biondi-santi-brunello-di-montalcino-annata-2011\\\/#primaryimage\"},\"image\":{\"@id\":\"https:\\\/\\\/fonsvinum.com\\\/de\\\/produkt\\\/biondi-santi-brunello-di-montalcino-annata-2011\\\/#primaryimage\"},\"thumbnailUrl\":\"https:\\\/\\\/fonsvinum.com\\\/files\\\/2015\\\/06\\\/brunello-di-montalcino-biondi-santi.png\",\"datePublished\":\"2017-01-31T10:40:27+00:00\",\"dateModified\":\"2019-12-17T18:17:03+00:00\",\"breadcrumb\":{\"@id\":\"https:\\\/\\\/fonsvinum.com\\\/de\\\/produkt\\\/biondi-santi-brunello-di-montalcino-annata-2011\\\/#breadcrumb\"},\"inLanguage\":\"de\",\"potentialAction\":[{\"@type\":\"ReadAction\",\"target\":[\"https:\\\/\\\/fonsvinum.com\\\/de\\\/produkt\\\/biondi-santi-brunello-di-montalcino-annata-2011\\\/\"]}]},{\"@type\":\"ImageObject\",\"inLanguage\":\"de\",\"@id\":\"https:\\\/\\\/fonsvinum.com\\\/de\\\/produkt\\\/biondi-santi-brunello-di-montalcino-annata-2011\\\/#primaryimage\",\"url\":\"https:\\\/\\\/fonsvinum.com\\\/files\\\/2015\\\/06\\\/brunello-di-montalcino-biondi-santi.png\",\"contentUrl\":\"https:\\\/\\\/fonsvinum.com\\\/files\\\/2015\\\/06\\\/brunello-di-montalcino-biondi-santi.png\",\"width\":200,\"height\":600},{\"@type\":\"BreadcrumbList\",\"@id\":\"https:\\\/\\\/fonsvinum.com\\\/de\\\/produkt\\\/biondi-santi-brunello-di-montalcino-annata-2011\\\/#breadcrumb\",\"itemListElement\":[{\"@type\":\"ListItem\",\"position\":1,\"name\":\"Startseite\",\"item\":\"https:\\\/\\\/fonsvinum.com\\\/de\\\/\"},{\"@type\":\"ListItem\",\"position\":2,\"name\":\"Shop\",\"item\":\"https:\\\/\\\/fonsvinum.com\\\/de\\\/shop\\\/\"},{\"@type\":\"ListItem\",\"position\":3,\"name\":\"Biondi Santi Brunello di Montalcino Annata 2011\"}]},{\"@type\":\"WebSite\",\"@id\":\"https:\\\/\\\/fonsvinum.com\\\/en\\\/#website\",\"url\":\"https:\\\/\\\/fonsvinum.com\\\/en\\\/\",\"name\":\"Fons Vinum\",\"description\":\"Vendita Vino Online\",\"publisher\":{\"@id\":\"https:\\\/\\\/fonsvinum.com\\\/en\\\/#organization\"},\"potentialAction\":[{\"@type\":\"SearchAction\",\"target\":{\"@type\":\"EntryPoint\",\"urlTemplate\":\"https:\\\/\\\/fonsvinum.com\\\/en\\\/?s={search_term_string}\"},\"query-input\":{\"@type\":\"PropertyValueSpecification\",\"valueRequired\":true,\"valueName\":\"search_term_string\"}}],\"inLanguage\":\"de\"},{\"@type\":\"Organization\",\"@id\":\"https:\\\/\\\/fonsvinum.com\\\/en\\\/#organization\",\"name\":\"Fons Vinum\",\"url\":\"https:\\\/\\\/fonsvinum.com\\\/en\\\/\",\"logo\":{\"@type\":\"ImageObject\",\"inLanguage\":\"de\",\"@id\":\"https:\\\/\\\/fonsvinum.com\\\/en\\\/#\\\/schema\\\/logo\\\/image\\\/\",\"url\":\"\",\"contentUrl\":\"\",\"caption\":\"Fons Vinum\"},\"image\":{\"@id\":\"https:\\\/\\\/fonsvinum.com\\\/en\\\/#\\\/schema\\\/logo\\\/image\\\/\"}}]}<\/script>\n<!-- \/ Yoast SEO plugin. -->","yoast_head_json":{"title":"Buy Biondi Santi Brunello di Montalcino Annata 2011 wine online at 279 \u20ac | FonsVinum","robots":{"index":"index","follow":"follow","max-snippet":"max-snippet:-1","max-image-preview":"max-image-preview:large","max-video-preview":"max-video-preview:-1"},"canonical":"https:\/\/fonsvinum.com\/de\/produkt\/biondi-santi-brunello-di-montalcino-annata-2011\/","og_locale":"de_DE","og_type":"article","og_title":"Buy Biondi Santi Brunello di Montalcino Annata 2011 wine online at 279 \u20ac | FonsVinum","og_description":"Biondi Santi Brunello di Montalcino Annata il Greppo 2011 Der ber\u00fchmteste aller Brunelli ist unumstritten der von der Tenuta Il Greppo. Die Familie Biondi Santi hat dieses Juwel der Italienischen Winzerkunst, insbesondere der Toskanischen, als erstes Weingut produziert, den Brunelloklon BBS11 selektioniert, stetig weiterentwickelt und trotzdem in der Tradition bewahrt! Der Ausbau erfolgt \u00fcber 36 [&hellip;]","og_url":"https:\/\/fonsvinum.com\/de\/produkt\/biondi-santi-brunello-di-montalcino-annata-2011\/","og_site_name":"Fons Vinum","article_modified_time":"2019-12-17T18:17:03+00:00","og_image":[{"width":200,"height":600,"url":"https:\/\/fonsvinum.com\/files\/2015\/06\/brunello-di-montalcino-biondi-santi.png","type":"image\/png"}],"twitter_misc":{"Gesch\u00e4tzte Lesezeit":"1\u00a0Minute"},"schema":{"@context":"https:\/\/schema.org","@graph":[{"@type":"WebPage","@id":"https:\/\/fonsvinum.com\/de\/produkt\/biondi-santi-brunello-di-montalcino-annata-2011\/","url":"https:\/\/fonsvinum.com\/de\/produkt\/biondi-santi-brunello-di-montalcino-annata-2011\/","name":"Buy Biondi Santi Brunello di Montalcino Annata 2011 wine online at 279 \u20ac | FonsVinum","isPartOf":{"@id":"https:\/\/fonsvinum.com\/en\/#website"},"primaryImageOfPage":{"@id":"https:\/\/fonsvinum.com\/de\/produkt\/biondi-santi-brunello-di-montalcino-annata-2011\/#primaryimage"},"image":{"@id":"https:\/\/fonsvinum.com\/de\/produkt\/biondi-santi-brunello-di-montalcino-annata-2011\/#primaryimage"},"thumbnailUrl":"https:\/\/fonsvinum.com\/files\/2015\/06\/brunello-di-montalcino-biondi-santi.png","datePublished":"2017-01-31T10:40:27+00:00","dateModified":"2019-12-17T18:17:03+00:00","breadcrumb":{"@id":"https:\/\/fonsvinum.com\/de\/produkt\/biondi-santi-brunello-di-montalcino-annata-2011\/#breadcrumb"},"inLanguage":"de","potentialAction":[{"@type":"ReadAction","target":["https:\/\/fonsvinum.com\/de\/produkt\/biondi-santi-brunello-di-montalcino-annata-2011\/"]}]},{"@type":"ImageObject","inLanguage":"de","@id":"https:\/\/fonsvinum.com\/de\/produkt\/biondi-santi-brunello-di-montalcino-annata-2011\/#primaryimage","url":"https:\/\/fonsvinum.com\/files\/2015\/06\/brunello-di-montalcino-biondi-santi.png","contentUrl":"https:\/\/fonsvinum.com\/files\/2015\/06\/brunello-di-montalcino-biondi-santi.png","width":200,"height":600},{"@type":"BreadcrumbList","@id":"https:\/\/fonsvinum.com\/de\/produkt\/biondi-santi-brunello-di-montalcino-annata-2011\/#breadcrumb","itemListElement":[{"@type":"ListItem","position":1,"name":"Startseite","item":"https:\/\/fonsvinum.com\/de\/"},{"@type":"ListItem","position":2,"name":"Shop","item":"https:\/\/fonsvinum.com\/de\/shop\/"},{"@type":"ListItem","position":3,"name":"Biondi Santi Brunello di Montalcino Annata 2011"}]},{"@type":"WebSite","@id":"https:\/\/fonsvinum.com\/en\/#website","url":"https:\/\/fonsvinum.com\/en\/","name":"Fons Vinum","description":"Vendita Vino Online","publisher":{"@id":"https:\/\/fonsvinum.com\/en\/#organization"},"potentialAction":[{"@type":"SearchAction","target":{"@type":"EntryPoint","urlTemplate":"https:\/\/fonsvinum.com\/en\/?s={search_term_string}"},"query-input":{"@type":"PropertyValueSpecification","valueRequired":true,"valueName":"search_term_string"}}],"inLanguage":"de"},{"@type":"Organization","@id":"https:\/\/fonsvinum.com\/en\/#organization","name":"Fons Vinum","url":"https:\/\/fonsvinum.com\/en\/","logo":{"@type":"ImageObject","inLanguage":"de","@id":"https:\/\/fonsvinum.com\/en\/#\/schema\/logo\/image\/","url":"","contentUrl":"","caption":"Fons Vinum"},"image":{"@id":"https:\/\/fonsvinum.com\/en\/#\/schema\/logo\/image\/"}}]}},"acf":[],"_links":{"self":[{"href":"https:\/\/fonsvinum.com\/de\/wp-json\/wp\/v2\/product\/9859","targetHints":{"allow":["GET"]}}],"collection":[{"href":"https:\/\/fonsvinum.com\/de\/wp-json\/wp\/v2\/product"}],"about":[{"href":"https:\/\/fonsvinum.com\/de\/wp-json\/wp\/v2\/types\/product"}],"replies":[{"embeddable":true,"href":"https:\/\/fonsvinum.com\/de\/wp-json\/wp\/v2\/comments?post=9859"}],"wp:featuredmedia":[{"embeddable":true,"href":"https:\/\/fonsvinum.com\/de\/wp-json\/wp\/v2\/media\/4088"}],"wp:attachment":[{"href":"https:\/\/fonsvinum.com\/de\/wp-json\/wp\/v2\/media?parent=9859"}],"wp:term":[{"taxonomy":"product_brand","embeddable":true,"href":"https:\/\/fonsvinum.com\/de\/wp-json\/wp\/v2\/product_brand?post=9859"},{"taxonomy":"product_cat","embeddable":true,"href":"https:\/\/fonsvinum.com\/de\/wp-json\/wp\/v2\/product_cat?post=9859"},{"taxonomy":"product_tag","embeddable":true,"href":"https:\/\/fonsvinum.com\/de\/wp-json\/wp\/v2\/product_tag?post=9859"}],"curies":[{"name":"wp","href":"https:\/\/api.w.org\/{rel}","templated":true}]}}