{"id":9205,"date":"2016-09-28T15:49:21","date_gmt":"2016-09-28T13:49:21","guid":{"rendered":"http:\/\/fonsvinum.com\/de\/produkt\/barolo-bartolo-mascarello-2008-copy\/"},"modified":"2020-01-23T15:56:33","modified_gmt":"2020-01-23T14:56:33","slug":"barolo-bartolo-mascarello-2007","status":"publish","type":"product","link":"https:\/\/fonsvinum.com\/de\/produkt\/barolo-bartolo-mascarello-2007\/","title":{"rendered":"Barolo Bartolo Mascarello 2007"},"content":{"rendered":"<p>Barolo DOCG Bartolo\u00a0Mascarello 2007<\/p>\n<p>Die Trauben f\u00fcr den Barolo stammen aus den Einzellagen Cannubi, Rocche Annunziata, Ru\u00e9 und San Lorenzo und werden naturnah angebaut. Der Ausbau erfolgt traditionell in gro\u00dfen gebrauchten Holzf\u00e4ssern. Da die produzierte Menge des Weinguts \u00e4usserst gering ist, d\u00fcrfen wir uns sehr gl\u00fccklich sch\u00e4tzen, dass wir einige Flaschen dieser Kostbarkeit ergattern konnten!<\/p>\n<p>&nbsp;<\/p>\n<p>&nbsp;<\/p>\n","protected":false},"excerpt":{"rendered":"<p>Barolo DOCG Bartolo\u00a0Mascarello 2007 Die Trauben f\u00fcr den Barolo stammen aus den Einzellagen Cannubi, Rocche Annunziata, Ru\u00e9 und San Lorenzo und werden naturnah angebaut. Der Ausbau erfolgt traditionell in gro\u00dfen gebrauchten Holzf\u00e4ssern. Da die produzierte Menge des Weinguts \u00e4usserst gering ist, d\u00fcrfen wir uns sehr gl\u00fccklich sch\u00e4tzen, dass wir einige Flaschen dieser Kostbarkeit ergattern konnten! [&hellip;]<\/p>\n","protected":false},"featured_media":7065,"comment_status":"open","ping_status":"closed","template":"","meta":{"_acf_changed":false,"_monsterinsights_skip_tracking":false,"_monsterinsights_sitenote_active":false,"_monsterinsights_sitenote_note":"","_monsterinsights_sitenote_category":0},"product_brand":[],"product_cat":[1824],"product_tag":[1733,1751,15903],"class_list":{"0":"post-9205","1":"product","2":"type-product","3":"status-publish","4":"has-post-thumbnail","6":"product_cat-barolo-de","7":"product_tag-aussergewoehnliche-weine-de","8":"product_tag-aussergewoehnliche-weine-aus-italien-de","9":"product_tag-barolo-de","10":"pa_appellation-barolo-docg-de","11":"pa_formato-0-75-l-flasche-de","12":"pa_producer-bartolo-mascarello-de-2","13":"pa_region-piemont-de","14":"pa_vine-nebbiolo-de","15":"pa_vintage-2007-de","17":"first","18":"outofstock","19":"taxable","20":"shipping-taxable","21":"purchasable","22":"product-type-simple"},"bundled_by":[],"bundle_stock_status":"outofstock","bundle_stock_quantity":0,"bundle_virtual":false,"bundle_layout":"","bundle_add_to_cart_form_location":"","bundle_editable_in_cart":false,"bundle_sold_individually_context":"","bundle_item_grouping":"","bundle_min_size":"","bundle_max_size":"","bundle_price":[],"bundled_items":[],"bundle_sell_ids":[],"yoast_head":"<!-- This site is optimized with the Yoast SEO plugin v27.2 - https:\/\/yoast.com\/product\/yoast-seo-wordpress\/ -->\n<title>Barolo Bartolo Mascarello 2007<\/title>\n<meta name=\"description\" content=\"Barolo Bartolo Mascarello 2007\" \/>\n<meta name=\"robots\" content=\"index, follow, max-snippet:-1, max-image-preview:large, max-video-preview:-1\" \/>\n<link rel=\"canonical\" href=\"https:\/\/fonsvinum.com\/de\/produkt\/barolo-bartolo-mascarello-2007\/\" \/>\n<meta property=\"og:locale\" content=\"de_DE\" \/>\n<meta property=\"og:type\" content=\"article\" \/>\n<meta property=\"og:title\" content=\"Barolo Bartolo Mascarello 2007\" \/>\n<meta property=\"og:description\" content=\"Barolo Bartolo Mascarello 2007\" \/>\n<meta property=\"og:url\" content=\"https:\/\/fonsvinum.com\/de\/produkt\/barolo-bartolo-mascarello-2007\/\" \/>\n<meta property=\"og:site_name\" content=\"Fons Vinum\" \/>\n<meta property=\"article:modified_time\" content=\"2020-01-23T14:56:33+00:00\" \/>\n<meta property=\"og:image\" content=\"https:\/\/fonsvinum.com\/files\/2016\/01\/barolo-bartolo-mascarello.png\" \/>\n\t<meta property=\"og:image:width\" content=\"200\" \/>\n\t<meta property=\"og:image:height\" content=\"600\" \/>\n\t<meta property=\"og:image:type\" content=\"image\/png\" \/>\n<script type=\"application\/ld+json\" class=\"yoast-schema-graph\">{\"@context\":\"https:\/\/schema.org\",\"@graph\":[{\"@type\":\"WebPage\",\"@id\":\"https:\/\/fonsvinum.com\/de\/produkt\/barolo-bartolo-mascarello-2007\/\",\"url\":\"https:\/\/fonsvinum.com\/de\/produkt\/barolo-bartolo-mascarello-2007\/\",\"name\":\"Barolo Bartolo Mascarello 2007\",\"isPartOf\":{\"@id\":\"https:\/\/fonsvinum.com\/en\/#website\"},\"primaryImageOfPage\":{\"@id\":\"https:\/\/fonsvinum.com\/de\/produkt\/barolo-bartolo-mascarello-2007\/#primaryimage\"},\"image\":{\"@id\":\"https:\/\/fonsvinum.com\/de\/produkt\/barolo-bartolo-mascarello-2007\/#primaryimage\"},\"thumbnailUrl\":\"https:\/\/fonsvinum.com\/files\/2016\/01\/barolo-bartolo-mascarello.png\",\"datePublished\":\"2016-09-28T13:49:21+00:00\",\"dateModified\":\"2020-01-23T14:56:33+00:00\",\"description\":\"Barolo Bartolo Mascarello 2007\",\"breadcrumb\":{\"@id\":\"https:\/\/fonsvinum.com\/de\/produkt\/barolo-bartolo-mascarello-2007\/#breadcrumb\"},\"inLanguage\":\"de\",\"potentialAction\":[{\"@type\":\"ReadAction\",\"target\":[\"https:\/\/fonsvinum.com\/de\/produkt\/barolo-bartolo-mascarello-2007\/\"]}]},{\"@type\":\"ImageObject\",\"inLanguage\":\"de\",\"@id\":\"https:\/\/fonsvinum.com\/de\/produkt\/barolo-bartolo-mascarello-2007\/#primaryimage\",\"url\":\"https:\/\/fonsvinum.com\/files\/2016\/01\/barolo-bartolo-mascarello.png\",\"contentUrl\":\"https:\/\/fonsvinum.com\/files\/2016\/01\/barolo-bartolo-mascarello.png\",\"width\":200,\"height\":600},{\"@type\":\"BreadcrumbList\",\"@id\":\"https:\/\/fonsvinum.com\/de\/produkt\/barolo-bartolo-mascarello-2007\/#breadcrumb\",\"itemListElement\":[{\"@type\":\"ListItem\",\"position\":1,\"name\":\"Startseite\",\"item\":\"https:\/\/fonsvinum.com\/de\/\"},{\"@type\":\"ListItem\",\"position\":2,\"name\":\"Shop\",\"item\":\"https:\/\/fonsvinum.com\/de\/shop\/\"},{\"@type\":\"ListItem\",\"position\":3,\"name\":\"Barolo Bartolo Mascarello 2007\"}]},{\"@type\":\"WebSite\",\"@id\":\"https:\/\/fonsvinum.com\/en\/#website\",\"url\":\"https:\/\/fonsvinum.com\/en\/\",\"name\":\"Fons Vinum\",\"description\":\"Vendita Vino Online\",\"publisher\":{\"@id\":\"https:\/\/fonsvinum.com\/en\/#organization\"},\"potentialAction\":[{\"@type\":\"SearchAction\",\"target\":{\"@type\":\"EntryPoint\",\"urlTemplate\":\"https:\/\/fonsvinum.com\/en\/?s={search_term_string}\"},\"query-input\":{\"@type\":\"PropertyValueSpecification\",\"valueRequired\":true,\"valueName\":\"search_term_string\"}}],\"inLanguage\":\"de\"},{\"@type\":\"Organization\",\"@id\":\"https:\/\/fonsvinum.com\/en\/#organization\",\"name\":\"Fons Vinum\",\"url\":\"https:\/\/fonsvinum.com\/en\/\",\"logo\":{\"@type\":\"ImageObject\",\"inLanguage\":\"de\",\"@id\":\"https:\/\/fonsvinum.com\/en\/#\/schema\/logo\/image\/\",\"url\":\"\",\"contentUrl\":\"\",\"caption\":\"Fons Vinum\"},\"image\":{\"@id\":\"https:\/\/fonsvinum.com\/en\/#\/schema\/logo\/image\/\"}}]}<\/script>\n<!-- \/ Yoast SEO plugin. -->","yoast_head_json":{"title":"Barolo Bartolo Mascarello 2007","description":"Barolo Bartolo Mascarello 2007","robots":{"index":"index","follow":"follow","max-snippet":"max-snippet:-1","max-image-preview":"max-image-preview:large","max-video-preview":"max-video-preview:-1"},"canonical":"https:\/\/fonsvinum.com\/de\/produkt\/barolo-bartolo-mascarello-2007\/","og_locale":"de_DE","og_type":"article","og_title":"Barolo Bartolo Mascarello 2007","og_description":"Barolo Bartolo Mascarello 2007","og_url":"https:\/\/fonsvinum.com\/de\/produkt\/barolo-bartolo-mascarello-2007\/","og_site_name":"Fons Vinum","article_modified_time":"2020-01-23T14:56:33+00:00","og_image":[{"width":200,"height":600,"url":"https:\/\/fonsvinum.com\/files\/2016\/01\/barolo-bartolo-mascarello.png","type":"image\/png"}],"schema":{"@context":"https:\/\/schema.org","@graph":[{"@type":"WebPage","@id":"https:\/\/fonsvinum.com\/de\/produkt\/barolo-bartolo-mascarello-2007\/","url":"https:\/\/fonsvinum.com\/de\/produkt\/barolo-bartolo-mascarello-2007\/","name":"Barolo Bartolo Mascarello 2007","isPartOf":{"@id":"https:\/\/fonsvinum.com\/en\/#website"},"primaryImageOfPage":{"@id":"https:\/\/fonsvinum.com\/de\/produkt\/barolo-bartolo-mascarello-2007\/#primaryimage"},"image":{"@id":"https:\/\/fonsvinum.com\/de\/produkt\/barolo-bartolo-mascarello-2007\/#primaryimage"},"thumbnailUrl":"https:\/\/fonsvinum.com\/files\/2016\/01\/barolo-bartolo-mascarello.png","datePublished":"2016-09-28T13:49:21+00:00","dateModified":"2020-01-23T14:56:33+00:00","description":"Barolo Bartolo Mascarello 2007","breadcrumb":{"@id":"https:\/\/fonsvinum.com\/de\/produkt\/barolo-bartolo-mascarello-2007\/#breadcrumb"},"inLanguage":"de","potentialAction":[{"@type":"ReadAction","target":["https:\/\/fonsvinum.com\/de\/produkt\/barolo-bartolo-mascarello-2007\/"]}]},{"@type":"ImageObject","inLanguage":"de","@id":"https:\/\/fonsvinum.com\/de\/produkt\/barolo-bartolo-mascarello-2007\/#primaryimage","url":"https:\/\/fonsvinum.com\/files\/2016\/01\/barolo-bartolo-mascarello.png","contentUrl":"https:\/\/fonsvinum.com\/files\/2016\/01\/barolo-bartolo-mascarello.png","width":200,"height":600},{"@type":"BreadcrumbList","@id":"https:\/\/fonsvinum.com\/de\/produkt\/barolo-bartolo-mascarello-2007\/#breadcrumb","itemListElement":[{"@type":"ListItem","position":1,"name":"Startseite","item":"https:\/\/fonsvinum.com\/de\/"},{"@type":"ListItem","position":2,"name":"Shop","item":"https:\/\/fonsvinum.com\/de\/shop\/"},{"@type":"ListItem","position":3,"name":"Barolo Bartolo Mascarello 2007"}]},{"@type":"WebSite","@id":"https:\/\/fonsvinum.com\/en\/#website","url":"https:\/\/fonsvinum.com\/en\/","name":"Fons Vinum","description":"Vendita Vino Online","publisher":{"@id":"https:\/\/fonsvinum.com\/en\/#organization"},"potentialAction":[{"@type":"SearchAction","target":{"@type":"EntryPoint","urlTemplate":"https:\/\/fonsvinum.com\/en\/?s={search_term_string}"},"query-input":{"@type":"PropertyValueSpecification","valueRequired":true,"valueName":"search_term_string"}}],"inLanguage":"de"},{"@type":"Organization","@id":"https:\/\/fonsvinum.com\/en\/#organization","name":"Fons Vinum","url":"https:\/\/fonsvinum.com\/en\/","logo":{"@type":"ImageObject","inLanguage":"de","@id":"https:\/\/fonsvinum.com\/en\/#\/schema\/logo\/image\/","url":"","contentUrl":"","caption":"Fons Vinum"},"image":{"@id":"https:\/\/fonsvinum.com\/en\/#\/schema\/logo\/image\/"}}]}},"acf":[],"_links":{"self":[{"href":"https:\/\/fonsvinum.com\/de\/wp-json\/wp\/v2\/product\/9205","targetHints":{"allow":["GET"]}}],"collection":[{"href":"https:\/\/fonsvinum.com\/de\/wp-json\/wp\/v2\/product"}],"about":[{"href":"https:\/\/fonsvinum.com\/de\/wp-json\/wp\/v2\/types\/product"}],"replies":[{"embeddable":true,"href":"https:\/\/fonsvinum.com\/de\/wp-json\/wp\/v2\/comments?post=9205"}],"wp:featuredmedia":[{"embeddable":true,"href":"https:\/\/fonsvinum.com\/de\/wp-json\/wp\/v2\/media\/7065"}],"wp:attachment":[{"href":"https:\/\/fonsvinum.com\/de\/wp-json\/wp\/v2\/media?parent=9205"}],"wp:term":[{"taxonomy":"product_brand","embeddable":true,"href":"https:\/\/fonsvinum.com\/de\/wp-json\/wp\/v2\/product_brand?post=9205"},{"taxonomy":"product_cat","embeddable":true,"href":"https:\/\/fonsvinum.com\/de\/wp-json\/wp\/v2\/product_cat?post=9205"},{"taxonomy":"product_tag","embeddable":true,"href":"https:\/\/fonsvinum.com\/de\/wp-json\/wp\/v2\/product_tag?post=9205"}],"curies":[{"name":"wp","href":"https:\/\/api.w.org\/{rel}","templated":true}]}}