{"id":8799,"date":"2016-08-25T07:59:29","date_gmt":"2016-08-25T05:59:29","guid":{"rendered":"http:\/\/fonsvinum.com\/?post_type=product&#038;p=8799"},"modified":"2018-02-20T11:14:09","modified_gmt":"2018-02-20T10:14:09","slug":"castello-di-ama-lapparita-2011","status":"publish","type":"product","link":"https:\/\/fonsvinum.com\/de\/produkt\/castello-di-ama-lapparita-2011\/","title":{"rendered":"Castello di Ama L&#8217;Apparita 2011"},"content":{"rendered":"<h1>Castello di Ama L&#8217;Apparita 2011<\/h1>\n<p>Der Merlot L&#8217;Apparita\u00a0von Castello di Ama ist in der Farbe tiefrot. Eine reiche F\u00fclle von roten Beeren, gefolgt von einer breiten Palette an Gew\u00fcrzen. Der Geschmack ist ansprechend und elegant, mit samtigen Tanninen am Gaumen.<\/p>\n<p>Der L\u00b4Apparita war mit dem Jahrgang 1985 der erste reinsortige Merlot in Toskana.<br \/>\nDer Ausbau erfolgt \u00fcber 18 Monate im Barrique ( 50% neu, 50% 2. Belegung ), gefolgt von einer Reifung auf der Flasche.<\/p>\n<p>Bereits der Auftakt in der Nase l\u00e4sst gro\u00dfes vermuten, Kirsche, schwarze Johannisbeere und Brombeere spielen die erste Geige, begleitet von schwarzem Pfeffer, indischen Gew\u00fcrzen und etwas Wacholder.<br \/>\nAusgewogen und \u00e4u\u00dferst stilvoll am Gaumen mit seidig feinem Tannin und elegantem S\u00e4ureger\u00fcst. Druckvoll und \u00e4u\u00dferst k\u00f6perbetont, wieder ein wild gemischter Obstkorb und ein gut sortiertes Gew\u00fcrzregal.<br \/>\nLang, l\u00e4nger \u2026 endlos der Abgang.<\/p>\n<h3>Zusatzinformationen:<\/h3>\n<ul>\n<li>Weingut: Castello di Ama<\/li>\n<li>Anschrift: Localit\u00e0 Ama, 53013 Gaiole In Chianti SI, Italien<\/li>\n<li>Anbaugebiet: Toskana, Italien<\/li>\n<li>Rebsorte: Merlot<\/li>\n<li>Alkoholgehalt: 13,0 %<\/li>\n<li>Flascheninhalt: 0,75<\/li>\n<\/ul>\n<h3>98\/100 James Suckling<\/h3>\n","protected":false},"excerpt":{"rendered":"<p>Castello di Ama L&#8217;Apparita 2011 Der Merlot L&#8217;Apparita\u00a0von Castello di Ama ist in der Farbe tiefrot. Eine reiche F\u00fclle von roten Beeren, gefolgt von einer breiten Palette an Gew\u00fcrzen. Der Geschmack ist ansprechend und elegant, mit samtigen Tanninen am Gaumen. Der L\u00b4Apparita war mit dem Jahrgang 1985 der erste reinsortige Merlot in Toskana. Der Ausbau [&hellip;]<\/p>\n","protected":false},"featured_media":8899,"comment_status":"open","ping_status":"closed","template":"","meta":{"_acf_changed":false,"_monsterinsights_skip_tracking":false,"_monsterinsights_sitenote_active":false,"_monsterinsights_sitenote_note":"","_monsterinsights_sitenote_category":0},"product_brand":[],"product_cat":[2176,2332],"product_tag":[1733,1751,1745,3583],"class_list":{"0":"post-8799","1":"product","2":"type-product","3":"status-publish","4":"has-post-thumbnail","6":"product_cat-merlot-de","7":"product_cat-rotweine-de","8":"product_tag-aussergewoehnliche-weine-de","9":"product_tag-aussergewoehnliche-weine-aus-italien-de","10":"product_tag-super-tuscan-de","11":"product_tag-vini-toscani-de","12":"pa_appellation-toscana-rosso-igt-de","13":"pa_formato-0-75-l-flasche-de","14":"pa_producer-castello-di-ama-de","15":"pa_region-toskana-de","16":"pa_vine-100-merlot-de","17":"pa_vintage-2011-de","19":"first","20":"instock","21":"taxable","22":"shipping-taxable","23":"purchasable","24":"product-type-simple"},"bundled_by":[],"bundle_stock_status":"instock","bundle_stock_quantity":3,"bundle_virtual":false,"bundle_layout":"","bundle_add_to_cart_form_location":"","bundle_editable_in_cart":false,"bundle_sold_individually_context":"","bundle_item_grouping":"","bundle_min_size":"","bundle_max_size":"","bundle_price":[],"bundled_items":[],"bundle_sell_ids":[],"yoast_head":"<!-- This site is optimized with the Yoast SEO plugin v27.3 - https:\/\/yoast.com\/product\/yoast-seo-wordpress\/ -->\n<title>Kaufen on line Toscana Rosso Castello di Ama Vigna L&#039;Apparita 2011<\/title>\n<meta name=\"description\" content=\"Castello di Ama Vigna L&#039;Apparita Toscana Rosso 2011 I Fons Vinum on line rare Weine aus Piedmont und Toskana und Venetien. Der Geschmack ist ansprechend und elegant, mit samtigen Tanninen am Gaumen.\u00a0\" \/>\n<meta name=\"robots\" content=\"index, follow, max-snippet:-1, max-image-preview:large, max-video-preview:-1\" \/>\n<link rel=\"canonical\" href=\"https:\/\/fonsvinum.com\/de\/produkt\/castello-di-ama-lapparita-2011\/\" \/>\n<meta property=\"og:locale\" content=\"de_DE\" \/>\n<meta property=\"og:type\" content=\"article\" \/>\n<meta property=\"og:title\" content=\"Kaufen on line Toscana Rosso Castello di Ama Vigna L&#039;Apparita 2011\" \/>\n<meta property=\"og:description\" content=\"Castello di Ama Vigna L&#039;Apparita Toscana Rosso 2011 I Fons Vinum on line rare Weine aus Piedmont und Toskana und Venetien. Der Geschmack ist ansprechend und elegant, mit samtigen Tanninen am Gaumen.\u00a0\" \/>\n<meta property=\"og:url\" content=\"https:\/\/fonsvinum.com\/de\/produkt\/castello-di-ama-lapparita-2011\/\" \/>\n<meta property=\"og:site_name\" content=\"Fons Vinum\" \/>\n<meta property=\"article:modified_time\" content=\"2018-02-20T10:14:09+00:00\" \/>\n<meta property=\"og:image\" content=\"https:\/\/fonsvinum.com\/files\/2016\/07\/Castello-di-Ama-LApparita.png\" \/>\n\t<meta property=\"og:image:width\" content=\"200\" \/>\n\t<meta property=\"og:image:height\" content=\"600\" \/>\n\t<meta property=\"og:image:type\" content=\"image\/png\" \/>\n<meta name=\"twitter:label1\" content=\"Gesch\u00e4tzte Lesezeit\" \/>\n\t<meta name=\"twitter:data1\" content=\"1\u00a0Minute\" \/>\n<script type=\"application\/ld+json\" class=\"yoast-schema-graph\">{\"@context\":\"https:\\\/\\\/schema.org\",\"@graph\":[{\"@type\":\"WebPage\",\"@id\":\"https:\\\/\\\/fonsvinum.com\\\/de\\\/produkt\\\/castello-di-ama-lapparita-2011\\\/\",\"url\":\"https:\\\/\\\/fonsvinum.com\\\/de\\\/produkt\\\/castello-di-ama-lapparita-2011\\\/\",\"name\":\"Kaufen on line Toscana Rosso Castello di Ama Vigna L'Apparita 2011\",\"isPartOf\":{\"@id\":\"https:\\\/\\\/fonsvinum.com\\\/en\\\/#website\"},\"primaryImageOfPage\":{\"@id\":\"https:\\\/\\\/fonsvinum.com\\\/de\\\/produkt\\\/castello-di-ama-lapparita-2011\\\/#primaryimage\"},\"image\":{\"@id\":\"https:\\\/\\\/fonsvinum.com\\\/de\\\/produkt\\\/castello-di-ama-lapparita-2011\\\/#primaryimage\"},\"thumbnailUrl\":\"https:\\\/\\\/fonsvinum.com\\\/files\\\/2016\\\/07\\\/Castello-di-Ama-LApparita.png\",\"datePublished\":\"2016-08-25T05:59:29+00:00\",\"dateModified\":\"2018-02-20T10:14:09+00:00\",\"description\":\"Castello di Ama Vigna L'Apparita Toscana Rosso 2011 I Fons Vinum on line rare Weine aus Piedmont und Toskana und Venetien. Der Geschmack ist ansprechend und elegant, mit samtigen Tanninen am Gaumen.\u00a0\",\"breadcrumb\":{\"@id\":\"https:\\\/\\\/fonsvinum.com\\\/de\\\/produkt\\\/castello-di-ama-lapparita-2011\\\/#breadcrumb\"},\"inLanguage\":\"de\",\"potentialAction\":[{\"@type\":\"ReadAction\",\"target\":[\"https:\\\/\\\/fonsvinum.com\\\/de\\\/produkt\\\/castello-di-ama-lapparita-2011\\\/\"]}]},{\"@type\":\"ImageObject\",\"inLanguage\":\"de\",\"@id\":\"https:\\\/\\\/fonsvinum.com\\\/de\\\/produkt\\\/castello-di-ama-lapparita-2011\\\/#primaryimage\",\"url\":\"https:\\\/\\\/fonsvinum.com\\\/files\\\/2016\\\/07\\\/Castello-di-Ama-LApparita.png\",\"contentUrl\":\"https:\\\/\\\/fonsvinum.com\\\/files\\\/2016\\\/07\\\/Castello-di-Ama-LApparita.png\",\"width\":200,\"height\":600,\"caption\":\"Castello di Ama L'Apparita\"},{\"@type\":\"BreadcrumbList\",\"@id\":\"https:\\\/\\\/fonsvinum.com\\\/de\\\/produkt\\\/castello-di-ama-lapparita-2011\\\/#breadcrumb\",\"itemListElement\":[{\"@type\":\"ListItem\",\"position\":1,\"name\":\"Startseite\",\"item\":\"https:\\\/\\\/fonsvinum.com\\\/de\\\/\"},{\"@type\":\"ListItem\",\"position\":2,\"name\":\"Shop\",\"item\":\"https:\\\/\\\/fonsvinum.com\\\/de\\\/shop\\\/\"},{\"@type\":\"ListItem\",\"position\":3,\"name\":\"Castello di Ama L&#8217;Apparita 2011\"}]},{\"@type\":\"WebSite\",\"@id\":\"https:\\\/\\\/fonsvinum.com\\\/en\\\/#website\",\"url\":\"https:\\\/\\\/fonsvinum.com\\\/en\\\/\",\"name\":\"Fons Vinum\",\"description\":\"Vendita Vino Online\",\"publisher\":{\"@id\":\"https:\\\/\\\/fonsvinum.com\\\/en\\\/#organization\"},\"potentialAction\":[{\"@type\":\"SearchAction\",\"target\":{\"@type\":\"EntryPoint\",\"urlTemplate\":\"https:\\\/\\\/fonsvinum.com\\\/en\\\/?s={search_term_string}\"},\"query-input\":{\"@type\":\"PropertyValueSpecification\",\"valueRequired\":true,\"valueName\":\"search_term_string\"}}],\"inLanguage\":\"de\"},{\"@type\":\"Organization\",\"@id\":\"https:\\\/\\\/fonsvinum.com\\\/en\\\/#organization\",\"name\":\"Fons Vinum\",\"url\":\"https:\\\/\\\/fonsvinum.com\\\/en\\\/\",\"logo\":{\"@type\":\"ImageObject\",\"inLanguage\":\"de\",\"@id\":\"https:\\\/\\\/fonsvinum.com\\\/en\\\/#\\\/schema\\\/logo\\\/image\\\/\",\"url\":\"\",\"contentUrl\":\"\",\"caption\":\"Fons Vinum\"},\"image\":{\"@id\":\"https:\\\/\\\/fonsvinum.com\\\/en\\\/#\\\/schema\\\/logo\\\/image\\\/\"}}]}<\/script>\n<!-- \/ Yoast SEO plugin. -->","yoast_head_json":{"title":"Kaufen on line Toscana Rosso Castello di Ama Vigna L'Apparita 2011","description":"Castello di Ama Vigna L'Apparita Toscana Rosso 2011 I Fons Vinum on line rare Weine aus Piedmont und Toskana und Venetien. Der Geschmack ist ansprechend und elegant, mit samtigen Tanninen am Gaumen.\u00a0","robots":{"index":"index","follow":"follow","max-snippet":"max-snippet:-1","max-image-preview":"max-image-preview:large","max-video-preview":"max-video-preview:-1"},"canonical":"https:\/\/fonsvinum.com\/de\/produkt\/castello-di-ama-lapparita-2011\/","og_locale":"de_DE","og_type":"article","og_title":"Kaufen on line Toscana Rosso Castello di Ama Vigna L'Apparita 2011","og_description":"Castello di Ama Vigna L'Apparita Toscana Rosso 2011 I Fons Vinum on line rare Weine aus Piedmont und Toskana und Venetien. Der Geschmack ist ansprechend und elegant, mit samtigen Tanninen am Gaumen.\u00a0","og_url":"https:\/\/fonsvinum.com\/de\/produkt\/castello-di-ama-lapparita-2011\/","og_site_name":"Fons Vinum","article_modified_time":"2018-02-20T10:14:09+00:00","og_image":[{"width":200,"height":600,"url":"https:\/\/fonsvinum.com\/files\/2016\/07\/Castello-di-Ama-LApparita.png","type":"image\/png"}],"twitter_misc":{"Gesch\u00e4tzte Lesezeit":"1\u00a0Minute"},"schema":{"@context":"https:\/\/schema.org","@graph":[{"@type":"WebPage","@id":"https:\/\/fonsvinum.com\/de\/produkt\/castello-di-ama-lapparita-2011\/","url":"https:\/\/fonsvinum.com\/de\/produkt\/castello-di-ama-lapparita-2011\/","name":"Kaufen on line Toscana Rosso Castello di Ama Vigna L'Apparita 2011","isPartOf":{"@id":"https:\/\/fonsvinum.com\/en\/#website"},"primaryImageOfPage":{"@id":"https:\/\/fonsvinum.com\/de\/produkt\/castello-di-ama-lapparita-2011\/#primaryimage"},"image":{"@id":"https:\/\/fonsvinum.com\/de\/produkt\/castello-di-ama-lapparita-2011\/#primaryimage"},"thumbnailUrl":"https:\/\/fonsvinum.com\/files\/2016\/07\/Castello-di-Ama-LApparita.png","datePublished":"2016-08-25T05:59:29+00:00","dateModified":"2018-02-20T10:14:09+00:00","description":"Castello di Ama Vigna L'Apparita Toscana Rosso 2011 I Fons Vinum on line rare Weine aus Piedmont und Toskana und Venetien. Der Geschmack ist ansprechend und elegant, mit samtigen Tanninen am Gaumen.\u00a0","breadcrumb":{"@id":"https:\/\/fonsvinum.com\/de\/produkt\/castello-di-ama-lapparita-2011\/#breadcrumb"},"inLanguage":"de","potentialAction":[{"@type":"ReadAction","target":["https:\/\/fonsvinum.com\/de\/produkt\/castello-di-ama-lapparita-2011\/"]}]},{"@type":"ImageObject","inLanguage":"de","@id":"https:\/\/fonsvinum.com\/de\/produkt\/castello-di-ama-lapparita-2011\/#primaryimage","url":"https:\/\/fonsvinum.com\/files\/2016\/07\/Castello-di-Ama-LApparita.png","contentUrl":"https:\/\/fonsvinum.com\/files\/2016\/07\/Castello-di-Ama-LApparita.png","width":200,"height":600,"caption":"Castello di Ama L'Apparita"},{"@type":"BreadcrumbList","@id":"https:\/\/fonsvinum.com\/de\/produkt\/castello-di-ama-lapparita-2011\/#breadcrumb","itemListElement":[{"@type":"ListItem","position":1,"name":"Startseite","item":"https:\/\/fonsvinum.com\/de\/"},{"@type":"ListItem","position":2,"name":"Shop","item":"https:\/\/fonsvinum.com\/de\/shop\/"},{"@type":"ListItem","position":3,"name":"Castello di Ama L&#8217;Apparita 2011"}]},{"@type":"WebSite","@id":"https:\/\/fonsvinum.com\/en\/#website","url":"https:\/\/fonsvinum.com\/en\/","name":"Fons Vinum","description":"Vendita Vino Online","publisher":{"@id":"https:\/\/fonsvinum.com\/en\/#organization"},"potentialAction":[{"@type":"SearchAction","target":{"@type":"EntryPoint","urlTemplate":"https:\/\/fonsvinum.com\/en\/?s={search_term_string}"},"query-input":{"@type":"PropertyValueSpecification","valueRequired":true,"valueName":"search_term_string"}}],"inLanguage":"de"},{"@type":"Organization","@id":"https:\/\/fonsvinum.com\/en\/#organization","name":"Fons Vinum","url":"https:\/\/fonsvinum.com\/en\/","logo":{"@type":"ImageObject","inLanguage":"de","@id":"https:\/\/fonsvinum.com\/en\/#\/schema\/logo\/image\/","url":"","contentUrl":"","caption":"Fons Vinum"},"image":{"@id":"https:\/\/fonsvinum.com\/en\/#\/schema\/logo\/image\/"}}]}},"acf":[],"_links":{"self":[{"href":"https:\/\/fonsvinum.com\/de\/wp-json\/wp\/v2\/product\/8799","targetHints":{"allow":["GET"]}}],"collection":[{"href":"https:\/\/fonsvinum.com\/de\/wp-json\/wp\/v2\/product"}],"about":[{"href":"https:\/\/fonsvinum.com\/de\/wp-json\/wp\/v2\/types\/product"}],"replies":[{"embeddable":true,"href":"https:\/\/fonsvinum.com\/de\/wp-json\/wp\/v2\/comments?post=8799"}],"wp:featuredmedia":[{"embeddable":true,"href":"https:\/\/fonsvinum.com\/de\/wp-json\/wp\/v2\/media\/8899"}],"wp:attachment":[{"href":"https:\/\/fonsvinum.com\/de\/wp-json\/wp\/v2\/media?parent=8799"}],"wp:term":[{"taxonomy":"product_brand","embeddable":true,"href":"https:\/\/fonsvinum.com\/de\/wp-json\/wp\/v2\/product_brand?post=8799"},{"taxonomy":"product_cat","embeddable":true,"href":"https:\/\/fonsvinum.com\/de\/wp-json\/wp\/v2\/product_cat?post=8799"},{"taxonomy":"product_tag","embeddable":true,"href":"https:\/\/fonsvinum.com\/de\/wp-json\/wp\/v2\/product_tag?post=8799"}],"curies":[{"name":"wp","href":"https:\/\/api.w.org\/{rel}","templated":true}]}}