{"id":8065,"date":"2013-04-25T16:31:23","date_gmt":"2013-04-25T14:31:23","guid":{"rendered":"http:\/\/fonsvinum.com\/product\/gattinara-docg-travaglini-2010\/"},"modified":"2019-10-23T16:13:16","modified_gmt":"2019-10-23T14:13:16","slug":"gattinara-docg-travaglini-2014","status":"publish","type":"product","link":"https:\/\/fonsvinum.com\/de\/produkt\/gattinara-docg-travaglini-2014\/","title":{"rendered":"Gattinara DOCG TRAVAGLINI 2014"},"content":{"rendered":"<h1>Gattinara DOCG TRAVAGLINI 2014<\/h1>\n<p>W\u00fcrzig, fruchtige Nase mit Noten von roten Fr\u00fcchten, Waldbeeren und Humus. Dazu frische Kr\u00e4uter, sowie feine mineralische Noten.<br \/>\nAm Gaumen mittelgewichtig, mit einer saftigen, gut st\u00fctzenden S\u00e4ure und einem reifen, angenehm zupackenden Tannin. Wieder viel rote Frucht, wieder deutliche Mineralik und florale Noten. Langes, sehr delikates und appetitanregendes Finale mit Niveau.<\/p>\n<p>Gambero Rosso: 2 rote Gl\u00e4ser<\/p>\n","protected":false},"excerpt":{"rendered":"<p>Gattinara DOCG TRAVAGLINI 2014 W\u00fcrzig, fruchtige Nase mit Noten von roten Fr\u00fcchten, Waldbeeren und Humus. Dazu frische Kr\u00e4uter, sowie feine mineralische Noten. Am Gaumen mittelgewichtig, mit einer saftigen, gut st\u00fctzenden S\u00e4ure und einem reifen, angenehm zupackenden Tannin. Wieder viel rote Frucht, wieder deutliche Mineralik und florale Noten. Langes, sehr delikates und appetitanregendes Finale mit Niveau. [&hellip;]<\/p>\n","protected":false},"featured_media":8063,"comment_status":"open","ping_status":"closed","template":"","meta":{"_acf_changed":false,"_monsterinsights_skip_tracking":false,"_monsterinsights_sitenote_active":false,"_monsterinsights_sitenote_note":"","_monsterinsights_sitenote_category":0},"product_brand":[],"product_cat":[2356,2332],"product_tag":[],"class_list":{"0":"post-8065","1":"product","2":"type-product","3":"status-publish","4":"has-post-thumbnail","6":"product_cat-nebbiolo-de","7":"product_cat-rotweine-de","8":"pa_appellation-gattinara-docg-de","9":"pa_formato-0-75-l-flasche-de","10":"pa_producer-travaglini-de","11":"pa_region-piemont-de","12":"pa_vine-100-nebbiolo-de","13":"pa_vintage-2014-de","15":"first","16":"outofstock","17":"taxable","18":"shipping-taxable","19":"purchasable","20":"product-type-simple"},"bundled_by":[],"bundle_stock_status":"outofstock","bundle_stock_quantity":6,"bundle_virtual":false,"bundle_layout":"","bundle_add_to_cart_form_location":"","bundle_editable_in_cart":false,"bundle_sold_individually_context":"","bundle_item_grouping":"","bundle_min_size":"","bundle_max_size":"","bundle_price":[],"bundled_items":[],"bundle_sell_ids":[],"yoast_head":"<!-- This site is optimized with the Yoast SEO plugin v27.2 - https:\/\/yoast.com\/product\/yoast-seo-wordpress\/ -->\n<title>Acquista on line su Fons Vinum Gattinara DOCG Travaglini annata 2014<\/title>\n<meta name=\"description\" content=\"Gattinara DOCG TRAVAGLINI 2014\" \/>\n<meta name=\"robots\" content=\"index, follow, max-snippet:-1, max-image-preview:large, max-video-preview:-1\" \/>\n<link rel=\"canonical\" href=\"https:\/\/fonsvinum.com\/de\/produkt\/gattinara-docg-travaglini-2014\/\" \/>\n<meta property=\"og:locale\" content=\"de_DE\" \/>\n<meta property=\"og:type\" content=\"article\" \/>\n<meta property=\"og:title\" content=\"Acquista on line su Fons Vinum Gattinara DOCG Travaglini annata 2014\" \/>\n<meta property=\"og:description\" content=\"Gattinara DOCG TRAVAGLINI 2014\" \/>\n<meta property=\"og:url\" content=\"https:\/\/fonsvinum.com\/de\/produkt\/gattinara-docg-travaglini-2014\/\" \/>\n<meta property=\"og:site_name\" content=\"Fons Vinum\" \/>\n<meta property=\"article:modified_time\" content=\"2019-10-23T14:13:16+00:00\" \/>\n<meta property=\"og:image\" content=\"https:\/\/fonsvinum.com\/files\/2013\/04\/gattinara-travaglini.png\" \/>\n\t<meta property=\"og:image:width\" content=\"270\" \/>\n\t<meta property=\"og:image:height\" content=\"816\" \/>\n\t<meta property=\"og:image:type\" content=\"image\/png\" \/>\n<script type=\"application\/ld+json\" class=\"yoast-schema-graph\">{\"@context\":\"https:\/\/schema.org\",\"@graph\":[{\"@type\":\"WebPage\",\"@id\":\"https:\/\/fonsvinum.com\/de\/produkt\/gattinara-docg-travaglini-2014\/\",\"url\":\"https:\/\/fonsvinum.com\/de\/produkt\/gattinara-docg-travaglini-2014\/\",\"name\":\"Acquista on line su Fons Vinum Gattinara DOCG Travaglini annata 2014\",\"isPartOf\":{\"@id\":\"https:\/\/fonsvinum.com\/en\/#website\"},\"primaryImageOfPage\":{\"@id\":\"https:\/\/fonsvinum.com\/de\/produkt\/gattinara-docg-travaglini-2014\/#primaryimage\"},\"image\":{\"@id\":\"https:\/\/fonsvinum.com\/de\/produkt\/gattinara-docg-travaglini-2014\/#primaryimage\"},\"thumbnailUrl\":\"https:\/\/fonsvinum.com\/files\/2013\/04\/gattinara-travaglini.png\",\"datePublished\":\"2013-04-25T14:31:23+00:00\",\"dateModified\":\"2019-10-23T14:13:16+00:00\",\"description\":\"Gattinara DOCG TRAVAGLINI 2014\",\"breadcrumb\":{\"@id\":\"https:\/\/fonsvinum.com\/de\/produkt\/gattinara-docg-travaglini-2014\/#breadcrumb\"},\"inLanguage\":\"de\",\"potentialAction\":[{\"@type\":\"ReadAction\",\"target\":[\"https:\/\/fonsvinum.com\/de\/produkt\/gattinara-docg-travaglini-2014\/\"]}]},{\"@type\":\"ImageObject\",\"inLanguage\":\"de\",\"@id\":\"https:\/\/fonsvinum.com\/de\/produkt\/gattinara-docg-travaglini-2014\/#primaryimage\",\"url\":\"https:\/\/fonsvinum.com\/files\/2013\/04\/gattinara-travaglini.png\",\"contentUrl\":\"https:\/\/fonsvinum.com\/files\/2013\/04\/gattinara-travaglini.png\",\"width\":270,\"height\":816},{\"@type\":\"BreadcrumbList\",\"@id\":\"https:\/\/fonsvinum.com\/de\/produkt\/gattinara-docg-travaglini-2014\/#breadcrumb\",\"itemListElement\":[{\"@type\":\"ListItem\",\"position\":1,\"name\":\"Startseite\",\"item\":\"https:\/\/fonsvinum.com\/de\/\"},{\"@type\":\"ListItem\",\"position\":2,\"name\":\"Shop\",\"item\":\"https:\/\/fonsvinum.com\/de\/shop\/\"},{\"@type\":\"ListItem\",\"position\":3,\"name\":\"Gattinara DOCG TRAVAGLINI 2014\"}]},{\"@type\":\"WebSite\",\"@id\":\"https:\/\/fonsvinum.com\/en\/#website\",\"url\":\"https:\/\/fonsvinum.com\/en\/\",\"name\":\"Fons Vinum\",\"description\":\"Vendita Vino Online\",\"publisher\":{\"@id\":\"https:\/\/fonsvinum.com\/en\/#organization\"},\"potentialAction\":[{\"@type\":\"SearchAction\",\"target\":{\"@type\":\"EntryPoint\",\"urlTemplate\":\"https:\/\/fonsvinum.com\/en\/?s={search_term_string}\"},\"query-input\":{\"@type\":\"PropertyValueSpecification\",\"valueRequired\":true,\"valueName\":\"search_term_string\"}}],\"inLanguage\":\"de\"},{\"@type\":\"Organization\",\"@id\":\"https:\/\/fonsvinum.com\/en\/#organization\",\"name\":\"Fons Vinum\",\"url\":\"https:\/\/fonsvinum.com\/en\/\",\"logo\":{\"@type\":\"ImageObject\",\"inLanguage\":\"de\",\"@id\":\"https:\/\/fonsvinum.com\/en\/#\/schema\/logo\/image\/\",\"url\":\"\",\"contentUrl\":\"\",\"caption\":\"Fons Vinum\"},\"image\":{\"@id\":\"https:\/\/fonsvinum.com\/en\/#\/schema\/logo\/image\/\"}}]}<\/script>\n<!-- \/ Yoast SEO plugin. -->","yoast_head_json":{"title":"Acquista on line su Fons Vinum Gattinara DOCG Travaglini annata 2014","description":"Gattinara DOCG TRAVAGLINI 2014","robots":{"index":"index","follow":"follow","max-snippet":"max-snippet:-1","max-image-preview":"max-image-preview:large","max-video-preview":"max-video-preview:-1"},"canonical":"https:\/\/fonsvinum.com\/de\/produkt\/gattinara-docg-travaglini-2014\/","og_locale":"de_DE","og_type":"article","og_title":"Acquista on line su Fons Vinum Gattinara DOCG Travaglini annata 2014","og_description":"Gattinara DOCG TRAVAGLINI 2014","og_url":"https:\/\/fonsvinum.com\/de\/produkt\/gattinara-docg-travaglini-2014\/","og_site_name":"Fons Vinum","article_modified_time":"2019-10-23T14:13:16+00:00","og_image":[{"width":270,"height":816,"url":"https:\/\/fonsvinum.com\/files\/2013\/04\/gattinara-travaglini.png","type":"image\/png"}],"schema":{"@context":"https:\/\/schema.org","@graph":[{"@type":"WebPage","@id":"https:\/\/fonsvinum.com\/de\/produkt\/gattinara-docg-travaglini-2014\/","url":"https:\/\/fonsvinum.com\/de\/produkt\/gattinara-docg-travaglini-2014\/","name":"Acquista on line su Fons Vinum Gattinara DOCG Travaglini annata 2014","isPartOf":{"@id":"https:\/\/fonsvinum.com\/en\/#website"},"primaryImageOfPage":{"@id":"https:\/\/fonsvinum.com\/de\/produkt\/gattinara-docg-travaglini-2014\/#primaryimage"},"image":{"@id":"https:\/\/fonsvinum.com\/de\/produkt\/gattinara-docg-travaglini-2014\/#primaryimage"},"thumbnailUrl":"https:\/\/fonsvinum.com\/files\/2013\/04\/gattinara-travaglini.png","datePublished":"2013-04-25T14:31:23+00:00","dateModified":"2019-10-23T14:13:16+00:00","description":"Gattinara DOCG TRAVAGLINI 2014","breadcrumb":{"@id":"https:\/\/fonsvinum.com\/de\/produkt\/gattinara-docg-travaglini-2014\/#breadcrumb"},"inLanguage":"de","potentialAction":[{"@type":"ReadAction","target":["https:\/\/fonsvinum.com\/de\/produkt\/gattinara-docg-travaglini-2014\/"]}]},{"@type":"ImageObject","inLanguage":"de","@id":"https:\/\/fonsvinum.com\/de\/produkt\/gattinara-docg-travaglini-2014\/#primaryimage","url":"https:\/\/fonsvinum.com\/files\/2013\/04\/gattinara-travaglini.png","contentUrl":"https:\/\/fonsvinum.com\/files\/2013\/04\/gattinara-travaglini.png","width":270,"height":816},{"@type":"BreadcrumbList","@id":"https:\/\/fonsvinum.com\/de\/produkt\/gattinara-docg-travaglini-2014\/#breadcrumb","itemListElement":[{"@type":"ListItem","position":1,"name":"Startseite","item":"https:\/\/fonsvinum.com\/de\/"},{"@type":"ListItem","position":2,"name":"Shop","item":"https:\/\/fonsvinum.com\/de\/shop\/"},{"@type":"ListItem","position":3,"name":"Gattinara DOCG TRAVAGLINI 2014"}]},{"@type":"WebSite","@id":"https:\/\/fonsvinum.com\/en\/#website","url":"https:\/\/fonsvinum.com\/en\/","name":"Fons Vinum","description":"Vendita Vino Online","publisher":{"@id":"https:\/\/fonsvinum.com\/en\/#organization"},"potentialAction":[{"@type":"SearchAction","target":{"@type":"EntryPoint","urlTemplate":"https:\/\/fonsvinum.com\/en\/?s={search_term_string}"},"query-input":{"@type":"PropertyValueSpecification","valueRequired":true,"valueName":"search_term_string"}}],"inLanguage":"de"},{"@type":"Organization","@id":"https:\/\/fonsvinum.com\/en\/#organization","name":"Fons Vinum","url":"https:\/\/fonsvinum.com\/en\/","logo":{"@type":"ImageObject","inLanguage":"de","@id":"https:\/\/fonsvinum.com\/en\/#\/schema\/logo\/image\/","url":"","contentUrl":"","caption":"Fons Vinum"},"image":{"@id":"https:\/\/fonsvinum.com\/en\/#\/schema\/logo\/image\/"}}]}},"acf":[],"_links":{"self":[{"href":"https:\/\/fonsvinum.com\/de\/wp-json\/wp\/v2\/product\/8065","targetHints":{"allow":["GET"]}}],"collection":[{"href":"https:\/\/fonsvinum.com\/de\/wp-json\/wp\/v2\/product"}],"about":[{"href":"https:\/\/fonsvinum.com\/de\/wp-json\/wp\/v2\/types\/product"}],"replies":[{"embeddable":true,"href":"https:\/\/fonsvinum.com\/de\/wp-json\/wp\/v2\/comments?post=8065"}],"wp:featuredmedia":[{"embeddable":true,"href":"https:\/\/fonsvinum.com\/de\/wp-json\/wp\/v2\/media\/8063"}],"wp:attachment":[{"href":"https:\/\/fonsvinum.com\/de\/wp-json\/wp\/v2\/media?parent=8065"}],"wp:term":[{"taxonomy":"product_brand","embeddable":true,"href":"https:\/\/fonsvinum.com\/de\/wp-json\/wp\/v2\/product_brand?post=8065"},{"taxonomy":"product_cat","embeddable":true,"href":"https:\/\/fonsvinum.com\/de\/wp-json\/wp\/v2\/product_cat?post=8065"},{"taxonomy":"product_tag","embeddable":true,"href":"https:\/\/fonsvinum.com\/de\/wp-json\/wp\/v2\/product_tag?post=8065"}],"curies":[{"name":"wp","href":"https:\/\/api.w.org\/{rel}","templated":true}]}}