{"id":8049,"date":"2017-11-15T11:55:11","date_gmt":"2017-11-15T10:55:11","guid":{"rendered":"http:\/\/fonsvinum.com\/?post_type=product&#038;p=8049"},"modified":"2020-01-22T09:44:28","modified_gmt":"2020-01-22T08:44:28","slug":"langhe-doc-nascetta-conna-marco-capra","status":"publish","type":"product","link":"https:\/\/fonsvinum.com\/de\/produkt\/langhe-doc-nascetta-conna-marco-capra\/","title":{"rendered":"Langhe DOC Nascetta Conna Marco Capra"},"content":{"rendered":"<h1>Langhe Doc Nascetta &#8222;Conna&#8220; Marco Capra<\/h1>\n<p>Nascetta ist eine authochtone Rebsorte aus dem Piemont.\u00a0Im &#8222;Conna&#8220; von Marco Capra finden sich alle typischen Charaktereigenschaften der Nascetta-Traube: die Aromatik von gelben und gr\u00fcnen Fr\u00fcchten, eine angenehme Mineralit\u00e4t und ein voller, ausgewogener K\u00f6rper.<\/p>\n<p>Speiseempfehlung<br \/>\nWunderbarer Begleiter von rohem Fisch, zum Beispiel Sushi mit Thunfisch und Avocado.<\/p>\n<p>Sehr gut passt dieser Wein\u00a0auch zu kr\u00e4ftigen Frischk\u00e4sen oder wei\u00dfem Fleisch in Sahnesauce.<\/p>\n<p>&nbsp;<\/p>\n","protected":false},"excerpt":{"rendered":"<p>Langhe Doc Nascetta &#8222;Conna&#8220; Marco Capra Nascetta ist eine authochtone Rebsorte aus dem Piemont.\u00a0Im &#8222;Conna&#8220; von Marco Capra finden sich alle typischen Charaktereigenschaften der Nascetta-Traube: die Aromatik von gelben und gr\u00fcnen Fr\u00fcchten, eine angenehme Mineralit\u00e4t und ein voller, ausgewogener K\u00f6rper. Speiseempfehlung Wunderbarer Begleiter von rohem Fisch, zum Beispiel Sushi mit Thunfisch und Avocado. Sehr gut [&hellip;]<\/p>\n","protected":false},"featured_media":12195,"comment_status":"closed","ping_status":"closed","template":"","meta":{"_acf_changed":false,"_monsterinsights_skip_tracking":false,"_monsterinsights_sitenote_active":false,"_monsterinsights_sitenote_note":"","_monsterinsights_sitenote_category":0},"product_brand":[],"product_cat":[17428,2266],"product_tag":[2418],"class_list":{"0":"post-8049","1":"product","2":"type-product","3":"status-publish","4":"has-post-thumbnail","6":"product_cat-nascetta-de","7":"product_cat-weissweine-de","8":"product_tag-kleine-weinzeuger-de","9":"pa_appellation-langhe-doc-de","10":"pa_formato-0-75-l-flasche-de","11":"pa_producer-marco-capra-de-2","12":"pa_region-piemont-de","13":"pa_vine-nascetta-de","14":"pa_vintage-18401","16":"first","17":"instock","18":"taxable","19":"shipping-taxable","20":"purchasable","21":"product-type-simple"},"bundled_by":[],"bundle_stock_status":"instock","bundle_stock_quantity":23,"bundle_virtual":false,"bundle_layout":"","bundle_add_to_cart_form_location":"","bundle_editable_in_cart":false,"bundle_sold_individually_context":"","bundle_item_grouping":"","bundle_min_size":"","bundle_max_size":"","bundle_price":[],"bundled_items":[],"bundle_sell_ids":[],"yoast_head":"<!-- This site is optimized with the Yoast SEO plugin v27.3 - https:\/\/yoast.com\/product\/yoast-seo-wordpress\/ -->\n<title>Langhe Doc Nascetta &quot;Conna&quot; Marco Capra I Fonsvinum<\/title>\n<meta name=\"description\" content=\"Langhe Doc Nascetta &quot;Conna&quot; Marco Capra Wunderbarer Begleiter von rohem Fisch, zum Beispiel Sushi mit Thunfisch und Avocado.\" \/>\n<meta name=\"robots\" content=\"index, follow, max-snippet:-1, max-image-preview:large, max-video-preview:-1\" \/>\n<link rel=\"canonical\" href=\"https:\/\/fonsvinum.com\/de\/produkt\/langhe-doc-nascetta-conna-marco-capra\/\" \/>\n<meta property=\"og:locale\" content=\"de_DE\" \/>\n<meta property=\"og:type\" content=\"article\" \/>\n<meta property=\"og:title\" content=\"Langhe Doc Nascetta &quot;Conna&quot; Marco Capra I Fonsvinum\" \/>\n<meta property=\"og:description\" content=\"Langhe Doc Nascetta &quot;Conna&quot; Marco Capra Wunderbarer Begleiter von rohem Fisch, zum Beispiel Sushi mit Thunfisch und Avocado.\" \/>\n<meta property=\"og:url\" content=\"https:\/\/fonsvinum.com\/de\/produkt\/langhe-doc-nascetta-conna-marco-capra\/\" \/>\n<meta property=\"og:site_name\" content=\"Fons Vinum\" \/>\n<meta property=\"article:modified_time\" content=\"2020-01-22T08:44:28+00:00\" \/>\n<meta property=\"og:image\" content=\"https:\/\/fonsvinum.com\/files\/2017\/11\/langhe-nascetta-marco-capra.jpg\" \/>\n\t<meta property=\"og:image:width\" content=\"201\" \/>\n\t<meta property=\"og:image:height\" content=\"574\" \/>\n\t<meta property=\"og:image:type\" content=\"image\/jpeg\" \/>\n<script type=\"application\/ld+json\" class=\"yoast-schema-graph\">{\"@context\":\"https:\\\/\\\/schema.org\",\"@graph\":[{\"@type\":\"WebPage\",\"@id\":\"https:\\\/\\\/fonsvinum.com\\\/de\\\/produkt\\\/langhe-doc-nascetta-conna-marco-capra\\\/\",\"url\":\"https:\\\/\\\/fonsvinum.com\\\/de\\\/produkt\\\/langhe-doc-nascetta-conna-marco-capra\\\/\",\"name\":\"Langhe Doc Nascetta \\\"Conna\\\" Marco Capra I Fonsvinum\",\"isPartOf\":{\"@id\":\"https:\\\/\\\/fonsvinum.com\\\/en\\\/#website\"},\"primaryImageOfPage\":{\"@id\":\"https:\\\/\\\/fonsvinum.com\\\/de\\\/produkt\\\/langhe-doc-nascetta-conna-marco-capra\\\/#primaryimage\"},\"image\":{\"@id\":\"https:\\\/\\\/fonsvinum.com\\\/de\\\/produkt\\\/langhe-doc-nascetta-conna-marco-capra\\\/#primaryimage\"},\"thumbnailUrl\":\"https:\\\/\\\/fonsvinum.com\\\/files\\\/2017\\\/11\\\/langhe-nascetta-marco-capra.jpg\",\"datePublished\":\"2017-11-15T10:55:11+00:00\",\"dateModified\":\"2020-01-22T08:44:28+00:00\",\"description\":\"Langhe Doc Nascetta \\\"Conna\\\" Marco Capra Wunderbarer Begleiter von rohem Fisch, zum Beispiel Sushi mit Thunfisch und Avocado.\",\"breadcrumb\":{\"@id\":\"https:\\\/\\\/fonsvinum.com\\\/de\\\/produkt\\\/langhe-doc-nascetta-conna-marco-capra\\\/#breadcrumb\"},\"inLanguage\":\"de\",\"potentialAction\":[{\"@type\":\"ReadAction\",\"target\":[\"https:\\\/\\\/fonsvinum.com\\\/de\\\/produkt\\\/langhe-doc-nascetta-conna-marco-capra\\\/\"]}]},{\"@type\":\"ImageObject\",\"inLanguage\":\"de\",\"@id\":\"https:\\\/\\\/fonsvinum.com\\\/de\\\/produkt\\\/langhe-doc-nascetta-conna-marco-capra\\\/#primaryimage\",\"url\":\"https:\\\/\\\/fonsvinum.com\\\/files\\\/2017\\\/11\\\/langhe-nascetta-marco-capra.jpg\",\"contentUrl\":\"https:\\\/\\\/fonsvinum.com\\\/files\\\/2017\\\/11\\\/langhe-nascetta-marco-capra.jpg\",\"width\":201,\"height\":574},{\"@type\":\"BreadcrumbList\",\"@id\":\"https:\\\/\\\/fonsvinum.com\\\/de\\\/produkt\\\/langhe-doc-nascetta-conna-marco-capra\\\/#breadcrumb\",\"itemListElement\":[{\"@type\":\"ListItem\",\"position\":1,\"name\":\"Startseite\",\"item\":\"https:\\\/\\\/fonsvinum.com\\\/de\\\/\"},{\"@type\":\"ListItem\",\"position\":2,\"name\":\"Shop\",\"item\":\"https:\\\/\\\/fonsvinum.com\\\/de\\\/shop\\\/\"},{\"@type\":\"ListItem\",\"position\":3,\"name\":\"Langhe DOC Nascetta Conna Marco Capra\"}]},{\"@type\":\"WebSite\",\"@id\":\"https:\\\/\\\/fonsvinum.com\\\/en\\\/#website\",\"url\":\"https:\\\/\\\/fonsvinum.com\\\/en\\\/\",\"name\":\"Fons Vinum\",\"description\":\"Vendita Vino Online\",\"publisher\":{\"@id\":\"https:\\\/\\\/fonsvinum.com\\\/en\\\/#organization\"},\"potentialAction\":[{\"@type\":\"SearchAction\",\"target\":{\"@type\":\"EntryPoint\",\"urlTemplate\":\"https:\\\/\\\/fonsvinum.com\\\/en\\\/?s={search_term_string}\"},\"query-input\":{\"@type\":\"PropertyValueSpecification\",\"valueRequired\":true,\"valueName\":\"search_term_string\"}}],\"inLanguage\":\"de\"},{\"@type\":\"Organization\",\"@id\":\"https:\\\/\\\/fonsvinum.com\\\/en\\\/#organization\",\"name\":\"Fons Vinum\",\"url\":\"https:\\\/\\\/fonsvinum.com\\\/en\\\/\",\"logo\":{\"@type\":\"ImageObject\",\"inLanguage\":\"de\",\"@id\":\"https:\\\/\\\/fonsvinum.com\\\/en\\\/#\\\/schema\\\/logo\\\/image\\\/\",\"url\":\"\",\"contentUrl\":\"\",\"caption\":\"Fons Vinum\"},\"image\":{\"@id\":\"https:\\\/\\\/fonsvinum.com\\\/en\\\/#\\\/schema\\\/logo\\\/image\\\/\"}}]}<\/script>\n<!-- \/ Yoast SEO plugin. -->","yoast_head_json":{"title":"Langhe Doc Nascetta \"Conna\" Marco Capra I Fonsvinum","description":"Langhe Doc Nascetta \"Conna\" Marco Capra Wunderbarer Begleiter von rohem Fisch, zum Beispiel Sushi mit Thunfisch und Avocado.","robots":{"index":"index","follow":"follow","max-snippet":"max-snippet:-1","max-image-preview":"max-image-preview:large","max-video-preview":"max-video-preview:-1"},"canonical":"https:\/\/fonsvinum.com\/de\/produkt\/langhe-doc-nascetta-conna-marco-capra\/","og_locale":"de_DE","og_type":"article","og_title":"Langhe Doc Nascetta \"Conna\" Marco Capra I Fonsvinum","og_description":"Langhe Doc Nascetta \"Conna\" Marco Capra Wunderbarer Begleiter von rohem Fisch, zum Beispiel Sushi mit Thunfisch und Avocado.","og_url":"https:\/\/fonsvinum.com\/de\/produkt\/langhe-doc-nascetta-conna-marco-capra\/","og_site_name":"Fons Vinum","article_modified_time":"2020-01-22T08:44:28+00:00","og_image":[{"width":201,"height":574,"url":"https:\/\/fonsvinum.com\/files\/2017\/11\/langhe-nascetta-marco-capra.jpg","type":"image\/jpeg"}],"schema":{"@context":"https:\/\/schema.org","@graph":[{"@type":"WebPage","@id":"https:\/\/fonsvinum.com\/de\/produkt\/langhe-doc-nascetta-conna-marco-capra\/","url":"https:\/\/fonsvinum.com\/de\/produkt\/langhe-doc-nascetta-conna-marco-capra\/","name":"Langhe Doc Nascetta \"Conna\" Marco Capra I Fonsvinum","isPartOf":{"@id":"https:\/\/fonsvinum.com\/en\/#website"},"primaryImageOfPage":{"@id":"https:\/\/fonsvinum.com\/de\/produkt\/langhe-doc-nascetta-conna-marco-capra\/#primaryimage"},"image":{"@id":"https:\/\/fonsvinum.com\/de\/produkt\/langhe-doc-nascetta-conna-marco-capra\/#primaryimage"},"thumbnailUrl":"https:\/\/fonsvinum.com\/files\/2017\/11\/langhe-nascetta-marco-capra.jpg","datePublished":"2017-11-15T10:55:11+00:00","dateModified":"2020-01-22T08:44:28+00:00","description":"Langhe Doc Nascetta \"Conna\" Marco Capra Wunderbarer Begleiter von rohem Fisch, zum Beispiel Sushi mit Thunfisch und Avocado.","breadcrumb":{"@id":"https:\/\/fonsvinum.com\/de\/produkt\/langhe-doc-nascetta-conna-marco-capra\/#breadcrumb"},"inLanguage":"de","potentialAction":[{"@type":"ReadAction","target":["https:\/\/fonsvinum.com\/de\/produkt\/langhe-doc-nascetta-conna-marco-capra\/"]}]},{"@type":"ImageObject","inLanguage":"de","@id":"https:\/\/fonsvinum.com\/de\/produkt\/langhe-doc-nascetta-conna-marco-capra\/#primaryimage","url":"https:\/\/fonsvinum.com\/files\/2017\/11\/langhe-nascetta-marco-capra.jpg","contentUrl":"https:\/\/fonsvinum.com\/files\/2017\/11\/langhe-nascetta-marco-capra.jpg","width":201,"height":574},{"@type":"BreadcrumbList","@id":"https:\/\/fonsvinum.com\/de\/produkt\/langhe-doc-nascetta-conna-marco-capra\/#breadcrumb","itemListElement":[{"@type":"ListItem","position":1,"name":"Startseite","item":"https:\/\/fonsvinum.com\/de\/"},{"@type":"ListItem","position":2,"name":"Shop","item":"https:\/\/fonsvinum.com\/de\/shop\/"},{"@type":"ListItem","position":3,"name":"Langhe DOC Nascetta Conna Marco Capra"}]},{"@type":"WebSite","@id":"https:\/\/fonsvinum.com\/en\/#website","url":"https:\/\/fonsvinum.com\/en\/","name":"Fons Vinum","description":"Vendita Vino Online","publisher":{"@id":"https:\/\/fonsvinum.com\/en\/#organization"},"potentialAction":[{"@type":"SearchAction","target":{"@type":"EntryPoint","urlTemplate":"https:\/\/fonsvinum.com\/en\/?s={search_term_string}"},"query-input":{"@type":"PropertyValueSpecification","valueRequired":true,"valueName":"search_term_string"}}],"inLanguage":"de"},{"@type":"Organization","@id":"https:\/\/fonsvinum.com\/en\/#organization","name":"Fons Vinum","url":"https:\/\/fonsvinum.com\/en\/","logo":{"@type":"ImageObject","inLanguage":"de","@id":"https:\/\/fonsvinum.com\/en\/#\/schema\/logo\/image\/","url":"","contentUrl":"","caption":"Fons Vinum"},"image":{"@id":"https:\/\/fonsvinum.com\/en\/#\/schema\/logo\/image\/"}}]}},"acf":[],"_links":{"self":[{"href":"https:\/\/fonsvinum.com\/de\/wp-json\/wp\/v2\/product\/8049","targetHints":{"allow":["GET"]}}],"collection":[{"href":"https:\/\/fonsvinum.com\/de\/wp-json\/wp\/v2\/product"}],"about":[{"href":"https:\/\/fonsvinum.com\/de\/wp-json\/wp\/v2\/types\/product"}],"replies":[{"embeddable":true,"href":"https:\/\/fonsvinum.com\/de\/wp-json\/wp\/v2\/comments?post=8049"}],"wp:featuredmedia":[{"embeddable":true,"href":"https:\/\/fonsvinum.com\/de\/wp-json\/wp\/v2\/media\/12195"}],"wp:attachment":[{"href":"https:\/\/fonsvinum.com\/de\/wp-json\/wp\/v2\/media?parent=8049"}],"wp:term":[{"taxonomy":"product_brand","embeddable":true,"href":"https:\/\/fonsvinum.com\/de\/wp-json\/wp\/v2\/product_brand?post=8049"},{"taxonomy":"product_cat","embeddable":true,"href":"https:\/\/fonsvinum.com\/de\/wp-json\/wp\/v2\/product_cat?post=8049"},{"taxonomy":"product_tag","embeddable":true,"href":"https:\/\/fonsvinum.com\/de\/wp-json\/wp\/v2\/product_tag?post=8049"}],"curies":[{"name":"wp","href":"https:\/\/api.w.org\/{rel}","templated":true}]}}