{"id":8025,"date":"2016-05-30T16:03:01","date_gmt":"2016-05-30T14:03:01","guid":{"rendered":"http:\/\/fonsvinum.com\/?post_type=product&#038;p=8025"},"modified":"2025-08-22T12:10:37","modified_gmt":"2025-08-22T10:10:37","slug":"livio-felluga-pinot-grigio-colli-orientali-del-friuli-2024","status":"publish","type":"product","link":"https:\/\/fonsvinum.com\/de\/produkt\/livio-felluga-pinot-grigio-colli-orientali-del-friuli-2024\/","title":{"rendered":"LIVIO FELLUGA Pinot Grigio Colli Orientali del Friuli 2024"},"content":{"rendered":"<h1>LIVIO FELLUGA Pinot Grigio Colli Orientali del Friuli 2024<\/h1>\n<p>Helles Gelb, ausgesprochen frisch mit sch\u00f6nem, intensiv duftigen Aroma von exotischen Fr\u00fcchten. Leicht und ausgewogen im Geschmack. Sehr angenehme, gut eingebundene S\u00e4ure.<\/p>\n<p>Passt zu:<br \/>\nHellen Fleischsorten, Gem\u00fcsegerichten, gekochtem und gebratenem Gefl\u00fcgel.<\/p>\n<p>Ideale Trinktemperatur: 12-14\u00b0 C.<\/p>\n","protected":false},"excerpt":{"rendered":"<p>LIVIO FELLUGA Pinot Grigio Colli Orientali del Friuli 2024 Helles Gelb, ausgesprochen frisch mit sch\u00f6nem, intensiv duftigen Aroma von exotischen Fr\u00fcchten. Leicht und ausgewogen im Geschmack. Sehr angenehme, gut eingebundene S\u00e4ure. Passt zu: Hellen Fleischsorten, Gem\u00fcsegerichten, gekochtem und gebratenem Gefl\u00fcgel. Ideale Trinktemperatur: 12-14\u00b0 C.<\/p>\n","protected":false},"featured_media":29216,"comment_status":"open","ping_status":"closed","template":"","meta":{"_acf_changed":false,"_monsterinsights_skip_tracking":false,"_monsterinsights_sitenote_active":false,"_monsterinsights_sitenote_note":"","_monsterinsights_sitenote_category":0},"product_brand":[],"product_cat":[2306,2266],"product_tag":[],"class_list":{"0":"post-8025","1":"product","2":"type-product","3":"status-publish","4":"has-post-thumbnail","6":"product_cat-pinot-grigio-de","7":"product_cat-weissweine-de","8":"pa_appellation-friuli-colli-orientali-de","9":"pa_formato-0-75-l-flasche-de","10":"pa_producer-livio-felluga-de","11":"pa_region-friaul-julisch-venetien-de","12":"pa_vine-pinot-grigio-de-2","13":"pa_vintage-18405","15":"first","16":"instock","17":"taxable","18":"shipping-taxable","19":"purchasable","20":"product-type-simple"},"bundled_by":[],"bundle_stock_status":"instock","bundle_stock_quantity":1,"bundle_virtual":false,"bundle_layout":"","bundle_add_to_cart_form_location":"","bundle_editable_in_cart":false,"bundle_sold_individually_context":"","bundle_item_grouping":"","bundle_min_size":"","bundle_max_size":"","bundle_price":[],"bundled_items":[],"bundle_sell_ids":[],"yoast_head":"<!-- This site is optimized with the Yoast SEO plugin v27.2 - https:\/\/yoast.com\/product\/yoast-seo-wordpress\/ -->\n<title>LIVIO FELLUGA Pinot Grigio Colli Orientali del Friuli 2024<\/title>\n<meta name=\"description\" content=\"LIVIO FELLUGA Pinot Grigio Colli Orientali del Friuli 2024. Settant&#039;anni di tradizione, patriarca della viticoltura in Friuli.\" \/>\n<meta name=\"robots\" content=\"index, follow, max-snippet:-1, max-image-preview:large, max-video-preview:-1\" \/>\n<link rel=\"canonical\" href=\"https:\/\/fonsvinum.com\/de\/produkt\/livio-felluga-pinot-grigio-colli-orientali-del-friuli-2024\/\" \/>\n<meta property=\"og:locale\" content=\"de_DE\" \/>\n<meta property=\"og:type\" content=\"article\" \/>\n<meta property=\"og:title\" content=\"LIVIO FELLUGA Pinot Grigio Colli Orientali del Friuli 2024\" \/>\n<meta property=\"og:description\" content=\"LIVIO FELLUGA Pinot Grigio Colli Orientali del Friuli 2024. Settant&#039;anni di tradizione, patriarca della viticoltura in Friuli.\" \/>\n<meta property=\"og:url\" content=\"https:\/\/fonsvinum.com\/de\/produkt\/livio-felluga-pinot-grigio-colli-orientali-del-friuli-2024\/\" \/>\n<meta property=\"og:site_name\" content=\"Fons Vinum\" \/>\n<meta property=\"article:modified_time\" content=\"2025-08-22T10:10:37+00:00\" \/>\n<meta property=\"og:image\" content=\"https:\/\/fonsvinum.com\/files\/2016\/05\/pinot-grigio-livio-felluga-1.jpg\" \/>\n\t<meta property=\"og:image:width\" content=\"200\" \/>\n\t<meta property=\"og:image:height\" content=\"600\" \/>\n\t<meta property=\"og:image:type\" content=\"image\/jpeg\" \/>\n<meta name=\"twitter:label1\" content=\"Gesch\u00e4tzte Lesezeit\" \/>\n\t<meta name=\"twitter:data1\" content=\"1\u00a0Minute\" \/>\n<script type=\"application\/ld+json\" class=\"yoast-schema-graph\">{\"@context\":\"https:\/\/schema.org\",\"@graph\":[{\"@type\":\"WebPage\",\"@id\":\"https:\/\/fonsvinum.com\/de\/produkt\/livio-felluga-pinot-grigio-colli-orientali-del-friuli-2024\/\",\"url\":\"https:\/\/fonsvinum.com\/de\/produkt\/livio-felluga-pinot-grigio-colli-orientali-del-friuli-2024\/\",\"name\":\"LIVIO FELLUGA Pinot Grigio Colli Orientali del Friuli 2024\",\"isPartOf\":{\"@id\":\"https:\/\/fonsvinum.com\/en\/#website\"},\"primaryImageOfPage\":{\"@id\":\"https:\/\/fonsvinum.com\/de\/produkt\/livio-felluga-pinot-grigio-colli-orientali-del-friuli-2024\/#primaryimage\"},\"image\":{\"@id\":\"https:\/\/fonsvinum.com\/de\/produkt\/livio-felluga-pinot-grigio-colli-orientali-del-friuli-2024\/#primaryimage\"},\"thumbnailUrl\":\"https:\/\/fonsvinum.com\/files\/2016\/05\/pinot-grigio-livio-felluga-1.jpg\",\"datePublished\":\"2016-05-30T14:03:01+00:00\",\"dateModified\":\"2025-08-22T10:10:37+00:00\",\"description\":\"LIVIO FELLUGA Pinot Grigio Colli Orientali del Friuli 2024. Settant'anni di tradizione, patriarca della viticoltura in Friuli.\",\"breadcrumb\":{\"@id\":\"https:\/\/fonsvinum.com\/de\/produkt\/livio-felluga-pinot-grigio-colli-orientali-del-friuli-2024\/#breadcrumb\"},\"inLanguage\":\"de\",\"potentialAction\":[{\"@type\":\"ReadAction\",\"target\":[\"https:\/\/fonsvinum.com\/de\/produkt\/livio-felluga-pinot-grigio-colli-orientali-del-friuli-2024\/\"]}]},{\"@type\":\"ImageObject\",\"inLanguage\":\"de\",\"@id\":\"https:\/\/fonsvinum.com\/de\/produkt\/livio-felluga-pinot-grigio-colli-orientali-del-friuli-2024\/#primaryimage\",\"url\":\"https:\/\/fonsvinum.com\/files\/2016\/05\/pinot-grigio-livio-felluga-1.jpg\",\"contentUrl\":\"https:\/\/fonsvinum.com\/files\/2016\/05\/pinot-grigio-livio-felluga-1.jpg\",\"width\":200,\"height\":600},{\"@type\":\"BreadcrumbList\",\"@id\":\"https:\/\/fonsvinum.com\/de\/produkt\/livio-felluga-pinot-grigio-colli-orientali-del-friuli-2024\/#breadcrumb\",\"itemListElement\":[{\"@type\":\"ListItem\",\"position\":1,\"name\":\"Startseite\",\"item\":\"https:\/\/fonsvinum.com\/de\/\"},{\"@type\":\"ListItem\",\"position\":2,\"name\":\"Shop\",\"item\":\"https:\/\/fonsvinum.com\/de\/shop\/\"},{\"@type\":\"ListItem\",\"position\":3,\"name\":\"LIVIO FELLUGA Pinot Grigio Colli Orientali del Friuli 2024\"}]},{\"@type\":\"WebSite\",\"@id\":\"https:\/\/fonsvinum.com\/en\/#website\",\"url\":\"https:\/\/fonsvinum.com\/en\/\",\"name\":\"Fons Vinum\",\"description\":\"Vendita Vino Online\",\"publisher\":{\"@id\":\"https:\/\/fonsvinum.com\/en\/#organization\"},\"potentialAction\":[{\"@type\":\"SearchAction\",\"target\":{\"@type\":\"EntryPoint\",\"urlTemplate\":\"https:\/\/fonsvinum.com\/en\/?s={search_term_string}\"},\"query-input\":{\"@type\":\"PropertyValueSpecification\",\"valueRequired\":true,\"valueName\":\"search_term_string\"}}],\"inLanguage\":\"de\"},{\"@type\":\"Organization\",\"@id\":\"https:\/\/fonsvinum.com\/en\/#organization\",\"name\":\"Fons Vinum\",\"url\":\"https:\/\/fonsvinum.com\/en\/\",\"logo\":{\"@type\":\"ImageObject\",\"inLanguage\":\"de\",\"@id\":\"https:\/\/fonsvinum.com\/en\/#\/schema\/logo\/image\/\",\"url\":\"\",\"contentUrl\":\"\",\"caption\":\"Fons Vinum\"},\"image\":{\"@id\":\"https:\/\/fonsvinum.com\/en\/#\/schema\/logo\/image\/\"}}]}<\/script>\n<!-- \/ Yoast SEO plugin. -->","yoast_head_json":{"title":"LIVIO FELLUGA Pinot Grigio Colli Orientali del Friuli 2024","description":"LIVIO FELLUGA Pinot Grigio Colli Orientali del Friuli 2024. Settant'anni di tradizione, patriarca della viticoltura in Friuli.","robots":{"index":"index","follow":"follow","max-snippet":"max-snippet:-1","max-image-preview":"max-image-preview:large","max-video-preview":"max-video-preview:-1"},"canonical":"https:\/\/fonsvinum.com\/de\/produkt\/livio-felluga-pinot-grigio-colli-orientali-del-friuli-2024\/","og_locale":"de_DE","og_type":"article","og_title":"LIVIO FELLUGA Pinot Grigio Colli Orientali del Friuli 2024","og_description":"LIVIO FELLUGA Pinot Grigio Colli Orientali del Friuli 2024. Settant'anni di tradizione, patriarca della viticoltura in Friuli.","og_url":"https:\/\/fonsvinum.com\/de\/produkt\/livio-felluga-pinot-grigio-colli-orientali-del-friuli-2024\/","og_site_name":"Fons Vinum","article_modified_time":"2025-08-22T10:10:37+00:00","og_image":[{"width":200,"height":600,"url":"https:\/\/fonsvinum.com\/files\/2016\/05\/pinot-grigio-livio-felluga-1.jpg","type":"image\/jpeg"}],"twitter_misc":{"Gesch\u00e4tzte Lesezeit":"1\u00a0Minute"},"schema":{"@context":"https:\/\/schema.org","@graph":[{"@type":"WebPage","@id":"https:\/\/fonsvinum.com\/de\/produkt\/livio-felluga-pinot-grigio-colli-orientali-del-friuli-2024\/","url":"https:\/\/fonsvinum.com\/de\/produkt\/livio-felluga-pinot-grigio-colli-orientali-del-friuli-2024\/","name":"LIVIO FELLUGA Pinot Grigio Colli Orientali del Friuli 2024","isPartOf":{"@id":"https:\/\/fonsvinum.com\/en\/#website"},"primaryImageOfPage":{"@id":"https:\/\/fonsvinum.com\/de\/produkt\/livio-felluga-pinot-grigio-colli-orientali-del-friuli-2024\/#primaryimage"},"image":{"@id":"https:\/\/fonsvinum.com\/de\/produkt\/livio-felluga-pinot-grigio-colli-orientali-del-friuli-2024\/#primaryimage"},"thumbnailUrl":"https:\/\/fonsvinum.com\/files\/2016\/05\/pinot-grigio-livio-felluga-1.jpg","datePublished":"2016-05-30T14:03:01+00:00","dateModified":"2025-08-22T10:10:37+00:00","description":"LIVIO FELLUGA Pinot Grigio Colli Orientali del Friuli 2024. Settant'anni di tradizione, patriarca della viticoltura in Friuli.","breadcrumb":{"@id":"https:\/\/fonsvinum.com\/de\/produkt\/livio-felluga-pinot-grigio-colli-orientali-del-friuli-2024\/#breadcrumb"},"inLanguage":"de","potentialAction":[{"@type":"ReadAction","target":["https:\/\/fonsvinum.com\/de\/produkt\/livio-felluga-pinot-grigio-colli-orientali-del-friuli-2024\/"]}]},{"@type":"ImageObject","inLanguage":"de","@id":"https:\/\/fonsvinum.com\/de\/produkt\/livio-felluga-pinot-grigio-colli-orientali-del-friuli-2024\/#primaryimage","url":"https:\/\/fonsvinum.com\/files\/2016\/05\/pinot-grigio-livio-felluga-1.jpg","contentUrl":"https:\/\/fonsvinum.com\/files\/2016\/05\/pinot-grigio-livio-felluga-1.jpg","width":200,"height":600},{"@type":"BreadcrumbList","@id":"https:\/\/fonsvinum.com\/de\/produkt\/livio-felluga-pinot-grigio-colli-orientali-del-friuli-2024\/#breadcrumb","itemListElement":[{"@type":"ListItem","position":1,"name":"Startseite","item":"https:\/\/fonsvinum.com\/de\/"},{"@type":"ListItem","position":2,"name":"Shop","item":"https:\/\/fonsvinum.com\/de\/shop\/"},{"@type":"ListItem","position":3,"name":"LIVIO FELLUGA Pinot Grigio Colli Orientali del Friuli 2024"}]},{"@type":"WebSite","@id":"https:\/\/fonsvinum.com\/en\/#website","url":"https:\/\/fonsvinum.com\/en\/","name":"Fons Vinum","description":"Vendita Vino Online","publisher":{"@id":"https:\/\/fonsvinum.com\/en\/#organization"},"potentialAction":[{"@type":"SearchAction","target":{"@type":"EntryPoint","urlTemplate":"https:\/\/fonsvinum.com\/en\/?s={search_term_string}"},"query-input":{"@type":"PropertyValueSpecification","valueRequired":true,"valueName":"search_term_string"}}],"inLanguage":"de"},{"@type":"Organization","@id":"https:\/\/fonsvinum.com\/en\/#organization","name":"Fons Vinum","url":"https:\/\/fonsvinum.com\/en\/","logo":{"@type":"ImageObject","inLanguage":"de","@id":"https:\/\/fonsvinum.com\/en\/#\/schema\/logo\/image\/","url":"","contentUrl":"","caption":"Fons Vinum"},"image":{"@id":"https:\/\/fonsvinum.com\/en\/#\/schema\/logo\/image\/"}}]}},"acf":[],"_links":{"self":[{"href":"https:\/\/fonsvinum.com\/de\/wp-json\/wp\/v2\/product\/8025","targetHints":{"allow":["GET"]}}],"collection":[{"href":"https:\/\/fonsvinum.com\/de\/wp-json\/wp\/v2\/product"}],"about":[{"href":"https:\/\/fonsvinum.com\/de\/wp-json\/wp\/v2\/types\/product"}],"replies":[{"embeddable":true,"href":"https:\/\/fonsvinum.com\/de\/wp-json\/wp\/v2\/comments?post=8025"}],"wp:featuredmedia":[{"embeddable":true,"href":"https:\/\/fonsvinum.com\/de\/wp-json\/wp\/v2\/media\/29216"}],"wp:attachment":[{"href":"https:\/\/fonsvinum.com\/de\/wp-json\/wp\/v2\/media?parent=8025"}],"wp:term":[{"taxonomy":"product_brand","embeddable":true,"href":"https:\/\/fonsvinum.com\/de\/wp-json\/wp\/v2\/product_brand?post=8025"},{"taxonomy":"product_cat","embeddable":true,"href":"https:\/\/fonsvinum.com\/de\/wp-json\/wp\/v2\/product_cat?post=8025"},{"taxonomy":"product_tag","embeddable":true,"href":"https:\/\/fonsvinum.com\/de\/wp-json\/wp\/v2\/product_tag?post=8025"}],"curies":[{"name":"wp","href":"https:\/\/api.w.org\/{rel}","templated":true}]}}