{"id":7939,"date":"2016-03-10T16:31:01","date_gmt":"2016-03-10T15:31:01","guid":{"rendered":""},"modified":"2019-06-20T10:30:18","modified_gmt":"2019-06-20T08:30:18","slug":"barbaresco-2014-riserva-montestefano-produttori-del-barbaresco","status":"publish","type":"product","link":"https:\/\/fonsvinum.com\/de\/produkt\/barbaresco-2014-riserva-montestefano-produttori-del-barbaresco\/","title":{"rendered":"Barbaresco 2014 Riserva Montestefano PRODUTTORI DEL BARBARESCO"},"content":{"rendered":"<h1>Barbaresco 2014 Riserva Montestefano PRODUTTORI DEL BARBARESCO<\/h1>\n<p>Der Barbaresco ist ein D.O.C.G.-Rotwein aus dem Piemont, der aus 100% Nebbiolo-Trauben gewonnen wird.<\/p>\n<p>Zur Reife nach dem Keltern kommt der Rotwein f\u00fcr mindestens 24 Monate in kleine Eichenf\u00e4sser.<\/p>\n<p>Danach reift er 1 Jahr in der Flasche.<\/p>\n<p>Montestefano Riserva 2014 best\u00e4tigt ihre Form der letzten Jahre: kraftvoll, tiefgr\u00fcndig und mit Potenzial f\u00fcr eine gef\u00fchlte Ewigkeit.<\/p>\n<p>Der Barbaresco ist von dunkelroter Farbe mit orangen Reflexen. Das Bouquet ist angenehm intensiv mit einem Hauch von Veilchen.<\/p>\n<p>Der Geschmack ist trocken, volumin\u00f6s und samtig.<\/p>\n<p>Er ist ein idealer Begleiter zu kr\u00e4ftigen Fleischgerichten.<\/p>\n<p>Er sollte 2 Stunden vor dem Trinken bel\u00fcftet werden.<\/p>\n<p>Bis zu 10 Jahre lagerf\u00e4hig.<\/p>\n","protected":false},"excerpt":{"rendered":"<p>Barbaresco 2014 Riserva Montestefano PRODUTTORI DEL BARBARESCO Der Barbaresco ist ein D.O.C.G.-Rotwein aus dem Piemont, der aus 100% Nebbiolo-Trauben gewonnen wird. Zur Reife nach dem Keltern kommt der Rotwein f\u00fcr mindestens 24 Monate in kleine Eichenf\u00e4sser. Danach reift er 1 Jahr in der Flasche. Montestefano Riserva 2014 best\u00e4tigt ihre Form der letzten Jahre: kraftvoll, tiefgr\u00fcndig [&hellip;]<\/p>\n","protected":false},"featured_media":7895,"comment_status":"open","ping_status":"closed","template":"","meta":{"_acf_changed":false,"_monsterinsights_skip_tracking":false,"_monsterinsights_sitenote_active":false,"_monsterinsights_sitenote_note":"","_monsterinsights_sitenote_category":0},"product_brand":[],"product_cat":[1773],"product_tag":[],"class_list":{"0":"post-7939","1":"product","2":"type-product","3":"status-publish","4":"has-post-thumbnail","6":"product_cat-barbaresco-de","7":"pa_appellation-barbaresco-docg-de","8":"pa_formato-0-75-l-flasche-de","9":"pa_producer-produttori-del-barbaresco-de","10":"pa_region-piemont-de","11":"pa_vine-100-nebbiolo-de","12":"pa_vintage-2014-de","14":"first","15":"instock","16":"sale","17":"taxable","18":"shipping-taxable","19":"purchasable","20":"product-type-simple"},"bundled_by":[],"bundle_stock_status":"instock","bundle_stock_quantity":2,"bundle_virtual":false,"bundle_layout":"","bundle_add_to_cart_form_location":"","bundle_editable_in_cart":false,"bundle_sold_individually_context":"","bundle_item_grouping":"","bundle_min_size":"","bundle_max_size":"","bundle_price":[],"bundled_items":[],"bundle_sell_ids":[],"yoast_head":"<!-- This site is optimized with the Yoast SEO plugin v27.3 - https:\/\/yoast.com\/product\/yoast-seo-wordpress\/ -->\n<title>Riserva 2014 Montestefano PRODUTTORI DEL BARBARESCO<\/title>\n<meta name=\"description\" content=\"Barbaresco 2014 Riserva Montestefano PRODUTTORI DEL BARBARESCO. Der Barbaresco ist von dunkelroter Farbe mit orangen Reflexen.\" \/>\n<meta name=\"robots\" content=\"index, follow, max-snippet:-1, max-image-preview:large, max-video-preview:-1\" \/>\n<link rel=\"canonical\" href=\"https:\/\/fonsvinum.com\/de\/produkt\/barbaresco-2014-riserva-montestefano-produttori-del-barbaresco\/\" \/>\n<meta property=\"og:locale\" content=\"de_DE\" \/>\n<meta property=\"og:type\" content=\"article\" \/>\n<meta property=\"og:title\" content=\"Riserva 2014 Montestefano PRODUTTORI DEL BARBARESCO\" \/>\n<meta property=\"og:description\" content=\"Barbaresco 2014 Riserva Montestefano PRODUTTORI DEL BARBARESCO. Der Barbaresco ist von dunkelroter Farbe mit orangen Reflexen.\" \/>\n<meta property=\"og:url\" content=\"https:\/\/fonsvinum.com\/de\/produkt\/barbaresco-2014-riserva-montestefano-produttori-del-barbaresco\/\" \/>\n<meta property=\"og:site_name\" content=\"Fons Vinum\" \/>\n<meta property=\"article:modified_time\" content=\"2019-06-20T08:30:18+00:00\" \/>\n<meta property=\"og:image\" content=\"https:\/\/fonsvinum.com\/files\/2013\/04\/barbaresco-produttori-riserva-montestefano.png\" \/>\n\t<meta property=\"og:image:width\" content=\"157\" \/>\n\t<meta property=\"og:image:height\" content=\"500\" \/>\n\t<meta property=\"og:image:type\" content=\"image\/png\" \/>\n<meta name=\"twitter:label1\" content=\"Gesch\u00e4tzte Lesezeit\" \/>\n\t<meta name=\"twitter:data1\" content=\"1\u00a0Minute\" \/>\n<script type=\"application\/ld+json\" class=\"yoast-schema-graph\">{\"@context\":\"https:\\\/\\\/schema.org\",\"@graph\":[{\"@type\":\"WebPage\",\"@id\":\"https:\\\/\\\/fonsvinum.com\\\/de\\\/produkt\\\/barbaresco-2014-riserva-montestefano-produttori-del-barbaresco\\\/\",\"url\":\"https:\\\/\\\/fonsvinum.com\\\/de\\\/produkt\\\/barbaresco-2014-riserva-montestefano-produttori-del-barbaresco\\\/\",\"name\":\"Riserva 2014 Montestefano PRODUTTORI DEL BARBARESCO\",\"isPartOf\":{\"@id\":\"https:\\\/\\\/fonsvinum.com\\\/en\\\/#website\"},\"primaryImageOfPage\":{\"@id\":\"https:\\\/\\\/fonsvinum.com\\\/de\\\/produkt\\\/barbaresco-2014-riserva-montestefano-produttori-del-barbaresco\\\/#primaryimage\"},\"image\":{\"@id\":\"https:\\\/\\\/fonsvinum.com\\\/de\\\/produkt\\\/barbaresco-2014-riserva-montestefano-produttori-del-barbaresco\\\/#primaryimage\"},\"thumbnailUrl\":\"https:\\\/\\\/fonsvinum.com\\\/files\\\/2013\\\/04\\\/barbaresco-produttori-riserva-montestefano.png\",\"datePublished\":\"2016-03-10T15:31:01+00:00\",\"dateModified\":\"2019-06-20T08:30:18+00:00\",\"description\":\"Barbaresco 2014 Riserva Montestefano PRODUTTORI DEL BARBARESCO. Der Barbaresco ist von dunkelroter Farbe mit orangen Reflexen.\",\"breadcrumb\":{\"@id\":\"https:\\\/\\\/fonsvinum.com\\\/de\\\/produkt\\\/barbaresco-2014-riserva-montestefano-produttori-del-barbaresco\\\/#breadcrumb\"},\"inLanguage\":\"de\",\"potentialAction\":[{\"@type\":\"ReadAction\",\"target\":[\"https:\\\/\\\/fonsvinum.com\\\/de\\\/produkt\\\/barbaresco-2014-riserva-montestefano-produttori-del-barbaresco\\\/\"]}]},{\"@type\":\"ImageObject\",\"inLanguage\":\"de\",\"@id\":\"https:\\\/\\\/fonsvinum.com\\\/de\\\/produkt\\\/barbaresco-2014-riserva-montestefano-produttori-del-barbaresco\\\/#primaryimage\",\"url\":\"https:\\\/\\\/fonsvinum.com\\\/files\\\/2013\\\/04\\\/barbaresco-produttori-riserva-montestefano.png\",\"contentUrl\":\"https:\\\/\\\/fonsvinum.com\\\/files\\\/2013\\\/04\\\/barbaresco-produttori-riserva-montestefano.png\",\"width\":157,\"height\":500,\"caption\":\"PRODUTTORI DEL BARBARESCO Barbaresco Riserva Montestefano 2019 Magnum\"},{\"@type\":\"BreadcrumbList\",\"@id\":\"https:\\\/\\\/fonsvinum.com\\\/de\\\/produkt\\\/barbaresco-2014-riserva-montestefano-produttori-del-barbaresco\\\/#breadcrumb\",\"itemListElement\":[{\"@type\":\"ListItem\",\"position\":1,\"name\":\"Startseite\",\"item\":\"https:\\\/\\\/fonsvinum.com\\\/de\\\/\"},{\"@type\":\"ListItem\",\"position\":2,\"name\":\"Shop\",\"item\":\"https:\\\/\\\/fonsvinum.com\\\/de\\\/shop\\\/\"},{\"@type\":\"ListItem\",\"position\":3,\"name\":\"Barbaresco 2014 Riserva Montestefano PRODUTTORI DEL BARBARESCO\"}]},{\"@type\":\"WebSite\",\"@id\":\"https:\\\/\\\/fonsvinum.com\\\/en\\\/#website\",\"url\":\"https:\\\/\\\/fonsvinum.com\\\/en\\\/\",\"name\":\"Fons Vinum\",\"description\":\"Vendita Vino Online\",\"publisher\":{\"@id\":\"https:\\\/\\\/fonsvinum.com\\\/en\\\/#organization\"},\"potentialAction\":[{\"@type\":\"SearchAction\",\"target\":{\"@type\":\"EntryPoint\",\"urlTemplate\":\"https:\\\/\\\/fonsvinum.com\\\/en\\\/?s={search_term_string}\"},\"query-input\":{\"@type\":\"PropertyValueSpecification\",\"valueRequired\":true,\"valueName\":\"search_term_string\"}}],\"inLanguage\":\"de\"},{\"@type\":\"Organization\",\"@id\":\"https:\\\/\\\/fonsvinum.com\\\/en\\\/#organization\",\"name\":\"Fons Vinum\",\"url\":\"https:\\\/\\\/fonsvinum.com\\\/en\\\/\",\"logo\":{\"@type\":\"ImageObject\",\"inLanguage\":\"de\",\"@id\":\"https:\\\/\\\/fonsvinum.com\\\/en\\\/#\\\/schema\\\/logo\\\/image\\\/\",\"url\":\"\",\"contentUrl\":\"\",\"caption\":\"Fons Vinum\"},\"image\":{\"@id\":\"https:\\\/\\\/fonsvinum.com\\\/en\\\/#\\\/schema\\\/logo\\\/image\\\/\"}}]}<\/script>\n<!-- \/ Yoast SEO plugin. -->","yoast_head_json":{"title":"Riserva 2014 Montestefano PRODUTTORI DEL BARBARESCO","description":"Barbaresco 2014 Riserva Montestefano PRODUTTORI DEL BARBARESCO. Der Barbaresco ist von dunkelroter Farbe mit orangen Reflexen.","robots":{"index":"index","follow":"follow","max-snippet":"max-snippet:-1","max-image-preview":"max-image-preview:large","max-video-preview":"max-video-preview:-1"},"canonical":"https:\/\/fonsvinum.com\/de\/produkt\/barbaresco-2014-riserva-montestefano-produttori-del-barbaresco\/","og_locale":"de_DE","og_type":"article","og_title":"Riserva 2014 Montestefano PRODUTTORI DEL BARBARESCO","og_description":"Barbaresco 2014 Riserva Montestefano PRODUTTORI DEL BARBARESCO. Der Barbaresco ist von dunkelroter Farbe mit orangen Reflexen.","og_url":"https:\/\/fonsvinum.com\/de\/produkt\/barbaresco-2014-riserva-montestefano-produttori-del-barbaresco\/","og_site_name":"Fons Vinum","article_modified_time":"2019-06-20T08:30:18+00:00","og_image":[{"width":157,"height":500,"url":"https:\/\/fonsvinum.com\/files\/2013\/04\/barbaresco-produttori-riserva-montestefano.png","type":"image\/png"}],"twitter_misc":{"Gesch\u00e4tzte Lesezeit":"1\u00a0Minute"},"schema":{"@context":"https:\/\/schema.org","@graph":[{"@type":"WebPage","@id":"https:\/\/fonsvinum.com\/de\/produkt\/barbaresco-2014-riserva-montestefano-produttori-del-barbaresco\/","url":"https:\/\/fonsvinum.com\/de\/produkt\/barbaresco-2014-riserva-montestefano-produttori-del-barbaresco\/","name":"Riserva 2014 Montestefano PRODUTTORI DEL BARBARESCO","isPartOf":{"@id":"https:\/\/fonsvinum.com\/en\/#website"},"primaryImageOfPage":{"@id":"https:\/\/fonsvinum.com\/de\/produkt\/barbaresco-2014-riserva-montestefano-produttori-del-barbaresco\/#primaryimage"},"image":{"@id":"https:\/\/fonsvinum.com\/de\/produkt\/barbaresco-2014-riserva-montestefano-produttori-del-barbaresco\/#primaryimage"},"thumbnailUrl":"https:\/\/fonsvinum.com\/files\/2013\/04\/barbaresco-produttori-riserva-montestefano.png","datePublished":"2016-03-10T15:31:01+00:00","dateModified":"2019-06-20T08:30:18+00:00","description":"Barbaresco 2014 Riserva Montestefano PRODUTTORI DEL BARBARESCO. Der Barbaresco ist von dunkelroter Farbe mit orangen Reflexen.","breadcrumb":{"@id":"https:\/\/fonsvinum.com\/de\/produkt\/barbaresco-2014-riserva-montestefano-produttori-del-barbaresco\/#breadcrumb"},"inLanguage":"de","potentialAction":[{"@type":"ReadAction","target":["https:\/\/fonsvinum.com\/de\/produkt\/barbaresco-2014-riserva-montestefano-produttori-del-barbaresco\/"]}]},{"@type":"ImageObject","inLanguage":"de","@id":"https:\/\/fonsvinum.com\/de\/produkt\/barbaresco-2014-riserva-montestefano-produttori-del-barbaresco\/#primaryimage","url":"https:\/\/fonsvinum.com\/files\/2013\/04\/barbaresco-produttori-riserva-montestefano.png","contentUrl":"https:\/\/fonsvinum.com\/files\/2013\/04\/barbaresco-produttori-riserva-montestefano.png","width":157,"height":500,"caption":"PRODUTTORI DEL BARBARESCO Barbaresco Riserva Montestefano 2019 Magnum"},{"@type":"BreadcrumbList","@id":"https:\/\/fonsvinum.com\/de\/produkt\/barbaresco-2014-riserva-montestefano-produttori-del-barbaresco\/#breadcrumb","itemListElement":[{"@type":"ListItem","position":1,"name":"Startseite","item":"https:\/\/fonsvinum.com\/de\/"},{"@type":"ListItem","position":2,"name":"Shop","item":"https:\/\/fonsvinum.com\/de\/shop\/"},{"@type":"ListItem","position":3,"name":"Barbaresco 2014 Riserva Montestefano PRODUTTORI DEL BARBARESCO"}]},{"@type":"WebSite","@id":"https:\/\/fonsvinum.com\/en\/#website","url":"https:\/\/fonsvinum.com\/en\/","name":"Fons Vinum","description":"Vendita Vino Online","publisher":{"@id":"https:\/\/fonsvinum.com\/en\/#organization"},"potentialAction":[{"@type":"SearchAction","target":{"@type":"EntryPoint","urlTemplate":"https:\/\/fonsvinum.com\/en\/?s={search_term_string}"},"query-input":{"@type":"PropertyValueSpecification","valueRequired":true,"valueName":"search_term_string"}}],"inLanguage":"de"},{"@type":"Organization","@id":"https:\/\/fonsvinum.com\/en\/#organization","name":"Fons Vinum","url":"https:\/\/fonsvinum.com\/en\/","logo":{"@type":"ImageObject","inLanguage":"de","@id":"https:\/\/fonsvinum.com\/en\/#\/schema\/logo\/image\/","url":"","contentUrl":"","caption":"Fons Vinum"},"image":{"@id":"https:\/\/fonsvinum.com\/en\/#\/schema\/logo\/image\/"}}]}},"acf":[],"_links":{"self":[{"href":"https:\/\/fonsvinum.com\/de\/wp-json\/wp\/v2\/product\/7939","targetHints":{"allow":["GET"]}}],"collection":[{"href":"https:\/\/fonsvinum.com\/de\/wp-json\/wp\/v2\/product"}],"about":[{"href":"https:\/\/fonsvinum.com\/de\/wp-json\/wp\/v2\/types\/product"}],"replies":[{"embeddable":true,"href":"https:\/\/fonsvinum.com\/de\/wp-json\/wp\/v2\/comments?post=7939"}],"wp:featuredmedia":[{"embeddable":true,"href":"https:\/\/fonsvinum.com\/de\/wp-json\/wp\/v2\/media\/7895"}],"wp:attachment":[{"href":"https:\/\/fonsvinum.com\/de\/wp-json\/wp\/v2\/media?parent=7939"}],"wp:term":[{"taxonomy":"product_brand","embeddable":true,"href":"https:\/\/fonsvinum.com\/de\/wp-json\/wp\/v2\/product_brand?post=7939"},{"taxonomy":"product_cat","embeddable":true,"href":"https:\/\/fonsvinum.com\/de\/wp-json\/wp\/v2\/product_cat?post=7939"},{"taxonomy":"product_tag","embeddable":true,"href":"https:\/\/fonsvinum.com\/de\/wp-json\/wp\/v2\/product_tag?post=7939"}],"curies":[{"name":"wp","href":"https:\/\/api.w.org\/{rel}","templated":true}]}}