{"id":7595,"date":"2016-02-04T15:19:24","date_gmt":"2016-02-04T14:19:24","guid":{"rendered":"http:\/\/fonsvinum.com\/de\/produkt\/barolo-monprivato-mascarello-giuseppe-2009\/"},"modified":"2022-02-03T14:42:13","modified_gmt":"2022-02-03T13:42:13","slug":"giuseppe-mascarello-monprivato-barolo-2009","status":"publish","type":"product","link":"https:\/\/fonsvinum.com\/de\/produkt\/giuseppe-mascarello-monprivato-barolo-2009\/","title":{"rendered":"GIUSEPPE MASCARELLO Monprivato Barolo 2009"},"content":{"rendered":"<h2><a href=\"https:\/\/fonsvinum.com\/de\/attributes\/producer\/giuseppe-mascarello-de\/\">GIUSEPPE MASCARELLO<\/a> Monprivato Barolo 2009<\/h2>\n<p>GIUSEPPE MASCARELLO Monprivato <a href=\"https:\/\/www.shopinlanghe.com\/sellers?render_type=sellerview&amp;id_seller=5\">Barolo<\/a> 2009<\/p>\n<p>Der Wein w\u00e4chst in Castiglione Faletto in einer 6,3 Hektar gro\u00dfen Monopollage.\u00a0Zu 100% Kalkstein und etwas Kreide, das Hammerterroir f\u00fcr Komplexit\u00e4t, Eleganz und Feinheit. In Edelstahl fermentierter Wein, Ausbau in gro\u00dfen Holzf\u00e4ssern. Traditionell eben.\u00a0Mittleres Rubinrot, gl\u00e4nzend und extrem duftig. Blumig, Lavendel, Veilchen, Pfingstrose, Hagebutte und dann erst langsam s\u00fc\u00dfe rote Kirsche.<\/p>\n<p>Bet\u00f6rend und ultracharmant!<\/p>\n<p><iframe loading=\"lazy\" title=\"2007 Mascarello Monprivato tasting 4 Oct 2011 004 mout\" width=\"500\" height=\"281\" src=\"https:\/\/www.youtube.com\/embed\/QWDz0-5TZwg?feature=oembed\" frameborder=\"0\" allow=\"accelerometer; autoplay; clipboard-write; encrypted-media; gyroscope; picture-in-picture; web-share\" referrerpolicy=\"strict-origin-when-cross-origin\" allowfullscreen><\/iframe><\/p>\n","protected":false},"excerpt":{"rendered":"<p>GIUSEPPE MASCARELLO Monprivato Barolo 2009 GIUSEPPE MASCARELLO Monprivato Barolo 2009 Der Wein w\u00e4chst in Castiglione Faletto in einer 6,3 Hektar gro\u00dfen Monopollage.\u00a0Zu 100% Kalkstein und etwas Kreide, das Hammerterroir f\u00fcr Komplexit\u00e4t, Eleganz und Feinheit. In Edelstahl fermentierter Wein, Ausbau in gro\u00dfen Holzf\u00e4ssern. Traditionell eben.\u00a0Mittleres Rubinrot, gl\u00e4nzend und extrem duftig. Blumig, Lavendel, Veilchen, Pfingstrose, Hagebutte und [&hellip;]<\/p>\n","protected":false},"featured_media":36710,"comment_status":"open","ping_status":"closed","template":"","meta":{"_acf_changed":false,"_monsterinsights_skip_tracking":false,"_monsterinsights_sitenote_active":false,"_monsterinsights_sitenote_note":"","_monsterinsights_sitenote_category":0},"product_brand":[],"product_cat":[1824],"product_tag":[1751],"class_list":{"0":"post-7595","1":"product","2":"type-product","3":"status-publish","4":"has-post-thumbnail","6":"product_cat-barolo-de","7":"product_tag-aussergewoehnliche-weine-aus-italien-de","8":"pa_appellation-barolo-docg-de","9":"pa_formato-0-75-l-flasche-de","10":"pa_producer-giuseppe-mascarello-de","11":"pa_region-piemont-de","12":"pa_vine-100-nebbiolo-de","13":"pa_vintage-2009-de","15":"first","16":"outofstock","17":"taxable","18":"shipping-taxable","19":"purchasable","20":"product-type-simple"},"bundled_by":[],"bundle_stock_status":"outofstock","bundle_stock_quantity":0,"bundle_virtual":false,"bundle_layout":"","bundle_add_to_cart_form_location":"","bundle_editable_in_cart":false,"bundle_sold_individually_context":"","bundle_item_grouping":"","bundle_min_size":"","bundle_max_size":"","bundle_price":[],"bundled_items":[],"bundle_sell_ids":[],"yoast_head":"<!-- This site is optimized with the Yoast SEO plugin v27.2 - https:\/\/yoast.com\/product\/yoast-seo-wordpress\/ -->\n<title>GIUSEPPE MASCARELLO Monprivato Barolo 2009 | FonsVinum<\/title>\n<meta name=\"description\" content=\"GIUSEPPE MASCARELLO Monprivato Barolo 2009\" \/>\n<meta name=\"robots\" content=\"index, follow, max-snippet:-1, max-image-preview:large, max-video-preview:-1\" \/>\n<link rel=\"canonical\" href=\"https:\/\/fonsvinum.com\/de\/produkt\/giuseppe-mascarello-monprivato-barolo-2009\/\" \/>\n<meta property=\"og:locale\" content=\"de_DE\" \/>\n<meta property=\"og:type\" content=\"article\" \/>\n<meta property=\"og:title\" content=\"GIUSEPPE MASCARELLO Monprivato Barolo 2009 | FonsVinum\" \/>\n<meta property=\"og:description\" content=\"GIUSEPPE MASCARELLO Monprivato Barolo 2009\" \/>\n<meta property=\"og:url\" content=\"https:\/\/fonsvinum.com\/de\/produkt\/giuseppe-mascarello-monprivato-barolo-2009\/\" \/>\n<meta property=\"og:site_name\" content=\"Fons Vinum\" \/>\n<meta property=\"article:modified_time\" content=\"2022-02-03T13:42:13+00:00\" \/>\n<meta property=\"og:image\" content=\"https:\/\/fonsvinum.com\/files\/2016\/02\/barolo-monprivato-giuseppe-mascarello.jpg\" \/>\n\t<meta property=\"og:image:width\" content=\"200\" \/>\n\t<meta property=\"og:image:height\" content=\"600\" \/>\n\t<meta property=\"og:image:type\" content=\"image\/jpeg\" \/>\n<meta name=\"twitter:label1\" content=\"Gesch\u00e4tzte Lesezeit\" \/>\n\t<meta name=\"twitter:data1\" content=\"1\u00a0Minute\" \/>\n<script type=\"application\/ld+json\" class=\"yoast-schema-graph\">{\"@context\":\"https:\/\/schema.org\",\"@graph\":[{\"@type\":\"WebPage\",\"@id\":\"https:\/\/fonsvinum.com\/de\/produkt\/giuseppe-mascarello-monprivato-barolo-2009\/\",\"url\":\"https:\/\/fonsvinum.com\/de\/produkt\/giuseppe-mascarello-monprivato-barolo-2009\/\",\"name\":\"GIUSEPPE MASCARELLO Monprivato Barolo 2009 | FonsVinum\",\"isPartOf\":{\"@id\":\"https:\/\/fonsvinum.com\/en\/#website\"},\"primaryImageOfPage\":{\"@id\":\"https:\/\/fonsvinum.com\/de\/produkt\/giuseppe-mascarello-monprivato-barolo-2009\/#primaryimage\"},\"image\":{\"@id\":\"https:\/\/fonsvinum.com\/de\/produkt\/giuseppe-mascarello-monprivato-barolo-2009\/#primaryimage\"},\"thumbnailUrl\":\"https:\/\/fonsvinum.com\/files\/2016\/02\/barolo-monprivato-giuseppe-mascarello.jpg\",\"datePublished\":\"2016-02-04T14:19:24+00:00\",\"dateModified\":\"2022-02-03T13:42:13+00:00\",\"description\":\"GIUSEPPE MASCARELLO Monprivato Barolo 2009\",\"breadcrumb\":{\"@id\":\"https:\/\/fonsvinum.com\/de\/produkt\/giuseppe-mascarello-monprivato-barolo-2009\/#breadcrumb\"},\"inLanguage\":\"de\",\"potentialAction\":[{\"@type\":\"ReadAction\",\"target\":[\"https:\/\/fonsvinum.com\/de\/produkt\/giuseppe-mascarello-monprivato-barolo-2009\/\"]}]},{\"@type\":\"ImageObject\",\"inLanguage\":\"de\",\"@id\":\"https:\/\/fonsvinum.com\/de\/produkt\/giuseppe-mascarello-monprivato-barolo-2009\/#primaryimage\",\"url\":\"https:\/\/fonsvinum.com\/files\/2016\/02\/barolo-monprivato-giuseppe-mascarello.jpg\",\"contentUrl\":\"https:\/\/fonsvinum.com\/files\/2016\/02\/barolo-monprivato-giuseppe-mascarello.jpg\",\"width\":200,\"height\":600},{\"@type\":\"BreadcrumbList\",\"@id\":\"https:\/\/fonsvinum.com\/de\/produkt\/giuseppe-mascarello-monprivato-barolo-2009\/#breadcrumb\",\"itemListElement\":[{\"@type\":\"ListItem\",\"position\":1,\"name\":\"Startseite\",\"item\":\"https:\/\/fonsvinum.com\/de\/\"},{\"@type\":\"ListItem\",\"position\":2,\"name\":\"Shop\",\"item\":\"https:\/\/fonsvinum.com\/de\/shop\/\"},{\"@type\":\"ListItem\",\"position\":3,\"name\":\"GIUSEPPE MASCARELLO Monprivato Barolo 2009\"}]},{\"@type\":\"WebSite\",\"@id\":\"https:\/\/fonsvinum.com\/en\/#website\",\"url\":\"https:\/\/fonsvinum.com\/en\/\",\"name\":\"Fons Vinum\",\"description\":\"Vendita Vino Online\",\"publisher\":{\"@id\":\"https:\/\/fonsvinum.com\/en\/#organization\"},\"potentialAction\":[{\"@type\":\"SearchAction\",\"target\":{\"@type\":\"EntryPoint\",\"urlTemplate\":\"https:\/\/fonsvinum.com\/en\/?s={search_term_string}\"},\"query-input\":{\"@type\":\"PropertyValueSpecification\",\"valueRequired\":true,\"valueName\":\"search_term_string\"}}],\"inLanguage\":\"de\"},{\"@type\":\"Organization\",\"@id\":\"https:\/\/fonsvinum.com\/en\/#organization\",\"name\":\"Fons Vinum\",\"url\":\"https:\/\/fonsvinum.com\/en\/\",\"logo\":{\"@type\":\"ImageObject\",\"inLanguage\":\"de\",\"@id\":\"https:\/\/fonsvinum.com\/en\/#\/schema\/logo\/image\/\",\"url\":\"\",\"contentUrl\":\"\",\"caption\":\"Fons Vinum\"},\"image\":{\"@id\":\"https:\/\/fonsvinum.com\/en\/#\/schema\/logo\/image\/\"}}]}<\/script>\n<!-- \/ Yoast SEO plugin. -->","yoast_head_json":{"title":"GIUSEPPE MASCARELLO Monprivato Barolo 2009 | FonsVinum","description":"GIUSEPPE MASCARELLO Monprivato Barolo 2009","robots":{"index":"index","follow":"follow","max-snippet":"max-snippet:-1","max-image-preview":"max-image-preview:large","max-video-preview":"max-video-preview:-1"},"canonical":"https:\/\/fonsvinum.com\/de\/produkt\/giuseppe-mascarello-monprivato-barolo-2009\/","og_locale":"de_DE","og_type":"article","og_title":"GIUSEPPE MASCARELLO Monprivato Barolo 2009 | FonsVinum","og_description":"GIUSEPPE MASCARELLO Monprivato Barolo 2009","og_url":"https:\/\/fonsvinum.com\/de\/produkt\/giuseppe-mascarello-monprivato-barolo-2009\/","og_site_name":"Fons Vinum","article_modified_time":"2022-02-03T13:42:13+00:00","og_image":[{"width":200,"height":600,"url":"https:\/\/fonsvinum.com\/files\/2016\/02\/barolo-monprivato-giuseppe-mascarello.jpg","type":"image\/jpeg"}],"twitter_misc":{"Gesch\u00e4tzte Lesezeit":"1\u00a0Minute"},"schema":{"@context":"https:\/\/schema.org","@graph":[{"@type":"WebPage","@id":"https:\/\/fonsvinum.com\/de\/produkt\/giuseppe-mascarello-monprivato-barolo-2009\/","url":"https:\/\/fonsvinum.com\/de\/produkt\/giuseppe-mascarello-monprivato-barolo-2009\/","name":"GIUSEPPE MASCARELLO Monprivato Barolo 2009 | FonsVinum","isPartOf":{"@id":"https:\/\/fonsvinum.com\/en\/#website"},"primaryImageOfPage":{"@id":"https:\/\/fonsvinum.com\/de\/produkt\/giuseppe-mascarello-monprivato-barolo-2009\/#primaryimage"},"image":{"@id":"https:\/\/fonsvinum.com\/de\/produkt\/giuseppe-mascarello-monprivato-barolo-2009\/#primaryimage"},"thumbnailUrl":"https:\/\/fonsvinum.com\/files\/2016\/02\/barolo-monprivato-giuseppe-mascarello.jpg","datePublished":"2016-02-04T14:19:24+00:00","dateModified":"2022-02-03T13:42:13+00:00","description":"GIUSEPPE MASCARELLO Monprivato Barolo 2009","breadcrumb":{"@id":"https:\/\/fonsvinum.com\/de\/produkt\/giuseppe-mascarello-monprivato-barolo-2009\/#breadcrumb"},"inLanguage":"de","potentialAction":[{"@type":"ReadAction","target":["https:\/\/fonsvinum.com\/de\/produkt\/giuseppe-mascarello-monprivato-barolo-2009\/"]}]},{"@type":"ImageObject","inLanguage":"de","@id":"https:\/\/fonsvinum.com\/de\/produkt\/giuseppe-mascarello-monprivato-barolo-2009\/#primaryimage","url":"https:\/\/fonsvinum.com\/files\/2016\/02\/barolo-monprivato-giuseppe-mascarello.jpg","contentUrl":"https:\/\/fonsvinum.com\/files\/2016\/02\/barolo-monprivato-giuseppe-mascarello.jpg","width":200,"height":600},{"@type":"BreadcrumbList","@id":"https:\/\/fonsvinum.com\/de\/produkt\/giuseppe-mascarello-monprivato-barolo-2009\/#breadcrumb","itemListElement":[{"@type":"ListItem","position":1,"name":"Startseite","item":"https:\/\/fonsvinum.com\/de\/"},{"@type":"ListItem","position":2,"name":"Shop","item":"https:\/\/fonsvinum.com\/de\/shop\/"},{"@type":"ListItem","position":3,"name":"GIUSEPPE MASCARELLO Monprivato Barolo 2009"}]},{"@type":"WebSite","@id":"https:\/\/fonsvinum.com\/en\/#website","url":"https:\/\/fonsvinum.com\/en\/","name":"Fons Vinum","description":"Vendita Vino Online","publisher":{"@id":"https:\/\/fonsvinum.com\/en\/#organization"},"potentialAction":[{"@type":"SearchAction","target":{"@type":"EntryPoint","urlTemplate":"https:\/\/fonsvinum.com\/en\/?s={search_term_string}"},"query-input":{"@type":"PropertyValueSpecification","valueRequired":true,"valueName":"search_term_string"}}],"inLanguage":"de"},{"@type":"Organization","@id":"https:\/\/fonsvinum.com\/en\/#organization","name":"Fons Vinum","url":"https:\/\/fonsvinum.com\/en\/","logo":{"@type":"ImageObject","inLanguage":"de","@id":"https:\/\/fonsvinum.com\/en\/#\/schema\/logo\/image\/","url":"","contentUrl":"","caption":"Fons Vinum"},"image":{"@id":"https:\/\/fonsvinum.com\/en\/#\/schema\/logo\/image\/"}}]}},"acf":[],"_links":{"self":[{"href":"https:\/\/fonsvinum.com\/de\/wp-json\/wp\/v2\/product\/7595","targetHints":{"allow":["GET"]}}],"collection":[{"href":"https:\/\/fonsvinum.com\/de\/wp-json\/wp\/v2\/product"}],"about":[{"href":"https:\/\/fonsvinum.com\/de\/wp-json\/wp\/v2\/types\/product"}],"replies":[{"embeddable":true,"href":"https:\/\/fonsvinum.com\/de\/wp-json\/wp\/v2\/comments?post=7595"}],"wp:featuredmedia":[{"embeddable":true,"href":"https:\/\/fonsvinum.com\/de\/wp-json\/wp\/v2\/media\/36710"}],"wp:attachment":[{"href":"https:\/\/fonsvinum.com\/de\/wp-json\/wp\/v2\/media?parent=7595"}],"wp:term":[{"taxonomy":"product_brand","embeddable":true,"href":"https:\/\/fonsvinum.com\/de\/wp-json\/wp\/v2\/product_brand?post=7595"},{"taxonomy":"product_cat","embeddable":true,"href":"https:\/\/fonsvinum.com\/de\/wp-json\/wp\/v2\/product_cat?post=7595"},{"taxonomy":"product_tag","embeddable":true,"href":"https:\/\/fonsvinum.com\/de\/wp-json\/wp\/v2\/product_tag?post=7595"}],"curies":[{"name":"wp","href":"https:\/\/api.w.org\/{rel}","templated":true}]}}