{"id":7313,"date":"2013-10-19T16:17:34","date_gmt":"2013-10-19T14:17:34","guid":{"rendered":"http:\/\/fonsvinum.com\/product\/barolo-bussia-2009-aldo-conterno-2\/"},"modified":"2016-05-24T10:38:22","modified_gmt":"2016-05-24T08:38:22","slug":"barolo-bussia-2009-aldo-conterno-2","status":"publish","type":"product","link":"https:\/\/fonsvinum.com\/de\/produkt\/barolo-bussia-2009-aldo-conterno-2\/","title":{"rendered":"Barolo BUSSIA 2011 Aldo Conterno"},"content":{"rendered":"<p>Barolo BUSSIA 2011 Aldo Conterno<\/p>\n<p>Bussia gilt als die beste Gro\u00dflage Monfortes, wie dieser Nebbiolo auch zeigt. Intensive Fruchtaromen von Johannisbeere, Sauerkirschev und Schlehe. Sehr elegant auf der Zunge und gute Kombination von Frucht, W\u00fcrze und Mineralik. Gute Balance von S\u00fc\u00dfe, S\u00e4ure, Frucht und Mineralik, bleibt lang am Gaumen.<\/p>\n","protected":false},"excerpt":{"rendered":"<p>Barolo BUSSIA 2011 Aldo Conterno Bussia gilt als die beste Gro\u00dflage Monfortes, wie dieser Nebbiolo auch zeigt. Intensive Fruchtaromen von Johannisbeere, Sauerkirschev und Schlehe. Sehr elegant auf der Zunge und gute Kombination von Frucht, W\u00fcrze und Mineralik. Gute Balance von S\u00fc\u00dfe, S\u00e4ure, Frucht und Mineralik, bleibt lang am Gaumen.<\/p>\n","protected":false},"featured_media":7311,"comment_status":"open","ping_status":"closed","template":"","meta":{"_acf_changed":false,"_monsterinsights_skip_tracking":false,"_monsterinsights_sitenote_active":false,"_monsterinsights_sitenote_note":"","_monsterinsights_sitenote_category":0},"product_brand":[],"product_cat":[1824],"product_tag":[15903],"class_list":{"0":"post-7313","1":"product","2":"type-product","3":"status-publish","4":"has-post-thumbnail","6":"product_cat-barolo-de","7":"product_tag-barolo-de","8":"pa_appellation-barolo-docg-de","9":"pa_formato-0-75-l-flasche-de","10":"pa_producer-aldo-conterno-de","11":"pa_region-piemont-de","12":"pa_vine-100-nebbiolo-de","13":"pa_vintage-2011-de","15":"first","16":"outofstock","17":"taxable","18":"shipping-taxable","19":"purchasable","20":"product-type-simple"},"bundled_by":[],"bundle_stock_status":"outofstock","bundle_stock_quantity":null,"bundle_virtual":false,"bundle_layout":"","bundle_add_to_cart_form_location":"","bundle_editable_in_cart":false,"bundle_sold_individually_context":"","bundle_item_grouping":"","bundle_min_size":"","bundle_max_size":"","bundle_price":[],"bundled_items":[],"bundle_sell_ids":[],"yoast_head":"<!-- This site is optimized with the Yoast SEO plugin v27.2 - https:\/\/yoast.com\/product\/yoast-seo-wordpress\/ -->\n<title>Buy Barolo BUSSIA 2011 Aldo Conterno wine online at 85.00 \u20ac | FonsVinum<\/title>\n<meta name=\"robots\" content=\"index, follow, max-snippet:-1, max-image-preview:large, max-video-preview:-1\" \/>\n<link rel=\"canonical\" href=\"https:\/\/fonsvinum.com\/de\/produkt\/barolo-bussia-2009-aldo-conterno-2\/\" \/>\n<meta property=\"og:locale\" content=\"de_DE\" \/>\n<meta property=\"og:type\" content=\"article\" \/>\n<meta property=\"og:title\" content=\"Buy Barolo BUSSIA 2011 Aldo Conterno wine online at 85.00 \u20ac | FonsVinum\" \/>\n<meta property=\"og:description\" content=\"Barolo BUSSIA 2011 Aldo Conterno Bussia gilt als die beste Gro\u00dflage Monfortes, wie dieser Nebbiolo auch zeigt. Intensive Fruchtaromen von Johannisbeere, Sauerkirschev und Schlehe. Sehr elegant auf der Zunge und gute Kombination von Frucht, W\u00fcrze und Mineralik. Gute Balance von S\u00fc\u00dfe, S\u00e4ure, Frucht und Mineralik, bleibt lang am Gaumen.\" \/>\n<meta property=\"og:url\" content=\"https:\/\/fonsvinum.com\/de\/produkt\/barolo-bussia-2009-aldo-conterno-2\/\" \/>\n<meta property=\"og:site_name\" content=\"Fons Vinum\" \/>\n<meta property=\"article:modified_time\" content=\"2016-05-24T08:38:22+00:00\" \/>\n<meta property=\"og:image\" content=\"https:\/\/fonsvinum.com\/files\/2013\/10\/barolo-bussia-aldo-conterno.png\" \/>\n\t<meta property=\"og:image:width\" content=\"200\" \/>\n\t<meta property=\"og:image:height\" content=\"600\" \/>\n\t<meta property=\"og:image:type\" content=\"image\/png\" \/>\n<script type=\"application\/ld+json\" class=\"yoast-schema-graph\">{\"@context\":\"https:\/\/schema.org\",\"@graph\":[{\"@type\":\"WebPage\",\"@id\":\"https:\/\/fonsvinum.com\/de\/produkt\/barolo-bussia-2009-aldo-conterno-2\/\",\"url\":\"https:\/\/fonsvinum.com\/de\/produkt\/barolo-bussia-2009-aldo-conterno-2\/\",\"name\":\"Buy Barolo BUSSIA 2011 Aldo Conterno wine online at 85.00 \u20ac | FonsVinum\",\"isPartOf\":{\"@id\":\"https:\/\/fonsvinum.com\/en\/#website\"},\"primaryImageOfPage\":{\"@id\":\"https:\/\/fonsvinum.com\/de\/produkt\/barolo-bussia-2009-aldo-conterno-2\/#primaryimage\"},\"image\":{\"@id\":\"https:\/\/fonsvinum.com\/de\/produkt\/barolo-bussia-2009-aldo-conterno-2\/#primaryimage\"},\"thumbnailUrl\":\"https:\/\/fonsvinum.com\/files\/2013\/10\/barolo-bussia-aldo-conterno.png\",\"datePublished\":\"2013-10-19T14:17:34+00:00\",\"dateModified\":\"2016-05-24T08:38:22+00:00\",\"breadcrumb\":{\"@id\":\"https:\/\/fonsvinum.com\/de\/produkt\/barolo-bussia-2009-aldo-conterno-2\/#breadcrumb\"},\"inLanguage\":\"de\",\"potentialAction\":[{\"@type\":\"ReadAction\",\"target\":[\"https:\/\/fonsvinum.com\/de\/produkt\/barolo-bussia-2009-aldo-conterno-2\/\"]}]},{\"@type\":\"ImageObject\",\"inLanguage\":\"de\",\"@id\":\"https:\/\/fonsvinum.com\/de\/produkt\/barolo-bussia-2009-aldo-conterno-2\/#primaryimage\",\"url\":\"https:\/\/fonsvinum.com\/files\/2013\/10\/barolo-bussia-aldo-conterno.png\",\"contentUrl\":\"https:\/\/fonsvinum.com\/files\/2013\/10\/barolo-bussia-aldo-conterno.png\",\"width\":200,\"height\":600},{\"@type\":\"BreadcrumbList\",\"@id\":\"https:\/\/fonsvinum.com\/de\/produkt\/barolo-bussia-2009-aldo-conterno-2\/#breadcrumb\",\"itemListElement\":[{\"@type\":\"ListItem\",\"position\":1,\"name\":\"Startseite\",\"item\":\"https:\/\/fonsvinum.com\/de\/\"},{\"@type\":\"ListItem\",\"position\":2,\"name\":\"Shop\",\"item\":\"https:\/\/fonsvinum.com\/de\/shop\/\"},{\"@type\":\"ListItem\",\"position\":3,\"name\":\"Barolo BUSSIA 2011 Aldo Conterno\"}]},{\"@type\":\"WebSite\",\"@id\":\"https:\/\/fonsvinum.com\/en\/#website\",\"url\":\"https:\/\/fonsvinum.com\/en\/\",\"name\":\"Fons Vinum\",\"description\":\"Vendita Vino Online\",\"publisher\":{\"@id\":\"https:\/\/fonsvinum.com\/en\/#organization\"},\"potentialAction\":[{\"@type\":\"SearchAction\",\"target\":{\"@type\":\"EntryPoint\",\"urlTemplate\":\"https:\/\/fonsvinum.com\/en\/?s={search_term_string}\"},\"query-input\":{\"@type\":\"PropertyValueSpecification\",\"valueRequired\":true,\"valueName\":\"search_term_string\"}}],\"inLanguage\":\"de\"},{\"@type\":\"Organization\",\"@id\":\"https:\/\/fonsvinum.com\/en\/#organization\",\"name\":\"Fons Vinum\",\"url\":\"https:\/\/fonsvinum.com\/en\/\",\"logo\":{\"@type\":\"ImageObject\",\"inLanguage\":\"de\",\"@id\":\"https:\/\/fonsvinum.com\/en\/#\/schema\/logo\/image\/\",\"url\":\"\",\"contentUrl\":\"\",\"caption\":\"Fons Vinum\"},\"image\":{\"@id\":\"https:\/\/fonsvinum.com\/en\/#\/schema\/logo\/image\/\"}}]}<\/script>\n<!-- \/ Yoast SEO plugin. -->","yoast_head_json":{"title":"Buy Barolo BUSSIA 2011 Aldo Conterno wine online at 85.00 \u20ac | FonsVinum","robots":{"index":"index","follow":"follow","max-snippet":"max-snippet:-1","max-image-preview":"max-image-preview:large","max-video-preview":"max-video-preview:-1"},"canonical":"https:\/\/fonsvinum.com\/de\/produkt\/barolo-bussia-2009-aldo-conterno-2\/","og_locale":"de_DE","og_type":"article","og_title":"Buy Barolo BUSSIA 2011 Aldo Conterno wine online at 85.00 \u20ac | FonsVinum","og_description":"Barolo BUSSIA 2011 Aldo Conterno Bussia gilt als die beste Gro\u00dflage Monfortes, wie dieser Nebbiolo auch zeigt. Intensive Fruchtaromen von Johannisbeere, Sauerkirschev und Schlehe. Sehr elegant auf der Zunge und gute Kombination von Frucht, W\u00fcrze und Mineralik. Gute Balance von S\u00fc\u00dfe, S\u00e4ure, Frucht und Mineralik, bleibt lang am Gaumen.","og_url":"https:\/\/fonsvinum.com\/de\/produkt\/barolo-bussia-2009-aldo-conterno-2\/","og_site_name":"Fons Vinum","article_modified_time":"2016-05-24T08:38:22+00:00","og_image":[{"width":200,"height":600,"url":"https:\/\/fonsvinum.com\/files\/2013\/10\/barolo-bussia-aldo-conterno.png","type":"image\/png"}],"schema":{"@context":"https:\/\/schema.org","@graph":[{"@type":"WebPage","@id":"https:\/\/fonsvinum.com\/de\/produkt\/barolo-bussia-2009-aldo-conterno-2\/","url":"https:\/\/fonsvinum.com\/de\/produkt\/barolo-bussia-2009-aldo-conterno-2\/","name":"Buy Barolo BUSSIA 2011 Aldo Conterno wine online at 85.00 \u20ac | FonsVinum","isPartOf":{"@id":"https:\/\/fonsvinum.com\/en\/#website"},"primaryImageOfPage":{"@id":"https:\/\/fonsvinum.com\/de\/produkt\/barolo-bussia-2009-aldo-conterno-2\/#primaryimage"},"image":{"@id":"https:\/\/fonsvinum.com\/de\/produkt\/barolo-bussia-2009-aldo-conterno-2\/#primaryimage"},"thumbnailUrl":"https:\/\/fonsvinum.com\/files\/2013\/10\/barolo-bussia-aldo-conterno.png","datePublished":"2013-10-19T14:17:34+00:00","dateModified":"2016-05-24T08:38:22+00:00","breadcrumb":{"@id":"https:\/\/fonsvinum.com\/de\/produkt\/barolo-bussia-2009-aldo-conterno-2\/#breadcrumb"},"inLanguage":"de","potentialAction":[{"@type":"ReadAction","target":["https:\/\/fonsvinum.com\/de\/produkt\/barolo-bussia-2009-aldo-conterno-2\/"]}]},{"@type":"ImageObject","inLanguage":"de","@id":"https:\/\/fonsvinum.com\/de\/produkt\/barolo-bussia-2009-aldo-conterno-2\/#primaryimage","url":"https:\/\/fonsvinum.com\/files\/2013\/10\/barolo-bussia-aldo-conterno.png","contentUrl":"https:\/\/fonsvinum.com\/files\/2013\/10\/barolo-bussia-aldo-conterno.png","width":200,"height":600},{"@type":"BreadcrumbList","@id":"https:\/\/fonsvinum.com\/de\/produkt\/barolo-bussia-2009-aldo-conterno-2\/#breadcrumb","itemListElement":[{"@type":"ListItem","position":1,"name":"Startseite","item":"https:\/\/fonsvinum.com\/de\/"},{"@type":"ListItem","position":2,"name":"Shop","item":"https:\/\/fonsvinum.com\/de\/shop\/"},{"@type":"ListItem","position":3,"name":"Barolo BUSSIA 2011 Aldo Conterno"}]},{"@type":"WebSite","@id":"https:\/\/fonsvinum.com\/en\/#website","url":"https:\/\/fonsvinum.com\/en\/","name":"Fons Vinum","description":"Vendita Vino Online","publisher":{"@id":"https:\/\/fonsvinum.com\/en\/#organization"},"potentialAction":[{"@type":"SearchAction","target":{"@type":"EntryPoint","urlTemplate":"https:\/\/fonsvinum.com\/en\/?s={search_term_string}"},"query-input":{"@type":"PropertyValueSpecification","valueRequired":true,"valueName":"search_term_string"}}],"inLanguage":"de"},{"@type":"Organization","@id":"https:\/\/fonsvinum.com\/en\/#organization","name":"Fons Vinum","url":"https:\/\/fonsvinum.com\/en\/","logo":{"@type":"ImageObject","inLanguage":"de","@id":"https:\/\/fonsvinum.com\/en\/#\/schema\/logo\/image\/","url":"","contentUrl":"","caption":"Fons Vinum"},"image":{"@id":"https:\/\/fonsvinum.com\/en\/#\/schema\/logo\/image\/"}}]}},"acf":[],"_links":{"self":[{"href":"https:\/\/fonsvinum.com\/de\/wp-json\/wp\/v2\/product\/7313","targetHints":{"allow":["GET"]}}],"collection":[{"href":"https:\/\/fonsvinum.com\/de\/wp-json\/wp\/v2\/product"}],"about":[{"href":"https:\/\/fonsvinum.com\/de\/wp-json\/wp\/v2\/types\/product"}],"replies":[{"embeddable":true,"href":"https:\/\/fonsvinum.com\/de\/wp-json\/wp\/v2\/comments?post=7313"}],"wp:featuredmedia":[{"embeddable":true,"href":"https:\/\/fonsvinum.com\/de\/wp-json\/wp\/v2\/media\/7311"}],"wp:attachment":[{"href":"https:\/\/fonsvinum.com\/de\/wp-json\/wp\/v2\/media?parent=7313"}],"wp:term":[{"taxonomy":"product_brand","embeddable":true,"href":"https:\/\/fonsvinum.com\/de\/wp-json\/wp\/v2\/product_brand?post=7313"},{"taxonomy":"product_cat","embeddable":true,"href":"https:\/\/fonsvinum.com\/de\/wp-json\/wp\/v2\/product_cat?post=7313"},{"taxonomy":"product_tag","embeddable":true,"href":"https:\/\/fonsvinum.com\/de\/wp-json\/wp\/v2\/product_tag?post=7313"}],"curies":[{"name":"wp","href":"https:\/\/api.w.org\/{rel}","templated":true}]}}