{"id":7157,"date":"2013-04-25T16:31:21","date_gmt":"2013-04-25T14:31:21","guid":{"rendered":"http:\/\/fonsvinum.com\/product\/bolgheri-superiore-doc-ornellaia-2010\/"},"modified":"2019-11-28T12:54:43","modified_gmt":"2019-11-28T11:54:43","slug":"bolgheri-superiore-doc-ornellaia-2010","status":"publish","type":"product","link":"https:\/\/fonsvinum.com\/de\/produkt\/bolgheri-superiore-doc-ornellaia-2010\/","title":{"rendered":"Bolgheri Superiore DOC ORNELLAIA 2010"},"content":{"rendered":"<p>Bolgheri Superiore DOC ORNELLAIA 2010<\/p>\n<p>Die legend\u00e4re Tenuta mit dem klangvollen Namen Ornellaia wurde f\u00fcr seine Spitzenweine schon mehrfach ausgezeichnet. 1998 wurde der Ornellaia vom Wine Spectator sogar zum \u201ebesten Wein der Welt\u201c gew\u00e4hlt. Der 2010er steht diesem Erfolg in nichts nach, aufgrund des sehr k\u00fchlen und sp\u00e4ten Jahrgangs ist er zu einem der elegantesten Weine der Geschichte Ornellaias geworden. Er zeigt sich in einem intensiven Rubin und entfaltet einen komplexen Aromenf\u00e4cher mit Noten von dunklen Beeren, Gew\u00fcrzen und Tabak. Im Mund ist er zart mit seidigen Tanninen und intensiver Frucht und Reinheit. Das lange Finale ist gepr\u00e4gt von einer wunderbar frischen Aromatik. Der Wein empfiehlt sich zu Rindfleisch, Kalb oder Wildgerichten. Asuzeichnungen: &#8211; Gambero Rosso 3 Gl\u00e4ser (2014) &#8211; Wine Advocate 97 von 100 Punkten (2013) &#8211; Wine Spectator 94 von 100 Punkten.<\/p>\n","protected":false},"excerpt":{"rendered":"<p>Bolgheri Superiore DOC ORNELLAIA 2010 Die legend\u00e4re Tenuta mit dem klangvollen Namen Ornellaia wurde f\u00fcr seine Spitzenweine schon mehrfach ausgezeichnet. 1998 wurde der Ornellaia vom Wine Spectator sogar zum \u201ebesten Wein der Welt\u201c gew\u00e4hlt. Der 2010er steht diesem Erfolg in nichts nach, aufgrund des sehr k\u00fchlen und sp\u00e4ten Jahrgangs ist er zu einem der elegantesten [&hellip;]<\/p>\n","protected":false},"featured_media":21297,"comment_status":"open","ping_status":"closed","template":"","meta":{"_acf_changed":false,"_monsterinsights_skip_tracking":false,"_monsterinsights_sitenote_active":false,"_monsterinsights_sitenote_note":"","_monsterinsights_sitenote_category":0},"product_brand":[],"product_cat":[1693],"product_tag":[1733],"class_list":{"0":"post-7157","1":"product","2":"type-product","3":"status-publish","4":"has-post-thumbnail","6":"product_cat-blend-2-de","7":"product_tag-aussergewoehnliche-weine-de","8":"pa_appellation-bolgheri-superiore-doc-de","9":"pa_formato-0-75-l-flasche-de","10":"pa_producer-tenuta-dellornellaia-de","11":"pa_region-toskana-de","12":"pa_vine-55-cabernet-sauvignon-27-merlot-14-cabernet-franc-4-petit-verdot-de","13":"pa_vintage-2010-de","15":"first","16":"instock","17":"taxable","18":"shipping-taxable","19":"purchasable","20":"product-type-simple"},"bundled_by":[],"bundle_stock_status":"instock","bundle_stock_quantity":3,"bundle_virtual":false,"bundle_layout":"","bundle_add_to_cart_form_location":"","bundle_editable_in_cart":false,"bundle_sold_individually_context":"","bundle_item_grouping":"","bundle_min_size":"","bundle_max_size":"","bundle_price":[],"bundled_items":[],"bundle_sell_ids":[],"yoast_head":"<!-- This site is optimized with the Yoast SEO plugin v27.3 - https:\/\/yoast.com\/product\/yoast-seo-wordpress\/ -->\n<title>Bolgheri Superiore DOC ORNELLAIA 2010<\/title>\n<meta name=\"description\" content=\"Bolgheri Superiore DOC ORNELLAIA 2010\" \/>\n<meta name=\"robots\" content=\"index, follow, max-snippet:-1, max-image-preview:large, max-video-preview:-1\" \/>\n<link rel=\"canonical\" href=\"https:\/\/fonsvinum.com\/de\/produkt\/bolgheri-superiore-doc-ornellaia-2010\/\" \/>\n<meta property=\"og:locale\" content=\"de_DE\" \/>\n<meta property=\"og:type\" content=\"article\" \/>\n<meta property=\"og:title\" content=\"Bolgheri Superiore DOC ORNELLAIA 2010\" \/>\n<meta property=\"og:description\" content=\"Bolgheri Superiore DOC ORNELLAIA 2010\" \/>\n<meta property=\"og:url\" content=\"https:\/\/fonsvinum.com\/de\/produkt\/bolgheri-superiore-doc-ornellaia-2010\/\" \/>\n<meta property=\"og:site_name\" content=\"Fons Vinum\" \/>\n<meta property=\"article:modified_time\" content=\"2019-11-28T11:54:43+00:00\" \/>\n<meta property=\"og:image\" content=\"https:\/\/fonsvinum.com\/files\/2013\/04\/Ornellaia-25-anniversario.png\" \/>\n\t<meta property=\"og:image:width\" content=\"650\" \/>\n\t<meta property=\"og:image:height\" content=\"750\" \/>\n\t<meta property=\"og:image:type\" content=\"image\/png\" \/>\n<meta name=\"twitter:label1\" content=\"Gesch\u00e4tzte Lesezeit\" \/>\n\t<meta name=\"twitter:data1\" content=\"1\u00a0Minute\" \/>\n<script type=\"application\/ld+json\" class=\"yoast-schema-graph\">{\"@context\":\"https:\\\/\\\/schema.org\",\"@graph\":[{\"@type\":\"WebPage\",\"@id\":\"https:\\\/\\\/fonsvinum.com\\\/de\\\/produkt\\\/bolgheri-superiore-doc-ornellaia-2010\\\/\",\"url\":\"https:\\\/\\\/fonsvinum.com\\\/de\\\/produkt\\\/bolgheri-superiore-doc-ornellaia-2010\\\/\",\"name\":\"Bolgheri Superiore DOC ORNELLAIA 2010\",\"isPartOf\":{\"@id\":\"https:\\\/\\\/fonsvinum.com\\\/en\\\/#website\"},\"primaryImageOfPage\":{\"@id\":\"https:\\\/\\\/fonsvinum.com\\\/de\\\/produkt\\\/bolgheri-superiore-doc-ornellaia-2010\\\/#primaryimage\"},\"image\":{\"@id\":\"https:\\\/\\\/fonsvinum.com\\\/de\\\/produkt\\\/bolgheri-superiore-doc-ornellaia-2010\\\/#primaryimage\"},\"thumbnailUrl\":\"https:\\\/\\\/fonsvinum.com\\\/files\\\/2013\\\/04\\\/Ornellaia-25-anniversario.png\",\"datePublished\":\"2013-04-25T14:31:21+00:00\",\"dateModified\":\"2019-11-28T11:54:43+00:00\",\"description\":\"Bolgheri Superiore DOC ORNELLAIA 2010\",\"breadcrumb\":{\"@id\":\"https:\\\/\\\/fonsvinum.com\\\/de\\\/produkt\\\/bolgheri-superiore-doc-ornellaia-2010\\\/#breadcrumb\"},\"inLanguage\":\"de\",\"potentialAction\":[{\"@type\":\"ReadAction\",\"target\":[\"https:\\\/\\\/fonsvinum.com\\\/de\\\/produkt\\\/bolgheri-superiore-doc-ornellaia-2010\\\/\"]}]},{\"@type\":\"ImageObject\",\"inLanguage\":\"de\",\"@id\":\"https:\\\/\\\/fonsvinum.com\\\/de\\\/produkt\\\/bolgheri-superiore-doc-ornellaia-2010\\\/#primaryimage\",\"url\":\"https:\\\/\\\/fonsvinum.com\\\/files\\\/2013\\\/04\\\/Ornellaia-25-anniversario.png\",\"contentUrl\":\"https:\\\/\\\/fonsvinum.com\\\/files\\\/2013\\\/04\\\/Ornellaia-25-anniversario.png\",\"width\":650,\"height\":750},{\"@type\":\"BreadcrumbList\",\"@id\":\"https:\\\/\\\/fonsvinum.com\\\/de\\\/produkt\\\/bolgheri-superiore-doc-ornellaia-2010\\\/#breadcrumb\",\"itemListElement\":[{\"@type\":\"ListItem\",\"position\":1,\"name\":\"Startseite\",\"item\":\"https:\\\/\\\/fonsvinum.com\\\/de\\\/\"},{\"@type\":\"ListItem\",\"position\":2,\"name\":\"Shop\",\"item\":\"https:\\\/\\\/fonsvinum.com\\\/de\\\/shop\\\/\"},{\"@type\":\"ListItem\",\"position\":3,\"name\":\"Bolgheri Superiore DOC ORNELLAIA 2010\"}]},{\"@type\":\"WebSite\",\"@id\":\"https:\\\/\\\/fonsvinum.com\\\/en\\\/#website\",\"url\":\"https:\\\/\\\/fonsvinum.com\\\/en\\\/\",\"name\":\"Fons Vinum\",\"description\":\"Vendita Vino Online\",\"publisher\":{\"@id\":\"https:\\\/\\\/fonsvinum.com\\\/en\\\/#organization\"},\"potentialAction\":[{\"@type\":\"SearchAction\",\"target\":{\"@type\":\"EntryPoint\",\"urlTemplate\":\"https:\\\/\\\/fonsvinum.com\\\/en\\\/?s={search_term_string}\"},\"query-input\":{\"@type\":\"PropertyValueSpecification\",\"valueRequired\":true,\"valueName\":\"search_term_string\"}}],\"inLanguage\":\"de\"},{\"@type\":\"Organization\",\"@id\":\"https:\\\/\\\/fonsvinum.com\\\/en\\\/#organization\",\"name\":\"Fons Vinum\",\"url\":\"https:\\\/\\\/fonsvinum.com\\\/en\\\/\",\"logo\":{\"@type\":\"ImageObject\",\"inLanguage\":\"de\",\"@id\":\"https:\\\/\\\/fonsvinum.com\\\/en\\\/#\\\/schema\\\/logo\\\/image\\\/\",\"url\":\"\",\"contentUrl\":\"\",\"caption\":\"Fons Vinum\"},\"image\":{\"@id\":\"https:\\\/\\\/fonsvinum.com\\\/en\\\/#\\\/schema\\\/logo\\\/image\\\/\"}}]}<\/script>\n<!-- \/ Yoast SEO plugin. -->","yoast_head_json":{"title":"Bolgheri Superiore DOC ORNELLAIA 2010","description":"Bolgheri Superiore DOC ORNELLAIA 2010","robots":{"index":"index","follow":"follow","max-snippet":"max-snippet:-1","max-image-preview":"max-image-preview:large","max-video-preview":"max-video-preview:-1"},"canonical":"https:\/\/fonsvinum.com\/de\/produkt\/bolgheri-superiore-doc-ornellaia-2010\/","og_locale":"de_DE","og_type":"article","og_title":"Bolgheri Superiore DOC ORNELLAIA 2010","og_description":"Bolgheri Superiore DOC ORNELLAIA 2010","og_url":"https:\/\/fonsvinum.com\/de\/produkt\/bolgheri-superiore-doc-ornellaia-2010\/","og_site_name":"Fons Vinum","article_modified_time":"2019-11-28T11:54:43+00:00","og_image":[{"width":650,"height":750,"url":"https:\/\/fonsvinum.com\/files\/2013\/04\/Ornellaia-25-anniversario.png","type":"image\/png"}],"twitter_misc":{"Gesch\u00e4tzte Lesezeit":"1\u00a0Minute"},"schema":{"@context":"https:\/\/schema.org","@graph":[{"@type":"WebPage","@id":"https:\/\/fonsvinum.com\/de\/produkt\/bolgheri-superiore-doc-ornellaia-2010\/","url":"https:\/\/fonsvinum.com\/de\/produkt\/bolgheri-superiore-doc-ornellaia-2010\/","name":"Bolgheri Superiore DOC ORNELLAIA 2010","isPartOf":{"@id":"https:\/\/fonsvinum.com\/en\/#website"},"primaryImageOfPage":{"@id":"https:\/\/fonsvinum.com\/de\/produkt\/bolgheri-superiore-doc-ornellaia-2010\/#primaryimage"},"image":{"@id":"https:\/\/fonsvinum.com\/de\/produkt\/bolgheri-superiore-doc-ornellaia-2010\/#primaryimage"},"thumbnailUrl":"https:\/\/fonsvinum.com\/files\/2013\/04\/Ornellaia-25-anniversario.png","datePublished":"2013-04-25T14:31:21+00:00","dateModified":"2019-11-28T11:54:43+00:00","description":"Bolgheri Superiore DOC ORNELLAIA 2010","breadcrumb":{"@id":"https:\/\/fonsvinum.com\/de\/produkt\/bolgheri-superiore-doc-ornellaia-2010\/#breadcrumb"},"inLanguage":"de","potentialAction":[{"@type":"ReadAction","target":["https:\/\/fonsvinum.com\/de\/produkt\/bolgheri-superiore-doc-ornellaia-2010\/"]}]},{"@type":"ImageObject","inLanguage":"de","@id":"https:\/\/fonsvinum.com\/de\/produkt\/bolgheri-superiore-doc-ornellaia-2010\/#primaryimage","url":"https:\/\/fonsvinum.com\/files\/2013\/04\/Ornellaia-25-anniversario.png","contentUrl":"https:\/\/fonsvinum.com\/files\/2013\/04\/Ornellaia-25-anniversario.png","width":650,"height":750},{"@type":"BreadcrumbList","@id":"https:\/\/fonsvinum.com\/de\/produkt\/bolgheri-superiore-doc-ornellaia-2010\/#breadcrumb","itemListElement":[{"@type":"ListItem","position":1,"name":"Startseite","item":"https:\/\/fonsvinum.com\/de\/"},{"@type":"ListItem","position":2,"name":"Shop","item":"https:\/\/fonsvinum.com\/de\/shop\/"},{"@type":"ListItem","position":3,"name":"Bolgheri Superiore DOC ORNELLAIA 2010"}]},{"@type":"WebSite","@id":"https:\/\/fonsvinum.com\/en\/#website","url":"https:\/\/fonsvinum.com\/en\/","name":"Fons Vinum","description":"Vendita Vino Online","publisher":{"@id":"https:\/\/fonsvinum.com\/en\/#organization"},"potentialAction":[{"@type":"SearchAction","target":{"@type":"EntryPoint","urlTemplate":"https:\/\/fonsvinum.com\/en\/?s={search_term_string}"},"query-input":{"@type":"PropertyValueSpecification","valueRequired":true,"valueName":"search_term_string"}}],"inLanguage":"de"},{"@type":"Organization","@id":"https:\/\/fonsvinum.com\/en\/#organization","name":"Fons Vinum","url":"https:\/\/fonsvinum.com\/en\/","logo":{"@type":"ImageObject","inLanguage":"de","@id":"https:\/\/fonsvinum.com\/en\/#\/schema\/logo\/image\/","url":"","contentUrl":"","caption":"Fons Vinum"},"image":{"@id":"https:\/\/fonsvinum.com\/en\/#\/schema\/logo\/image\/"}}]}},"acf":[],"_links":{"self":[{"href":"https:\/\/fonsvinum.com\/de\/wp-json\/wp\/v2\/product\/7157","targetHints":{"allow":["GET"]}}],"collection":[{"href":"https:\/\/fonsvinum.com\/de\/wp-json\/wp\/v2\/product"}],"about":[{"href":"https:\/\/fonsvinum.com\/de\/wp-json\/wp\/v2\/types\/product"}],"replies":[{"embeddable":true,"href":"https:\/\/fonsvinum.com\/de\/wp-json\/wp\/v2\/comments?post=7157"}],"wp:featuredmedia":[{"embeddable":true,"href":"https:\/\/fonsvinum.com\/de\/wp-json\/wp\/v2\/media\/21297"}],"wp:attachment":[{"href":"https:\/\/fonsvinum.com\/de\/wp-json\/wp\/v2\/media?parent=7157"}],"wp:term":[{"taxonomy":"product_brand","embeddable":true,"href":"https:\/\/fonsvinum.com\/de\/wp-json\/wp\/v2\/product_brand?post=7157"},{"taxonomy":"product_cat","embeddable":true,"href":"https:\/\/fonsvinum.com\/de\/wp-json\/wp\/v2\/product_cat?post=7157"},{"taxonomy":"product_tag","embeddable":true,"href":"https:\/\/fonsvinum.com\/de\/wp-json\/wp\/v2\/product_tag?post=7157"}],"curies":[{"name":"wp","href":"https:\/\/api.w.org\/{rel}","templated":true}]}}