{"id":7125,"date":"2013-04-25T16:31:20","date_gmt":"2013-04-25T14:31:20","guid":{"rendered":"http:\/\/fonsvinum.com\/product\/sassicaia-2008\/"},"modified":"2020-02-05T10:54:10","modified_gmt":"2020-02-05T09:54:10","slug":"sassicaia-2008","status":"publish","type":"product","link":"https:\/\/fonsvinum.com\/de\/produkt\/sassicaia-2008\/","title":{"rendered":"Sassicaia 2008"},"content":{"rendered":"<p>Sassicaia 2008<\/p>\n<p>Im Glas besitzt der Sassicaia 2008 eine purpurrote Farbe, in der schwarze Reflexe funkeln. Sein Bouquet verstr\u00f6mt ebenfalls eher dunkle Aromen \u2013 der Duft erinnert an Schwarze Johannisbeeren, Pfeffer, Kaffee und Schokolade, doch l\u00e4sst sich auch ein zarter Hauch von Vanille bemerken. Am &#8218; Gaumen wirkt der Rotwein sehr elegant, was auch auf die seidenen Tannine zur\u00fcckgeht. Insgesamt besitzt der Sassicaia 2008 einen s\u00fc\u00dflichen Charakter und wirkt noch lange nach.<\/p>\n","protected":false},"excerpt":{"rendered":"<p>Sassicaia 2008 Im Glas besitzt der Sassicaia 2008 eine purpurrote Farbe, in der schwarze Reflexe funkeln. Sein Bouquet verstr\u00f6mt ebenfalls eher dunkle Aromen \u2013 der Duft erinnert an Schwarze Johannisbeeren, Pfeffer, Kaffee und Schokolade, doch l\u00e4sst sich auch ein zarter Hauch von Vanille bemerken. Am &#8218; Gaumen wirkt der Rotwein sehr elegant, was auch auf [&hellip;]<\/p>\n","protected":false},"featured_media":32700,"comment_status":"open","ping_status":"closed","template":"","meta":{"_acf_changed":false,"_monsterinsights_skip_tracking":false,"_monsterinsights_sitenote_active":false,"_monsterinsights_sitenote_note":"","_monsterinsights_sitenote_category":0},"product_brand":[],"product_cat":[1732],"product_tag":[1733,1751,1745],"class_list":{"0":"post-7125","1":"product","2":"type-product","3":"status-publish","4":"has-post-thumbnail","6":"product_cat-cabernet-sauvignon-de","7":"product_tag-aussergewoehnliche-weine-de","8":"product_tag-aussergewoehnliche-weine-aus-italien-de","9":"product_tag-super-tuscan-de","10":"pa_appellation-bolgheri-sassicaia-doc-de","11":"pa_formato-0-75-l-flasche-de","12":"pa_producer-tenuta-san-guido-de","13":"pa_region-toskana-de","14":"pa_vine-85-cabernet-sauvignon-15-cabernet-franc-de","15":"pa_vintage-2008-de","17":"first","18":"outofstock","19":"taxable","20":"shipping-taxable","21":"purchasable","22":"product-type-simple"},"bundled_by":[],"bundle_stock_status":"outofstock","bundle_stock_quantity":0,"bundle_virtual":false,"bundle_layout":"","bundle_add_to_cart_form_location":"","bundle_editable_in_cart":false,"bundle_sold_individually_context":"","bundle_item_grouping":"","bundle_min_size":"","bundle_max_size":"","bundle_price":[],"bundled_items":[],"bundle_sell_ids":[],"yoast_head":"<!-- This site is optimized with the Yoast SEO plugin v27.2 - https:\/\/yoast.com\/product\/yoast-seo-wordpress\/ -->\n<title>Buy Sassicaia 2008 wine online at 590 \u20ac | FonsVinum<\/title>\n<meta name=\"robots\" content=\"index, follow, max-snippet:-1, max-image-preview:large, max-video-preview:-1\" \/>\n<link rel=\"canonical\" href=\"https:\/\/fonsvinum.com\/de\/produkt\/sassicaia-2008\/\" \/>\n<meta property=\"og:locale\" content=\"de_DE\" \/>\n<meta property=\"og:type\" content=\"article\" \/>\n<meta property=\"og:title\" content=\"Buy Sassicaia 2008 wine online at 590 \u20ac | FonsVinum\" \/>\n<meta property=\"og:description\" content=\"Sassicaia 2008 Im Glas besitzt der Sassicaia 2008 eine purpurrote Farbe, in der schwarze Reflexe funkeln. Sein Bouquet verstr\u00f6mt ebenfalls eher dunkle Aromen \u2013 der Duft erinnert an Schwarze Johannisbeeren, Pfeffer, Kaffee und Schokolade, doch l\u00e4sst sich auch ein zarter Hauch von Vanille bemerken. Am &#8218; Gaumen wirkt der Rotwein sehr elegant, was auch auf [&hellip;]\" \/>\n<meta property=\"og:url\" content=\"https:\/\/fonsvinum.com\/de\/produkt\/sassicaia-2008\/\" \/>\n<meta property=\"og:site_name\" content=\"Fons Vinum\" \/>\n<meta property=\"article:modified_time\" content=\"2020-02-05T09:54:10+00:00\" \/>\n<meta property=\"og:image\" content=\"https:\/\/fonsvinum.com\/files\/2014\/07\/sassicaia-tenuta-sa-guido.jpg\" \/>\n\t<meta property=\"og:image:width\" content=\"200\" \/>\n\t<meta property=\"og:image:height\" content=\"600\" \/>\n\t<meta property=\"og:image:type\" content=\"image\/jpeg\" \/>\n<script type=\"application\/ld+json\" class=\"yoast-schema-graph\">{\"@context\":\"https:\/\/schema.org\",\"@graph\":[{\"@type\":\"WebPage\",\"@id\":\"https:\/\/fonsvinum.com\/de\/produkt\/sassicaia-2008\/\",\"url\":\"https:\/\/fonsvinum.com\/de\/produkt\/sassicaia-2008\/\",\"name\":\"Buy Sassicaia 2008 wine online at 590 \u20ac | FonsVinum\",\"isPartOf\":{\"@id\":\"https:\/\/fonsvinum.com\/en\/#website\"},\"primaryImageOfPage\":{\"@id\":\"https:\/\/fonsvinum.com\/de\/produkt\/sassicaia-2008\/#primaryimage\"},\"image\":{\"@id\":\"https:\/\/fonsvinum.com\/de\/produkt\/sassicaia-2008\/#primaryimage\"},\"thumbnailUrl\":\"https:\/\/fonsvinum.com\/files\/2014\/07\/sassicaia-tenuta-sa-guido.jpg\",\"datePublished\":\"2013-04-25T14:31:20+00:00\",\"dateModified\":\"2020-02-05T09:54:10+00:00\",\"breadcrumb\":{\"@id\":\"https:\/\/fonsvinum.com\/de\/produkt\/sassicaia-2008\/#breadcrumb\"},\"inLanguage\":\"de\",\"potentialAction\":[{\"@type\":\"ReadAction\",\"target\":[\"https:\/\/fonsvinum.com\/de\/produkt\/sassicaia-2008\/\"]}]},{\"@type\":\"ImageObject\",\"inLanguage\":\"de\",\"@id\":\"https:\/\/fonsvinum.com\/de\/produkt\/sassicaia-2008\/#primaryimage\",\"url\":\"https:\/\/fonsvinum.com\/files\/2014\/07\/sassicaia-tenuta-sa-guido.jpg\",\"contentUrl\":\"https:\/\/fonsvinum.com\/files\/2014\/07\/sassicaia-tenuta-sa-guido.jpg\",\"width\":200,\"height\":600},{\"@type\":\"BreadcrumbList\",\"@id\":\"https:\/\/fonsvinum.com\/de\/produkt\/sassicaia-2008\/#breadcrumb\",\"itemListElement\":[{\"@type\":\"ListItem\",\"position\":1,\"name\":\"Startseite\",\"item\":\"https:\/\/fonsvinum.com\/de\/\"},{\"@type\":\"ListItem\",\"position\":2,\"name\":\"Shop\",\"item\":\"https:\/\/fonsvinum.com\/de\/shop\/\"},{\"@type\":\"ListItem\",\"position\":3,\"name\":\"Sassicaia 2008\"}]},{\"@type\":\"WebSite\",\"@id\":\"https:\/\/fonsvinum.com\/en\/#website\",\"url\":\"https:\/\/fonsvinum.com\/en\/\",\"name\":\"Fons Vinum\",\"description\":\"Vendita Vino Online\",\"publisher\":{\"@id\":\"https:\/\/fonsvinum.com\/en\/#organization\"},\"potentialAction\":[{\"@type\":\"SearchAction\",\"target\":{\"@type\":\"EntryPoint\",\"urlTemplate\":\"https:\/\/fonsvinum.com\/en\/?s={search_term_string}\"},\"query-input\":{\"@type\":\"PropertyValueSpecification\",\"valueRequired\":true,\"valueName\":\"search_term_string\"}}],\"inLanguage\":\"de\"},{\"@type\":\"Organization\",\"@id\":\"https:\/\/fonsvinum.com\/en\/#organization\",\"name\":\"Fons Vinum\",\"url\":\"https:\/\/fonsvinum.com\/en\/\",\"logo\":{\"@type\":\"ImageObject\",\"inLanguage\":\"de\",\"@id\":\"https:\/\/fonsvinum.com\/en\/#\/schema\/logo\/image\/\",\"url\":\"\",\"contentUrl\":\"\",\"caption\":\"Fons Vinum\"},\"image\":{\"@id\":\"https:\/\/fonsvinum.com\/en\/#\/schema\/logo\/image\/\"}}]}<\/script>\n<!-- \/ Yoast SEO plugin. -->","yoast_head_json":{"title":"Buy Sassicaia 2008 wine online at 590 \u20ac | FonsVinum","robots":{"index":"index","follow":"follow","max-snippet":"max-snippet:-1","max-image-preview":"max-image-preview:large","max-video-preview":"max-video-preview:-1"},"canonical":"https:\/\/fonsvinum.com\/de\/produkt\/sassicaia-2008\/","og_locale":"de_DE","og_type":"article","og_title":"Buy Sassicaia 2008 wine online at 590 \u20ac | FonsVinum","og_description":"Sassicaia 2008 Im Glas besitzt der Sassicaia 2008 eine purpurrote Farbe, in der schwarze Reflexe funkeln. Sein Bouquet verstr\u00f6mt ebenfalls eher dunkle Aromen \u2013 der Duft erinnert an Schwarze Johannisbeeren, Pfeffer, Kaffee und Schokolade, doch l\u00e4sst sich auch ein zarter Hauch von Vanille bemerken. Am &#8218; Gaumen wirkt der Rotwein sehr elegant, was auch auf [&hellip;]","og_url":"https:\/\/fonsvinum.com\/de\/produkt\/sassicaia-2008\/","og_site_name":"Fons Vinum","article_modified_time":"2020-02-05T09:54:10+00:00","og_image":[{"width":200,"height":600,"url":"https:\/\/fonsvinum.com\/files\/2014\/07\/sassicaia-tenuta-sa-guido.jpg","type":"image\/jpeg"}],"schema":{"@context":"https:\/\/schema.org","@graph":[{"@type":"WebPage","@id":"https:\/\/fonsvinum.com\/de\/produkt\/sassicaia-2008\/","url":"https:\/\/fonsvinum.com\/de\/produkt\/sassicaia-2008\/","name":"Buy Sassicaia 2008 wine online at 590 \u20ac | FonsVinum","isPartOf":{"@id":"https:\/\/fonsvinum.com\/en\/#website"},"primaryImageOfPage":{"@id":"https:\/\/fonsvinum.com\/de\/produkt\/sassicaia-2008\/#primaryimage"},"image":{"@id":"https:\/\/fonsvinum.com\/de\/produkt\/sassicaia-2008\/#primaryimage"},"thumbnailUrl":"https:\/\/fonsvinum.com\/files\/2014\/07\/sassicaia-tenuta-sa-guido.jpg","datePublished":"2013-04-25T14:31:20+00:00","dateModified":"2020-02-05T09:54:10+00:00","breadcrumb":{"@id":"https:\/\/fonsvinum.com\/de\/produkt\/sassicaia-2008\/#breadcrumb"},"inLanguage":"de","potentialAction":[{"@type":"ReadAction","target":["https:\/\/fonsvinum.com\/de\/produkt\/sassicaia-2008\/"]}]},{"@type":"ImageObject","inLanguage":"de","@id":"https:\/\/fonsvinum.com\/de\/produkt\/sassicaia-2008\/#primaryimage","url":"https:\/\/fonsvinum.com\/files\/2014\/07\/sassicaia-tenuta-sa-guido.jpg","contentUrl":"https:\/\/fonsvinum.com\/files\/2014\/07\/sassicaia-tenuta-sa-guido.jpg","width":200,"height":600},{"@type":"BreadcrumbList","@id":"https:\/\/fonsvinum.com\/de\/produkt\/sassicaia-2008\/#breadcrumb","itemListElement":[{"@type":"ListItem","position":1,"name":"Startseite","item":"https:\/\/fonsvinum.com\/de\/"},{"@type":"ListItem","position":2,"name":"Shop","item":"https:\/\/fonsvinum.com\/de\/shop\/"},{"@type":"ListItem","position":3,"name":"Sassicaia 2008"}]},{"@type":"WebSite","@id":"https:\/\/fonsvinum.com\/en\/#website","url":"https:\/\/fonsvinum.com\/en\/","name":"Fons Vinum","description":"Vendita Vino Online","publisher":{"@id":"https:\/\/fonsvinum.com\/en\/#organization"},"potentialAction":[{"@type":"SearchAction","target":{"@type":"EntryPoint","urlTemplate":"https:\/\/fonsvinum.com\/en\/?s={search_term_string}"},"query-input":{"@type":"PropertyValueSpecification","valueRequired":true,"valueName":"search_term_string"}}],"inLanguage":"de"},{"@type":"Organization","@id":"https:\/\/fonsvinum.com\/en\/#organization","name":"Fons Vinum","url":"https:\/\/fonsvinum.com\/en\/","logo":{"@type":"ImageObject","inLanguage":"de","@id":"https:\/\/fonsvinum.com\/en\/#\/schema\/logo\/image\/","url":"","contentUrl":"","caption":"Fons Vinum"},"image":{"@id":"https:\/\/fonsvinum.com\/en\/#\/schema\/logo\/image\/"}}]}},"acf":[],"_links":{"self":[{"href":"https:\/\/fonsvinum.com\/de\/wp-json\/wp\/v2\/product\/7125","targetHints":{"allow":["GET"]}}],"collection":[{"href":"https:\/\/fonsvinum.com\/de\/wp-json\/wp\/v2\/product"}],"about":[{"href":"https:\/\/fonsvinum.com\/de\/wp-json\/wp\/v2\/types\/product"}],"replies":[{"embeddable":true,"href":"https:\/\/fonsvinum.com\/de\/wp-json\/wp\/v2\/comments?post=7125"}],"wp:featuredmedia":[{"embeddable":true,"href":"https:\/\/fonsvinum.com\/de\/wp-json\/wp\/v2\/media\/32700"}],"wp:attachment":[{"href":"https:\/\/fonsvinum.com\/de\/wp-json\/wp\/v2\/media?parent=7125"}],"wp:term":[{"taxonomy":"product_brand","embeddable":true,"href":"https:\/\/fonsvinum.com\/de\/wp-json\/wp\/v2\/product_brand?post=7125"},{"taxonomy":"product_cat","embeddable":true,"href":"https:\/\/fonsvinum.com\/de\/wp-json\/wp\/v2\/product_cat?post=7125"},{"taxonomy":"product_tag","embeddable":true,"href":"https:\/\/fonsvinum.com\/de\/wp-json\/wp\/v2\/product_tag?post=7125"}],"curies":[{"name":"wp","href":"https:\/\/api.w.org\/{rel}","templated":true}]}}