{"id":7117,"date":"2014-03-03T07:32:20","date_gmt":"2014-03-03T06:32:20","guid":{"rendered":"http:\/\/fonsvinum.com\/en\/product\/bolgheri-superiore-doc-ornellaia-2009-2\/"},"modified":"2019-11-26T12:39:36","modified_gmt":"2019-11-26T11:39:36","slug":"bolgheri-superiore-doc-ornellaia-2009-2","status":"publish","type":"product","link":"https:\/\/fonsvinum.com\/de\/produkt\/bolgheri-superiore-doc-ornellaia-2009-2\/","title":{"rendered":"Bolgheri Superiore DOC ORNELLAIA 2009"},"content":{"rendered":"<p>Bolgheri Superiore DOC ORNELLAIA 2009<\/p>\n<p>52% Cabernet Sauvignon, 22% Merlot, 21% Cabernet Franc, 5% Petit Verdot, im Barrique ausgebaut. Excellente Cuv\u00e9e mit der feinen W\u00fcrze vollreifer Fr\u00fcchte, in Verbindung mit Akzenten aromatischer Kr\u00e4uter oder Schokolade; mit einem zarten und seidigen Tannin.<\/p>\n<p>Dieser Eindrucks setzt sich auch am Gaumen fort, wo der Ornellaia Bolgheri Superiore DOC mit harmonischem Volumen, seidigen Tanninen und einer vitalen S\u00e4ure begeistert. Das Finale ist kraftvoll und ohne jede Herbheit und klingt lang nach.<\/p>\n","protected":false},"excerpt":{"rendered":"<p>Bolgheri Superiore DOC ORNELLAIA 2009 52% Cabernet Sauvignon, 22% Merlot, 21% Cabernet Franc, 5% Petit Verdot, im Barrique ausgebaut. Excellente Cuv\u00e9e mit der feinen W\u00fcrze vollreifer Fr\u00fcchte, in Verbindung mit Akzenten aromatischer Kr\u00e4uter oder Schokolade; mit einem zarten und seidigen Tannin. Dieser Eindrucks setzt sich auch am Gaumen fort, wo der Ornellaia Bolgheri Superiore DOC [&hellip;]<\/p>\n","protected":false},"featured_media":6903,"comment_status":"open","ping_status":"closed","template":"","meta":{"_acf_changed":false,"_monsterinsights_skip_tracking":false,"_monsterinsights_sitenote_active":false,"_monsterinsights_sitenote_note":"","_monsterinsights_sitenote_category":0},"product_brand":[],"product_cat":[1693],"product_tag":[1733],"class_list":{"0":"post-7117","1":"product","2":"type-product","3":"status-publish","4":"has-post-thumbnail","6":"product_cat-blend-2-de","7":"product_tag-aussergewoehnliche-weine-de","8":"pa_appellation-bolgheri-superiore-doc-de","9":"pa_formato-0-75-l-flasche-de","10":"pa_producer-tenuta-dellornellaia-de","11":"pa_region-toskana-de","12":"pa_vine-55-cabernet-sauvignon-27-merlot-14-cabernet-franc-4-petit-verdot-de","13":"pa_vintage-2009-de","15":"first","16":"instock","17":"sale","18":"taxable","19":"shipping-taxable","20":"purchasable","21":"product-type-simple"},"bundled_by":[],"bundle_stock_status":"instock","bundle_stock_quantity":1,"bundle_virtual":false,"bundle_layout":"","bundle_add_to_cart_form_location":"","bundle_editable_in_cart":false,"bundle_sold_individually_context":"","bundle_item_grouping":"","bundle_min_size":"","bundle_max_size":"","bundle_price":[],"bundled_items":[],"bundle_sell_ids":[],"yoast_head":"<!-- This site is optimized with the Yoast SEO plugin v27.3 - https:\/\/yoast.com\/product\/yoast-seo-wordpress\/ -->\n<title>Bolgheri Superiore DOC ORNELLAIA 2009<\/title>\n<meta name=\"description\" content=\"Bolgheri Superiore DOC ORNELLAIA 2009\" \/>\n<meta name=\"robots\" content=\"index, follow, max-snippet:-1, max-image-preview:large, max-video-preview:-1\" \/>\n<link rel=\"canonical\" href=\"https:\/\/fonsvinum.com\/de\/produkt\/bolgheri-superiore-doc-ornellaia-2009-2\/\" \/>\n<meta property=\"og:locale\" content=\"de_DE\" \/>\n<meta property=\"og:type\" content=\"article\" \/>\n<meta property=\"og:title\" content=\"Bolgheri Superiore DOC ORNELLAIA 2009\" \/>\n<meta property=\"og:description\" content=\"Bolgheri Superiore DOC ORNELLAIA 2009\" \/>\n<meta property=\"og:url\" content=\"https:\/\/fonsvinum.com\/de\/produkt\/bolgheri-superiore-doc-ornellaia-2009-2\/\" \/>\n<meta property=\"og:site_name\" content=\"Fons Vinum\" \/>\n<meta property=\"article:modified_time\" content=\"2019-11-26T11:39:36+00:00\" \/>\n<meta property=\"og:image\" content=\"https:\/\/fonsvinum.com\/files\/2013\/04\/ornellaia-bolgheri-superiore.png\" \/>\n\t<meta property=\"og:image:width\" content=\"200\" \/>\n\t<meta property=\"og:image:height\" content=\"600\" \/>\n\t<meta property=\"og:image:type\" content=\"image\/png\" \/>\n<script type=\"application\/ld+json\" class=\"yoast-schema-graph\">{\"@context\":\"https:\\\/\\\/schema.org\",\"@graph\":[{\"@type\":\"WebPage\",\"@id\":\"https:\\\/\\\/fonsvinum.com\\\/de\\\/produkt\\\/bolgheri-superiore-doc-ornellaia-2009-2\\\/\",\"url\":\"https:\\\/\\\/fonsvinum.com\\\/de\\\/produkt\\\/bolgheri-superiore-doc-ornellaia-2009-2\\\/\",\"name\":\"Bolgheri Superiore DOC ORNELLAIA 2009\",\"isPartOf\":{\"@id\":\"https:\\\/\\\/fonsvinum.com\\\/en\\\/#website\"},\"primaryImageOfPage\":{\"@id\":\"https:\\\/\\\/fonsvinum.com\\\/de\\\/produkt\\\/bolgheri-superiore-doc-ornellaia-2009-2\\\/#primaryimage\"},\"image\":{\"@id\":\"https:\\\/\\\/fonsvinum.com\\\/de\\\/produkt\\\/bolgheri-superiore-doc-ornellaia-2009-2\\\/#primaryimage\"},\"thumbnailUrl\":\"https:\\\/\\\/fonsvinum.com\\\/files\\\/2013\\\/04\\\/ornellaia-bolgheri-superiore.png\",\"datePublished\":\"2014-03-03T06:32:20+00:00\",\"dateModified\":\"2019-11-26T11:39:36+00:00\",\"description\":\"Bolgheri Superiore DOC ORNELLAIA 2009\",\"breadcrumb\":{\"@id\":\"https:\\\/\\\/fonsvinum.com\\\/de\\\/produkt\\\/bolgheri-superiore-doc-ornellaia-2009-2\\\/#breadcrumb\"},\"inLanguage\":\"de\",\"potentialAction\":[{\"@type\":\"ReadAction\",\"target\":[\"https:\\\/\\\/fonsvinum.com\\\/de\\\/produkt\\\/bolgheri-superiore-doc-ornellaia-2009-2\\\/\"]}]},{\"@type\":\"ImageObject\",\"inLanguage\":\"de\",\"@id\":\"https:\\\/\\\/fonsvinum.com\\\/de\\\/produkt\\\/bolgheri-superiore-doc-ornellaia-2009-2\\\/#primaryimage\",\"url\":\"https:\\\/\\\/fonsvinum.com\\\/files\\\/2013\\\/04\\\/ornellaia-bolgheri-superiore.png\",\"contentUrl\":\"https:\\\/\\\/fonsvinum.com\\\/files\\\/2013\\\/04\\\/ornellaia-bolgheri-superiore.png\",\"width\":200,\"height\":600},{\"@type\":\"BreadcrumbList\",\"@id\":\"https:\\\/\\\/fonsvinum.com\\\/de\\\/produkt\\\/bolgheri-superiore-doc-ornellaia-2009-2\\\/#breadcrumb\",\"itemListElement\":[{\"@type\":\"ListItem\",\"position\":1,\"name\":\"Startseite\",\"item\":\"https:\\\/\\\/fonsvinum.com\\\/de\\\/\"},{\"@type\":\"ListItem\",\"position\":2,\"name\":\"Shop\",\"item\":\"https:\\\/\\\/fonsvinum.com\\\/de\\\/shop\\\/\"},{\"@type\":\"ListItem\",\"position\":3,\"name\":\"Bolgheri Superiore DOC ORNELLAIA 2009\"}]},{\"@type\":\"WebSite\",\"@id\":\"https:\\\/\\\/fonsvinum.com\\\/en\\\/#website\",\"url\":\"https:\\\/\\\/fonsvinum.com\\\/en\\\/\",\"name\":\"Fons Vinum\",\"description\":\"Vendita Vino Online\",\"publisher\":{\"@id\":\"https:\\\/\\\/fonsvinum.com\\\/en\\\/#organization\"},\"potentialAction\":[{\"@type\":\"SearchAction\",\"target\":{\"@type\":\"EntryPoint\",\"urlTemplate\":\"https:\\\/\\\/fonsvinum.com\\\/en\\\/?s={search_term_string}\"},\"query-input\":{\"@type\":\"PropertyValueSpecification\",\"valueRequired\":true,\"valueName\":\"search_term_string\"}}],\"inLanguage\":\"de\"},{\"@type\":\"Organization\",\"@id\":\"https:\\\/\\\/fonsvinum.com\\\/en\\\/#organization\",\"name\":\"Fons Vinum\",\"url\":\"https:\\\/\\\/fonsvinum.com\\\/en\\\/\",\"logo\":{\"@type\":\"ImageObject\",\"inLanguage\":\"de\",\"@id\":\"https:\\\/\\\/fonsvinum.com\\\/en\\\/#\\\/schema\\\/logo\\\/image\\\/\",\"url\":\"\",\"contentUrl\":\"\",\"caption\":\"Fons Vinum\"},\"image\":{\"@id\":\"https:\\\/\\\/fonsvinum.com\\\/en\\\/#\\\/schema\\\/logo\\\/image\\\/\"}}]}<\/script>\n<!-- \/ Yoast SEO plugin. -->","yoast_head_json":{"title":"Bolgheri Superiore DOC ORNELLAIA 2009","description":"Bolgheri Superiore DOC ORNELLAIA 2009","robots":{"index":"index","follow":"follow","max-snippet":"max-snippet:-1","max-image-preview":"max-image-preview:large","max-video-preview":"max-video-preview:-1"},"canonical":"https:\/\/fonsvinum.com\/de\/produkt\/bolgheri-superiore-doc-ornellaia-2009-2\/","og_locale":"de_DE","og_type":"article","og_title":"Bolgheri Superiore DOC ORNELLAIA 2009","og_description":"Bolgheri Superiore DOC ORNELLAIA 2009","og_url":"https:\/\/fonsvinum.com\/de\/produkt\/bolgheri-superiore-doc-ornellaia-2009-2\/","og_site_name":"Fons Vinum","article_modified_time":"2019-11-26T11:39:36+00:00","og_image":[{"width":200,"height":600,"url":"https:\/\/fonsvinum.com\/files\/2013\/04\/ornellaia-bolgheri-superiore.png","type":"image\/png"}],"schema":{"@context":"https:\/\/schema.org","@graph":[{"@type":"WebPage","@id":"https:\/\/fonsvinum.com\/de\/produkt\/bolgheri-superiore-doc-ornellaia-2009-2\/","url":"https:\/\/fonsvinum.com\/de\/produkt\/bolgheri-superiore-doc-ornellaia-2009-2\/","name":"Bolgheri Superiore DOC ORNELLAIA 2009","isPartOf":{"@id":"https:\/\/fonsvinum.com\/en\/#website"},"primaryImageOfPage":{"@id":"https:\/\/fonsvinum.com\/de\/produkt\/bolgheri-superiore-doc-ornellaia-2009-2\/#primaryimage"},"image":{"@id":"https:\/\/fonsvinum.com\/de\/produkt\/bolgheri-superiore-doc-ornellaia-2009-2\/#primaryimage"},"thumbnailUrl":"https:\/\/fonsvinum.com\/files\/2013\/04\/ornellaia-bolgheri-superiore.png","datePublished":"2014-03-03T06:32:20+00:00","dateModified":"2019-11-26T11:39:36+00:00","description":"Bolgheri Superiore DOC ORNELLAIA 2009","breadcrumb":{"@id":"https:\/\/fonsvinum.com\/de\/produkt\/bolgheri-superiore-doc-ornellaia-2009-2\/#breadcrumb"},"inLanguage":"de","potentialAction":[{"@type":"ReadAction","target":["https:\/\/fonsvinum.com\/de\/produkt\/bolgheri-superiore-doc-ornellaia-2009-2\/"]}]},{"@type":"ImageObject","inLanguage":"de","@id":"https:\/\/fonsvinum.com\/de\/produkt\/bolgheri-superiore-doc-ornellaia-2009-2\/#primaryimage","url":"https:\/\/fonsvinum.com\/files\/2013\/04\/ornellaia-bolgheri-superiore.png","contentUrl":"https:\/\/fonsvinum.com\/files\/2013\/04\/ornellaia-bolgheri-superiore.png","width":200,"height":600},{"@type":"BreadcrumbList","@id":"https:\/\/fonsvinum.com\/de\/produkt\/bolgheri-superiore-doc-ornellaia-2009-2\/#breadcrumb","itemListElement":[{"@type":"ListItem","position":1,"name":"Startseite","item":"https:\/\/fonsvinum.com\/de\/"},{"@type":"ListItem","position":2,"name":"Shop","item":"https:\/\/fonsvinum.com\/de\/shop\/"},{"@type":"ListItem","position":3,"name":"Bolgheri Superiore DOC ORNELLAIA 2009"}]},{"@type":"WebSite","@id":"https:\/\/fonsvinum.com\/en\/#website","url":"https:\/\/fonsvinum.com\/en\/","name":"Fons Vinum","description":"Vendita Vino Online","publisher":{"@id":"https:\/\/fonsvinum.com\/en\/#organization"},"potentialAction":[{"@type":"SearchAction","target":{"@type":"EntryPoint","urlTemplate":"https:\/\/fonsvinum.com\/en\/?s={search_term_string}"},"query-input":{"@type":"PropertyValueSpecification","valueRequired":true,"valueName":"search_term_string"}}],"inLanguage":"de"},{"@type":"Organization","@id":"https:\/\/fonsvinum.com\/en\/#organization","name":"Fons Vinum","url":"https:\/\/fonsvinum.com\/en\/","logo":{"@type":"ImageObject","inLanguage":"de","@id":"https:\/\/fonsvinum.com\/en\/#\/schema\/logo\/image\/","url":"","contentUrl":"","caption":"Fons Vinum"},"image":{"@id":"https:\/\/fonsvinum.com\/en\/#\/schema\/logo\/image\/"}}]}},"acf":[],"_links":{"self":[{"href":"https:\/\/fonsvinum.com\/de\/wp-json\/wp\/v2\/product\/7117","targetHints":{"allow":["GET"]}}],"collection":[{"href":"https:\/\/fonsvinum.com\/de\/wp-json\/wp\/v2\/product"}],"about":[{"href":"https:\/\/fonsvinum.com\/de\/wp-json\/wp\/v2\/types\/product"}],"replies":[{"embeddable":true,"href":"https:\/\/fonsvinum.com\/de\/wp-json\/wp\/v2\/comments?post=7117"}],"wp:featuredmedia":[{"embeddable":true,"href":"https:\/\/fonsvinum.com\/de\/wp-json\/wp\/v2\/media\/6903"}],"wp:attachment":[{"href":"https:\/\/fonsvinum.com\/de\/wp-json\/wp\/v2\/media?parent=7117"}],"wp:term":[{"taxonomy":"product_brand","embeddable":true,"href":"https:\/\/fonsvinum.com\/de\/wp-json\/wp\/v2\/product_brand?post=7117"},{"taxonomy":"product_cat","embeddable":true,"href":"https:\/\/fonsvinum.com\/de\/wp-json\/wp\/v2\/product_cat?post=7117"},{"taxonomy":"product_tag","embeddable":true,"href":"https:\/\/fonsvinum.com\/de\/wp-json\/wp\/v2\/product_tag?post=7117"}],"curies":[{"name":"wp","href":"https:\/\/api.w.org\/{rel}","templated":true}]}}