{"id":6921,"date":"2016-01-14T18:30:22","date_gmt":"2016-01-14T17:30:22","guid":{"rendered":"http:\/\/fonsvinum.com\/de\/produkt\/ornellaia-2002\/"},"modified":"2020-01-21T09:19:21","modified_gmt":"2020-01-21T08:19:21","slug":"ornellaia-2002","status":"publish","type":"product","link":"https:\/\/fonsvinum.com\/de\/produkt\/ornellaia-2002\/","title":{"rendered":"Ornellaia 2002"},"content":{"rendered":"<h1>Bolgheri Superiore DOC ORNELLAIA 2002<\/h1>\n<p>Der Wunsch, die au\u00dfergew\u00f6hnliche Qualit\u00e4t des Weinguts zu f\u00f6rdern, pr\u00e4gt seit Beginn die Ornellaia-Philosophie. Ornellaia ist eine Cuv\u00e9e aus Cabernet Sauvignon, Merlot, Cabernet Franc sowie Petit Verdot und der authentische Ausdruck eines einzigartigen Terroirs, das im Einklang mit der Natur entwickelt wurde.<\/p>\n<h1>DIE VEGETATIONSPERIODE 2002<\/h1>\n<p>Der klimatische Verlauf des Jahres 2002 ist deutlich in zwei Phasen einteilbar: bis zum 10. August und ab dem 10. August (einschlie\u00dflich der Weinlese). Der vegetative Zyklus setzte fr\u00fch ein und war trotz sich st\u00e4ndig abwechselnder kalter und warmer Zeitabschnitte positiv mit uniformer Bl\u00fcte und Fruchtbildung. Ab dem 10. August folgten ausgiebige Niederschl\u00e4ge aufeinander. Die Lese begann am 14. September und endete am 10. Oktober. Aufgrund des kalten Sommers war die Auswahl sehr streng und in der Kellerei setzte sich eine Neuerung durch: es wurde im Anschluss an die Abbeermaschine ein zweiter Auswahltisch hinzugef\u00fcgt, um manuell und mit \u00e4u\u00dferster Pr\u00e4zision auch die kleinsten Teile der Traubenk\u00e4mme zu entfernen.<\/p>\n<h1>VINIFIKATION UND AUSBAU<\/h1>\n<p>Jede Weinbergsparzelle wurde von Hand gelesen. Die Trauben wurden in 15 kg Kisten geerntet und erneut selektiert, bevor sie entrappt und leicht angepresst wurden. Die alkoholische G\u00e4rung vollzog sich in h\u00f6lzernen G\u00e4rbottichen mittlerer Gr\u00f6\u00dfe und teilweise in Stahltanks. Zu keinem Zeitpunkt wurde die G\u00e4rtemperatur von 30\u00b0C \u00fcberschritten. Jede Rebsorte und Weinbergsparzelle wurde separat vinifiziert. Es folgte eine Maischestandzeit von 25 \u2013 30 Tagen. Anschlie\u00dfend wurde der Wein in franz\u00f6sischen Barriques ausgebaut (70% Erstbelegung; 30% Zweitbelegung). Hier durchlief er die malolaktische G\u00e4rung. Der Wein reifte 18 Monate in Barriques in den temperierten Kellern des Weingutes. (Auch hier wurde jede Parzelle und Rebsorte separat ausgebaut). Nach 12 Monaten wurden die Weine zu einer Cuv\u00e9e verm\u00e4hlt und f\u00fcr weitere 6 Monate in Barriques verbracht. Es folgte der Abstich und eine leichte Sch\u00f6nung vor der Abf\u00fcllung. Die Freigabe f\u00fcr den Markt erfolgte nach einer zw\u00f6lfmonatigen Flaschenreife.<\/p>\n<h2>BEWERTUNGEN<\/h2>\n<p>Wine Advocate\u00a092<\/p>\n<p>Wine Spectator\u00a090<\/p>\n<p>Antonio Galloni\u00a092<\/p>\n<p>Falstaff\u00a092<\/p>\n","protected":false},"excerpt":{"rendered":"<p>Bolgheri Superiore DOC ORNELLAIA 2002 Der Wunsch, die au\u00dfergew\u00f6hnliche Qualit\u00e4t des Weinguts zu f\u00f6rdern, pr\u00e4gt seit Beginn die Ornellaia-Philosophie. Ornellaia ist eine Cuv\u00e9e aus Cabernet Sauvignon, Merlot, Cabernet Franc sowie Petit Verdot und der authentische Ausdruck eines einzigartigen Terroirs, das im Einklang mit der Natur entwickelt wurde. DIE VEGETATIONSPERIODE 2002 Der klimatische Verlauf des Jahres [&hellip;]<\/p>\n","protected":false},"featured_media":6903,"comment_status":"open","ping_status":"closed","template":"","meta":{"_acf_changed":false,"_monsterinsights_skip_tracking":false,"_monsterinsights_sitenote_active":false,"_monsterinsights_sitenote_note":"","_monsterinsights_sitenote_category":0},"product_brand":[],"product_cat":[1693],"product_tag":[1733],"class_list":{"0":"post-6921","1":"product","2":"type-product","3":"status-publish","4":"has-post-thumbnail","6":"product_cat-blend-2-de","7":"product_tag-aussergewoehnliche-weine-de","8":"pa_appellation-bolgheri-superiore-doc-de","9":"pa_formato-0-75-l-flasche-de","10":"pa_producer-tenuta-dellornellaia-de","11":"pa_region-toskana-de","12":"pa_vine-55-cabernet-sauvignon-27-merlot-14-cabernet-franc-4-petit-verdot-de","13":"pa_vintage-2002-de","15":"first","16":"instock","17":"taxable","18":"shipping-taxable","19":"purchasable","20":"product-type-simple"},"bundled_by":[],"bundle_stock_status":"instock","bundle_stock_quantity":1,"bundle_virtual":false,"bundle_layout":"","bundle_add_to_cart_form_location":"","bundle_editable_in_cart":false,"bundle_sold_individually_context":"","bundle_item_grouping":"","bundle_min_size":"","bundle_max_size":"","bundle_price":[],"bundled_items":[],"bundle_sell_ids":[],"yoast_head":"<!-- This site is optimized with the Yoast SEO plugin v27.3 - https:\/\/yoast.com\/product\/yoast-seo-wordpress\/ -->\n<title>Bolgheri Superiore DOC ORNELLAIA 2002 I Fons Vinum<\/title>\n<meta name=\"description\" content=\"Bolgheri Superiore DOC ORNELLAIA 2002, Ornellaia ist eine Cuv\u00e9e aus Cabernet Sauvignon, Merlot, Cabernet Franc sowie Petit Verdot\" \/>\n<meta name=\"robots\" content=\"index, follow, max-snippet:-1, max-image-preview:large, max-video-preview:-1\" \/>\n<link rel=\"canonical\" href=\"https:\/\/fonsvinum.com\/de\/produkt\/ornellaia-2002\/\" \/>\n<meta property=\"og:locale\" content=\"de_DE\" \/>\n<meta property=\"og:type\" content=\"article\" \/>\n<meta property=\"og:title\" content=\"Bolgheri Superiore DOC ORNELLAIA 2002 I Fons Vinum\" \/>\n<meta property=\"og:description\" content=\"Bolgheri Superiore DOC ORNELLAIA 2002, Ornellaia ist eine Cuv\u00e9e aus Cabernet Sauvignon, Merlot, Cabernet Franc sowie Petit Verdot\" \/>\n<meta property=\"og:url\" content=\"https:\/\/fonsvinum.com\/de\/produkt\/ornellaia-2002\/\" \/>\n<meta property=\"og:site_name\" content=\"Fons Vinum\" \/>\n<meta property=\"article:modified_time\" content=\"2020-01-21T08:19:21+00:00\" \/>\n<meta property=\"og:image\" content=\"https:\/\/fonsvinum.com\/files\/2013\/04\/ornellaia-bolgheri-superiore.png\" \/>\n\t<meta property=\"og:image:width\" content=\"200\" \/>\n\t<meta property=\"og:image:height\" content=\"600\" \/>\n\t<meta property=\"og:image:type\" content=\"image\/png\" \/>\n<meta name=\"twitter:label1\" content=\"Gesch\u00e4tzte Lesezeit\" \/>\n\t<meta name=\"twitter:data1\" content=\"2\u00a0Minuten\" \/>\n<script type=\"application\/ld+json\" class=\"yoast-schema-graph\">{\"@context\":\"https:\\\/\\\/schema.org\",\"@graph\":[{\"@type\":\"WebPage\",\"@id\":\"https:\\\/\\\/fonsvinum.com\\\/de\\\/produkt\\\/ornellaia-2002\\\/\",\"url\":\"https:\\\/\\\/fonsvinum.com\\\/de\\\/produkt\\\/ornellaia-2002\\\/\",\"name\":\"Bolgheri Superiore DOC ORNELLAIA 2002 I Fons Vinum\",\"isPartOf\":{\"@id\":\"https:\\\/\\\/fonsvinum.com\\\/en\\\/#website\"},\"primaryImageOfPage\":{\"@id\":\"https:\\\/\\\/fonsvinum.com\\\/de\\\/produkt\\\/ornellaia-2002\\\/#primaryimage\"},\"image\":{\"@id\":\"https:\\\/\\\/fonsvinum.com\\\/de\\\/produkt\\\/ornellaia-2002\\\/#primaryimage\"},\"thumbnailUrl\":\"https:\\\/\\\/fonsvinum.com\\\/files\\\/2013\\\/04\\\/ornellaia-bolgheri-superiore.png\",\"datePublished\":\"2016-01-14T17:30:22+00:00\",\"dateModified\":\"2020-01-21T08:19:21+00:00\",\"description\":\"Bolgheri Superiore DOC ORNELLAIA 2002, Ornellaia ist eine Cuv\u00e9e aus Cabernet Sauvignon, Merlot, Cabernet Franc sowie Petit Verdot\",\"breadcrumb\":{\"@id\":\"https:\\\/\\\/fonsvinum.com\\\/de\\\/produkt\\\/ornellaia-2002\\\/#breadcrumb\"},\"inLanguage\":\"de\",\"potentialAction\":[{\"@type\":\"ReadAction\",\"target\":[\"https:\\\/\\\/fonsvinum.com\\\/de\\\/produkt\\\/ornellaia-2002\\\/\"]}]},{\"@type\":\"ImageObject\",\"inLanguage\":\"de\",\"@id\":\"https:\\\/\\\/fonsvinum.com\\\/de\\\/produkt\\\/ornellaia-2002\\\/#primaryimage\",\"url\":\"https:\\\/\\\/fonsvinum.com\\\/files\\\/2013\\\/04\\\/ornellaia-bolgheri-superiore.png\",\"contentUrl\":\"https:\\\/\\\/fonsvinum.com\\\/files\\\/2013\\\/04\\\/ornellaia-bolgheri-superiore.png\",\"width\":200,\"height\":600},{\"@type\":\"BreadcrumbList\",\"@id\":\"https:\\\/\\\/fonsvinum.com\\\/de\\\/produkt\\\/ornellaia-2002\\\/#breadcrumb\",\"itemListElement\":[{\"@type\":\"ListItem\",\"position\":1,\"name\":\"Startseite\",\"item\":\"https:\\\/\\\/fonsvinum.com\\\/de\\\/\"},{\"@type\":\"ListItem\",\"position\":2,\"name\":\"Shop\",\"item\":\"https:\\\/\\\/fonsvinum.com\\\/de\\\/shop\\\/\"},{\"@type\":\"ListItem\",\"position\":3,\"name\":\"Ornellaia 2002\"}]},{\"@type\":\"WebSite\",\"@id\":\"https:\\\/\\\/fonsvinum.com\\\/en\\\/#website\",\"url\":\"https:\\\/\\\/fonsvinum.com\\\/en\\\/\",\"name\":\"Fons Vinum\",\"description\":\"Vendita Vino Online\",\"publisher\":{\"@id\":\"https:\\\/\\\/fonsvinum.com\\\/en\\\/#organization\"},\"potentialAction\":[{\"@type\":\"SearchAction\",\"target\":{\"@type\":\"EntryPoint\",\"urlTemplate\":\"https:\\\/\\\/fonsvinum.com\\\/en\\\/?s={search_term_string}\"},\"query-input\":{\"@type\":\"PropertyValueSpecification\",\"valueRequired\":true,\"valueName\":\"search_term_string\"}}],\"inLanguage\":\"de\"},{\"@type\":\"Organization\",\"@id\":\"https:\\\/\\\/fonsvinum.com\\\/en\\\/#organization\",\"name\":\"Fons Vinum\",\"url\":\"https:\\\/\\\/fonsvinum.com\\\/en\\\/\",\"logo\":{\"@type\":\"ImageObject\",\"inLanguage\":\"de\",\"@id\":\"https:\\\/\\\/fonsvinum.com\\\/en\\\/#\\\/schema\\\/logo\\\/image\\\/\",\"url\":\"\",\"contentUrl\":\"\",\"caption\":\"Fons Vinum\"},\"image\":{\"@id\":\"https:\\\/\\\/fonsvinum.com\\\/en\\\/#\\\/schema\\\/logo\\\/image\\\/\"}}]}<\/script>\n<!-- \/ Yoast SEO plugin. -->","yoast_head_json":{"title":"Bolgheri Superiore DOC ORNELLAIA 2002 I Fons Vinum","description":"Bolgheri Superiore DOC ORNELLAIA 2002, Ornellaia ist eine Cuv\u00e9e aus Cabernet Sauvignon, Merlot, Cabernet Franc sowie Petit Verdot","robots":{"index":"index","follow":"follow","max-snippet":"max-snippet:-1","max-image-preview":"max-image-preview:large","max-video-preview":"max-video-preview:-1"},"canonical":"https:\/\/fonsvinum.com\/de\/produkt\/ornellaia-2002\/","og_locale":"de_DE","og_type":"article","og_title":"Bolgheri Superiore DOC ORNELLAIA 2002 I Fons Vinum","og_description":"Bolgheri Superiore DOC ORNELLAIA 2002, Ornellaia ist eine Cuv\u00e9e aus Cabernet Sauvignon, Merlot, Cabernet Franc sowie Petit Verdot","og_url":"https:\/\/fonsvinum.com\/de\/produkt\/ornellaia-2002\/","og_site_name":"Fons Vinum","article_modified_time":"2020-01-21T08:19:21+00:00","og_image":[{"width":200,"height":600,"url":"https:\/\/fonsvinum.com\/files\/2013\/04\/ornellaia-bolgheri-superiore.png","type":"image\/png"}],"twitter_misc":{"Gesch\u00e4tzte Lesezeit":"2\u00a0Minuten"},"schema":{"@context":"https:\/\/schema.org","@graph":[{"@type":"WebPage","@id":"https:\/\/fonsvinum.com\/de\/produkt\/ornellaia-2002\/","url":"https:\/\/fonsvinum.com\/de\/produkt\/ornellaia-2002\/","name":"Bolgheri Superiore DOC ORNELLAIA 2002 I Fons Vinum","isPartOf":{"@id":"https:\/\/fonsvinum.com\/en\/#website"},"primaryImageOfPage":{"@id":"https:\/\/fonsvinum.com\/de\/produkt\/ornellaia-2002\/#primaryimage"},"image":{"@id":"https:\/\/fonsvinum.com\/de\/produkt\/ornellaia-2002\/#primaryimage"},"thumbnailUrl":"https:\/\/fonsvinum.com\/files\/2013\/04\/ornellaia-bolgheri-superiore.png","datePublished":"2016-01-14T17:30:22+00:00","dateModified":"2020-01-21T08:19:21+00:00","description":"Bolgheri Superiore DOC ORNELLAIA 2002, Ornellaia ist eine Cuv\u00e9e aus Cabernet Sauvignon, Merlot, Cabernet Franc sowie Petit Verdot","breadcrumb":{"@id":"https:\/\/fonsvinum.com\/de\/produkt\/ornellaia-2002\/#breadcrumb"},"inLanguage":"de","potentialAction":[{"@type":"ReadAction","target":["https:\/\/fonsvinum.com\/de\/produkt\/ornellaia-2002\/"]}]},{"@type":"ImageObject","inLanguage":"de","@id":"https:\/\/fonsvinum.com\/de\/produkt\/ornellaia-2002\/#primaryimage","url":"https:\/\/fonsvinum.com\/files\/2013\/04\/ornellaia-bolgheri-superiore.png","contentUrl":"https:\/\/fonsvinum.com\/files\/2013\/04\/ornellaia-bolgheri-superiore.png","width":200,"height":600},{"@type":"BreadcrumbList","@id":"https:\/\/fonsvinum.com\/de\/produkt\/ornellaia-2002\/#breadcrumb","itemListElement":[{"@type":"ListItem","position":1,"name":"Startseite","item":"https:\/\/fonsvinum.com\/de\/"},{"@type":"ListItem","position":2,"name":"Shop","item":"https:\/\/fonsvinum.com\/de\/shop\/"},{"@type":"ListItem","position":3,"name":"Ornellaia 2002"}]},{"@type":"WebSite","@id":"https:\/\/fonsvinum.com\/en\/#website","url":"https:\/\/fonsvinum.com\/en\/","name":"Fons Vinum","description":"Vendita Vino Online","publisher":{"@id":"https:\/\/fonsvinum.com\/en\/#organization"},"potentialAction":[{"@type":"SearchAction","target":{"@type":"EntryPoint","urlTemplate":"https:\/\/fonsvinum.com\/en\/?s={search_term_string}"},"query-input":{"@type":"PropertyValueSpecification","valueRequired":true,"valueName":"search_term_string"}}],"inLanguage":"de"},{"@type":"Organization","@id":"https:\/\/fonsvinum.com\/en\/#organization","name":"Fons Vinum","url":"https:\/\/fonsvinum.com\/en\/","logo":{"@type":"ImageObject","inLanguage":"de","@id":"https:\/\/fonsvinum.com\/en\/#\/schema\/logo\/image\/","url":"","contentUrl":"","caption":"Fons Vinum"},"image":{"@id":"https:\/\/fonsvinum.com\/en\/#\/schema\/logo\/image\/"}}]}},"acf":[],"_links":{"self":[{"href":"https:\/\/fonsvinum.com\/de\/wp-json\/wp\/v2\/product\/6921","targetHints":{"allow":["GET"]}}],"collection":[{"href":"https:\/\/fonsvinum.com\/de\/wp-json\/wp\/v2\/product"}],"about":[{"href":"https:\/\/fonsvinum.com\/de\/wp-json\/wp\/v2\/types\/product"}],"replies":[{"embeddable":true,"href":"https:\/\/fonsvinum.com\/de\/wp-json\/wp\/v2\/comments?post=6921"}],"wp:featuredmedia":[{"embeddable":true,"href":"https:\/\/fonsvinum.com\/de\/wp-json\/wp\/v2\/media\/6903"}],"wp:attachment":[{"href":"https:\/\/fonsvinum.com\/de\/wp-json\/wp\/v2\/media?parent=6921"}],"wp:term":[{"taxonomy":"product_brand","embeddable":true,"href":"https:\/\/fonsvinum.com\/de\/wp-json\/wp\/v2\/product_brand?post=6921"},{"taxonomy":"product_cat","embeddable":true,"href":"https:\/\/fonsvinum.com\/de\/wp-json\/wp\/v2\/product_cat?post=6921"},{"taxonomy":"product_tag","embeddable":true,"href":"https:\/\/fonsvinum.com\/de\/wp-json\/wp\/v2\/product_tag?post=6921"}],"curies":[{"name":"wp","href":"https:\/\/api.w.org\/{rel}","templated":true}]}}