{"id":6915,"date":"2015-01-23T13:53:08","date_gmt":"2015-01-23T12:53:08","guid":{"rendered":"http:\/\/fonsvinum.com\/product\/ornellaia-2011-3\/"},"modified":"2019-11-27T09:47:53","modified_gmt":"2019-11-27T08:47:53","slug":"ornellaia-2011","status":"publish","type":"product","link":"https:\/\/fonsvinum.com\/de\/produkt\/ornellaia-2011\/","title":{"rendered":"ORNELLAIA 2011"},"content":{"rendered":"<h1 class=\"uk-accordion-title uk-active\"><a href=\"https:\/\/www.ornellaia.com\/de\/\">ORNELLAIA<\/a> 2011 MAGNUM<\/h1>\n<h1 class=\"uk-article-title\">Terroir<\/h1>\n<p>Das in den H\u00fcgeln nahe Bolgheri gelegene Weingut Ornellaia liegt verborgen in deren Ausl\u00e4ufern, die sich zur Mittelmeerk\u00fcste hin erstrecken. In den Sommermonaten streicht eine k\u00fchle Meeresbrise \u00fcber die Weing\u00e4rten und die umliegenden Olivenhaine, w\u00e4hrend die H\u00fcgel im Winter Schutz vor kaltem Nordwind bieten.<\/p>\n<p>Das Weingut Ornellaia ist \u00fcberzeugt, dass Wein der wahrhaftigste Ausdruck des Terroirs sein sollte, aus dem er stammt. Die vielf\u00e4ltige Beschaffenheit der B\u00f6den des Weinguts \u2013 Meeresboden, Schwemmland und vulkanischer Boden \u2013 schaffen gemeinsam mit dem Meeresklima ein Umfeld, in dem sich rote und wei\u00dfe Rebsorten voll entfalten k\u00f6nnen. Myriaden von Rebfl\u00e4chen f\u00fcgen sich wie ein Mosaik in diese unverf\u00e4lschte Landschaft und ergeben eine einzigartige Sch\u00f6nheit, Komplexit\u00e4t und Eleganz an einem wirklich au\u00dfergew\u00f6hnlichen Ort. W\u00e4hrend Erfahrung, K\u00f6nnen und Entschlossenheit zur Steigerung der Qualit\u00e4t und Reputation von Ornellaia beitrugen, ist das Weingut selbst eine st\u00e4ndige Inspirationsquelle, das zu einzigartigen, aufregenden Wegen anregt, diese gro\u00dfz\u00fcgige Natur einzufangen.<\/p>\n<p>&nbsp;<\/p>\n<h2 class=\"uk-accordion-title uk-active\">DIE VEGETATIONSPERIODE 2011<\/h2>\n<div data-wrapper=\"true\">\n<div class=\"uk-accordion-content\">\n<h3>51%\u00a0CABERNET SAUVIGNON<\/h3>\n<h3>32%\u00a0MERLOT<\/h3>\n<h3>11%\u00a0CABERNET FRANC<\/h3>\n<h3>6%\u00a0PETIT VERDOR<\/h3>\n<p>Im Gegensatz zu dem sehr sp\u00e4ten Jahrgang 2010 hatte das hei\u00dfe und trockene Klima 2011 f\u00fcr eine au\u00dfergew\u00f6hnlich fr\u00fche Weinlese zur Folge. Nach einem regnerischen Winter wartete der Fr\u00fchling mit besonders warmen Temperaturen auf, was den Wachstumszyklus der Reben gut 10 Tage fr\u00fcher einsetzen lie\u00df. Der Austrieb erfolgte ausgesprochen rasch und gleichm\u00e4\u00dfig, ein erfahrungsgem\u00e4\u00df gutes Zeichen f\u00fcr einen gro\u00dfen Jahrgang. Im Juni und Juli wurde das Wachstum dann durch die frischeren Temperaturen abgebremst. Die Regenf\u00e4lle kamen zur rechten Zeit nach Bl\u00fcte und Farbwechsel und beg\u00fcnstigten somit eine optimale Entwicklung der Beeren. Eine Hitzewelle Ende August beschleunigte schlie\u00dflich die Reifung so stark, dass man bereits in der letzten Augustwoche mit der Ernte begann. Das sonnige, trockene Septemberwetter bescherte nahezu ideale Bedingungen f\u00fcr die weitere Ausreifung der Trauben. Sie pr\u00e4sentierten sich konzentriert mit einer perfekten Balance zwischen Tanninreife, frischer S\u00e4ure und intensiven, reifen Aromen. Die Ernte dauerte bis Ende September.<\/p>\n<h2 class=\"uk-accordion-title uk-active\">VERKOSTUNGSNOTIZEN DES WEINMACHERS &#8211; 2011<\/h2>\n<div data-wrapper=\"true\">\n<div class=\"uk-accordion-content\">\n<p>\u201eGepr\u00e4gt von Sonne bringt der fr\u00fche Jahrgang 2011 seine Eigenschaften auf h\u00f6chstem Niveau zum Ausdruck. Dem Auge pr\u00e4sentiert er sich in einem intensiven, jugendlichen Rubinrot. Die Nase verzeichnet intensive, vollreife und gleichzeitig frische und vibrierende Fruchtaromen, die von zarten balsamischen Ankl\u00e4ngen und R\u00f6stnoten untermalt sind. Am Gaumen frappiert seine gro\u00dfe Konzentration, die mit einer beeindruckenden, aber auch samtigen und geschliffenen Tanninstruktur einhergeht, wodurch er sich im Mund voll ausbreiten kann, ohne ein Gef\u00fchl von Schwere zu hinterlassen. Im Abgang wirken balsamische und w\u00fcrzige T\u00f6ne und eine willkommene Frischenote lange nach.\u201c<\/p>\n<p>Axel Heinz \u2013 Mai 2013<\/p>\n<\/div>\n<\/div>\n<h2 class=\"uk-accordion-title uk-active\">BEWERTUNGEN &#8211; 2011<\/h2>\n<div data-wrapper=\"true\">\n<div class=\"uk-accordion-content\">\n<p>Wine Advocate\u00a0<span class=\"gold\">94<\/span><\/p>\n<p>Wine Spectator\u00a0<span class=\"gold\">96<\/span><\/p>\n<p>James Suckling\u00a0<span class=\"gold\">96<\/span><\/p>\n<p>Antonio Galloni\u00a0<span class=\"gold\">97<\/span><\/p>\n<\/div>\n<\/div>\n<\/div>\n<\/div>\n","protected":false},"excerpt":{"rendered":"<p>ORNELLAIA 2011 MAGNUM Terroir Das in den H\u00fcgeln nahe Bolgheri gelegene Weingut Ornellaia liegt verborgen in deren Ausl\u00e4ufern, die sich zur Mittelmeerk\u00fcste hin erstrecken. In den Sommermonaten streicht eine k\u00fchle Meeresbrise \u00fcber die Weing\u00e4rten und die umliegenden Olivenhaine, w\u00e4hrend die H\u00fcgel im Winter Schutz vor kaltem Nordwind bieten. Das Weingut Ornellaia ist \u00fcberzeugt, dass Wein [&hellip;]<\/p>\n","protected":false},"featured_media":6903,"comment_status":"open","ping_status":"closed","template":"","meta":{"_acf_changed":false,"_monsterinsights_skip_tracking":false,"_monsterinsights_sitenote_active":false,"_monsterinsights_sitenote_note":"","_monsterinsights_sitenote_category":0},"product_brand":[],"product_cat":[1693],"product_tag":[1733,1751],"class_list":{"0":"post-6915","1":"product","2":"type-product","3":"status-publish","4":"has-post-thumbnail","6":"product_cat-blend-2-de","7":"product_tag-aussergewoehnliche-weine-de","8":"product_tag-aussergewoehnliche-weine-aus-italien-de","9":"pa_appellation-bolgheri-superiore-doc-de","10":"pa_formato-0-75-l-flasche-de","11":"pa_producer-tenuta-dellornellaia-de","12":"pa_region-toskana-de","13":"pa_vine-55-cabernet-sauvignon-27-merlot-14-cabernet-franc-4-petit-verdot-de","14":"pa_vintage-2011-de","16":"first","17":"instock","18":"featured","19":"taxable","20":"shipping-taxable","21":"purchasable","22":"product-type-simple"},"bundled_by":[],"bundle_stock_status":"instock","bundle_stock_quantity":1,"bundle_virtual":false,"bundle_layout":"","bundle_add_to_cart_form_location":"","bundle_editable_in_cart":false,"bundle_sold_individually_context":"","bundle_item_grouping":"","bundle_min_size":"","bundle_max_size":"","bundle_price":[],"bundled_items":[],"bundle_sell_ids":[],"yoast_head":"<!-- This site is optimized with the Yoast SEO plugin v27.3 - https:\/\/yoast.com\/product\/yoast-seo-wordpress\/ -->\n<title>Buy ORNELLAIA 2011 wine online | FonsVinum<\/title>\n<meta name=\"description\" content=\"ORNELLAIA 2011 - FonsVinum - Gepr\u00e4gt von Sonne bringt der fr\u00fche Jahrgang 2011 seine Eigenschaften auf h\u00f6chstem Niveau zum Ausdruck.\" \/>\n<meta name=\"robots\" content=\"index, follow, max-snippet:-1, max-image-preview:large, max-video-preview:-1\" \/>\n<link rel=\"canonical\" href=\"https:\/\/fonsvinum.com\/de\/produkt\/ornellaia-2011\/\" \/>\n<meta property=\"og:locale\" content=\"de_DE\" \/>\n<meta property=\"og:type\" content=\"article\" \/>\n<meta property=\"og:title\" content=\"Buy ORNELLAIA 2011 wine online | FonsVinum\" \/>\n<meta property=\"og:description\" content=\"ORNELLAIA 2011 - FonsVinum - Gepr\u00e4gt von Sonne bringt der fr\u00fche Jahrgang 2011 seine Eigenschaften auf h\u00f6chstem Niveau zum Ausdruck.\" \/>\n<meta property=\"og:url\" content=\"https:\/\/fonsvinum.com\/de\/produkt\/ornellaia-2011\/\" \/>\n<meta property=\"og:site_name\" content=\"Fons Vinum\" \/>\n<meta property=\"article:modified_time\" content=\"2019-11-27T08:47:53+00:00\" \/>\n<meta property=\"og:image\" content=\"https:\/\/fonsvinum.com\/files\/2013\/04\/ornellaia-bolgheri-superiore.png\" \/>\n\t<meta property=\"og:image:width\" content=\"200\" \/>\n\t<meta property=\"og:image:height\" content=\"600\" \/>\n\t<meta property=\"og:image:type\" content=\"image\/png\" \/>\n<meta name=\"twitter:label1\" content=\"Gesch\u00e4tzte Lesezeit\" \/>\n\t<meta name=\"twitter:data1\" content=\"2\u00a0Minuten\" \/>\n<script type=\"application\/ld+json\" class=\"yoast-schema-graph\">{\"@context\":\"https:\\\/\\\/schema.org\",\"@graph\":[{\"@type\":\"WebPage\",\"@id\":\"https:\\\/\\\/fonsvinum.com\\\/de\\\/produkt\\\/ornellaia-2011\\\/\",\"url\":\"https:\\\/\\\/fonsvinum.com\\\/de\\\/produkt\\\/ornellaia-2011\\\/\",\"name\":\"Buy ORNELLAIA 2011 wine online | FonsVinum\",\"isPartOf\":{\"@id\":\"https:\\\/\\\/fonsvinum.com\\\/en\\\/#website\"},\"primaryImageOfPage\":{\"@id\":\"https:\\\/\\\/fonsvinum.com\\\/de\\\/produkt\\\/ornellaia-2011\\\/#primaryimage\"},\"image\":{\"@id\":\"https:\\\/\\\/fonsvinum.com\\\/de\\\/produkt\\\/ornellaia-2011\\\/#primaryimage\"},\"thumbnailUrl\":\"https:\\\/\\\/fonsvinum.com\\\/files\\\/2013\\\/04\\\/ornellaia-bolgheri-superiore.png\",\"datePublished\":\"2015-01-23T12:53:08+00:00\",\"dateModified\":\"2019-11-27T08:47:53+00:00\",\"description\":\"ORNELLAIA 2011 - FonsVinum - Gepr\u00e4gt von Sonne bringt der fr\u00fche Jahrgang 2011 seine Eigenschaften auf h\u00f6chstem Niveau zum Ausdruck.\",\"breadcrumb\":{\"@id\":\"https:\\\/\\\/fonsvinum.com\\\/de\\\/produkt\\\/ornellaia-2011\\\/#breadcrumb\"},\"inLanguage\":\"de\",\"potentialAction\":[{\"@type\":\"ReadAction\",\"target\":[\"https:\\\/\\\/fonsvinum.com\\\/de\\\/produkt\\\/ornellaia-2011\\\/\"]}]},{\"@type\":\"ImageObject\",\"inLanguage\":\"de\",\"@id\":\"https:\\\/\\\/fonsvinum.com\\\/de\\\/produkt\\\/ornellaia-2011\\\/#primaryimage\",\"url\":\"https:\\\/\\\/fonsvinum.com\\\/files\\\/2013\\\/04\\\/ornellaia-bolgheri-superiore.png\",\"contentUrl\":\"https:\\\/\\\/fonsvinum.com\\\/files\\\/2013\\\/04\\\/ornellaia-bolgheri-superiore.png\",\"width\":200,\"height\":600},{\"@type\":\"BreadcrumbList\",\"@id\":\"https:\\\/\\\/fonsvinum.com\\\/de\\\/produkt\\\/ornellaia-2011\\\/#breadcrumb\",\"itemListElement\":[{\"@type\":\"ListItem\",\"position\":1,\"name\":\"Startseite\",\"item\":\"https:\\\/\\\/fonsvinum.com\\\/de\\\/\"},{\"@type\":\"ListItem\",\"position\":2,\"name\":\"Shop\",\"item\":\"https:\\\/\\\/fonsvinum.com\\\/de\\\/shop\\\/\"},{\"@type\":\"ListItem\",\"position\":3,\"name\":\"ORNELLAIA 2011\"}]},{\"@type\":\"WebSite\",\"@id\":\"https:\\\/\\\/fonsvinum.com\\\/en\\\/#website\",\"url\":\"https:\\\/\\\/fonsvinum.com\\\/en\\\/\",\"name\":\"Fons Vinum\",\"description\":\"Vendita Vino Online\",\"publisher\":{\"@id\":\"https:\\\/\\\/fonsvinum.com\\\/en\\\/#organization\"},\"potentialAction\":[{\"@type\":\"SearchAction\",\"target\":{\"@type\":\"EntryPoint\",\"urlTemplate\":\"https:\\\/\\\/fonsvinum.com\\\/en\\\/?s={search_term_string}\"},\"query-input\":{\"@type\":\"PropertyValueSpecification\",\"valueRequired\":true,\"valueName\":\"search_term_string\"}}],\"inLanguage\":\"de\"},{\"@type\":\"Organization\",\"@id\":\"https:\\\/\\\/fonsvinum.com\\\/en\\\/#organization\",\"name\":\"Fons Vinum\",\"url\":\"https:\\\/\\\/fonsvinum.com\\\/en\\\/\",\"logo\":{\"@type\":\"ImageObject\",\"inLanguage\":\"de\",\"@id\":\"https:\\\/\\\/fonsvinum.com\\\/en\\\/#\\\/schema\\\/logo\\\/image\\\/\",\"url\":\"\",\"contentUrl\":\"\",\"caption\":\"Fons Vinum\"},\"image\":{\"@id\":\"https:\\\/\\\/fonsvinum.com\\\/en\\\/#\\\/schema\\\/logo\\\/image\\\/\"}}]}<\/script>\n<!-- \/ Yoast SEO plugin. -->","yoast_head_json":{"title":"Buy ORNELLAIA 2011 wine online | FonsVinum","description":"ORNELLAIA 2011 - FonsVinum - Gepr\u00e4gt von Sonne bringt der fr\u00fche Jahrgang 2011 seine Eigenschaften auf h\u00f6chstem Niveau zum Ausdruck.","robots":{"index":"index","follow":"follow","max-snippet":"max-snippet:-1","max-image-preview":"max-image-preview:large","max-video-preview":"max-video-preview:-1"},"canonical":"https:\/\/fonsvinum.com\/de\/produkt\/ornellaia-2011\/","og_locale":"de_DE","og_type":"article","og_title":"Buy ORNELLAIA 2011 wine online | FonsVinum","og_description":"ORNELLAIA 2011 - FonsVinum - Gepr\u00e4gt von Sonne bringt der fr\u00fche Jahrgang 2011 seine Eigenschaften auf h\u00f6chstem Niveau zum Ausdruck.","og_url":"https:\/\/fonsvinum.com\/de\/produkt\/ornellaia-2011\/","og_site_name":"Fons Vinum","article_modified_time":"2019-11-27T08:47:53+00:00","og_image":[{"width":200,"height":600,"url":"https:\/\/fonsvinum.com\/files\/2013\/04\/ornellaia-bolgheri-superiore.png","type":"image\/png"}],"twitter_misc":{"Gesch\u00e4tzte Lesezeit":"2\u00a0Minuten"},"schema":{"@context":"https:\/\/schema.org","@graph":[{"@type":"WebPage","@id":"https:\/\/fonsvinum.com\/de\/produkt\/ornellaia-2011\/","url":"https:\/\/fonsvinum.com\/de\/produkt\/ornellaia-2011\/","name":"Buy ORNELLAIA 2011 wine online | FonsVinum","isPartOf":{"@id":"https:\/\/fonsvinum.com\/en\/#website"},"primaryImageOfPage":{"@id":"https:\/\/fonsvinum.com\/de\/produkt\/ornellaia-2011\/#primaryimage"},"image":{"@id":"https:\/\/fonsvinum.com\/de\/produkt\/ornellaia-2011\/#primaryimage"},"thumbnailUrl":"https:\/\/fonsvinum.com\/files\/2013\/04\/ornellaia-bolgheri-superiore.png","datePublished":"2015-01-23T12:53:08+00:00","dateModified":"2019-11-27T08:47:53+00:00","description":"ORNELLAIA 2011 - FonsVinum - Gepr\u00e4gt von Sonne bringt der fr\u00fche Jahrgang 2011 seine Eigenschaften auf h\u00f6chstem Niveau zum Ausdruck.","breadcrumb":{"@id":"https:\/\/fonsvinum.com\/de\/produkt\/ornellaia-2011\/#breadcrumb"},"inLanguage":"de","potentialAction":[{"@type":"ReadAction","target":["https:\/\/fonsvinum.com\/de\/produkt\/ornellaia-2011\/"]}]},{"@type":"ImageObject","inLanguage":"de","@id":"https:\/\/fonsvinum.com\/de\/produkt\/ornellaia-2011\/#primaryimage","url":"https:\/\/fonsvinum.com\/files\/2013\/04\/ornellaia-bolgheri-superiore.png","contentUrl":"https:\/\/fonsvinum.com\/files\/2013\/04\/ornellaia-bolgheri-superiore.png","width":200,"height":600},{"@type":"BreadcrumbList","@id":"https:\/\/fonsvinum.com\/de\/produkt\/ornellaia-2011\/#breadcrumb","itemListElement":[{"@type":"ListItem","position":1,"name":"Startseite","item":"https:\/\/fonsvinum.com\/de\/"},{"@type":"ListItem","position":2,"name":"Shop","item":"https:\/\/fonsvinum.com\/de\/shop\/"},{"@type":"ListItem","position":3,"name":"ORNELLAIA 2011"}]},{"@type":"WebSite","@id":"https:\/\/fonsvinum.com\/en\/#website","url":"https:\/\/fonsvinum.com\/en\/","name":"Fons Vinum","description":"Vendita Vino Online","publisher":{"@id":"https:\/\/fonsvinum.com\/en\/#organization"},"potentialAction":[{"@type":"SearchAction","target":{"@type":"EntryPoint","urlTemplate":"https:\/\/fonsvinum.com\/en\/?s={search_term_string}"},"query-input":{"@type":"PropertyValueSpecification","valueRequired":true,"valueName":"search_term_string"}}],"inLanguage":"de"},{"@type":"Organization","@id":"https:\/\/fonsvinum.com\/en\/#organization","name":"Fons Vinum","url":"https:\/\/fonsvinum.com\/en\/","logo":{"@type":"ImageObject","inLanguage":"de","@id":"https:\/\/fonsvinum.com\/en\/#\/schema\/logo\/image\/","url":"","contentUrl":"","caption":"Fons Vinum"},"image":{"@id":"https:\/\/fonsvinum.com\/en\/#\/schema\/logo\/image\/"}}]}},"acf":[],"_links":{"self":[{"href":"https:\/\/fonsvinum.com\/de\/wp-json\/wp\/v2\/product\/6915","targetHints":{"allow":["GET"]}}],"collection":[{"href":"https:\/\/fonsvinum.com\/de\/wp-json\/wp\/v2\/product"}],"about":[{"href":"https:\/\/fonsvinum.com\/de\/wp-json\/wp\/v2\/types\/product"}],"replies":[{"embeddable":true,"href":"https:\/\/fonsvinum.com\/de\/wp-json\/wp\/v2\/comments?post=6915"}],"wp:featuredmedia":[{"embeddable":true,"href":"https:\/\/fonsvinum.com\/de\/wp-json\/wp\/v2\/media\/6903"}],"wp:attachment":[{"href":"https:\/\/fonsvinum.com\/de\/wp-json\/wp\/v2\/media?parent=6915"}],"wp:term":[{"taxonomy":"product_brand","embeddable":true,"href":"https:\/\/fonsvinum.com\/de\/wp-json\/wp\/v2\/product_brand?post=6915"},{"taxonomy":"product_cat","embeddable":true,"href":"https:\/\/fonsvinum.com\/de\/wp-json\/wp\/v2\/product_cat?post=6915"},{"taxonomy":"product_tag","embeddable":true,"href":"https:\/\/fonsvinum.com\/de\/wp-json\/wp\/v2\/product_tag?post=6915"}],"curies":[{"name":"wp","href":"https:\/\/api.w.org\/{rel}","templated":true}]}}