{"id":6871,"date":"2016-01-14T09:43:36","date_gmt":"2016-01-14T08:43:36","guid":{"rendered":"http:\/\/fonsvinum.com\/product\/masseto-2005-2\/"},"modified":"2019-10-31T09:32:32","modified_gmt":"2019-10-31T08:32:32","slug":"masseto-2005-2","status":"publish","type":"product","link":"https:\/\/fonsvinum.com\/de\/produkt\/masseto-2005-2\/","title":{"rendered":"Masseto 2005"},"content":{"rendered":"<p>Masseto 2005<\/p>\n<p>Der Masseto ist ein rarer und kostbarer Cru mit Sammlerwert. Er z\u00e4hlt zu den exklusivsten Weinen der Welt, ist auf internationalen Weinauktionen ein \u00fcberaus begehrter Sammlerwein und erntet regelm\u00e4\u00dfig ausgezeichnete, ja, au\u00dferordentliche Bewertungen.<\/p>\n<p>\u00a0<\/p>\n","protected":false},"excerpt":{"rendered":"<p>Masseto 2005 Der Masseto ist ein rarer und kostbarer Cru mit Sammlerwert. Er z\u00e4hlt zu den exklusivsten Weinen der Welt, ist auf internationalen Weinauktionen ein \u00fcberaus begehrter Sammlerwein und erntet regelm\u00e4\u00dfig ausgezeichnete, ja, au\u00dferordentliche Bewertungen. \u00a0<\/p>\n","protected":false},"featured_media":6154,"comment_status":"open","ping_status":"closed","template":"","meta":{"_acf_changed":false,"_monsterinsights_skip_tracking":false,"_monsterinsights_sitenote_active":false,"_monsterinsights_sitenote_note":"","_monsterinsights_sitenote_category":0},"product_brand":[],"product_cat":[2176],"product_tag":[1733,1745,3583],"class_list":{"0":"post-6871","1":"product","2":"type-product","3":"status-publish","4":"has-post-thumbnail","6":"product_cat-merlot-de","7":"product_tag-aussergewoehnliche-weine-de","8":"product_tag-super-tuscan-de","9":"product_tag-vini-toscani-de","10":"pa_appellation-toscana-rosso-igt-de","11":"pa_formato-0-75-l-flasche-de","12":"pa_producer-tenuta-dellornellaia-de","13":"pa_region-toskana-de","14":"pa_vine-100-merlot-de","15":"pa_vintage-2005-de","17":"first","18":"instock","19":"taxable","20":"shipping-taxable","21":"purchasable","22":"product-type-simple"},"bundled_by":[],"bundle_stock_status":"instock","bundle_stock_quantity":1,"bundle_virtual":false,"bundle_layout":"","bundle_add_to_cart_form_location":"","bundle_editable_in_cart":false,"bundle_sold_individually_context":"","bundle_item_grouping":"","bundle_min_size":"","bundle_max_size":"","bundle_price":[],"bundled_items":[],"bundle_sell_ids":[],"yoast_head":"<!-- This site is optimized with the Yoast SEO plugin v27.3 - https:\/\/yoast.com\/product\/yoast-seo-wordpress\/ -->\n<title>Buy Masseto 2005 wine online at 1725 \u20ac | FonsVinum<\/title>\n<meta name=\"robots\" content=\"index, follow, max-snippet:-1, max-image-preview:large, max-video-preview:-1\" \/>\n<link rel=\"canonical\" href=\"https:\/\/fonsvinum.com\/de\/produkt\/masseto-2005-2\/\" \/>\n<meta property=\"og:locale\" content=\"de_DE\" \/>\n<meta property=\"og:type\" content=\"article\" \/>\n<meta property=\"og:title\" content=\"Buy Masseto 2005 wine online at 1725 \u20ac | FonsVinum\" \/>\n<meta property=\"og:description\" content=\"Masseto 2005 Der Masseto ist ein rarer und kostbarer Cru mit Sammlerwert. Er z\u00e4hlt zu den exklusivsten Weinen der Welt, ist auf internationalen Weinauktionen ein \u00fcberaus begehrter Sammlerwein und erntet regelm\u00e4\u00dfig ausgezeichnete, ja, au\u00dferordentliche Bewertungen. \u00a0\" \/>\n<meta property=\"og:url\" content=\"https:\/\/fonsvinum.com\/de\/produkt\/masseto-2005-2\/\" \/>\n<meta property=\"og:site_name\" content=\"Fons Vinum\" \/>\n<meta property=\"article:modified_time\" content=\"2019-10-31T08:32:32+00:00\" \/>\n<meta property=\"og:image\" content=\"https:\/\/fonsvinum.com\/files\/2013\/04\/toscana-rosso_ornellaia_masseto.png\" \/>\n\t<meta property=\"og:image:width\" content=\"200\" \/>\n\t<meta property=\"og:image:height\" content=\"600\" \/>\n\t<meta property=\"og:image:type\" content=\"image\/png\" \/>\n<script type=\"application\/ld+json\" class=\"yoast-schema-graph\">{\"@context\":\"https:\\\/\\\/schema.org\",\"@graph\":[{\"@type\":\"WebPage\",\"@id\":\"https:\\\/\\\/fonsvinum.com\\\/de\\\/produkt\\\/masseto-2005-2\\\/\",\"url\":\"https:\\\/\\\/fonsvinum.com\\\/de\\\/produkt\\\/masseto-2005-2\\\/\",\"name\":\"Buy Masseto 2005 wine online at 1725 \u20ac | FonsVinum\",\"isPartOf\":{\"@id\":\"https:\\\/\\\/fonsvinum.com\\\/en\\\/#website\"},\"primaryImageOfPage\":{\"@id\":\"https:\\\/\\\/fonsvinum.com\\\/de\\\/produkt\\\/masseto-2005-2\\\/#primaryimage\"},\"image\":{\"@id\":\"https:\\\/\\\/fonsvinum.com\\\/de\\\/produkt\\\/masseto-2005-2\\\/#primaryimage\"},\"thumbnailUrl\":\"https:\\\/\\\/fonsvinum.com\\\/files\\\/2013\\\/04\\\/toscana-rosso_ornellaia_masseto.png\",\"datePublished\":\"2016-01-14T08:43:36+00:00\",\"dateModified\":\"2019-10-31T08:32:32+00:00\",\"breadcrumb\":{\"@id\":\"https:\\\/\\\/fonsvinum.com\\\/de\\\/produkt\\\/masseto-2005-2\\\/#breadcrumb\"},\"inLanguage\":\"de\",\"potentialAction\":[{\"@type\":\"ReadAction\",\"target\":[\"https:\\\/\\\/fonsvinum.com\\\/de\\\/produkt\\\/masseto-2005-2\\\/\"]}]},{\"@type\":\"ImageObject\",\"inLanguage\":\"de\",\"@id\":\"https:\\\/\\\/fonsvinum.com\\\/de\\\/produkt\\\/masseto-2005-2\\\/#primaryimage\",\"url\":\"https:\\\/\\\/fonsvinum.com\\\/files\\\/2013\\\/04\\\/toscana-rosso_ornellaia_masseto.png\",\"contentUrl\":\"https:\\\/\\\/fonsvinum.com\\\/files\\\/2013\\\/04\\\/toscana-rosso_ornellaia_masseto.png\",\"width\":200,\"height\":600},{\"@type\":\"BreadcrumbList\",\"@id\":\"https:\\\/\\\/fonsvinum.com\\\/de\\\/produkt\\\/masseto-2005-2\\\/#breadcrumb\",\"itemListElement\":[{\"@type\":\"ListItem\",\"position\":1,\"name\":\"Startseite\",\"item\":\"https:\\\/\\\/fonsvinum.com\\\/de\\\/\"},{\"@type\":\"ListItem\",\"position\":2,\"name\":\"Shop\",\"item\":\"https:\\\/\\\/fonsvinum.com\\\/de\\\/shop\\\/\"},{\"@type\":\"ListItem\",\"position\":3,\"name\":\"Masseto 2005\"}]},{\"@type\":\"WebSite\",\"@id\":\"https:\\\/\\\/fonsvinum.com\\\/en\\\/#website\",\"url\":\"https:\\\/\\\/fonsvinum.com\\\/en\\\/\",\"name\":\"Fons Vinum\",\"description\":\"Vendita Vino Online\",\"publisher\":{\"@id\":\"https:\\\/\\\/fonsvinum.com\\\/en\\\/#organization\"},\"potentialAction\":[{\"@type\":\"SearchAction\",\"target\":{\"@type\":\"EntryPoint\",\"urlTemplate\":\"https:\\\/\\\/fonsvinum.com\\\/en\\\/?s={search_term_string}\"},\"query-input\":{\"@type\":\"PropertyValueSpecification\",\"valueRequired\":true,\"valueName\":\"search_term_string\"}}],\"inLanguage\":\"de\"},{\"@type\":\"Organization\",\"@id\":\"https:\\\/\\\/fonsvinum.com\\\/en\\\/#organization\",\"name\":\"Fons Vinum\",\"url\":\"https:\\\/\\\/fonsvinum.com\\\/en\\\/\",\"logo\":{\"@type\":\"ImageObject\",\"inLanguage\":\"de\",\"@id\":\"https:\\\/\\\/fonsvinum.com\\\/en\\\/#\\\/schema\\\/logo\\\/image\\\/\",\"url\":\"\",\"contentUrl\":\"\",\"caption\":\"Fons Vinum\"},\"image\":{\"@id\":\"https:\\\/\\\/fonsvinum.com\\\/en\\\/#\\\/schema\\\/logo\\\/image\\\/\"}}]}<\/script>\n<!-- \/ Yoast SEO plugin. -->","yoast_head_json":{"title":"Buy Masseto 2005 wine online at 1725 \u20ac | FonsVinum","robots":{"index":"index","follow":"follow","max-snippet":"max-snippet:-1","max-image-preview":"max-image-preview:large","max-video-preview":"max-video-preview:-1"},"canonical":"https:\/\/fonsvinum.com\/de\/produkt\/masseto-2005-2\/","og_locale":"de_DE","og_type":"article","og_title":"Buy Masseto 2005 wine online at 1725 \u20ac | FonsVinum","og_description":"Masseto 2005 Der Masseto ist ein rarer und kostbarer Cru mit Sammlerwert. Er z\u00e4hlt zu den exklusivsten Weinen der Welt, ist auf internationalen Weinauktionen ein \u00fcberaus begehrter Sammlerwein und erntet regelm\u00e4\u00dfig ausgezeichnete, ja, au\u00dferordentliche Bewertungen. \u00a0","og_url":"https:\/\/fonsvinum.com\/de\/produkt\/masseto-2005-2\/","og_site_name":"Fons Vinum","article_modified_time":"2019-10-31T08:32:32+00:00","og_image":[{"width":200,"height":600,"url":"https:\/\/fonsvinum.com\/files\/2013\/04\/toscana-rosso_ornellaia_masseto.png","type":"image\/png"}],"schema":{"@context":"https:\/\/schema.org","@graph":[{"@type":"WebPage","@id":"https:\/\/fonsvinum.com\/de\/produkt\/masseto-2005-2\/","url":"https:\/\/fonsvinum.com\/de\/produkt\/masseto-2005-2\/","name":"Buy Masseto 2005 wine online at 1725 \u20ac | FonsVinum","isPartOf":{"@id":"https:\/\/fonsvinum.com\/en\/#website"},"primaryImageOfPage":{"@id":"https:\/\/fonsvinum.com\/de\/produkt\/masseto-2005-2\/#primaryimage"},"image":{"@id":"https:\/\/fonsvinum.com\/de\/produkt\/masseto-2005-2\/#primaryimage"},"thumbnailUrl":"https:\/\/fonsvinum.com\/files\/2013\/04\/toscana-rosso_ornellaia_masseto.png","datePublished":"2016-01-14T08:43:36+00:00","dateModified":"2019-10-31T08:32:32+00:00","breadcrumb":{"@id":"https:\/\/fonsvinum.com\/de\/produkt\/masseto-2005-2\/#breadcrumb"},"inLanguage":"de","potentialAction":[{"@type":"ReadAction","target":["https:\/\/fonsvinum.com\/de\/produkt\/masseto-2005-2\/"]}]},{"@type":"ImageObject","inLanguage":"de","@id":"https:\/\/fonsvinum.com\/de\/produkt\/masseto-2005-2\/#primaryimage","url":"https:\/\/fonsvinum.com\/files\/2013\/04\/toscana-rosso_ornellaia_masseto.png","contentUrl":"https:\/\/fonsvinum.com\/files\/2013\/04\/toscana-rosso_ornellaia_masseto.png","width":200,"height":600},{"@type":"BreadcrumbList","@id":"https:\/\/fonsvinum.com\/de\/produkt\/masseto-2005-2\/#breadcrumb","itemListElement":[{"@type":"ListItem","position":1,"name":"Startseite","item":"https:\/\/fonsvinum.com\/de\/"},{"@type":"ListItem","position":2,"name":"Shop","item":"https:\/\/fonsvinum.com\/de\/shop\/"},{"@type":"ListItem","position":3,"name":"Masseto 2005"}]},{"@type":"WebSite","@id":"https:\/\/fonsvinum.com\/en\/#website","url":"https:\/\/fonsvinum.com\/en\/","name":"Fons Vinum","description":"Vendita Vino Online","publisher":{"@id":"https:\/\/fonsvinum.com\/en\/#organization"},"potentialAction":[{"@type":"SearchAction","target":{"@type":"EntryPoint","urlTemplate":"https:\/\/fonsvinum.com\/en\/?s={search_term_string}"},"query-input":{"@type":"PropertyValueSpecification","valueRequired":true,"valueName":"search_term_string"}}],"inLanguage":"de"},{"@type":"Organization","@id":"https:\/\/fonsvinum.com\/en\/#organization","name":"Fons Vinum","url":"https:\/\/fonsvinum.com\/en\/","logo":{"@type":"ImageObject","inLanguage":"de","@id":"https:\/\/fonsvinum.com\/en\/#\/schema\/logo\/image\/","url":"","contentUrl":"","caption":"Fons Vinum"},"image":{"@id":"https:\/\/fonsvinum.com\/en\/#\/schema\/logo\/image\/"}}]}},"acf":[],"_links":{"self":[{"href":"https:\/\/fonsvinum.com\/de\/wp-json\/wp\/v2\/product\/6871","targetHints":{"allow":["GET"]}}],"collection":[{"href":"https:\/\/fonsvinum.com\/de\/wp-json\/wp\/v2\/product"}],"about":[{"href":"https:\/\/fonsvinum.com\/de\/wp-json\/wp\/v2\/types\/product"}],"replies":[{"embeddable":true,"href":"https:\/\/fonsvinum.com\/de\/wp-json\/wp\/v2\/comments?post=6871"}],"wp:featuredmedia":[{"embeddable":true,"href":"https:\/\/fonsvinum.com\/de\/wp-json\/wp\/v2\/media\/6154"}],"wp:attachment":[{"href":"https:\/\/fonsvinum.com\/de\/wp-json\/wp\/v2\/media?parent=6871"}],"wp:term":[{"taxonomy":"product_brand","embeddable":true,"href":"https:\/\/fonsvinum.com\/de\/wp-json\/wp\/v2\/product_brand?post=6871"},{"taxonomy":"product_cat","embeddable":true,"href":"https:\/\/fonsvinum.com\/de\/wp-json\/wp\/v2\/product_cat?post=6871"},{"taxonomy":"product_tag","embeddable":true,"href":"https:\/\/fonsvinum.com\/de\/wp-json\/wp\/v2\/product_tag?post=6871"}],"curies":[{"name":"wp","href":"https:\/\/api.w.org\/{rel}","templated":true}]}}