{"id":6747,"date":"2015-12-29T11:00:02","date_gmt":"2015-12-29T10:00:02","guid":{"rendered":"http:\/\/fonsvinum.com\/de\/produkt\/roero-docg-az-agr-massucco-f-lli\/"},"modified":"2016-01-22T16:40:41","modified_gmt":"2016-01-22T15:40:41","slug":"roero-docg-az-agr-massucco-f-lli","status":"publish","type":"product","link":"https:\/\/fonsvinum.com\/de\/produkt\/roero-docg-az-agr-massucco-f-lli\/","title":{"rendered":"Roero DOCG  Az. Agr. Massucco F.lli"},"content":{"rendered":"<p>Roero DOCG Az. Agr. Massucco F.lli<\/p>\n<p>Ein tiefes Rubinrot zeichnet diesen einladenden Nebbiolo aus.\u00a0<\/p>\n<p>Ein duftiger Wein der gef\u00e4llt und \u00e4u\u00dferst trinkig ist, mit lang anhaltendem Abgang.<\/p>\n<p>Genie\u00dfen Sie ihn zu gebratenem roten Fleisch.<\/p>\n<p>&#8211; MEDALS: ANUGA 2015 (Gold) &#8211; Feminalize 2015 (Gold) &#8211; Mundus Vini 2015 (Silver) &#8211; Catavinum 2015 (Silver) \u00a0&#8211; IWSC 2015 (Bronze) &#8211; Decanter 2015 (Bronze)<\/p>\n<p>&#8211; GUIDES: Veronelli 2016 (89\/100 ) &#8211; Vitae 2016 (3 Viti) &#8211; Bibenda 2016 (3 grappoli) &#8211; Vini Buoni d&#8217;Italia 2016 (4 stelle ) &#8211; Espresso (3 Bottiglie) &#8211; Luca Meroni 2016 (85\/100)<\/p>\n<p>&#8211; RATING: Wein Plus (87\/100)<\/p>\n<p>\u00a0<\/p>\n","protected":false},"excerpt":{"rendered":"<p>Roero DOCG Az. Agr. Massucco F.lli Ein tiefes Rubinrot zeichnet diesen einladenden Nebbiolo aus.\u00a0 Ein duftiger Wein der gef\u00e4llt und \u00e4u\u00dferst trinkig ist, mit lang anhaltendem Abgang. Genie\u00dfen Sie ihn zu gebratenem roten Fleisch. &#8211; MEDALS: ANUGA 2015 (Gold) &#8211; Feminalize 2015 (Gold) &#8211; Mundus Vini 2015 (Silver) &#8211; Catavinum 2015 (Silver) \u00a0&#8211; IWSC 2015 [&hellip;]<\/p>\n","protected":false},"featured_media":6789,"comment_status":"open","ping_status":"closed","template":"","meta":{"_acf_changed":false,"_monsterinsights_skip_tracking":false,"_monsterinsights_sitenote_active":false,"_monsterinsights_sitenote_note":"","_monsterinsights_sitenote_category":0},"product_brand":[],"product_cat":[],"product_tag":[],"class_list":{"0":"post-6747","1":"product","2":"type-product","3":"status-publish","4":"has-post-thumbnail","7":"first","8":"instock","9":"taxable","10":"shipping-taxable","11":"purchasable","12":"product-type-simple"},"bundled_by":[],"bundle_stock_status":"instock","bundle_stock_quantity":null,"bundle_virtual":false,"bundle_layout":"","bundle_add_to_cart_form_location":"","bundle_editable_in_cart":false,"bundle_sold_individually_context":"","bundle_item_grouping":"","bundle_min_size":"","bundle_max_size":"","bundle_price":[],"bundled_items":[],"bundle_sell_ids":[],"yoast_head":"<!-- This site is optimized with the Yoast SEO plugin v27.2 - https:\/\/yoast.com\/product\/yoast-seo-wordpress\/ -->\n<title>Buy Roero DOCG Az. Agr. Massucco F.lli wine online at 12.8 \u20ac | FonsVinum<\/title>\n<meta name=\"robots\" content=\"index, follow, max-snippet:-1, max-image-preview:large, max-video-preview:-1\" \/>\n<link rel=\"canonical\" href=\"https:\/\/fonsvinum.com\/de\/produkt\/roero-docg-az-agr-massucco-f-lli\/\" \/>\n<meta property=\"og:locale\" content=\"de_DE\" \/>\n<meta property=\"og:type\" content=\"article\" \/>\n<meta property=\"og:title\" content=\"Buy Roero DOCG Az. Agr. Massucco F.lli wine online at 12.8 \u20ac | FonsVinum\" \/>\n<meta property=\"og:description\" content=\"Roero DOCG Az. Agr. Massucco F.lli Ein tiefes Rubinrot zeichnet diesen einladenden Nebbiolo aus.\u00a0 Ein duftiger Wein der gef\u00e4llt und \u00e4u\u00dferst trinkig ist, mit lang anhaltendem Abgang. Genie\u00dfen Sie ihn zu gebratenem roten Fleisch. &#8211; MEDALS: ANUGA 2015 (Gold) &#8211; Feminalize 2015 (Gold) &#8211; Mundus Vini 2015 (Silver) &#8211; Catavinum 2015 (Silver) \u00a0&#8211; IWSC 2015 [&hellip;]\" \/>\n<meta property=\"og:url\" content=\"https:\/\/fonsvinum.com\/de\/produkt\/roero-docg-az-agr-massucco-f-lli\/\" \/>\n<meta property=\"og:site_name\" content=\"Fons Vinum\" \/>\n<meta property=\"article:modified_time\" content=\"2016-01-22T15:40:41+00:00\" \/>\n<meta property=\"og:image\" content=\"https:\/\/fonsvinum.com\/files\/2015\/12\/roero-massucco.png\" \/>\n\t<meta property=\"og:image:width\" content=\"200\" \/>\n\t<meta property=\"og:image:height\" content=\"600\" \/>\n\t<meta property=\"og:image:type\" content=\"image\/png\" \/>\n<script type=\"application\/ld+json\" class=\"yoast-schema-graph\">{\"@context\":\"https:\/\/schema.org\",\"@graph\":[{\"@type\":\"WebPage\",\"@id\":\"https:\/\/fonsvinum.com\/de\/produkt\/roero-docg-az-agr-massucco-f-lli\/\",\"url\":\"https:\/\/fonsvinum.com\/de\/produkt\/roero-docg-az-agr-massucco-f-lli\/\",\"name\":\"Buy Roero DOCG Az. Agr. Massucco F.lli wine online at 12.8 \u20ac | FonsVinum\",\"isPartOf\":{\"@id\":\"https:\/\/fonsvinum.com\/en\/#website\"},\"primaryImageOfPage\":{\"@id\":\"https:\/\/fonsvinum.com\/de\/produkt\/roero-docg-az-agr-massucco-f-lli\/#primaryimage\"},\"image\":{\"@id\":\"https:\/\/fonsvinum.com\/de\/produkt\/roero-docg-az-agr-massucco-f-lli\/#primaryimage\"},\"thumbnailUrl\":\"https:\/\/fonsvinum.com\/files\/2015\/12\/roero-massucco.png\",\"datePublished\":\"2015-12-29T10:00:02+00:00\",\"dateModified\":\"2016-01-22T15:40:41+00:00\",\"breadcrumb\":{\"@id\":\"https:\/\/fonsvinum.com\/de\/produkt\/roero-docg-az-agr-massucco-f-lli\/#breadcrumb\"},\"inLanguage\":\"de\",\"potentialAction\":[{\"@type\":\"ReadAction\",\"target\":[\"https:\/\/fonsvinum.com\/de\/produkt\/roero-docg-az-agr-massucco-f-lli\/\"]}]},{\"@type\":\"ImageObject\",\"inLanguage\":\"de\",\"@id\":\"https:\/\/fonsvinum.com\/de\/produkt\/roero-docg-az-agr-massucco-f-lli\/#primaryimage\",\"url\":\"https:\/\/fonsvinum.com\/files\/2015\/12\/roero-massucco.png\",\"contentUrl\":\"https:\/\/fonsvinum.com\/files\/2015\/12\/roero-massucco.png\",\"width\":200,\"height\":600},{\"@type\":\"BreadcrumbList\",\"@id\":\"https:\/\/fonsvinum.com\/de\/produkt\/roero-docg-az-agr-massucco-f-lli\/#breadcrumb\",\"itemListElement\":[{\"@type\":\"ListItem\",\"position\":1,\"name\":\"Startseite\",\"item\":\"https:\/\/fonsvinum.com\/de\/\"},{\"@type\":\"ListItem\",\"position\":2,\"name\":\"Shop\",\"item\":\"https:\/\/fonsvinum.com\/de\/shop\/\"},{\"@type\":\"ListItem\",\"position\":3,\"name\":\"Roero DOCG Az. Agr. Massucco F.lli\"}]},{\"@type\":\"WebSite\",\"@id\":\"https:\/\/fonsvinum.com\/en\/#website\",\"url\":\"https:\/\/fonsvinum.com\/en\/\",\"name\":\"Fons Vinum\",\"description\":\"Vendita Vino Online\",\"publisher\":{\"@id\":\"https:\/\/fonsvinum.com\/en\/#organization\"},\"potentialAction\":[{\"@type\":\"SearchAction\",\"target\":{\"@type\":\"EntryPoint\",\"urlTemplate\":\"https:\/\/fonsvinum.com\/en\/?s={search_term_string}\"},\"query-input\":{\"@type\":\"PropertyValueSpecification\",\"valueRequired\":true,\"valueName\":\"search_term_string\"}}],\"inLanguage\":\"de\"},{\"@type\":\"Organization\",\"@id\":\"https:\/\/fonsvinum.com\/en\/#organization\",\"name\":\"Fons Vinum\",\"url\":\"https:\/\/fonsvinum.com\/en\/\",\"logo\":{\"@type\":\"ImageObject\",\"inLanguage\":\"de\",\"@id\":\"https:\/\/fonsvinum.com\/en\/#\/schema\/logo\/image\/\",\"url\":\"\",\"contentUrl\":\"\",\"caption\":\"Fons Vinum\"},\"image\":{\"@id\":\"https:\/\/fonsvinum.com\/en\/#\/schema\/logo\/image\/\"}}]}<\/script>\n<!-- \/ Yoast SEO plugin. -->","yoast_head_json":{"title":"Buy Roero DOCG Az. Agr. Massucco F.lli wine online at 12.8 \u20ac | FonsVinum","robots":{"index":"index","follow":"follow","max-snippet":"max-snippet:-1","max-image-preview":"max-image-preview:large","max-video-preview":"max-video-preview:-1"},"canonical":"https:\/\/fonsvinum.com\/de\/produkt\/roero-docg-az-agr-massucco-f-lli\/","og_locale":"de_DE","og_type":"article","og_title":"Buy Roero DOCG Az. Agr. Massucco F.lli wine online at 12.8 \u20ac | FonsVinum","og_description":"Roero DOCG Az. Agr. Massucco F.lli Ein tiefes Rubinrot zeichnet diesen einladenden Nebbiolo aus.\u00a0 Ein duftiger Wein der gef\u00e4llt und \u00e4u\u00dferst trinkig ist, mit lang anhaltendem Abgang. Genie\u00dfen Sie ihn zu gebratenem roten Fleisch. &#8211; MEDALS: ANUGA 2015 (Gold) &#8211; Feminalize 2015 (Gold) &#8211; Mundus Vini 2015 (Silver) &#8211; Catavinum 2015 (Silver) \u00a0&#8211; IWSC 2015 [&hellip;]","og_url":"https:\/\/fonsvinum.com\/de\/produkt\/roero-docg-az-agr-massucco-f-lli\/","og_site_name":"Fons Vinum","article_modified_time":"2016-01-22T15:40:41+00:00","og_image":[{"width":200,"height":600,"url":"https:\/\/fonsvinum.com\/files\/2015\/12\/roero-massucco.png","type":"image\/png"}],"schema":{"@context":"https:\/\/schema.org","@graph":[{"@type":"WebPage","@id":"https:\/\/fonsvinum.com\/de\/produkt\/roero-docg-az-agr-massucco-f-lli\/","url":"https:\/\/fonsvinum.com\/de\/produkt\/roero-docg-az-agr-massucco-f-lli\/","name":"Buy Roero DOCG Az. Agr. Massucco F.lli wine online at 12.8 \u20ac | FonsVinum","isPartOf":{"@id":"https:\/\/fonsvinum.com\/en\/#website"},"primaryImageOfPage":{"@id":"https:\/\/fonsvinum.com\/de\/produkt\/roero-docg-az-agr-massucco-f-lli\/#primaryimage"},"image":{"@id":"https:\/\/fonsvinum.com\/de\/produkt\/roero-docg-az-agr-massucco-f-lli\/#primaryimage"},"thumbnailUrl":"https:\/\/fonsvinum.com\/files\/2015\/12\/roero-massucco.png","datePublished":"2015-12-29T10:00:02+00:00","dateModified":"2016-01-22T15:40:41+00:00","breadcrumb":{"@id":"https:\/\/fonsvinum.com\/de\/produkt\/roero-docg-az-agr-massucco-f-lli\/#breadcrumb"},"inLanguage":"de","potentialAction":[{"@type":"ReadAction","target":["https:\/\/fonsvinum.com\/de\/produkt\/roero-docg-az-agr-massucco-f-lli\/"]}]},{"@type":"ImageObject","inLanguage":"de","@id":"https:\/\/fonsvinum.com\/de\/produkt\/roero-docg-az-agr-massucco-f-lli\/#primaryimage","url":"https:\/\/fonsvinum.com\/files\/2015\/12\/roero-massucco.png","contentUrl":"https:\/\/fonsvinum.com\/files\/2015\/12\/roero-massucco.png","width":200,"height":600},{"@type":"BreadcrumbList","@id":"https:\/\/fonsvinum.com\/de\/produkt\/roero-docg-az-agr-massucco-f-lli\/#breadcrumb","itemListElement":[{"@type":"ListItem","position":1,"name":"Startseite","item":"https:\/\/fonsvinum.com\/de\/"},{"@type":"ListItem","position":2,"name":"Shop","item":"https:\/\/fonsvinum.com\/de\/shop\/"},{"@type":"ListItem","position":3,"name":"Roero DOCG Az. Agr. Massucco F.lli"}]},{"@type":"WebSite","@id":"https:\/\/fonsvinum.com\/en\/#website","url":"https:\/\/fonsvinum.com\/en\/","name":"Fons Vinum","description":"Vendita Vino Online","publisher":{"@id":"https:\/\/fonsvinum.com\/en\/#organization"},"potentialAction":[{"@type":"SearchAction","target":{"@type":"EntryPoint","urlTemplate":"https:\/\/fonsvinum.com\/en\/?s={search_term_string}"},"query-input":{"@type":"PropertyValueSpecification","valueRequired":true,"valueName":"search_term_string"}}],"inLanguage":"de"},{"@type":"Organization","@id":"https:\/\/fonsvinum.com\/en\/#organization","name":"Fons Vinum","url":"https:\/\/fonsvinum.com\/en\/","logo":{"@type":"ImageObject","inLanguage":"de","@id":"https:\/\/fonsvinum.com\/en\/#\/schema\/logo\/image\/","url":"","contentUrl":"","caption":"Fons Vinum"},"image":{"@id":"https:\/\/fonsvinum.com\/en\/#\/schema\/logo\/image\/"}}]}},"acf":[],"_links":{"self":[{"href":"https:\/\/fonsvinum.com\/de\/wp-json\/wp\/v2\/product\/6747","targetHints":{"allow":["GET"]}}],"collection":[{"href":"https:\/\/fonsvinum.com\/de\/wp-json\/wp\/v2\/product"}],"about":[{"href":"https:\/\/fonsvinum.com\/de\/wp-json\/wp\/v2\/types\/product"}],"replies":[{"embeddable":true,"href":"https:\/\/fonsvinum.com\/de\/wp-json\/wp\/v2\/comments?post=6747"}],"wp:featuredmedia":[{"embeddable":true,"href":"https:\/\/fonsvinum.com\/de\/wp-json\/wp\/v2\/media\/6789"}],"wp:attachment":[{"href":"https:\/\/fonsvinum.com\/de\/wp-json\/wp\/v2\/media?parent=6747"}],"wp:term":[{"taxonomy":"product_brand","embeddable":true,"href":"https:\/\/fonsvinum.com\/de\/wp-json\/wp\/v2\/product_brand?post=6747"},{"taxonomy":"product_cat","embeddable":true,"href":"https:\/\/fonsvinum.com\/de\/wp-json\/wp\/v2\/product_cat?post=6747"},{"taxonomy":"product_tag","embeddable":true,"href":"https:\/\/fonsvinum.com\/de\/wp-json\/wp\/v2\/product_tag?post=6747"}],"curies":[{"name":"wp","href":"https:\/\/api.w.org\/{rel}","templated":true}]}}