{"id":6642,"date":"2013-04-25T16:31:03","date_gmt":"2013-04-25T14:31:03","guid":{"rendered":"http:\/\/fonsvinum.com\/product\/le-bout-du-clos-champagne-selosse-lieux-dits-2\/"},"modified":"2020-01-16T10:28:14","modified_gmt":"2020-01-16T09:28:14","slug":"le-bout-du-clos-champagne-selosse-lieux-dits-2","status":"publish","type":"product","link":"https:\/\/fonsvinum.com\/de\/produkt\/le-bout-du-clos-champagne-selosse-lieux-dits-2\/","title":{"rendered":"Le Bout du Clos Champagne Selosse Lieux Dits"},"content":{"rendered":"<p>Le Bout du Clos Champagne Selosse Lieux Dits<\/p>\n<p>Anselme Selosse ist der unbestrittene Chef der Champagnerwinzer seiner Generation. Beeindruckt von der Vinifikation der grossen\u00a0wei\u00dfen Burgunder in Holzf\u00e4ssern, besann sich Anselme auf die alte Tradition, auch in der Champagne den Grundwein in Barriques\u00a0auf der Hefe auszubauen. Die Cuv\u00e9e Substance und Mill\u00e9sim\u00e9 z\u00e4hlen zu den absoluten Spitzen der Champagne.<\/p>\n<p>Selosses Passion\u00a0gilt den Substance er baut diesen Champagner nach dem &#8220; Solera-Verfahren&#8220; aus, d. h. die F\u00e4sser der \u00e4lteren Jahrg\u00e4ngen werden\u00a0sukzessiv immer wieder mit j\u00fcngeren Weine auf so da\u00df die Aromen der \u00e4lteren mit den j\u00fcngeren Jahrg\u00e4ngen verschmelzen.\u00a0Nach dem Selosse biologischen und biodynamischen Metoden anwendete, f\u00fchlt er sich heute der Philosophie der &#8220; Permakatlur&#8220;\u00a0und Landwirts Masanabu Fukuoka n\u00e4her, die auf die Schaffung von naturnahem dauerhaft kunktionierende Kreisl\u00e4ufen abzielt.<br \/>Die Domaine verf\u00fcgt heute ca. 8 Hektar Reben ausschli\u00dflich in Grands Crus Lagen, die gesamt Produktion liegt bei ca. 57.000 Fl<\/p>\n","protected":false},"excerpt":{"rendered":"<p>Le Bout du Clos Champagne Selosse Lieux Dits Anselme Selosse ist der unbestrittene Chef der Champagnerwinzer seiner Generation. Beeindruckt von der Vinifikation der grossen\u00a0wei\u00dfen Burgunder in Holzf\u00e4ssern, besann sich Anselme auf die alte Tradition, auch in der Champagne den Grundwein in Barriques\u00a0auf der Hefe auszubauen. Die Cuv\u00e9e Substance und Mill\u00e9sim\u00e9 z\u00e4hlen zu den absoluten Spitzen [&hellip;]<\/p>\n","protected":false},"featured_media":6644,"comment_status":"open","ping_status":"closed","template":"","meta":{"_acf_changed":false,"_monsterinsights_skip_tracking":false,"_monsterinsights_sitenote_active":false,"_monsterinsights_sitenote_note":"","_monsterinsights_sitenote_category":0},"product_brand":[],"product_cat":[2160,1480],"product_tag":[1733,1802],"class_list":{"0":"post-6642","1":"product","2":"type-product","3":"status-publish","4":"has-post-thumbnail","6":"product_cat-champagne-de","7":"product_cat-blanc-de-noir-de-de","8":"product_tag-aussergewoehnliche-weine-de","9":"product_tag-champagne-de","10":"pa_appellation-champagne-aoc-de","11":"pa_formato-0-75-l-flasche-de","12":"pa_producer-jacques-selosse-de","13":"pa_region-champagne-de","14":"pa_vine-100-pinot-noir-de","15":"pa_vintage-s-a-de","17":"first","18":"instock","19":"taxable","20":"shipping-taxable","21":"purchasable","22":"product-type-simple"},"bundled_by":[],"bundle_stock_status":"instock","bundle_stock_quantity":1,"bundle_virtual":false,"bundle_layout":"","bundle_add_to_cart_form_location":"","bundle_editable_in_cart":false,"bundle_sold_individually_context":"","bundle_item_grouping":"","bundle_min_size":"","bundle_max_size":"","bundle_price":[],"bundled_items":[],"bundle_sell_ids":[],"yoast_head":"<!-- This site is optimized with the Yoast SEO plugin v27.3 - https:\/\/yoast.com\/product\/yoast-seo-wordpress\/ -->\n<title>Buy Le Bout du Clos Champagne Selosse Lieux Dits wine online at 1090 \u20ac | FonsVinum<\/title>\n<meta name=\"robots\" content=\"index, follow, max-snippet:-1, max-image-preview:large, max-video-preview:-1\" \/>\n<link rel=\"canonical\" href=\"https:\/\/fonsvinum.com\/de\/produkt\/le-bout-du-clos-champagne-selosse-lieux-dits-2\/\" \/>\n<meta property=\"og:locale\" content=\"de_DE\" \/>\n<meta property=\"og:type\" content=\"article\" \/>\n<meta property=\"og:title\" content=\"Buy Le Bout du Clos Champagne Selosse Lieux Dits wine online at 1090 \u20ac | FonsVinum\" \/>\n<meta property=\"og:description\" content=\"Le Bout du Clos Champagne Selosse Lieux Dits Anselme Selosse ist der unbestrittene Chef der Champagnerwinzer seiner Generation. Beeindruckt von der Vinifikation der grossen\u00a0wei\u00dfen Burgunder in Holzf\u00e4ssern, besann sich Anselme auf die alte Tradition, auch in der Champagne den Grundwein in Barriques\u00a0auf der Hefe auszubauen. Die Cuv\u00e9e Substance und Mill\u00e9sim\u00e9 z\u00e4hlen zu den absoluten Spitzen [&hellip;]\" \/>\n<meta property=\"og:url\" content=\"https:\/\/fonsvinum.com\/de\/produkt\/le-bout-du-clos-champagne-selosse-lieux-dits-2\/\" \/>\n<meta property=\"og:site_name\" content=\"Fons Vinum\" \/>\n<meta property=\"article:modified_time\" content=\"2020-01-16T09:28:14+00:00\" \/>\n<meta property=\"og:image\" content=\"https:\/\/fonsvinum.com\/files\/2013\/04\/le-bout-du-clos-selosse-lieux-dits.jpg\" \/>\n\t<meta property=\"og:image:width\" content=\"350\" \/>\n\t<meta property=\"og:image:height\" content=\"814\" \/>\n\t<meta property=\"og:image:type\" content=\"image\/jpeg\" \/>\n<meta name=\"twitter:label1\" content=\"Gesch\u00e4tzte Lesezeit\" \/>\n\t<meta name=\"twitter:data1\" content=\"1\u00a0Minute\" \/>\n<script type=\"application\/ld+json\" class=\"yoast-schema-graph\">{\"@context\":\"https:\\\/\\\/schema.org\",\"@graph\":[{\"@type\":\"WebPage\",\"@id\":\"https:\\\/\\\/fonsvinum.com\\\/de\\\/produkt\\\/le-bout-du-clos-champagne-selosse-lieux-dits-2\\\/\",\"url\":\"https:\\\/\\\/fonsvinum.com\\\/de\\\/produkt\\\/le-bout-du-clos-champagne-selosse-lieux-dits-2\\\/\",\"name\":\"Buy Le Bout du Clos Champagne Selosse Lieux Dits wine online at 1090 \u20ac | FonsVinum\",\"isPartOf\":{\"@id\":\"https:\\\/\\\/fonsvinum.com\\\/en\\\/#website\"},\"primaryImageOfPage\":{\"@id\":\"https:\\\/\\\/fonsvinum.com\\\/de\\\/produkt\\\/le-bout-du-clos-champagne-selosse-lieux-dits-2\\\/#primaryimage\"},\"image\":{\"@id\":\"https:\\\/\\\/fonsvinum.com\\\/de\\\/produkt\\\/le-bout-du-clos-champagne-selosse-lieux-dits-2\\\/#primaryimage\"},\"thumbnailUrl\":\"https:\\\/\\\/fonsvinum.com\\\/files\\\/2013\\\/04\\\/le-bout-du-clos-selosse-lieux-dits.jpg\",\"datePublished\":\"2013-04-25T14:31:03+00:00\",\"dateModified\":\"2020-01-16T09:28:14+00:00\",\"breadcrumb\":{\"@id\":\"https:\\\/\\\/fonsvinum.com\\\/de\\\/produkt\\\/le-bout-du-clos-champagne-selosse-lieux-dits-2\\\/#breadcrumb\"},\"inLanguage\":\"de\",\"potentialAction\":[{\"@type\":\"ReadAction\",\"target\":[\"https:\\\/\\\/fonsvinum.com\\\/de\\\/produkt\\\/le-bout-du-clos-champagne-selosse-lieux-dits-2\\\/\"]}]},{\"@type\":\"ImageObject\",\"inLanguage\":\"de\",\"@id\":\"https:\\\/\\\/fonsvinum.com\\\/de\\\/produkt\\\/le-bout-du-clos-champagne-selosse-lieux-dits-2\\\/#primaryimage\",\"url\":\"https:\\\/\\\/fonsvinum.com\\\/files\\\/2013\\\/04\\\/le-bout-du-clos-selosse-lieux-dits.jpg\",\"contentUrl\":\"https:\\\/\\\/fonsvinum.com\\\/files\\\/2013\\\/04\\\/le-bout-du-clos-selosse-lieux-dits.jpg\",\"width\":350,\"height\":814},{\"@type\":\"BreadcrumbList\",\"@id\":\"https:\\\/\\\/fonsvinum.com\\\/de\\\/produkt\\\/le-bout-du-clos-champagne-selosse-lieux-dits-2\\\/#breadcrumb\",\"itemListElement\":[{\"@type\":\"ListItem\",\"position\":1,\"name\":\"Startseite\",\"item\":\"https:\\\/\\\/fonsvinum.com\\\/de\\\/\"},{\"@type\":\"ListItem\",\"position\":2,\"name\":\"Shop\",\"item\":\"https:\\\/\\\/fonsvinum.com\\\/de\\\/shop\\\/\"},{\"@type\":\"ListItem\",\"position\":3,\"name\":\"Le Bout du Clos Champagne Selosse Lieux Dits\"}]},{\"@type\":\"WebSite\",\"@id\":\"https:\\\/\\\/fonsvinum.com\\\/en\\\/#website\",\"url\":\"https:\\\/\\\/fonsvinum.com\\\/en\\\/\",\"name\":\"Fons Vinum\",\"description\":\"Vendita Vino Online\",\"publisher\":{\"@id\":\"https:\\\/\\\/fonsvinum.com\\\/en\\\/#organization\"},\"potentialAction\":[{\"@type\":\"SearchAction\",\"target\":{\"@type\":\"EntryPoint\",\"urlTemplate\":\"https:\\\/\\\/fonsvinum.com\\\/en\\\/?s={search_term_string}\"},\"query-input\":{\"@type\":\"PropertyValueSpecification\",\"valueRequired\":true,\"valueName\":\"search_term_string\"}}],\"inLanguage\":\"de\"},{\"@type\":\"Organization\",\"@id\":\"https:\\\/\\\/fonsvinum.com\\\/en\\\/#organization\",\"name\":\"Fons Vinum\",\"url\":\"https:\\\/\\\/fonsvinum.com\\\/en\\\/\",\"logo\":{\"@type\":\"ImageObject\",\"inLanguage\":\"de\",\"@id\":\"https:\\\/\\\/fonsvinum.com\\\/en\\\/#\\\/schema\\\/logo\\\/image\\\/\",\"url\":\"\",\"contentUrl\":\"\",\"caption\":\"Fons Vinum\"},\"image\":{\"@id\":\"https:\\\/\\\/fonsvinum.com\\\/en\\\/#\\\/schema\\\/logo\\\/image\\\/\"}}]}<\/script>\n<!-- \/ Yoast SEO plugin. -->","yoast_head_json":{"title":"Buy Le Bout du Clos Champagne Selosse Lieux Dits wine online at 1090 \u20ac | FonsVinum","robots":{"index":"index","follow":"follow","max-snippet":"max-snippet:-1","max-image-preview":"max-image-preview:large","max-video-preview":"max-video-preview:-1"},"canonical":"https:\/\/fonsvinum.com\/de\/produkt\/le-bout-du-clos-champagne-selosse-lieux-dits-2\/","og_locale":"de_DE","og_type":"article","og_title":"Buy Le Bout du Clos Champagne Selosse Lieux Dits wine online at 1090 \u20ac | FonsVinum","og_description":"Le Bout du Clos Champagne Selosse Lieux Dits Anselme Selosse ist der unbestrittene Chef der Champagnerwinzer seiner Generation. Beeindruckt von der Vinifikation der grossen\u00a0wei\u00dfen Burgunder in Holzf\u00e4ssern, besann sich Anselme auf die alte Tradition, auch in der Champagne den Grundwein in Barriques\u00a0auf der Hefe auszubauen. Die Cuv\u00e9e Substance und Mill\u00e9sim\u00e9 z\u00e4hlen zu den absoluten Spitzen [&hellip;]","og_url":"https:\/\/fonsvinum.com\/de\/produkt\/le-bout-du-clos-champagne-selosse-lieux-dits-2\/","og_site_name":"Fons Vinum","article_modified_time":"2020-01-16T09:28:14+00:00","og_image":[{"width":350,"height":814,"url":"https:\/\/fonsvinum.com\/files\/2013\/04\/le-bout-du-clos-selosse-lieux-dits.jpg","type":"image\/jpeg"}],"twitter_misc":{"Gesch\u00e4tzte Lesezeit":"1\u00a0Minute"},"schema":{"@context":"https:\/\/schema.org","@graph":[{"@type":"WebPage","@id":"https:\/\/fonsvinum.com\/de\/produkt\/le-bout-du-clos-champagne-selosse-lieux-dits-2\/","url":"https:\/\/fonsvinum.com\/de\/produkt\/le-bout-du-clos-champagne-selosse-lieux-dits-2\/","name":"Buy Le Bout du Clos Champagne Selosse Lieux Dits wine online at 1090 \u20ac | FonsVinum","isPartOf":{"@id":"https:\/\/fonsvinum.com\/en\/#website"},"primaryImageOfPage":{"@id":"https:\/\/fonsvinum.com\/de\/produkt\/le-bout-du-clos-champagne-selosse-lieux-dits-2\/#primaryimage"},"image":{"@id":"https:\/\/fonsvinum.com\/de\/produkt\/le-bout-du-clos-champagne-selosse-lieux-dits-2\/#primaryimage"},"thumbnailUrl":"https:\/\/fonsvinum.com\/files\/2013\/04\/le-bout-du-clos-selosse-lieux-dits.jpg","datePublished":"2013-04-25T14:31:03+00:00","dateModified":"2020-01-16T09:28:14+00:00","breadcrumb":{"@id":"https:\/\/fonsvinum.com\/de\/produkt\/le-bout-du-clos-champagne-selosse-lieux-dits-2\/#breadcrumb"},"inLanguage":"de","potentialAction":[{"@type":"ReadAction","target":["https:\/\/fonsvinum.com\/de\/produkt\/le-bout-du-clos-champagne-selosse-lieux-dits-2\/"]}]},{"@type":"ImageObject","inLanguage":"de","@id":"https:\/\/fonsvinum.com\/de\/produkt\/le-bout-du-clos-champagne-selosse-lieux-dits-2\/#primaryimage","url":"https:\/\/fonsvinum.com\/files\/2013\/04\/le-bout-du-clos-selosse-lieux-dits.jpg","contentUrl":"https:\/\/fonsvinum.com\/files\/2013\/04\/le-bout-du-clos-selosse-lieux-dits.jpg","width":350,"height":814},{"@type":"BreadcrumbList","@id":"https:\/\/fonsvinum.com\/de\/produkt\/le-bout-du-clos-champagne-selosse-lieux-dits-2\/#breadcrumb","itemListElement":[{"@type":"ListItem","position":1,"name":"Startseite","item":"https:\/\/fonsvinum.com\/de\/"},{"@type":"ListItem","position":2,"name":"Shop","item":"https:\/\/fonsvinum.com\/de\/shop\/"},{"@type":"ListItem","position":3,"name":"Le Bout du Clos Champagne Selosse Lieux Dits"}]},{"@type":"WebSite","@id":"https:\/\/fonsvinum.com\/en\/#website","url":"https:\/\/fonsvinum.com\/en\/","name":"Fons Vinum","description":"Vendita Vino Online","publisher":{"@id":"https:\/\/fonsvinum.com\/en\/#organization"},"potentialAction":[{"@type":"SearchAction","target":{"@type":"EntryPoint","urlTemplate":"https:\/\/fonsvinum.com\/en\/?s={search_term_string}"},"query-input":{"@type":"PropertyValueSpecification","valueRequired":true,"valueName":"search_term_string"}}],"inLanguage":"de"},{"@type":"Organization","@id":"https:\/\/fonsvinum.com\/en\/#organization","name":"Fons Vinum","url":"https:\/\/fonsvinum.com\/en\/","logo":{"@type":"ImageObject","inLanguage":"de","@id":"https:\/\/fonsvinum.com\/en\/#\/schema\/logo\/image\/","url":"","contentUrl":"","caption":"Fons Vinum"},"image":{"@id":"https:\/\/fonsvinum.com\/en\/#\/schema\/logo\/image\/"}}]}},"acf":[],"_links":{"self":[{"href":"https:\/\/fonsvinum.com\/de\/wp-json\/wp\/v2\/product\/6642","targetHints":{"allow":["GET"]}}],"collection":[{"href":"https:\/\/fonsvinum.com\/de\/wp-json\/wp\/v2\/product"}],"about":[{"href":"https:\/\/fonsvinum.com\/de\/wp-json\/wp\/v2\/types\/product"}],"replies":[{"embeddable":true,"href":"https:\/\/fonsvinum.com\/de\/wp-json\/wp\/v2\/comments?post=6642"}],"wp:featuredmedia":[{"embeddable":true,"href":"https:\/\/fonsvinum.com\/de\/wp-json\/wp\/v2\/media\/6644"}],"wp:attachment":[{"href":"https:\/\/fonsvinum.com\/de\/wp-json\/wp\/v2\/media?parent=6642"}],"wp:term":[{"taxonomy":"product_brand","embeddable":true,"href":"https:\/\/fonsvinum.com\/de\/wp-json\/wp\/v2\/product_brand?post=6642"},{"taxonomy":"product_cat","embeddable":true,"href":"https:\/\/fonsvinum.com\/de\/wp-json\/wp\/v2\/product_cat?post=6642"},{"taxonomy":"product_tag","embeddable":true,"href":"https:\/\/fonsvinum.com\/de\/wp-json\/wp\/v2\/product_tag?post=6642"}],"curies":[{"name":"wp","href":"https:\/\/api.w.org\/{rel}","templated":true}]}}