{"id":6590,"date":"2014-02-14T12:04:16","date_gmt":"2014-02-14T11:04:16","guid":{"rendered":"http:\/\/fonsvinum.com\/product\/champagne-les-originelles-blanc-de-blancs-premier-cru-millesime-2008-j-chopin-2\/"},"modified":"2020-01-15T11:42:05","modified_gmt":"2020-01-15T10:42:05","slug":"champagne-les-originelles-blanc-de-blancs-premier-cru-millesime-2008-j-chopin-2","status":"publish","type":"product","link":"https:\/\/fonsvinum.com\/de\/produkt\/champagne-les-originelles-blanc-de-blancs-premier-cru-millesime-2008-j-chopin-2\/","title":{"rendered":"Champagne Les Originelles Blanc de Noirs Extra Brut J.CHOPIN"},"content":{"rendered":"<h1>Champagne Les Originelles Blanc de Noirs Extra Brut J.CHOPIN<\/h1>\n<h3>Champagne Les Originelles Blanc de Noirs Extra Brut J.CHOPIN<\/h3>\n<p>Intensive und helle goldgelbe Farbe mit leuchtenden hellen stroh-gelben Schimmern<\/p>\n<p>Die erste Nase ist offen und sauber.<\/p>\n<p>Der Wein ruft D\u00fcften von Jasmin und Veilchen wach, gemischt mit Noten von schwarzen Johannisbeeren, gelben Pfirsichen und roten \u00c4pfeln.<\/p>\n<p>Bei der Bel\u00fcftung entwickelt die Nase mineralische, lehmige und knoblauchhaltige Noten sowie Nuancen aus Humushaltiger Erde, Feige, Heidelbeeren und Zwetschken.<\/p>\n<p>Am Gaumen ist der Champagner vorerst frisch und geschmeidig, das darin aufgel\u00f6ste Sprudeln ist cremig.<\/p>\n<p>Der Wein entwickelt sich dann reichhaltig, fleischig und f\u00fcllig und erinnert an schwarze Fr\u00fcchte und Kirschen, mit w\u00fcrzigen Nuancen aus Kardamom und Muskat.<\/p>\n<p>Dieser charaktervolle Champagner erm\u00f6glicht Dank Sauberkeit und Weinigkeit die Suche nach fleischigen, jodierten und erdigen Gerichten: Foiegras\u00a0mit Lebkuchen, Masth\u00e4hnchen-Supr\u00eame mit gebratenem Gem\u00fcse&#8230;<\/p>\n","protected":false},"excerpt":{"rendered":"<p>Champagne Les Originelles Blanc de Noirs Extra Brut J.CHOPIN Champagne Les Originelles Blanc de Noirs Extra Brut J.CHOPIN Intensive und helle goldgelbe Farbe mit leuchtenden hellen stroh-gelben Schimmern Die erste Nase ist offen und sauber. Der Wein ruft D\u00fcften von Jasmin und Veilchen wach, gemischt mit Noten von schwarzen Johannisbeeren, gelben Pfirsichen und roten \u00c4pfeln. [&hellip;]<\/p>\n","protected":false},"featured_media":15153,"comment_status":"open","ping_status":"closed","template":"","meta":{"_acf_changed":false,"_monsterinsights_skip_tracking":false,"_monsterinsights_sitenote_active":false,"_monsterinsights_sitenote_note":"","_monsterinsights_sitenote_category":0},"product_brand":[],"product_cat":[1480],"product_tag":[1802],"class_list":{"0":"post-6590","1":"product","2":"type-product","3":"status-publish","4":"has-post-thumbnail","6":"product_cat-blanc-de-noir-de-de","7":"product_tag-champagne-de","8":"pa_appellation-champagne-aoc-de","9":"pa_formato-0-75-l-flasche-de","10":"pa_producer-julien-chopin-de","11":"pa_region-champagne-de","12":"pa_vine-60-pinot-noir-40-pinot-meunier-de","13":"pa_vintage-s-a-de","15":"first","16":"instock","17":"sale","18":"taxable","19":"shipping-taxable","20":"purchasable","21":"product-type-simple"},"bundled_by":[],"bundle_stock_status":"instock","bundle_stock_quantity":6,"bundle_virtual":false,"bundle_layout":"","bundle_add_to_cart_form_location":"","bundle_editable_in_cart":false,"bundle_sold_individually_context":"","bundle_item_grouping":"","bundle_min_size":"","bundle_max_size":"","bundle_price":[],"bundled_items":[],"bundle_sell_ids":[25179],"yoast_head":"<!-- This site is optimized with the Yoast SEO plugin v27.3 - https:\/\/yoast.com\/product\/yoast-seo-wordpress\/ -->\n<title>Champagne Les Originelles Blanc de Noirs Extra Brut J.CHOPIN<\/title>\n<meta name=\"description\" content=\"Champagne Les Originelles Blanc de Noirs Extra Brut J.CHOPIN I Fonsvinum rare Weine online aus Piedmont,Toskana und Venetien\" \/>\n<meta name=\"robots\" content=\"index, follow, max-snippet:-1, max-image-preview:large, max-video-preview:-1\" \/>\n<link rel=\"canonical\" href=\"https:\/\/fonsvinum.com\/de\/produkt\/champagne-les-originelles-blanc-de-blancs-premier-cru-millesime-2008-j-chopin-2\/\" \/>\n<meta property=\"og:locale\" content=\"de_DE\" \/>\n<meta property=\"og:type\" content=\"article\" \/>\n<meta property=\"og:title\" content=\"Champagne Les Originelles Blanc de Noirs Extra Brut J.CHOPIN\" \/>\n<meta property=\"og:description\" content=\"Champagne Les Originelles Blanc de Noirs Extra Brut J.CHOPIN I Fonsvinum rare Weine online aus Piedmont,Toskana und Venetien\" \/>\n<meta property=\"og:url\" content=\"https:\/\/fonsvinum.com\/de\/produkt\/champagne-les-originelles-blanc-de-blancs-premier-cru-millesime-2008-j-chopin-2\/\" \/>\n<meta property=\"og:site_name\" content=\"Fons Vinum\" \/>\n<meta property=\"article:modified_time\" content=\"2020-01-15T10:42:05+00:00\" \/>\n<meta property=\"og:image\" content=\"https:\/\/fonsvinum.com\/files\/2014\/02\/chopin_lesoriginells_-bdn.jpg\" \/>\n\t<meta property=\"og:image:width\" content=\"480\" \/>\n\t<meta property=\"og:image:height\" content=\"840\" \/>\n\t<meta property=\"og:image:type\" content=\"image\/jpeg\" \/>\n<meta name=\"twitter:label1\" content=\"Gesch\u00e4tzte Lesezeit\" \/>\n\t<meta name=\"twitter:data1\" content=\"1\u00a0Minute\" \/>\n<script type=\"application\/ld+json\" class=\"yoast-schema-graph\">{\"@context\":\"https:\\\/\\\/schema.org\",\"@graph\":[{\"@type\":\"WebPage\",\"@id\":\"https:\\\/\\\/fonsvinum.com\\\/de\\\/produkt\\\/champagne-les-originelles-blanc-de-blancs-premier-cru-millesime-2008-j-chopin-2\\\/\",\"url\":\"https:\\\/\\\/fonsvinum.com\\\/de\\\/produkt\\\/champagne-les-originelles-blanc-de-blancs-premier-cru-millesime-2008-j-chopin-2\\\/\",\"name\":\"Champagne Les Originelles Blanc de Noirs Extra Brut J.CHOPIN\",\"isPartOf\":{\"@id\":\"https:\\\/\\\/fonsvinum.com\\\/en\\\/#website\"},\"primaryImageOfPage\":{\"@id\":\"https:\\\/\\\/fonsvinum.com\\\/de\\\/produkt\\\/champagne-les-originelles-blanc-de-blancs-premier-cru-millesime-2008-j-chopin-2\\\/#primaryimage\"},\"image\":{\"@id\":\"https:\\\/\\\/fonsvinum.com\\\/de\\\/produkt\\\/champagne-les-originelles-blanc-de-blancs-premier-cru-millesime-2008-j-chopin-2\\\/#primaryimage\"},\"thumbnailUrl\":\"https:\\\/\\\/fonsvinum.com\\\/files\\\/2014\\\/02\\\/chopin_lesoriginells_-bdn.jpg\",\"datePublished\":\"2014-02-14T11:04:16+00:00\",\"dateModified\":\"2020-01-15T10:42:05+00:00\",\"description\":\"Champagne Les Originelles Blanc de Noirs Extra Brut J.CHOPIN I Fonsvinum rare Weine online aus Piedmont,Toskana und Venetien\",\"breadcrumb\":{\"@id\":\"https:\\\/\\\/fonsvinum.com\\\/de\\\/produkt\\\/champagne-les-originelles-blanc-de-blancs-premier-cru-millesime-2008-j-chopin-2\\\/#breadcrumb\"},\"inLanguage\":\"de\",\"potentialAction\":[{\"@type\":\"ReadAction\",\"target\":[\"https:\\\/\\\/fonsvinum.com\\\/de\\\/produkt\\\/champagne-les-originelles-blanc-de-blancs-premier-cru-millesime-2008-j-chopin-2\\\/\"]}]},{\"@type\":\"ImageObject\",\"inLanguage\":\"de\",\"@id\":\"https:\\\/\\\/fonsvinum.com\\\/de\\\/produkt\\\/champagne-les-originelles-blanc-de-blancs-premier-cru-millesime-2008-j-chopin-2\\\/#primaryimage\",\"url\":\"https:\\\/\\\/fonsvinum.com\\\/files\\\/2014\\\/02\\\/chopin_lesoriginells_-bdn.jpg\",\"contentUrl\":\"https:\\\/\\\/fonsvinum.com\\\/files\\\/2014\\\/02\\\/chopin_lesoriginells_-bdn.jpg\",\"width\":480,\"height\":840},{\"@type\":\"BreadcrumbList\",\"@id\":\"https:\\\/\\\/fonsvinum.com\\\/de\\\/produkt\\\/champagne-les-originelles-blanc-de-blancs-premier-cru-millesime-2008-j-chopin-2\\\/#breadcrumb\",\"itemListElement\":[{\"@type\":\"ListItem\",\"position\":1,\"name\":\"Startseite\",\"item\":\"https:\\\/\\\/fonsvinum.com\\\/de\\\/\"},{\"@type\":\"ListItem\",\"position\":2,\"name\":\"Shop\",\"item\":\"https:\\\/\\\/fonsvinum.com\\\/de\\\/shop\\\/\"},{\"@type\":\"ListItem\",\"position\":3,\"name\":\"Champagne Les Originelles Blanc de Noirs Extra Brut J.CHOPIN\"}]},{\"@type\":\"WebSite\",\"@id\":\"https:\\\/\\\/fonsvinum.com\\\/en\\\/#website\",\"url\":\"https:\\\/\\\/fonsvinum.com\\\/en\\\/\",\"name\":\"Fons Vinum\",\"description\":\"Vendita Vino Online\",\"publisher\":{\"@id\":\"https:\\\/\\\/fonsvinum.com\\\/en\\\/#organization\"},\"potentialAction\":[{\"@type\":\"SearchAction\",\"target\":{\"@type\":\"EntryPoint\",\"urlTemplate\":\"https:\\\/\\\/fonsvinum.com\\\/en\\\/?s={search_term_string}\"},\"query-input\":{\"@type\":\"PropertyValueSpecification\",\"valueRequired\":true,\"valueName\":\"search_term_string\"}}],\"inLanguage\":\"de\"},{\"@type\":\"Organization\",\"@id\":\"https:\\\/\\\/fonsvinum.com\\\/en\\\/#organization\",\"name\":\"Fons Vinum\",\"url\":\"https:\\\/\\\/fonsvinum.com\\\/en\\\/\",\"logo\":{\"@type\":\"ImageObject\",\"inLanguage\":\"de\",\"@id\":\"https:\\\/\\\/fonsvinum.com\\\/en\\\/#\\\/schema\\\/logo\\\/image\\\/\",\"url\":\"\",\"contentUrl\":\"\",\"caption\":\"Fons Vinum\"},\"image\":{\"@id\":\"https:\\\/\\\/fonsvinum.com\\\/en\\\/#\\\/schema\\\/logo\\\/image\\\/\"}}]}<\/script>\n<!-- \/ Yoast SEO plugin. -->","yoast_head_json":{"title":"Champagne Les Originelles Blanc de Noirs Extra Brut J.CHOPIN","description":"Champagne Les Originelles Blanc de Noirs Extra Brut J.CHOPIN I Fonsvinum rare Weine online aus Piedmont,Toskana und Venetien","robots":{"index":"index","follow":"follow","max-snippet":"max-snippet:-1","max-image-preview":"max-image-preview:large","max-video-preview":"max-video-preview:-1"},"canonical":"https:\/\/fonsvinum.com\/de\/produkt\/champagne-les-originelles-blanc-de-blancs-premier-cru-millesime-2008-j-chopin-2\/","og_locale":"de_DE","og_type":"article","og_title":"Champagne Les Originelles Blanc de Noirs Extra Brut J.CHOPIN","og_description":"Champagne Les Originelles Blanc de Noirs Extra Brut J.CHOPIN I Fonsvinum rare Weine online aus Piedmont,Toskana und Venetien","og_url":"https:\/\/fonsvinum.com\/de\/produkt\/champagne-les-originelles-blanc-de-blancs-premier-cru-millesime-2008-j-chopin-2\/","og_site_name":"Fons Vinum","article_modified_time":"2020-01-15T10:42:05+00:00","og_image":[{"width":480,"height":840,"url":"https:\/\/fonsvinum.com\/files\/2014\/02\/chopin_lesoriginells_-bdn.jpg","type":"image\/jpeg"}],"twitter_misc":{"Gesch\u00e4tzte Lesezeit":"1\u00a0Minute"},"schema":{"@context":"https:\/\/schema.org","@graph":[{"@type":"WebPage","@id":"https:\/\/fonsvinum.com\/de\/produkt\/champagne-les-originelles-blanc-de-blancs-premier-cru-millesime-2008-j-chopin-2\/","url":"https:\/\/fonsvinum.com\/de\/produkt\/champagne-les-originelles-blanc-de-blancs-premier-cru-millesime-2008-j-chopin-2\/","name":"Champagne Les Originelles Blanc de Noirs Extra Brut J.CHOPIN","isPartOf":{"@id":"https:\/\/fonsvinum.com\/en\/#website"},"primaryImageOfPage":{"@id":"https:\/\/fonsvinum.com\/de\/produkt\/champagne-les-originelles-blanc-de-blancs-premier-cru-millesime-2008-j-chopin-2\/#primaryimage"},"image":{"@id":"https:\/\/fonsvinum.com\/de\/produkt\/champagne-les-originelles-blanc-de-blancs-premier-cru-millesime-2008-j-chopin-2\/#primaryimage"},"thumbnailUrl":"https:\/\/fonsvinum.com\/files\/2014\/02\/chopin_lesoriginells_-bdn.jpg","datePublished":"2014-02-14T11:04:16+00:00","dateModified":"2020-01-15T10:42:05+00:00","description":"Champagne Les Originelles Blanc de Noirs Extra Brut J.CHOPIN I Fonsvinum rare Weine online aus Piedmont,Toskana und Venetien","breadcrumb":{"@id":"https:\/\/fonsvinum.com\/de\/produkt\/champagne-les-originelles-blanc-de-blancs-premier-cru-millesime-2008-j-chopin-2\/#breadcrumb"},"inLanguage":"de","potentialAction":[{"@type":"ReadAction","target":["https:\/\/fonsvinum.com\/de\/produkt\/champagne-les-originelles-blanc-de-blancs-premier-cru-millesime-2008-j-chopin-2\/"]}]},{"@type":"ImageObject","inLanguage":"de","@id":"https:\/\/fonsvinum.com\/de\/produkt\/champagne-les-originelles-blanc-de-blancs-premier-cru-millesime-2008-j-chopin-2\/#primaryimage","url":"https:\/\/fonsvinum.com\/files\/2014\/02\/chopin_lesoriginells_-bdn.jpg","contentUrl":"https:\/\/fonsvinum.com\/files\/2014\/02\/chopin_lesoriginells_-bdn.jpg","width":480,"height":840},{"@type":"BreadcrumbList","@id":"https:\/\/fonsvinum.com\/de\/produkt\/champagne-les-originelles-blanc-de-blancs-premier-cru-millesime-2008-j-chopin-2\/#breadcrumb","itemListElement":[{"@type":"ListItem","position":1,"name":"Startseite","item":"https:\/\/fonsvinum.com\/de\/"},{"@type":"ListItem","position":2,"name":"Shop","item":"https:\/\/fonsvinum.com\/de\/shop\/"},{"@type":"ListItem","position":3,"name":"Champagne Les Originelles Blanc de Noirs Extra Brut J.CHOPIN"}]},{"@type":"WebSite","@id":"https:\/\/fonsvinum.com\/en\/#website","url":"https:\/\/fonsvinum.com\/en\/","name":"Fons Vinum","description":"Vendita Vino Online","publisher":{"@id":"https:\/\/fonsvinum.com\/en\/#organization"},"potentialAction":[{"@type":"SearchAction","target":{"@type":"EntryPoint","urlTemplate":"https:\/\/fonsvinum.com\/en\/?s={search_term_string}"},"query-input":{"@type":"PropertyValueSpecification","valueRequired":true,"valueName":"search_term_string"}}],"inLanguage":"de"},{"@type":"Organization","@id":"https:\/\/fonsvinum.com\/en\/#organization","name":"Fons Vinum","url":"https:\/\/fonsvinum.com\/en\/","logo":{"@type":"ImageObject","inLanguage":"de","@id":"https:\/\/fonsvinum.com\/en\/#\/schema\/logo\/image\/","url":"","contentUrl":"","caption":"Fons Vinum"},"image":{"@id":"https:\/\/fonsvinum.com\/en\/#\/schema\/logo\/image\/"}}]}},"acf":[],"_links":{"self":[{"href":"https:\/\/fonsvinum.com\/de\/wp-json\/wp\/v2\/product\/6590","targetHints":{"allow":["GET"]}}],"collection":[{"href":"https:\/\/fonsvinum.com\/de\/wp-json\/wp\/v2\/product"}],"about":[{"href":"https:\/\/fonsvinum.com\/de\/wp-json\/wp\/v2\/types\/product"}],"replies":[{"embeddable":true,"href":"https:\/\/fonsvinum.com\/de\/wp-json\/wp\/v2\/comments?post=6590"}],"wp:featuredmedia":[{"embeddable":true,"href":"https:\/\/fonsvinum.com\/de\/wp-json\/wp\/v2\/media\/15153"}],"wp:attachment":[{"href":"https:\/\/fonsvinum.com\/de\/wp-json\/wp\/v2\/media?parent=6590"}],"wp:term":[{"taxonomy":"product_brand","embeddable":true,"href":"https:\/\/fonsvinum.com\/de\/wp-json\/wp\/v2\/product_brand?post=6590"},{"taxonomy":"product_cat","embeddable":true,"href":"https:\/\/fonsvinum.com\/de\/wp-json\/wp\/v2\/product_cat?post=6590"},{"taxonomy":"product_tag","embeddable":true,"href":"https:\/\/fonsvinum.com\/de\/wp-json\/wp\/v2\/product_tag?post=6590"}],"curies":[{"name":"wp","href":"https:\/\/api.w.org\/{rel}","templated":true}]}}