{"id":6540,"date":"2015-12-02T16:36:52","date_gmt":"2015-12-02T15:36:52","guid":{"rendered":"http:\/\/fonsvinum.com\/de\/produkt\/krug-champagne-vintage-2003\/"},"modified":"2019-11-25T23:19:37","modified_gmt":"2019-11-25T22:19:37","slug":"krug-champagne-vintage-2003","status":"publish","type":"product","link":"https:\/\/fonsvinum.com\/de\/produkt\/krug-champagne-vintage-2003\/","title":{"rendered":"KRUG Champagne Vintage 2003"},"content":{"rendered":"<p><a title=\"krug\" href=\"https:\/\/fonsvinum.com\/produttore\/krug-maison-champagne-on-line\/\" target=\"_blank\">KRUG<\/a> Champagne Vintage 2003<\/p>\n<p>Wine Advocate 95 Punkte!<\/p>\n<p>Mit 19 ha und mehr als 3 Millionen Flaschen in den Kellern des Hauses, verbindet Krug bei der Herstellung seine Leidenschaft f\u00fcr Qualit\u00e4t mit den jahrhundertealten Traditionen. Der Pinot Noir bringt dabei die Intensit\u00e4t und die Langlebigkeit mit, der Meunier die reiche Aromenvielfalt und der Chardonnay die Finesse und Eleganz. Die Garung findet ausschliesslich in kleinen Holzf\u00e4ssern statt und alle Champagner des Hauses Krug reifen minimal 6-8 Jahre im Keller.<\/p>\n","protected":false},"excerpt":{"rendered":"<p>KRUG Champagne Vintage 2003 Wine Advocate 95 Punkte! Mit 19 ha und mehr als 3 Millionen Flaschen in den Kellern des Hauses, verbindet Krug bei der Herstellung seine Leidenschaft f\u00fcr Qualit\u00e4t mit den jahrhundertealten Traditionen. Der Pinot Noir bringt dabei die Intensit\u00e4t und die Langlebigkeit mit, der Meunier die reiche Aromenvielfalt und der Chardonnay die [&hellip;]<\/p>\n","protected":false},"featured_media":6526,"comment_status":"open","ping_status":"closed","template":"","meta":{"_acf_changed":false,"_monsterinsights_skip_tracking":false,"_monsterinsights_sitenote_active":false,"_monsterinsights_sitenote_note":"","_monsterinsights_sitenote_category":0},"product_brand":[],"product_cat":[2160],"product_tag":[1733],"class_list":{"0":"post-6540","1":"product","2":"type-product","3":"status-publish","4":"has-post-thumbnail","6":"product_cat-champagne-de","7":"product_tag-aussergewoehnliche-weine-de","8":"pa_appellation-champagne-de","9":"pa_formato-0-75-l-flasche-de","10":"pa_producer-krug-de","11":"pa_region-champagne-de","12":"pa_vine-chardonnay-pinot-noir-pinot-meunier-de","13":"pa_vintage-2003-de","15":"first","16":"instock","17":"taxable","18":"shipping-taxable","19":"purchasable","20":"product-type-simple"},"bundled_by":[],"bundle_stock_status":"instock","bundle_stock_quantity":3,"bundle_virtual":false,"bundle_layout":"","bundle_add_to_cart_form_location":"","bundle_editable_in_cart":false,"bundle_sold_individually_context":"","bundle_item_grouping":"","bundle_min_size":"","bundle_max_size":"","bundle_price":[],"bundled_items":[],"bundle_sell_ids":[],"yoast_head":"<!-- This site is optimized with the Yoast SEO plugin v27.2 - https:\/\/yoast.com\/product\/yoast-seo-wordpress\/ -->\n<title>KRUG Champagne Vintage 2003<\/title>\n<meta name=\"description\" content=\"KRUG Champagne Vintage 2003\" \/>\n<meta name=\"robots\" content=\"index, follow, max-snippet:-1, max-image-preview:large, max-video-preview:-1\" \/>\n<link rel=\"canonical\" href=\"https:\/\/fonsvinum.com\/de\/produkt\/krug-champagne-vintage-2003\/\" \/>\n<meta property=\"og:locale\" content=\"de_DE\" \/>\n<meta property=\"og:type\" content=\"article\" \/>\n<meta property=\"og:title\" content=\"KRUG Champagne Vintage 2003\" \/>\n<meta property=\"og:description\" content=\"KRUG Champagne Vintage 2003\" \/>\n<meta property=\"og:url\" content=\"https:\/\/fonsvinum.com\/de\/produkt\/krug-champagne-vintage-2003\/\" \/>\n<meta property=\"og:site_name\" content=\"Fons Vinum\" \/>\n<meta property=\"article:modified_time\" content=\"2019-11-25T22:19:37+00:00\" \/>\n<meta property=\"og:image\" content=\"https:\/\/fonsvinum.com\/files\/2013\/04\/champagne-krug-1998.png\" \/>\n\t<meta property=\"og:image:width\" content=\"241\" \/>\n\t<meta property=\"og:image:height\" content=\"800\" \/>\n\t<meta property=\"og:image:type\" content=\"image\/png\" \/>\n<script type=\"application\/ld+json\" class=\"yoast-schema-graph\">{\"@context\":\"https:\/\/schema.org\",\"@graph\":[{\"@type\":\"WebPage\",\"@id\":\"https:\/\/fonsvinum.com\/de\/produkt\/krug-champagne-vintage-2003\/\",\"url\":\"https:\/\/fonsvinum.com\/de\/produkt\/krug-champagne-vintage-2003\/\",\"name\":\"KRUG Champagne Vintage 2003\",\"isPartOf\":{\"@id\":\"https:\/\/fonsvinum.com\/en\/#website\"},\"primaryImageOfPage\":{\"@id\":\"https:\/\/fonsvinum.com\/de\/produkt\/krug-champagne-vintage-2003\/#primaryimage\"},\"image\":{\"@id\":\"https:\/\/fonsvinum.com\/de\/produkt\/krug-champagne-vintage-2003\/#primaryimage\"},\"thumbnailUrl\":\"https:\/\/fonsvinum.com\/files\/2013\/04\/champagne-krug-1998.png\",\"datePublished\":\"2015-12-02T15:36:52+00:00\",\"dateModified\":\"2019-11-25T22:19:37+00:00\",\"description\":\"KRUG Champagne Vintage 2003\",\"breadcrumb\":{\"@id\":\"https:\/\/fonsvinum.com\/de\/produkt\/krug-champagne-vintage-2003\/#breadcrumb\"},\"inLanguage\":\"de\",\"potentialAction\":[{\"@type\":\"ReadAction\",\"target\":[\"https:\/\/fonsvinum.com\/de\/produkt\/krug-champagne-vintage-2003\/\"]}]},{\"@type\":\"ImageObject\",\"inLanguage\":\"de\",\"@id\":\"https:\/\/fonsvinum.com\/de\/produkt\/krug-champagne-vintage-2003\/#primaryimage\",\"url\":\"https:\/\/fonsvinum.com\/files\/2013\/04\/champagne-krug-1998.png\",\"contentUrl\":\"https:\/\/fonsvinum.com\/files\/2013\/04\/champagne-krug-1998.png\",\"width\":241,\"height\":800},{\"@type\":\"BreadcrumbList\",\"@id\":\"https:\/\/fonsvinum.com\/de\/produkt\/krug-champagne-vintage-2003\/#breadcrumb\",\"itemListElement\":[{\"@type\":\"ListItem\",\"position\":1,\"name\":\"Startseite\",\"item\":\"https:\/\/fonsvinum.com\/de\/\"},{\"@type\":\"ListItem\",\"position\":2,\"name\":\"Shop\",\"item\":\"https:\/\/fonsvinum.com\/de\/shop\/\"},{\"@type\":\"ListItem\",\"position\":3,\"name\":\"KRUG Champagne Vintage 2003\"}]},{\"@type\":\"WebSite\",\"@id\":\"https:\/\/fonsvinum.com\/en\/#website\",\"url\":\"https:\/\/fonsvinum.com\/en\/\",\"name\":\"Fons Vinum\",\"description\":\"Vendita Vino Online\",\"publisher\":{\"@id\":\"https:\/\/fonsvinum.com\/en\/#organization\"},\"potentialAction\":[{\"@type\":\"SearchAction\",\"target\":{\"@type\":\"EntryPoint\",\"urlTemplate\":\"https:\/\/fonsvinum.com\/en\/?s={search_term_string}\"},\"query-input\":{\"@type\":\"PropertyValueSpecification\",\"valueRequired\":true,\"valueName\":\"search_term_string\"}}],\"inLanguage\":\"de\"},{\"@type\":\"Organization\",\"@id\":\"https:\/\/fonsvinum.com\/en\/#organization\",\"name\":\"Fons Vinum\",\"url\":\"https:\/\/fonsvinum.com\/en\/\",\"logo\":{\"@type\":\"ImageObject\",\"inLanguage\":\"de\",\"@id\":\"https:\/\/fonsvinum.com\/en\/#\/schema\/logo\/image\/\",\"url\":\"\",\"contentUrl\":\"\",\"caption\":\"Fons Vinum\"},\"image\":{\"@id\":\"https:\/\/fonsvinum.com\/en\/#\/schema\/logo\/image\/\"}}]}<\/script>\n<!-- \/ Yoast SEO plugin. -->","yoast_head_json":{"title":"KRUG Champagne Vintage 2003","description":"KRUG Champagne Vintage 2003","robots":{"index":"index","follow":"follow","max-snippet":"max-snippet:-1","max-image-preview":"max-image-preview:large","max-video-preview":"max-video-preview:-1"},"canonical":"https:\/\/fonsvinum.com\/de\/produkt\/krug-champagne-vintage-2003\/","og_locale":"de_DE","og_type":"article","og_title":"KRUG Champagne Vintage 2003","og_description":"KRUG Champagne Vintage 2003","og_url":"https:\/\/fonsvinum.com\/de\/produkt\/krug-champagne-vintage-2003\/","og_site_name":"Fons Vinum","article_modified_time":"2019-11-25T22:19:37+00:00","og_image":[{"width":241,"height":800,"url":"https:\/\/fonsvinum.com\/files\/2013\/04\/champagne-krug-1998.png","type":"image\/png"}],"schema":{"@context":"https:\/\/schema.org","@graph":[{"@type":"WebPage","@id":"https:\/\/fonsvinum.com\/de\/produkt\/krug-champagne-vintage-2003\/","url":"https:\/\/fonsvinum.com\/de\/produkt\/krug-champagne-vintage-2003\/","name":"KRUG Champagne Vintage 2003","isPartOf":{"@id":"https:\/\/fonsvinum.com\/en\/#website"},"primaryImageOfPage":{"@id":"https:\/\/fonsvinum.com\/de\/produkt\/krug-champagne-vintage-2003\/#primaryimage"},"image":{"@id":"https:\/\/fonsvinum.com\/de\/produkt\/krug-champagne-vintage-2003\/#primaryimage"},"thumbnailUrl":"https:\/\/fonsvinum.com\/files\/2013\/04\/champagne-krug-1998.png","datePublished":"2015-12-02T15:36:52+00:00","dateModified":"2019-11-25T22:19:37+00:00","description":"KRUG Champagne Vintage 2003","breadcrumb":{"@id":"https:\/\/fonsvinum.com\/de\/produkt\/krug-champagne-vintage-2003\/#breadcrumb"},"inLanguage":"de","potentialAction":[{"@type":"ReadAction","target":["https:\/\/fonsvinum.com\/de\/produkt\/krug-champagne-vintage-2003\/"]}]},{"@type":"ImageObject","inLanguage":"de","@id":"https:\/\/fonsvinum.com\/de\/produkt\/krug-champagne-vintage-2003\/#primaryimage","url":"https:\/\/fonsvinum.com\/files\/2013\/04\/champagne-krug-1998.png","contentUrl":"https:\/\/fonsvinum.com\/files\/2013\/04\/champagne-krug-1998.png","width":241,"height":800},{"@type":"BreadcrumbList","@id":"https:\/\/fonsvinum.com\/de\/produkt\/krug-champagne-vintage-2003\/#breadcrumb","itemListElement":[{"@type":"ListItem","position":1,"name":"Startseite","item":"https:\/\/fonsvinum.com\/de\/"},{"@type":"ListItem","position":2,"name":"Shop","item":"https:\/\/fonsvinum.com\/de\/shop\/"},{"@type":"ListItem","position":3,"name":"KRUG Champagne Vintage 2003"}]},{"@type":"WebSite","@id":"https:\/\/fonsvinum.com\/en\/#website","url":"https:\/\/fonsvinum.com\/en\/","name":"Fons Vinum","description":"Vendita Vino Online","publisher":{"@id":"https:\/\/fonsvinum.com\/en\/#organization"},"potentialAction":[{"@type":"SearchAction","target":{"@type":"EntryPoint","urlTemplate":"https:\/\/fonsvinum.com\/en\/?s={search_term_string}"},"query-input":{"@type":"PropertyValueSpecification","valueRequired":true,"valueName":"search_term_string"}}],"inLanguage":"de"},{"@type":"Organization","@id":"https:\/\/fonsvinum.com\/en\/#organization","name":"Fons Vinum","url":"https:\/\/fonsvinum.com\/en\/","logo":{"@type":"ImageObject","inLanguage":"de","@id":"https:\/\/fonsvinum.com\/en\/#\/schema\/logo\/image\/","url":"","contentUrl":"","caption":"Fons Vinum"},"image":{"@id":"https:\/\/fonsvinum.com\/en\/#\/schema\/logo\/image\/"}}]}},"acf":[],"_links":{"self":[{"href":"https:\/\/fonsvinum.com\/de\/wp-json\/wp\/v2\/product\/6540","targetHints":{"allow":["GET"]}}],"collection":[{"href":"https:\/\/fonsvinum.com\/de\/wp-json\/wp\/v2\/product"}],"about":[{"href":"https:\/\/fonsvinum.com\/de\/wp-json\/wp\/v2\/types\/product"}],"replies":[{"embeddable":true,"href":"https:\/\/fonsvinum.com\/de\/wp-json\/wp\/v2\/comments?post=6540"}],"wp:featuredmedia":[{"embeddable":true,"href":"https:\/\/fonsvinum.com\/de\/wp-json\/wp\/v2\/media\/6526"}],"wp:attachment":[{"href":"https:\/\/fonsvinum.com\/de\/wp-json\/wp\/v2\/media?parent=6540"}],"wp:term":[{"taxonomy":"product_brand","embeddable":true,"href":"https:\/\/fonsvinum.com\/de\/wp-json\/wp\/v2\/product_brand?post=6540"},{"taxonomy":"product_cat","embeddable":true,"href":"https:\/\/fonsvinum.com\/de\/wp-json\/wp\/v2\/product_cat?post=6540"},{"taxonomy":"product_tag","embeddable":true,"href":"https:\/\/fonsvinum.com\/de\/wp-json\/wp\/v2\/product_tag?post=6540"}],"curies":[{"name":"wp","href":"https:\/\/api.w.org\/{rel}","templated":true}]}}