{"id":6532,"date":"2013-04-25T16:31:03","date_gmt":"2013-04-25T14:31:03","guid":{"rendered":"http:\/\/fonsvinum.com\/de\/product\/krug-champagne-brut-rose\/"},"modified":"2019-10-23T16:20:40","modified_gmt":"2019-10-23T14:20:40","slug":"krug-champagne-brut-rose","status":"publish","type":"product","link":"https:\/\/fonsvinum.com\/de\/produkt\/krug-champagne-brut-rose\/","title":{"rendered":"KRUG Champagne Brut Rose"},"content":{"rendered":"<p><a title=\"krug\" href=\"https:\/\/fonsvinum.com\/produttore\/krug-maison-champagne-on-line\/\" target=\"_blank\">KRUG<\/a> Champagne Brut Rose<\/p>\n<p>Der Champagner Krug Ros\u00e9 ist eine echte Rarit\u00e4t wird nur in stark limitierter Menge produziert. Mit seinem einzigartigen, sinnlichen und mysteri\u00f6sen Stil unterscheidet er sich deutlich von anderen Ros\u00e9 Champagnern.<\/p>\n","protected":false},"excerpt":{"rendered":"<p>KRUG Champagne Brut Rose Der Champagner Krug Ros\u00e9 ist eine echte Rarit\u00e4t wird nur in stark limitierter Menge produziert. Mit seinem einzigartigen, sinnlichen und mysteri\u00f6sen Stil unterscheidet er sich deutlich von anderen Ros\u00e9 Champagnern.<\/p>\n","protected":false},"featured_media":6528,"comment_status":"open","ping_status":"closed","template":"","meta":{"_acf_changed":false,"_monsterinsights_skip_tracking":false,"_monsterinsights_sitenote_active":false,"_monsterinsights_sitenote_note":"","_monsterinsights_sitenote_category":0},"product_brand":[],"product_cat":[2160,1478],"product_tag":[1733,1802],"class_list":{"0":"post-6532","1":"product","2":"type-product","3":"status-publish","4":"has-post-thumbnail","6":"product_cat-champagne-de","7":"product_cat-rose-de","8":"product_tag-aussergewoehnliche-weine-de","9":"product_tag-champagne-de","10":"pa_appellation-champagne-de","11":"pa_formato-0-75-l-flasche-de","12":"pa_producer-krug-de","13":"pa_region-champagne-de","14":"pa_vine-chardonnay-pinot-noir-pinot-meunier-de","15":"pa_vintage-s-a-de","17":"first","18":"instock","19":"taxable","20":"shipping-taxable","21":"purchasable","22":"product-type-simple"},"bundled_by":[],"bundle_stock_status":"instock","bundle_stock_quantity":1,"bundle_virtual":false,"bundle_layout":"","bundle_add_to_cart_form_location":"","bundle_editable_in_cart":false,"bundle_sold_individually_context":"","bundle_item_grouping":"","bundle_min_size":"","bundle_max_size":"","bundle_price":[],"bundled_items":[],"bundle_sell_ids":[],"yoast_head":"<!-- This site is optimized with the Yoast SEO plugin v27.3 - https:\/\/yoast.com\/product\/yoast-seo-wordpress\/ -->\n<title>Buy KRUG Champagne Brut Rose wine online at 535 \u20ac | FonsVinum<\/title>\n<meta name=\"description\" content=\"KRUG Champagne Brut Rose\" \/>\n<meta name=\"robots\" content=\"index, follow, max-snippet:-1, max-image-preview:large, max-video-preview:-1\" \/>\n<link rel=\"canonical\" href=\"https:\/\/fonsvinum.com\/de\/produkt\/krug-champagne-brut-rose\/\" \/>\n<meta property=\"og:locale\" content=\"de_DE\" \/>\n<meta property=\"og:type\" content=\"article\" \/>\n<meta property=\"og:title\" content=\"Buy KRUG Champagne Brut Rose wine online at 535 \u20ac | FonsVinum\" \/>\n<meta property=\"og:description\" content=\"KRUG Champagne Brut Rose\" \/>\n<meta property=\"og:url\" content=\"https:\/\/fonsvinum.com\/de\/produkt\/krug-champagne-brut-rose\/\" \/>\n<meta property=\"og:site_name\" content=\"Fons Vinum\" \/>\n<meta property=\"article:modified_time\" content=\"2019-10-23T14:20:40+00:00\" \/>\n<meta property=\"og:image\" content=\"https:\/\/fonsvinum.com\/files\/2013\/04\/champagne-krug-rose.png\" \/>\n\t<meta property=\"og:image:width\" content=\"301\" \/>\n\t<meta property=\"og:image:height\" content=\"756\" \/>\n\t<meta property=\"og:image:type\" content=\"image\/png\" \/>\n<script type=\"application\/ld+json\" class=\"yoast-schema-graph\">{\"@context\":\"https:\\\/\\\/schema.org\",\"@graph\":[{\"@type\":\"WebPage\",\"@id\":\"https:\\\/\\\/fonsvinum.com\\\/de\\\/produkt\\\/krug-champagne-brut-rose\\\/\",\"url\":\"https:\\\/\\\/fonsvinum.com\\\/de\\\/produkt\\\/krug-champagne-brut-rose\\\/\",\"name\":\"Buy KRUG Champagne Brut Rose wine online at 535 \u20ac | FonsVinum\",\"isPartOf\":{\"@id\":\"https:\\\/\\\/fonsvinum.com\\\/en\\\/#website\"},\"primaryImageOfPage\":{\"@id\":\"https:\\\/\\\/fonsvinum.com\\\/de\\\/produkt\\\/krug-champagne-brut-rose\\\/#primaryimage\"},\"image\":{\"@id\":\"https:\\\/\\\/fonsvinum.com\\\/de\\\/produkt\\\/krug-champagne-brut-rose\\\/#primaryimage\"},\"thumbnailUrl\":\"https:\\\/\\\/fonsvinum.com\\\/files\\\/2013\\\/04\\\/champagne-krug-rose.png\",\"datePublished\":\"2013-04-25T14:31:03+00:00\",\"dateModified\":\"2019-10-23T14:20:40+00:00\",\"description\":\"KRUG Champagne Brut Rose\",\"breadcrumb\":{\"@id\":\"https:\\\/\\\/fonsvinum.com\\\/de\\\/produkt\\\/krug-champagne-brut-rose\\\/#breadcrumb\"},\"inLanguage\":\"de\",\"potentialAction\":[{\"@type\":\"ReadAction\",\"target\":[\"https:\\\/\\\/fonsvinum.com\\\/de\\\/produkt\\\/krug-champagne-brut-rose\\\/\"]}]},{\"@type\":\"ImageObject\",\"inLanguage\":\"de\",\"@id\":\"https:\\\/\\\/fonsvinum.com\\\/de\\\/produkt\\\/krug-champagne-brut-rose\\\/#primaryimage\",\"url\":\"https:\\\/\\\/fonsvinum.com\\\/files\\\/2013\\\/04\\\/champagne-krug-rose.png\",\"contentUrl\":\"https:\\\/\\\/fonsvinum.com\\\/files\\\/2013\\\/04\\\/champagne-krug-rose.png\",\"width\":301,\"height\":756},{\"@type\":\"BreadcrumbList\",\"@id\":\"https:\\\/\\\/fonsvinum.com\\\/de\\\/produkt\\\/krug-champagne-brut-rose\\\/#breadcrumb\",\"itemListElement\":[{\"@type\":\"ListItem\",\"position\":1,\"name\":\"Startseite\",\"item\":\"https:\\\/\\\/fonsvinum.com\\\/de\\\/\"},{\"@type\":\"ListItem\",\"position\":2,\"name\":\"Shop\",\"item\":\"https:\\\/\\\/fonsvinum.com\\\/de\\\/shop\\\/\"},{\"@type\":\"ListItem\",\"position\":3,\"name\":\"KRUG Champagne Brut Rose\"}]},{\"@type\":\"WebSite\",\"@id\":\"https:\\\/\\\/fonsvinum.com\\\/en\\\/#website\",\"url\":\"https:\\\/\\\/fonsvinum.com\\\/en\\\/\",\"name\":\"Fons Vinum\",\"description\":\"Vendita Vino Online\",\"publisher\":{\"@id\":\"https:\\\/\\\/fonsvinum.com\\\/en\\\/#organization\"},\"potentialAction\":[{\"@type\":\"SearchAction\",\"target\":{\"@type\":\"EntryPoint\",\"urlTemplate\":\"https:\\\/\\\/fonsvinum.com\\\/en\\\/?s={search_term_string}\"},\"query-input\":{\"@type\":\"PropertyValueSpecification\",\"valueRequired\":true,\"valueName\":\"search_term_string\"}}],\"inLanguage\":\"de\"},{\"@type\":\"Organization\",\"@id\":\"https:\\\/\\\/fonsvinum.com\\\/en\\\/#organization\",\"name\":\"Fons Vinum\",\"url\":\"https:\\\/\\\/fonsvinum.com\\\/en\\\/\",\"logo\":{\"@type\":\"ImageObject\",\"inLanguage\":\"de\",\"@id\":\"https:\\\/\\\/fonsvinum.com\\\/en\\\/#\\\/schema\\\/logo\\\/image\\\/\",\"url\":\"\",\"contentUrl\":\"\",\"caption\":\"Fons Vinum\"},\"image\":{\"@id\":\"https:\\\/\\\/fonsvinum.com\\\/en\\\/#\\\/schema\\\/logo\\\/image\\\/\"}}]}<\/script>\n<!-- \/ Yoast SEO plugin. -->","yoast_head_json":{"title":"Buy KRUG Champagne Brut Rose wine online at 535 \u20ac | FonsVinum","description":"KRUG Champagne Brut Rose","robots":{"index":"index","follow":"follow","max-snippet":"max-snippet:-1","max-image-preview":"max-image-preview:large","max-video-preview":"max-video-preview:-1"},"canonical":"https:\/\/fonsvinum.com\/de\/produkt\/krug-champagne-brut-rose\/","og_locale":"de_DE","og_type":"article","og_title":"Buy KRUG Champagne Brut Rose wine online at 535 \u20ac | FonsVinum","og_description":"KRUG Champagne Brut Rose","og_url":"https:\/\/fonsvinum.com\/de\/produkt\/krug-champagne-brut-rose\/","og_site_name":"Fons Vinum","article_modified_time":"2019-10-23T14:20:40+00:00","og_image":[{"width":301,"height":756,"url":"https:\/\/fonsvinum.com\/files\/2013\/04\/champagne-krug-rose.png","type":"image\/png"}],"schema":{"@context":"https:\/\/schema.org","@graph":[{"@type":"WebPage","@id":"https:\/\/fonsvinum.com\/de\/produkt\/krug-champagne-brut-rose\/","url":"https:\/\/fonsvinum.com\/de\/produkt\/krug-champagne-brut-rose\/","name":"Buy KRUG Champagne Brut Rose wine online at 535 \u20ac | FonsVinum","isPartOf":{"@id":"https:\/\/fonsvinum.com\/en\/#website"},"primaryImageOfPage":{"@id":"https:\/\/fonsvinum.com\/de\/produkt\/krug-champagne-brut-rose\/#primaryimage"},"image":{"@id":"https:\/\/fonsvinum.com\/de\/produkt\/krug-champagne-brut-rose\/#primaryimage"},"thumbnailUrl":"https:\/\/fonsvinum.com\/files\/2013\/04\/champagne-krug-rose.png","datePublished":"2013-04-25T14:31:03+00:00","dateModified":"2019-10-23T14:20:40+00:00","description":"KRUG Champagne Brut Rose","breadcrumb":{"@id":"https:\/\/fonsvinum.com\/de\/produkt\/krug-champagne-brut-rose\/#breadcrumb"},"inLanguage":"de","potentialAction":[{"@type":"ReadAction","target":["https:\/\/fonsvinum.com\/de\/produkt\/krug-champagne-brut-rose\/"]}]},{"@type":"ImageObject","inLanguage":"de","@id":"https:\/\/fonsvinum.com\/de\/produkt\/krug-champagne-brut-rose\/#primaryimage","url":"https:\/\/fonsvinum.com\/files\/2013\/04\/champagne-krug-rose.png","contentUrl":"https:\/\/fonsvinum.com\/files\/2013\/04\/champagne-krug-rose.png","width":301,"height":756},{"@type":"BreadcrumbList","@id":"https:\/\/fonsvinum.com\/de\/produkt\/krug-champagne-brut-rose\/#breadcrumb","itemListElement":[{"@type":"ListItem","position":1,"name":"Startseite","item":"https:\/\/fonsvinum.com\/de\/"},{"@type":"ListItem","position":2,"name":"Shop","item":"https:\/\/fonsvinum.com\/de\/shop\/"},{"@type":"ListItem","position":3,"name":"KRUG Champagne Brut Rose"}]},{"@type":"WebSite","@id":"https:\/\/fonsvinum.com\/en\/#website","url":"https:\/\/fonsvinum.com\/en\/","name":"Fons Vinum","description":"Vendita Vino Online","publisher":{"@id":"https:\/\/fonsvinum.com\/en\/#organization"},"potentialAction":[{"@type":"SearchAction","target":{"@type":"EntryPoint","urlTemplate":"https:\/\/fonsvinum.com\/en\/?s={search_term_string}"},"query-input":{"@type":"PropertyValueSpecification","valueRequired":true,"valueName":"search_term_string"}}],"inLanguage":"de"},{"@type":"Organization","@id":"https:\/\/fonsvinum.com\/en\/#organization","name":"Fons Vinum","url":"https:\/\/fonsvinum.com\/en\/","logo":{"@type":"ImageObject","inLanguage":"de","@id":"https:\/\/fonsvinum.com\/en\/#\/schema\/logo\/image\/","url":"","contentUrl":"","caption":"Fons Vinum"},"image":{"@id":"https:\/\/fonsvinum.com\/en\/#\/schema\/logo\/image\/"}}]}},"acf":[],"_links":{"self":[{"href":"https:\/\/fonsvinum.com\/de\/wp-json\/wp\/v2\/product\/6532","targetHints":{"allow":["GET"]}}],"collection":[{"href":"https:\/\/fonsvinum.com\/de\/wp-json\/wp\/v2\/product"}],"about":[{"href":"https:\/\/fonsvinum.com\/de\/wp-json\/wp\/v2\/types\/product"}],"replies":[{"embeddable":true,"href":"https:\/\/fonsvinum.com\/de\/wp-json\/wp\/v2\/comments?post=6532"}],"wp:featuredmedia":[{"embeddable":true,"href":"https:\/\/fonsvinum.com\/de\/wp-json\/wp\/v2\/media\/6528"}],"wp:attachment":[{"href":"https:\/\/fonsvinum.com\/de\/wp-json\/wp\/v2\/media?parent=6532"}],"wp:term":[{"taxonomy":"product_brand","embeddable":true,"href":"https:\/\/fonsvinum.com\/de\/wp-json\/wp\/v2\/product_brand?post=6532"},{"taxonomy":"product_cat","embeddable":true,"href":"https:\/\/fonsvinum.com\/de\/wp-json\/wp\/v2\/product_cat?post=6532"},{"taxonomy":"product_tag","embeddable":true,"href":"https:\/\/fonsvinum.com\/de\/wp-json\/wp\/v2\/product_tag?post=6532"}],"curies":[{"name":"wp","href":"https:\/\/api.w.org\/{rel}","templated":true}]}}