{"id":6328,"date":"2014-03-16T18:05:40","date_gmt":"2014-03-16T17:05:40","guid":{"rendered":"http:\/\/fonsvinum.com\/product\/pinot-nero-maculan-2\/"},"modified":"2019-10-23T16:12:59","modified_gmt":"2019-10-23T14:12:59","slug":"pinot-nero-maculan-2","status":"publish","type":"product","link":"https:\/\/fonsvinum.com\/de\/produkt\/pinot-nero-maculan-2\/","title":{"rendered":"Pinot Nero Maculan"},"content":{"rendered":"<p>Pinot Nero Maculan <a title=\"I Vini di Maculan - Fons Vinum\" href=\"http:\/\/www.maculan.net\/\" target=\"_blank\">Cantina Maculan<\/a> a Breganze (VI)<\/p>\n<p>Es gibt nur wenige Winzer, die den richtigen Umgang mit dieser kaprizi\u00f6sen Rebsorte kennen. Die Trauben sind auff\u00e4llig klein mit vielen d\u00fcnnschaligen Beeren. Um einen gro\u00dfen Wein\u00a0daraus zu machen, muss man sich mit der Rebsorte auseinandersetzen und diese verstehen. Auch im diesem Fall ist es Fausto Maculan\u00a0gelungen, einen gro\u00dfen Wein\u00a0zu machen. Die Anzahl an produzierten Flaschen ist sehr gering. Ein Wein f\u00fcr Geniesser!<\/p>\n","protected":false},"excerpt":{"rendered":"<p><\/p>\n","protected":false},"featured_media":6330,"comment_status":"open","ping_status":"closed","template":"","meta":{"_acf_changed":false,"_monsterinsights_skip_tracking":false,"_monsterinsights_sitenote_active":false,"_monsterinsights_sitenote_note":"","_monsterinsights_sitenote_category":0},"product_brand":[],"product_cat":[2362],"product_tag":[],"class_list":{"0":"post-6328","1":"product","2":"type-product","3":"status-publish","4":"has-post-thumbnail","6":"product_cat-pinot-nero-de","7":"pa_appellation-veneto-pinot-nero-doc-de","8":"pa_formato-0-75-l-flasche-de","9":"pa_producer-maculan-de","10":"pa_region-venetien-de","11":"pa_vine-100-pinot-nero-de-de","12":"pa_vintage-2011-de","14":"first","15":"outofstock","16":"taxable","17":"shipping-taxable","18":"purchasable","19":"product-type-simple"},"bundled_by":[],"bundle_stock_status":"outofstock","bundle_stock_quantity":0,"bundle_virtual":false,"bundle_layout":"","bundle_add_to_cart_form_location":"","bundle_editable_in_cart":false,"bundle_sold_individually_context":"","bundle_item_grouping":"","bundle_min_size":"","bundle_max_size":"","bundle_price":[],"bundled_items":[],"bundle_sell_ids":[],"yoast_head":"<!-- This site is optimized with the Yoast SEO plugin v27.2 - https:\/\/yoast.com\/product\/yoast-seo-wordpress\/ -->\n<title>Pinot Nero Maculan<\/title>\n<meta name=\"description\" content=\"Pinot Nero Maculan\" \/>\n<meta name=\"robots\" content=\"index, follow, max-snippet:-1, max-image-preview:large, max-video-preview:-1\" \/>\n<link rel=\"canonical\" href=\"https:\/\/fonsvinum.com\/de\/produkt\/pinot-nero-maculan-2\/\" \/>\n<meta property=\"og:locale\" content=\"de_DE\" \/>\n<meta property=\"og:type\" content=\"article\" \/>\n<meta property=\"og:title\" content=\"Pinot Nero Maculan\" \/>\n<meta property=\"og:description\" content=\"Pinot Nero Maculan\" \/>\n<meta property=\"og:url\" content=\"https:\/\/fonsvinum.com\/de\/produkt\/pinot-nero-maculan-2\/\" \/>\n<meta property=\"og:site_name\" content=\"Fons Vinum\" \/>\n<meta property=\"article:modified_time\" content=\"2019-10-23T14:12:59+00:00\" \/>\n<meta property=\"og:image\" content=\"https:\/\/fonsvinum.com\/files\/2014\/03\/pinot-nero-maculan.png\" \/>\n\t<meta property=\"og:image:width\" content=\"160\" \/>\n\t<meta property=\"og:image:height\" content=\"550\" \/>\n\t<meta property=\"og:image:type\" content=\"image\/png\" \/>\n<script type=\"application\/ld+json\" class=\"yoast-schema-graph\">{\"@context\":\"https:\/\/schema.org\",\"@graph\":[{\"@type\":\"WebPage\",\"@id\":\"https:\/\/fonsvinum.com\/de\/produkt\/pinot-nero-maculan-2\/\",\"url\":\"https:\/\/fonsvinum.com\/de\/produkt\/pinot-nero-maculan-2\/\",\"name\":\"Pinot Nero Maculan\",\"isPartOf\":{\"@id\":\"https:\/\/fonsvinum.com\/en\/#website\"},\"primaryImageOfPage\":{\"@id\":\"https:\/\/fonsvinum.com\/de\/produkt\/pinot-nero-maculan-2\/#primaryimage\"},\"image\":{\"@id\":\"https:\/\/fonsvinum.com\/de\/produkt\/pinot-nero-maculan-2\/#primaryimage\"},\"thumbnailUrl\":\"https:\/\/fonsvinum.com\/files\/2014\/03\/pinot-nero-maculan.png\",\"datePublished\":\"2014-03-16T17:05:40+00:00\",\"dateModified\":\"2019-10-23T14:12:59+00:00\",\"description\":\"Pinot Nero Maculan\",\"breadcrumb\":{\"@id\":\"https:\/\/fonsvinum.com\/de\/produkt\/pinot-nero-maculan-2\/#breadcrumb\"},\"inLanguage\":\"de\",\"potentialAction\":[{\"@type\":\"ReadAction\",\"target\":[\"https:\/\/fonsvinum.com\/de\/produkt\/pinot-nero-maculan-2\/\"]}]},{\"@type\":\"ImageObject\",\"inLanguage\":\"de\",\"@id\":\"https:\/\/fonsvinum.com\/de\/produkt\/pinot-nero-maculan-2\/#primaryimage\",\"url\":\"https:\/\/fonsvinum.com\/files\/2014\/03\/pinot-nero-maculan.png\",\"contentUrl\":\"https:\/\/fonsvinum.com\/files\/2014\/03\/pinot-nero-maculan.png\",\"width\":160,\"height\":550},{\"@type\":\"BreadcrumbList\",\"@id\":\"https:\/\/fonsvinum.com\/de\/produkt\/pinot-nero-maculan-2\/#breadcrumb\",\"itemListElement\":[{\"@type\":\"ListItem\",\"position\":1,\"name\":\"Startseite\",\"item\":\"https:\/\/fonsvinum.com\/de\/\"},{\"@type\":\"ListItem\",\"position\":2,\"name\":\"Shop\",\"item\":\"https:\/\/fonsvinum.com\/de\/shop\/\"},{\"@type\":\"ListItem\",\"position\":3,\"name\":\"Pinot Nero Maculan\"}]},{\"@type\":\"WebSite\",\"@id\":\"https:\/\/fonsvinum.com\/en\/#website\",\"url\":\"https:\/\/fonsvinum.com\/en\/\",\"name\":\"Fons Vinum\",\"description\":\"Vendita Vino Online\",\"publisher\":{\"@id\":\"https:\/\/fonsvinum.com\/en\/#organization\"},\"potentialAction\":[{\"@type\":\"SearchAction\",\"target\":{\"@type\":\"EntryPoint\",\"urlTemplate\":\"https:\/\/fonsvinum.com\/en\/?s={search_term_string}\"},\"query-input\":{\"@type\":\"PropertyValueSpecification\",\"valueRequired\":true,\"valueName\":\"search_term_string\"}}],\"inLanguage\":\"de\"},{\"@type\":\"Organization\",\"@id\":\"https:\/\/fonsvinum.com\/en\/#organization\",\"name\":\"Fons Vinum\",\"url\":\"https:\/\/fonsvinum.com\/en\/\",\"logo\":{\"@type\":\"ImageObject\",\"inLanguage\":\"de\",\"@id\":\"https:\/\/fonsvinum.com\/en\/#\/schema\/logo\/image\/\",\"url\":\"\",\"contentUrl\":\"\",\"caption\":\"Fons Vinum\"},\"image\":{\"@id\":\"https:\/\/fonsvinum.com\/en\/#\/schema\/logo\/image\/\"}}]}<\/script>\n<!-- \/ Yoast SEO plugin. -->","yoast_head_json":{"title":"Pinot Nero Maculan","description":"Pinot Nero Maculan","robots":{"index":"index","follow":"follow","max-snippet":"max-snippet:-1","max-image-preview":"max-image-preview:large","max-video-preview":"max-video-preview:-1"},"canonical":"https:\/\/fonsvinum.com\/de\/produkt\/pinot-nero-maculan-2\/","og_locale":"de_DE","og_type":"article","og_title":"Pinot Nero Maculan","og_description":"Pinot Nero Maculan","og_url":"https:\/\/fonsvinum.com\/de\/produkt\/pinot-nero-maculan-2\/","og_site_name":"Fons Vinum","article_modified_time":"2019-10-23T14:12:59+00:00","og_image":[{"width":160,"height":550,"url":"https:\/\/fonsvinum.com\/files\/2014\/03\/pinot-nero-maculan.png","type":"image\/png"}],"schema":{"@context":"https:\/\/schema.org","@graph":[{"@type":"WebPage","@id":"https:\/\/fonsvinum.com\/de\/produkt\/pinot-nero-maculan-2\/","url":"https:\/\/fonsvinum.com\/de\/produkt\/pinot-nero-maculan-2\/","name":"Pinot Nero Maculan","isPartOf":{"@id":"https:\/\/fonsvinum.com\/en\/#website"},"primaryImageOfPage":{"@id":"https:\/\/fonsvinum.com\/de\/produkt\/pinot-nero-maculan-2\/#primaryimage"},"image":{"@id":"https:\/\/fonsvinum.com\/de\/produkt\/pinot-nero-maculan-2\/#primaryimage"},"thumbnailUrl":"https:\/\/fonsvinum.com\/files\/2014\/03\/pinot-nero-maculan.png","datePublished":"2014-03-16T17:05:40+00:00","dateModified":"2019-10-23T14:12:59+00:00","description":"Pinot Nero Maculan","breadcrumb":{"@id":"https:\/\/fonsvinum.com\/de\/produkt\/pinot-nero-maculan-2\/#breadcrumb"},"inLanguage":"de","potentialAction":[{"@type":"ReadAction","target":["https:\/\/fonsvinum.com\/de\/produkt\/pinot-nero-maculan-2\/"]}]},{"@type":"ImageObject","inLanguage":"de","@id":"https:\/\/fonsvinum.com\/de\/produkt\/pinot-nero-maculan-2\/#primaryimage","url":"https:\/\/fonsvinum.com\/files\/2014\/03\/pinot-nero-maculan.png","contentUrl":"https:\/\/fonsvinum.com\/files\/2014\/03\/pinot-nero-maculan.png","width":160,"height":550},{"@type":"BreadcrumbList","@id":"https:\/\/fonsvinum.com\/de\/produkt\/pinot-nero-maculan-2\/#breadcrumb","itemListElement":[{"@type":"ListItem","position":1,"name":"Startseite","item":"https:\/\/fonsvinum.com\/de\/"},{"@type":"ListItem","position":2,"name":"Shop","item":"https:\/\/fonsvinum.com\/de\/shop\/"},{"@type":"ListItem","position":3,"name":"Pinot Nero Maculan"}]},{"@type":"WebSite","@id":"https:\/\/fonsvinum.com\/en\/#website","url":"https:\/\/fonsvinum.com\/en\/","name":"Fons Vinum","description":"Vendita Vino Online","publisher":{"@id":"https:\/\/fonsvinum.com\/en\/#organization"},"potentialAction":[{"@type":"SearchAction","target":{"@type":"EntryPoint","urlTemplate":"https:\/\/fonsvinum.com\/en\/?s={search_term_string}"},"query-input":{"@type":"PropertyValueSpecification","valueRequired":true,"valueName":"search_term_string"}}],"inLanguage":"de"},{"@type":"Organization","@id":"https:\/\/fonsvinum.com\/en\/#organization","name":"Fons Vinum","url":"https:\/\/fonsvinum.com\/en\/","logo":{"@type":"ImageObject","inLanguage":"de","@id":"https:\/\/fonsvinum.com\/en\/#\/schema\/logo\/image\/","url":"","contentUrl":"","caption":"Fons Vinum"},"image":{"@id":"https:\/\/fonsvinum.com\/en\/#\/schema\/logo\/image\/"}}]}},"acf":[],"_links":{"self":[{"href":"https:\/\/fonsvinum.com\/de\/wp-json\/wp\/v2\/product\/6328","targetHints":{"allow":["GET"]}}],"collection":[{"href":"https:\/\/fonsvinum.com\/de\/wp-json\/wp\/v2\/product"}],"about":[{"href":"https:\/\/fonsvinum.com\/de\/wp-json\/wp\/v2\/types\/product"}],"replies":[{"embeddable":true,"href":"https:\/\/fonsvinum.com\/de\/wp-json\/wp\/v2\/comments?post=6328"}],"wp:featuredmedia":[{"embeddable":true,"href":"https:\/\/fonsvinum.com\/de\/wp-json\/wp\/v2\/media\/6330"}],"wp:attachment":[{"href":"https:\/\/fonsvinum.com\/de\/wp-json\/wp\/v2\/media?parent=6328"}],"wp:term":[{"taxonomy":"product_brand","embeddable":true,"href":"https:\/\/fonsvinum.com\/de\/wp-json\/wp\/v2\/product_brand?post=6328"},{"taxonomy":"product_cat","embeddable":true,"href":"https:\/\/fonsvinum.com\/de\/wp-json\/wp\/v2\/product_cat?post=6328"},{"taxonomy":"product_tag","embeddable":true,"href":"https:\/\/fonsvinum.com\/de\/wp-json\/wp\/v2\/product_tag?post=6328"}],"curies":[{"name":"wp","href":"https:\/\/api.w.org\/{rel}","templated":true}]}}