{"id":6274,"date":"2013-04-25T16:31:12","date_gmt":"2013-04-25T14:31:12","guid":{"rendered":"http:\/\/fonsvinum.com\/product\/dolcetto-dogliani-siri-djermu-pecchenino\/"},"modified":"2019-10-23T16:20:23","modified_gmt":"2019-10-23T14:20:23","slug":"dolcetto-dogliani-siri-djermu-pecchenino","status":"publish","type":"product","link":"https:\/\/fonsvinum.com\/de\/produkt\/dolcetto-dogliani-siri-djermu-pecchenino\/","title":{"rendered":"Dolcetto Dogliani Siri d&#8217;Jermu PECCHENINO"},"content":{"rendered":"<p>Dolcetto Dogliani Siri d\u2019Jermu <a title=\"PECCHENINO\" href=\"https:\/\/fonsvinum.com\/produttore\/vini-pecchenino-cantina\/\" target=\"_blank\">PECCHENINO<\/a><\/p>\n<p>Pecchenino: Das Weingut der Br\u00fcder Pecchenino liegt nahe der sch\u00f6nen Ortschaft Dogliani im Herzen des Piemont an einer besonders idealen Lage f\u00fcr den Ansbau des Dolcetto. Es erstreckt sich \u00fcber 25ha, die alle mit Reben bestockt sind, welche mit der modernsten Technologie und ohne Pestizide genutzt werden.<\/p>\n<p>Der Familienbetrieb wurde Ende des 17 Jhr. gegr\u00fcndet und ist bis heute in Familienbesitz. Die heutigen Eigner, die Br\u00fcder Attilio und Orlando Pecchenino, sind bem\u00fcht die Qualit\u00e4t der Weine immer weiter zu steigern. Eine besonderheit der sie sich verschrieben haben, ist der Ausbau im Barrique.<\/p>\n<p>Ihre Weine sind gekennzeichnet von F\u00fclle und Komplexit\u00e4t.<\/p>\n","protected":false},"excerpt":{"rendered":"<p>Dolcetto Dogliani Siri d\u2019Jermu PECCHENINO Pecchenino: Das Weingut der Br\u00fcder Pecchenino liegt nahe der sch\u00f6nen Ortschaft Dogliani im Herzen des Piemont an einer besonders idealen Lage f\u00fcr den Ansbau des Dolcetto. Es erstreckt sich \u00fcber 25ha, die alle mit Reben bestockt sind, welche mit der modernsten Technologie und ohne Pestizide genutzt werden. Der Familienbetrieb wurde [&hellip;]<\/p>\n","protected":false},"featured_media":6276,"comment_status":"open","ping_status":"closed","template":"","meta":{"_acf_changed":false,"_monsterinsights_skip_tracking":false,"_monsterinsights_sitenote_active":false,"_monsterinsights_sitenote_note":"","_monsterinsights_sitenote_category":0},"product_brand":[],"product_cat":[2174],"product_tag":[],"class_list":{"0":"post-6274","1":"product","2":"type-product","3":"status-publish","4":"has-post-thumbnail","6":"product_cat-dolcetto-de","7":"pa_appellation-dogliani-docg-de","8":"pa_formato-0-75-l-flasche-de","9":"pa_producer-pecchenino-de-3","10":"pa_region-piemont-de","11":"pa_vine-100-dolcetto-de","12":"pa_vintage-2018-de","14":"first","15":"instock","16":"taxable","17":"shipping-taxable","18":"purchasable","19":"product-type-simple"},"bundled_by":[],"bundle_stock_status":"instock","bundle_stock_quantity":2,"bundle_virtual":false,"bundle_layout":"","bundle_add_to_cart_form_location":"","bundle_editable_in_cart":false,"bundle_sold_individually_context":"","bundle_item_grouping":"","bundle_min_size":"","bundle_max_size":"","bundle_price":[],"bundled_items":[],"bundle_sell_ids":[],"yoast_head":"<!-- This site is optimized with the Yoast SEO plugin v27.3 - https:\/\/yoast.com\/product\/yoast-seo-wordpress\/ -->\n<title>Buy Dolcetto Dogliani Siri d&#039;Jermu PECCHENINO wine online at 23 \u20ac | FonsVinum<\/title>\n<meta name=\"robots\" content=\"index, follow, max-snippet:-1, max-image-preview:large, max-video-preview:-1\" \/>\n<link rel=\"canonical\" href=\"https:\/\/fonsvinum.com\/de\/produkt\/dolcetto-dogliani-siri-djermu-pecchenino\/\" \/>\n<meta property=\"og:locale\" content=\"de_DE\" \/>\n<meta property=\"og:type\" content=\"article\" \/>\n<meta property=\"og:title\" content=\"Buy Dolcetto Dogliani Siri d&#039;Jermu PECCHENINO wine online at 23 \u20ac | FonsVinum\" \/>\n<meta property=\"og:description\" content=\"Dolcetto Dogliani Siri d\u2019Jermu PECCHENINO Pecchenino: Das Weingut der Br\u00fcder Pecchenino liegt nahe der sch\u00f6nen Ortschaft Dogliani im Herzen des Piemont an einer besonders idealen Lage f\u00fcr den Ansbau des Dolcetto. Es erstreckt sich \u00fcber 25ha, die alle mit Reben bestockt sind, welche mit der modernsten Technologie und ohne Pestizide genutzt werden. Der Familienbetrieb wurde [&hellip;]\" \/>\n<meta property=\"og:url\" content=\"https:\/\/fonsvinum.com\/de\/produkt\/dolcetto-dogliani-siri-djermu-pecchenino\/\" \/>\n<meta property=\"og:site_name\" content=\"Fons Vinum\" \/>\n<meta property=\"article:modified_time\" content=\"2019-10-23T14:20:23+00:00\" \/>\n<meta property=\"og:image\" content=\"https:\/\/fonsvinum.com\/files\/2013\/04\/dolcetto-dogliani-siri-d-jermu-pecchenino.png\" \/>\n\t<meta property=\"og:image:width\" content=\"200\" \/>\n\t<meta property=\"og:image:height\" content=\"696\" \/>\n\t<meta property=\"og:image:type\" content=\"image\/png\" \/>\n<meta name=\"twitter:label1\" content=\"Gesch\u00e4tzte Lesezeit\" \/>\n\t<meta name=\"twitter:data1\" content=\"1\u00a0Minute\" \/>\n<script type=\"application\/ld+json\" class=\"yoast-schema-graph\">{\"@context\":\"https:\\\/\\\/schema.org\",\"@graph\":[{\"@type\":\"WebPage\",\"@id\":\"https:\\\/\\\/fonsvinum.com\\\/de\\\/produkt\\\/dolcetto-dogliani-siri-djermu-pecchenino\\\/\",\"url\":\"https:\\\/\\\/fonsvinum.com\\\/de\\\/produkt\\\/dolcetto-dogliani-siri-djermu-pecchenino\\\/\",\"name\":\"Buy Dolcetto Dogliani Siri d'Jermu PECCHENINO wine online at 23 \u20ac | FonsVinum\",\"isPartOf\":{\"@id\":\"https:\\\/\\\/fonsvinum.com\\\/en\\\/#website\"},\"primaryImageOfPage\":{\"@id\":\"https:\\\/\\\/fonsvinum.com\\\/de\\\/produkt\\\/dolcetto-dogliani-siri-djermu-pecchenino\\\/#primaryimage\"},\"image\":{\"@id\":\"https:\\\/\\\/fonsvinum.com\\\/de\\\/produkt\\\/dolcetto-dogliani-siri-djermu-pecchenino\\\/#primaryimage\"},\"thumbnailUrl\":\"https:\\\/\\\/fonsvinum.com\\\/files\\\/2013\\\/04\\\/dolcetto-dogliani-siri-d-jermu-pecchenino.png\",\"datePublished\":\"2013-04-25T14:31:12+00:00\",\"dateModified\":\"2019-10-23T14:20:23+00:00\",\"breadcrumb\":{\"@id\":\"https:\\\/\\\/fonsvinum.com\\\/de\\\/produkt\\\/dolcetto-dogliani-siri-djermu-pecchenino\\\/#breadcrumb\"},\"inLanguage\":\"de\",\"potentialAction\":[{\"@type\":\"ReadAction\",\"target\":[\"https:\\\/\\\/fonsvinum.com\\\/de\\\/produkt\\\/dolcetto-dogliani-siri-djermu-pecchenino\\\/\"]}]},{\"@type\":\"ImageObject\",\"inLanguage\":\"de\",\"@id\":\"https:\\\/\\\/fonsvinum.com\\\/de\\\/produkt\\\/dolcetto-dogliani-siri-djermu-pecchenino\\\/#primaryimage\",\"url\":\"https:\\\/\\\/fonsvinum.com\\\/files\\\/2013\\\/04\\\/dolcetto-dogliani-siri-d-jermu-pecchenino.png\",\"contentUrl\":\"https:\\\/\\\/fonsvinum.com\\\/files\\\/2013\\\/04\\\/dolcetto-dogliani-siri-d-jermu-pecchenino.png\",\"width\":200,\"height\":696},{\"@type\":\"BreadcrumbList\",\"@id\":\"https:\\\/\\\/fonsvinum.com\\\/de\\\/produkt\\\/dolcetto-dogliani-siri-djermu-pecchenino\\\/#breadcrumb\",\"itemListElement\":[{\"@type\":\"ListItem\",\"position\":1,\"name\":\"Startseite\",\"item\":\"https:\\\/\\\/fonsvinum.com\\\/de\\\/\"},{\"@type\":\"ListItem\",\"position\":2,\"name\":\"Shop\",\"item\":\"https:\\\/\\\/fonsvinum.com\\\/de\\\/shop\\\/\"},{\"@type\":\"ListItem\",\"position\":3,\"name\":\"Dolcetto Dogliani Siri d&#8217;Jermu PECCHENINO\"}]},{\"@type\":\"WebSite\",\"@id\":\"https:\\\/\\\/fonsvinum.com\\\/en\\\/#website\",\"url\":\"https:\\\/\\\/fonsvinum.com\\\/en\\\/\",\"name\":\"Fons Vinum\",\"description\":\"Vendita Vino Online\",\"publisher\":{\"@id\":\"https:\\\/\\\/fonsvinum.com\\\/en\\\/#organization\"},\"potentialAction\":[{\"@type\":\"SearchAction\",\"target\":{\"@type\":\"EntryPoint\",\"urlTemplate\":\"https:\\\/\\\/fonsvinum.com\\\/en\\\/?s={search_term_string}\"},\"query-input\":{\"@type\":\"PropertyValueSpecification\",\"valueRequired\":true,\"valueName\":\"search_term_string\"}}],\"inLanguage\":\"de\"},{\"@type\":\"Organization\",\"@id\":\"https:\\\/\\\/fonsvinum.com\\\/en\\\/#organization\",\"name\":\"Fons Vinum\",\"url\":\"https:\\\/\\\/fonsvinum.com\\\/en\\\/\",\"logo\":{\"@type\":\"ImageObject\",\"inLanguage\":\"de\",\"@id\":\"https:\\\/\\\/fonsvinum.com\\\/en\\\/#\\\/schema\\\/logo\\\/image\\\/\",\"url\":\"\",\"contentUrl\":\"\",\"caption\":\"Fons Vinum\"},\"image\":{\"@id\":\"https:\\\/\\\/fonsvinum.com\\\/en\\\/#\\\/schema\\\/logo\\\/image\\\/\"}}]}<\/script>\n<!-- \/ Yoast SEO plugin. -->","yoast_head_json":{"title":"Buy Dolcetto Dogliani Siri d'Jermu PECCHENINO wine online at 23 \u20ac | FonsVinum","robots":{"index":"index","follow":"follow","max-snippet":"max-snippet:-1","max-image-preview":"max-image-preview:large","max-video-preview":"max-video-preview:-1"},"canonical":"https:\/\/fonsvinum.com\/de\/produkt\/dolcetto-dogliani-siri-djermu-pecchenino\/","og_locale":"de_DE","og_type":"article","og_title":"Buy Dolcetto Dogliani Siri d'Jermu PECCHENINO wine online at 23 \u20ac | FonsVinum","og_description":"Dolcetto Dogliani Siri d\u2019Jermu PECCHENINO Pecchenino: Das Weingut der Br\u00fcder Pecchenino liegt nahe der sch\u00f6nen Ortschaft Dogliani im Herzen des Piemont an einer besonders idealen Lage f\u00fcr den Ansbau des Dolcetto. Es erstreckt sich \u00fcber 25ha, die alle mit Reben bestockt sind, welche mit der modernsten Technologie und ohne Pestizide genutzt werden. Der Familienbetrieb wurde [&hellip;]","og_url":"https:\/\/fonsvinum.com\/de\/produkt\/dolcetto-dogliani-siri-djermu-pecchenino\/","og_site_name":"Fons Vinum","article_modified_time":"2019-10-23T14:20:23+00:00","og_image":[{"width":200,"height":696,"url":"https:\/\/fonsvinum.com\/files\/2013\/04\/dolcetto-dogliani-siri-d-jermu-pecchenino.png","type":"image\/png"}],"twitter_misc":{"Gesch\u00e4tzte Lesezeit":"1\u00a0Minute"},"schema":{"@context":"https:\/\/schema.org","@graph":[{"@type":"WebPage","@id":"https:\/\/fonsvinum.com\/de\/produkt\/dolcetto-dogliani-siri-djermu-pecchenino\/","url":"https:\/\/fonsvinum.com\/de\/produkt\/dolcetto-dogliani-siri-djermu-pecchenino\/","name":"Buy Dolcetto Dogliani Siri d'Jermu PECCHENINO wine online at 23 \u20ac | FonsVinum","isPartOf":{"@id":"https:\/\/fonsvinum.com\/en\/#website"},"primaryImageOfPage":{"@id":"https:\/\/fonsvinum.com\/de\/produkt\/dolcetto-dogliani-siri-djermu-pecchenino\/#primaryimage"},"image":{"@id":"https:\/\/fonsvinum.com\/de\/produkt\/dolcetto-dogliani-siri-djermu-pecchenino\/#primaryimage"},"thumbnailUrl":"https:\/\/fonsvinum.com\/files\/2013\/04\/dolcetto-dogliani-siri-d-jermu-pecchenino.png","datePublished":"2013-04-25T14:31:12+00:00","dateModified":"2019-10-23T14:20:23+00:00","breadcrumb":{"@id":"https:\/\/fonsvinum.com\/de\/produkt\/dolcetto-dogliani-siri-djermu-pecchenino\/#breadcrumb"},"inLanguage":"de","potentialAction":[{"@type":"ReadAction","target":["https:\/\/fonsvinum.com\/de\/produkt\/dolcetto-dogliani-siri-djermu-pecchenino\/"]}]},{"@type":"ImageObject","inLanguage":"de","@id":"https:\/\/fonsvinum.com\/de\/produkt\/dolcetto-dogliani-siri-djermu-pecchenino\/#primaryimage","url":"https:\/\/fonsvinum.com\/files\/2013\/04\/dolcetto-dogliani-siri-d-jermu-pecchenino.png","contentUrl":"https:\/\/fonsvinum.com\/files\/2013\/04\/dolcetto-dogliani-siri-d-jermu-pecchenino.png","width":200,"height":696},{"@type":"BreadcrumbList","@id":"https:\/\/fonsvinum.com\/de\/produkt\/dolcetto-dogliani-siri-djermu-pecchenino\/#breadcrumb","itemListElement":[{"@type":"ListItem","position":1,"name":"Startseite","item":"https:\/\/fonsvinum.com\/de\/"},{"@type":"ListItem","position":2,"name":"Shop","item":"https:\/\/fonsvinum.com\/de\/shop\/"},{"@type":"ListItem","position":3,"name":"Dolcetto Dogliani Siri d&#8217;Jermu PECCHENINO"}]},{"@type":"WebSite","@id":"https:\/\/fonsvinum.com\/en\/#website","url":"https:\/\/fonsvinum.com\/en\/","name":"Fons Vinum","description":"Vendita Vino Online","publisher":{"@id":"https:\/\/fonsvinum.com\/en\/#organization"},"potentialAction":[{"@type":"SearchAction","target":{"@type":"EntryPoint","urlTemplate":"https:\/\/fonsvinum.com\/en\/?s={search_term_string}"},"query-input":{"@type":"PropertyValueSpecification","valueRequired":true,"valueName":"search_term_string"}}],"inLanguage":"de"},{"@type":"Organization","@id":"https:\/\/fonsvinum.com\/en\/#organization","name":"Fons Vinum","url":"https:\/\/fonsvinum.com\/en\/","logo":{"@type":"ImageObject","inLanguage":"de","@id":"https:\/\/fonsvinum.com\/en\/#\/schema\/logo\/image\/","url":"","contentUrl":"","caption":"Fons Vinum"},"image":{"@id":"https:\/\/fonsvinum.com\/en\/#\/schema\/logo\/image\/"}}]}},"acf":[],"_links":{"self":[{"href":"https:\/\/fonsvinum.com\/de\/wp-json\/wp\/v2\/product\/6274","targetHints":{"allow":["GET"]}}],"collection":[{"href":"https:\/\/fonsvinum.com\/de\/wp-json\/wp\/v2\/product"}],"about":[{"href":"https:\/\/fonsvinum.com\/de\/wp-json\/wp\/v2\/types\/product"}],"replies":[{"embeddable":true,"href":"https:\/\/fonsvinum.com\/de\/wp-json\/wp\/v2\/comments?post=6274"}],"wp:featuredmedia":[{"embeddable":true,"href":"https:\/\/fonsvinum.com\/de\/wp-json\/wp\/v2\/media\/6276"}],"wp:attachment":[{"href":"https:\/\/fonsvinum.com\/de\/wp-json\/wp\/v2\/media?parent=6274"}],"wp:term":[{"taxonomy":"product_brand","embeddable":true,"href":"https:\/\/fonsvinum.com\/de\/wp-json\/wp\/v2\/product_brand?post=6274"},{"taxonomy":"product_cat","embeddable":true,"href":"https:\/\/fonsvinum.com\/de\/wp-json\/wp\/v2\/product_cat?post=6274"},{"taxonomy":"product_tag","embeddable":true,"href":"https:\/\/fonsvinum.com\/de\/wp-json\/wp\/v2\/product_tag?post=6274"}],"curies":[{"name":"wp","href":"https:\/\/api.w.org\/{rel}","templated":true}]}}