{"id":6186,"date":"2013-06-12T21:41:41","date_gmt":"2013-06-12T19:41:41","guid":{"rendered":"http:\/\/fonsvinum.com\/product\/champagne-la-grande-annee-rose-bollinger-2\/"},"modified":"2019-10-23T16:13:08","modified_gmt":"2019-10-23T14:13:08","slug":"champagne-la-grande-annee-rose-bollinger-2","status":"publish","type":"product","link":"https:\/\/fonsvinum.com\/de\/produkt\/champagne-la-grande-annee-rose-bollinger-2\/","title":{"rendered":"Champagne La Grande Annee Ros\u00e9 BOLLINGER"},"content":{"rendered":"<h1>Champagne La Grande Annee Ros\u00e9 BOLLINGER<\/h1>\n<p>Sie wird nur in besonderen Jahren produziert. Denn in diesem Champagner findet sich nicht nur der einzigartige Charakter des Jahrgangs wieder, aus dem er hervorgegangen ist, sondern er ist auch Ergebnis des &#8222;Stil Bollinger&#8220;, seines au\u00dfergew\u00f6hnlichen Terroirs und seiner traditionellen Ausbaumethoden.<\/p>\n<p>Hier dr\u00fcckt sich das Wissen und die Vollkommenheit von Champagne Bollinger aus. La Grande Ann\u00e9e entwickelt eine erhabene Weinigkeit, intensive, reiche und vielf\u00e4ltige Aromen, deren Vielfalt je nach Charakter des Jahrgangs variiert.<\/p>\n<p>Eine exklusive Assemblage von Traubengut aus Grand- und Premier Cru-Lagen Das Traubengut stammt ausschlie\u00dflich von Grand- und Premier Cru-Lagen aus der Champagne. 17 Crus werden f\u00fcr die Komposition des La Grande Ann\u00e9e 1999 verwendet, wovon 82% Grand- und 18% Premier Cru-Lagen sind.<\/p>\n<p>Der Champagne Grande Ann\u00e9e Ros\u00e9 ist eine Cuv\u00e9e aus Champagner mit dem besten Rotwein der Region, dem C\u00f4te aux Enfants.<\/p>\n<p>Wie \u00fcblich bei Bollinger, spielt auch in dieser lachsfarbenen Prestigecuv\u00e9e der Pinot Noir die gr\u00f6\u00dfte Rolle.<\/p>\n<p>Aromen nach Brioche, Ingwer und Zimt, sowie am Gaumen Zitrusfr\u00fcchte und rote Johannisbeeren pr\u00e4gen diesen traumhaften Spitzenchampagner<\/p>\n","protected":false},"excerpt":{"rendered":"<p>Champagne La Grande Annee Ros\u00e9 BOLLINGER Sie wird nur in besonderen Jahren produziert. Denn in diesem Champagner findet sich nicht nur der einzigartige Charakter des Jahrgangs wieder, aus dem er hervorgegangen ist, sondern er ist auch Ergebnis des &#8222;Stil Bollinger&#8220;, seines au\u00dfergew\u00f6hnlichen Terroirs und seiner traditionellen Ausbaumethoden. Hier dr\u00fcckt sich das Wissen und die Vollkommenheit [&hellip;]<\/p>\n","protected":false},"featured_media":6188,"comment_status":"open","ping_status":"closed","template":"","meta":{"_acf_changed":false,"_monsterinsights_skip_tracking":false,"_monsterinsights_sitenote_active":false,"_monsterinsights_sitenote_note":"","_monsterinsights_sitenote_category":0},"product_brand":[],"product_cat":[2160,1478],"product_tag":[],"class_list":{"0":"post-6186","1":"product","2":"type-product","3":"status-publish","4":"has-post-thumbnail","6":"product_cat-champagne-de","7":"product_cat-rose-de","8":"pa_appellation-champagne-aoc-de","9":"pa_formato-0-75-l-flasche-de","10":"pa_producer-bollinger-de","11":"pa_region-champagne-de","12":"pa_vine-pinot-noir-chardonnay-de","13":"pa_vintage-2005-de","15":"first","16":"instock","17":"taxable","18":"shipping-taxable","19":"purchasable","20":"product-type-simple"},"bundled_by":[],"bundle_stock_status":"instock","bundle_stock_quantity":1,"bundle_virtual":false,"bundle_layout":"","bundle_add_to_cart_form_location":"","bundle_editable_in_cart":false,"bundle_sold_individually_context":"","bundle_item_grouping":"","bundle_min_size":"","bundle_max_size":"","bundle_price":[],"bundled_items":[],"bundle_sell_ids":[],"yoast_head":"<!-- This site is optimized with the Yoast SEO plugin v27.2 - https:\/\/yoast.com\/product\/yoast-seo-wordpress\/ -->\n<title>Champagne La Grande Annee Ros\u00e9 BOLLINGER<\/title>\n<meta name=\"description\" content=\"Champagne La Grande Annee Ros\u00e9 BOLLINGER I Fonsvinum rare Weine online aus Piedmont,Toskana und Venetien Aromen nach Brioche, Ingwer und Zimt, sowie am Gaumen Zitrusfr\u00fcchte und rote Johannisbeeren pr\u00e4gen diesen traumhaften Spitzenchampagner\" \/>\n<meta name=\"robots\" content=\"index, follow, max-snippet:-1, max-image-preview:large, max-video-preview:-1\" \/>\n<link rel=\"canonical\" href=\"https:\/\/fonsvinum.com\/de\/produkt\/champagne-la-grande-annee-rose-bollinger-2\/\" \/>\n<meta property=\"og:locale\" content=\"de_DE\" \/>\n<meta property=\"og:type\" content=\"article\" \/>\n<meta property=\"og:title\" content=\"Champagne La Grande Annee Ros\u00e9 BOLLINGER\" \/>\n<meta property=\"og:description\" content=\"Champagne La Grande Annee Ros\u00e9 BOLLINGER I Fonsvinum rare Weine online aus Piedmont,Toskana und Venetien Aromen nach Brioche, Ingwer und Zimt, sowie am Gaumen Zitrusfr\u00fcchte und rote Johannisbeeren pr\u00e4gen diesen traumhaften Spitzenchampagner\" \/>\n<meta property=\"og:url\" content=\"https:\/\/fonsvinum.com\/de\/produkt\/champagne-la-grande-annee-rose-bollinger-2\/\" \/>\n<meta property=\"og:site_name\" content=\"Fons Vinum\" \/>\n<meta property=\"article:modified_time\" content=\"2019-10-23T14:13:08+00:00\" \/>\n<meta property=\"og:image\" content=\"https:\/\/fonsvinum.com\/files\/2013\/06\/Champagne-bollinger-la-grande-annee-rose.png\" \/>\n\t<meta property=\"og:image:width\" content=\"170\" \/>\n\t<meta property=\"og:image:height\" content=\"529\" \/>\n\t<meta property=\"og:image:type\" content=\"image\/png\" \/>\n<meta name=\"twitter:label1\" content=\"Gesch\u00e4tzte Lesezeit\" \/>\n\t<meta name=\"twitter:data1\" content=\"1\u00a0Minute\" \/>\n<script type=\"application\/ld+json\" class=\"yoast-schema-graph\">{\"@context\":\"https:\/\/schema.org\",\"@graph\":[{\"@type\":\"WebPage\",\"@id\":\"https:\/\/fonsvinum.com\/de\/produkt\/champagne-la-grande-annee-rose-bollinger-2\/\",\"url\":\"https:\/\/fonsvinum.com\/de\/produkt\/champagne-la-grande-annee-rose-bollinger-2\/\",\"name\":\"Champagne La Grande Annee Ros\u00e9 BOLLINGER\",\"isPartOf\":{\"@id\":\"https:\/\/fonsvinum.com\/en\/#website\"},\"primaryImageOfPage\":{\"@id\":\"https:\/\/fonsvinum.com\/de\/produkt\/champagne-la-grande-annee-rose-bollinger-2\/#primaryimage\"},\"image\":{\"@id\":\"https:\/\/fonsvinum.com\/de\/produkt\/champagne-la-grande-annee-rose-bollinger-2\/#primaryimage\"},\"thumbnailUrl\":\"https:\/\/fonsvinum.com\/files\/2013\/06\/Champagne-bollinger-la-grande-annee-rose.png\",\"datePublished\":\"2013-06-12T19:41:41+00:00\",\"dateModified\":\"2019-10-23T14:13:08+00:00\",\"description\":\"Champagne La Grande Annee Ros\u00e9 BOLLINGER I Fonsvinum rare Weine online aus Piedmont,Toskana und Venetien Aromen nach Brioche, Ingwer und Zimt, sowie am Gaumen Zitrusfr\u00fcchte und rote Johannisbeeren pr\u00e4gen diesen traumhaften Spitzenchampagner\",\"breadcrumb\":{\"@id\":\"https:\/\/fonsvinum.com\/de\/produkt\/champagne-la-grande-annee-rose-bollinger-2\/#breadcrumb\"},\"inLanguage\":\"de\",\"potentialAction\":[{\"@type\":\"ReadAction\",\"target\":[\"https:\/\/fonsvinum.com\/de\/produkt\/champagne-la-grande-annee-rose-bollinger-2\/\"]}]},{\"@type\":\"ImageObject\",\"inLanguage\":\"de\",\"@id\":\"https:\/\/fonsvinum.com\/de\/produkt\/champagne-la-grande-annee-rose-bollinger-2\/#primaryimage\",\"url\":\"https:\/\/fonsvinum.com\/files\/2013\/06\/Champagne-bollinger-la-grande-annee-rose.png\",\"contentUrl\":\"https:\/\/fonsvinum.com\/files\/2013\/06\/Champagne-bollinger-la-grande-annee-rose.png\",\"width\":170,\"height\":529},{\"@type\":\"BreadcrumbList\",\"@id\":\"https:\/\/fonsvinum.com\/de\/produkt\/champagne-la-grande-annee-rose-bollinger-2\/#breadcrumb\",\"itemListElement\":[{\"@type\":\"ListItem\",\"position\":1,\"name\":\"Startseite\",\"item\":\"https:\/\/fonsvinum.com\/de\/\"},{\"@type\":\"ListItem\",\"position\":2,\"name\":\"Shop\",\"item\":\"https:\/\/fonsvinum.com\/de\/shop\/\"},{\"@type\":\"ListItem\",\"position\":3,\"name\":\"Champagne La Grande Annee Ros\u00e9 BOLLINGER\"}]},{\"@type\":\"WebSite\",\"@id\":\"https:\/\/fonsvinum.com\/en\/#website\",\"url\":\"https:\/\/fonsvinum.com\/en\/\",\"name\":\"Fons Vinum\",\"description\":\"Vendita Vino Online\",\"publisher\":{\"@id\":\"https:\/\/fonsvinum.com\/en\/#organization\"},\"potentialAction\":[{\"@type\":\"SearchAction\",\"target\":{\"@type\":\"EntryPoint\",\"urlTemplate\":\"https:\/\/fonsvinum.com\/en\/?s={search_term_string}\"},\"query-input\":{\"@type\":\"PropertyValueSpecification\",\"valueRequired\":true,\"valueName\":\"search_term_string\"}}],\"inLanguage\":\"de\"},{\"@type\":\"Organization\",\"@id\":\"https:\/\/fonsvinum.com\/en\/#organization\",\"name\":\"Fons Vinum\",\"url\":\"https:\/\/fonsvinum.com\/en\/\",\"logo\":{\"@type\":\"ImageObject\",\"inLanguage\":\"de\",\"@id\":\"https:\/\/fonsvinum.com\/en\/#\/schema\/logo\/image\/\",\"url\":\"\",\"contentUrl\":\"\",\"caption\":\"Fons Vinum\"},\"image\":{\"@id\":\"https:\/\/fonsvinum.com\/en\/#\/schema\/logo\/image\/\"}}]}<\/script>\n<!-- \/ Yoast SEO plugin. -->","yoast_head_json":{"title":"Champagne La Grande Annee Ros\u00e9 BOLLINGER","description":"Champagne La Grande Annee Ros\u00e9 BOLLINGER I Fonsvinum rare Weine online aus Piedmont,Toskana und Venetien Aromen nach Brioche, Ingwer und Zimt, sowie am Gaumen Zitrusfr\u00fcchte und rote Johannisbeeren pr\u00e4gen diesen traumhaften Spitzenchampagner","robots":{"index":"index","follow":"follow","max-snippet":"max-snippet:-1","max-image-preview":"max-image-preview:large","max-video-preview":"max-video-preview:-1"},"canonical":"https:\/\/fonsvinum.com\/de\/produkt\/champagne-la-grande-annee-rose-bollinger-2\/","og_locale":"de_DE","og_type":"article","og_title":"Champagne La Grande Annee Ros\u00e9 BOLLINGER","og_description":"Champagne La Grande Annee Ros\u00e9 BOLLINGER I Fonsvinum rare Weine online aus Piedmont,Toskana und Venetien Aromen nach Brioche, Ingwer und Zimt, sowie am Gaumen Zitrusfr\u00fcchte und rote Johannisbeeren pr\u00e4gen diesen traumhaften Spitzenchampagner","og_url":"https:\/\/fonsvinum.com\/de\/produkt\/champagne-la-grande-annee-rose-bollinger-2\/","og_site_name":"Fons Vinum","article_modified_time":"2019-10-23T14:13:08+00:00","og_image":[{"width":170,"height":529,"url":"https:\/\/fonsvinum.com\/files\/2013\/06\/Champagne-bollinger-la-grande-annee-rose.png","type":"image\/png"}],"twitter_misc":{"Gesch\u00e4tzte Lesezeit":"1\u00a0Minute"},"schema":{"@context":"https:\/\/schema.org","@graph":[{"@type":"WebPage","@id":"https:\/\/fonsvinum.com\/de\/produkt\/champagne-la-grande-annee-rose-bollinger-2\/","url":"https:\/\/fonsvinum.com\/de\/produkt\/champagne-la-grande-annee-rose-bollinger-2\/","name":"Champagne La Grande Annee Ros\u00e9 BOLLINGER","isPartOf":{"@id":"https:\/\/fonsvinum.com\/en\/#website"},"primaryImageOfPage":{"@id":"https:\/\/fonsvinum.com\/de\/produkt\/champagne-la-grande-annee-rose-bollinger-2\/#primaryimage"},"image":{"@id":"https:\/\/fonsvinum.com\/de\/produkt\/champagne-la-grande-annee-rose-bollinger-2\/#primaryimage"},"thumbnailUrl":"https:\/\/fonsvinum.com\/files\/2013\/06\/Champagne-bollinger-la-grande-annee-rose.png","datePublished":"2013-06-12T19:41:41+00:00","dateModified":"2019-10-23T14:13:08+00:00","description":"Champagne La Grande Annee Ros\u00e9 BOLLINGER I Fonsvinum rare Weine online aus Piedmont,Toskana und Venetien Aromen nach Brioche, Ingwer und Zimt, sowie am Gaumen Zitrusfr\u00fcchte und rote Johannisbeeren pr\u00e4gen diesen traumhaften Spitzenchampagner","breadcrumb":{"@id":"https:\/\/fonsvinum.com\/de\/produkt\/champagne-la-grande-annee-rose-bollinger-2\/#breadcrumb"},"inLanguage":"de","potentialAction":[{"@type":"ReadAction","target":["https:\/\/fonsvinum.com\/de\/produkt\/champagne-la-grande-annee-rose-bollinger-2\/"]}]},{"@type":"ImageObject","inLanguage":"de","@id":"https:\/\/fonsvinum.com\/de\/produkt\/champagne-la-grande-annee-rose-bollinger-2\/#primaryimage","url":"https:\/\/fonsvinum.com\/files\/2013\/06\/Champagne-bollinger-la-grande-annee-rose.png","contentUrl":"https:\/\/fonsvinum.com\/files\/2013\/06\/Champagne-bollinger-la-grande-annee-rose.png","width":170,"height":529},{"@type":"BreadcrumbList","@id":"https:\/\/fonsvinum.com\/de\/produkt\/champagne-la-grande-annee-rose-bollinger-2\/#breadcrumb","itemListElement":[{"@type":"ListItem","position":1,"name":"Startseite","item":"https:\/\/fonsvinum.com\/de\/"},{"@type":"ListItem","position":2,"name":"Shop","item":"https:\/\/fonsvinum.com\/de\/shop\/"},{"@type":"ListItem","position":3,"name":"Champagne La Grande Annee Ros\u00e9 BOLLINGER"}]},{"@type":"WebSite","@id":"https:\/\/fonsvinum.com\/en\/#website","url":"https:\/\/fonsvinum.com\/en\/","name":"Fons Vinum","description":"Vendita Vino Online","publisher":{"@id":"https:\/\/fonsvinum.com\/en\/#organization"},"potentialAction":[{"@type":"SearchAction","target":{"@type":"EntryPoint","urlTemplate":"https:\/\/fonsvinum.com\/en\/?s={search_term_string}"},"query-input":{"@type":"PropertyValueSpecification","valueRequired":true,"valueName":"search_term_string"}}],"inLanguage":"de"},{"@type":"Organization","@id":"https:\/\/fonsvinum.com\/en\/#organization","name":"Fons Vinum","url":"https:\/\/fonsvinum.com\/en\/","logo":{"@type":"ImageObject","inLanguage":"de","@id":"https:\/\/fonsvinum.com\/en\/#\/schema\/logo\/image\/","url":"","contentUrl":"","caption":"Fons Vinum"},"image":{"@id":"https:\/\/fonsvinum.com\/en\/#\/schema\/logo\/image\/"}}]}},"acf":[],"_links":{"self":[{"href":"https:\/\/fonsvinum.com\/de\/wp-json\/wp\/v2\/product\/6186","targetHints":{"allow":["GET"]}}],"collection":[{"href":"https:\/\/fonsvinum.com\/de\/wp-json\/wp\/v2\/product"}],"about":[{"href":"https:\/\/fonsvinum.com\/de\/wp-json\/wp\/v2\/types\/product"}],"replies":[{"embeddable":true,"href":"https:\/\/fonsvinum.com\/de\/wp-json\/wp\/v2\/comments?post=6186"}],"wp:featuredmedia":[{"embeddable":true,"href":"https:\/\/fonsvinum.com\/de\/wp-json\/wp\/v2\/media\/6188"}],"wp:attachment":[{"href":"https:\/\/fonsvinum.com\/de\/wp-json\/wp\/v2\/media?parent=6186"}],"wp:term":[{"taxonomy":"product_brand","embeddable":true,"href":"https:\/\/fonsvinum.com\/de\/wp-json\/wp\/v2\/product_brand?post=6186"},{"taxonomy":"product_cat","embeddable":true,"href":"https:\/\/fonsvinum.com\/de\/wp-json\/wp\/v2\/product_cat?post=6186"},{"taxonomy":"product_tag","embeddable":true,"href":"https:\/\/fonsvinum.com\/de\/wp-json\/wp\/v2\/product_tag?post=6186"}],"curies":[{"name":"wp","href":"https:\/\/api.w.org\/{rel}","templated":true}]}}