{"id":6182,"date":"2014-10-20T10:56:42","date_gmt":"2014-10-20T08:56:42","guid":{"rendered":"http:\/\/fonsvinum.com\/product\/champagne-bollinger-r-d-2002-owc\/"},"modified":"2020-03-02T12:21:44","modified_gmt":"2020-03-02T11:21:44","slug":"champagne-bollinger-r-d-2002-with-case","status":"publish","type":"product","link":"https:\/\/fonsvinum.com\/de\/produkt\/champagne-bollinger-r-d-2002-with-case\/","title":{"rendered":"Champagne Bollinger R.D. Jahrgang 2002 with case"},"content":{"rendered":"<h1>Champagne Bollinger R.D.\u00a0 Jahrgang 2002 with case<\/h1>\n<p>Sie wird nur in besonderen Jahren produziert. Denn in diesem Champagner findet sich nicht nur der einzigartige Charakter des Jahrgangs wieder, aus dem er hervorgegangen ist, sondern er ist auch Ergebnis des &#8222;Stil Bollinger&#8220;, seines au\u00dfergew\u00f6hnlichen Terroirs und seiner traditionellen Ausbaumethoden.<\/p>\n<p>Hier dr\u00fcckt sich das Wissen und die Vollkommenheit von Champagne Bollinger aus. La Grande Ann\u00e9e entwickelt eine erhabene Weinigkeit, intensive, reiche und vielf\u00e4ltige Aromen, deren Vielfalt je nach Charakter des Jahrgangs variiert.<\/p>\n<p>Eine exklusive Assemblage von Traubengut aus Grand- und Premier Cru-Lagen Das Traubengut stammt ausschlie\u00dflich von Grand- und Premier Cru-Lagen aus der Champagne. 17 Crus werden f\u00fcr die Komposition des La Grande Ann\u00e9e 1999 verwendet, wovon 82% Grand- und 18% Premier Cru-Lagen sind.<\/p>\n<p>In der Nase ist der Champagner Bollinger Special Cuv\u00e9e gradlinig, langanhaltend und unglaublich raffiniert.<\/p>\n","protected":false},"excerpt":{"rendered":"<p>Champagne Bollinger R.D.\u00a0 Jahrgang 2002 with case Sie wird nur in besonderen Jahren produziert. Denn in diesem Champagner findet sich nicht nur der einzigartige Charakter des Jahrgangs wieder, aus dem er hervorgegangen ist, sondern er ist auch Ergebnis des &#8222;Stil Bollinger&#8220;, seines au\u00dfergew\u00f6hnlichen Terroirs und seiner traditionellen Ausbaumethoden. Hier dr\u00fcckt sich das Wissen und die [&hellip;]<\/p>\n","protected":false},"featured_media":31758,"comment_status":"open","ping_status":"closed","template":"","meta":{"_acf_changed":false,"_monsterinsights_skip_tracking":false,"_monsterinsights_sitenote_active":false,"_monsterinsights_sitenote_note":"","_monsterinsights_sitenote_category":0},"product_brand":[],"product_cat":[1481],"product_tag":[1733,1802],"class_list":{"0":"post-6182","1":"product","2":"type-product","3":"status-publish","4":"has-post-thumbnail","6":"product_cat-brut-de","7":"product_tag-aussergewoehnliche-weine-de","8":"product_tag-champagne-de","9":"pa_appellation-champagne-aoc-de","10":"pa_formato-0-75-l-flasche-de","11":"pa_producer-bollinger-de","12":"pa_region-champagne-de","13":"pa_vine-60-pinot-noir-40-chardonnay-3-gl-dosierung","14":"pa_vintage-2002-de","16":"first","17":"instock","18":"taxable","19":"shipping-taxable","20":"purchasable","21":"product-type-simple"},"bundled_by":[],"bundle_stock_status":"instock","bundle_stock_quantity":2,"bundle_virtual":false,"bundle_layout":"","bundle_add_to_cart_form_location":"","bundle_editable_in_cart":false,"bundle_sold_individually_context":"","bundle_item_grouping":"","bundle_min_size":"","bundle_max_size":"","bundle_price":[],"bundled_items":[],"bundle_sell_ids":[],"yoast_head":"<!-- This site is optimized with the Yoast SEO plugin v27.3 - https:\/\/yoast.com\/product\/yoast-seo-wordpress\/ -->\n<title>CHAMPAGNE BOLLINGER R.D. Jahrgang 2002 with case<\/title>\n<meta name=\"description\" content=\"CHAMPAGNE BOLLINGER R.D. Jahrgang 2002 with caseI Fonsvinum rare Weine online aus Piedmont,Toskana und Venetien Langanhaltend und unglaublich raffiniert.\" \/>\n<meta name=\"robots\" content=\"index, follow, max-snippet:-1, max-image-preview:large, max-video-preview:-1\" \/>\n<link rel=\"canonical\" href=\"https:\/\/fonsvinum.com\/de\/produkt\/champagne-bollinger-r-d-2002-with-case\/\" \/>\n<meta property=\"og:locale\" content=\"de_DE\" \/>\n<meta property=\"og:type\" content=\"article\" \/>\n<meta property=\"og:title\" content=\"CHAMPAGNE BOLLINGER R.D. Jahrgang 2002 with case\" \/>\n<meta property=\"og:description\" content=\"CHAMPAGNE BOLLINGER R.D. Jahrgang 2002 with caseI Fonsvinum rare Weine online aus Piedmont,Toskana und Venetien Langanhaltend und unglaublich raffiniert.\" \/>\n<meta property=\"og:url\" content=\"https:\/\/fonsvinum.com\/de\/produkt\/champagne-bollinger-r-d-2002-with-case\/\" \/>\n<meta property=\"og:site_name\" content=\"Fons Vinum\" \/>\n<meta property=\"article:modified_time\" content=\"2020-03-02T11:21:44+00:00\" \/>\n<meta property=\"og:image\" content=\"https:\/\/fonsvinum.com\/files\/2021\/03\/champagne-extra-brut-r-d-bollinger.jpg\" \/>\n\t<meta property=\"og:image:width\" content=\"200\" \/>\n\t<meta property=\"og:image:height\" content=\"600\" \/>\n\t<meta property=\"og:image:type\" content=\"image\/jpeg\" \/>\n<meta name=\"twitter:label1\" content=\"Gesch\u00e4tzte Lesezeit\" \/>\n\t<meta name=\"twitter:data1\" content=\"1\u00a0Minute\" \/>\n<script type=\"application\/ld+json\" class=\"yoast-schema-graph\">{\"@context\":\"https:\\\/\\\/schema.org\",\"@graph\":[{\"@type\":\"WebPage\",\"@id\":\"https:\\\/\\\/fonsvinum.com\\\/de\\\/produkt\\\/champagne-bollinger-r-d-2002-with-case\\\/\",\"url\":\"https:\\\/\\\/fonsvinum.com\\\/de\\\/produkt\\\/champagne-bollinger-r-d-2002-with-case\\\/\",\"name\":\"CHAMPAGNE BOLLINGER R.D. Jahrgang 2002 with case\",\"isPartOf\":{\"@id\":\"https:\\\/\\\/fonsvinum.com\\\/en\\\/#website\"},\"primaryImageOfPage\":{\"@id\":\"https:\\\/\\\/fonsvinum.com\\\/de\\\/produkt\\\/champagne-bollinger-r-d-2002-with-case\\\/#primaryimage\"},\"image\":{\"@id\":\"https:\\\/\\\/fonsvinum.com\\\/de\\\/produkt\\\/champagne-bollinger-r-d-2002-with-case\\\/#primaryimage\"},\"thumbnailUrl\":\"https:\\\/\\\/fonsvinum.com\\\/files\\\/2021\\\/03\\\/champagne-extra-brut-r-d-bollinger.jpg\",\"datePublished\":\"2014-10-20T08:56:42+00:00\",\"dateModified\":\"2020-03-02T11:21:44+00:00\",\"description\":\"CHAMPAGNE BOLLINGER R.D. Jahrgang 2002 with caseI Fonsvinum rare Weine online aus Piedmont,Toskana und Venetien Langanhaltend und unglaublich raffiniert.\",\"breadcrumb\":{\"@id\":\"https:\\\/\\\/fonsvinum.com\\\/de\\\/produkt\\\/champagne-bollinger-r-d-2002-with-case\\\/#breadcrumb\"},\"inLanguage\":\"de\",\"potentialAction\":[{\"@type\":\"ReadAction\",\"target\":[\"https:\\\/\\\/fonsvinum.com\\\/de\\\/produkt\\\/champagne-bollinger-r-d-2002-with-case\\\/\"]}]},{\"@type\":\"ImageObject\",\"inLanguage\":\"de\",\"@id\":\"https:\\\/\\\/fonsvinum.com\\\/de\\\/produkt\\\/champagne-bollinger-r-d-2002-with-case\\\/#primaryimage\",\"url\":\"https:\\\/\\\/fonsvinum.com\\\/files\\\/2021\\\/03\\\/champagne-extra-brut-r-d-bollinger.jpg\",\"contentUrl\":\"https:\\\/\\\/fonsvinum.com\\\/files\\\/2021\\\/03\\\/champagne-extra-brut-r-d-bollinger.jpg\",\"width\":200,\"height\":600},{\"@type\":\"BreadcrumbList\",\"@id\":\"https:\\\/\\\/fonsvinum.com\\\/de\\\/produkt\\\/champagne-bollinger-r-d-2002-with-case\\\/#breadcrumb\",\"itemListElement\":[{\"@type\":\"ListItem\",\"position\":1,\"name\":\"Startseite\",\"item\":\"https:\\\/\\\/fonsvinum.com\\\/de\\\/\"},{\"@type\":\"ListItem\",\"position\":2,\"name\":\"Shop\",\"item\":\"https:\\\/\\\/fonsvinum.com\\\/de\\\/shop\\\/\"},{\"@type\":\"ListItem\",\"position\":3,\"name\":\"Champagne Bollinger R.D. Jahrgang 2002 with case\"}]},{\"@type\":\"WebSite\",\"@id\":\"https:\\\/\\\/fonsvinum.com\\\/en\\\/#website\",\"url\":\"https:\\\/\\\/fonsvinum.com\\\/en\\\/\",\"name\":\"Fons Vinum\",\"description\":\"Vendita Vino Online\",\"publisher\":{\"@id\":\"https:\\\/\\\/fonsvinum.com\\\/en\\\/#organization\"},\"potentialAction\":[{\"@type\":\"SearchAction\",\"target\":{\"@type\":\"EntryPoint\",\"urlTemplate\":\"https:\\\/\\\/fonsvinum.com\\\/en\\\/?s={search_term_string}\"},\"query-input\":{\"@type\":\"PropertyValueSpecification\",\"valueRequired\":true,\"valueName\":\"search_term_string\"}}],\"inLanguage\":\"de\"},{\"@type\":\"Organization\",\"@id\":\"https:\\\/\\\/fonsvinum.com\\\/en\\\/#organization\",\"name\":\"Fons Vinum\",\"url\":\"https:\\\/\\\/fonsvinum.com\\\/en\\\/\",\"logo\":{\"@type\":\"ImageObject\",\"inLanguage\":\"de\",\"@id\":\"https:\\\/\\\/fonsvinum.com\\\/en\\\/#\\\/schema\\\/logo\\\/image\\\/\",\"url\":\"\",\"contentUrl\":\"\",\"caption\":\"Fons Vinum\"},\"image\":{\"@id\":\"https:\\\/\\\/fonsvinum.com\\\/en\\\/#\\\/schema\\\/logo\\\/image\\\/\"}}]}<\/script>\n<!-- \/ Yoast SEO plugin. -->","yoast_head_json":{"title":"CHAMPAGNE BOLLINGER R.D. Jahrgang 2002 with case","description":"CHAMPAGNE BOLLINGER R.D. Jahrgang 2002 with caseI Fonsvinum rare Weine online aus Piedmont,Toskana und Venetien Langanhaltend und unglaublich raffiniert.","robots":{"index":"index","follow":"follow","max-snippet":"max-snippet:-1","max-image-preview":"max-image-preview:large","max-video-preview":"max-video-preview:-1"},"canonical":"https:\/\/fonsvinum.com\/de\/produkt\/champagne-bollinger-r-d-2002-with-case\/","og_locale":"de_DE","og_type":"article","og_title":"CHAMPAGNE BOLLINGER R.D. Jahrgang 2002 with case","og_description":"CHAMPAGNE BOLLINGER R.D. Jahrgang 2002 with caseI Fonsvinum rare Weine online aus Piedmont,Toskana und Venetien Langanhaltend und unglaublich raffiniert.","og_url":"https:\/\/fonsvinum.com\/de\/produkt\/champagne-bollinger-r-d-2002-with-case\/","og_site_name":"Fons Vinum","article_modified_time":"2020-03-02T11:21:44+00:00","og_image":[{"width":200,"height":600,"url":"https:\/\/fonsvinum.com\/files\/2021\/03\/champagne-extra-brut-r-d-bollinger.jpg","type":"image\/jpeg"}],"twitter_misc":{"Gesch\u00e4tzte Lesezeit":"1\u00a0Minute"},"schema":{"@context":"https:\/\/schema.org","@graph":[{"@type":"WebPage","@id":"https:\/\/fonsvinum.com\/de\/produkt\/champagne-bollinger-r-d-2002-with-case\/","url":"https:\/\/fonsvinum.com\/de\/produkt\/champagne-bollinger-r-d-2002-with-case\/","name":"CHAMPAGNE BOLLINGER R.D. Jahrgang 2002 with case","isPartOf":{"@id":"https:\/\/fonsvinum.com\/en\/#website"},"primaryImageOfPage":{"@id":"https:\/\/fonsvinum.com\/de\/produkt\/champagne-bollinger-r-d-2002-with-case\/#primaryimage"},"image":{"@id":"https:\/\/fonsvinum.com\/de\/produkt\/champagne-bollinger-r-d-2002-with-case\/#primaryimage"},"thumbnailUrl":"https:\/\/fonsvinum.com\/files\/2021\/03\/champagne-extra-brut-r-d-bollinger.jpg","datePublished":"2014-10-20T08:56:42+00:00","dateModified":"2020-03-02T11:21:44+00:00","description":"CHAMPAGNE BOLLINGER R.D. Jahrgang 2002 with caseI Fonsvinum rare Weine online aus Piedmont,Toskana und Venetien Langanhaltend und unglaublich raffiniert.","breadcrumb":{"@id":"https:\/\/fonsvinum.com\/de\/produkt\/champagne-bollinger-r-d-2002-with-case\/#breadcrumb"},"inLanguage":"de","potentialAction":[{"@type":"ReadAction","target":["https:\/\/fonsvinum.com\/de\/produkt\/champagne-bollinger-r-d-2002-with-case\/"]}]},{"@type":"ImageObject","inLanguage":"de","@id":"https:\/\/fonsvinum.com\/de\/produkt\/champagne-bollinger-r-d-2002-with-case\/#primaryimage","url":"https:\/\/fonsvinum.com\/files\/2021\/03\/champagne-extra-brut-r-d-bollinger.jpg","contentUrl":"https:\/\/fonsvinum.com\/files\/2021\/03\/champagne-extra-brut-r-d-bollinger.jpg","width":200,"height":600},{"@type":"BreadcrumbList","@id":"https:\/\/fonsvinum.com\/de\/produkt\/champagne-bollinger-r-d-2002-with-case\/#breadcrumb","itemListElement":[{"@type":"ListItem","position":1,"name":"Startseite","item":"https:\/\/fonsvinum.com\/de\/"},{"@type":"ListItem","position":2,"name":"Shop","item":"https:\/\/fonsvinum.com\/de\/shop\/"},{"@type":"ListItem","position":3,"name":"Champagne Bollinger R.D. Jahrgang 2002 with case"}]},{"@type":"WebSite","@id":"https:\/\/fonsvinum.com\/en\/#website","url":"https:\/\/fonsvinum.com\/en\/","name":"Fons Vinum","description":"Vendita Vino Online","publisher":{"@id":"https:\/\/fonsvinum.com\/en\/#organization"},"potentialAction":[{"@type":"SearchAction","target":{"@type":"EntryPoint","urlTemplate":"https:\/\/fonsvinum.com\/en\/?s={search_term_string}"},"query-input":{"@type":"PropertyValueSpecification","valueRequired":true,"valueName":"search_term_string"}}],"inLanguage":"de"},{"@type":"Organization","@id":"https:\/\/fonsvinum.com\/en\/#organization","name":"Fons Vinum","url":"https:\/\/fonsvinum.com\/en\/","logo":{"@type":"ImageObject","inLanguage":"de","@id":"https:\/\/fonsvinum.com\/en\/#\/schema\/logo\/image\/","url":"","contentUrl":"","caption":"Fons Vinum"},"image":{"@id":"https:\/\/fonsvinum.com\/en\/#\/schema\/logo\/image\/"}}]}},"acf":[],"_links":{"self":[{"href":"https:\/\/fonsvinum.com\/de\/wp-json\/wp\/v2\/product\/6182","targetHints":{"allow":["GET"]}}],"collection":[{"href":"https:\/\/fonsvinum.com\/de\/wp-json\/wp\/v2\/product"}],"about":[{"href":"https:\/\/fonsvinum.com\/de\/wp-json\/wp\/v2\/types\/product"}],"replies":[{"embeddable":true,"href":"https:\/\/fonsvinum.com\/de\/wp-json\/wp\/v2\/comments?post=6182"}],"wp:featuredmedia":[{"embeddable":true,"href":"https:\/\/fonsvinum.com\/de\/wp-json\/wp\/v2\/media\/31758"}],"wp:attachment":[{"href":"https:\/\/fonsvinum.com\/de\/wp-json\/wp\/v2\/media?parent=6182"}],"wp:term":[{"taxonomy":"product_brand","embeddable":true,"href":"https:\/\/fonsvinum.com\/de\/wp-json\/wp\/v2\/product_brand?post=6182"},{"taxonomy":"product_cat","embeddable":true,"href":"https:\/\/fonsvinum.com\/de\/wp-json\/wp\/v2\/product_cat?post=6182"},{"taxonomy":"product_tag","embeddable":true,"href":"https:\/\/fonsvinum.com\/de\/wp-json\/wp\/v2\/product_tag?post=6182"}],"curies":[{"name":"wp","href":"https:\/\/api.w.org\/{rel}","templated":true}]}}