{"id":6132,"date":"2014-12-14T19:26:40","date_gmt":"2014-12-14T18:26:40","guid":{"rendered":"http:\/\/fonsvinum.com\/product\/barbera-dalba-doc-bruno-giacosa\/"},"modified":"2020-01-29T10:20:44","modified_gmt":"2020-01-29T09:20:44","slug":"barbera-dalba-doc-bruno-giacosa","status":"publish","type":"product","link":"https:\/\/fonsvinum.com\/de\/produkt\/barbera-dalba-doc-bruno-giacosa\/","title":{"rendered":"Barbera d&#8217;Alba doc Bruno Giacosa"},"content":{"rendered":"<h1>Barbera d&#8217;Alba doc Bruno Giacosa<\/h1>\n<p>Barbera aus der Falletto-Lage in Serralunga, reift in gro\u00dfen F\u00e4ssern von mehreren tausend Litern Fassungsverm\u00f6gen.<\/p>\n<p>Die Kunst, so sagt es der Meister selbst, besteht darin, bei der alkoholischen G\u00e4rung die Temperaturen zu m\u00e4\u00dfigen und bei der Mazeration nicht zu \u00fcbertreiben.<\/p>\n","protected":false},"excerpt":{"rendered":"<p>Barbera d&#8217;Alba doc Bruno Giacosa Barbera aus der Falletto-Lage in Serralunga, reift in gro\u00dfen F\u00e4ssern von mehreren tausend Litern Fassungsverm\u00f6gen. Die Kunst, so sagt es der Meister selbst, besteht darin, bei der alkoholischen G\u00e4rung die Temperaturen zu m\u00e4\u00dfigen und bei der Mazeration nicht zu \u00fcbertreiben.<\/p>\n","protected":false},"featured_media":6134,"comment_status":"open","ping_status":"closed","template":"","meta":{"_acf_changed":false,"_monsterinsights_skip_tracking":false,"_monsterinsights_sitenote_active":false,"_monsterinsights_sitenote_note":"","_monsterinsights_sitenote_category":0},"product_brand":[],"product_cat":[2170],"product_tag":[],"class_list":{"0":"post-6132","1":"product","2":"type-product","3":"status-publish","4":"has-post-thumbnail","6":"product_cat-barbera-de","7":"pa_appellation-barbera-dalba-doc-de","8":"pa_formato-0-75-l-flasche-de","9":"pa_producer-giacosa-bruno-de","10":"pa_region-piemont-de","11":"pa_vine-barbera-de","12":"pa_vintage-2016-de","14":"first","15":"outofstock","16":"featured","17":"taxable","18":"shipping-taxable","19":"purchasable","20":"product-type-simple"},"bundled_by":[],"bundle_stock_status":"outofstock","bundle_stock_quantity":0,"bundle_virtual":false,"bundle_layout":"","bundle_add_to_cart_form_location":"","bundle_editable_in_cart":false,"bundle_sold_individually_context":"","bundle_item_grouping":"","bundle_min_size":"","bundle_max_size":"","bundle_price":[],"bundled_items":[],"bundle_sell_ids":[],"yoast_head":"<!-- This site is optimized with the Yoast SEO plugin v27.2 - https:\/\/yoast.com\/product\/yoast-seo-wordpress\/ -->\n<title>Barbera d&#039;Alba doc Bruno Giacosa acquista online su Fons Vinum<\/title>\n<meta name=\"description\" content=\"Barbera d&#039;Alba doc Bruno Giacosa in vendita su Fons Vinum spedizioni gratuite per ordini minimi di 6 bottiglie Colore rosso rubino\" \/>\n<meta name=\"robots\" content=\"index, follow, max-snippet:-1, max-image-preview:large, max-video-preview:-1\" \/>\n<link rel=\"canonical\" href=\"https:\/\/fonsvinum.com\/de\/produkt\/barbera-dalba-doc-bruno-giacosa\/\" \/>\n<meta property=\"og:locale\" content=\"de_DE\" \/>\n<meta property=\"og:type\" content=\"article\" \/>\n<meta property=\"og:title\" content=\"Barbera d&#039;Alba doc Bruno Giacosa acquista online su Fons Vinum\" \/>\n<meta property=\"og:description\" content=\"Barbera d&#039;Alba doc Bruno Giacosa in vendita su Fons Vinum spedizioni gratuite per ordini minimi di 6 bottiglie Colore rosso rubino\" \/>\n<meta property=\"og:url\" content=\"https:\/\/fonsvinum.com\/de\/produkt\/barbera-dalba-doc-bruno-giacosa\/\" \/>\n<meta property=\"og:site_name\" content=\"Fons Vinum\" \/>\n<meta property=\"article:modified_time\" content=\"2020-01-29T09:20:44+00:00\" \/>\n<meta property=\"og:image\" content=\"https:\/\/fonsvinum.com\/files\/2014\/11\/barbera-d-alba-bruno-giacosa.png\" \/>\n\t<meta property=\"og:image:width\" content=\"200\" \/>\n\t<meta property=\"og:image:height\" content=\"600\" \/>\n\t<meta property=\"og:image:type\" content=\"image\/png\" \/>\n<script type=\"application\/ld+json\" class=\"yoast-schema-graph\">{\"@context\":\"https:\/\/schema.org\",\"@graph\":[{\"@type\":\"WebPage\",\"@id\":\"https:\/\/fonsvinum.com\/de\/produkt\/barbera-dalba-doc-bruno-giacosa\/\",\"url\":\"https:\/\/fonsvinum.com\/de\/produkt\/barbera-dalba-doc-bruno-giacosa\/\",\"name\":\"Barbera d'Alba doc Bruno Giacosa acquista online su Fons Vinum\",\"isPartOf\":{\"@id\":\"https:\/\/fonsvinum.com\/en\/#website\"},\"primaryImageOfPage\":{\"@id\":\"https:\/\/fonsvinum.com\/de\/produkt\/barbera-dalba-doc-bruno-giacosa\/#primaryimage\"},\"image\":{\"@id\":\"https:\/\/fonsvinum.com\/de\/produkt\/barbera-dalba-doc-bruno-giacosa\/#primaryimage\"},\"thumbnailUrl\":\"https:\/\/fonsvinum.com\/files\/2014\/11\/barbera-d-alba-bruno-giacosa.png\",\"datePublished\":\"2014-12-14T18:26:40+00:00\",\"dateModified\":\"2020-01-29T09:20:44+00:00\",\"description\":\"Barbera d'Alba doc Bruno Giacosa in vendita su Fons Vinum spedizioni gratuite per ordini minimi di 6 bottiglie Colore rosso rubino\",\"breadcrumb\":{\"@id\":\"https:\/\/fonsvinum.com\/de\/produkt\/barbera-dalba-doc-bruno-giacosa\/#breadcrumb\"},\"inLanguage\":\"de\",\"potentialAction\":[{\"@type\":\"ReadAction\",\"target\":[\"https:\/\/fonsvinum.com\/de\/produkt\/barbera-dalba-doc-bruno-giacosa\/\"]}]},{\"@type\":\"ImageObject\",\"inLanguage\":\"de\",\"@id\":\"https:\/\/fonsvinum.com\/de\/produkt\/barbera-dalba-doc-bruno-giacosa\/#primaryimage\",\"url\":\"https:\/\/fonsvinum.com\/files\/2014\/11\/barbera-d-alba-bruno-giacosa.png\",\"contentUrl\":\"https:\/\/fonsvinum.com\/files\/2014\/11\/barbera-d-alba-bruno-giacosa.png\",\"width\":200,\"height\":600},{\"@type\":\"BreadcrumbList\",\"@id\":\"https:\/\/fonsvinum.com\/de\/produkt\/barbera-dalba-doc-bruno-giacosa\/#breadcrumb\",\"itemListElement\":[{\"@type\":\"ListItem\",\"position\":1,\"name\":\"Startseite\",\"item\":\"https:\/\/fonsvinum.com\/de\/\"},{\"@type\":\"ListItem\",\"position\":2,\"name\":\"Shop\",\"item\":\"https:\/\/fonsvinum.com\/de\/shop\/\"},{\"@type\":\"ListItem\",\"position\":3,\"name\":\"Barbera d&#8217;Alba doc Bruno Giacosa\"}]},{\"@type\":\"WebSite\",\"@id\":\"https:\/\/fonsvinum.com\/en\/#website\",\"url\":\"https:\/\/fonsvinum.com\/en\/\",\"name\":\"Fons Vinum\",\"description\":\"Vendita Vino Online\",\"publisher\":{\"@id\":\"https:\/\/fonsvinum.com\/en\/#organization\"},\"potentialAction\":[{\"@type\":\"SearchAction\",\"target\":{\"@type\":\"EntryPoint\",\"urlTemplate\":\"https:\/\/fonsvinum.com\/en\/?s={search_term_string}\"},\"query-input\":{\"@type\":\"PropertyValueSpecification\",\"valueRequired\":true,\"valueName\":\"search_term_string\"}}],\"inLanguage\":\"de\"},{\"@type\":\"Organization\",\"@id\":\"https:\/\/fonsvinum.com\/en\/#organization\",\"name\":\"Fons Vinum\",\"url\":\"https:\/\/fonsvinum.com\/en\/\",\"logo\":{\"@type\":\"ImageObject\",\"inLanguage\":\"de\",\"@id\":\"https:\/\/fonsvinum.com\/en\/#\/schema\/logo\/image\/\",\"url\":\"\",\"contentUrl\":\"\",\"caption\":\"Fons Vinum\"},\"image\":{\"@id\":\"https:\/\/fonsvinum.com\/en\/#\/schema\/logo\/image\/\"}}]}<\/script>\n<!-- \/ Yoast SEO plugin. -->","yoast_head_json":{"title":"Barbera d'Alba doc Bruno Giacosa acquista online su Fons Vinum","description":"Barbera d'Alba doc Bruno Giacosa in vendita su Fons Vinum spedizioni gratuite per ordini minimi di 6 bottiglie Colore rosso rubino","robots":{"index":"index","follow":"follow","max-snippet":"max-snippet:-1","max-image-preview":"max-image-preview:large","max-video-preview":"max-video-preview:-1"},"canonical":"https:\/\/fonsvinum.com\/de\/produkt\/barbera-dalba-doc-bruno-giacosa\/","og_locale":"de_DE","og_type":"article","og_title":"Barbera d'Alba doc Bruno Giacosa acquista online su Fons Vinum","og_description":"Barbera d'Alba doc Bruno Giacosa in vendita su Fons Vinum spedizioni gratuite per ordini minimi di 6 bottiglie Colore rosso rubino","og_url":"https:\/\/fonsvinum.com\/de\/produkt\/barbera-dalba-doc-bruno-giacosa\/","og_site_name":"Fons Vinum","article_modified_time":"2020-01-29T09:20:44+00:00","og_image":[{"width":200,"height":600,"url":"https:\/\/fonsvinum.com\/files\/2014\/11\/barbera-d-alba-bruno-giacosa.png","type":"image\/png"}],"schema":{"@context":"https:\/\/schema.org","@graph":[{"@type":"WebPage","@id":"https:\/\/fonsvinum.com\/de\/produkt\/barbera-dalba-doc-bruno-giacosa\/","url":"https:\/\/fonsvinum.com\/de\/produkt\/barbera-dalba-doc-bruno-giacosa\/","name":"Barbera d'Alba doc Bruno Giacosa acquista online su Fons Vinum","isPartOf":{"@id":"https:\/\/fonsvinum.com\/en\/#website"},"primaryImageOfPage":{"@id":"https:\/\/fonsvinum.com\/de\/produkt\/barbera-dalba-doc-bruno-giacosa\/#primaryimage"},"image":{"@id":"https:\/\/fonsvinum.com\/de\/produkt\/barbera-dalba-doc-bruno-giacosa\/#primaryimage"},"thumbnailUrl":"https:\/\/fonsvinum.com\/files\/2014\/11\/barbera-d-alba-bruno-giacosa.png","datePublished":"2014-12-14T18:26:40+00:00","dateModified":"2020-01-29T09:20:44+00:00","description":"Barbera d'Alba doc Bruno Giacosa in vendita su Fons Vinum spedizioni gratuite per ordini minimi di 6 bottiglie Colore rosso rubino","breadcrumb":{"@id":"https:\/\/fonsvinum.com\/de\/produkt\/barbera-dalba-doc-bruno-giacosa\/#breadcrumb"},"inLanguage":"de","potentialAction":[{"@type":"ReadAction","target":["https:\/\/fonsvinum.com\/de\/produkt\/barbera-dalba-doc-bruno-giacosa\/"]}]},{"@type":"ImageObject","inLanguage":"de","@id":"https:\/\/fonsvinum.com\/de\/produkt\/barbera-dalba-doc-bruno-giacosa\/#primaryimage","url":"https:\/\/fonsvinum.com\/files\/2014\/11\/barbera-d-alba-bruno-giacosa.png","contentUrl":"https:\/\/fonsvinum.com\/files\/2014\/11\/barbera-d-alba-bruno-giacosa.png","width":200,"height":600},{"@type":"BreadcrumbList","@id":"https:\/\/fonsvinum.com\/de\/produkt\/barbera-dalba-doc-bruno-giacosa\/#breadcrumb","itemListElement":[{"@type":"ListItem","position":1,"name":"Startseite","item":"https:\/\/fonsvinum.com\/de\/"},{"@type":"ListItem","position":2,"name":"Shop","item":"https:\/\/fonsvinum.com\/de\/shop\/"},{"@type":"ListItem","position":3,"name":"Barbera d&#8217;Alba doc Bruno Giacosa"}]},{"@type":"WebSite","@id":"https:\/\/fonsvinum.com\/en\/#website","url":"https:\/\/fonsvinum.com\/en\/","name":"Fons Vinum","description":"Vendita Vino Online","publisher":{"@id":"https:\/\/fonsvinum.com\/en\/#organization"},"potentialAction":[{"@type":"SearchAction","target":{"@type":"EntryPoint","urlTemplate":"https:\/\/fonsvinum.com\/en\/?s={search_term_string}"},"query-input":{"@type":"PropertyValueSpecification","valueRequired":true,"valueName":"search_term_string"}}],"inLanguage":"de"},{"@type":"Organization","@id":"https:\/\/fonsvinum.com\/en\/#organization","name":"Fons Vinum","url":"https:\/\/fonsvinum.com\/en\/","logo":{"@type":"ImageObject","inLanguage":"de","@id":"https:\/\/fonsvinum.com\/en\/#\/schema\/logo\/image\/","url":"","contentUrl":"","caption":"Fons Vinum"},"image":{"@id":"https:\/\/fonsvinum.com\/en\/#\/schema\/logo\/image\/"}}]}},"acf":[],"_links":{"self":[{"href":"https:\/\/fonsvinum.com\/de\/wp-json\/wp\/v2\/product\/6132","targetHints":{"allow":["GET"]}}],"collection":[{"href":"https:\/\/fonsvinum.com\/de\/wp-json\/wp\/v2\/product"}],"about":[{"href":"https:\/\/fonsvinum.com\/de\/wp-json\/wp\/v2\/types\/product"}],"replies":[{"embeddable":true,"href":"https:\/\/fonsvinum.com\/de\/wp-json\/wp\/v2\/comments?post=6132"}],"wp:featuredmedia":[{"embeddable":true,"href":"https:\/\/fonsvinum.com\/de\/wp-json\/wp\/v2\/media\/6134"}],"wp:attachment":[{"href":"https:\/\/fonsvinum.com\/de\/wp-json\/wp\/v2\/media?parent=6132"}],"wp:term":[{"taxonomy":"product_brand","embeddable":true,"href":"https:\/\/fonsvinum.com\/de\/wp-json\/wp\/v2\/product_brand?post=6132"},{"taxonomy":"product_cat","embeddable":true,"href":"https:\/\/fonsvinum.com\/de\/wp-json\/wp\/v2\/product_cat?post=6132"},{"taxonomy":"product_tag","embeddable":true,"href":"https:\/\/fonsvinum.com\/de\/wp-json\/wp\/v2\/product_tag?post=6132"}],"curies":[{"name":"wp","href":"https:\/\/api.w.org\/{rel}","templated":true}]}}