{"id":6098,"date":"2013-04-25T15:11:44","date_gmt":"2013-04-25T13:11:44","guid":{"rendered":"http:\/\/fonsvinum.com\/product\/costa-russi-gaja-2006\/"},"modified":"2013-04-25T15:11:44","modified_gmt":"2013-04-25T13:11:44","slug":"costa-russi-gaja-2006","status":"publish","type":"product","link":"https:\/\/fonsvinum.com\/de\/produkt\/costa-russi-gaja-2006\/","title":{"rendered":"Costa Russi GAJA 2006"},"content":{"rendered":"<p>Costa Russi GAJA 2006<\/p>\n<p>Angelo Gajas Barbaresco, dessen Trauben aus vierzehn verschiedenen Weinbergen der Gemeinden Barbaresco und Treiso stammen, reift acht Monate im Barrique und anschlie\u00dfend 24 Monate im gro\u00dfen Eichenfass.<\/p>\n<p>Die in der Jugend noch sehr harten und verschlossenen Weine bieten jedoch nach einer l\u00e4ngeren Flaschenreife ein unvergleichliches Geschmackserlebnis und begr\u00fcnden nicht zu Unrecht Gajas Ruf als Ausnahmewinzer.\u00a0<\/p>\n<p>Seiner Meinung nach lassen die Weinberge \u201eCosta Russi\u201c, \u201eSori San Lorenzo\u201c und \u201eSori Tildin\u201c den Charakter ihres spezifischen Bodens \u00a0deutlich im Wein erkennen.<\/p>\n","protected":false},"excerpt":{"rendered":"<p>Costa Russi GAJA 2006 Angelo Gajas Barbaresco, dessen Trauben aus vierzehn verschiedenen Weinbergen der Gemeinden Barbaresco und Treiso stammen, reift acht Monate im Barrique und anschlie\u00dfend 24 Monate im gro\u00dfen Eichenfass. Die in der Jugend noch sehr harten und verschlossenen Weine bieten jedoch nach einer l\u00e4ngeren Flaschenreife ein unvergleichliches Geschmackserlebnis und begr\u00fcnden nicht zu Unrecht [&hellip;]<\/p>\n","protected":false},"featured_media":6100,"comment_status":"open","ping_status":"closed","template":"","meta":{"_acf_changed":false,"_monsterinsights_skip_tracking":false,"_monsterinsights_sitenote_active":false,"_monsterinsights_sitenote_note":"","_monsterinsights_sitenote_category":0},"product_brand":[],"product_cat":[1693],"product_tag":[1733],"class_list":{"0":"post-6098","1":"product","2":"type-product","3":"status-publish","4":"has-post-thumbnail","6":"product_cat-blend-2-de","7":"product_tag-aussergewoehnliche-weine-de","8":"pa_appellation-langhe-rosso-doc-de","9":"pa_formato-0-75-l-flasche-de","10":"pa_producer-gaja-de","11":"pa_region-piemont-de","12":"pa_vine-95-nebbiolo-5-barbera-de","13":"pa_vintage-2006-de","15":"first","16":"instock","17":"taxable","18":"shipping-taxable","19":"purchasable","20":"product-type-simple"},"bundled_by":[],"bundle_stock_status":"instock","bundle_stock_quantity":2,"bundle_virtual":false,"bundle_layout":"","bundle_add_to_cart_form_location":"","bundle_editable_in_cart":false,"bundle_sold_individually_context":"","bundle_item_grouping":"","bundle_min_size":"","bundle_max_size":"","bundle_price":[],"bundled_items":[],"bundle_sell_ids":[],"yoast_head":"<!-- This site is optimized with the Yoast SEO plugin v27.3 - https:\/\/yoast.com\/product\/yoast-seo-wordpress\/ -->\n<title>Buy Costa Russi GAJA 2006 wine online at 665 \u20ac | FonsVinum<\/title>\n<meta name=\"robots\" content=\"index, follow, max-snippet:-1, max-image-preview:large, max-video-preview:-1\" \/>\n<link rel=\"canonical\" href=\"https:\/\/fonsvinum.com\/de\/produkt\/costa-russi-gaja-2006\/\" \/>\n<meta property=\"og:locale\" content=\"de_DE\" \/>\n<meta property=\"og:type\" content=\"article\" \/>\n<meta property=\"og:title\" content=\"Buy Costa Russi GAJA 2006 wine online at 665 \u20ac | FonsVinum\" \/>\n<meta property=\"og:description\" content=\"Costa Russi GAJA 2006 Angelo Gajas Barbaresco, dessen Trauben aus vierzehn verschiedenen Weinbergen der Gemeinden Barbaresco und Treiso stammen, reift acht Monate im Barrique und anschlie\u00dfend 24 Monate im gro\u00dfen Eichenfass. Die in der Jugend noch sehr harten und verschlossenen Weine bieten jedoch nach einer l\u00e4ngeren Flaschenreife ein unvergleichliches Geschmackserlebnis und begr\u00fcnden nicht zu Unrecht [&hellip;]\" \/>\n<meta property=\"og:url\" content=\"https:\/\/fonsvinum.com\/de\/produkt\/costa-russi-gaja-2006\/\" \/>\n<meta property=\"og:site_name\" content=\"Fons Vinum\" \/>\n<meta property=\"og:image\" content=\"https:\/\/fonsvinum.com\/files\/2013\/04\/langhe_rosso_costa_russi_gaja.jpg\" \/>\n\t<meta property=\"og:image:width\" content=\"160\" \/>\n\t<meta property=\"og:image:height\" content=\"470\" \/>\n\t<meta property=\"og:image:type\" content=\"image\/jpeg\" \/>\n<script type=\"application\/ld+json\" class=\"yoast-schema-graph\">{\"@context\":\"https:\\\/\\\/schema.org\",\"@graph\":[{\"@type\":\"WebPage\",\"@id\":\"https:\\\/\\\/fonsvinum.com\\\/de\\\/produkt\\\/costa-russi-gaja-2006\\\/\",\"url\":\"https:\\\/\\\/fonsvinum.com\\\/de\\\/produkt\\\/costa-russi-gaja-2006\\\/\",\"name\":\"Buy Costa Russi GAJA 2006 wine online at 665 \u20ac | FonsVinum\",\"isPartOf\":{\"@id\":\"https:\\\/\\\/fonsvinum.com\\\/en\\\/#website\"},\"primaryImageOfPage\":{\"@id\":\"https:\\\/\\\/fonsvinum.com\\\/de\\\/produkt\\\/costa-russi-gaja-2006\\\/#primaryimage\"},\"image\":{\"@id\":\"https:\\\/\\\/fonsvinum.com\\\/de\\\/produkt\\\/costa-russi-gaja-2006\\\/#primaryimage\"},\"thumbnailUrl\":\"https:\\\/\\\/fonsvinum.com\\\/files\\\/2013\\\/04\\\/langhe_rosso_costa_russi_gaja.jpg\",\"datePublished\":\"2013-04-25T13:11:44+00:00\",\"breadcrumb\":{\"@id\":\"https:\\\/\\\/fonsvinum.com\\\/de\\\/produkt\\\/costa-russi-gaja-2006\\\/#breadcrumb\"},\"inLanguage\":\"de\",\"potentialAction\":[{\"@type\":\"ReadAction\",\"target\":[\"https:\\\/\\\/fonsvinum.com\\\/de\\\/produkt\\\/costa-russi-gaja-2006\\\/\"]}]},{\"@type\":\"ImageObject\",\"inLanguage\":\"de\",\"@id\":\"https:\\\/\\\/fonsvinum.com\\\/de\\\/produkt\\\/costa-russi-gaja-2006\\\/#primaryimage\",\"url\":\"https:\\\/\\\/fonsvinum.com\\\/files\\\/2013\\\/04\\\/langhe_rosso_costa_russi_gaja.jpg\",\"contentUrl\":\"https:\\\/\\\/fonsvinum.com\\\/files\\\/2013\\\/04\\\/langhe_rosso_costa_russi_gaja.jpg\",\"width\":160,\"height\":470},{\"@type\":\"BreadcrumbList\",\"@id\":\"https:\\\/\\\/fonsvinum.com\\\/de\\\/produkt\\\/costa-russi-gaja-2006\\\/#breadcrumb\",\"itemListElement\":[{\"@type\":\"ListItem\",\"position\":1,\"name\":\"Startseite\",\"item\":\"https:\\\/\\\/fonsvinum.com\\\/de\\\/\"},{\"@type\":\"ListItem\",\"position\":2,\"name\":\"Shop\",\"item\":\"https:\\\/\\\/fonsvinum.com\\\/de\\\/shop\\\/\"},{\"@type\":\"ListItem\",\"position\":3,\"name\":\"Costa Russi GAJA 2006\"}]},{\"@type\":\"WebSite\",\"@id\":\"https:\\\/\\\/fonsvinum.com\\\/en\\\/#website\",\"url\":\"https:\\\/\\\/fonsvinum.com\\\/en\\\/\",\"name\":\"Fons Vinum\",\"description\":\"Vendita Vino Online\",\"publisher\":{\"@id\":\"https:\\\/\\\/fonsvinum.com\\\/en\\\/#organization\"},\"potentialAction\":[{\"@type\":\"SearchAction\",\"target\":{\"@type\":\"EntryPoint\",\"urlTemplate\":\"https:\\\/\\\/fonsvinum.com\\\/en\\\/?s={search_term_string}\"},\"query-input\":{\"@type\":\"PropertyValueSpecification\",\"valueRequired\":true,\"valueName\":\"search_term_string\"}}],\"inLanguage\":\"de\"},{\"@type\":\"Organization\",\"@id\":\"https:\\\/\\\/fonsvinum.com\\\/en\\\/#organization\",\"name\":\"Fons Vinum\",\"url\":\"https:\\\/\\\/fonsvinum.com\\\/en\\\/\",\"logo\":{\"@type\":\"ImageObject\",\"inLanguage\":\"de\",\"@id\":\"https:\\\/\\\/fonsvinum.com\\\/en\\\/#\\\/schema\\\/logo\\\/image\\\/\",\"url\":\"\",\"contentUrl\":\"\",\"caption\":\"Fons Vinum\"},\"image\":{\"@id\":\"https:\\\/\\\/fonsvinum.com\\\/en\\\/#\\\/schema\\\/logo\\\/image\\\/\"}}]}<\/script>\n<!-- \/ Yoast SEO plugin. -->","yoast_head_json":{"title":"Buy Costa Russi GAJA 2006 wine online at 665 \u20ac | FonsVinum","robots":{"index":"index","follow":"follow","max-snippet":"max-snippet:-1","max-image-preview":"max-image-preview:large","max-video-preview":"max-video-preview:-1"},"canonical":"https:\/\/fonsvinum.com\/de\/produkt\/costa-russi-gaja-2006\/","og_locale":"de_DE","og_type":"article","og_title":"Buy Costa Russi GAJA 2006 wine online at 665 \u20ac | FonsVinum","og_description":"Costa Russi GAJA 2006 Angelo Gajas Barbaresco, dessen Trauben aus vierzehn verschiedenen Weinbergen der Gemeinden Barbaresco und Treiso stammen, reift acht Monate im Barrique und anschlie\u00dfend 24 Monate im gro\u00dfen Eichenfass. Die in der Jugend noch sehr harten und verschlossenen Weine bieten jedoch nach einer l\u00e4ngeren Flaschenreife ein unvergleichliches Geschmackserlebnis und begr\u00fcnden nicht zu Unrecht [&hellip;]","og_url":"https:\/\/fonsvinum.com\/de\/produkt\/costa-russi-gaja-2006\/","og_site_name":"Fons Vinum","og_image":[{"width":160,"height":470,"url":"https:\/\/fonsvinum.com\/files\/2013\/04\/langhe_rosso_costa_russi_gaja.jpg","type":"image\/jpeg"}],"schema":{"@context":"https:\/\/schema.org","@graph":[{"@type":"WebPage","@id":"https:\/\/fonsvinum.com\/de\/produkt\/costa-russi-gaja-2006\/","url":"https:\/\/fonsvinum.com\/de\/produkt\/costa-russi-gaja-2006\/","name":"Buy Costa Russi GAJA 2006 wine online at 665 \u20ac | FonsVinum","isPartOf":{"@id":"https:\/\/fonsvinum.com\/en\/#website"},"primaryImageOfPage":{"@id":"https:\/\/fonsvinum.com\/de\/produkt\/costa-russi-gaja-2006\/#primaryimage"},"image":{"@id":"https:\/\/fonsvinum.com\/de\/produkt\/costa-russi-gaja-2006\/#primaryimage"},"thumbnailUrl":"https:\/\/fonsvinum.com\/files\/2013\/04\/langhe_rosso_costa_russi_gaja.jpg","datePublished":"2013-04-25T13:11:44+00:00","breadcrumb":{"@id":"https:\/\/fonsvinum.com\/de\/produkt\/costa-russi-gaja-2006\/#breadcrumb"},"inLanguage":"de","potentialAction":[{"@type":"ReadAction","target":["https:\/\/fonsvinum.com\/de\/produkt\/costa-russi-gaja-2006\/"]}]},{"@type":"ImageObject","inLanguage":"de","@id":"https:\/\/fonsvinum.com\/de\/produkt\/costa-russi-gaja-2006\/#primaryimage","url":"https:\/\/fonsvinum.com\/files\/2013\/04\/langhe_rosso_costa_russi_gaja.jpg","contentUrl":"https:\/\/fonsvinum.com\/files\/2013\/04\/langhe_rosso_costa_russi_gaja.jpg","width":160,"height":470},{"@type":"BreadcrumbList","@id":"https:\/\/fonsvinum.com\/de\/produkt\/costa-russi-gaja-2006\/#breadcrumb","itemListElement":[{"@type":"ListItem","position":1,"name":"Startseite","item":"https:\/\/fonsvinum.com\/de\/"},{"@type":"ListItem","position":2,"name":"Shop","item":"https:\/\/fonsvinum.com\/de\/shop\/"},{"@type":"ListItem","position":3,"name":"Costa Russi GAJA 2006"}]},{"@type":"WebSite","@id":"https:\/\/fonsvinum.com\/en\/#website","url":"https:\/\/fonsvinum.com\/en\/","name":"Fons Vinum","description":"Vendita Vino Online","publisher":{"@id":"https:\/\/fonsvinum.com\/en\/#organization"},"potentialAction":[{"@type":"SearchAction","target":{"@type":"EntryPoint","urlTemplate":"https:\/\/fonsvinum.com\/en\/?s={search_term_string}"},"query-input":{"@type":"PropertyValueSpecification","valueRequired":true,"valueName":"search_term_string"}}],"inLanguage":"de"},{"@type":"Organization","@id":"https:\/\/fonsvinum.com\/en\/#organization","name":"Fons Vinum","url":"https:\/\/fonsvinum.com\/en\/","logo":{"@type":"ImageObject","inLanguage":"de","@id":"https:\/\/fonsvinum.com\/en\/#\/schema\/logo\/image\/","url":"","contentUrl":"","caption":"Fons Vinum"},"image":{"@id":"https:\/\/fonsvinum.com\/en\/#\/schema\/logo\/image\/"}}]}},"acf":[],"_links":{"self":[{"href":"https:\/\/fonsvinum.com\/de\/wp-json\/wp\/v2\/product\/6098","targetHints":{"allow":["GET"]}}],"collection":[{"href":"https:\/\/fonsvinum.com\/de\/wp-json\/wp\/v2\/product"}],"about":[{"href":"https:\/\/fonsvinum.com\/de\/wp-json\/wp\/v2\/types\/product"}],"replies":[{"embeddable":true,"href":"https:\/\/fonsvinum.com\/de\/wp-json\/wp\/v2\/comments?post=6098"}],"wp:featuredmedia":[{"embeddable":true,"href":"https:\/\/fonsvinum.com\/de\/wp-json\/wp\/v2\/media\/6100"}],"wp:attachment":[{"href":"https:\/\/fonsvinum.com\/de\/wp-json\/wp\/v2\/media?parent=6098"}],"wp:term":[{"taxonomy":"product_brand","embeddable":true,"href":"https:\/\/fonsvinum.com\/de\/wp-json\/wp\/v2\/product_brand?post=6098"},{"taxonomy":"product_cat","embeddable":true,"href":"https:\/\/fonsvinum.com\/de\/wp-json\/wp\/v2\/product_cat?post=6098"},{"taxonomy":"product_tag","embeddable":true,"href":"https:\/\/fonsvinum.com\/de\/wp-json\/wp\/v2\/product_tag?post=6098"}],"curies":[{"name":"wp","href":"https:\/\/api.w.org\/{rel}","templated":true}]}}