{"id":6076,"date":"2013-06-16T07:22:02","date_gmt":"2013-06-16T05:22:02","guid":{"rendered":"http:\/\/fonsvinum.com\/product\/brunello-montalcino-gaja-rennina-2007\/"},"modified":"2019-12-02T16:22:57","modified_gmt":"2019-12-02T15:22:57","slug":"brunello-montalcino-gaja-rennina-2007","status":"publish","type":"product","link":"https:\/\/fonsvinum.com\/de\/produkt\/brunello-montalcino-gaja-rennina-2007\/","title":{"rendered":"Brunello Montalcino GAJA Rennina 2007"},"content":{"rendered":"<p>Brunello Montalcino GAJA Rennina 2007<\/p>\n<p>Die Fermentation erfolgt f\u00fcr etwa 3 Wochen in Edelstahlf\u00e4ssern. Danach reift der Wein f\u00fcr 24 Monate in traditionellen Holz- und Barriquef\u00e4ssern.<\/p>\n<p>Tiefrote Farbe, in der Nase reich an Aromen, Noten von Waldfr\u00fcchten, Himbeere und Brombeere, delikate Gew\u00fcrze und blumige D\u00fcfte, am Gaumen optimaler Gehalt an Tanninen, die perfekt in einen tief strukturierten K\u00f6rper eingebunden sind, lang anhaltender Abgang.<\/p>\n<p>Der aus drei Weing\u00e4rten stammende Brunello di Montalcino Rennina besticht durch seine barocke F\u00fclle und Aromenvielfalt.<\/p>\n<p>Ein unglaublich dichter Wein von grosser Komplexit\u00e4t.<\/p>\n<p>94 Parker-Punkte!<\/p>\n","protected":false},"excerpt":{"rendered":"<p>Brunello Montalcino GAJA Rennina 2007 Die Fermentation erfolgt f\u00fcr etwa 3 Wochen in Edelstahlf\u00e4ssern. Danach reift der Wein f\u00fcr 24 Monate in traditionellen Holz- und Barriquef\u00e4ssern. Tiefrote Farbe, in der Nase reich an Aromen, Noten von Waldfr\u00fcchten, Himbeere und Brombeere, delikate Gew\u00fcrze und blumige D\u00fcfte, am Gaumen optimaler Gehalt an Tanninen, die perfekt in einen [&hellip;]<\/p>\n","protected":false},"featured_media":5616,"comment_status":"open","ping_status":"closed","template":"","meta":{"_acf_changed":false,"_monsterinsights_skip_tracking":false,"_monsterinsights_sitenote_active":false,"_monsterinsights_sitenote_note":"","_monsterinsights_sitenote_category":0},"product_brand":[],"product_cat":[1762],"product_tag":[],"class_list":{"0":"post-6076","1":"product","2":"type-product","3":"status-publish","4":"has-post-thumbnail","6":"product_cat-brunello-de","7":"pa_appellation-brunello-di-montalcino-docg-de","8":"pa_formato-0-75-l-flasche-de","9":"pa_producer-gaja-de","10":"pa_region-toskana-de","11":"pa_vine-100-sangiovese-de","12":"pa_vintage-2007-de","14":"first","15":"outofstock","16":"taxable","17":"shipping-taxable","18":"purchasable","19":"product-type-simple"},"bundled_by":[],"bundle_stock_status":"outofstock","bundle_stock_quantity":2,"bundle_virtual":false,"bundle_layout":"","bundle_add_to_cart_form_location":"","bundle_editable_in_cart":false,"bundle_sold_individually_context":"","bundle_item_grouping":"","bundle_min_size":"","bundle_max_size":"","bundle_price":[],"bundled_items":[],"bundle_sell_ids":[],"yoast_head":"<!-- This site is optimized with the Yoast SEO plugin v27.3 - https:\/\/yoast.com\/product\/yoast-seo-wordpress\/ -->\n<title>Buy Brunello Montalcino GAJA Rennina 2007 wine online at 117 \u20ac | FonsVinum<\/title>\n<meta name=\"robots\" content=\"index, follow, max-snippet:-1, max-image-preview:large, max-video-preview:-1\" \/>\n<link rel=\"canonical\" href=\"https:\/\/fonsvinum.com\/de\/produkt\/brunello-montalcino-gaja-rennina-2007\/\" \/>\n<meta property=\"og:locale\" content=\"de_DE\" \/>\n<meta property=\"og:type\" content=\"article\" \/>\n<meta property=\"og:title\" content=\"Buy Brunello Montalcino GAJA Rennina 2007 wine online at 117 \u20ac | FonsVinum\" \/>\n<meta property=\"og:description\" content=\"Brunello Montalcino GAJA Rennina 2007 Die Fermentation erfolgt f\u00fcr etwa 3 Wochen in Edelstahlf\u00e4ssern. Danach reift der Wein f\u00fcr 24 Monate in traditionellen Holz- und Barriquef\u00e4ssern. Tiefrote Farbe, in der Nase reich an Aromen, Noten von Waldfr\u00fcchten, Himbeere und Brombeere, delikate Gew\u00fcrze und blumige D\u00fcfte, am Gaumen optimaler Gehalt an Tanninen, die perfekt in einen [&hellip;]\" \/>\n<meta property=\"og:url\" content=\"https:\/\/fonsvinum.com\/de\/produkt\/brunello-montalcino-gaja-rennina-2007\/\" \/>\n<meta property=\"og:site_name\" content=\"Fons Vinum\" \/>\n<meta property=\"article:modified_time\" content=\"2019-12-02T15:22:57+00:00\" \/>\n<meta property=\"og:image\" content=\"https:\/\/fonsvinum.com\/files\/2013\/04\/brunello-montalcino-rennina-gaja.jpg\" \/>\n\t<meta property=\"og:image:width\" content=\"225\" \/>\n\t<meta property=\"og:image:height\" content=\"540\" \/>\n\t<meta property=\"og:image:type\" content=\"image\/jpeg\" \/>\n<script type=\"application\/ld+json\" class=\"yoast-schema-graph\">{\"@context\":\"https:\\\/\\\/schema.org\",\"@graph\":[{\"@type\":\"WebPage\",\"@id\":\"https:\\\/\\\/fonsvinum.com\\\/de\\\/produkt\\\/brunello-montalcino-gaja-rennina-2007\\\/\",\"url\":\"https:\\\/\\\/fonsvinum.com\\\/de\\\/produkt\\\/brunello-montalcino-gaja-rennina-2007\\\/\",\"name\":\"Buy Brunello Montalcino GAJA Rennina 2007 wine online at 117 \u20ac | FonsVinum\",\"isPartOf\":{\"@id\":\"https:\\\/\\\/fonsvinum.com\\\/en\\\/#website\"},\"primaryImageOfPage\":{\"@id\":\"https:\\\/\\\/fonsvinum.com\\\/de\\\/produkt\\\/brunello-montalcino-gaja-rennina-2007\\\/#primaryimage\"},\"image\":{\"@id\":\"https:\\\/\\\/fonsvinum.com\\\/de\\\/produkt\\\/brunello-montalcino-gaja-rennina-2007\\\/#primaryimage\"},\"thumbnailUrl\":\"https:\\\/\\\/fonsvinum.com\\\/files\\\/2013\\\/04\\\/brunello-montalcino-rennina-gaja.jpg\",\"datePublished\":\"2013-06-16T05:22:02+00:00\",\"dateModified\":\"2019-12-02T15:22:57+00:00\",\"breadcrumb\":{\"@id\":\"https:\\\/\\\/fonsvinum.com\\\/de\\\/produkt\\\/brunello-montalcino-gaja-rennina-2007\\\/#breadcrumb\"},\"inLanguage\":\"de\",\"potentialAction\":[{\"@type\":\"ReadAction\",\"target\":[\"https:\\\/\\\/fonsvinum.com\\\/de\\\/produkt\\\/brunello-montalcino-gaja-rennina-2007\\\/\"]}]},{\"@type\":\"ImageObject\",\"inLanguage\":\"de\",\"@id\":\"https:\\\/\\\/fonsvinum.com\\\/de\\\/produkt\\\/brunello-montalcino-gaja-rennina-2007\\\/#primaryimage\",\"url\":\"https:\\\/\\\/fonsvinum.com\\\/files\\\/2013\\\/04\\\/brunello-montalcino-rennina-gaja.jpg\",\"contentUrl\":\"https:\\\/\\\/fonsvinum.com\\\/files\\\/2013\\\/04\\\/brunello-montalcino-rennina-gaja.jpg\",\"width\":225,\"height\":540},{\"@type\":\"BreadcrumbList\",\"@id\":\"https:\\\/\\\/fonsvinum.com\\\/de\\\/produkt\\\/brunello-montalcino-gaja-rennina-2007\\\/#breadcrumb\",\"itemListElement\":[{\"@type\":\"ListItem\",\"position\":1,\"name\":\"Startseite\",\"item\":\"https:\\\/\\\/fonsvinum.com\\\/de\\\/\"},{\"@type\":\"ListItem\",\"position\":2,\"name\":\"Shop\",\"item\":\"https:\\\/\\\/fonsvinum.com\\\/de\\\/shop\\\/\"},{\"@type\":\"ListItem\",\"position\":3,\"name\":\"Brunello Montalcino GAJA Rennina 2007\"}]},{\"@type\":\"WebSite\",\"@id\":\"https:\\\/\\\/fonsvinum.com\\\/en\\\/#website\",\"url\":\"https:\\\/\\\/fonsvinum.com\\\/en\\\/\",\"name\":\"Fons Vinum\",\"description\":\"Vendita Vino Online\",\"publisher\":{\"@id\":\"https:\\\/\\\/fonsvinum.com\\\/en\\\/#organization\"},\"potentialAction\":[{\"@type\":\"SearchAction\",\"target\":{\"@type\":\"EntryPoint\",\"urlTemplate\":\"https:\\\/\\\/fonsvinum.com\\\/en\\\/?s={search_term_string}\"},\"query-input\":{\"@type\":\"PropertyValueSpecification\",\"valueRequired\":true,\"valueName\":\"search_term_string\"}}],\"inLanguage\":\"de\"},{\"@type\":\"Organization\",\"@id\":\"https:\\\/\\\/fonsvinum.com\\\/en\\\/#organization\",\"name\":\"Fons Vinum\",\"url\":\"https:\\\/\\\/fonsvinum.com\\\/en\\\/\",\"logo\":{\"@type\":\"ImageObject\",\"inLanguage\":\"de\",\"@id\":\"https:\\\/\\\/fonsvinum.com\\\/en\\\/#\\\/schema\\\/logo\\\/image\\\/\",\"url\":\"\",\"contentUrl\":\"\",\"caption\":\"Fons Vinum\"},\"image\":{\"@id\":\"https:\\\/\\\/fonsvinum.com\\\/en\\\/#\\\/schema\\\/logo\\\/image\\\/\"}}]}<\/script>\n<!-- \/ Yoast SEO plugin. -->","yoast_head_json":{"title":"Buy Brunello Montalcino GAJA Rennina 2007 wine online at 117 \u20ac | FonsVinum","robots":{"index":"index","follow":"follow","max-snippet":"max-snippet:-1","max-image-preview":"max-image-preview:large","max-video-preview":"max-video-preview:-1"},"canonical":"https:\/\/fonsvinum.com\/de\/produkt\/brunello-montalcino-gaja-rennina-2007\/","og_locale":"de_DE","og_type":"article","og_title":"Buy Brunello Montalcino GAJA Rennina 2007 wine online at 117 \u20ac | FonsVinum","og_description":"Brunello Montalcino GAJA Rennina 2007 Die Fermentation erfolgt f\u00fcr etwa 3 Wochen in Edelstahlf\u00e4ssern. Danach reift der Wein f\u00fcr 24 Monate in traditionellen Holz- und Barriquef\u00e4ssern. Tiefrote Farbe, in der Nase reich an Aromen, Noten von Waldfr\u00fcchten, Himbeere und Brombeere, delikate Gew\u00fcrze und blumige D\u00fcfte, am Gaumen optimaler Gehalt an Tanninen, die perfekt in einen [&hellip;]","og_url":"https:\/\/fonsvinum.com\/de\/produkt\/brunello-montalcino-gaja-rennina-2007\/","og_site_name":"Fons Vinum","article_modified_time":"2019-12-02T15:22:57+00:00","og_image":[{"width":225,"height":540,"url":"https:\/\/fonsvinum.com\/files\/2013\/04\/brunello-montalcino-rennina-gaja.jpg","type":"image\/jpeg"}],"schema":{"@context":"https:\/\/schema.org","@graph":[{"@type":"WebPage","@id":"https:\/\/fonsvinum.com\/de\/produkt\/brunello-montalcino-gaja-rennina-2007\/","url":"https:\/\/fonsvinum.com\/de\/produkt\/brunello-montalcino-gaja-rennina-2007\/","name":"Buy Brunello Montalcino GAJA Rennina 2007 wine online at 117 \u20ac | FonsVinum","isPartOf":{"@id":"https:\/\/fonsvinum.com\/en\/#website"},"primaryImageOfPage":{"@id":"https:\/\/fonsvinum.com\/de\/produkt\/brunello-montalcino-gaja-rennina-2007\/#primaryimage"},"image":{"@id":"https:\/\/fonsvinum.com\/de\/produkt\/brunello-montalcino-gaja-rennina-2007\/#primaryimage"},"thumbnailUrl":"https:\/\/fonsvinum.com\/files\/2013\/04\/brunello-montalcino-rennina-gaja.jpg","datePublished":"2013-06-16T05:22:02+00:00","dateModified":"2019-12-02T15:22:57+00:00","breadcrumb":{"@id":"https:\/\/fonsvinum.com\/de\/produkt\/brunello-montalcino-gaja-rennina-2007\/#breadcrumb"},"inLanguage":"de","potentialAction":[{"@type":"ReadAction","target":["https:\/\/fonsvinum.com\/de\/produkt\/brunello-montalcino-gaja-rennina-2007\/"]}]},{"@type":"ImageObject","inLanguage":"de","@id":"https:\/\/fonsvinum.com\/de\/produkt\/brunello-montalcino-gaja-rennina-2007\/#primaryimage","url":"https:\/\/fonsvinum.com\/files\/2013\/04\/brunello-montalcino-rennina-gaja.jpg","contentUrl":"https:\/\/fonsvinum.com\/files\/2013\/04\/brunello-montalcino-rennina-gaja.jpg","width":225,"height":540},{"@type":"BreadcrumbList","@id":"https:\/\/fonsvinum.com\/de\/produkt\/brunello-montalcino-gaja-rennina-2007\/#breadcrumb","itemListElement":[{"@type":"ListItem","position":1,"name":"Startseite","item":"https:\/\/fonsvinum.com\/de\/"},{"@type":"ListItem","position":2,"name":"Shop","item":"https:\/\/fonsvinum.com\/de\/shop\/"},{"@type":"ListItem","position":3,"name":"Brunello Montalcino GAJA Rennina 2007"}]},{"@type":"WebSite","@id":"https:\/\/fonsvinum.com\/en\/#website","url":"https:\/\/fonsvinum.com\/en\/","name":"Fons Vinum","description":"Vendita Vino Online","publisher":{"@id":"https:\/\/fonsvinum.com\/en\/#organization"},"potentialAction":[{"@type":"SearchAction","target":{"@type":"EntryPoint","urlTemplate":"https:\/\/fonsvinum.com\/en\/?s={search_term_string}"},"query-input":{"@type":"PropertyValueSpecification","valueRequired":true,"valueName":"search_term_string"}}],"inLanguage":"de"},{"@type":"Organization","@id":"https:\/\/fonsvinum.com\/en\/#organization","name":"Fons Vinum","url":"https:\/\/fonsvinum.com\/en\/","logo":{"@type":"ImageObject","inLanguage":"de","@id":"https:\/\/fonsvinum.com\/en\/#\/schema\/logo\/image\/","url":"","contentUrl":"","caption":"Fons Vinum"},"image":{"@id":"https:\/\/fonsvinum.com\/en\/#\/schema\/logo\/image\/"}}]}},"acf":[],"_links":{"self":[{"href":"https:\/\/fonsvinum.com\/de\/wp-json\/wp\/v2\/product\/6076","targetHints":{"allow":["GET"]}}],"collection":[{"href":"https:\/\/fonsvinum.com\/de\/wp-json\/wp\/v2\/product"}],"about":[{"href":"https:\/\/fonsvinum.com\/de\/wp-json\/wp\/v2\/types\/product"}],"replies":[{"embeddable":true,"href":"https:\/\/fonsvinum.com\/de\/wp-json\/wp\/v2\/comments?post=6076"}],"wp:featuredmedia":[{"embeddable":true,"href":"https:\/\/fonsvinum.com\/de\/wp-json\/wp\/v2\/media\/5616"}],"wp:attachment":[{"href":"https:\/\/fonsvinum.com\/de\/wp-json\/wp\/v2\/media?parent=6076"}],"wp:term":[{"taxonomy":"product_brand","embeddable":true,"href":"https:\/\/fonsvinum.com\/de\/wp-json\/wp\/v2\/product_brand?post=6076"},{"taxonomy":"product_cat","embeddable":true,"href":"https:\/\/fonsvinum.com\/de\/wp-json\/wp\/v2\/product_cat?post=6076"},{"taxonomy":"product_tag","embeddable":true,"href":"https:\/\/fonsvinum.com\/de\/wp-json\/wp\/v2\/product_tag?post=6076"}],"curies":[{"name":"wp","href":"https:\/\/api.w.org\/{rel}","templated":true}]}}