{"id":6046,"date":"2013-04-25T16:31:05","date_gmt":"2013-04-25T14:31:05","guid":{"rendered":"http:\/\/fonsvinum.com\/product\/barolo-campe-la-spinetta-2007\/"},"modified":"2019-11-20T22:45:45","modified_gmt":"2019-11-20T21:45:45","slug":"barolo-campe-la-spinetta-2007","status":"publish","type":"product","link":"https:\/\/fonsvinum.com\/de\/produkt\/barolo-campe-la-spinetta-2007\/","title":{"rendered":"Barolo Campe LA SPINETTA 2007"},"content":{"rendered":"<p>Barolo Campe <a title=\"la spinetta\" href=\"https:\/\/fonsvinum.com\/produttore\/la-spinetta-vini-wines\/\" target=\"_blank\">LA SPINETTA<\/a>\u00a02007<\/p>\n<p>Ein Wein von seltener Dichte und Konzentration mit einem schw\u00e4rzlichen, rubinrot in der Farbe.<\/p>\n<p>Er zeigt dunkle Beerent\u00f6ne, Leder und Zartbitterschokolade, wobei er \u00e4u\u00dferst vielschichtig ist und einen sehr langen Abgang hat.<\/p>\n","protected":false},"excerpt":{"rendered":"<p>Barolo Campe LA SPINETTA\u00a02007 Ein Wein von seltener Dichte und Konzentration mit einem schw\u00e4rzlichen, rubinrot in der Farbe. Er zeigt dunkle Beerent\u00f6ne, Leder und Zartbitterschokolade, wobei er \u00e4u\u00dferst vielschichtig ist und einen sehr langen Abgang hat.<\/p>\n","protected":false},"featured_media":6032,"comment_status":"open","ping_status":"closed","template":"","meta":{"_acf_changed":false,"_monsterinsights_skip_tracking":false,"_monsterinsights_sitenote_active":false,"_monsterinsights_sitenote_note":"","_monsterinsights_sitenote_category":0},"product_brand":[],"product_cat":[1824],"product_tag":[],"class_list":{"0":"post-6046","1":"product","2":"type-product","3":"status-publish","4":"has-post-thumbnail","6":"product_cat-barolo-de","7":"pa_appellation-barolo-docg-de","8":"pa_formato-0-75-l-flasche-de","9":"pa_producer-la-spinetta-de","10":"pa_region-piemont-de","11":"pa_vine-100-nebbiolo-de","12":"pa_vintage-2007-de","14":"first","15":"outofstock","16":"taxable","17":"shipping-taxable","18":"purchasable","19":"product-type-simple"},"bundled_by":[],"bundle_stock_status":"outofstock","bundle_stock_quantity":0,"bundle_virtual":false,"bundle_layout":"","bundle_add_to_cart_form_location":"","bundle_editable_in_cart":false,"bundle_sold_individually_context":"","bundle_item_grouping":"","bundle_min_size":"","bundle_max_size":"","bundle_price":[],"bundled_items":[],"bundle_sell_ids":[],"yoast_head":"<!-- This site is optimized with the Yoast SEO plugin v27.3 - https:\/\/yoast.com\/product\/yoast-seo-wordpress\/ -->\n<title>Buy Barolo Campe LA SPINETTA 2007 wine online at 165 \u20ac | FonsVinum<\/title>\n<meta name=\"robots\" content=\"index, follow, max-snippet:-1, max-image-preview:large, max-video-preview:-1\" \/>\n<link rel=\"canonical\" href=\"https:\/\/fonsvinum.com\/de\/produkt\/barolo-campe-la-spinetta-2007\/\" \/>\n<meta property=\"og:locale\" content=\"de_DE\" \/>\n<meta property=\"og:type\" content=\"article\" \/>\n<meta property=\"og:title\" content=\"Buy Barolo Campe LA SPINETTA 2007 wine online at 165 \u20ac | FonsVinum\" \/>\n<meta property=\"og:description\" content=\"Barolo Campe LA SPINETTA\u00a02007 Ein Wein von seltener Dichte und Konzentration mit einem schw\u00e4rzlichen, rubinrot in der Farbe. Er zeigt dunkle Beerent\u00f6ne, Leder und Zartbitterschokolade, wobei er \u00e4u\u00dferst vielschichtig ist und einen sehr langen Abgang hat.\" \/>\n<meta property=\"og:url\" content=\"https:\/\/fonsvinum.com\/de\/produkt\/barolo-campe-la-spinetta-2007\/\" \/>\n<meta property=\"og:site_name\" content=\"Fons Vinum\" \/>\n<meta property=\"article:modified_time\" content=\"2019-11-20T21:45:45+00:00\" \/>\n<meta property=\"og:image\" content=\"https:\/\/fonsvinum.com\/files\/2013\/04\/barolo-campe-vursu-la-spinetta.png\" \/>\n\t<meta property=\"og:image:width\" content=\"195\" \/>\n\t<meta property=\"og:image:height\" content=\"495\" \/>\n\t<meta property=\"og:image:type\" content=\"image\/png\" \/>\n<script type=\"application\/ld+json\" class=\"yoast-schema-graph\">{\"@context\":\"https:\\\/\\\/schema.org\",\"@graph\":[{\"@type\":\"WebPage\",\"@id\":\"https:\\\/\\\/fonsvinum.com\\\/de\\\/produkt\\\/barolo-campe-la-spinetta-2007\\\/\",\"url\":\"https:\\\/\\\/fonsvinum.com\\\/de\\\/produkt\\\/barolo-campe-la-spinetta-2007\\\/\",\"name\":\"Buy Barolo Campe LA SPINETTA 2007 wine online at 165 \u20ac | FonsVinum\",\"isPartOf\":{\"@id\":\"https:\\\/\\\/fonsvinum.com\\\/en\\\/#website\"},\"primaryImageOfPage\":{\"@id\":\"https:\\\/\\\/fonsvinum.com\\\/de\\\/produkt\\\/barolo-campe-la-spinetta-2007\\\/#primaryimage\"},\"image\":{\"@id\":\"https:\\\/\\\/fonsvinum.com\\\/de\\\/produkt\\\/barolo-campe-la-spinetta-2007\\\/#primaryimage\"},\"thumbnailUrl\":\"https:\\\/\\\/fonsvinum.com\\\/files\\\/2013\\\/04\\\/barolo-campe-vursu-la-spinetta.png\",\"datePublished\":\"2013-04-25T14:31:05+00:00\",\"dateModified\":\"2019-11-20T21:45:45+00:00\",\"breadcrumb\":{\"@id\":\"https:\\\/\\\/fonsvinum.com\\\/de\\\/produkt\\\/barolo-campe-la-spinetta-2007\\\/#breadcrumb\"},\"inLanguage\":\"de\",\"potentialAction\":[{\"@type\":\"ReadAction\",\"target\":[\"https:\\\/\\\/fonsvinum.com\\\/de\\\/produkt\\\/barolo-campe-la-spinetta-2007\\\/\"]}]},{\"@type\":\"ImageObject\",\"inLanguage\":\"de\",\"@id\":\"https:\\\/\\\/fonsvinum.com\\\/de\\\/produkt\\\/barolo-campe-la-spinetta-2007\\\/#primaryimage\",\"url\":\"https:\\\/\\\/fonsvinum.com\\\/files\\\/2013\\\/04\\\/barolo-campe-vursu-la-spinetta.png\",\"contentUrl\":\"https:\\\/\\\/fonsvinum.com\\\/files\\\/2013\\\/04\\\/barolo-campe-vursu-la-spinetta.png\",\"width\":195,\"height\":495},{\"@type\":\"BreadcrumbList\",\"@id\":\"https:\\\/\\\/fonsvinum.com\\\/de\\\/produkt\\\/barolo-campe-la-spinetta-2007\\\/#breadcrumb\",\"itemListElement\":[{\"@type\":\"ListItem\",\"position\":1,\"name\":\"Startseite\",\"item\":\"https:\\\/\\\/fonsvinum.com\\\/de\\\/\"},{\"@type\":\"ListItem\",\"position\":2,\"name\":\"Shop\",\"item\":\"https:\\\/\\\/fonsvinum.com\\\/de\\\/shop\\\/\"},{\"@type\":\"ListItem\",\"position\":3,\"name\":\"Barolo Campe LA SPINETTA 2007\"}]},{\"@type\":\"WebSite\",\"@id\":\"https:\\\/\\\/fonsvinum.com\\\/en\\\/#website\",\"url\":\"https:\\\/\\\/fonsvinum.com\\\/en\\\/\",\"name\":\"Fons Vinum\",\"description\":\"Vendita Vino Online\",\"publisher\":{\"@id\":\"https:\\\/\\\/fonsvinum.com\\\/en\\\/#organization\"},\"potentialAction\":[{\"@type\":\"SearchAction\",\"target\":{\"@type\":\"EntryPoint\",\"urlTemplate\":\"https:\\\/\\\/fonsvinum.com\\\/en\\\/?s={search_term_string}\"},\"query-input\":{\"@type\":\"PropertyValueSpecification\",\"valueRequired\":true,\"valueName\":\"search_term_string\"}}],\"inLanguage\":\"de\"},{\"@type\":\"Organization\",\"@id\":\"https:\\\/\\\/fonsvinum.com\\\/en\\\/#organization\",\"name\":\"Fons Vinum\",\"url\":\"https:\\\/\\\/fonsvinum.com\\\/en\\\/\",\"logo\":{\"@type\":\"ImageObject\",\"inLanguage\":\"de\",\"@id\":\"https:\\\/\\\/fonsvinum.com\\\/en\\\/#\\\/schema\\\/logo\\\/image\\\/\",\"url\":\"\",\"contentUrl\":\"\",\"caption\":\"Fons Vinum\"},\"image\":{\"@id\":\"https:\\\/\\\/fonsvinum.com\\\/en\\\/#\\\/schema\\\/logo\\\/image\\\/\"}}]}<\/script>\n<!-- \/ Yoast SEO plugin. -->","yoast_head_json":{"title":"Buy Barolo Campe LA SPINETTA 2007 wine online at 165 \u20ac | FonsVinum","robots":{"index":"index","follow":"follow","max-snippet":"max-snippet:-1","max-image-preview":"max-image-preview:large","max-video-preview":"max-video-preview:-1"},"canonical":"https:\/\/fonsvinum.com\/de\/produkt\/barolo-campe-la-spinetta-2007\/","og_locale":"de_DE","og_type":"article","og_title":"Buy Barolo Campe LA SPINETTA 2007 wine online at 165 \u20ac | FonsVinum","og_description":"Barolo Campe LA SPINETTA\u00a02007 Ein Wein von seltener Dichte und Konzentration mit einem schw\u00e4rzlichen, rubinrot in der Farbe. Er zeigt dunkle Beerent\u00f6ne, Leder und Zartbitterschokolade, wobei er \u00e4u\u00dferst vielschichtig ist und einen sehr langen Abgang hat.","og_url":"https:\/\/fonsvinum.com\/de\/produkt\/barolo-campe-la-spinetta-2007\/","og_site_name":"Fons Vinum","article_modified_time":"2019-11-20T21:45:45+00:00","og_image":[{"width":195,"height":495,"url":"https:\/\/fonsvinum.com\/files\/2013\/04\/barolo-campe-vursu-la-spinetta.png","type":"image\/png"}],"schema":{"@context":"https:\/\/schema.org","@graph":[{"@type":"WebPage","@id":"https:\/\/fonsvinum.com\/de\/produkt\/barolo-campe-la-spinetta-2007\/","url":"https:\/\/fonsvinum.com\/de\/produkt\/barolo-campe-la-spinetta-2007\/","name":"Buy Barolo Campe LA SPINETTA 2007 wine online at 165 \u20ac | FonsVinum","isPartOf":{"@id":"https:\/\/fonsvinum.com\/en\/#website"},"primaryImageOfPage":{"@id":"https:\/\/fonsvinum.com\/de\/produkt\/barolo-campe-la-spinetta-2007\/#primaryimage"},"image":{"@id":"https:\/\/fonsvinum.com\/de\/produkt\/barolo-campe-la-spinetta-2007\/#primaryimage"},"thumbnailUrl":"https:\/\/fonsvinum.com\/files\/2013\/04\/barolo-campe-vursu-la-spinetta.png","datePublished":"2013-04-25T14:31:05+00:00","dateModified":"2019-11-20T21:45:45+00:00","breadcrumb":{"@id":"https:\/\/fonsvinum.com\/de\/produkt\/barolo-campe-la-spinetta-2007\/#breadcrumb"},"inLanguage":"de","potentialAction":[{"@type":"ReadAction","target":["https:\/\/fonsvinum.com\/de\/produkt\/barolo-campe-la-spinetta-2007\/"]}]},{"@type":"ImageObject","inLanguage":"de","@id":"https:\/\/fonsvinum.com\/de\/produkt\/barolo-campe-la-spinetta-2007\/#primaryimage","url":"https:\/\/fonsvinum.com\/files\/2013\/04\/barolo-campe-vursu-la-spinetta.png","contentUrl":"https:\/\/fonsvinum.com\/files\/2013\/04\/barolo-campe-vursu-la-spinetta.png","width":195,"height":495},{"@type":"BreadcrumbList","@id":"https:\/\/fonsvinum.com\/de\/produkt\/barolo-campe-la-spinetta-2007\/#breadcrumb","itemListElement":[{"@type":"ListItem","position":1,"name":"Startseite","item":"https:\/\/fonsvinum.com\/de\/"},{"@type":"ListItem","position":2,"name":"Shop","item":"https:\/\/fonsvinum.com\/de\/shop\/"},{"@type":"ListItem","position":3,"name":"Barolo Campe LA SPINETTA 2007"}]},{"@type":"WebSite","@id":"https:\/\/fonsvinum.com\/en\/#website","url":"https:\/\/fonsvinum.com\/en\/","name":"Fons Vinum","description":"Vendita Vino Online","publisher":{"@id":"https:\/\/fonsvinum.com\/en\/#organization"},"potentialAction":[{"@type":"SearchAction","target":{"@type":"EntryPoint","urlTemplate":"https:\/\/fonsvinum.com\/en\/?s={search_term_string}"},"query-input":{"@type":"PropertyValueSpecification","valueRequired":true,"valueName":"search_term_string"}}],"inLanguage":"de"},{"@type":"Organization","@id":"https:\/\/fonsvinum.com\/en\/#organization","name":"Fons Vinum","url":"https:\/\/fonsvinum.com\/en\/","logo":{"@type":"ImageObject","inLanguage":"de","@id":"https:\/\/fonsvinum.com\/en\/#\/schema\/logo\/image\/","url":"","contentUrl":"","caption":"Fons Vinum"},"image":{"@id":"https:\/\/fonsvinum.com\/en\/#\/schema\/logo\/image\/"}}]}},"acf":[],"_links":{"self":[{"href":"https:\/\/fonsvinum.com\/de\/wp-json\/wp\/v2\/product\/6046","targetHints":{"allow":["GET"]}}],"collection":[{"href":"https:\/\/fonsvinum.com\/de\/wp-json\/wp\/v2\/product"}],"about":[{"href":"https:\/\/fonsvinum.com\/de\/wp-json\/wp\/v2\/types\/product"}],"replies":[{"embeddable":true,"href":"https:\/\/fonsvinum.com\/de\/wp-json\/wp\/v2\/comments?post=6046"}],"wp:featuredmedia":[{"embeddable":true,"href":"https:\/\/fonsvinum.com\/de\/wp-json\/wp\/v2\/media\/6032"}],"wp:attachment":[{"href":"https:\/\/fonsvinum.com\/de\/wp-json\/wp\/v2\/media?parent=6046"}],"wp:term":[{"taxonomy":"product_brand","embeddable":true,"href":"https:\/\/fonsvinum.com\/de\/wp-json\/wp\/v2\/product_brand?post=6046"},{"taxonomy":"product_cat","embeddable":true,"href":"https:\/\/fonsvinum.com\/de\/wp-json\/wp\/v2\/product_cat?post=6046"},{"taxonomy":"product_tag","embeddable":true,"href":"https:\/\/fonsvinum.com\/de\/wp-json\/wp\/v2\/product_tag?post=6046"}],"curies":[{"name":"wp","href":"https:\/\/api.w.org\/{rel}","templated":true}]}}