{"id":5972,"date":"2013-04-25T15:11:40","date_gmt":"2013-04-25T13:11:40","guid":{"rendered":"http:\/\/fonsvinum.com\/product\/champagne-rose-grand-cru-egly-ouriet-2\/"},"modified":"2020-01-27T15:33:39","modified_gmt":"2020-01-27T14:33:39","slug":"champagne-rose-grand-cru-egly-ouriet-2","status":"publish","type":"product","link":"https:\/\/fonsvinum.com\/de\/produkt\/champagne-rose-grand-cru-egly-ouriet-2\/","title":{"rendered":"Champagne Rose Grand Cru EGLY OURIET"},"content":{"rendered":"<p>Champagne Rose Grand Cru <a title=\"egly ouriet\" href=\"https:\/\/fonsvinum.com\/produttore\/egly-ouriet\/\" target=\"_blank\">EGLY OURIET<\/a><\/p>\n<p>Der kr\u00e4ftig lachsfarbene Champagner pr\u00e4sentiert sich spektakul\u00e4r in jeder Hinsicht.<\/p>\n<p>Ein zarter Duft von Rosen, intensive Aromen von Kirschen und Erdbeeren machen ihn verf\u00fchrerisch und fein.<\/p>\n","protected":false},"excerpt":{"rendered":"<p>Champagne Rose Grand Cru EGLY OURIET Der kr\u00e4ftig lachsfarbene Champagner pr\u00e4sentiert sich spektakul\u00e4r in jeder Hinsicht. Ein zarter Duft von Rosen, intensive Aromen von Kirschen und Erdbeeren machen ihn verf\u00fchrerisch und fein.<\/p>\n","protected":false},"featured_media":5974,"comment_status":"open","ping_status":"closed","template":"","meta":{"_acf_changed":false,"_monsterinsights_skip_tracking":false,"_monsterinsights_sitenote_active":false,"_monsterinsights_sitenote_note":"","_monsterinsights_sitenote_category":0},"product_brand":[],"product_cat":[2160,1478],"product_tag":[1802],"class_list":{"0":"post-5972","1":"product","2":"type-product","3":"status-publish","4":"has-post-thumbnail","6":"product_cat-champagne-de","7":"product_cat-rose-de","8":"product_tag-champagne-de","9":"pa_appellation-champagne-aoc-de","10":"pa_formato-0-75-l-flasche-de","11":"pa_producer-egly-ouriet-de","12":"pa_region-champagne-de","13":"pa_vine-60-pinot-noir-40-chardonnay-de","14":"pa_vintage-s-a-de","16":"first","17":"instock","18":"sale","19":"taxable","20":"shipping-taxable","21":"purchasable","22":"product-type-simple"},"bundled_by":[],"bundle_stock_status":"instock","bundle_stock_quantity":1,"bundle_virtual":false,"bundle_layout":"","bundle_add_to_cart_form_location":"","bundle_editable_in_cart":false,"bundle_sold_individually_context":"","bundle_item_grouping":"","bundle_min_size":"","bundle_max_size":"","bundle_price":[],"bundled_items":[],"bundle_sell_ids":[],"yoast_head":"<!-- This site is optimized with the Yoast SEO plugin v27.3 - https:\/\/yoast.com\/product\/yoast-seo-wordpress\/ -->\n<title>Buy Champagne Rose Grand Cru EGLY OURIET wine online at 225 \u20ac | FonsVinum<\/title>\n<meta name=\"robots\" content=\"index, follow, max-snippet:-1, max-image-preview:large, max-video-preview:-1\" \/>\n<link rel=\"canonical\" href=\"https:\/\/fonsvinum.com\/de\/produkt\/champagne-rose-grand-cru-egly-ouriet-2\/\" \/>\n<meta property=\"og:locale\" content=\"de_DE\" \/>\n<meta property=\"og:type\" content=\"article\" \/>\n<meta property=\"og:title\" content=\"Buy Champagne Rose Grand Cru EGLY OURIET wine online at 225 \u20ac | FonsVinum\" \/>\n<meta property=\"og:description\" content=\"Champagne Rose Grand Cru EGLY OURIET Der kr\u00e4ftig lachsfarbene Champagner pr\u00e4sentiert sich spektakul\u00e4r in jeder Hinsicht. Ein zarter Duft von Rosen, intensive Aromen von Kirschen und Erdbeeren machen ihn verf\u00fchrerisch und fein.\" \/>\n<meta property=\"og:url\" content=\"https:\/\/fonsvinum.com\/de\/produkt\/champagne-rose-grand-cru-egly-ouriet-2\/\" \/>\n<meta property=\"og:site_name\" content=\"Fons Vinum\" \/>\n<meta property=\"article:modified_time\" content=\"2020-01-27T14:33:39+00:00\" \/>\n<meta property=\"og:image\" content=\"https:\/\/fonsvinum.com\/files\/2013\/04\/brut-rose-grand-cru-egly-ouriet-champagne.png\" \/>\n\t<meta property=\"og:image:width\" content=\"200\" \/>\n\t<meta property=\"og:image:height\" content=\"600\" \/>\n\t<meta property=\"og:image:type\" content=\"image\/png\" \/>\n<script type=\"application\/ld+json\" class=\"yoast-schema-graph\">{\"@context\":\"https:\\\/\\\/schema.org\",\"@graph\":[{\"@type\":\"WebPage\",\"@id\":\"https:\\\/\\\/fonsvinum.com\\\/de\\\/produkt\\\/champagne-rose-grand-cru-egly-ouriet-2\\\/\",\"url\":\"https:\\\/\\\/fonsvinum.com\\\/de\\\/produkt\\\/champagne-rose-grand-cru-egly-ouriet-2\\\/\",\"name\":\"Buy Champagne Rose Grand Cru EGLY OURIET wine online at 225 \u20ac | FonsVinum\",\"isPartOf\":{\"@id\":\"https:\\\/\\\/fonsvinum.com\\\/en\\\/#website\"},\"primaryImageOfPage\":{\"@id\":\"https:\\\/\\\/fonsvinum.com\\\/de\\\/produkt\\\/champagne-rose-grand-cru-egly-ouriet-2\\\/#primaryimage\"},\"image\":{\"@id\":\"https:\\\/\\\/fonsvinum.com\\\/de\\\/produkt\\\/champagne-rose-grand-cru-egly-ouriet-2\\\/#primaryimage\"},\"thumbnailUrl\":\"https:\\\/\\\/fonsvinum.com\\\/files\\\/2013\\\/04\\\/brut-rose-grand-cru-egly-ouriet-champagne.png\",\"datePublished\":\"2013-04-25T13:11:40+00:00\",\"dateModified\":\"2020-01-27T14:33:39+00:00\",\"breadcrumb\":{\"@id\":\"https:\\\/\\\/fonsvinum.com\\\/de\\\/produkt\\\/champagne-rose-grand-cru-egly-ouriet-2\\\/#breadcrumb\"},\"inLanguage\":\"de\",\"potentialAction\":[{\"@type\":\"ReadAction\",\"target\":[\"https:\\\/\\\/fonsvinum.com\\\/de\\\/produkt\\\/champagne-rose-grand-cru-egly-ouriet-2\\\/\"]}]},{\"@type\":\"ImageObject\",\"inLanguage\":\"de\",\"@id\":\"https:\\\/\\\/fonsvinum.com\\\/de\\\/produkt\\\/champagne-rose-grand-cru-egly-ouriet-2\\\/#primaryimage\",\"url\":\"https:\\\/\\\/fonsvinum.com\\\/files\\\/2013\\\/04\\\/brut-rose-grand-cru-egly-ouriet-champagne.png\",\"contentUrl\":\"https:\\\/\\\/fonsvinum.com\\\/files\\\/2013\\\/04\\\/brut-rose-grand-cru-egly-ouriet-champagne.png\",\"width\":200,\"height\":600},{\"@type\":\"BreadcrumbList\",\"@id\":\"https:\\\/\\\/fonsvinum.com\\\/de\\\/produkt\\\/champagne-rose-grand-cru-egly-ouriet-2\\\/#breadcrumb\",\"itemListElement\":[{\"@type\":\"ListItem\",\"position\":1,\"name\":\"Startseite\",\"item\":\"https:\\\/\\\/fonsvinum.com\\\/de\\\/\"},{\"@type\":\"ListItem\",\"position\":2,\"name\":\"Shop\",\"item\":\"https:\\\/\\\/fonsvinum.com\\\/de\\\/shop\\\/\"},{\"@type\":\"ListItem\",\"position\":3,\"name\":\"Champagne Rose Grand Cru EGLY OURIET\"}]},{\"@type\":\"WebSite\",\"@id\":\"https:\\\/\\\/fonsvinum.com\\\/en\\\/#website\",\"url\":\"https:\\\/\\\/fonsvinum.com\\\/en\\\/\",\"name\":\"Fons Vinum\",\"description\":\"Vendita Vino Online\",\"publisher\":{\"@id\":\"https:\\\/\\\/fonsvinum.com\\\/en\\\/#organization\"},\"potentialAction\":[{\"@type\":\"SearchAction\",\"target\":{\"@type\":\"EntryPoint\",\"urlTemplate\":\"https:\\\/\\\/fonsvinum.com\\\/en\\\/?s={search_term_string}\"},\"query-input\":{\"@type\":\"PropertyValueSpecification\",\"valueRequired\":true,\"valueName\":\"search_term_string\"}}],\"inLanguage\":\"de\"},{\"@type\":\"Organization\",\"@id\":\"https:\\\/\\\/fonsvinum.com\\\/en\\\/#organization\",\"name\":\"Fons Vinum\",\"url\":\"https:\\\/\\\/fonsvinum.com\\\/en\\\/\",\"logo\":{\"@type\":\"ImageObject\",\"inLanguage\":\"de\",\"@id\":\"https:\\\/\\\/fonsvinum.com\\\/en\\\/#\\\/schema\\\/logo\\\/image\\\/\",\"url\":\"\",\"contentUrl\":\"\",\"caption\":\"Fons Vinum\"},\"image\":{\"@id\":\"https:\\\/\\\/fonsvinum.com\\\/en\\\/#\\\/schema\\\/logo\\\/image\\\/\"}}]}<\/script>\n<!-- \/ Yoast SEO plugin. -->","yoast_head_json":{"title":"Buy Champagne Rose Grand Cru EGLY OURIET wine online at 225 \u20ac | FonsVinum","robots":{"index":"index","follow":"follow","max-snippet":"max-snippet:-1","max-image-preview":"max-image-preview:large","max-video-preview":"max-video-preview:-1"},"canonical":"https:\/\/fonsvinum.com\/de\/produkt\/champagne-rose-grand-cru-egly-ouriet-2\/","og_locale":"de_DE","og_type":"article","og_title":"Buy Champagne Rose Grand Cru EGLY OURIET wine online at 225 \u20ac | FonsVinum","og_description":"Champagne Rose Grand Cru EGLY OURIET Der kr\u00e4ftig lachsfarbene Champagner pr\u00e4sentiert sich spektakul\u00e4r in jeder Hinsicht. Ein zarter Duft von Rosen, intensive Aromen von Kirschen und Erdbeeren machen ihn verf\u00fchrerisch und fein.","og_url":"https:\/\/fonsvinum.com\/de\/produkt\/champagne-rose-grand-cru-egly-ouriet-2\/","og_site_name":"Fons Vinum","article_modified_time":"2020-01-27T14:33:39+00:00","og_image":[{"width":200,"height":600,"url":"https:\/\/fonsvinum.com\/files\/2013\/04\/brut-rose-grand-cru-egly-ouriet-champagne.png","type":"image\/png"}],"schema":{"@context":"https:\/\/schema.org","@graph":[{"@type":"WebPage","@id":"https:\/\/fonsvinum.com\/de\/produkt\/champagne-rose-grand-cru-egly-ouriet-2\/","url":"https:\/\/fonsvinum.com\/de\/produkt\/champagne-rose-grand-cru-egly-ouriet-2\/","name":"Buy Champagne Rose Grand Cru EGLY OURIET wine online at 225 \u20ac | FonsVinum","isPartOf":{"@id":"https:\/\/fonsvinum.com\/en\/#website"},"primaryImageOfPage":{"@id":"https:\/\/fonsvinum.com\/de\/produkt\/champagne-rose-grand-cru-egly-ouriet-2\/#primaryimage"},"image":{"@id":"https:\/\/fonsvinum.com\/de\/produkt\/champagne-rose-grand-cru-egly-ouriet-2\/#primaryimage"},"thumbnailUrl":"https:\/\/fonsvinum.com\/files\/2013\/04\/brut-rose-grand-cru-egly-ouriet-champagne.png","datePublished":"2013-04-25T13:11:40+00:00","dateModified":"2020-01-27T14:33:39+00:00","breadcrumb":{"@id":"https:\/\/fonsvinum.com\/de\/produkt\/champagne-rose-grand-cru-egly-ouriet-2\/#breadcrumb"},"inLanguage":"de","potentialAction":[{"@type":"ReadAction","target":["https:\/\/fonsvinum.com\/de\/produkt\/champagne-rose-grand-cru-egly-ouriet-2\/"]}]},{"@type":"ImageObject","inLanguage":"de","@id":"https:\/\/fonsvinum.com\/de\/produkt\/champagne-rose-grand-cru-egly-ouriet-2\/#primaryimage","url":"https:\/\/fonsvinum.com\/files\/2013\/04\/brut-rose-grand-cru-egly-ouriet-champagne.png","contentUrl":"https:\/\/fonsvinum.com\/files\/2013\/04\/brut-rose-grand-cru-egly-ouriet-champagne.png","width":200,"height":600},{"@type":"BreadcrumbList","@id":"https:\/\/fonsvinum.com\/de\/produkt\/champagne-rose-grand-cru-egly-ouriet-2\/#breadcrumb","itemListElement":[{"@type":"ListItem","position":1,"name":"Startseite","item":"https:\/\/fonsvinum.com\/de\/"},{"@type":"ListItem","position":2,"name":"Shop","item":"https:\/\/fonsvinum.com\/de\/shop\/"},{"@type":"ListItem","position":3,"name":"Champagne Rose Grand Cru EGLY OURIET"}]},{"@type":"WebSite","@id":"https:\/\/fonsvinum.com\/en\/#website","url":"https:\/\/fonsvinum.com\/en\/","name":"Fons Vinum","description":"Vendita Vino Online","publisher":{"@id":"https:\/\/fonsvinum.com\/en\/#organization"},"potentialAction":[{"@type":"SearchAction","target":{"@type":"EntryPoint","urlTemplate":"https:\/\/fonsvinum.com\/en\/?s={search_term_string}"},"query-input":{"@type":"PropertyValueSpecification","valueRequired":true,"valueName":"search_term_string"}}],"inLanguage":"de"},{"@type":"Organization","@id":"https:\/\/fonsvinum.com\/en\/#organization","name":"Fons Vinum","url":"https:\/\/fonsvinum.com\/en\/","logo":{"@type":"ImageObject","inLanguage":"de","@id":"https:\/\/fonsvinum.com\/en\/#\/schema\/logo\/image\/","url":"","contentUrl":"","caption":"Fons Vinum"},"image":{"@id":"https:\/\/fonsvinum.com\/en\/#\/schema\/logo\/image\/"}}]}},"acf":[],"_links":{"self":[{"href":"https:\/\/fonsvinum.com\/de\/wp-json\/wp\/v2\/product\/5972","targetHints":{"allow":["GET"]}}],"collection":[{"href":"https:\/\/fonsvinum.com\/de\/wp-json\/wp\/v2\/product"}],"about":[{"href":"https:\/\/fonsvinum.com\/de\/wp-json\/wp\/v2\/types\/product"}],"replies":[{"embeddable":true,"href":"https:\/\/fonsvinum.com\/de\/wp-json\/wp\/v2\/comments?post=5972"}],"wp:featuredmedia":[{"embeddable":true,"href":"https:\/\/fonsvinum.com\/de\/wp-json\/wp\/v2\/media\/5974"}],"wp:attachment":[{"href":"https:\/\/fonsvinum.com\/de\/wp-json\/wp\/v2\/media?parent=5972"}],"wp:term":[{"taxonomy":"product_brand","embeddable":true,"href":"https:\/\/fonsvinum.com\/de\/wp-json\/wp\/v2\/product_brand?post=5972"},{"taxonomy":"product_cat","embeddable":true,"href":"https:\/\/fonsvinum.com\/de\/wp-json\/wp\/v2\/product_cat?post=5972"},{"taxonomy":"product_tag","embeddable":true,"href":"https:\/\/fonsvinum.com\/de\/wp-json\/wp\/v2\/product_tag?post=5972"}],"curies":[{"name":"wp","href":"https:\/\/api.w.org\/{rel}","templated":true}]}}