{"id":5942,"date":"2013-04-25T15:11:37","date_gmt":"2013-04-25T13:11:37","guid":{"rendered":"http:\/\/fonsvinum.com\/product\/barbera-dalba-doc-cordero-di-montezemolo-2\/"},"modified":"2020-11-24T12:58:23","modified_gmt":"2020-11-24T11:58:23","slug":"barbera-dalba-doc-cordero-di-montezemolo-2019","status":"publish","type":"product","link":"https:\/\/fonsvinum.com\/de\/produkt\/barbera-dalba-doc-cordero-di-montezemolo-2019\/","title":{"rendered":"Barbera d\u2019Alba Doc CORDERO DI MONTEZEMOLO 2019"},"content":{"rendered":"<p>Barbera d\u2019Alba Doc <a href=\"https:\/\/fonsvinum.com\/produttore\/cordero-di-montezemolo\/\">CORDERO DI MONTEZEMOLO<\/a><\/p>\n<p>Eine Vielzahl von Aromen, eingebunden in warme, weiche Tannine zeichnet den stoffreichen, \u00fcppigen Barbera aus, der zu den ganz gro\u00dfen Weinen gez\u00e4hlt werden darf.<\/p>\n<p>Zu w\u00fcrzigen Pasteten, Bandnudeln mit Pilzen oder Tr\u00fcffeln, ist er ein Hochgenu\u00df<\/p>\n","protected":false},"excerpt":{"rendered":"<p>Barbera d\u2019Alba Doc CORDERO DI MONTEZEMOLO Eine Vielzahl von Aromen, eingebunden in warme, weiche Tannine zeichnet den stoffreichen, \u00fcppigen Barbera aus, der zu den ganz gro\u00dfen Weinen gez\u00e4hlt werden darf. Zu w\u00fcrzigen Pasteten, Bandnudeln mit Pilzen oder Tr\u00fcffeln, ist er ein Hochgenu\u00df<\/p>\n","protected":false},"featured_media":5944,"comment_status":"open","ping_status":"closed","template":"","meta":{"_acf_changed":false,"_monsterinsights_skip_tracking":false,"_monsterinsights_sitenote_active":false,"_monsterinsights_sitenote_note":"","_monsterinsights_sitenote_category":0},"product_brand":[],"product_cat":[2170],"product_tag":[],"class_list":{"0":"post-5942","1":"product","2":"type-product","3":"status-publish","4":"has-post-thumbnail","6":"product_cat-barbera-de","7":"pa_appellation-barbera-dalba-doc-de","8":"pa_formato-0-75-l-flasche-de","9":"pa_producer-cordero-di-montezemolo-de","10":"pa_region-piemont-de","11":"pa_vine-100-barbera-de","12":"pa_vintage-2019-de","14":"first","15":"outofstock","16":"taxable","17":"shipping-taxable","18":"purchasable","19":"product-type-simple"},"bundled_by":[],"bundle_stock_status":"outofstock","bundle_stock_quantity":0,"bundle_virtual":false,"bundle_layout":"","bundle_add_to_cart_form_location":"","bundle_editable_in_cart":false,"bundle_sold_individually_context":"","bundle_item_grouping":"","bundle_min_size":"","bundle_max_size":"","bundle_price":[],"bundled_items":[],"bundle_sell_ids":[],"yoast_head":"<!-- This site is optimized with the Yoast SEO plugin v27.2 - https:\/\/yoast.com\/product\/yoast-seo-wordpress\/ -->\n<title>Acquista Barbera d&#039;Alba Doc CORDERO DI MONTEZEMOLO<\/title>\n<meta name=\"description\" content=\"Barbera d&#039;Alba Doc CORDERO DI MONTEZEMOLO Spedizione omaggio acquista online su Fons Vinum Classico accompagnamento per bollito misto alla piemontese salumi\" \/>\n<meta name=\"robots\" content=\"index, follow, max-snippet:-1, max-image-preview:large, max-video-preview:-1\" \/>\n<link rel=\"canonical\" href=\"https:\/\/fonsvinum.com\/de\/produkt\/barbera-dalba-doc-cordero-di-montezemolo-2019\/\" \/>\n<meta property=\"og:locale\" content=\"de_DE\" \/>\n<meta property=\"og:type\" content=\"article\" \/>\n<meta property=\"og:title\" content=\"Acquista Barbera d&#039;Alba Doc CORDERO DI MONTEZEMOLO\" \/>\n<meta property=\"og:description\" content=\"Barbera d&#039;Alba Doc CORDERO DI MONTEZEMOLO Spedizione omaggio acquista online su Fons Vinum Classico accompagnamento per bollito misto alla piemontese salumi\" \/>\n<meta property=\"og:url\" content=\"https:\/\/fonsvinum.com\/de\/produkt\/barbera-dalba-doc-cordero-di-montezemolo-2019\/\" \/>\n<meta property=\"og:site_name\" content=\"Fons Vinum\" \/>\n<meta property=\"article:modified_time\" content=\"2020-11-24T11:58:23+00:00\" \/>\n<meta property=\"og:image\" content=\"https:\/\/fonsvinum.com\/files\/2013\/04\/barbera-alba_cordero-di-montezemolo.png\" \/>\n\t<meta property=\"og:image:width\" content=\"200\" \/>\n\t<meta property=\"og:image:height\" content=\"600\" \/>\n\t<meta property=\"og:image:type\" content=\"image\/png\" \/>\n<script type=\"application\/ld+json\" class=\"yoast-schema-graph\">{\"@context\":\"https:\/\/schema.org\",\"@graph\":[{\"@type\":\"WebPage\",\"@id\":\"https:\/\/fonsvinum.com\/de\/produkt\/barbera-dalba-doc-cordero-di-montezemolo-2019\/\",\"url\":\"https:\/\/fonsvinum.com\/de\/produkt\/barbera-dalba-doc-cordero-di-montezemolo-2019\/\",\"name\":\"Acquista Barbera d'Alba Doc CORDERO DI MONTEZEMOLO\",\"isPartOf\":{\"@id\":\"https:\/\/fonsvinum.com\/en\/#website\"},\"primaryImageOfPage\":{\"@id\":\"https:\/\/fonsvinum.com\/de\/produkt\/barbera-dalba-doc-cordero-di-montezemolo-2019\/#primaryimage\"},\"image\":{\"@id\":\"https:\/\/fonsvinum.com\/de\/produkt\/barbera-dalba-doc-cordero-di-montezemolo-2019\/#primaryimage\"},\"thumbnailUrl\":\"https:\/\/fonsvinum.com\/files\/2013\/04\/barbera-alba_cordero-di-montezemolo.png\",\"datePublished\":\"2013-04-25T13:11:37+00:00\",\"dateModified\":\"2020-11-24T11:58:23+00:00\",\"description\":\"Barbera d'Alba Doc CORDERO DI MONTEZEMOLO Spedizione omaggio acquista online su Fons Vinum Classico accompagnamento per bollito misto alla piemontese salumi\",\"breadcrumb\":{\"@id\":\"https:\/\/fonsvinum.com\/de\/produkt\/barbera-dalba-doc-cordero-di-montezemolo-2019\/#breadcrumb\"},\"inLanguage\":\"de\",\"potentialAction\":[{\"@type\":\"ReadAction\",\"target\":[\"https:\/\/fonsvinum.com\/de\/produkt\/barbera-dalba-doc-cordero-di-montezemolo-2019\/\"]}]},{\"@type\":\"ImageObject\",\"inLanguage\":\"de\",\"@id\":\"https:\/\/fonsvinum.com\/de\/produkt\/barbera-dalba-doc-cordero-di-montezemolo-2019\/#primaryimage\",\"url\":\"https:\/\/fonsvinum.com\/files\/2013\/04\/barbera-alba_cordero-di-montezemolo.png\",\"contentUrl\":\"https:\/\/fonsvinum.com\/files\/2013\/04\/barbera-alba_cordero-di-montezemolo.png\",\"width\":200,\"height\":600},{\"@type\":\"BreadcrumbList\",\"@id\":\"https:\/\/fonsvinum.com\/de\/produkt\/barbera-dalba-doc-cordero-di-montezemolo-2019\/#breadcrumb\",\"itemListElement\":[{\"@type\":\"ListItem\",\"position\":1,\"name\":\"Startseite\",\"item\":\"https:\/\/fonsvinum.com\/de\/\"},{\"@type\":\"ListItem\",\"position\":2,\"name\":\"Shop\",\"item\":\"https:\/\/fonsvinum.com\/de\/shop\/\"},{\"@type\":\"ListItem\",\"position\":3,\"name\":\"Barbera d\u2019Alba Doc CORDERO DI MONTEZEMOLO 2019\"}]},{\"@type\":\"WebSite\",\"@id\":\"https:\/\/fonsvinum.com\/en\/#website\",\"url\":\"https:\/\/fonsvinum.com\/en\/\",\"name\":\"Fons Vinum\",\"description\":\"Vendita Vino Online\",\"publisher\":{\"@id\":\"https:\/\/fonsvinum.com\/en\/#organization\"},\"potentialAction\":[{\"@type\":\"SearchAction\",\"target\":{\"@type\":\"EntryPoint\",\"urlTemplate\":\"https:\/\/fonsvinum.com\/en\/?s={search_term_string}\"},\"query-input\":{\"@type\":\"PropertyValueSpecification\",\"valueRequired\":true,\"valueName\":\"search_term_string\"}}],\"inLanguage\":\"de\"},{\"@type\":\"Organization\",\"@id\":\"https:\/\/fonsvinum.com\/en\/#organization\",\"name\":\"Fons Vinum\",\"url\":\"https:\/\/fonsvinum.com\/en\/\",\"logo\":{\"@type\":\"ImageObject\",\"inLanguage\":\"de\",\"@id\":\"https:\/\/fonsvinum.com\/en\/#\/schema\/logo\/image\/\",\"url\":\"\",\"contentUrl\":\"\",\"caption\":\"Fons Vinum\"},\"image\":{\"@id\":\"https:\/\/fonsvinum.com\/en\/#\/schema\/logo\/image\/\"}}]}<\/script>\n<!-- \/ Yoast SEO plugin. -->","yoast_head_json":{"title":"Acquista Barbera d'Alba Doc CORDERO DI MONTEZEMOLO","description":"Barbera d'Alba Doc CORDERO DI MONTEZEMOLO Spedizione omaggio acquista online su Fons Vinum Classico accompagnamento per bollito misto alla piemontese salumi","robots":{"index":"index","follow":"follow","max-snippet":"max-snippet:-1","max-image-preview":"max-image-preview:large","max-video-preview":"max-video-preview:-1"},"canonical":"https:\/\/fonsvinum.com\/de\/produkt\/barbera-dalba-doc-cordero-di-montezemolo-2019\/","og_locale":"de_DE","og_type":"article","og_title":"Acquista Barbera d'Alba Doc CORDERO DI MONTEZEMOLO","og_description":"Barbera d'Alba Doc CORDERO DI MONTEZEMOLO Spedizione omaggio acquista online su Fons Vinum Classico accompagnamento per bollito misto alla piemontese salumi","og_url":"https:\/\/fonsvinum.com\/de\/produkt\/barbera-dalba-doc-cordero-di-montezemolo-2019\/","og_site_name":"Fons Vinum","article_modified_time":"2020-11-24T11:58:23+00:00","og_image":[{"width":200,"height":600,"url":"https:\/\/fonsvinum.com\/files\/2013\/04\/barbera-alba_cordero-di-montezemolo.png","type":"image\/png"}],"schema":{"@context":"https:\/\/schema.org","@graph":[{"@type":"WebPage","@id":"https:\/\/fonsvinum.com\/de\/produkt\/barbera-dalba-doc-cordero-di-montezemolo-2019\/","url":"https:\/\/fonsvinum.com\/de\/produkt\/barbera-dalba-doc-cordero-di-montezemolo-2019\/","name":"Acquista Barbera d'Alba Doc CORDERO DI MONTEZEMOLO","isPartOf":{"@id":"https:\/\/fonsvinum.com\/en\/#website"},"primaryImageOfPage":{"@id":"https:\/\/fonsvinum.com\/de\/produkt\/barbera-dalba-doc-cordero-di-montezemolo-2019\/#primaryimage"},"image":{"@id":"https:\/\/fonsvinum.com\/de\/produkt\/barbera-dalba-doc-cordero-di-montezemolo-2019\/#primaryimage"},"thumbnailUrl":"https:\/\/fonsvinum.com\/files\/2013\/04\/barbera-alba_cordero-di-montezemolo.png","datePublished":"2013-04-25T13:11:37+00:00","dateModified":"2020-11-24T11:58:23+00:00","description":"Barbera d'Alba Doc CORDERO DI MONTEZEMOLO Spedizione omaggio acquista online su Fons Vinum Classico accompagnamento per bollito misto alla piemontese salumi","breadcrumb":{"@id":"https:\/\/fonsvinum.com\/de\/produkt\/barbera-dalba-doc-cordero-di-montezemolo-2019\/#breadcrumb"},"inLanguage":"de","potentialAction":[{"@type":"ReadAction","target":["https:\/\/fonsvinum.com\/de\/produkt\/barbera-dalba-doc-cordero-di-montezemolo-2019\/"]}]},{"@type":"ImageObject","inLanguage":"de","@id":"https:\/\/fonsvinum.com\/de\/produkt\/barbera-dalba-doc-cordero-di-montezemolo-2019\/#primaryimage","url":"https:\/\/fonsvinum.com\/files\/2013\/04\/barbera-alba_cordero-di-montezemolo.png","contentUrl":"https:\/\/fonsvinum.com\/files\/2013\/04\/barbera-alba_cordero-di-montezemolo.png","width":200,"height":600},{"@type":"BreadcrumbList","@id":"https:\/\/fonsvinum.com\/de\/produkt\/barbera-dalba-doc-cordero-di-montezemolo-2019\/#breadcrumb","itemListElement":[{"@type":"ListItem","position":1,"name":"Startseite","item":"https:\/\/fonsvinum.com\/de\/"},{"@type":"ListItem","position":2,"name":"Shop","item":"https:\/\/fonsvinum.com\/de\/shop\/"},{"@type":"ListItem","position":3,"name":"Barbera d\u2019Alba Doc CORDERO DI MONTEZEMOLO 2019"}]},{"@type":"WebSite","@id":"https:\/\/fonsvinum.com\/en\/#website","url":"https:\/\/fonsvinum.com\/en\/","name":"Fons Vinum","description":"Vendita Vino Online","publisher":{"@id":"https:\/\/fonsvinum.com\/en\/#organization"},"potentialAction":[{"@type":"SearchAction","target":{"@type":"EntryPoint","urlTemplate":"https:\/\/fonsvinum.com\/en\/?s={search_term_string}"},"query-input":{"@type":"PropertyValueSpecification","valueRequired":true,"valueName":"search_term_string"}}],"inLanguage":"de"},{"@type":"Organization","@id":"https:\/\/fonsvinum.com\/en\/#organization","name":"Fons Vinum","url":"https:\/\/fonsvinum.com\/en\/","logo":{"@type":"ImageObject","inLanguage":"de","@id":"https:\/\/fonsvinum.com\/en\/#\/schema\/logo\/image\/","url":"","contentUrl":"","caption":"Fons Vinum"},"image":{"@id":"https:\/\/fonsvinum.com\/en\/#\/schema\/logo\/image\/"}}]}},"acf":[],"_links":{"self":[{"href":"https:\/\/fonsvinum.com\/de\/wp-json\/wp\/v2\/product\/5942","targetHints":{"allow":["GET"]}}],"collection":[{"href":"https:\/\/fonsvinum.com\/de\/wp-json\/wp\/v2\/product"}],"about":[{"href":"https:\/\/fonsvinum.com\/de\/wp-json\/wp\/v2\/types\/product"}],"replies":[{"embeddable":true,"href":"https:\/\/fonsvinum.com\/de\/wp-json\/wp\/v2\/comments?post=5942"}],"wp:featuredmedia":[{"embeddable":true,"href":"https:\/\/fonsvinum.com\/de\/wp-json\/wp\/v2\/media\/5944"}],"wp:attachment":[{"href":"https:\/\/fonsvinum.com\/de\/wp-json\/wp\/v2\/media?parent=5942"}],"wp:term":[{"taxonomy":"product_brand","embeddable":true,"href":"https:\/\/fonsvinum.com\/de\/wp-json\/wp\/v2\/product_brand?post=5942"},{"taxonomy":"product_cat","embeddable":true,"href":"https:\/\/fonsvinum.com\/de\/wp-json\/wp\/v2\/product_cat?post=5942"},{"taxonomy":"product_tag","embeddable":true,"href":"https:\/\/fonsvinum.com\/de\/wp-json\/wp\/v2\/product_tag?post=5942"}],"curies":[{"name":"wp","href":"https:\/\/api.w.org\/{rel}","templated":true}]}}