{"id":5938,"date":"2013-04-25T15:11:37","date_gmt":"2013-04-25T13:11:37","guid":{"rendered":"http:\/\/fonsvinum.com\/product\/langhe-nebbiolo-doc-cordero-di-montezemolo-2\/"},"modified":"2020-11-24T12:36:26","modified_gmt":"2020-11-24T11:36:26","slug":"langhe-nebbiolo-doc-cordero-di-montezemolo-2019","status":"publish","type":"product","link":"https:\/\/fonsvinum.com\/de\/produkt\/langhe-nebbiolo-doc-cordero-di-montezemolo-2019\/","title":{"rendered":"Langhe Nebbiolo DOC CORDERO DI MONTEZEMOLO 2019"},"content":{"rendered":"<h1>Langhe Nebbiolo DOC <a title=\"cordero di montezemolo\" href=\"https:\/\/fonsvinum.com\/produttore\/cordero-di-montezemolo\/\">CORDERO DI MONTEZEMOLO 2019<\/a><\/h1>\n<p>Brillantes Granatrot, fruchtiges Bukett mit Ankl\u00e4ngen von Himbeeren und Kirschen. Im Mund ausgepr\u00e4gt und elegant mit kr\u00e4ftigem K\u00f6rper.<\/p>\n<p>Ein perfekter Begleiter zu salzigen Teigwaren, geschmortem Fleisch und kr\u00e4ftigem K\u00e4se.<\/p>\n","protected":false},"excerpt":{"rendered":"<p>Langhe Nebbiolo DOC CORDERO DI MONTEZEMOLO 2019 Brillantes Granatrot, fruchtiges Bukett mit Ankl\u00e4ngen von Himbeeren und Kirschen. Im Mund ausgepr\u00e4gt und elegant mit kr\u00e4ftigem K\u00f6rper. Ein perfekter Begleiter zu salzigen Teigwaren, geschmortem Fleisch und kr\u00e4ftigem K\u00e4se.<\/p>\n","protected":false},"featured_media":5940,"comment_status":"open","ping_status":"closed","template":"","meta":{"_acf_changed":false,"_monsterinsights_skip_tracking":false,"_monsterinsights_sitenote_active":false,"_monsterinsights_sitenote_note":"","_monsterinsights_sitenote_category":0},"product_brand":[],"product_cat":[2356],"product_tag":[15941],"class_list":{"0":"post-5938","1":"product","2":"type-product","3":"status-publish","4":"has-post-thumbnail","6":"product_cat-nebbiolo-de","7":"product_tag-nebbiolo-de","8":"pa_appellation-langhe-nebbiolo-doc-de","9":"pa_formato-0-75-l-flasche-de","10":"pa_producer-cordero-di-montezemolo-de","11":"pa_region-piemont-de","12":"pa_vine-100-nebbiolo-de","13":"pa_vintage-2019-de","15":"first","16":"outofstock","17":"taxable","18":"shipping-taxable","19":"purchasable","20":"product-type-simple"},"bundled_by":[],"bundle_stock_status":"outofstock","bundle_stock_quantity":0,"bundle_virtual":false,"bundle_layout":"","bundle_add_to_cart_form_location":"","bundle_editable_in_cart":false,"bundle_sold_individually_context":"","bundle_item_grouping":"","bundle_min_size":"","bundle_max_size":"","bundle_price":[],"bundled_items":[],"bundle_sell_ids":[],"yoast_head":"<!-- This site is optimized with the Yoast SEO plugin v27.2 - https:\/\/yoast.com\/product\/yoast-seo-wordpress\/ -->\n<title>Langhe Nebbiolo DOC CORDERO DI MONTEZEMOLO 2019<\/title>\n<meta name=\"description\" content=\"Langhe Nebbiolo DOC CORDERO DI MONTEZEMOLO 2019 Spedizione omaggio Ein perfekter Begleiter zu salzigen Teigwaren, geschmortem Fleisch und kr\u00e4ftigem K\u00e4se.\" \/>\n<meta name=\"robots\" content=\"index, follow, max-snippet:-1, max-image-preview:large, max-video-preview:-1\" \/>\n<link rel=\"canonical\" href=\"https:\/\/fonsvinum.com\/de\/produkt\/langhe-nebbiolo-doc-cordero-di-montezemolo-2019\/\" \/>\n<meta property=\"og:locale\" content=\"de_DE\" \/>\n<meta property=\"og:type\" content=\"article\" \/>\n<meta property=\"og:title\" content=\"Langhe Nebbiolo DOC CORDERO DI MONTEZEMOLO 2019\" \/>\n<meta property=\"og:description\" content=\"Langhe Nebbiolo DOC CORDERO DI MONTEZEMOLO 2019 Spedizione omaggio Ein perfekter Begleiter zu salzigen Teigwaren, geschmortem Fleisch und kr\u00e4ftigem K\u00e4se.\" \/>\n<meta property=\"og:url\" content=\"https:\/\/fonsvinum.com\/de\/produkt\/langhe-nebbiolo-doc-cordero-di-montezemolo-2019\/\" \/>\n<meta property=\"og:site_name\" content=\"Fons Vinum\" \/>\n<meta property=\"article:modified_time\" content=\"2020-11-24T11:36:26+00:00\" \/>\n<meta property=\"og:image\" content=\"https:\/\/fonsvinum.com\/files\/2013\/04\/langhe-nebbiolo_cordero-montezemolo.png\" \/>\n\t<meta property=\"og:image:width\" content=\"200\" \/>\n\t<meta property=\"og:image:height\" content=\"600\" \/>\n\t<meta property=\"og:image:type\" content=\"image\/png\" \/>\n<script type=\"application\/ld+json\" class=\"yoast-schema-graph\">{\"@context\":\"https:\/\/schema.org\",\"@graph\":[{\"@type\":\"WebPage\",\"@id\":\"https:\/\/fonsvinum.com\/de\/produkt\/langhe-nebbiolo-doc-cordero-di-montezemolo-2019\/\",\"url\":\"https:\/\/fonsvinum.com\/de\/produkt\/langhe-nebbiolo-doc-cordero-di-montezemolo-2019\/\",\"name\":\"Langhe Nebbiolo DOC CORDERO DI MONTEZEMOLO 2019\",\"isPartOf\":{\"@id\":\"https:\/\/fonsvinum.com\/en\/#website\"},\"primaryImageOfPage\":{\"@id\":\"https:\/\/fonsvinum.com\/de\/produkt\/langhe-nebbiolo-doc-cordero-di-montezemolo-2019\/#primaryimage\"},\"image\":{\"@id\":\"https:\/\/fonsvinum.com\/de\/produkt\/langhe-nebbiolo-doc-cordero-di-montezemolo-2019\/#primaryimage\"},\"thumbnailUrl\":\"https:\/\/fonsvinum.com\/files\/2013\/04\/langhe-nebbiolo_cordero-montezemolo.png\",\"datePublished\":\"2013-04-25T13:11:37+00:00\",\"dateModified\":\"2020-11-24T11:36:26+00:00\",\"description\":\"Langhe Nebbiolo DOC CORDERO DI MONTEZEMOLO 2019 Spedizione omaggio Ein perfekter Begleiter zu salzigen Teigwaren, geschmortem Fleisch und kr\u00e4ftigem K\u00e4se.\",\"breadcrumb\":{\"@id\":\"https:\/\/fonsvinum.com\/de\/produkt\/langhe-nebbiolo-doc-cordero-di-montezemolo-2019\/#breadcrumb\"},\"inLanguage\":\"de\",\"potentialAction\":[{\"@type\":\"ReadAction\",\"target\":[\"https:\/\/fonsvinum.com\/de\/produkt\/langhe-nebbiolo-doc-cordero-di-montezemolo-2019\/\"]}]},{\"@type\":\"ImageObject\",\"inLanguage\":\"de\",\"@id\":\"https:\/\/fonsvinum.com\/de\/produkt\/langhe-nebbiolo-doc-cordero-di-montezemolo-2019\/#primaryimage\",\"url\":\"https:\/\/fonsvinum.com\/files\/2013\/04\/langhe-nebbiolo_cordero-montezemolo.png\",\"contentUrl\":\"https:\/\/fonsvinum.com\/files\/2013\/04\/langhe-nebbiolo_cordero-montezemolo.png\",\"width\":200,\"height\":600},{\"@type\":\"BreadcrumbList\",\"@id\":\"https:\/\/fonsvinum.com\/de\/produkt\/langhe-nebbiolo-doc-cordero-di-montezemolo-2019\/#breadcrumb\",\"itemListElement\":[{\"@type\":\"ListItem\",\"position\":1,\"name\":\"Startseite\",\"item\":\"https:\/\/fonsvinum.com\/de\/\"},{\"@type\":\"ListItem\",\"position\":2,\"name\":\"Shop\",\"item\":\"https:\/\/fonsvinum.com\/de\/shop\/\"},{\"@type\":\"ListItem\",\"position\":3,\"name\":\"Langhe Nebbiolo DOC CORDERO DI MONTEZEMOLO 2019\"}]},{\"@type\":\"WebSite\",\"@id\":\"https:\/\/fonsvinum.com\/en\/#website\",\"url\":\"https:\/\/fonsvinum.com\/en\/\",\"name\":\"Fons Vinum\",\"description\":\"Vendita Vino Online\",\"publisher\":{\"@id\":\"https:\/\/fonsvinum.com\/en\/#organization\"},\"potentialAction\":[{\"@type\":\"SearchAction\",\"target\":{\"@type\":\"EntryPoint\",\"urlTemplate\":\"https:\/\/fonsvinum.com\/en\/?s={search_term_string}\"},\"query-input\":{\"@type\":\"PropertyValueSpecification\",\"valueRequired\":true,\"valueName\":\"search_term_string\"}}],\"inLanguage\":\"de\"},{\"@type\":\"Organization\",\"@id\":\"https:\/\/fonsvinum.com\/en\/#organization\",\"name\":\"Fons Vinum\",\"url\":\"https:\/\/fonsvinum.com\/en\/\",\"logo\":{\"@type\":\"ImageObject\",\"inLanguage\":\"de\",\"@id\":\"https:\/\/fonsvinum.com\/en\/#\/schema\/logo\/image\/\",\"url\":\"\",\"contentUrl\":\"\",\"caption\":\"Fons Vinum\"},\"image\":{\"@id\":\"https:\/\/fonsvinum.com\/en\/#\/schema\/logo\/image\/\"}}]}<\/script>\n<!-- \/ Yoast SEO plugin. -->","yoast_head_json":{"title":"Langhe Nebbiolo DOC CORDERO DI MONTEZEMOLO 2019","description":"Langhe Nebbiolo DOC CORDERO DI MONTEZEMOLO 2019 Spedizione omaggio Ein perfekter Begleiter zu salzigen Teigwaren, geschmortem Fleisch und kr\u00e4ftigem K\u00e4se.","robots":{"index":"index","follow":"follow","max-snippet":"max-snippet:-1","max-image-preview":"max-image-preview:large","max-video-preview":"max-video-preview:-1"},"canonical":"https:\/\/fonsvinum.com\/de\/produkt\/langhe-nebbiolo-doc-cordero-di-montezemolo-2019\/","og_locale":"de_DE","og_type":"article","og_title":"Langhe Nebbiolo DOC CORDERO DI MONTEZEMOLO 2019","og_description":"Langhe Nebbiolo DOC CORDERO DI MONTEZEMOLO 2019 Spedizione omaggio Ein perfekter Begleiter zu salzigen Teigwaren, geschmortem Fleisch und kr\u00e4ftigem K\u00e4se.","og_url":"https:\/\/fonsvinum.com\/de\/produkt\/langhe-nebbiolo-doc-cordero-di-montezemolo-2019\/","og_site_name":"Fons Vinum","article_modified_time":"2020-11-24T11:36:26+00:00","og_image":[{"width":200,"height":600,"url":"https:\/\/fonsvinum.com\/files\/2013\/04\/langhe-nebbiolo_cordero-montezemolo.png","type":"image\/png"}],"schema":{"@context":"https:\/\/schema.org","@graph":[{"@type":"WebPage","@id":"https:\/\/fonsvinum.com\/de\/produkt\/langhe-nebbiolo-doc-cordero-di-montezemolo-2019\/","url":"https:\/\/fonsvinum.com\/de\/produkt\/langhe-nebbiolo-doc-cordero-di-montezemolo-2019\/","name":"Langhe Nebbiolo DOC CORDERO DI MONTEZEMOLO 2019","isPartOf":{"@id":"https:\/\/fonsvinum.com\/en\/#website"},"primaryImageOfPage":{"@id":"https:\/\/fonsvinum.com\/de\/produkt\/langhe-nebbiolo-doc-cordero-di-montezemolo-2019\/#primaryimage"},"image":{"@id":"https:\/\/fonsvinum.com\/de\/produkt\/langhe-nebbiolo-doc-cordero-di-montezemolo-2019\/#primaryimage"},"thumbnailUrl":"https:\/\/fonsvinum.com\/files\/2013\/04\/langhe-nebbiolo_cordero-montezemolo.png","datePublished":"2013-04-25T13:11:37+00:00","dateModified":"2020-11-24T11:36:26+00:00","description":"Langhe Nebbiolo DOC CORDERO DI MONTEZEMOLO 2019 Spedizione omaggio Ein perfekter Begleiter zu salzigen Teigwaren, geschmortem Fleisch und kr\u00e4ftigem K\u00e4se.","breadcrumb":{"@id":"https:\/\/fonsvinum.com\/de\/produkt\/langhe-nebbiolo-doc-cordero-di-montezemolo-2019\/#breadcrumb"},"inLanguage":"de","potentialAction":[{"@type":"ReadAction","target":["https:\/\/fonsvinum.com\/de\/produkt\/langhe-nebbiolo-doc-cordero-di-montezemolo-2019\/"]}]},{"@type":"ImageObject","inLanguage":"de","@id":"https:\/\/fonsvinum.com\/de\/produkt\/langhe-nebbiolo-doc-cordero-di-montezemolo-2019\/#primaryimage","url":"https:\/\/fonsvinum.com\/files\/2013\/04\/langhe-nebbiolo_cordero-montezemolo.png","contentUrl":"https:\/\/fonsvinum.com\/files\/2013\/04\/langhe-nebbiolo_cordero-montezemolo.png","width":200,"height":600},{"@type":"BreadcrumbList","@id":"https:\/\/fonsvinum.com\/de\/produkt\/langhe-nebbiolo-doc-cordero-di-montezemolo-2019\/#breadcrumb","itemListElement":[{"@type":"ListItem","position":1,"name":"Startseite","item":"https:\/\/fonsvinum.com\/de\/"},{"@type":"ListItem","position":2,"name":"Shop","item":"https:\/\/fonsvinum.com\/de\/shop\/"},{"@type":"ListItem","position":3,"name":"Langhe Nebbiolo DOC CORDERO DI MONTEZEMOLO 2019"}]},{"@type":"WebSite","@id":"https:\/\/fonsvinum.com\/en\/#website","url":"https:\/\/fonsvinum.com\/en\/","name":"Fons Vinum","description":"Vendita Vino Online","publisher":{"@id":"https:\/\/fonsvinum.com\/en\/#organization"},"potentialAction":[{"@type":"SearchAction","target":{"@type":"EntryPoint","urlTemplate":"https:\/\/fonsvinum.com\/en\/?s={search_term_string}"},"query-input":{"@type":"PropertyValueSpecification","valueRequired":true,"valueName":"search_term_string"}}],"inLanguage":"de"},{"@type":"Organization","@id":"https:\/\/fonsvinum.com\/en\/#organization","name":"Fons Vinum","url":"https:\/\/fonsvinum.com\/en\/","logo":{"@type":"ImageObject","inLanguage":"de","@id":"https:\/\/fonsvinum.com\/en\/#\/schema\/logo\/image\/","url":"","contentUrl":"","caption":"Fons Vinum"},"image":{"@id":"https:\/\/fonsvinum.com\/en\/#\/schema\/logo\/image\/"}}]}},"acf":[],"_links":{"self":[{"href":"https:\/\/fonsvinum.com\/de\/wp-json\/wp\/v2\/product\/5938","targetHints":{"allow":["GET"]}}],"collection":[{"href":"https:\/\/fonsvinum.com\/de\/wp-json\/wp\/v2\/product"}],"about":[{"href":"https:\/\/fonsvinum.com\/de\/wp-json\/wp\/v2\/types\/product"}],"replies":[{"embeddable":true,"href":"https:\/\/fonsvinum.com\/de\/wp-json\/wp\/v2\/comments?post=5938"}],"wp:featuredmedia":[{"embeddable":true,"href":"https:\/\/fonsvinum.com\/de\/wp-json\/wp\/v2\/media\/5940"}],"wp:attachment":[{"href":"https:\/\/fonsvinum.com\/de\/wp-json\/wp\/v2\/media?parent=5938"}],"wp:term":[{"taxonomy":"product_brand","embeddable":true,"href":"https:\/\/fonsvinum.com\/de\/wp-json\/wp\/v2\/product_brand?post=5938"},{"taxonomy":"product_cat","embeddable":true,"href":"https:\/\/fonsvinum.com\/de\/wp-json\/wp\/v2\/product_cat?post=5938"},{"taxonomy":"product_tag","embeddable":true,"href":"https:\/\/fonsvinum.com\/de\/wp-json\/wp\/v2\/product_tag?post=5938"}],"curies":[{"name":"wp","href":"https:\/\/api.w.org\/{rel}","templated":true}]}}