{"id":5860,"date":"2015-11-03T14:43:19","date_gmt":"2015-11-03T13:43:19","guid":{"rendered":"http:\/\/fonsvinum.com\/product\/barbaresco-valeirano-la-spinetta-2008-2\/"},"modified":"2019-10-23T15:40:35","modified_gmt":"2019-10-23T13:40:35","slug":"barbaresco-valeirano-la-spinetta-2008-2","status":"publish","type":"product","link":"https:\/\/fonsvinum.com\/de\/produkt\/barbaresco-valeirano-la-spinetta-2008-2\/","title":{"rendered":"Barbaresco Valeirano LA SPINETTA 2008"},"content":{"rendered":"<p>Barbaresco Valeirano LA SPINETTA 2008<\/p>\n<p>Ab dem Jahrgang 1997 gibt es den Cru-Lagen Barbaresco Valeirano.\u00a0Hier handelt es sich um die vielleicht beste Barbaresco Lage \u00fcberhaupt.\u00a0<\/p>\n<p>Die Lage Valeirano befindet sich bei Treiso.<\/p>\n<p>Der Wein zeigt eine nie dagewesene Tiefe, Komplexit\u00e4t und Finesse.\u00a0<\/p>\n<p>Farbe: dunkles, intensives Rubin<\/p>\n<p>Duft: reich und intensiv, verschwenderisches Bukett: Vanille Kokosnu\u00df und Backpflaumen. Sollte dekantiert werden.<\/p>\n<p>Geschmack: grossartige Struktur, rassige S\u00e4ure, weiche und s\u00fc\u00dfe Tannine, sehr fruchtig. Gro\u00dfer Wein<\/p>\n<p>100% Nebbiolo<\/p>\n","protected":false},"excerpt":{"rendered":"<p>Barbaresco Valeirano LA SPINETTA 2008 Ab dem Jahrgang 1997 gibt es den Cru-Lagen Barbaresco Valeirano.\u00a0Hier handelt es sich um die vielleicht beste Barbaresco Lage \u00fcberhaupt.\u00a0 Die Lage Valeirano befindet sich bei Treiso. Der Wein zeigt eine nie dagewesene Tiefe, Komplexit\u00e4t und Finesse.\u00a0 Farbe: dunkles, intensives Rubin Duft: reich und intensiv, verschwenderisches Bukett: Vanille Kokosnu\u00df und [&hellip;]<\/p>\n","protected":false},"featured_media":5856,"comment_status":"open","ping_status":"closed","template":"","meta":{"_acf_changed":false,"_monsterinsights_skip_tracking":false,"_monsterinsights_sitenote_active":false,"_monsterinsights_sitenote_note":"","_monsterinsights_sitenote_category":0},"product_brand":[],"product_cat":[1773],"product_tag":[],"class_list":{"0":"post-5860","1":"product","2":"type-product","3":"status-publish","4":"has-post-thumbnail","6":"product_cat-barbaresco-de","7":"pa_appellation-barbaresco-docg-de","8":"pa_formato-0-75-l-flasche-de","9":"pa_producer-la-spinetta-de","10":"pa_region-piemont-de","11":"pa_vine-100-nebbiolo-de","12":"pa_vintage-2008-de","14":"first","15":"instock","16":"sale","17":"taxable","18":"shipping-taxable","19":"purchasable","20":"product-type-simple"},"bundled_by":[],"bundle_stock_status":"instock","bundle_stock_quantity":1,"bundle_virtual":false,"bundle_layout":"","bundle_add_to_cart_form_location":"","bundle_editable_in_cart":false,"bundle_sold_individually_context":"","bundle_item_grouping":"","bundle_min_size":"","bundle_max_size":"","bundle_price":[],"bundled_items":[],"bundle_sell_ids":[],"yoast_head":"<!-- This site is optimized with the Yoast SEO plugin v27.3 - https:\/\/yoast.com\/product\/yoast-seo-wordpress\/ -->\n<title>Buy Barbaresco Valeirano LA SPINETTA 2008 wine online at 219 \u20ac | FonsVinum<\/title>\n<meta name=\"robots\" content=\"index, follow, max-snippet:-1, max-image-preview:large, max-video-preview:-1\" \/>\n<link rel=\"canonical\" href=\"https:\/\/fonsvinum.com\/de\/produkt\/barbaresco-valeirano-la-spinetta-2008-2\/\" \/>\n<meta property=\"og:locale\" content=\"de_DE\" \/>\n<meta property=\"og:type\" content=\"article\" \/>\n<meta property=\"og:title\" content=\"Buy Barbaresco Valeirano LA SPINETTA 2008 wine online at 219 \u20ac | FonsVinum\" \/>\n<meta property=\"og:description\" content=\"Barbaresco Valeirano LA SPINETTA 2008 Ab dem Jahrgang 1997 gibt es den Cru-Lagen Barbaresco Valeirano.\u00a0Hier handelt es sich um die vielleicht beste Barbaresco Lage \u00fcberhaupt.\u00a0 Die Lage Valeirano befindet sich bei Treiso. Der Wein zeigt eine nie dagewesene Tiefe, Komplexit\u00e4t und Finesse.\u00a0 Farbe: dunkles, intensives Rubin Duft: reich und intensiv, verschwenderisches Bukett: Vanille Kokosnu\u00df und [&hellip;]\" \/>\n<meta property=\"og:url\" content=\"https:\/\/fonsvinum.com\/de\/produkt\/barbaresco-valeirano-la-spinetta-2008-2\/\" \/>\n<meta property=\"og:site_name\" content=\"Fons Vinum\" \/>\n<meta property=\"article:modified_time\" content=\"2019-10-23T13:40:35+00:00\" \/>\n<meta property=\"og:image\" content=\"https:\/\/fonsvinum.com\/files\/2013\/04\/barbaresco-valeirano-la-spinetta.jpg\" \/>\n\t<meta property=\"og:image:width\" content=\"163\" \/>\n\t<meta property=\"og:image:height\" content=\"546\" \/>\n\t<meta property=\"og:image:type\" content=\"image\/jpeg\" \/>\n<script type=\"application\/ld+json\" class=\"yoast-schema-graph\">{\"@context\":\"https:\\\/\\\/schema.org\",\"@graph\":[{\"@type\":\"WebPage\",\"@id\":\"https:\\\/\\\/fonsvinum.com\\\/de\\\/produkt\\\/barbaresco-valeirano-la-spinetta-2008-2\\\/\",\"url\":\"https:\\\/\\\/fonsvinum.com\\\/de\\\/produkt\\\/barbaresco-valeirano-la-spinetta-2008-2\\\/\",\"name\":\"Buy Barbaresco Valeirano LA SPINETTA 2008 wine online at 219 \u20ac | FonsVinum\",\"isPartOf\":{\"@id\":\"https:\\\/\\\/fonsvinum.com\\\/en\\\/#website\"},\"primaryImageOfPage\":{\"@id\":\"https:\\\/\\\/fonsvinum.com\\\/de\\\/produkt\\\/barbaresco-valeirano-la-spinetta-2008-2\\\/#primaryimage\"},\"image\":{\"@id\":\"https:\\\/\\\/fonsvinum.com\\\/de\\\/produkt\\\/barbaresco-valeirano-la-spinetta-2008-2\\\/#primaryimage\"},\"thumbnailUrl\":\"https:\\\/\\\/fonsvinum.com\\\/files\\\/2013\\\/04\\\/barbaresco-valeirano-la-spinetta.jpg\",\"datePublished\":\"2015-11-03T13:43:19+00:00\",\"dateModified\":\"2019-10-23T13:40:35+00:00\",\"breadcrumb\":{\"@id\":\"https:\\\/\\\/fonsvinum.com\\\/de\\\/produkt\\\/barbaresco-valeirano-la-spinetta-2008-2\\\/#breadcrumb\"},\"inLanguage\":\"de\",\"potentialAction\":[{\"@type\":\"ReadAction\",\"target\":[\"https:\\\/\\\/fonsvinum.com\\\/de\\\/produkt\\\/barbaresco-valeirano-la-spinetta-2008-2\\\/\"]}]},{\"@type\":\"ImageObject\",\"inLanguage\":\"de\",\"@id\":\"https:\\\/\\\/fonsvinum.com\\\/de\\\/produkt\\\/barbaresco-valeirano-la-spinetta-2008-2\\\/#primaryimage\",\"url\":\"https:\\\/\\\/fonsvinum.com\\\/files\\\/2013\\\/04\\\/barbaresco-valeirano-la-spinetta.jpg\",\"contentUrl\":\"https:\\\/\\\/fonsvinum.com\\\/files\\\/2013\\\/04\\\/barbaresco-valeirano-la-spinetta.jpg\",\"width\":163,\"height\":546},{\"@type\":\"BreadcrumbList\",\"@id\":\"https:\\\/\\\/fonsvinum.com\\\/de\\\/produkt\\\/barbaresco-valeirano-la-spinetta-2008-2\\\/#breadcrumb\",\"itemListElement\":[{\"@type\":\"ListItem\",\"position\":1,\"name\":\"Startseite\",\"item\":\"https:\\\/\\\/fonsvinum.com\\\/de\\\/\"},{\"@type\":\"ListItem\",\"position\":2,\"name\":\"Shop\",\"item\":\"https:\\\/\\\/fonsvinum.com\\\/de\\\/shop\\\/\"},{\"@type\":\"ListItem\",\"position\":3,\"name\":\"Barbaresco Valeirano LA SPINETTA 2008\"}]},{\"@type\":\"WebSite\",\"@id\":\"https:\\\/\\\/fonsvinum.com\\\/en\\\/#website\",\"url\":\"https:\\\/\\\/fonsvinum.com\\\/en\\\/\",\"name\":\"Fons Vinum\",\"description\":\"Vendita Vino Online\",\"publisher\":{\"@id\":\"https:\\\/\\\/fonsvinum.com\\\/en\\\/#organization\"},\"potentialAction\":[{\"@type\":\"SearchAction\",\"target\":{\"@type\":\"EntryPoint\",\"urlTemplate\":\"https:\\\/\\\/fonsvinum.com\\\/en\\\/?s={search_term_string}\"},\"query-input\":{\"@type\":\"PropertyValueSpecification\",\"valueRequired\":true,\"valueName\":\"search_term_string\"}}],\"inLanguage\":\"de\"},{\"@type\":\"Organization\",\"@id\":\"https:\\\/\\\/fonsvinum.com\\\/en\\\/#organization\",\"name\":\"Fons Vinum\",\"url\":\"https:\\\/\\\/fonsvinum.com\\\/en\\\/\",\"logo\":{\"@type\":\"ImageObject\",\"inLanguage\":\"de\",\"@id\":\"https:\\\/\\\/fonsvinum.com\\\/en\\\/#\\\/schema\\\/logo\\\/image\\\/\",\"url\":\"\",\"contentUrl\":\"\",\"caption\":\"Fons Vinum\"},\"image\":{\"@id\":\"https:\\\/\\\/fonsvinum.com\\\/en\\\/#\\\/schema\\\/logo\\\/image\\\/\"}}]}<\/script>\n<!-- \/ Yoast SEO plugin. -->","yoast_head_json":{"title":"Buy Barbaresco Valeirano LA SPINETTA 2008 wine online at 219 \u20ac | FonsVinum","robots":{"index":"index","follow":"follow","max-snippet":"max-snippet:-1","max-image-preview":"max-image-preview:large","max-video-preview":"max-video-preview:-1"},"canonical":"https:\/\/fonsvinum.com\/de\/produkt\/barbaresco-valeirano-la-spinetta-2008-2\/","og_locale":"de_DE","og_type":"article","og_title":"Buy Barbaresco Valeirano LA SPINETTA 2008 wine online at 219 \u20ac | FonsVinum","og_description":"Barbaresco Valeirano LA SPINETTA 2008 Ab dem Jahrgang 1997 gibt es den Cru-Lagen Barbaresco Valeirano.\u00a0Hier handelt es sich um die vielleicht beste Barbaresco Lage \u00fcberhaupt.\u00a0 Die Lage Valeirano befindet sich bei Treiso. Der Wein zeigt eine nie dagewesene Tiefe, Komplexit\u00e4t und Finesse.\u00a0 Farbe: dunkles, intensives Rubin Duft: reich und intensiv, verschwenderisches Bukett: Vanille Kokosnu\u00df und [&hellip;]","og_url":"https:\/\/fonsvinum.com\/de\/produkt\/barbaresco-valeirano-la-spinetta-2008-2\/","og_site_name":"Fons Vinum","article_modified_time":"2019-10-23T13:40:35+00:00","og_image":[{"width":163,"height":546,"url":"https:\/\/fonsvinum.com\/files\/2013\/04\/barbaresco-valeirano-la-spinetta.jpg","type":"image\/jpeg"}],"schema":{"@context":"https:\/\/schema.org","@graph":[{"@type":"WebPage","@id":"https:\/\/fonsvinum.com\/de\/produkt\/barbaresco-valeirano-la-spinetta-2008-2\/","url":"https:\/\/fonsvinum.com\/de\/produkt\/barbaresco-valeirano-la-spinetta-2008-2\/","name":"Buy Barbaresco Valeirano LA SPINETTA 2008 wine online at 219 \u20ac | FonsVinum","isPartOf":{"@id":"https:\/\/fonsvinum.com\/en\/#website"},"primaryImageOfPage":{"@id":"https:\/\/fonsvinum.com\/de\/produkt\/barbaresco-valeirano-la-spinetta-2008-2\/#primaryimage"},"image":{"@id":"https:\/\/fonsvinum.com\/de\/produkt\/barbaresco-valeirano-la-spinetta-2008-2\/#primaryimage"},"thumbnailUrl":"https:\/\/fonsvinum.com\/files\/2013\/04\/barbaresco-valeirano-la-spinetta.jpg","datePublished":"2015-11-03T13:43:19+00:00","dateModified":"2019-10-23T13:40:35+00:00","breadcrumb":{"@id":"https:\/\/fonsvinum.com\/de\/produkt\/barbaresco-valeirano-la-spinetta-2008-2\/#breadcrumb"},"inLanguage":"de","potentialAction":[{"@type":"ReadAction","target":["https:\/\/fonsvinum.com\/de\/produkt\/barbaresco-valeirano-la-spinetta-2008-2\/"]}]},{"@type":"ImageObject","inLanguage":"de","@id":"https:\/\/fonsvinum.com\/de\/produkt\/barbaresco-valeirano-la-spinetta-2008-2\/#primaryimage","url":"https:\/\/fonsvinum.com\/files\/2013\/04\/barbaresco-valeirano-la-spinetta.jpg","contentUrl":"https:\/\/fonsvinum.com\/files\/2013\/04\/barbaresco-valeirano-la-spinetta.jpg","width":163,"height":546},{"@type":"BreadcrumbList","@id":"https:\/\/fonsvinum.com\/de\/produkt\/barbaresco-valeirano-la-spinetta-2008-2\/#breadcrumb","itemListElement":[{"@type":"ListItem","position":1,"name":"Startseite","item":"https:\/\/fonsvinum.com\/de\/"},{"@type":"ListItem","position":2,"name":"Shop","item":"https:\/\/fonsvinum.com\/de\/shop\/"},{"@type":"ListItem","position":3,"name":"Barbaresco Valeirano LA SPINETTA 2008"}]},{"@type":"WebSite","@id":"https:\/\/fonsvinum.com\/en\/#website","url":"https:\/\/fonsvinum.com\/en\/","name":"Fons Vinum","description":"Vendita Vino Online","publisher":{"@id":"https:\/\/fonsvinum.com\/en\/#organization"},"potentialAction":[{"@type":"SearchAction","target":{"@type":"EntryPoint","urlTemplate":"https:\/\/fonsvinum.com\/en\/?s={search_term_string}"},"query-input":{"@type":"PropertyValueSpecification","valueRequired":true,"valueName":"search_term_string"}}],"inLanguage":"de"},{"@type":"Organization","@id":"https:\/\/fonsvinum.com\/en\/#organization","name":"Fons Vinum","url":"https:\/\/fonsvinum.com\/en\/","logo":{"@type":"ImageObject","inLanguage":"de","@id":"https:\/\/fonsvinum.com\/en\/#\/schema\/logo\/image\/","url":"","contentUrl":"","caption":"Fons Vinum"},"image":{"@id":"https:\/\/fonsvinum.com\/en\/#\/schema\/logo\/image\/"}}]}},"acf":[],"_links":{"self":[{"href":"https:\/\/fonsvinum.com\/de\/wp-json\/wp\/v2\/product\/5860","targetHints":{"allow":["GET"]}}],"collection":[{"href":"https:\/\/fonsvinum.com\/de\/wp-json\/wp\/v2\/product"}],"about":[{"href":"https:\/\/fonsvinum.com\/de\/wp-json\/wp\/v2\/types\/product"}],"replies":[{"embeddable":true,"href":"https:\/\/fonsvinum.com\/de\/wp-json\/wp\/v2\/comments?post=5860"}],"wp:featuredmedia":[{"embeddable":true,"href":"https:\/\/fonsvinum.com\/de\/wp-json\/wp\/v2\/media\/5856"}],"wp:attachment":[{"href":"https:\/\/fonsvinum.com\/de\/wp-json\/wp\/v2\/media?parent=5860"}],"wp:term":[{"taxonomy":"product_brand","embeddable":true,"href":"https:\/\/fonsvinum.com\/de\/wp-json\/wp\/v2\/product_brand?post=5860"},{"taxonomy":"product_cat","embeddable":true,"href":"https:\/\/fonsvinum.com\/de\/wp-json\/wp\/v2\/product_cat?post=5860"},{"taxonomy":"product_tag","embeddable":true,"href":"https:\/\/fonsvinum.com\/de\/wp-json\/wp\/v2\/product_tag?post=5860"}],"curies":[{"name":"wp","href":"https:\/\/api.w.org\/{rel}","templated":true}]}}