{"id":5850,"date":"2013-04-25T16:31:05","date_gmt":"2013-04-25T14:31:05","guid":{"rendered":"http:\/\/fonsvinum.com\/product\/barbera-dalba-gallina-la-spinetta-2\/"},"modified":"2025-06-03T19:44:57","modified_gmt":"2025-06-03T17:44:57","slug":"barbera-dalba-gallina-la-spinetta","status":"publish","type":"product","link":"https:\/\/fonsvinum.com\/de\/produkt\/barbera-dalba-gallina-la-spinetta\/","title":{"rendered":"Barbera d&#8217;Alba Gallina LA SPINETTA 2018"},"content":{"rendered":"<p>Der Barbera Gallina von La Spinetta wird aus 100% Barbera Trauben gekeltert.<\/p>\n<p>Er ist von rubinroter Farbe. Sein Bouquet erinnert an reife rote Fr\u00fcchte, Pfeffer, schwarze Kirschen und Schokolade.<\/p>\n<p>Am Gaumen ist er intensiv, k\u00f6rperreich, mit gro\u00dfer S\u00e4ure.<\/p>\n","protected":false},"excerpt":{"rendered":"<p>Der Barbera Gallina von La Spinetta wird aus 100% Barbera Trauben gekeltert. Er ist von rubinroter Farbe. Sein Bouquet erinnert an reife rote Fr\u00fcchte, Pfeffer, schwarze Kirschen und Schokolade. Am Gaumen ist er intensiv, k\u00f6rperreich, mit gro\u00dfer S\u00e4ure.<\/p>\n","protected":false},"featured_media":5852,"comment_status":"open","ping_status":"closed","template":"","meta":{"_acf_changed":false,"_monsterinsights_skip_tracking":false,"_monsterinsights_sitenote_active":false,"_monsterinsights_sitenote_note":"","_monsterinsights_sitenote_category":0},"product_brand":[],"product_cat":[2170],"product_tag":[],"class_list":{"0":"post-5850","1":"product","2":"type-product","3":"status-publish","4":"has-post-thumbnail","6":"product_cat-barbera-de","7":"pa_appellation-barbera-dalba-doc-de","8":"pa_formato-0-75-l-flasche-de","9":"pa_producer-la-spinetta-de","10":"pa_region-piemont-de","11":"pa_vine-100-barbera-de","13":"first","14":"outofstock","15":"taxable","16":"shipping-taxable","17":"purchasable","18":"product-type-simple"},"bundled_by":[],"bundle_stock_status":"outofstock","bundle_stock_quantity":0,"bundle_virtual":false,"bundle_layout":"","bundle_add_to_cart_form_location":"","bundle_editable_in_cart":false,"bundle_sold_individually_context":"","bundle_item_grouping":"","bundle_min_size":"","bundle_max_size":"","bundle_price":[],"bundled_items":[],"bundle_sell_ids":[],"yoast_head":"<!-- This site is optimized with the Yoast SEO plugin v27.2 - https:\/\/yoast.com\/product\/yoast-seo-wordpress\/ -->\n<title>Buy Barbera d&#039;Alba Gallina LA SPINETTA 2018<\/title>\n<meta name=\"description\" content=\"Barbera d&#039;Alba Gallina LA SPINETTA 2018\" \/>\n<meta name=\"robots\" content=\"index, follow, max-snippet:-1, max-image-preview:large, max-video-preview:-1\" \/>\n<link rel=\"canonical\" href=\"https:\/\/fonsvinum.com\/de\/produkt\/barbera-dalba-gallina-la-spinetta\/\" \/>\n<meta property=\"og:locale\" content=\"de_DE\" \/>\n<meta property=\"og:type\" content=\"article\" \/>\n<meta property=\"og:title\" content=\"Buy Barbera d&#039;Alba Gallina LA SPINETTA 2018\" \/>\n<meta property=\"og:description\" content=\"Barbera d&#039;Alba Gallina LA SPINETTA 2018\" \/>\n<meta property=\"og:url\" content=\"https:\/\/fonsvinum.com\/de\/produkt\/barbera-dalba-gallina-la-spinetta\/\" \/>\n<meta property=\"og:site_name\" content=\"Fons Vinum\" \/>\n<meta property=\"article:modified_time\" content=\"2025-06-03T17:44:57+00:00\" \/>\n<meta property=\"og:image\" content=\"https:\/\/fonsvinum.com\/files\/2013\/04\/barbera-d-alba-gallina-la-spinetta.png\" \/>\n\t<meta property=\"og:image:width\" content=\"185\" \/>\n\t<meta property=\"og:image:height\" content=\"700\" \/>\n\t<meta property=\"og:image:type\" content=\"image\/png\" \/>\n<meta name=\"twitter:label1\" content=\"Gesch\u00e4tzte Lesezeit\" \/>\n\t<meta name=\"twitter:data1\" content=\"1\u00a0Minute\" \/>\n<script type=\"application\/ld+json\" class=\"yoast-schema-graph\">{\"@context\":\"https:\/\/schema.org\",\"@graph\":[{\"@type\":\"WebPage\",\"@id\":\"https:\/\/fonsvinum.com\/de\/produkt\/barbera-dalba-gallina-la-spinetta\/\",\"url\":\"https:\/\/fonsvinum.com\/de\/produkt\/barbera-dalba-gallina-la-spinetta\/\",\"name\":\"Buy Barbera d'Alba Gallina LA SPINETTA 2018\",\"isPartOf\":{\"@id\":\"https:\/\/fonsvinum.com\/en\/#website\"},\"primaryImageOfPage\":{\"@id\":\"https:\/\/fonsvinum.com\/de\/produkt\/barbera-dalba-gallina-la-spinetta\/#primaryimage\"},\"image\":{\"@id\":\"https:\/\/fonsvinum.com\/de\/produkt\/barbera-dalba-gallina-la-spinetta\/#primaryimage\"},\"thumbnailUrl\":\"https:\/\/fonsvinum.com\/files\/2013\/04\/barbera-d-alba-gallina-la-spinetta.png\",\"datePublished\":\"2013-04-25T14:31:05+00:00\",\"dateModified\":\"2025-06-03T17:44:57+00:00\",\"description\":\"Barbera d'Alba Gallina LA SPINETTA 2018\",\"breadcrumb\":{\"@id\":\"https:\/\/fonsvinum.com\/de\/produkt\/barbera-dalba-gallina-la-spinetta\/#breadcrumb\"},\"inLanguage\":\"de\",\"potentialAction\":[{\"@type\":\"ReadAction\",\"target\":[\"https:\/\/fonsvinum.com\/de\/produkt\/barbera-dalba-gallina-la-spinetta\/\"]}]},{\"@type\":\"ImageObject\",\"inLanguage\":\"de\",\"@id\":\"https:\/\/fonsvinum.com\/de\/produkt\/barbera-dalba-gallina-la-spinetta\/#primaryimage\",\"url\":\"https:\/\/fonsvinum.com\/files\/2013\/04\/barbera-d-alba-gallina-la-spinetta.png\",\"contentUrl\":\"https:\/\/fonsvinum.com\/files\/2013\/04\/barbera-d-alba-gallina-la-spinetta.png\",\"width\":185,\"height\":700},{\"@type\":\"BreadcrumbList\",\"@id\":\"https:\/\/fonsvinum.com\/de\/produkt\/barbera-dalba-gallina-la-spinetta\/#breadcrumb\",\"itemListElement\":[{\"@type\":\"ListItem\",\"position\":1,\"name\":\"Startseite\",\"item\":\"https:\/\/fonsvinum.com\/de\/\"},{\"@type\":\"ListItem\",\"position\":2,\"name\":\"Shop\",\"item\":\"https:\/\/fonsvinum.com\/de\/shop\/\"},{\"@type\":\"ListItem\",\"position\":3,\"name\":\"Barbera d&#8217;Alba Gallina LA SPINETTA 2018\"}]},{\"@type\":\"WebSite\",\"@id\":\"https:\/\/fonsvinum.com\/en\/#website\",\"url\":\"https:\/\/fonsvinum.com\/en\/\",\"name\":\"Fons Vinum\",\"description\":\"Vendita Vino Online\",\"publisher\":{\"@id\":\"https:\/\/fonsvinum.com\/en\/#organization\"},\"potentialAction\":[{\"@type\":\"SearchAction\",\"target\":{\"@type\":\"EntryPoint\",\"urlTemplate\":\"https:\/\/fonsvinum.com\/en\/?s={search_term_string}\"},\"query-input\":{\"@type\":\"PropertyValueSpecification\",\"valueRequired\":true,\"valueName\":\"search_term_string\"}}],\"inLanguage\":\"de\"},{\"@type\":\"Organization\",\"@id\":\"https:\/\/fonsvinum.com\/en\/#organization\",\"name\":\"Fons Vinum\",\"url\":\"https:\/\/fonsvinum.com\/en\/\",\"logo\":{\"@type\":\"ImageObject\",\"inLanguage\":\"de\",\"@id\":\"https:\/\/fonsvinum.com\/en\/#\/schema\/logo\/image\/\",\"url\":\"\",\"contentUrl\":\"\",\"caption\":\"Fons Vinum\"},\"image\":{\"@id\":\"https:\/\/fonsvinum.com\/en\/#\/schema\/logo\/image\/\"}}]}<\/script>\n<!-- \/ Yoast SEO plugin. -->","yoast_head_json":{"title":"Buy Barbera d'Alba Gallina LA SPINETTA 2018","description":"Barbera d'Alba Gallina LA SPINETTA 2018","robots":{"index":"index","follow":"follow","max-snippet":"max-snippet:-1","max-image-preview":"max-image-preview:large","max-video-preview":"max-video-preview:-1"},"canonical":"https:\/\/fonsvinum.com\/de\/produkt\/barbera-dalba-gallina-la-spinetta\/","og_locale":"de_DE","og_type":"article","og_title":"Buy Barbera d'Alba Gallina LA SPINETTA 2018","og_description":"Barbera d'Alba Gallina LA SPINETTA 2018","og_url":"https:\/\/fonsvinum.com\/de\/produkt\/barbera-dalba-gallina-la-spinetta\/","og_site_name":"Fons Vinum","article_modified_time":"2025-06-03T17:44:57+00:00","og_image":[{"width":185,"height":700,"url":"https:\/\/fonsvinum.com\/files\/2013\/04\/barbera-d-alba-gallina-la-spinetta.png","type":"image\/png"}],"twitter_misc":{"Gesch\u00e4tzte Lesezeit":"1\u00a0Minute"},"schema":{"@context":"https:\/\/schema.org","@graph":[{"@type":"WebPage","@id":"https:\/\/fonsvinum.com\/de\/produkt\/barbera-dalba-gallina-la-spinetta\/","url":"https:\/\/fonsvinum.com\/de\/produkt\/barbera-dalba-gallina-la-spinetta\/","name":"Buy Barbera d'Alba Gallina LA SPINETTA 2018","isPartOf":{"@id":"https:\/\/fonsvinum.com\/en\/#website"},"primaryImageOfPage":{"@id":"https:\/\/fonsvinum.com\/de\/produkt\/barbera-dalba-gallina-la-spinetta\/#primaryimage"},"image":{"@id":"https:\/\/fonsvinum.com\/de\/produkt\/barbera-dalba-gallina-la-spinetta\/#primaryimage"},"thumbnailUrl":"https:\/\/fonsvinum.com\/files\/2013\/04\/barbera-d-alba-gallina-la-spinetta.png","datePublished":"2013-04-25T14:31:05+00:00","dateModified":"2025-06-03T17:44:57+00:00","description":"Barbera d'Alba Gallina LA SPINETTA 2018","breadcrumb":{"@id":"https:\/\/fonsvinum.com\/de\/produkt\/barbera-dalba-gallina-la-spinetta\/#breadcrumb"},"inLanguage":"de","potentialAction":[{"@type":"ReadAction","target":["https:\/\/fonsvinum.com\/de\/produkt\/barbera-dalba-gallina-la-spinetta\/"]}]},{"@type":"ImageObject","inLanguage":"de","@id":"https:\/\/fonsvinum.com\/de\/produkt\/barbera-dalba-gallina-la-spinetta\/#primaryimage","url":"https:\/\/fonsvinum.com\/files\/2013\/04\/barbera-d-alba-gallina-la-spinetta.png","contentUrl":"https:\/\/fonsvinum.com\/files\/2013\/04\/barbera-d-alba-gallina-la-spinetta.png","width":185,"height":700},{"@type":"BreadcrumbList","@id":"https:\/\/fonsvinum.com\/de\/produkt\/barbera-dalba-gallina-la-spinetta\/#breadcrumb","itemListElement":[{"@type":"ListItem","position":1,"name":"Startseite","item":"https:\/\/fonsvinum.com\/de\/"},{"@type":"ListItem","position":2,"name":"Shop","item":"https:\/\/fonsvinum.com\/de\/shop\/"},{"@type":"ListItem","position":3,"name":"Barbera d&#8217;Alba Gallina LA SPINETTA 2018"}]},{"@type":"WebSite","@id":"https:\/\/fonsvinum.com\/en\/#website","url":"https:\/\/fonsvinum.com\/en\/","name":"Fons Vinum","description":"Vendita Vino Online","publisher":{"@id":"https:\/\/fonsvinum.com\/en\/#organization"},"potentialAction":[{"@type":"SearchAction","target":{"@type":"EntryPoint","urlTemplate":"https:\/\/fonsvinum.com\/en\/?s={search_term_string}"},"query-input":{"@type":"PropertyValueSpecification","valueRequired":true,"valueName":"search_term_string"}}],"inLanguage":"de"},{"@type":"Organization","@id":"https:\/\/fonsvinum.com\/en\/#organization","name":"Fons Vinum","url":"https:\/\/fonsvinum.com\/en\/","logo":{"@type":"ImageObject","inLanguage":"de","@id":"https:\/\/fonsvinum.com\/en\/#\/schema\/logo\/image\/","url":"","contentUrl":"","caption":"Fons Vinum"},"image":{"@id":"https:\/\/fonsvinum.com\/en\/#\/schema\/logo\/image\/"}}]}},"acf":[],"_links":{"self":[{"href":"https:\/\/fonsvinum.com\/de\/wp-json\/wp\/v2\/product\/5850","targetHints":{"allow":["GET"]}}],"collection":[{"href":"https:\/\/fonsvinum.com\/de\/wp-json\/wp\/v2\/product"}],"about":[{"href":"https:\/\/fonsvinum.com\/de\/wp-json\/wp\/v2\/types\/product"}],"replies":[{"embeddable":true,"href":"https:\/\/fonsvinum.com\/de\/wp-json\/wp\/v2\/comments?post=5850"}],"wp:featuredmedia":[{"embeddable":true,"href":"https:\/\/fonsvinum.com\/de\/wp-json\/wp\/v2\/media\/5852"}],"wp:attachment":[{"href":"https:\/\/fonsvinum.com\/de\/wp-json\/wp\/v2\/media?parent=5850"}],"wp:term":[{"taxonomy":"product_brand","embeddable":true,"href":"https:\/\/fonsvinum.com\/de\/wp-json\/wp\/v2\/product_brand?post=5850"},{"taxonomy":"product_cat","embeddable":true,"href":"https:\/\/fonsvinum.com\/de\/wp-json\/wp\/v2\/product_cat?post=5850"},{"taxonomy":"product_tag","embeddable":true,"href":"https:\/\/fonsvinum.com\/de\/wp-json\/wp\/v2\/product_tag?post=5850"}],"curies":[{"name":"wp","href":"https:\/\/api.w.org\/{rel}","templated":true}]}}